{"id":5269,"date":"2016-07-20T23:51:56","date_gmt":"2016-07-20T23:51:56","guid":{"rendered":"http:\/\/estrellaaesthetics.com\/es\/?page_id=5269"},"modified":"2022-04-05T10:51:43","modified_gmt":"2022-04-05T17:51:43","slug":"procedimientos-sin-cirugia","status":"publish","type":"page","link":"https:\/\/estrellaaesthetics.com\/es\/procedimientos-sin-cirugia","title":{"rendered":"Procedimientos Sin Cirug\u00eda"},"content":{"rendered":"<h1>Procedimientos no quirurgicos por Ray Khan, MD en Corona, California<\/h1>\n<h3>Rahil Khan, M.D.<br>Estrella Aesthetics & Surgical Arts<br>Corona, California<\/h3>\n<p>Los l\u00e1seres y otros tratamientos no quir\u00fargicos son procedimientos populares, y a menudo efectivos para las personas con signos de envejecimiento y que no est\u00e1n listas para la cirug\u00eda est\u00e9tica. Conoce todos los tratamientos no invasivos para la piel y el cuerpo, ofrecidos por Estrella Aesthetics &amp; Surgical Arts y realizados por nuestro <a title=\"Estrella Aesthetic team\" href=\"\/es\/quienes-somos\/nuestro-equipo\" target=\"_blank\" rel=\"noopener noreferrer\">equipo estelar de cirug\u00eda cosm\u00e9tica<\/a>:<\/p>\n<h2>Contorno Corporal y la Remoci\u00f3n de Grasa<\/h2>\n<ol>\n<li>Contorno Corporal con las Ondas Z PRO Radiales con Tecnolog\u00eda de Pulsos (Tratamientos para Celulitis No invasivo)<\/li>\n<li>Otros Tratamientos para la Celulitis<\/li>\n<li>Tite FX<\/li>\n<li>VASERshape<\/li>\n<li>Endermologie<\/li>\n<li>Velashape III<\/li>\n<\/ol>\n<p>Conoce m\u00e1s acerca de <a href=\"\/es\/procedimientos-corporales-no-invasivos\/\" target=\"_blank\" rel=\"noopener noreferrer\">Contorno Corporal y los procedimientos de Remoci\u00f3n de Grasas<\/a> <\/p>\n<h2>Procedimientos para la Piel No invasivos<\/h2>\n<ul>\n<li>Combinaci\u00f3n de rejuvenecimiento de la piel Combinado (Trinity Skin Series)<\/li>\n<li>Punci\u00f3n D\u00e9rmica (MicroPen)<\/li>\n<li>Procedimientos para mejorar la pigmentaci\u00f3n<\/li>\n<li><a href=\"\/es\/tratamientos-dermicos-no-invasivos\/estiramiento-de-la-piel\" target=\"_blank\" rel=\"noopener noreferrer\">Estiramiento de la piel<\/a><\/li>\n<li>Vampire Facelift \u2013 Levantamiento facial tipo Vampiro (Ageless Lift), utilizando plasma rico en plaquetas<\/li>\n<li>Vampire Facial \u2013 <a href=\"\/es\/tratamientos-dermicos-no-invasivos\/vampire-facelift\" target=\"_blank\" rel=\"noopener noreferrer\">Levantamiento facial tipo Vamprio (Ageless Facial)<\/a> utilizando plasma rico en plaquetas<\/li>\n<li><a href=\"\/es\/tratamiento-venas-varicosas\" target=\"_blank\" rel=\"noopener noreferrer\">Terapia para las venas<\/a><\/li>\n<li>Tratamiento para las arrugas<\/li>\n<\/ul>\n<p>Conoce m\u00e1s acerca de los <a href=\"\/es\/procedimientos-no-invasivos\" target=\"_blank\" rel=\"noopener noreferrer\">Procedimientos para la Piel No invasivos<\/a><\/p>\n<address>\n<h3>Estrella Aesthetics &#038; Surgical Arts<\/h3>\n<p> 2550 Tuscany St. Suite 103<br \/>\nCorona, CA 92881<br \/>\n<abbr title='Phone'>P:<\/abbr> <strong><a href=\"tel:+19513561207\" onclick=\"sendEventToGoogle('Content', '\/es\/wp-json\/wp\/v2\/pages\/5269', '+19513561207');\">(951) 356-1207<\/a><\/strong><\/p>\n<\/address>\n<h2>Horario de Atenci\u00f3n<\/h2>\r\n<h5>Lunes a Viernes: 10.00am a 7.00pm<\/h5>\r\n<h5>S\u00e1bado: 10.00am a 5.00pm<\/h5>\r\n<h5>Domingos Cerrados<\/h5>\n","protected":false},"excerpt":{"rendered":"<p>Procedimientos no quirurgicos por Ray Khan, MD en Corona, California Los l\u00e1seres y otros tratamientos no quir\u00fargicos son procedimientos populares, y a menudo efectivos para las personas con signos de envejecimiento y que no est\u00e1n listas para la cirug\u00eda est\u00e9tica. Conoce todos los tratamientos no invasivos para la piel y el cuerpo, ofrecidos por Estrella&#8230; <a class=\"more-link\" href=\"https:\/\/estrellaaesthetics.com\/es\/procedimientos-sin-cirugia\">[Read More]<\/a><\/p>\n","protected":false},"author":4,"featured_media":0,"parent":0,"menu_order":0,"comment_status":"closed","ping_status":"closed","template":"","meta":{"_acf_changed":false,"inline_featured_image":false,"_genesis_hide_title":false,"_genesis_hide_breadcrumbs":false,"_genesis_hide_singular_image":false,"_genesis_hide_footer_widgets":false,"_genesis_custom_body_class":"","_genesis_custom_post_class":"","_genesis_layout":"","footnotes":""},"class_list":{"0":"post-5269","1":"page","2":"type-page","3":"status-publish","5":"entry"},"acf":[],"yoast_head":"\n<title>Procedimientos Sin Cirug\u00eda - Estrella Aesthetics &amp; Surgical Arts<\/title>\n<meta name=\"description\" content=\"Los l\u00e1seres y otros tratamientos no quir\u00fargicos son procedimientos populares, y a menudo efectivos para las personas con signos de envejecimiento.\" \/>\n<meta name=\"robots\" content=\"index, follow, max-snippet:-1, max-image-preview:large, max-video-preview:-1\" \/>\n<link rel=\"canonical\" href=\"https:\/\/estrellaaesthetics.com\/es\/procedimientos-sin-cirugia\/\" \/>\n<meta property=\"og:locale\" content=\"es_ES\" \/>\n<meta property=\"og:type\" content=\"article\" \/>\n<meta property=\"og:title\" content=\"Procedimientos Sin Cirug\u00eda - Estrella Aesthetics &amp; Surgical Arts\" \/>\n<meta property=\"og:description\" content=\"Los l\u00e1seres y otros tratamientos no quir\u00fargicos son procedimientos populares, y a menudo efectivos para las personas con signos de envejecimiento.\" \/>\n<meta property=\"og:url\" content=\"https:\/\/estrellaaesthetics.com\/es\/procedimientos-sin-cirugia\/\" \/>\n<meta property=\"og:site_name\" content=\"Estrella Aesthetics &amp; Surgical Arts - Spanish\" \/>\n<meta property=\"article:modified_time\" content=\"2022-04-05T17:51:43+00:00\" \/>\n<meta name=\"twitter:card\" content=\"summary_large_image\" \/>\n<meta name=\"twitter:label1\" content=\"Tiempo de lectura\" \/>\n\t<meta name=\"twitter:data1\" content=\"1 minuto\" \/>\n<script type=\"application\/ld+json\" class=\"yoast-schema-graph\">{\"@context\":\"https:\\\/\\\/schema.org\",\"@graph\":[{\"@type\":\"WebPage\",\"@id\":\"https:\\\/\\\/estrellaaesthetics.com\\\/es\\\/procedimientos-sin-cirugia\\\/\",\"url\":\"https:\\\/\\\/estrellaaesthetics.com\\\/es\\\/procedimientos-sin-cirugia\\\/\",\"name\":\"Procedimientos Sin Cirug\u00eda - Estrella Aesthetics & Surgical Arts\",\"isPartOf\":{\"@id\":\"https:\\\/\\\/estrellaaesthetics.com\\\/es\\\/#website\"},\"datePublished\":\"2016-07-20T23:51:56+00:00\",\"dateModified\":\"2022-04-05T17:51:43+00:00\",\"description\":\"Los l\u00e1seres y otros tratamientos no quir\u00fargicos son procedimientos populares, y a menudo efectivos para las personas con signos de envejecimiento.\",\"inLanguage\":\"es\",\"potentialAction\":[{\"@type\":\"ReadAction\",\"target\":[\"https:\\\/\\\/estrellaaesthetics.com\\\/es\\\/procedimientos-sin-cirugia\\\/\"]}]},{\"@type\":\"WebSite\",\"@id\":\"https:\\\/\\\/estrellaaesthetics.com\\\/es\\\/#website\",\"url\":\"https:\\\/\\\/estrellaaesthetics.com\\\/es\\\/\",\"name\":\"Estrella Aesthetics &amp; Surgical Arts - Spanish\",\"description\":\"Estrella Aesthetics &amp; Surgical Arts - Non-Surgical Laser Skin Care Clinic, Botox, Restylane &amp; Dermal Fillers, Corona, California\",\"potentialAction\":[{\"@type\":\"SearchAction\",\"target\":{\"@type\":\"EntryPoint\",\"urlTemplate\":\"https:\\\/\\\/estrellaaesthetics.com\\\/es\\\/?s={search_term_string}\"},\"query-input\":{\"@type\":\"PropertyValueSpecification\",\"valueRequired\":true,\"valueName\":\"search_term_string\"}}],\"inLanguage\":\"es\"}]}<\/script>\n","yoast_head_json":{"title":"Procedimientos Sin Cirug\u00eda - Estrella Aesthetics & Surgical Arts","description":"Los l\u00e1seres y otros tratamientos no quir\u00fargicos son procedimientos populares, y a menudo efectivos para las personas con signos de envejecimiento.","robots":{"index":"index","follow":"follow","max-snippet":"max-snippet:-1","max-image-preview":"max-image-preview:large","max-video-preview":"max-video-preview:-1"},"canonical":"https:\/\/estrellaaesthetics.com\/es\/procedimientos-sin-cirugia\/","og_locale":"es_ES","og_type":"article","og_title":"Procedimientos Sin Cirug\u00eda - Estrella Aesthetics & Surgical Arts","og_description":"Los l\u00e1seres y otros tratamientos no quir\u00fargicos son procedimientos populares, y a menudo efectivos para las personas con signos de envejecimiento.","og_url":"https:\/\/estrellaaesthetics.com\/es\/procedimientos-sin-cirugia\/","og_site_name":"Estrella Aesthetics &amp; Surgical Arts - Spanish","article_modified_time":"2022-04-05T17:51:43+00:00","twitter_card":"summary_large_image","twitter_misc":{"Tiempo de lectura":"1 minuto"},"schema":{"@context":"https:\/\/schema.org","@graph":[{"@type":"WebPage","@id":"https:\/\/estrellaaesthetics.com\/es\/procedimientos-sin-cirugia\/","url":"https:\/\/estrellaaesthetics.com\/es\/procedimientos-sin-cirugia\/","name":"Procedimientos Sin Cirug\u00eda - Estrella Aesthetics & Surgical Arts","isPartOf":{"@id":"https:\/\/estrellaaesthetics.com\/es\/#website"},"datePublished":"2016-07-20T23:51:56+00:00","dateModified":"2022-04-05T17:51:43+00:00","description":"Los l\u00e1seres y otros tratamientos no quir\u00fargicos son procedimientos populares, y a menudo efectivos para las personas con signos de envejecimiento.","inLanguage":"es","potentialAction":[{"@type":"ReadAction","target":["https:\/\/estrellaaesthetics.com\/es\/procedimientos-sin-cirugia\/"]}]},{"@type":"WebSite","@id":"https:\/\/estrellaaesthetics.com\/es\/#website","url":"https:\/\/estrellaaesthetics.com\/es\/","name":"Estrella Aesthetics &amp; Surgical Arts - Spanish","description":"Estrella Aesthetics &amp; Surgical Arts - Non-Surgical Laser Skin Care Clinic, Botox, Restylane &amp; Dermal Fillers, Corona, California","potentialAction":[{"@type":"SearchAction","target":{"@type":"EntryPoint","urlTemplate":"https:\/\/estrellaaesthetics.com\/es\/?s={search_term_string}"},"query-input":{"@type":"PropertyValueSpecification","valueRequired":true,"valueName":"search_term_string"}}],"inLanguage":"es"}]}},"_links":{"self":[{"href":"https:\/\/estrellaaesthetics.com\/es\/wp-json\/wp\/v2\/pages\/5269","targetHints":{"allow":["GET"]}}],"collection":[{"href":"https:\/\/estrellaaesthetics.com\/es\/wp-json\/wp\/v2\/pages"}],"about":[{"href":"https:\/\/estrellaaesthetics.com\/es\/wp-json\/wp\/v2\/types\/page"}],"author":[{"embeddable":true,"href":"https:\/\/estrellaaesthetics.com\/es\/wp-json\/wp\/v2\/users\/4"}],"replies":[{"embeddable":true,"href":"https:\/\/estrellaaesthetics.com\/es\/wp-json\/wp\/v2\/comments?post=5269"}],"version-history":[{"count":0,"href":"https:\/\/estrellaaesthetics.com\/es\/wp-json\/wp\/v2\/pages\/5269\/revisions"}],"wp:attachment":[{"href":"https:\/\/estrellaaesthetics.com\/es\/wp-json\/wp\/v2\/media?parent=5269"}],"curies":[{"name":"wp","href":"https:\/\/api.w.org\/{rel}","templated":true}]}}