{"id":5261,"date":"2016-07-20T23:37:56","date_gmt":"2016-07-20T23:37:56","guid":{"rendered":"http:\/\/estrellaaesthetics.com\/es\/?page_id=5261"},"modified":"2022-09-30T09:53:55","modified_gmt":"2022-09-30T16:53:55","slug":"procedimientos-de-cirugia-cosmetica","status":"publish","type":"page","link":"https:\/\/estrellaaesthetics.com\/es\/procedimientos-de-cirugia-cosmetica","title":{"rendered":"Procedimientos de Cirug\u00eda Cosm\u00e9tica"},"content":{"rendered":"<h1>Procedimientos de Cirug\u00eda Cosm\u00e9tica por la mejor cirujana en Corona, CA<\/h1>\n<p><h3>Rahil Khan, M.D.<br>Estrella Aesthetics & Surgical Arts<br>Corona, California<\/h3><br \/>\nEl alcance de los procedimientos de cirug\u00eda cosm\u00e9tica ofrecidos por Ray Khan, M. D. y Estrella Aesthetics &#038; Surgical Arts, incluyen: mejoramiento de los senos: aumento, levantamiento y reducci\u00f3n. Contorno facial: rinoplastia, barbilla, o realce de las mejillas. Rejuvenecimiento facial: lifting facial, cirug\u00eda de p\u00e1rpados, estiramiento de cuello, levantamiento de cejas. Contorno corporal: abdominoplastia o tummy tuck, liposucci\u00f3n, tratamiento de la ginecomastia.<\/p>\n<ul>\n<li><a href=\"\/es\/cirugia-cosmetica-facial\" target=\"_blank\" rel=\"noopener noreferrer\">Procedimientos en la cara<\/a><\/li>\n<li><a href=\"\/es\/procedimientos-para-el-cuerpo\/\" target=\"_blank\" rel=\"noopener noreferrer\">Procedimientos corporales<\/a><\/li>\n<li><a href=\"\/es\/procedimientos-para-la-piel\/\" target=\"_blank\" rel=\"noopener noreferrer\">Procedimientos en la piel<\/a><\/li>\n<li><a href=\"\/es\/procedimientos\/medicina-regenerativa\" target=\"_blank\" rel=\"noopener noreferrer\">Procedimientos anti-edad<\/a><\/li>\n<\/ul>\n<p>Por favor, llame ahora al <strong><a href=\"tel:+19513561207\" onclick=\"sendEventToGoogle('Content', '\/es\/wp-json\/wp\/v2\/pages\/5261', '+19513561207');\">(951) 356-1207<\/a><\/strong><\/strong>, o <a href=\"\/es\/contacto\">haz clic aqu\u00ed para recibir tu consulta o cita privada gratuita<\/a>. Estamos dedicados y comprometidos por completo a servirlo con la m\u00e1s alta integridad en los servicios y tratamientos disponibles.<\/p>\n<address>\n<h3>Estrella Aesthetics &amp; Surgical Arts<\/h3>\n<p>2550 Tuscany St. Suite 103<br \/>\nCorona, CA 92881<br \/>\n<strong><a href=\"tel:+19513561207\" onclick=\"sendEventToGoogle('Content', '\/es\/wp-json\/wp\/v2\/pages\/5261', '+19513561207');\">(951) 356-1207<\/a><\/strong><\/p>\n<\/address>\n<h2>Horario de Atenci\u00f3n<\/h2>\r\n<h5>Lunes a Viernes: 10.00am a 7.00pm<\/h5>\r\n<h5>S\u00e1bado: 10.00am a 5.00pm<\/h5>\r\n<h5>Domingos Cerrados<\/h5>\n<p><iframe loading=\"lazy\" src=\"https:\/\/maps.google.ca\/maps?q=2550+Tuscany+St++Suite+%23103++Corona,+CA+92881&amp;oe=utf-8&amp;client=firefox-a&amp;ie=UTF8&amp;hq=&amp;hnear=2550+Tuscany+St+%23103,+Corona,+California+92881,+United+States&amp;t=m&amp;ll=33.824651,-117.517319&amp;spn=0.021391,0.059223&amp;z=14&amp;iwloc=&amp;output=embed\" height=\"300\" width=\"690\" frameborder=\"0\" marginwidth=\"0\" marginheight=\"0\" scrolling=\"no\"><\/iframe><\/p>\n<p><center><strong><a href=\"#top\">Back to Top<\/a><\/strong><\/center><\/p>\n","protected":false},"excerpt":{"rendered":"<p>Procedimientos de Cirug\u00eda Cosm\u00e9tica por la mejor cirujana en Corona, CA El alcance de los procedimientos de cirug\u00eda cosm\u00e9tica ofrecidos por Ray Khan, M. D. y Estrella Aesthetics &#038; Surgical Arts, incluyen: mejoramiento de los senos: aumento, levantamiento y reducci\u00f3n. Contorno facial: rinoplastia, barbilla, o realce de las mejillas. Rejuvenecimiento facial: lifting facial, cirug\u00eda de&#8230; <a class=\"more-link\" href=\"https:\/\/estrellaaesthetics.com\/es\/procedimientos-de-cirugia-cosmetica\">[Read More]<\/a><\/p>\n","protected":false},"author":4,"featured_media":0,"parent":0,"menu_order":0,"comment_status":"closed","ping_status":"closed","template":"","meta":{"_acf_changed":false,"inline_featured_image":false,"_genesis_hide_title":false,"_genesis_hide_breadcrumbs":false,"_genesis_hide_singular_image":false,"_genesis_hide_footer_widgets":false,"_genesis_custom_body_class":"","_genesis_custom_post_class":"","_genesis_layout":"","footnotes":""},"class_list":{"0":"post-5261","1":"page","2":"type-page","3":"status-publish","5":"entry"},"acf":[],"yoast_head":"\n<title>Procedimientos de Cirug\u00eda Cosm\u00e9tica por el mejor cirujano en Corona, CA<\/title>\n<meta name=\"description\" content=\"Procedimientos de cirug\u00eda cosm\u00e9tica ofrecidos por Ray Khan y Estrella, incluyen: mejoramiento de los senos: aumento, levantamiento y reducci\u00f3n.\" \/>\n<meta name=\"robots\" content=\"index, follow, max-snippet:-1, max-image-preview:large, max-video-preview:-1\" \/>\n<link rel=\"canonical\" href=\"https:\/\/estrellaaesthetics.com\/es\/procedimientos-de-cirugia-cosmetica\/\" \/>\n<meta property=\"og:locale\" content=\"es_ES\" \/>\n<meta property=\"og:type\" content=\"article\" \/>\n<meta property=\"og:title\" content=\"Procedimientos de Cirug\u00eda Cosm\u00e9tica por el mejor cirujano en Corona, CA\" \/>\n<meta property=\"og:description\" content=\"Procedimientos de cirug\u00eda cosm\u00e9tica ofrecidos por Ray Khan y Estrella, incluyen: mejoramiento de los senos: aumento, levantamiento y reducci\u00f3n.\" \/>\n<meta property=\"og:url\" content=\"https:\/\/estrellaaesthetics.com\/es\/procedimientos-de-cirugia-cosmetica\/\" \/>\n<meta property=\"og:site_name\" content=\"Estrella Aesthetics &amp; Surgical Arts - Spanish\" \/>\n<meta property=\"article:modified_time\" content=\"2022-09-30T16:53:55+00:00\" \/>\n<meta name=\"twitter:card\" content=\"summary_large_image\" \/>\n<meta name=\"twitter:label1\" content=\"Tiempo de lectura\" \/>\n\t<meta name=\"twitter:data1\" content=\"1 minuto\" \/>\n<script type=\"application\/ld+json\" class=\"yoast-schema-graph\">{\"@context\":\"https:\\\/\\\/schema.org\",\"@graph\":[{\"@type\":\"WebPage\",\"@id\":\"https:\\\/\\\/estrellaaesthetics.com\\\/es\\\/procedimientos-de-cirugia-cosmetica\\\/\",\"url\":\"https:\\\/\\\/estrellaaesthetics.com\\\/es\\\/procedimientos-de-cirugia-cosmetica\\\/\",\"name\":\"Procedimientos de Cirug\u00eda Cosm\u00e9tica por el mejor cirujano en Corona, CA\",\"isPartOf\":{\"@id\":\"https:\\\/\\\/estrellaaesthetics.com\\\/es\\\/#website\"},\"datePublished\":\"2016-07-20T23:37:56+00:00\",\"dateModified\":\"2022-09-30T16:53:55+00:00\",\"description\":\"Procedimientos de cirug\u00eda cosm\u00e9tica ofrecidos por Ray Khan y Estrella, incluyen: mejoramiento de los senos: aumento, levantamiento y reducci\u00f3n.\",\"inLanguage\":\"es\",\"potentialAction\":[{\"@type\":\"ReadAction\",\"target\":[\"https:\\\/\\\/estrellaaesthetics.com\\\/es\\\/procedimientos-de-cirugia-cosmetica\\\/\"]}]},{\"@type\":\"WebSite\",\"@id\":\"https:\\\/\\\/estrellaaesthetics.com\\\/es\\\/#website\",\"url\":\"https:\\\/\\\/estrellaaesthetics.com\\\/es\\\/\",\"name\":\"Estrella Aesthetics &amp; Surgical Arts - Spanish\",\"description\":\"Estrella Aesthetics &amp; Surgical Arts - Non-Surgical Laser Skin Care Clinic, Botox, Restylane &amp; Dermal Fillers, Corona, California\",\"potentialAction\":[{\"@type\":\"SearchAction\",\"target\":{\"@type\":\"EntryPoint\",\"urlTemplate\":\"https:\\\/\\\/estrellaaesthetics.com\\\/es\\\/?s={search_term_string}\"},\"query-input\":{\"@type\":\"PropertyValueSpecification\",\"valueRequired\":true,\"valueName\":\"search_term_string\"}}],\"inLanguage\":\"es\"}]}<\/script>\n","yoast_head_json":{"title":"Procedimientos de Cirug\u00eda Cosm\u00e9tica por el mejor cirujano en Corona, CA","description":"Procedimientos de cirug\u00eda cosm\u00e9tica ofrecidos por Ray Khan y Estrella, incluyen: mejoramiento de los senos: aumento, levantamiento y reducci\u00f3n.","robots":{"index":"index","follow":"follow","max-snippet":"max-snippet:-1","max-image-preview":"max-image-preview:large","max-video-preview":"max-video-preview:-1"},"canonical":"https:\/\/estrellaaesthetics.com\/es\/procedimientos-de-cirugia-cosmetica\/","og_locale":"es_ES","og_type":"article","og_title":"Procedimientos de Cirug\u00eda Cosm\u00e9tica por el mejor cirujano en Corona, CA","og_description":"Procedimientos de cirug\u00eda cosm\u00e9tica ofrecidos por Ray Khan y Estrella, incluyen: mejoramiento de los senos: aumento, levantamiento y reducci\u00f3n.","og_url":"https:\/\/estrellaaesthetics.com\/es\/procedimientos-de-cirugia-cosmetica\/","og_site_name":"Estrella Aesthetics &amp; Surgical Arts - Spanish","article_modified_time":"2022-09-30T16:53:55+00:00","twitter_card":"summary_large_image","twitter_misc":{"Tiempo de lectura":"1 minuto"},"schema":{"@context":"https:\/\/schema.org","@graph":[{"@type":"WebPage","@id":"https:\/\/estrellaaesthetics.com\/es\/procedimientos-de-cirugia-cosmetica\/","url":"https:\/\/estrellaaesthetics.com\/es\/procedimientos-de-cirugia-cosmetica\/","name":"Procedimientos de Cirug\u00eda Cosm\u00e9tica por el mejor cirujano en Corona, CA","isPartOf":{"@id":"https:\/\/estrellaaesthetics.com\/es\/#website"},"datePublished":"2016-07-20T23:37:56+00:00","dateModified":"2022-09-30T16:53:55+00:00","description":"Procedimientos de cirug\u00eda cosm\u00e9tica ofrecidos por Ray Khan y Estrella, incluyen: mejoramiento de los senos: aumento, levantamiento y reducci\u00f3n.","inLanguage":"es","potentialAction":[{"@type":"ReadAction","target":["https:\/\/estrellaaesthetics.com\/es\/procedimientos-de-cirugia-cosmetica\/"]}]},{"@type":"WebSite","@id":"https:\/\/estrellaaesthetics.com\/es\/#website","url":"https:\/\/estrellaaesthetics.com\/es\/","name":"Estrella Aesthetics &amp; Surgical Arts - Spanish","description":"Estrella Aesthetics &amp; Surgical Arts - Non-Surgical Laser Skin Care Clinic, Botox, Restylane &amp; Dermal Fillers, Corona, California","potentialAction":[{"@type":"SearchAction","target":{"@type":"EntryPoint","urlTemplate":"https:\/\/estrellaaesthetics.com\/es\/?s={search_term_string}"},"query-input":{"@type":"PropertyValueSpecification","valueRequired":true,"valueName":"search_term_string"}}],"inLanguage":"es"}]}},"_links":{"self":[{"href":"https:\/\/estrellaaesthetics.com\/es\/wp-json\/wp\/v2\/pages\/5261","targetHints":{"allow":["GET"]}}],"collection":[{"href":"https:\/\/estrellaaesthetics.com\/es\/wp-json\/wp\/v2\/pages"}],"about":[{"href":"https:\/\/estrellaaesthetics.com\/es\/wp-json\/wp\/v2\/types\/page"}],"author":[{"embeddable":true,"href":"https:\/\/estrellaaesthetics.com\/es\/wp-json\/wp\/v2\/users\/4"}],"replies":[{"embeddable":true,"href":"https:\/\/estrellaaesthetics.com\/es\/wp-json\/wp\/v2\/comments?post=5261"}],"version-history":[{"count":0,"href":"https:\/\/estrellaaesthetics.com\/es\/wp-json\/wp\/v2\/pages\/5261\/revisions"}],"wp:attachment":[{"href":"https:\/\/estrellaaesthetics.com\/es\/wp-json\/wp\/v2\/media?parent=5261"}],"curies":[{"name":"wp","href":"https:\/\/api.w.org\/{rel}","templated":true}]}}