{"id":4758,"date":"2015-01-14T16:39:24","date_gmt":"2015-01-14T16:39:24","guid":{"rendered":"http:\/\/estrellaaesthetics.com\/es\/?page_id=4758"},"modified":"2022-04-05T10:50:07","modified_gmt":"2022-04-05T17:50:07","slug":"perlane","status":"publish","type":"page","link":"https:\/\/estrellaaesthetics.com\/es\/inyectables\/perlane\/","title":{"rendered":"Perlane\u00ae y Perlane-L\u00ae"},"content":{"rendered":"<h1>Perlane\u00ae y Perlane-L\u00ae &#8211; Para las arrugas que se benefician de una inyecci\u00f3n m\u00e1s profunda<\/h1>\n<h2>\u00bfC\u00f3mo act\u00faa Perlane\u00ae?<\/h2>\n<p>Al igual que Restylane \u00ae, Perlane\u00ae es una formulaci\u00f3n de gel claro de \u00e1cido hialur\u00f3nico que est\u00e1 expresamente formulado para actuar como el propio \u00e1cido hialur\u00f3nico de su cuerpo, a\u00f1adiendo volumen y plenitud a la piel.<\/p>\n<p><a href=\"https:\/\/estrellaaesthetics.com\/es\/wp-content\/uploads\/2015\/01\/perlane-beforeafter-es.jpg\" data-rel=\"lightbox-gallery-qyPJbNa7\" data-rl_title=\"\" data-rl_caption=\"\" title=\"\"><img class=\"aligncenter size-full wp-image-4762 lazy-load\" data-src=\"https:\/\/estrellaaesthetics.com\/es\/wp-content\/uploads\/2015\/01\/perlane-beforeafter-es.jpg\" alt=\"perlane-beforeafter-es\" width=\"700\" height=\"173\" srcset=\"https:\/\/estrellaaesthetics.com\/es\/wp-content\/uploads\/sites\/2\/2015\/01\/perlane-beforeafter-es.jpg 700w, https:\/\/estrellaaesthetics.com\/es\/wp-content\/uploads\/sites\/2\/2015\/01\/perlane-beforeafter-es-300x74.jpg 300w\" sizes=\"(max-width: 700px) 100vw, 700px\" \/><\/a><\/p>\n<p>Los efectos secundarios m\u00e1s com\u00fanmente observados son: hinchaz\u00f3n, enrojecimiento, dolor, moretones, y sensibilidad en el sitio de la inyecci\u00f3n. Todos estos efectos son t\u00edpicamente suaves, no severos y su remisi\u00f3n se produce en un t\u00e9rmino menor a los 7 d\u00edas en los surcos nasolabiales.<\/p>\n<h3>\u00bfQUE HACE A PERLANE DIFERENTE DE RESTYLANE?<\/h3>\n<p>Lo que hace a Perlane diferente de Restylane es el tama\u00f1o promedio de las part\u00edculas y la profundidad a que se aplica la inyecci\u00f3n, lo que quiere decir que es una buena opci\u00f3n para arrugas faciales m\u00e1s severas, porque se benefician de una inyecci\u00f3n m\u00e1s profunda en la piel.<\/p>\n<p>En tres estudios cl\u00ednicos: el 63 %, el 71 % y el 75 % de los pacientes mantuvieron la mejora durante seis meses despu\u00e9s de efectu\u00e1rseles solamente un tratamiento con Perlane.<\/p>\n<h3>PERLANE-L: UNA EXPERIENCIA M\u00c1S CONFORTABLE PARA EL TRATAMIENTO DE LAS ARRUGAS<\/h3>\n<p>Si usted desea lucir un aspecto m\u00e1s joven, pero su preocupaci\u00f3n est\u00e1 centrada en la incomodidad potencial del tratamiento, usted puede lograr hermosos resultados y una m\u00e1s c\u00f3moda experiencia con Perlane. Combinando lidoca\u00edna con Perlane, Perlane-L le ayuda a reducir la incomodidad durante y despu\u00e9s del tratamiento.<\/p>\n<p>En estudios cl\u00ednicos que eval\u00faan la familia Restylane de productos en las l\u00edneas de la sonrisa (surcos nasolabiales):<\/p>\n<ul>\n<li>El 95 % de los pacientes report\u00f3 mucho menos dolor durante el tratamiento con Perlane-L en comparaci\u00f3n con Perlane<\/li>\n<li>Los pacientes siguieron experimentando menos incomodidad por el t\u00e9rmino de hasta una hora despu\u00e9s del tratamiento<\/li>\n<li>Perlane y Perlane-L no son aprobados para el empleo en el procedimiento de aumento de labios. Perlane-L no deber\u00eda ser usada por nadie que conozca que tiene una alergia a la lidoca\u00edna.<\/li>\n<\/ul>\n<h3>ELIGIENDO ENTRE RESTYLANE Y PERLANE<\/h3>\n<p>\u00bfSe est\u00e1 preguntando si Restylane o Perlane son correctos para usted? Durante su consulta, su profesional de asistencia m\u00e9dica, le podr\u00e1 ayudar a efectuar la correcta elecci\u00f3n del tratamiento para su caso.<\/p>\n<p>Los productos de la familia Restylane no deber\u00edan ser usados por la gente que tenga antecedentes de alergias malas, en particular a microorganismos conocidos como bacterias gram positivas, o por pacientes con alergias serias a las medicinas o drogas que antes han necesitado en el tratamiento en hospitales. Estos productos tampoco deber\u00edan ser usados por personas con problemas o episodios de hemorragias.<\/p>\n<h2>P\u00f3ngase en contacto con los consultorios del Dr. Ray Khan para una consulta gratuita<\/h2>\n<p>El Dr. Ray Khan y su personal estar\u00e1n felices de hablar con usted acerca del procedimiento de Realce de Barbilla, y contestarle todas sus preguntas. Por favor si\u00e9ntase libre de llamarnos a <strong>Estrella Aesthetics &amp; Surgical Arts en Corona, CA <strong><a href=\"tel:+19513561207\" onclick=\"sendEventToGoogle('Content', '\/es\/wp-json\/wp\/v2\/pages\/4758', '+19513561207');\">(951) 356-1207<\/a><\/strong>.<\/strong><\/p>\n<p>Para su cita para una consulta privada y gratuita, por favor <a href=\"\/es\/contacto\">haga clic aqu\u00ed<\/a>.<\/p>\n<h2>Estrella Aesthetics &amp; Surgical Arts<\/h2>\n<h5>2550 Tuscany St<\/h5>\n<p>Suite #103 Corona, CA 92881 <a href=\"tel:+19513561207\" onclick=\"sendEventToGoogle('Content', '\/es\/wp-json\/wp\/v2\/pages\/4758', '+19513561207');\">(951) 356-1207<\/a><\/p>\n<h2>Horario de Atenci\u00f3n<\/h2>\r\n<h5>Lunes a Viernes: 10.00am a 7.00pm<\/h5>\r\n<h5>S\u00e1bado: 10.00am a 5.00pm<\/h5>\r\n<h5>Domingos Cerrados<\/h5>\n<p><iframe loading=\"lazy\" src=\"https:\/\/maps.google.ca\/maps?q=2550+Tuscany+St++Suite+%23103++Corona,+CA+92881&amp;oe=utf-8&amp;client=firefox-a&amp;ie=UTF8&amp;hq=&amp;hnear=2550+Tuscany+St+%23103,+Corona,+California+92881,+United+States&amp;t=m&amp;ll=33.824651,-117.517319&amp;spn=0.021391,0.059223&amp;z=14&amp;iwloc=&amp;output=embed\" width=\"690\" height=\"300\" frameborder=\"0\" marginwidth=\"0\" marginheight=\"0\" scrolling=\"no\"><\/iframe><\/p>\n","protected":false},"excerpt":{"rendered":"<p>Perlane\u00ae y Perlane-L\u00ae &#8211; Para las arrugas que se benefician de una inyecci\u00f3n m\u00e1s profunda \u00bfC\u00f3mo act\u00faa Perlane\u00ae? Al igual que Restylane \u00ae, Perlane\u00ae es una formulaci\u00f3n de gel claro de \u00e1cido hialur\u00f3nico que est\u00e1 expresamente formulado para actuar como el propio \u00e1cido hialur\u00f3nico de su cuerpo, a\u00f1adiendo volumen y plenitud a la piel. Los&#8230; <a class=\"more-link\" href=\"https:\/\/estrellaaesthetics.com\/es\/inyectables\/perlane\/\">[Read More]<\/a><\/p>\n","protected":false},"author":4,"featured_media":0,"parent":2767,"menu_order":0,"comment_status":"open","ping_status":"open","template":"","meta":{"_acf_changed":false,"inline_featured_image":false,"_genesis_hide_title":false,"_genesis_hide_breadcrumbs":false,"_genesis_hide_singular_image":false,"_genesis_hide_footer_widgets":false,"_genesis_custom_body_class":"","_genesis_custom_post_class":"","_genesis_layout":"","footnotes":""},"class_list":{"0":"post-4758","1":"page","2":"type-page","3":"status-publish","5":"entry"},"acf":[],"yoast_head":"\n<title>Perlane\u00ae y Perlane-L\u00ae - Estrellaaesthetics<\/title>\n<meta name=\"description\" content=\"Perlane\u00ae y Perlane-L\u00ae - Para las arrugas que se benefician de una inyecci\u00f3n m\u00e1s profunda\" \/>\n<meta name=\"robots\" content=\"index, follow, max-snippet:-1, max-image-preview:large, max-video-preview:-1\" \/>\n<link rel=\"canonical\" href=\"https:\/\/estrellaaesthetics.com\/es\/inyectables\/perlane\/\" \/>\n<meta property=\"og:locale\" content=\"es_ES\" \/>\n<meta property=\"og:type\" content=\"article\" \/>\n<meta property=\"og:title\" content=\"Perlane\u00ae y Perlane-L\u00ae - Estrellaaesthetics\" \/>\n<meta property=\"og:description\" content=\"Perlane\u00ae y Perlane-L\u00ae - Para las arrugas que se benefician de una inyecci\u00f3n m\u00e1s profunda\" \/>\n<meta property=\"og:url\" content=\"https:\/\/estrellaaesthetics.com\/es\/inyectables\/perlane\/\" \/>\n<meta property=\"og:site_name\" content=\"Estrella Aesthetics &amp; Surgical Arts - Spanish\" \/>\n<meta property=\"article:modified_time\" content=\"2022-04-05T17:50:07+00:00\" \/>\n<meta property=\"og:image\" content=\"https:\/\/estrellaaesthetics.com\/es\/wp-content\/uploads\/2015\/01\/perlane-beforeafter-es.jpg\" \/>\n<meta name=\"twitter:card\" content=\"summary_large_image\" \/>\n<meta name=\"twitter:label1\" content=\"Tiempo de lectura\" \/>\n\t<meta name=\"twitter:data1\" content=\"3 minutos\" \/>\n<script type=\"application\/ld+json\" class=\"yoast-schema-graph\">{\"@context\":\"https:\/\/schema.org\",\"@graph\":[{\"@type\":\"WebPage\",\"@id\":\"https:\/\/estrellaaesthetics.com\/es\/inyectables\/perlane\/\",\"url\":\"https:\/\/estrellaaesthetics.com\/es\/inyectables\/perlane\/\",\"name\":\"Perlane\u00ae y Perlane-L\u00ae - Estrellaaesthetics\",\"isPartOf\":{\"@id\":\"https:\/\/estrellaaesthetics.com\/es\/#website\"},\"primaryImageOfPage\":{\"@id\":\"https:\/\/estrellaaesthetics.com\/es\/inyectables\/perlane\/#primaryimage\"},\"image\":{\"@id\":\"https:\/\/estrellaaesthetics.com\/es\/inyectables\/perlane\/#primaryimage\"},\"thumbnailUrl\":\"https:\/\/estrellaaesthetics.com\/es\/wp-content\/uploads\/2015\/01\/perlane-beforeafter-es.jpg\",\"datePublished\":\"2015-01-14T16:39:24+00:00\",\"dateModified\":\"2022-04-05T17:50:07+00:00\",\"description\":\"Perlane\u00ae y Perlane-L\u00ae - Para las arrugas que se benefician de una inyecci\u00f3n m\u00e1s profunda\",\"breadcrumb\":{\"@id\":\"https:\/\/estrellaaesthetics.com\/es\/inyectables\/perlane\/#breadcrumb\"},\"inLanguage\":\"es\",\"potentialAction\":[{\"@type\":\"ReadAction\",\"target\":[\"https:\/\/estrellaaesthetics.com\/es\/inyectables\/perlane\/\"]}]},{\"@type\":\"ImageObject\",\"inLanguage\":\"es\",\"@id\":\"https:\/\/estrellaaesthetics.com\/es\/inyectables\/perlane\/#primaryimage\",\"url\":\"https:\/\/estrellaaesthetics.com\/es\/wp-content\/uploads\/2015\/01\/perlane-beforeafter-es.jpg\",\"contentUrl\":\"https:\/\/estrellaaesthetics.com\/es\/wp-content\/uploads\/2015\/01\/perlane-beforeafter-es.jpg\"},{\"@type\":\"BreadcrumbList\",\"@id\":\"https:\/\/estrellaaesthetics.com\/es\/inyectables\/perlane\/#breadcrumb\",\"itemListElement\":[{\"@type\":\"ListItem\",\"position\":1,\"name\":\"Procedimientos\",\"item\":\"https:\/\/estrellaaesthetics.com\/es\/procedimientos\/\"},{\"@type\":\"ListItem\",\"position\":2,\"name\":\"Inyectables\",\"item\":\"https:\/\/estrellaaesthetics.com\/es\/inyectables\/\"},{\"@type\":\"ListItem\",\"position\":3,\"name\":\"\u00bfCu\u00e1l es mejor para m\u00ed?\"}]},{\"@type\":\"WebSite\",\"@id\":\"https:\/\/estrellaaesthetics.com\/es\/#website\",\"url\":\"https:\/\/estrellaaesthetics.com\/es\/\",\"name\":\"Estrella Aesthetics &amp; Surgical Arts - Spanish\",\"description\":\"Estrella Aesthetics &amp; Surgical Arts - Non-Surgical Laser Skin Care Clinic, Botox, Restylane &amp; Dermal Fillers, Corona, California\",\"potentialAction\":[{\"@type\":\"SearchAction\",\"target\":{\"@type\":\"EntryPoint\",\"urlTemplate\":\"https:\/\/estrellaaesthetics.com\/es\/?s={search_term_string}\"},\"query-input\":{\"@type\":\"PropertyValueSpecification\",\"valueRequired\":true,\"valueName\":\"search_term_string\"}}],\"inLanguage\":\"es\"}]}<\/script>\n","yoast_head_json":{"title":"Perlane\u00ae y Perlane-L\u00ae - Estrellaaesthetics","description":"Perlane\u00ae y Perlane-L\u00ae - Para las arrugas que se benefician de una inyecci\u00f3n m\u00e1s profunda","robots":{"index":"index","follow":"follow","max-snippet":"max-snippet:-1","max-image-preview":"max-image-preview:large","max-video-preview":"max-video-preview:-1"},"canonical":"https:\/\/estrellaaesthetics.com\/es\/inyectables\/perlane\/","og_locale":"es_ES","og_type":"article","og_title":"Perlane\u00ae y Perlane-L\u00ae - Estrellaaesthetics","og_description":"Perlane\u00ae y Perlane-L\u00ae - Para las arrugas que se benefician de una inyecci\u00f3n m\u00e1s profunda","og_url":"https:\/\/estrellaaesthetics.com\/es\/inyectables\/perlane\/","og_site_name":"Estrella Aesthetics &amp; Surgical Arts - Spanish","article_modified_time":"2022-04-05T17:50:07+00:00","og_image":[{"url":"https:\/\/estrellaaesthetics.com\/es\/wp-content\/uploads\/2015\/01\/perlane-beforeafter-es.jpg","type":"","width":"","height":""}],"twitter_card":"summary_large_image","twitter_misc":{"Tiempo de lectura":"3 minutos"},"schema":{"@context":"https:\/\/schema.org","@graph":[{"@type":"WebPage","@id":"https:\/\/estrellaaesthetics.com\/es\/inyectables\/perlane\/","url":"https:\/\/estrellaaesthetics.com\/es\/inyectables\/perlane\/","name":"Perlane\u00ae y Perlane-L\u00ae - Estrellaaesthetics","isPartOf":{"@id":"https:\/\/estrellaaesthetics.com\/es\/#website"},"primaryImageOfPage":{"@id":"https:\/\/estrellaaesthetics.com\/es\/inyectables\/perlane\/#primaryimage"},"image":{"@id":"https:\/\/estrellaaesthetics.com\/es\/inyectables\/perlane\/#primaryimage"},"thumbnailUrl":"https:\/\/estrellaaesthetics.com\/es\/wp-content\/uploads\/2015\/01\/perlane-beforeafter-es.jpg","datePublished":"2015-01-14T16:39:24+00:00","dateModified":"2022-04-05T17:50:07+00:00","description":"Perlane\u00ae y Perlane-L\u00ae - Para las arrugas que se benefician de una inyecci\u00f3n m\u00e1s profunda","breadcrumb":{"@id":"https:\/\/estrellaaesthetics.com\/es\/inyectables\/perlane\/#breadcrumb"},"inLanguage":"es","potentialAction":[{"@type":"ReadAction","target":["https:\/\/estrellaaesthetics.com\/es\/inyectables\/perlane\/"]}]},{"@type":"ImageObject","inLanguage":"es","@id":"https:\/\/estrellaaesthetics.com\/es\/inyectables\/perlane\/#primaryimage","url":"https:\/\/estrellaaesthetics.com\/es\/wp-content\/uploads\/2015\/01\/perlane-beforeafter-es.jpg","contentUrl":"https:\/\/estrellaaesthetics.com\/es\/wp-content\/uploads\/2015\/01\/perlane-beforeafter-es.jpg"},{"@type":"BreadcrumbList","@id":"https:\/\/estrellaaesthetics.com\/es\/inyectables\/perlane\/#breadcrumb","itemListElement":[{"@type":"ListItem","position":1,"name":"Procedimientos","item":"https:\/\/estrellaaesthetics.com\/es\/procedimientos\/"},{"@type":"ListItem","position":2,"name":"Inyectables","item":"https:\/\/estrellaaesthetics.com\/es\/inyectables\/"},{"@type":"ListItem","position":3,"name":"\u00bfCu\u00e1l es mejor para m\u00ed?"}]},{"@type":"WebSite","@id":"https:\/\/estrellaaesthetics.com\/es\/#website","url":"https:\/\/estrellaaesthetics.com\/es\/","name":"Estrella Aesthetics &amp; Surgical Arts - Spanish","description":"Estrella Aesthetics &amp; Surgical Arts - Non-Surgical Laser Skin Care Clinic, Botox, Restylane &amp; Dermal Fillers, Corona, California","potentialAction":[{"@type":"SearchAction","target":{"@type":"EntryPoint","urlTemplate":"https:\/\/estrellaaesthetics.com\/es\/?s={search_term_string}"},"query-input":{"@type":"PropertyValueSpecification","valueRequired":true,"valueName":"search_term_string"}}],"inLanguage":"es"}]}},"_links":{"self":[{"href":"https:\/\/estrellaaesthetics.com\/es\/wp-json\/wp\/v2\/pages\/4758","targetHints":{"allow":["GET"]}}],"collection":[{"href":"https:\/\/estrellaaesthetics.com\/es\/wp-json\/wp\/v2\/pages"}],"about":[{"href":"https:\/\/estrellaaesthetics.com\/es\/wp-json\/wp\/v2\/types\/page"}],"author":[{"embeddable":true,"href":"https:\/\/estrellaaesthetics.com\/es\/wp-json\/wp\/v2\/users\/4"}],"replies":[{"embeddable":true,"href":"https:\/\/estrellaaesthetics.com\/es\/wp-json\/wp\/v2\/comments?post=4758"}],"version-history":[{"count":0,"href":"https:\/\/estrellaaesthetics.com\/es\/wp-json\/wp\/v2\/pages\/4758\/revisions"}],"up":[{"embeddable":true,"href":"https:\/\/estrellaaesthetics.com\/es\/wp-json\/wp\/v2\/pages\/2767"}],"wp:attachment":[{"href":"https:\/\/estrellaaesthetics.com\/es\/wp-json\/wp\/v2\/media?parent=4758"}],"curies":[{"name":"wp","href":"https:\/\/api.w.org\/{rel}","templated":true}]}}