{"id":4716,"date":"2014-07-24T17:15:57","date_gmt":"2014-07-24T17:15:57","guid":{"rendered":"http:\/\/estrellaaesthetics.com\/es\/?page_id=4716"},"modified":"2022-04-05T10:34:25","modified_gmt":"2022-04-05T17:34:25","slug":"elos-plus","status":"publish","type":"page","link":"https:\/\/estrellaaesthetics.com\/es\/procedimientos-laser\/elos-plus\/","title":{"rendered":"el\u014ds plus"},"content":{"rendered":"<h1>el\u014ds plus: La completa estaci\u00f3n de trabajo est\u00e9tico de m\u00faltiples aplicaciones<\/h1>\n<h3>Rahil Khan, M.D.<br>Estrella Aesthetics & Surgical Arts<br>Corona, California<\/h3>\n<h2>Una gama completa de las aplicaciones de mayor demanda:<\/h2>\n<ul>\n<li><strong>\u00a1Nuevo! Depilaci\u00f3n Motif HR Plus<\/strong> \u2013 especialmente ventajoso al tratar \u00e1reas grandes (como depilaci\u00f3n de piernas), aumento del tama\u00f1o puntual permite tiempos de tratamiento dos veces m\u00e1s r\u00e1pidos.<\/li>\n<li><strong>\u00a1Nuevo! Tratamiento de lesi\u00f3n pigmentada SR\/SRA Plus<\/strong> \u2013 El mayor tama\u00f1o puntual permite tiempos de tratamiento dos veces m\u00e1s r\u00e1pidos<\/li>\n<li><strong>\u00a1Nuevo! SRA Mini<\/strong> &#8211; Idealmente dise\u00f1ado para llegar a zonas de tratamiento m\u00e1s peque\u00f1as y \u00abdif\u00edciles de alcanzar\u00bb<\/li>\n<li><strong>Rejuvenecimiento Sublative para un aumento del col\u00e1geno<\/strong><\/li>\n<li>Depilaci\u00f3n Motif LHR<\/strong><\/li>\n<li><strong>Tratamiento de lesi\u00f3n pigmentada SR\/SRA Plus<\/strong><\/li>\n<li><strong>Sublime para el Contorneado Facial y el Tratamiento de las Arrugas<\/strong><\/li>\n<li><strong>AC<\/strong> para el Tratamiento del Acn\u00e9<\/li>\n<li><strong>LV \/ LVA<\/strong> para el Tratamiento de Lesiones Vasculares<\/li>\n<\/ul>\n<h3>\u00bfC\u00f3mo funciona el rejuvenecimiento con el\u014ds?<\/h3>\n<p>La radiofrecuencia bipolar combinada y las energ\u00edas de luz de la tecnolog\u00eda el\u014ds se enfocan de manera precisa y segura en lesiones pigmentadas como pecas, manchas de sol y manchas de la edad.<\/p>\n<h3>el\u014ds: \u00bfC\u00f3mo funciona el tratamiento para las venas con el\u014ds?<\/h3>\n<p>La radiofrecuencia bipolar combinada y las energ\u00edas de luz se enfocan de manera precisa y calientan la vena no deseada mientras protegen la piel circundante.<\/p>\n<h3>\u00bfC\u00f3mo funciona el tratamiento del acn\u00e9 con el\u014ds?<\/h3>\n<p>El acn\u00e9 se produce cuando una gl\u00e1ndula seb\u00e1cea alrededor de un fol\u00edculo piloso se atasca con aceite y c\u00e9lulas muertas de la piel. El crecimiento de bacterias en este entorno obstruido provoca la infecci\u00f3n y las manchas del acn\u00e9. La combinaci\u00f3n de radiofrecuencia bipolar y energ\u00edas de luz azul de la tecnolog\u00eda el\u014ds penetran en la piel para dar de manera precisa en el objetivo y destruir las bacterias activas causantes del acn\u00e9, a la vez que reduce la producci\u00f3n excesiva de aceite seb\u00e1ceo. El tratamiento ayuda a reducir el acn\u00e9 activo y acelera la cicatrizaci\u00f3n del acn\u00e9 existente.<\/p>\n<h2>Contacta a la oficina de Estrella Aesthetics para recibir tu consulta gratuita:<\/h2>\n<p>Por favor, no dudes en llamar a nuestras oficinas en<strong> Corona CA <strong><a href=\"tel:+19513561207\" onclick=\"sendEventToGoogle('Content', '\/es\/wp-json\/wp\/v2\/pages\/4716', '+19513561207');\">(951) 356-1207<\/a><\/strong><\/strong><\/p>\n<p><a href=\"\/es\/contacto\/\">Haz clic aqu\u00ed para recibir tu consulta o cita privada gratuita<\/a><\/p>\n<address>\n<h3>Estrella Aesthetics &amp; Surgical Arts<\/h3>\n<p>2550 Tuscany St. Suite 103<br \/>\nCorona, CA 92881<br \/>\n<strong><a href=\"tel:+19513561207\" onclick=\"sendEventToGoogle('Content', '\/es\/wp-json\/wp\/v2\/pages\/4716', '+19513561207');\">(951) 356-1207<\/a><\/strong><\/p>\n<\/address>\n<h2>Horario de Atenci\u00f3n<\/h2>\r\n<h5>Lunes a Viernes: 10.00am a 7.00pm<\/h5>\r\n<h5>S\u00e1bado: 10.00am a 5.00pm<\/h5>\r\n<h5>Domingos Cerrados<\/h5>\n","protected":false},"excerpt":{"rendered":"<p>el\u014ds plus: La completa estaci\u00f3n de trabajo est\u00e9tico de m\u00faltiples aplicaciones Una gama completa de las aplicaciones de mayor demanda: \u00a1Nuevo! Depilaci\u00f3n Motif HR Plus \u2013 especialmente ventajoso al tratar \u00e1reas grandes (como depilaci\u00f3n de piernas), aumento del tama\u00f1o puntual permite tiempos de tratamiento dos veces m\u00e1s r\u00e1pidos. \u00a1Nuevo! Tratamiento de lesi\u00f3n pigmentada SR\/SRA Plus&#8230; <a class=\"more-link\" href=\"https:\/\/estrellaaesthetics.com\/es\/procedimientos-laser\/elos-plus\/\">[Read More]<\/a><\/p>\n","protected":false},"author":4,"featured_media":0,"parent":5633,"menu_order":0,"comment_status":"open","ping_status":"open","template":"","meta":{"_acf_changed":false,"inline_featured_image":false,"_genesis_hide_title":false,"_genesis_hide_breadcrumbs":false,"_genesis_hide_singular_image":false,"_genesis_hide_footer_widgets":false,"_genesis_custom_body_class":"","_genesis_custom_post_class":"","_genesis_layout":"","footnotes":""},"class_list":{"0":"post-4716","1":"page","2":"type-page","3":"status-publish","5":"entry"},"acf":[],"yoast_head":"\n<title>El\u014ds plus: Una gama completa de las aplicaciones de mayor demanda<\/title>\n<meta name=\"description\" content=\"La tecnolog\u00eda el\u014ds se enfocan de manera precisa y segura en lesiones pigmentadas como pecas, manchas de sol y manchas de la edad.\" \/>\n<meta name=\"robots\" content=\"index, follow, max-snippet:-1, max-image-preview:large, max-video-preview:-1\" \/>\n<link rel=\"canonical\" href=\"https:\/\/estrellaaesthetics.com\/es\/procedimientos-laser\/elos-plus\/\" \/>\n<meta property=\"og:locale\" content=\"es_ES\" \/>\n<meta property=\"og:type\" content=\"article\" \/>\n<meta property=\"og:title\" content=\"El\u014ds plus: Una gama completa de las aplicaciones de mayor demanda\" \/>\n<meta property=\"og:description\" content=\"La tecnolog\u00eda el\u014ds se enfocan de manera precisa y segura en lesiones pigmentadas como pecas, manchas de sol y manchas de la edad.\" \/>\n<meta property=\"og:url\" content=\"https:\/\/estrellaaesthetics.com\/es\/procedimientos-laser\/elos-plus\/\" \/>\n<meta property=\"og:site_name\" content=\"Estrella Aesthetics &amp; Surgical Arts - Spanish\" \/>\n<meta property=\"article:modified_time\" content=\"2022-04-05T17:34:25+00:00\" \/>\n<meta name=\"twitter:card\" content=\"summary_large_image\" \/>\n<meta name=\"twitter:label1\" content=\"Tiempo de lectura\" \/>\n\t<meta name=\"twitter:data1\" content=\"2 minutos\" \/>\n<script type=\"application\/ld+json\" class=\"yoast-schema-graph\">{\"@context\":\"https:\\\/\\\/schema.org\",\"@graph\":[{\"@type\":\"WebPage\",\"@id\":\"https:\\\/\\\/estrellaaesthetics.com\\\/es\\\/procedimientos-laser\\\/elos-plus\\\/\",\"url\":\"https:\\\/\\\/estrellaaesthetics.com\\\/es\\\/procedimientos-laser\\\/elos-plus\\\/\",\"name\":\"El\u014ds plus: Una gama completa de las aplicaciones de mayor demanda\",\"isPartOf\":{\"@id\":\"https:\\\/\\\/estrellaaesthetics.com\\\/es\\\/#website\"},\"datePublished\":\"2014-07-24T17:15:57+00:00\",\"dateModified\":\"2022-04-05T17:34:25+00:00\",\"description\":\"La tecnolog\u00eda el\u014ds se enfocan de manera precisa y segura en lesiones pigmentadas como pecas, manchas de sol y manchas de la edad.\",\"breadcrumb\":{\"@id\":\"https:\\\/\\\/estrellaaesthetics.com\\\/es\\\/procedimientos-laser\\\/elos-plus\\\/#breadcrumb\"},\"inLanguage\":\"es\",\"potentialAction\":[{\"@type\":\"ReadAction\",\"target\":[\"https:\\\/\\\/estrellaaesthetics.com\\\/es\\\/procedimientos-laser\\\/elos-plus\\\/\"]}]},{\"@type\":\"BreadcrumbList\",\"@id\":\"https:\\\/\\\/estrellaaesthetics.com\\\/es\\\/procedimientos-laser\\\/elos-plus\\\/#breadcrumb\",\"itemListElement\":[{\"@type\":\"ListItem\",\"position\":1,\"name\":\"Procedimientos\",\"item\":\"https:\\\/\\\/estrellaaesthetics.com\\\/es\\\/procedimientos\\\/\"},{\"@type\":\"ListItem\",\"position\":2,\"name\":\"Procedimientos l\u00e1ser\",\"item\":\"https:\\\/\\\/estrellaaesthetics.com\\\/es\\\/procedimientos-laser\\\/\"},{\"@type\":\"ListItem\",\"position\":3,\"name\":\"el\u014ds plus\"}]},{\"@type\":\"WebSite\",\"@id\":\"https:\\\/\\\/estrellaaesthetics.com\\\/es\\\/#website\",\"url\":\"https:\\\/\\\/estrellaaesthetics.com\\\/es\\\/\",\"name\":\"Estrella Aesthetics &amp; Surgical Arts - Spanish\",\"description\":\"Estrella Aesthetics &amp; Surgical Arts - Non-Surgical Laser Skin Care Clinic, Botox, Restylane &amp; Dermal Fillers, Corona, California\",\"potentialAction\":[{\"@type\":\"SearchAction\",\"target\":{\"@type\":\"EntryPoint\",\"urlTemplate\":\"https:\\\/\\\/estrellaaesthetics.com\\\/es\\\/?s={search_term_string}\"},\"query-input\":{\"@type\":\"PropertyValueSpecification\",\"valueRequired\":true,\"valueName\":\"search_term_string\"}}],\"inLanguage\":\"es\"}]}<\/script>\n","yoast_head_json":{"title":"El\u014ds plus: Una gama completa de las aplicaciones de mayor demanda","description":"La tecnolog\u00eda el\u014ds se enfocan de manera precisa y segura en lesiones pigmentadas como pecas, manchas de sol y manchas de la edad.","robots":{"index":"index","follow":"follow","max-snippet":"max-snippet:-1","max-image-preview":"max-image-preview:large","max-video-preview":"max-video-preview:-1"},"canonical":"https:\/\/estrellaaesthetics.com\/es\/procedimientos-laser\/elos-plus\/","og_locale":"es_ES","og_type":"article","og_title":"El\u014ds plus: Una gama completa de las aplicaciones de mayor demanda","og_description":"La tecnolog\u00eda el\u014ds se enfocan de manera precisa y segura en lesiones pigmentadas como pecas, manchas de sol y manchas de la edad.","og_url":"https:\/\/estrellaaesthetics.com\/es\/procedimientos-laser\/elos-plus\/","og_site_name":"Estrella Aesthetics &amp; Surgical Arts - Spanish","article_modified_time":"2022-04-05T17:34:25+00:00","twitter_card":"summary_large_image","twitter_misc":{"Tiempo de lectura":"2 minutos"},"schema":{"@context":"https:\/\/schema.org","@graph":[{"@type":"WebPage","@id":"https:\/\/estrellaaesthetics.com\/es\/procedimientos-laser\/elos-plus\/","url":"https:\/\/estrellaaesthetics.com\/es\/procedimientos-laser\/elos-plus\/","name":"El\u014ds plus: Una gama completa de las aplicaciones de mayor demanda","isPartOf":{"@id":"https:\/\/estrellaaesthetics.com\/es\/#website"},"datePublished":"2014-07-24T17:15:57+00:00","dateModified":"2022-04-05T17:34:25+00:00","description":"La tecnolog\u00eda el\u014ds se enfocan de manera precisa y segura en lesiones pigmentadas como pecas, manchas de sol y manchas de la edad.","breadcrumb":{"@id":"https:\/\/estrellaaesthetics.com\/es\/procedimientos-laser\/elos-plus\/#breadcrumb"},"inLanguage":"es","potentialAction":[{"@type":"ReadAction","target":["https:\/\/estrellaaesthetics.com\/es\/procedimientos-laser\/elos-plus\/"]}]},{"@type":"BreadcrumbList","@id":"https:\/\/estrellaaesthetics.com\/es\/procedimientos-laser\/elos-plus\/#breadcrumb","itemListElement":[{"@type":"ListItem","position":1,"name":"Procedimientos","item":"https:\/\/estrellaaesthetics.com\/es\/procedimientos\/"},{"@type":"ListItem","position":2,"name":"Procedimientos l\u00e1ser","item":"https:\/\/estrellaaesthetics.com\/es\/procedimientos-laser\/"},{"@type":"ListItem","position":3,"name":"el\u014ds plus"}]},{"@type":"WebSite","@id":"https:\/\/estrellaaesthetics.com\/es\/#website","url":"https:\/\/estrellaaesthetics.com\/es\/","name":"Estrella Aesthetics &amp; Surgical Arts - Spanish","description":"Estrella Aesthetics &amp; Surgical Arts - Non-Surgical Laser Skin Care Clinic, Botox, Restylane &amp; Dermal Fillers, Corona, California","potentialAction":[{"@type":"SearchAction","target":{"@type":"EntryPoint","urlTemplate":"https:\/\/estrellaaesthetics.com\/es\/?s={search_term_string}"},"query-input":{"@type":"PropertyValueSpecification","valueRequired":true,"valueName":"search_term_string"}}],"inLanguage":"es"}]}},"_links":{"self":[{"href":"https:\/\/estrellaaesthetics.com\/es\/wp-json\/wp\/v2\/pages\/4716","targetHints":{"allow":["GET"]}}],"collection":[{"href":"https:\/\/estrellaaesthetics.com\/es\/wp-json\/wp\/v2\/pages"}],"about":[{"href":"https:\/\/estrellaaesthetics.com\/es\/wp-json\/wp\/v2\/types\/page"}],"author":[{"embeddable":true,"href":"https:\/\/estrellaaesthetics.com\/es\/wp-json\/wp\/v2\/users\/4"}],"replies":[{"embeddable":true,"href":"https:\/\/estrellaaesthetics.com\/es\/wp-json\/wp\/v2\/comments?post=4716"}],"version-history":[{"count":0,"href":"https:\/\/estrellaaesthetics.com\/es\/wp-json\/wp\/v2\/pages\/4716\/revisions"}],"up":[{"embeddable":true,"href":"https:\/\/estrellaaesthetics.com\/es\/wp-json\/wp\/v2\/pages\/5633"}],"wp:attachment":[{"href":"https:\/\/estrellaaesthetics.com\/es\/wp-json\/wp\/v2\/media?parent=4716"}],"curies":[{"name":"wp","href":"https:\/\/api.w.org\/{rel}","templated":true}]}}