{"id":4712,"date":"2014-07-24T16:49:38","date_gmt":"2014-07-24T16:49:38","guid":{"rendered":"http:\/\/estrellaaesthetics.com\/es\/?page_id=4712"},"modified":"2019-08-15T11:45:03","modified_gmt":"2019-08-15T18:45:03","slug":"velashape","status":"publish","type":"page","link":"https:\/\/estrellaaesthetics.com\/es\/velashape","title":{"rendered":"VelaShape"},"content":{"rendered":"<h1>VelaShape II \u2013 Reducci\u00f3n de la celulitis, P\u00e9rdida de peso, Cuerpo esculpido, Contorneado y Formaci\u00f3n Corporal, Aspiraci\u00f3n de RF Bipolar con Luz Infrarroja<\/h1>\n<h3>Rahil Khan, M.D.<br>Estrella Aesthetics & Surgical Arts<br>Corona, California<\/h3>\n<p><a name=\"top\"><\/a><\/p>\n<h2>VelaShape II<\/strong> &#8211; Reducci\u00f3n de la Celulitis<\/h2>\n<p>VelaShape \u2122 II cuenta con la revolucionaria combinaci\u00f3n el\u014ds\u2122 de radiofrecuencia bipolar (RF), energ\u00eda de luz infrarroja, m\u00e1s Aspiraci\u00f3n y Masaje. El calentamiento preciso asegura un tratamiento seguro, eficaz, r\u00e1pido de aspiraci\u00f3n sin incapacidad y se efect\u00faa con rodillos especialmente dise\u00f1ados para un Masaje Mec\u00e1nico que suaviza la piel para facilitar el suministro de energ\u00eda de calor de manera segura y eficiente. El resultado neto aumenta el metabolismo de la energ\u00eda almacenada, como as\u00ed tambi\u00e9n el drenaje linf\u00e1tico y reduce o aminora el tama\u00f1o de las c\u00e9lulas grasas y los dep\u00f3sitos de esta.<br \/>\n<br \/>&nbsp; <\/p>\n<h2>Escultura Corporal <\/h2>\n<p><img class=\"lazy-load\" data-src=\"\/images\/VelaShape.png\" alt=\"Vela Shape\" width=\"352\" height=\"130\" align=\"left\" \/><br \/>\n <b>\u00abSecretos de las Estrellas Revelados\u00bb<\/b><br \/>\n\u00bfTe has preguntado por qu\u00e9 las estrellas se ven tan bien en tan poco tiempo?<\/p>\n<p>En Estrella Aesthetics &amp; Surgical Arts, el Dr. Chugay ha personalizado la industria de la escultura corporal con los procedimientos m\u00e1s avanzados y las \u00faltimas tecnolog\u00edas que te dar\u00e1n los resultados que siempre so\u00f1aste. Hemos revolucionado la forma en que puedes obtener resultados \u00f3ptimos con casi ning\u00fan tiempo de inactividad.<\/p>\n<h3>C\u00f3mo funciona VelaShape II<\/h3>\n<p>[pro-player width=\u00bb500&#8243; height=\u00bb350&#8243;]https:\/\/estrellaaesthetics.com\/video\/VelaShape.flv[\/pro-player]<\/p>\n<p>&nbsp;<br \/>\nVelaShape \u2122 II ofrece la revolucionaria combinaci\u00f3n el\u014ds \u2122 de radiofrecuencia bipolar (RF), Energ\u00eda de Luz Infrarroja, m\u00e1s aspiraci\u00f3n y Masaje Mec\u00e1nico. El calentamiento preciso garantiza un tratamiento seguro, eficaz, r\u00e1pido, sin tiempo de inactividad.<\/strong>. <\/p>\n<p>La aspiraci\u00f3n y los rodillos especialmente dise\u00f1ados para el masaje mec\u00e1nico suavizan la piel para facilitar el suministro de energ\u00eda cal\u00f3rica de manera segura y eficiente. El resultado neto aumenta el metabolismo de la energ\u00eda almacenada, como as\u00ed tambi\u00e9n el drenaje linf\u00e1tico y reduce o disminuye el tama\u00f1o de las c\u00e9lulas de grasa y los dep\u00f3sitos de grasa.<\/p>\n<p>El resultado:<br \/>\t<br \/>\nAlisamiento gradual de la superficie de la piel con una notable reducci\u00f3n de celulitis, reducci\u00f3n circunferencial, con notable remodelaci\u00f3n de la zona tratada.<\/p>\n<p>En un estudio cl\u00ednico multic\u00e9ntrico, 85% de las \u00e1reas tratadas han reportado reducci\u00f3n circunferencial de los muslos de al menos 1 cm y hasta de 7,2 cm de reducci\u00f3n. Con VelaShape\u2122 es f\u00e1cil mejorar tu cuerpo, mejorar tu estilo de vida y sentirte mejor contigo mismo.<\/p>\n<h3>Cuerpo despu\u00e9s del parto <\/h3>\n<p>Para muchas mujeres, las hermosas experiencias del embarazo y el parto pueden verse desmejoradas por un aumento general en la laxitud de la piel y la insatisfacci\u00f3n con la imagen corporal.<\/p>\n<p>VelaShape \u2122 mejora el contorno y las formas del cuerpo reduciendo la celulitis y la circunferencia en tan s\u00f3lo 4 sesiones de tratamiento. VelaShape II ha sido autorizado por la FDA y proporciona resultados visibles sin tiempo de inactividad o malestar significativo.<\/p>\n<p>Experimenta una alternativa no quir\u00fargica probada.<\/p>\n<p>El estudio cl\u00ednico del cuerpo despu\u00e9s del parto encontr\u00f3 que con cinco tratamientos de VelaShape con una semana de separaci\u00f3n, los pacientes presentaron una reducci\u00f3n circunferencial en promedio de 5,93 cm (2,33 pulgadas) en la nalga, 2,5 cm (1 pulgada) en el muslo y 7,37 cm (2,9 pulgadas) en el \u00e1rea del abdomen.<\/p>\n<h3>VelaShape en Rachel Ray<\/h3>\n<p><strong><a href=\"#top\">Volver al principio<\/strong><\/a> <\/p>\n","protected":false},"excerpt":{"rendered":"<p>VelaShape II \u2013 Reducci\u00f3n de la celulitis, P\u00e9rdida de peso, Cuerpo esculpido, Contorneado y Formaci\u00f3n Corporal, Aspiraci\u00f3n de RF Bipolar con Luz Infrarroja VelaShape II &#8211; Reducci\u00f3n de la Celulitis VelaShape \u2122 II cuenta con la revolucionaria combinaci\u00f3n el\u014ds\u2122 de radiofrecuencia bipolar (RF), energ\u00eda de luz infrarroja, m\u00e1s Aspiraci\u00f3n y Masaje. El calentamiento preciso asegura&#8230; <a class=\"more-link\" href=\"https:\/\/estrellaaesthetics.com\/es\/velashape\">[Read More]<\/a><\/p>\n","protected":false},"author":4,"featured_media":0,"parent":0,"menu_order":0,"comment_status":"open","ping_status":"open","template":"","meta":{"_acf_changed":false,"inline_featured_image":false,"_genesis_hide_title":false,"_genesis_hide_breadcrumbs":false,"_genesis_hide_singular_image":false,"_genesis_hide_footer_widgets":false,"_genesis_custom_body_class":"","_genesis_custom_post_class":"","_genesis_layout":"","footnotes":""},"class_list":{"0":"post-4712","1":"page","2":"type-page","3":"status-publish","5":"entry"},"acf":[],"yoast_head":"\n<title>VelaShape II \u2013 Reducci\u00f3n de la Celulitis<\/title>\n<meta name=\"description\" content=\"VelaShape II \u2013 Reducci\u00f3n de la celulitis, P\u00e9rdida de peso, Cuerpo esculpido, Contorneado y Formaci\u00f3n Corporal, Aspiraci\u00f3n de RF Bipolar con Luz Infrarroja\" \/>\n<meta name=\"robots\" content=\"index, follow, max-snippet:-1, max-image-preview:large, max-video-preview:-1\" \/>\n<link rel=\"canonical\" href=\"https:\/\/estrellaaesthetics.com\/es\/velashape\/\" \/>\n<meta property=\"og:locale\" content=\"es_ES\" \/>\n<meta property=\"og:type\" content=\"article\" \/>\n<meta property=\"og:title\" content=\"VelaShape II \u2013 Reducci\u00f3n de la Celulitis\" \/>\n<meta property=\"og:description\" content=\"VelaShape II \u2013 Reducci\u00f3n de la celulitis, P\u00e9rdida de peso, Cuerpo esculpido, Contorneado y Formaci\u00f3n Corporal, Aspiraci\u00f3n de RF Bipolar con Luz Infrarroja\" \/>\n<meta property=\"og:url\" content=\"https:\/\/estrellaaesthetics.com\/es\/velashape\/\" \/>\n<meta property=\"og:site_name\" content=\"Estrella Aesthetics &amp; Surgical Arts - Spanish\" \/>\n<meta property=\"article:modified_time\" content=\"2019-08-15T18:45:03+00:00\" \/>\n<meta property=\"og:image\" content=\"https:\/\/estrellaaesthetics.com\/images\/VelaShape.png\" \/>\n<meta name=\"twitter:card\" content=\"summary_large_image\" \/>\n<meta name=\"twitter:label1\" content=\"Tiempo de lectura\" \/>\n\t<meta name=\"twitter:data1\" content=\"3 minutos\" \/>\n<script type=\"application\/ld+json\" class=\"yoast-schema-graph\">{\"@context\":\"https:\\\/\\\/schema.org\",\"@graph\":[{\"@type\":\"WebPage\",\"@id\":\"https:\\\/\\\/estrellaaesthetics.com\\\/es\\\/velashape\\\/\",\"url\":\"https:\\\/\\\/estrellaaesthetics.com\\\/es\\\/velashape\\\/\",\"name\":\"VelaShape II \u2013 Reducci\u00f3n de la Celulitis\",\"isPartOf\":{\"@id\":\"https:\\\/\\\/estrellaaesthetics.com\\\/es\\\/#website\"},\"datePublished\":\"2014-07-24T16:49:38+00:00\",\"dateModified\":\"2019-08-15T18:45:03+00:00\",\"description\":\"VelaShape II \u2013 Reducci\u00f3n de la celulitis, P\u00e9rdida de peso, Cuerpo esculpido, Contorneado y Formaci\u00f3n Corporal, Aspiraci\u00f3n de RF Bipolar con Luz Infrarroja\",\"inLanguage\":\"es\",\"potentialAction\":[{\"@type\":\"ReadAction\",\"target\":[\"https:\\\/\\\/estrellaaesthetics.com\\\/es\\\/velashape\\\/\"]}]},{\"@type\":\"WebSite\",\"@id\":\"https:\\\/\\\/estrellaaesthetics.com\\\/es\\\/#website\",\"url\":\"https:\\\/\\\/estrellaaesthetics.com\\\/es\\\/\",\"name\":\"Estrella Aesthetics &amp; Surgical Arts - Spanish\",\"description\":\"Estrella Aesthetics &amp; Surgical Arts - Non-Surgical Laser Skin Care Clinic, Botox, Restylane &amp; Dermal Fillers, Corona, California\",\"potentialAction\":[{\"@type\":\"SearchAction\",\"target\":{\"@type\":\"EntryPoint\",\"urlTemplate\":\"https:\\\/\\\/estrellaaesthetics.com\\\/es\\\/?s={search_term_string}\"},\"query-input\":{\"@type\":\"PropertyValueSpecification\",\"valueRequired\":true,\"valueName\":\"search_term_string\"}}],\"inLanguage\":\"es\"}]}<\/script>\n","yoast_head_json":{"title":"VelaShape II \u2013 Reducci\u00f3n de la Celulitis","description":"VelaShape II \u2013 Reducci\u00f3n de la celulitis, P\u00e9rdida de peso, Cuerpo esculpido, Contorneado y Formaci\u00f3n Corporal, Aspiraci\u00f3n de RF Bipolar con Luz Infrarroja","robots":{"index":"index","follow":"follow","max-snippet":"max-snippet:-1","max-image-preview":"max-image-preview:large","max-video-preview":"max-video-preview:-1"},"canonical":"https:\/\/estrellaaesthetics.com\/es\/velashape\/","og_locale":"es_ES","og_type":"article","og_title":"VelaShape II \u2013 Reducci\u00f3n de la Celulitis","og_description":"VelaShape II \u2013 Reducci\u00f3n de la celulitis, P\u00e9rdida de peso, Cuerpo esculpido, Contorneado y Formaci\u00f3n Corporal, Aspiraci\u00f3n de RF Bipolar con Luz Infrarroja","og_url":"https:\/\/estrellaaesthetics.com\/es\/velashape\/","og_site_name":"Estrella Aesthetics &amp; Surgical Arts - Spanish","article_modified_time":"2019-08-15T18:45:03+00:00","og_image":[{"url":"https:\/\/estrellaaesthetics.com\/images\/VelaShape.png","type":"","width":"","height":""}],"twitter_card":"summary_large_image","twitter_misc":{"Tiempo de lectura":"3 minutos"},"schema":{"@context":"https:\/\/schema.org","@graph":[{"@type":"WebPage","@id":"https:\/\/estrellaaesthetics.com\/es\/velashape\/","url":"https:\/\/estrellaaesthetics.com\/es\/velashape\/","name":"VelaShape II \u2013 Reducci\u00f3n de la Celulitis","isPartOf":{"@id":"https:\/\/estrellaaesthetics.com\/es\/#website"},"datePublished":"2014-07-24T16:49:38+00:00","dateModified":"2019-08-15T18:45:03+00:00","description":"VelaShape II \u2013 Reducci\u00f3n de la celulitis, P\u00e9rdida de peso, Cuerpo esculpido, Contorneado y Formaci\u00f3n Corporal, Aspiraci\u00f3n de RF Bipolar con Luz Infrarroja","inLanguage":"es","potentialAction":[{"@type":"ReadAction","target":["https:\/\/estrellaaesthetics.com\/es\/velashape\/"]}]},{"@type":"WebSite","@id":"https:\/\/estrellaaesthetics.com\/es\/#website","url":"https:\/\/estrellaaesthetics.com\/es\/","name":"Estrella Aesthetics &amp; Surgical Arts - Spanish","description":"Estrella Aesthetics &amp; Surgical Arts - Non-Surgical Laser Skin Care Clinic, Botox, Restylane &amp; Dermal Fillers, Corona, California","potentialAction":[{"@type":"SearchAction","target":{"@type":"EntryPoint","urlTemplate":"https:\/\/estrellaaesthetics.com\/es\/?s={search_term_string}"},"query-input":{"@type":"PropertyValueSpecification","valueRequired":true,"valueName":"search_term_string"}}],"inLanguage":"es"}]}},"_links":{"self":[{"href":"https:\/\/estrellaaesthetics.com\/es\/wp-json\/wp\/v2\/pages\/4712","targetHints":{"allow":["GET"]}}],"collection":[{"href":"https:\/\/estrellaaesthetics.com\/es\/wp-json\/wp\/v2\/pages"}],"about":[{"href":"https:\/\/estrellaaesthetics.com\/es\/wp-json\/wp\/v2\/types\/page"}],"author":[{"embeddable":true,"href":"https:\/\/estrellaaesthetics.com\/es\/wp-json\/wp\/v2\/users\/4"}],"replies":[{"embeddable":true,"href":"https:\/\/estrellaaesthetics.com\/es\/wp-json\/wp\/v2\/comments?post=4712"}],"version-history":[{"count":0,"href":"https:\/\/estrellaaesthetics.com\/es\/wp-json\/wp\/v2\/pages\/4712\/revisions"}],"wp:attachment":[{"href":"https:\/\/estrellaaesthetics.com\/es\/wp-json\/wp\/v2\/media?parent=4712"}],"curies":[{"name":"wp","href":"https:\/\/api.w.org\/{rel}","templated":true}]}}