{"id":4696,"date":"2014-07-23T17:26:40","date_gmt":"2014-07-23T17:26:40","guid":{"rendered":"http:\/\/estrellaaesthetics.com\/es\/?page_id=4696"},"modified":"2022-04-05T10:52:39","modified_gmt":"2022-04-05T17:52:39","slug":"tratamiento-venas-varicosas","status":"publish","type":"page","link":"https:\/\/estrellaaesthetics.com\/es\/tratamiento-venas-varicosas","title":{"rendered":"Tratamiento de Venas Varicosas"},"content":{"rendered":"<h1>El Tratamiento de Venas Varicosas (RF y Tecnolog\u00edas L\u00e1ser)<\/h1>\n<p><h3>Rahil Khan, M.D.<br>Estrella Aesthetics & Surgical Arts<br>Corona, California<\/h3><br \/>\nEl Dr. Ray Khan est\u00e1 altamente capacitado para tratar todos los aspectos de la enfermedad de las venas, desde las venas tipo ara\u00f1a o \u201cara\u00f1as vasculares\u201d, hasta las venas varicosas.<\/p>\n<h3>\u00bfQu\u00e9 es la enfermedad de las Venas?<\/h3>\n<p>La enfermedad de las venas y los vasos sangu\u00edneos se refiere a cambios o anomal\u00edas de las venas. Las venas transportan la sangre hacia el coraz\u00f3n, mientras que las arterias llevan la sangre a todos los \u00f3rganos y tejidos. Las enfermedades de las venas afectan en mayor medida a las extremidades inferiores, especialmente las piernas.<\/p>\n<p>Debido a la variedad de enfermedades de las venas, estas pueden resultar en problemas est\u00e9ticos, pero m\u00e1s importante a\u00fan, en problemas funcionales que pueden causar dolor, hinchaz\u00f3n, falta de cicatrizaci\u00f3n en las lesiones en la piel, p\u00e9rdida de pelo o infertilidad.<\/p>\n<p>Podemos tratar exitosamente las siguientes condiciones:<\/p>\n<ul>\n<li>Venas tipo ara\u00f1a<\/li>\n<li>Telangiectasias (dilataci\u00f3n de capilares sangu\u00edneos)<\/li>\n<li>Venas varicosas (v\u00e1rices)<\/li>\n<li>Venas varicosas p\u00e9lvicas y labiales<\/li>\n<li>Varicocele e infertilidad masculina<\/li>\n<li>Trombosis venosa profunda<\/li>\n<\/ul>\n<h3>\u00bfQu\u00e9 causa la enfermedad de las Venas?<\/h3>\n<p>El proceso de envejecimiento a menudo da lugar a la enfermedad debido a:<\/p>\n<ol>\n<li>permanecer demasiado tiempo de pie<\/li>\n<li>la gravedad<\/li>\n<li>el aumento de peso<\/li>\n<\/ol>\n<p>Todos estos factores pueden empeorar los posibles problemas de las venas. Varios factores contribuyen a la enfermedad de las venas, tales como v\u00e1lvulas da\u00f1adas que permiten que la sangre fluya hacia abajo (hacia los pies), paredes vasculares debilitadas y estrechamiento u oclusi\u00f3n de las venas, causada por co\u00e1gulos de sangre.<\/p>\n<h3>\u00bfC\u00f3mo se tratan las enfermedades vasculares?<\/h3>\n<p>El examen f\u00edsico, el historial y un ultrasonido diagn\u00f3stico de color de flujo son herramientas usadas para diagn\u00f3stico r\u00e1pido y efectivo en el tratamiento de las condiciones de las venas con tratamientos probados, incluyendo, pero no limitado a lo siguiente:<\/p>\n<p><em><strong>Opciones de tratamiento de venas tipo ara\u00f1a:<\/strong><\/em>:<\/p>\n<ol>\n<li>Escleroterapia<\/li>\n<li>Escleroterapia de espuma<\/li>\n<li>Tratamiento VeinGogh<\/li>\n<\/ol>\n<p><em><strong>Opciones de tratamiento de venas varicosas:<\/strong><\/em><\/p>\n<ol>\n<li>Ablaci\u00f3n con l\u00e1ser endovenoso (EVLT)<\/li>\n<li>Tratamiento endovenoso de cierre (VNUS)-radiofrecuencia<\/li>\n<li>escleroterapia de espuma guiada por ultrasonido<\/li>\n<li>Medias de compresi\u00f3n<\/li>\n<\/ol>\n<p>El tratamiento con l\u00e1ser de ablaci\u00f3n endovenosa (EVLT) muestra los mejores resultados con m\u00e1s de un 95% de \u00e9xito bajo anestesia local en menos de 30 minutos.<\/p>\n<p>Contacta a <a href=\"\/es\/quienes-somos\" target=\"_blank\" rel=\"noopener noreferrer\">Estrella Aesthetics &amp; Surgical Arts in Corona, CA<\/a> \u00a1para una consulta hoy mismo!<\/p>\n<h3>Estrella Aesthetics &amp; Surgical Arts<\/h3>\n<p>2550 Tuscany St. Suite 103<br \/>\nCorona, CA 92881<br \/>\n<abbr title=\"Phone\">P:<\/abbr> <strong><a href=\"tel:+19513561207\" onclick=\"sendEventToGoogle('Content', '\/es\/wp-json\/wp\/v2\/pages\/4696', '+19513561207');\">(951) 356-1207<\/a><\/strong><\/p>\n<\/address>\n<h2>Horario de Atenci\u00f3n<\/h2>\r\n<h5>Lunes a Viernes: 10.00am a 7.00pm<\/h5>\r\n<h5>S\u00e1bado: 10.00am a 5.00pm<\/h5>\r\n<h5>Domingos Cerrados<\/h5>\n","protected":false},"excerpt":{"rendered":"<p>El Tratamiento de Venas Varicosas (RF y Tecnolog\u00edas L\u00e1ser) El Dr. Ray Khan est\u00e1 altamente capacitado para tratar todos los aspectos de la enfermedad de las venas, desde las venas tipo ara\u00f1a o \u201cara\u00f1as vasculares\u201d, hasta las venas varicosas. \u00bfQu\u00e9 es la enfermedad de las Venas? La enfermedad de las venas y los vasos sangu\u00edneos&#8230; <a class=\"more-link\" href=\"https:\/\/estrellaaesthetics.com\/es\/tratamiento-venas-varicosas\">[Read More]<\/a><\/p>\n","protected":false},"author":4,"featured_media":0,"parent":0,"menu_order":0,"comment_status":"open","ping_status":"open","template":"","meta":{"_acf_changed":false,"inline_featured_image":false,"_genesis_hide_title":false,"_genesis_hide_breadcrumbs":false,"_genesis_hide_singular_image":false,"_genesis_hide_footer_widgets":false,"_genesis_custom_body_class":"","_genesis_custom_post_class":"","_genesis_layout":"","footnotes":""},"class_list":{"0":"post-4696","1":"page","2":"type-page","3":"status-publish","5":"entry"},"acf":[],"yoast_head":"\n<title>Tratamiento de Venas Varicosas<\/title>\n<meta name=\"description\" content=\"Nosotros conformamos un equipo de especialistas altamente capacitados para tratar todos los aspectos de la enfermedad de las venas, desde las venas tipo ara\u00f1a o \u201cara\u00f1as vasculares\u201d, hasta las venas varicosas\" \/>\n<meta name=\"robots\" content=\"index, follow, max-snippet:-1, max-image-preview:large, max-video-preview:-1\" \/>\n<link rel=\"canonical\" href=\"https:\/\/estrellaaesthetics.com\/es\/tratamiento-venas-varicosas\/\" \/>\n<meta property=\"og:locale\" content=\"es_ES\" \/>\n<meta property=\"og:type\" content=\"article\" \/>\n<meta property=\"og:title\" content=\"Tratamiento de Venas Varicosas\" \/>\n<meta property=\"og:description\" content=\"Nosotros conformamos un equipo de especialistas altamente capacitados para tratar todos los aspectos de la enfermedad de las venas, desde las venas tipo ara\u00f1a o \u201cara\u00f1as vasculares\u201d, hasta las venas varicosas\" \/>\n<meta property=\"og:url\" content=\"https:\/\/estrellaaesthetics.com\/es\/tratamiento-venas-varicosas\/\" \/>\n<meta property=\"og:site_name\" content=\"Estrella Aesthetics &amp; Surgical Arts - Spanish\" \/>\n<meta property=\"article:modified_time\" content=\"2022-04-05T17:52:39+00:00\" \/>\n<meta name=\"twitter:card\" content=\"summary_large_image\" \/>\n<meta name=\"twitter:label1\" content=\"Tiempo de lectura\" \/>\n\t<meta name=\"twitter:data1\" content=\"2 minutos\" \/>\n<script type=\"application\/ld+json\" class=\"yoast-schema-graph\">{\"@context\":\"https:\\\/\\\/schema.org\",\"@graph\":[{\"@type\":\"WebPage\",\"@id\":\"https:\\\/\\\/estrellaaesthetics.com\\\/es\\\/tratamiento-venas-varicosas\\\/\",\"url\":\"https:\\\/\\\/estrellaaesthetics.com\\\/es\\\/tratamiento-venas-varicosas\\\/\",\"name\":\"Tratamiento de Venas Varicosas\",\"isPartOf\":{\"@id\":\"https:\\\/\\\/estrellaaesthetics.com\\\/es\\\/#website\"},\"datePublished\":\"2014-07-23T17:26:40+00:00\",\"dateModified\":\"2022-04-05T17:52:39+00:00\",\"description\":\"Nosotros conformamos un equipo de especialistas altamente capacitados para tratar todos los aspectos de la enfermedad de las venas, desde las venas tipo ara\u00f1a o \u201cara\u00f1as vasculares\u201d, hasta las venas varicosas\",\"inLanguage\":\"es\",\"potentialAction\":[{\"@type\":\"ReadAction\",\"target\":[\"https:\\\/\\\/estrellaaesthetics.com\\\/es\\\/tratamiento-venas-varicosas\\\/\"]}]},{\"@type\":\"WebSite\",\"@id\":\"https:\\\/\\\/estrellaaesthetics.com\\\/es\\\/#website\",\"url\":\"https:\\\/\\\/estrellaaesthetics.com\\\/es\\\/\",\"name\":\"Estrella Aesthetics &amp; Surgical Arts - Spanish\",\"description\":\"Estrella Aesthetics &amp; Surgical Arts - Non-Surgical Laser Skin Care Clinic, Botox, Restylane &amp; Dermal Fillers, Corona, California\",\"potentialAction\":[{\"@type\":\"SearchAction\",\"target\":{\"@type\":\"EntryPoint\",\"urlTemplate\":\"https:\\\/\\\/estrellaaesthetics.com\\\/es\\\/?s={search_term_string}\"},\"query-input\":{\"@type\":\"PropertyValueSpecification\",\"valueRequired\":true,\"valueName\":\"search_term_string\"}}],\"inLanguage\":\"es\"}]}<\/script>\n","yoast_head_json":{"title":"Tratamiento de Venas Varicosas","description":"Nosotros conformamos un equipo de especialistas altamente capacitados para tratar todos los aspectos de la enfermedad de las venas, desde las venas tipo ara\u00f1a o \u201cara\u00f1as vasculares\u201d, hasta las venas varicosas","robots":{"index":"index","follow":"follow","max-snippet":"max-snippet:-1","max-image-preview":"max-image-preview:large","max-video-preview":"max-video-preview:-1"},"canonical":"https:\/\/estrellaaesthetics.com\/es\/tratamiento-venas-varicosas\/","og_locale":"es_ES","og_type":"article","og_title":"Tratamiento de Venas Varicosas","og_description":"Nosotros conformamos un equipo de especialistas altamente capacitados para tratar todos los aspectos de la enfermedad de las venas, desde las venas tipo ara\u00f1a o \u201cara\u00f1as vasculares\u201d, hasta las venas varicosas","og_url":"https:\/\/estrellaaesthetics.com\/es\/tratamiento-venas-varicosas\/","og_site_name":"Estrella Aesthetics &amp; Surgical Arts - Spanish","article_modified_time":"2022-04-05T17:52:39+00:00","twitter_card":"summary_large_image","twitter_misc":{"Tiempo de lectura":"2 minutos"},"schema":{"@context":"https:\/\/schema.org","@graph":[{"@type":"WebPage","@id":"https:\/\/estrellaaesthetics.com\/es\/tratamiento-venas-varicosas\/","url":"https:\/\/estrellaaesthetics.com\/es\/tratamiento-venas-varicosas\/","name":"Tratamiento de Venas Varicosas","isPartOf":{"@id":"https:\/\/estrellaaesthetics.com\/es\/#website"},"datePublished":"2014-07-23T17:26:40+00:00","dateModified":"2022-04-05T17:52:39+00:00","description":"Nosotros conformamos un equipo de especialistas altamente capacitados para tratar todos los aspectos de la enfermedad de las venas, desde las venas tipo ara\u00f1a o \u201cara\u00f1as vasculares\u201d, hasta las venas varicosas","inLanguage":"es","potentialAction":[{"@type":"ReadAction","target":["https:\/\/estrellaaesthetics.com\/es\/tratamiento-venas-varicosas\/"]}]},{"@type":"WebSite","@id":"https:\/\/estrellaaesthetics.com\/es\/#website","url":"https:\/\/estrellaaesthetics.com\/es\/","name":"Estrella Aesthetics &amp; Surgical Arts - Spanish","description":"Estrella Aesthetics &amp; Surgical Arts - Non-Surgical Laser Skin Care Clinic, Botox, Restylane &amp; Dermal Fillers, Corona, California","potentialAction":[{"@type":"SearchAction","target":{"@type":"EntryPoint","urlTemplate":"https:\/\/estrellaaesthetics.com\/es\/?s={search_term_string}"},"query-input":{"@type":"PropertyValueSpecification","valueRequired":true,"valueName":"search_term_string"}}],"inLanguage":"es"}]}},"_links":{"self":[{"href":"https:\/\/estrellaaesthetics.com\/es\/wp-json\/wp\/v2\/pages\/4696","targetHints":{"allow":["GET"]}}],"collection":[{"href":"https:\/\/estrellaaesthetics.com\/es\/wp-json\/wp\/v2\/pages"}],"about":[{"href":"https:\/\/estrellaaesthetics.com\/es\/wp-json\/wp\/v2\/types\/page"}],"author":[{"embeddable":true,"href":"https:\/\/estrellaaesthetics.com\/es\/wp-json\/wp\/v2\/users\/4"}],"replies":[{"embeddable":true,"href":"https:\/\/estrellaaesthetics.com\/es\/wp-json\/wp\/v2\/comments?post=4696"}],"version-history":[{"count":0,"href":"https:\/\/estrellaaesthetics.com\/es\/wp-json\/wp\/v2\/pages\/4696\/revisions"}],"wp:attachment":[{"href":"https:\/\/estrellaaesthetics.com\/es\/wp-json\/wp\/v2\/media?parent=4696"}],"curies":[{"name":"wp","href":"https:\/\/api.w.org\/{rel}","templated":true}]}}