{"id":4566,"date":"2014-06-16T16:45:28","date_gmt":"2014-06-16T16:45:28","guid":{"rendered":"http:\/\/estrellaaesthetics.com\/es\/?page_id=4566"},"modified":"2026-03-13T17:43:01","modified_gmt":"2026-03-14T00:43:01","slug":"el-tratamiento-favorito-en-hollywood-ahora-en-corona-ca-en-aesthetics-surgical-arts","status":"publish","type":"page","link":"https:\/\/estrellaaesthetics.com\/es\/prensa\/facials-disponible-en-corona-ca","title":{"rendered":"El tratamiento favorito en Hollywood ahora en Corona, CA"},"content":{"rendered":"<h1>Facials ahora disponible en Corona, CA<\/h1>\n<p><strong>(Corona, CA)<\/strong> &#8211; Hollywood ama el <strong>Facial Treatment<\/strong> y ahora este tratamiento incre\u00edble de las estrellas est\u00e1 disponible en <strong>Estrella Aesthetics &amp; Surgical Arts,<\/strong> ubicada en el 2550 Toscana St.Suite 103 Corona, CA 92881. <a href=\"https:\/\/estrellaaesthetics.com\/es\/procedimientos-para-la-piel\/suplementos-faciales\/\">Haga clic aqu\u00ed para m\u00e1s detalles<\/a>. Celebridades como Paris Hilton, Adrienne Maloof, Evan Rachel Wood, Kate Winslet y Amy Poehler, y ahora Marie Osmond de \u00abDonnie and Marie\u00bb \u00a1se agregan a la lista! En una reciente entrevista con la revista Prevention, le pidieron a Marie que compartiera sus secretos para piel, y dijo; \u00abMe he hecho un Facials, el cual es un rejuvenecimiento no-laser para la piel. Me hice un segundo procedimiento, con luz infrarroja; \u00e9ste tratamiento tensa la piel y estimula el col\u00e1geno para que tu cara se vea m\u00e1s tonificada. Y uso mucho protector solar\u00bb.<\/p>\n<p>Hay muchos tratamientos en el mercado, pero doctores de Hollywood m\u00e9dicos como el Dr. Paul Nassif, el Dr. Harold Lancer y el Dr. Zein Obagi siguen usando Tratamientos Faciales para obtener resultados. El tratamiento facial \u2122 ha sido dise\u00f1ado para nutrir y humectar la piel, dej\u00e1ndola suave, flexible e hidratada, la defensa perfecta contra la sequedad. Tratamientos Faciales combinan limpieza, exfoliaci\u00f3n, extracci\u00f3n, hidrataci\u00f3n y todo en un tratamiento no invasivo y r\u00e1pido. Es realmente beneficioso para todos, con sueros que se enfocan en los problemas de la piel, incluyendo da\u00f1o por el sol, espinillas, barros, poros dilatados, manchas, tono de piel desigual y l\u00edneas finas, as\u00ed como las arrugas.<\/p>\n<p>&nbsp;<\/p>\n<p>Para saber c\u00f3mo obtener este tratamiento de Hollywood en Corona, CA, por favor comun\u00edquese con <a href=\"https:\/\/estrellaaesthetics.com\/\">Estrella Aesthetics &amp; Surgical Arts<\/a> al <strong><a href=\"tel:+19513561207\" onclick=\"sendEventToGoogle('Content', '\/es\/wp-json\/wp\/v2\/pages\/4566', '+19513561207');\">(951) 356-1207<\/a><\/strong> y pida este tratamiento incre\u00edble.<\/p>\n<h2>Acerca de Estrella Aesthetics &amp; Surgical Arts<\/h2>\n<p>Estrella Aesthetics &amp; Surgical Arts no es s\u00f3lo el centro est\u00e9tico m\u00e1s avanzado en Corona, California, sino tambi\u00e9n sirve como un centro de entrenamiento para pares m\u00e9dicos y enfermeras que quieren obtener conocimientos avanzados en el tema. Judi Castro, RN, MEP-C, APRN, CAC es la capacitadora est\u00e9tica certificada de Medicis Aesthetics; los creadores de Restylane, Perlane y Dysport. Estrella Aesthetics ha sido galardonado con los siguientes premios: Premio al Proveedor de Artefill Diamond Elite, Doble Premio Platino Perlane, Premio Titanio Dysport y Premio Diamante Botox. Visite <a href=\"https:\/\/estrellaaesthetics.com\">https:\/\/estrellaaesthetics.com<\/a> para obtener m\u00e1s informaci\u00f3n.<\/p>\n","protected":false},"excerpt":{"rendered":"<p>Facials ahora disponible en Corona, CA (Corona, CA) &#8211; Hollywood ama el Facial Treatment y ahora este tratamiento incre\u00edble de las estrellas est\u00e1 disponible en Estrella Aesthetics &amp; Surgical Arts, ubicada en el 2550 Toscana St.Suite 103 Corona, CA 92881. Haga clic aqu\u00ed para m\u00e1s detalles. Celebridades como Paris Hilton, Adrienne Maloof, Evan Rachel Wood,&#8230; <a class=\"more-link\" href=\"https:\/\/estrellaaesthetics.com\/es\/prensa\/facials-disponible-en-corona-ca\">[Read More]<\/a><\/p>\n","protected":false},"author":4,"featured_media":0,"parent":0,"menu_order":0,"comment_status":"open","ping_status":"open","template":"","meta":{"_acf_changed":false,"inline_featured_image":false,"_genesis_hide_title":false,"_genesis_hide_breadcrumbs":false,"_genesis_hide_singular_image":false,"_genesis_hide_footer_widgets":false,"_genesis_custom_body_class":"","_genesis_custom_post_class":"","_genesis_layout":"","footnotes":""},"class_list":{"0":"post-4566","1":"page","2":"type-page","3":"status-publish","5":"entry"},"acf":[],"yoast_head":"\n<title>El tratamiento favorito en Hollywood ahora en Corona, CA<\/title>\n<meta name=\"description\" content=\"Hollywood ama Facials y ahora este tratamiento incre\u00edble de las estrellas est\u00e1 disponible en Estrella Aesthetics &amp; Surgical Arts en Corona, CA.\" \/>\n<meta name=\"robots\" content=\"index, follow, max-snippet:-1, max-image-preview:large, max-video-preview:-1\" \/>\n<link rel=\"canonical\" href=\"https:\/\/estrellaaesthetics.com\/es\/prensa\/facials-disponible-en-corona-ca\/\" \/>\n<meta property=\"og:locale\" content=\"es_ES\" \/>\n<meta property=\"og:type\" content=\"article\" \/>\n<meta property=\"og:title\" content=\"El tratamiento favorito en Hollywood ahora en Corona, CA\" \/>\n<meta property=\"og:description\" content=\"Hollywood ama Facials y ahora este tratamiento incre\u00edble de las estrellas est\u00e1 disponible en Estrella Aesthetics &amp; Surgical Arts en Corona, CA.\" \/>\n<meta property=\"og:url\" content=\"https:\/\/estrellaaesthetics.com\/es\/prensa\/facials-disponible-en-corona-ca\/\" \/>\n<meta property=\"og:site_name\" content=\"Estrella Aesthetics &amp; Surgical Arts - Spanish\" \/>\n<meta property=\"article:modified_time\" content=\"2026-03-14T00:43:01+00:00\" \/>\n<meta name=\"twitter:card\" content=\"summary_large_image\" \/>\n<meta name=\"twitter:label1\" content=\"Tiempo de lectura\" \/>\n\t<meta name=\"twitter:data1\" content=\"2 minutos\" \/>\n<script type=\"application\/ld+json\" class=\"yoast-schema-graph\">{\"@context\":\"https:\\\/\\\/schema.org\",\"@graph\":[{\"@type\":\"WebPage\",\"@id\":\"https:\\\/\\\/estrellaaesthetics.com\\\/es\\\/prensa\\\/facials-disponible-en-corona-ca\\\/\",\"url\":\"https:\\\/\\\/estrellaaesthetics.com\\\/es\\\/prensa\\\/facials-disponible-en-corona-ca\\\/\",\"name\":\"El tratamiento favorito en Hollywood ahora en Corona, CA\",\"isPartOf\":{\"@id\":\"https:\\\/\\\/estrellaaesthetics.com\\\/es\\\/#website\"},\"datePublished\":\"2014-06-16T16:45:28+00:00\",\"dateModified\":\"2026-03-14T00:43:01+00:00\",\"description\":\"Hollywood ama Facials y ahora este tratamiento incre\u00edble de las estrellas est\u00e1 disponible en Estrella Aesthetics & Surgical Arts en Corona, CA.\",\"inLanguage\":\"es\",\"potentialAction\":[{\"@type\":\"ReadAction\",\"target\":[\"https:\\\/\\\/estrellaaesthetics.com\\\/es\\\/prensa\\\/facials-disponible-en-corona-ca\\\/\"]}]},{\"@type\":\"WebSite\",\"@id\":\"https:\\\/\\\/estrellaaesthetics.com\\\/es\\\/#website\",\"url\":\"https:\\\/\\\/estrellaaesthetics.com\\\/es\\\/\",\"name\":\"Estrella Aesthetics &amp; Surgical Arts - Spanish\",\"description\":\"Estrella Aesthetics &amp; Surgical Arts - Non-Surgical Laser Skin Care Clinic, Botox, Restylane &amp; Dermal Fillers, Corona, California\",\"potentialAction\":[{\"@type\":\"SearchAction\",\"target\":{\"@type\":\"EntryPoint\",\"urlTemplate\":\"https:\\\/\\\/estrellaaesthetics.com\\\/es\\\/?s={search_term_string}\"},\"query-input\":{\"@type\":\"PropertyValueSpecification\",\"valueRequired\":true,\"valueName\":\"search_term_string\"}}],\"inLanguage\":\"es\"}]}<\/script>\n","yoast_head_json":{"title":"El tratamiento favorito en Hollywood ahora en Corona, CA","description":"Hollywood ama Facials y ahora este tratamiento incre\u00edble de las estrellas est\u00e1 disponible en Estrella Aesthetics & Surgical Arts en Corona, CA.","robots":{"index":"index","follow":"follow","max-snippet":"max-snippet:-1","max-image-preview":"max-image-preview:large","max-video-preview":"max-video-preview:-1"},"canonical":"https:\/\/estrellaaesthetics.com\/es\/prensa\/facials-disponible-en-corona-ca\/","og_locale":"es_ES","og_type":"article","og_title":"El tratamiento favorito en Hollywood ahora en Corona, CA","og_description":"Hollywood ama Facials y ahora este tratamiento incre\u00edble de las estrellas est\u00e1 disponible en Estrella Aesthetics & Surgical Arts en Corona, CA.","og_url":"https:\/\/estrellaaesthetics.com\/es\/prensa\/facials-disponible-en-corona-ca\/","og_site_name":"Estrella Aesthetics &amp; Surgical Arts - Spanish","article_modified_time":"2026-03-14T00:43:01+00:00","twitter_card":"summary_large_image","twitter_misc":{"Tiempo de lectura":"2 minutos"},"schema":{"@context":"https:\/\/schema.org","@graph":[{"@type":"WebPage","@id":"https:\/\/estrellaaesthetics.com\/es\/prensa\/facials-disponible-en-corona-ca\/","url":"https:\/\/estrellaaesthetics.com\/es\/prensa\/facials-disponible-en-corona-ca\/","name":"El tratamiento favorito en Hollywood ahora en Corona, CA","isPartOf":{"@id":"https:\/\/estrellaaesthetics.com\/es\/#website"},"datePublished":"2014-06-16T16:45:28+00:00","dateModified":"2026-03-14T00:43:01+00:00","description":"Hollywood ama Facials y ahora este tratamiento incre\u00edble de las estrellas est\u00e1 disponible en Estrella Aesthetics & Surgical Arts en Corona, CA.","inLanguage":"es","potentialAction":[{"@type":"ReadAction","target":["https:\/\/estrellaaesthetics.com\/es\/prensa\/facials-disponible-en-corona-ca\/"]}]},{"@type":"WebSite","@id":"https:\/\/estrellaaesthetics.com\/es\/#website","url":"https:\/\/estrellaaesthetics.com\/es\/","name":"Estrella Aesthetics &amp; Surgical Arts - Spanish","description":"Estrella Aesthetics &amp; Surgical Arts - Non-Surgical Laser Skin Care Clinic, Botox, Restylane &amp; Dermal Fillers, Corona, California","potentialAction":[{"@type":"SearchAction","target":{"@type":"EntryPoint","urlTemplate":"https:\/\/estrellaaesthetics.com\/es\/?s={search_term_string}"},"query-input":{"@type":"PropertyValueSpecification","valueRequired":true,"valueName":"search_term_string"}}],"inLanguage":"es"}]}},"_links":{"self":[{"href":"https:\/\/estrellaaesthetics.com\/es\/wp-json\/wp\/v2\/pages\/4566","targetHints":{"allow":["GET"]}}],"collection":[{"href":"https:\/\/estrellaaesthetics.com\/es\/wp-json\/wp\/v2\/pages"}],"about":[{"href":"https:\/\/estrellaaesthetics.com\/es\/wp-json\/wp\/v2\/types\/page"}],"author":[{"embeddable":true,"href":"https:\/\/estrellaaesthetics.com\/es\/wp-json\/wp\/v2\/users\/4"}],"replies":[{"embeddable":true,"href":"https:\/\/estrellaaesthetics.com\/es\/wp-json\/wp\/v2\/comments?post=4566"}],"version-history":[{"count":0,"href":"https:\/\/estrellaaesthetics.com\/es\/wp-json\/wp\/v2\/pages\/4566\/revisions"}],"wp:attachment":[{"href":"https:\/\/estrellaaesthetics.com\/es\/wp-json\/wp\/v2\/media?parent=4566"}],"curies":[{"name":"wp","href":"https:\/\/api.w.org\/{rel}","templated":true}]}}