{"id":4560,"date":"2014-06-11T20:40:59","date_gmt":"2014-06-11T20:40:59","guid":{"rendered":"http:\/\/estrellaaesthetics.com\/es\/?page_id=4560"},"modified":"2022-04-05T10:49:16","modified_gmt":"2022-04-05T17:49:16","slug":"gracias","status":"publish","type":"page","link":"https:\/\/estrellaaesthetics.com\/es\/gracias\/","title":{"rendered":"Muchas gracias. Te estaremos contactando a la brevedad."},"content":{"rendered":"<h1>Muchas gracias. Te estaremos contactando a la brevedad.<\/h1>\n<p><i>\u00a0<\/i><\/p>\n<h2>Procedimientos est\u00e9ticos para la piel en Corona, CA, Cuidado para la piel no quir\u00fargico en Corona, CA, Centro L\u00e1ser y de Cuidado Cut\u00e1neo en Corona, CA<\/h2>\n<div style=\"clear: both\"><img class=\"size-medium wp-image-2257 alignright lazy-load\" data-src=\"\/wp-content\/uploads\/2013\/06\/rsz_11photo-300x187.jpg\" alt=\"rsz_11photo\" width=\"300\" height=\"187\" \/><\/div>\n<address>\n<h3>Estrella Aesthetics &amp; Surgical Arts<\/h3>\n<p>2550 Tuscany St. Suite 103<br \/>\nCorona, CA 92881<br \/>\n<abbr title=\"Phone\">P:<\/abbr> <a href=\"tel:+19513561207\" onclick=\"sendEventToGoogle('Content', '\/es\/wp-json\/wp\/v2\/pages\/4560', '+19513561207');\">(951) 356-1207<\/a><br \/>\n<\/address>\n<h2>Horario de Atenci\u00f3n<\/h2>\r\n<h5>Lunes a Viernes: 10.00am a 7.00pm<\/h5>\r\n<h5>S\u00e1bado: 10.00am a 5.00pm<\/h5>\r\n<h5>Domingos Cerrados<\/h5>\n<p><small><a style=\"text-align: left\" href=\"http:\/\/maps.google.ca\/maps?q=2550+Tuscany+St++Suite+%23103++Corona,+CA+92881&amp;oe=utf-8&amp;client=firefox-a&amp;ie=UTF8&amp;hq=&amp;hnear=2550+Tuscany+St+%23103,+Corona,+California+92881,+United+States&amp;t=m&amp;ll=33.824651,-117.517319&amp;spn=0.021391,0.059223&amp;z=14&amp;iwloc=A&amp;source=embed\">View Larger Map<\/a><\/small><\/p>\n","protected":false},"excerpt":{"rendered":"<p>Muchas gracias. Te estaremos contactando a la brevedad. \u00a0 Procedimientos est\u00e9ticos para la piel en Corona, CA, Cuidado para la piel no quir\u00fargico en Corona, CA, Centro L\u00e1ser y de Cuidado Cut\u00e1neo en Corona, CA Estrella Aesthetics &amp; Surgical Arts 2550 Tuscany St. Suite 103 Corona, CA 92881 P: View Larger Map<\/p>\n","protected":false},"author":4,"featured_media":0,"parent":0,"menu_order":0,"comment_status":"open","ping_status":"open","template":"","meta":{"_acf_changed":false,"inline_featured_image":false,"_genesis_hide_title":false,"_genesis_hide_breadcrumbs":false,"_genesis_hide_singular_image":false,"_genesis_hide_footer_widgets":false,"_genesis_custom_body_class":"","_genesis_custom_post_class":"","_genesis_layout":"","footnotes":""},"class_list":{"0":"post-4560","1":"page","2":"type-page","3":"status-publish","5":"entry"},"acf":[],"yoast_head":"\n<title>Procedimientos est\u00e9ticos para la piel en Corona, CA<\/title>\n<meta name=\"description\" content=\"Estrella Aesthetics | Muchas gracias. Te estaremos contactando a la brevedad. | Centro L\u00e1ser y de Cuidado Cut\u00e1neo en Corona, CA\" \/>\n<meta name=\"robots\" content=\"index, follow, max-snippet:-1, max-image-preview:large, max-video-preview:-1\" \/>\n<link rel=\"canonical\" href=\"https:\/\/estrellaaesthetics.com\/es\/gracias\/\" \/>\n<meta property=\"og:locale\" content=\"es_ES\" \/>\n<meta property=\"og:type\" content=\"article\" \/>\n<meta property=\"og:title\" content=\"Procedimientos est\u00e9ticos para la piel en Corona, CA\" \/>\n<meta property=\"og:description\" content=\"Estrella Aesthetics | Muchas gracias. Te estaremos contactando a la brevedad. | Centro L\u00e1ser y de Cuidado Cut\u00e1neo en Corona, CA\" \/>\n<meta property=\"og:url\" content=\"https:\/\/estrellaaesthetics.com\/es\/gracias\/\" \/>\n<meta property=\"og:site_name\" content=\"Estrella Aesthetics &amp; Surgical Arts - Spanish\" \/>\n<meta property=\"article:modified_time\" content=\"2022-04-05T17:49:16+00:00\" \/>\n<meta property=\"og:image\" content=\"https:\/\/estrellaaesthetics.com\/wp-content\/uploads\/2013\/06\/rsz_11photo-300x187.jpg\" \/>\n<meta name=\"twitter:card\" content=\"summary_large_image\" \/>\n<script type=\"application\/ld+json\" class=\"yoast-schema-graph\">{\"@context\":\"https:\\\/\\\/schema.org\",\"@graph\":[{\"@type\":\"WebPage\",\"@id\":\"https:\\\/\\\/estrellaaesthetics.com\\\/es\\\/gracias\\\/\",\"url\":\"https:\\\/\\\/estrellaaesthetics.com\\\/es\\\/gracias\\\/\",\"name\":\"Procedimientos est\u00e9ticos para la piel en Corona, CA\",\"isPartOf\":{\"@id\":\"https:\\\/\\\/estrellaaesthetics.com\\\/es\\\/#website\"},\"datePublished\":\"2014-06-11T20:40:59+00:00\",\"dateModified\":\"2022-04-05T17:49:16+00:00\",\"description\":\"Estrella Aesthetics | Muchas gracias. Te estaremos contactando a la brevedad. | Centro L\u00e1ser y de Cuidado Cut\u00e1neo en Corona, CA\",\"inLanguage\":\"es\",\"potentialAction\":[{\"@type\":\"ReadAction\",\"target\":[\"https:\\\/\\\/estrellaaesthetics.com\\\/es\\\/gracias\\\/\"]}]},{\"@type\":\"WebSite\",\"@id\":\"https:\\\/\\\/estrellaaesthetics.com\\\/es\\\/#website\",\"url\":\"https:\\\/\\\/estrellaaesthetics.com\\\/es\\\/\",\"name\":\"Estrella Aesthetics &amp; Surgical Arts - Spanish\",\"description\":\"Estrella Aesthetics &amp; Surgical Arts - Non-Surgical Laser Skin Care Clinic, Botox, Restylane &amp; Dermal Fillers, Corona, California\",\"potentialAction\":[{\"@type\":\"SearchAction\",\"target\":{\"@type\":\"EntryPoint\",\"urlTemplate\":\"https:\\\/\\\/estrellaaesthetics.com\\\/es\\\/?s={search_term_string}\"},\"query-input\":{\"@type\":\"PropertyValueSpecification\",\"valueRequired\":true,\"valueName\":\"search_term_string\"}}],\"inLanguage\":\"es\"}]}<\/script>\n","yoast_head_json":{"title":"Procedimientos est\u00e9ticos para la piel en Corona, CA","description":"Estrella Aesthetics | Muchas gracias. Te estaremos contactando a la brevedad. | Centro L\u00e1ser y de Cuidado Cut\u00e1neo en Corona, CA","robots":{"index":"index","follow":"follow","max-snippet":"max-snippet:-1","max-image-preview":"max-image-preview:large","max-video-preview":"max-video-preview:-1"},"canonical":"https:\/\/estrellaaesthetics.com\/es\/gracias\/","og_locale":"es_ES","og_type":"article","og_title":"Procedimientos est\u00e9ticos para la piel en Corona, CA","og_description":"Estrella Aesthetics | Muchas gracias. Te estaremos contactando a la brevedad. | Centro L\u00e1ser y de Cuidado Cut\u00e1neo en Corona, CA","og_url":"https:\/\/estrellaaesthetics.com\/es\/gracias\/","og_site_name":"Estrella Aesthetics &amp; Surgical Arts - Spanish","article_modified_time":"2022-04-05T17:49:16+00:00","og_image":[{"url":"https:\/\/estrellaaesthetics.com\/wp-content\/uploads\/2013\/06\/rsz_11photo-300x187.jpg","type":"","width":"","height":""}],"twitter_card":"summary_large_image","schema":{"@context":"https:\/\/schema.org","@graph":[{"@type":"WebPage","@id":"https:\/\/estrellaaesthetics.com\/es\/gracias\/","url":"https:\/\/estrellaaesthetics.com\/es\/gracias\/","name":"Procedimientos est\u00e9ticos para la piel en Corona, CA","isPartOf":{"@id":"https:\/\/estrellaaesthetics.com\/es\/#website"},"datePublished":"2014-06-11T20:40:59+00:00","dateModified":"2022-04-05T17:49:16+00:00","description":"Estrella Aesthetics | Muchas gracias. Te estaremos contactando a la brevedad. | Centro L\u00e1ser y de Cuidado Cut\u00e1neo en Corona, CA","inLanguage":"es","potentialAction":[{"@type":"ReadAction","target":["https:\/\/estrellaaesthetics.com\/es\/gracias\/"]}]},{"@type":"WebSite","@id":"https:\/\/estrellaaesthetics.com\/es\/#website","url":"https:\/\/estrellaaesthetics.com\/es\/","name":"Estrella Aesthetics &amp; Surgical Arts - Spanish","description":"Estrella Aesthetics &amp; Surgical Arts - Non-Surgical Laser Skin Care Clinic, Botox, Restylane &amp; Dermal Fillers, Corona, California","potentialAction":[{"@type":"SearchAction","target":{"@type":"EntryPoint","urlTemplate":"https:\/\/estrellaaesthetics.com\/es\/?s={search_term_string}"},"query-input":{"@type":"PropertyValueSpecification","valueRequired":true,"valueName":"search_term_string"}}],"inLanguage":"es"}]}},"_links":{"self":[{"href":"https:\/\/estrellaaesthetics.com\/es\/wp-json\/wp\/v2\/pages\/4560","targetHints":{"allow":["GET"]}}],"collection":[{"href":"https:\/\/estrellaaesthetics.com\/es\/wp-json\/wp\/v2\/pages"}],"about":[{"href":"https:\/\/estrellaaesthetics.com\/es\/wp-json\/wp\/v2\/types\/page"}],"author":[{"embeddable":true,"href":"https:\/\/estrellaaesthetics.com\/es\/wp-json\/wp\/v2\/users\/4"}],"replies":[{"embeddable":true,"href":"https:\/\/estrellaaesthetics.com\/es\/wp-json\/wp\/v2\/comments?post=4560"}],"version-history":[{"count":0,"href":"https:\/\/estrellaaesthetics.com\/es\/wp-json\/wp\/v2\/pages\/4560\/revisions"}],"wp:attachment":[{"href":"https:\/\/estrellaaesthetics.com\/es\/wp-json\/wp\/v2\/media?parent=4560"}],"curies":[{"name":"wp","href":"https:\/\/api.w.org\/{rel}","templated":true}]}}