{"id":4508,"date":"2014-04-28T22:27:30","date_gmt":"2014-04-28T22:27:30","guid":{"rendered":"http:\/\/estrellaaesthetics.com\/es\/?page_id=4508"},"modified":"2019-08-20T08:56:14","modified_gmt":"2019-08-20T15:56:14","slug":"sueros","status":"publish","type":"page","link":"https:\/\/estrellaaesthetics.com\/es\/procedimientos-para-la-piel\/sueros\/","title":{"rendered":"Sueros \u2013 Suero M, Suero C, Suero A, Suero HA, Suero HQ"},"content":{"rendered":"<h1>Sueros \u2013 Suero M, Suero C, Suero A, Suero HA, Suero HQ <\/h1>\n<h3>Rahil Khan, M.D.<br>Estrella Aesthetics & Surgical Arts<br>Corona, California<\/h3>\n<h2>Producto Destacado &#8211; JC Clarity \u2013 Suero M<\/h2>\n<p>Este suero aclarante ayuda a revertir los signos visibles del envejecimiento, mejora la pigmentaci\u00f3n desigual y elimina los poros afectados.<\/p>\n<p>Esta nueva sensaci\u00f3n en el cuidado de la piel ayuda a dar claridad y equilibrio mientras no causa virtualmente ninguna irritaci\u00f3n. El Suero Clarity M tambi\u00e9n es recomendado como un tratamiento previo y posterior al l\u00e1ser, reduciendo la cantidad y la duraci\u00f3n de la irritaci\u00f3n causada por el rejuvenecimiento con l\u00e1ser.<\/p>\n<ul>\n<li>Unifica el tono de la piel, reduce las manchas de la edad y las pecas<\/li>\n<li>Desvanece cicatrices de acn\u00e9 r\u00e1pidamente<\/li>\n<li>Tensa la piel y los poros<\/li>\n<li>Reduce y elimina las l\u00edneas y arrugas<\/li>\n<li>Ayuda a desvanecer los signos de melasma<\/li>\n<li>Seguro y extremadamente eficaz en los tonos de piel m\u00e1s oscuros<\/li>\n<\/ul>\n<p><\/p>\n<h3>Suero JC Protective-C<\/h3>\n<p>Este suero hidratante antiarrugas combate los signos visibles del envejecimiento neutralizando los radicales libres antes de que puedan da\u00f1ar las c\u00e9lulas de la piel. Formulado para penetrar profundamente en la piel para una m\u00e1xima producci\u00f3n de hidrataci\u00f3n y col\u00e1geno.<\/p>\n<h3>Suero JC Renewal -A<\/h3>\n<p>Una f\u00f3rmula \u00fanica que reduce la aparici\u00f3n de arrugas, iguala el tono de la piel y limpia los poros afectados. Este suero \u00fanico entregar\u00e1 los resultados de retina-a, sin irritaci\u00f3n.<\/p>\n<h3>Suero JC Replenish -HA<\/h3>\n<p>Excepcionalmente formulado con una mezcla altamente concentrada y estabilizada de \u00e1cido hialur\u00f3nico y vitamina C. Este suero mejora la textura de la piel y su tono, suaviza las l\u00edneas finas y arrugas, y mantiene la piel hidratada todo el d\u00eda y toda la noche.<\/p>\n<h3>Suero JC Lightening -HQ<\/h3>\n<p>Un agente del aclaramiento excelente que ayudar\u00e1 a aclarar las manchas de la edad, pecas y pigmentos en la superficie de la piel. Un suero pre &#8211; acondicionador muy eficaz para un tratamiento de rejuvenecimiento agresivo.<\/p>\n<h3>Resultados completos JC para la salud de la piel<\/h3>\n<p><img class=\"lazy-load\" data-src=\"\/es\/images\/JC-es.png\" alt=\"JC Complete Skin Health Results\" width=\"625\" height=\"425\"><\/p>\n","protected":false},"excerpt":{"rendered":"<p>Sueros \u2013 Suero M, Suero C, Suero A, Suero HA, Suero HQ Producto Destacado &#8211; JC Clarity \u2013 Suero M Este suero aclarante ayuda a revertir los signos visibles del envejecimiento, mejora la pigmentaci\u00f3n desigual y elimina los poros afectados. Esta nueva sensaci\u00f3n en el cuidado de la piel ayuda a dar claridad y equilibrio&#8230; <a class=\"more-link\" href=\"https:\/\/estrellaaesthetics.com\/es\/procedimientos-para-la-piel\/sueros\/\">[Read More]<\/a><\/p>\n","protected":false},"author":4,"featured_media":0,"parent":2825,"menu_order":0,"comment_status":"open","ping_status":"open","template":"","meta":{"_acf_changed":false,"inline_featured_image":false,"_genesis_hide_title":false,"_genesis_hide_breadcrumbs":false,"_genesis_hide_singular_image":false,"_genesis_hide_footer_widgets":false,"_genesis_custom_body_class":"","_genesis_custom_post_class":"","_genesis_layout":"","footnotes":""},"class_list":{"0":"post-4508","1":"page","2":"type-page","3":"status-publish","5":"entry"},"acf":[],"yoast_head":"\n<title>Sueros \u2013 Suplementos Faciales, Corona, CA<\/title>\n<meta name=\"description\" content=\"Este suero aclarante ayuda a revertir los signos visibles del envejecimiento, mejora la pigmentaci\u00f3n desigual y elimina los poros afectados. (951) 356-1207\" \/>\n<meta name=\"robots\" content=\"index, follow, max-snippet:-1, max-image-preview:large, max-video-preview:-1\" \/>\n<link rel=\"canonical\" href=\"https:\/\/estrellaaesthetics.com\/es\/procedimientos-para-la-piel\/sueros\/\" \/>\n<meta property=\"og:locale\" content=\"es_ES\" \/>\n<meta property=\"og:type\" content=\"article\" \/>\n<meta property=\"og:title\" content=\"Sueros \u2013 Suplementos Faciales, Corona, CA\" \/>\n<meta property=\"og:description\" content=\"Este suero aclarante ayuda a revertir los signos visibles del envejecimiento, mejora la pigmentaci\u00f3n desigual y elimina los poros afectados. (951) 356-1207\" \/>\n<meta property=\"og:url\" content=\"https:\/\/estrellaaesthetics.com\/es\/procedimientos-para-la-piel\/sueros\/\" \/>\n<meta property=\"og:site_name\" content=\"Estrella Aesthetics &amp; Surgical Arts - Spanish\" \/>\n<meta property=\"article:modified_time\" content=\"2019-08-20T15:56:14+00:00\" \/>\n<meta property=\"og:image\" content=\"https:\/\/estrellaaesthetics.com\/es\/images\/JC-es.png\" \/>\n<meta name=\"twitter:card\" content=\"summary_large_image\" \/>\n<meta name=\"twitter:label1\" content=\"Tiempo de lectura\" \/>\n\t<meta name=\"twitter:data1\" content=\"2 minutos\" \/>\n<script type=\"application\/ld+json\" class=\"yoast-schema-graph\">{\"@context\":\"https:\/\/schema.org\",\"@graph\":[{\"@type\":\"WebPage\",\"@id\":\"https:\/\/estrellaaesthetics.com\/es\/procedimientos-para-la-piel\/sueros\/\",\"url\":\"https:\/\/estrellaaesthetics.com\/es\/procedimientos-para-la-piel\/sueros\/\",\"name\":\"Sueros \u2013 Suplementos Faciales, Corona, CA\",\"isPartOf\":{\"@id\":\"https:\/\/estrellaaesthetics.com\/es\/#website\"},\"datePublished\":\"2014-04-28T22:27:30+00:00\",\"dateModified\":\"2019-08-20T15:56:14+00:00\",\"description\":\"Este suero aclarante ayuda a revertir los signos visibles del envejecimiento, mejora la pigmentaci\u00f3n desigual y elimina los poros afectados. (951) 356-1207\",\"breadcrumb\":{\"@id\":\"https:\/\/estrellaaesthetics.com\/es\/procedimientos-para-la-piel\/sueros\/#breadcrumb\"},\"inLanguage\":\"es\",\"potentialAction\":[{\"@type\":\"ReadAction\",\"target\":[\"https:\/\/estrellaaesthetics.com\/es\/procedimientos-para-la-piel\/sueros\/\"]}]},{\"@type\":\"BreadcrumbList\",\"@id\":\"https:\/\/estrellaaesthetics.com\/es\/procedimientos-para-la-piel\/sueros\/#breadcrumb\",\"itemListElement\":[{\"@type\":\"ListItem\",\"position\":1,\"name\":\"Procedimientos\",\"item\":\"https:\/\/estrellaaesthetics.com\/es\/procedimientos\/\"},{\"@type\":\"ListItem\",\"position\":2,\"name\":\"Procedimientos para la piel\",\"item\":\"https:\/\/estrellaaesthetics.com\/es\/procedimientos-para-la-piel\/\"},{\"@type\":\"ListItem\",\"position\":3,\"name\":\"Sueros\"}]},{\"@type\":\"WebSite\",\"@id\":\"https:\/\/estrellaaesthetics.com\/es\/#website\",\"url\":\"https:\/\/estrellaaesthetics.com\/es\/\",\"name\":\"Estrella Aesthetics &amp; Surgical Arts - Spanish\",\"description\":\"Estrella Aesthetics &amp; Surgical Arts - Non-Surgical Laser Skin Care Clinic, Botox, Restylane &amp; Dermal Fillers, Corona, California\",\"potentialAction\":[{\"@type\":\"SearchAction\",\"target\":{\"@type\":\"EntryPoint\",\"urlTemplate\":\"https:\/\/estrellaaesthetics.com\/es\/?s={search_term_string}\"},\"query-input\":{\"@type\":\"PropertyValueSpecification\",\"valueRequired\":true,\"valueName\":\"search_term_string\"}}],\"inLanguage\":\"es\"}]}<\/script>\n","yoast_head_json":{"title":"Sueros \u2013 Suplementos Faciales, Corona, CA","description":"Este suero aclarante ayuda a revertir los signos visibles del envejecimiento, mejora la pigmentaci\u00f3n desigual y elimina los poros afectados. (951) 356-1207","robots":{"index":"index","follow":"follow","max-snippet":"max-snippet:-1","max-image-preview":"max-image-preview:large","max-video-preview":"max-video-preview:-1"},"canonical":"https:\/\/estrellaaesthetics.com\/es\/procedimientos-para-la-piel\/sueros\/","og_locale":"es_ES","og_type":"article","og_title":"Sueros \u2013 Suplementos Faciales, Corona, CA","og_description":"Este suero aclarante ayuda a revertir los signos visibles del envejecimiento, mejora la pigmentaci\u00f3n desigual y elimina los poros afectados. (951) 356-1207","og_url":"https:\/\/estrellaaesthetics.com\/es\/procedimientos-para-la-piel\/sueros\/","og_site_name":"Estrella Aesthetics &amp; Surgical Arts - Spanish","article_modified_time":"2019-08-20T15:56:14+00:00","og_image":[{"url":"https:\/\/estrellaaesthetics.com\/es\/images\/JC-es.png","type":"","width":"","height":""}],"twitter_card":"summary_large_image","twitter_misc":{"Tiempo de lectura":"2 minutos"},"schema":{"@context":"https:\/\/schema.org","@graph":[{"@type":"WebPage","@id":"https:\/\/estrellaaesthetics.com\/es\/procedimientos-para-la-piel\/sueros\/","url":"https:\/\/estrellaaesthetics.com\/es\/procedimientos-para-la-piel\/sueros\/","name":"Sueros \u2013 Suplementos Faciales, Corona, CA","isPartOf":{"@id":"https:\/\/estrellaaesthetics.com\/es\/#website"},"datePublished":"2014-04-28T22:27:30+00:00","dateModified":"2019-08-20T15:56:14+00:00","description":"Este suero aclarante ayuda a revertir los signos visibles del envejecimiento, mejora la pigmentaci\u00f3n desigual y elimina los poros afectados. (951) 356-1207","breadcrumb":{"@id":"https:\/\/estrellaaesthetics.com\/es\/procedimientos-para-la-piel\/sueros\/#breadcrumb"},"inLanguage":"es","potentialAction":[{"@type":"ReadAction","target":["https:\/\/estrellaaesthetics.com\/es\/procedimientos-para-la-piel\/sueros\/"]}]},{"@type":"BreadcrumbList","@id":"https:\/\/estrellaaesthetics.com\/es\/procedimientos-para-la-piel\/sueros\/#breadcrumb","itemListElement":[{"@type":"ListItem","position":1,"name":"Procedimientos","item":"https:\/\/estrellaaesthetics.com\/es\/procedimientos\/"},{"@type":"ListItem","position":2,"name":"Procedimientos para la piel","item":"https:\/\/estrellaaesthetics.com\/es\/procedimientos-para-la-piel\/"},{"@type":"ListItem","position":3,"name":"Sueros"}]},{"@type":"WebSite","@id":"https:\/\/estrellaaesthetics.com\/es\/#website","url":"https:\/\/estrellaaesthetics.com\/es\/","name":"Estrella Aesthetics &amp; Surgical Arts - Spanish","description":"Estrella Aesthetics &amp; Surgical Arts - Non-Surgical Laser Skin Care Clinic, Botox, Restylane &amp; Dermal Fillers, Corona, California","potentialAction":[{"@type":"SearchAction","target":{"@type":"EntryPoint","urlTemplate":"https:\/\/estrellaaesthetics.com\/es\/?s={search_term_string}"},"query-input":{"@type":"PropertyValueSpecification","valueRequired":true,"valueName":"search_term_string"}}],"inLanguage":"es"}]}},"_links":{"self":[{"href":"https:\/\/estrellaaesthetics.com\/es\/wp-json\/wp\/v2\/pages\/4508","targetHints":{"allow":["GET"]}}],"collection":[{"href":"https:\/\/estrellaaesthetics.com\/es\/wp-json\/wp\/v2\/pages"}],"about":[{"href":"https:\/\/estrellaaesthetics.com\/es\/wp-json\/wp\/v2\/types\/page"}],"author":[{"embeddable":true,"href":"https:\/\/estrellaaesthetics.com\/es\/wp-json\/wp\/v2\/users\/4"}],"replies":[{"embeddable":true,"href":"https:\/\/estrellaaesthetics.com\/es\/wp-json\/wp\/v2\/comments?post=4508"}],"version-history":[{"count":0,"href":"https:\/\/estrellaaesthetics.com\/es\/wp-json\/wp\/v2\/pages\/4508\/revisions"}],"up":[{"embeddable":true,"href":"https:\/\/estrellaaesthetics.com\/es\/wp-json\/wp\/v2\/pages\/2825"}],"wp:attachment":[{"href":"https:\/\/estrellaaesthetics.com\/es\/wp-json\/wp\/v2\/media?parent=4508"}],"curies":[{"name":"wp","href":"https:\/\/api.w.org\/{rel}","templated":true}]}}