{"id":4490,"date":"2014-04-28T18:04:25","date_gmt":"2014-04-28T18:04:25","guid":{"rendered":"http:\/\/estrellaaesthetics.com\/es\/?page_id=4490"},"modified":"2022-04-05T10:49:10","modified_gmt":"2022-04-05T17:49:10","slug":"microdermoabrasion","status":"publish","type":"page","link":"https:\/\/estrellaaesthetics.com\/es\/procedimientos-para-la-piel\/microdermoabrasion\/","title":{"rendered":"Microdermoabrasi\u00f3n &#8211; Regeneraci\u00f3n Celular de la Piel"},"content":{"rendered":"<h1>Microdermoabrasi\u00f3n &#8211; Regeneraci\u00f3n Celular de la Piel<\/h1>\n<h3>Rahil Khan, M.D.<br>Estrella Aesthetics & Surgical Arts<br>Corona, California<\/h3>\n<p>VitaPeel estimula la regeneraci\u00f3n celular de la piel, elimina las c\u00e9lulas muertas y la hiperpigmentaci\u00f3n, desvanece las manchas de pigmentaci\u00f3n y las manchas de la edad, reduce las arrugas y las cicatrices y suaviza las imperfecciones de la piel y las estr\u00edas. VitaPeel se ofrece con exfoliaci\u00f3n de cristales o exfoliaci\u00f3n de diamante.<\/p>\n<div class=\"d-none\">\nExplicaci\u00f3n del procedimiento de microdermoabrasi\u00f3n<br \/>\n[pro-player width=&#8217;480&#8242; height=&#8217;272&#8242; type=&#8217;video&#8217; image=&#8217;http:\/\/estrellaaesthetics.com\/es\/videos\/interview_Rose_Microdermabrasion.jpg&#8217;]http:\/\/estrellaaesthetics.com\/es\/videos\/interview_Rose_Microdermabrasion_es_SD.mp4[\/pro-player]\n<\/div>\n<h3>Eliminaci\u00f3n de las c\u00e9lulas muertas de la piel<\/h3>\n<p>\u00bfTe parece que los productos est\u00e9ticos y tratamientos de belleza no dan los resultados esperados? Esto se puede deber a una acumulaci\u00f3n de c\u00e9lulas muertas y restos celulares en la superficie de tu piel. Estos le dan un aspecto apagado y pueden hacer que sea m\u00e1s dif\u00edcil que los productos est\u00e9ticos penetren en tu piel, lo que reduce su eficacia. Al optar por un tratamiento de microdermoabrasi\u00f3n con VitaPeel, decides liberar a tu piel de los desechos, optimizando as\u00ed los resultados de los tratamientos caseros y de sal\u00f3n de belleza.<\/p>\n<h3>Una tez radiante y sin manchas de pigmentaci\u00f3n<\/h3>\n<p>\u00bfQui\u00e9n no quiere tener un tono de piel y cutis radiante y sin imperfecciones? Aseg\u00farate de que tus deseos se hagan realidad gracias a la microdermoabrasi\u00f3n. Al mejorar la oxigenaci\u00f3n de la piel y la regeneraci\u00f3n celular, con un par de sesiones de VitaPeel podr\u00e1s darle un tono de piel m\u00e1s brillante y m\u00e1s uniforme. Ya sea que tus marcas de pigmentaci\u00f3n sean causadas por la exposici\u00f3n al sol o el envejecimiento de la piel, \u00a1pueden ser tratadas con VitaPeel!<\/p>\n<h3>Reducci\u00f3n visible de arrugas, cicatrices y estr\u00edas<\/h3>\n<p>El sistema VitaPeel es particularmente eficaz para reducir visiblemente las l\u00edneas de expresi\u00f3n y arrugas que deseas eliminar, d\u00e1ndote una imagen rejuvenecida. O \u00bftienes cicatrices, estr\u00edas u otras imperfecciones de la piel que perturben la armon\u00eda de tu belleza natural? Una serie de tratamientos de microdermoabrasi\u00f3n con VitaPeel seguramente minimizar\u00e1n todas estas imperfecciones faciales y corporales.<\/p>\n<h3>VitaPhase atenci\u00f3n post-microdermoabrasi\u00f3n<\/h3>\n<p><img class=\"lazy-load\" alt=\"VitaPeel Ion\" data-src=\"\/wp-content\/themes\/theme1066\/images\/appareil-vitapeel-ion.jpg\" align=\"right\" \/>VitaPeel Ion &#8211; Gracias a las funciones exclusivas de VitaPeel Ion, tendr\u00e1s el privilegio de experimentar un tratamiento con VitaPhase. Despu\u00e9s de una sesi\u00f3n de microdermoabrasi\u00f3n, la opci\u00f3n de \u00abIonomassage\u00bb calmar\u00e1 tu piel en un instante y mejorar\u00e1 la penetraci\u00f3n de los productos activos utilizados por el esteticista. Por otra parte la opci\u00f3n \u00abStimulomassage\u00bb estimular\u00e1 tu epidermis, optimizando tu proceso de regeneraci\u00f3n celular y proporcionando una agradable sensaci\u00f3n de relajaci\u00f3n.<br \/>\n<\/p>\n<h2>Estrella Aesthetics &amp; Surgical Art<\/h2>\n<h5>2550 Tuscany St<\/h5>\n<p>Suite #103<br \/>\nCorona, CA 92881<br \/>\n<a href=\"tel:+19513561207\" onclick=\"sendEventToGoogle('Content', '\/es\/wp-json\/wp\/v2\/pages\/4490', '+19513561207');\">(951) 356-1207<\/a><\/p>\n<h2>Horario de Atenci\u00f3n<\/h2>\r\n<h5>Lunes a Viernes: 10.00am a 7.00pm<\/h5>\r\n<h5>S\u00e1bado: 10.00am a 5.00pm<\/h5>\r\n<h5>Domingos Cerrados<\/h5>\n","protected":false},"excerpt":{"rendered":"<p>Microdermoabrasi\u00f3n &#8211; Regeneraci\u00f3n Celular de la Piel VitaPeel estimula la regeneraci\u00f3n celular de la piel, elimina las c\u00e9lulas muertas y la hiperpigmentaci\u00f3n, desvanece las manchas de pigmentaci\u00f3n y las manchas de la edad, reduce las arrugas y las cicatrices y suaviza las imperfecciones de la piel y las estr\u00edas. VitaPeel se ofrece con exfoliaci\u00f3n de&#8230; <a class=\"more-link\" href=\"https:\/\/estrellaaesthetics.com\/es\/procedimientos-para-la-piel\/microdermoabrasion\/\">[Read More]<\/a><\/p>\n","protected":false},"author":4,"featured_media":0,"parent":2825,"menu_order":0,"comment_status":"open","ping_status":"open","template":"","meta":{"_acf_changed":false,"inline_featured_image":false,"_genesis_hide_title":false,"_genesis_hide_breadcrumbs":false,"_genesis_hide_singular_image":false,"_genesis_hide_footer_widgets":false,"_genesis_custom_body_class":"","_genesis_custom_post_class":"","_genesis_layout":"","footnotes":""},"class_list":{"0":"post-4490","1":"page","2":"type-page","3":"status-publish","5":"entry"},"acf":[],"yoast_head":"\n<title>Explicaci\u00f3n del procedimiento de microdermoabrasi\u00f3n<\/title>\n<meta name=\"description\" content=\"VitaPeel estimula la regeneraci\u00f3n celular de la piel, elimina las c\u00e9lulas muertas y la hiperpigmentaci\u00f3n, y reduce las arrugas y cicatrices. (951) 356-1207\" \/>\n<meta name=\"robots\" content=\"index, follow, max-snippet:-1, max-image-preview:large, max-video-preview:-1\" \/>\n<link rel=\"canonical\" href=\"https:\/\/estrellaaesthetics.com\/es\/procedimientos-para-la-piel\/microdermoabrasion\/\" \/>\n<meta property=\"og:locale\" content=\"es_ES\" \/>\n<meta property=\"og:type\" content=\"article\" \/>\n<meta property=\"og:title\" content=\"Explicaci\u00f3n del procedimiento de microdermoabrasi\u00f3n\" \/>\n<meta property=\"og:description\" content=\"VitaPeel estimula la regeneraci\u00f3n celular de la piel, elimina las c\u00e9lulas muertas y la hiperpigmentaci\u00f3n, y reduce las arrugas y cicatrices. (951) 356-1207\" \/>\n<meta property=\"og:url\" content=\"https:\/\/estrellaaesthetics.com\/es\/procedimientos-para-la-piel\/microdermoabrasion\/\" \/>\n<meta property=\"og:site_name\" content=\"Estrella Aesthetics &amp; Surgical Arts - Spanish\" \/>\n<meta property=\"article:modified_time\" content=\"2022-04-05T17:49:10+00:00\" \/>\n<meta property=\"og:image\" content=\"https:\/\/estrellaaesthetics.com\/wp-content\/themes\/theme1066\/images\/appareil-vitapeel-ion.jpg\" \/>\n<meta name=\"twitter:card\" content=\"summary_large_image\" \/>\n<meta name=\"twitter:label1\" content=\"Tiempo de lectura\" \/>\n\t<meta name=\"twitter:data1\" content=\"2 minutos\" \/>\n<script type=\"application\/ld+json\" class=\"yoast-schema-graph\">{\"@context\":\"https:\\\/\\\/schema.org\",\"@graph\":[{\"@type\":\"WebPage\",\"@id\":\"https:\\\/\\\/estrellaaesthetics.com\\\/es\\\/procedimientos-para-la-piel\\\/microdermoabrasion\\\/\",\"url\":\"https:\\\/\\\/estrellaaesthetics.com\\\/es\\\/procedimientos-para-la-piel\\\/microdermoabrasion\\\/\",\"name\":\"Explicaci\u00f3n del procedimiento de microdermoabrasi\u00f3n\",\"isPartOf\":{\"@id\":\"https:\\\/\\\/estrellaaesthetics.com\\\/es\\\/#website\"},\"datePublished\":\"2014-04-28T18:04:25+00:00\",\"dateModified\":\"2022-04-05T17:49:10+00:00\",\"description\":\"VitaPeel estimula la regeneraci\u00f3n celular de la piel, elimina las c\u00e9lulas muertas y la hiperpigmentaci\u00f3n, y reduce las arrugas y cicatrices. (951) 356-1207\",\"breadcrumb\":{\"@id\":\"https:\\\/\\\/estrellaaesthetics.com\\\/es\\\/procedimientos-para-la-piel\\\/microdermoabrasion\\\/#breadcrumb\"},\"inLanguage\":\"es\",\"potentialAction\":[{\"@type\":\"ReadAction\",\"target\":[\"https:\\\/\\\/estrellaaesthetics.com\\\/es\\\/procedimientos-para-la-piel\\\/microdermoabrasion\\\/\"]}]},{\"@type\":\"BreadcrumbList\",\"@id\":\"https:\\\/\\\/estrellaaesthetics.com\\\/es\\\/procedimientos-para-la-piel\\\/microdermoabrasion\\\/#breadcrumb\",\"itemListElement\":[{\"@type\":\"ListItem\",\"position\":1,\"name\":\"Procedimientos\",\"item\":\"https:\\\/\\\/estrellaaesthetics.com\\\/es\\\/procedimientos\\\/\"},{\"@type\":\"ListItem\",\"position\":2,\"name\":\"Procedimientos para la piel\",\"item\":\"https:\\\/\\\/estrellaaesthetics.com\\\/es\\\/procedimientos-para-la-piel\\\/\"},{\"@type\":\"ListItem\",\"position\":3,\"name\":\"Microdermoabrasi\u00f3n\"}]},{\"@type\":\"WebSite\",\"@id\":\"https:\\\/\\\/estrellaaesthetics.com\\\/es\\\/#website\",\"url\":\"https:\\\/\\\/estrellaaesthetics.com\\\/es\\\/\",\"name\":\"Estrella Aesthetics &amp; Surgical Arts - Spanish\",\"description\":\"Estrella Aesthetics &amp; Surgical Arts - Non-Surgical Laser Skin Care Clinic, Botox, Restylane &amp; Dermal Fillers, Corona, California\",\"potentialAction\":[{\"@type\":\"SearchAction\",\"target\":{\"@type\":\"EntryPoint\",\"urlTemplate\":\"https:\\\/\\\/estrellaaesthetics.com\\\/es\\\/?s={search_term_string}\"},\"query-input\":{\"@type\":\"PropertyValueSpecification\",\"valueRequired\":true,\"valueName\":\"search_term_string\"}}],\"inLanguage\":\"es\"}]}<\/script>\n","yoast_head_json":{"title":"Explicaci\u00f3n del procedimiento de microdermoabrasi\u00f3n","description":"VitaPeel estimula la regeneraci\u00f3n celular de la piel, elimina las c\u00e9lulas muertas y la hiperpigmentaci\u00f3n, y reduce las arrugas y cicatrices. (951) 356-1207","robots":{"index":"index","follow":"follow","max-snippet":"max-snippet:-1","max-image-preview":"max-image-preview:large","max-video-preview":"max-video-preview:-1"},"canonical":"https:\/\/estrellaaesthetics.com\/es\/procedimientos-para-la-piel\/microdermoabrasion\/","og_locale":"es_ES","og_type":"article","og_title":"Explicaci\u00f3n del procedimiento de microdermoabrasi\u00f3n","og_description":"VitaPeel estimula la regeneraci\u00f3n celular de la piel, elimina las c\u00e9lulas muertas y la hiperpigmentaci\u00f3n, y reduce las arrugas y cicatrices. (951) 356-1207","og_url":"https:\/\/estrellaaesthetics.com\/es\/procedimientos-para-la-piel\/microdermoabrasion\/","og_site_name":"Estrella Aesthetics &amp; Surgical Arts - Spanish","article_modified_time":"2022-04-05T17:49:10+00:00","og_image":[{"url":"https:\/\/estrellaaesthetics.com\/wp-content\/themes\/theme1066\/images\/appareil-vitapeel-ion.jpg","type":"","width":"","height":""}],"twitter_card":"summary_large_image","twitter_misc":{"Tiempo de lectura":"2 minutos"},"schema":{"@context":"https:\/\/schema.org","@graph":[{"@type":"WebPage","@id":"https:\/\/estrellaaesthetics.com\/es\/procedimientos-para-la-piel\/microdermoabrasion\/","url":"https:\/\/estrellaaesthetics.com\/es\/procedimientos-para-la-piel\/microdermoabrasion\/","name":"Explicaci\u00f3n del procedimiento de microdermoabrasi\u00f3n","isPartOf":{"@id":"https:\/\/estrellaaesthetics.com\/es\/#website"},"datePublished":"2014-04-28T18:04:25+00:00","dateModified":"2022-04-05T17:49:10+00:00","description":"VitaPeel estimula la regeneraci\u00f3n celular de la piel, elimina las c\u00e9lulas muertas y la hiperpigmentaci\u00f3n, y reduce las arrugas y cicatrices. (951) 356-1207","breadcrumb":{"@id":"https:\/\/estrellaaesthetics.com\/es\/procedimientos-para-la-piel\/microdermoabrasion\/#breadcrumb"},"inLanguage":"es","potentialAction":[{"@type":"ReadAction","target":["https:\/\/estrellaaesthetics.com\/es\/procedimientos-para-la-piel\/microdermoabrasion\/"]}]},{"@type":"BreadcrumbList","@id":"https:\/\/estrellaaesthetics.com\/es\/procedimientos-para-la-piel\/microdermoabrasion\/#breadcrumb","itemListElement":[{"@type":"ListItem","position":1,"name":"Procedimientos","item":"https:\/\/estrellaaesthetics.com\/es\/procedimientos\/"},{"@type":"ListItem","position":2,"name":"Procedimientos para la piel","item":"https:\/\/estrellaaesthetics.com\/es\/procedimientos-para-la-piel\/"},{"@type":"ListItem","position":3,"name":"Microdermoabrasi\u00f3n"}]},{"@type":"WebSite","@id":"https:\/\/estrellaaesthetics.com\/es\/#website","url":"https:\/\/estrellaaesthetics.com\/es\/","name":"Estrella Aesthetics &amp; Surgical Arts - Spanish","description":"Estrella Aesthetics &amp; Surgical Arts - Non-Surgical Laser Skin Care Clinic, Botox, Restylane &amp; Dermal Fillers, Corona, California","potentialAction":[{"@type":"SearchAction","target":{"@type":"EntryPoint","urlTemplate":"https:\/\/estrellaaesthetics.com\/es\/?s={search_term_string}"},"query-input":{"@type":"PropertyValueSpecification","valueRequired":true,"valueName":"search_term_string"}}],"inLanguage":"es"}]}},"_links":{"self":[{"href":"https:\/\/estrellaaesthetics.com\/es\/wp-json\/wp\/v2\/pages\/4490","targetHints":{"allow":["GET"]}}],"collection":[{"href":"https:\/\/estrellaaesthetics.com\/es\/wp-json\/wp\/v2\/pages"}],"about":[{"href":"https:\/\/estrellaaesthetics.com\/es\/wp-json\/wp\/v2\/types\/page"}],"author":[{"embeddable":true,"href":"https:\/\/estrellaaesthetics.com\/es\/wp-json\/wp\/v2\/users\/4"}],"replies":[{"embeddable":true,"href":"https:\/\/estrellaaesthetics.com\/es\/wp-json\/wp\/v2\/comments?post=4490"}],"version-history":[{"count":0,"href":"https:\/\/estrellaaesthetics.com\/es\/wp-json\/wp\/v2\/pages\/4490\/revisions"}],"up":[{"embeddable":true,"href":"https:\/\/estrellaaesthetics.com\/es\/wp-json\/wp\/v2\/pages\/2825"}],"wp:attachment":[{"href":"https:\/\/estrellaaesthetics.com\/es\/wp-json\/wp\/v2\/media?parent=4490"}],"curies":[{"name":"wp","href":"https:\/\/api.w.org\/{rel}","templated":true}]}}