{"id":4480,"date":"2014-04-28T17:23:43","date_gmt":"2014-04-28T17:23:43","guid":{"rendered":"http:\/\/estrellaaesthetics.com\/es\/?page_id=4480"},"modified":"2022-04-05T10:47:19","modified_gmt":"2022-04-05T17:47:19","slug":"exfoliaciones-quimicas","status":"publish","type":"page","link":"https:\/\/estrellaaesthetics.com\/es\/procedimientos-para-la-piel\/exfoliaciones-quimicas\/","title":{"rendered":"Exfoliaci\u00f3n (Peeling) Qu\u00edmica (leve, moderado, agresivo)"},"content":{"rendered":"<h1>Exfoliaci\u00f3n (Peeling) Qu\u00edmica (leve, moderado, agresivo)<\/h1>\n<h3>Rahil Khan, M.D.<br>Estrella Aesthetics & Surgical Arts<br>Corona, California<\/h3>\n<p><a href=\"#antesydespues\">Fotograf\u00edas de Antes y Despu\u00e9s de la exfoliaci\u00f3n qu\u00edmica<\/a><\/p>\n<h3><b>Renueva tu piel<\/b><\/h3>\n<p>\u00bfEst\u00e1s buscando una manera r\u00e1pida y eficaz de mejorar la textura y la apariencia de tu piel, eliminar las manchas oscuras, eliminar las arrugas faciales y l\u00edneas de expresi\u00f3n, as\u00ed como crear un aspecto de piel rejuvenecida?<\/p>\n<p>Un \u00abpeeling qu\u00edmico\u00bb tiene una larga historia como un procedimiento est\u00e9tico probado y realmente comprobado para ayudar a las personas a lograr una piel m\u00e1s suave y hermosa. Las exfoliaciones qu\u00edmicas faciales son populares porque ofrecen resultados r\u00e1pidos y mejoran la apariencia de la piel y su textura, y se puede reducir e incluso eliminar las cicatrices del acn\u00e9, l\u00edneas de expresi\u00f3n y arrugas. El rejuvenecimiento cut\u00e1neo con l\u00e1ser de CO2 fraccional es una alternativa a los peelings qu\u00edmicos con menos molestias, un mejor resultado, sin riesgo de hipopigmentaci\u00f3n o que la piel de uno se vuelva demasiado clara.<\/p>\n<h3>Beneficios de las exfoliaciones qu\u00edmicas:<\/h3>\n<ul>\n<li>Mejora la textura de la piel y su apariencia.<\/li>\n<li>Elimina las manchas oscuras y el tono desigual de la piel.<\/li>\n<li>Elimina las arrugas y las l\u00edneas finas.<\/li>\n<\/ul>\n<p><\/p>\n<h3>C\u00f3mo funciona un Peeling Qu\u00edmico:<\/h3>\n<p><b>Las exfoliaciones qu\u00edmicas utilizan una soluci\u00f3n qu\u00edmica<\/b> para mejorar y suavizar la textura de la <b>piel de la cara mediante la eliminaci\u00f3n de sus capas exteriores da\u00f1adas<\/b>. Es \u00fatil para aquellos individuos con manchas faciales, arrugas y pigmentaci\u00f3n desigual de la piel. Las exfoliaciones qu\u00edmicas tambi\u00e9n pueden eliminar crecimientos precancerosos en la piel, suavizar cicatrices faciales del acn\u00e9 e incluso controlar el acn\u00e9.<\/p>\n<p>El fenol, \u00e1cido tricloroac\u00e9tico (TCA) y los alfahidroxi\u00e1cidos (AHA) se utilizan para este prop\u00f3sito. La f\u00f3rmula precisa utilizada se puede ajustar para satisfacer las necesidades de cada paciente. La exfoliaci\u00f3n qu\u00edmica se realiza con mayor frecuencia por razones est\u00e9ticas &#8211; para mejorar su apariencia y la confianza en uno misma\/o.<\/p>\n<p><b>Contacta el Consultorio de Estrella Aesthetics para recibir una consulta gratuita:<\/b> Ray Khan y su personal estar\u00e1n encantados de discutir el procedimiento de exfoliaci\u00f3n qu\u00edmica contigo y responder a tus preguntas. Por favor, no dudes en llamar a nuestras oficinas en Corona (CA) al <strong><a href=\"tel:+19513561207\" onclick=\"sendEventToGoogle('Content', '\/es\/wp-json\/wp\/v2\/pages\/4480', '+19513561207');\">(951) 356-1207<\/a><\/strong>.<\/p>\n<p><a href=\"\/es\/contacto\">Haz clic aqu\u00ed para tu consulta privada gratuita o cita<\/a><\/p>\n<p><strong>Fotograf\u00edas de Antes y Despu\u00e9s de la exfoliaci\u00f3n qu\u00edmica:<\/strong><br \/>\nHaz clic en las im\u00e1genes para agrandarlas <a name=\"antesydespues\" id=\"antesydespues\"><\/p>\n<p><a title=\"\" href=\"\/es\/images\/before-after-chemical-peel-1a.jpg\" rel=\"prettyPhoto[pp_gal]\" class=\"patient-full-photo\" data-rel=\"lightbox-gallery-Z3o4yxPO\" data-rl_title=\"\" data-rl_caption=\"\"><br \/>\n<img onmousedown=\"if (event.preventDefault) event.preventDefault()\" alt=\"\" data-src=\"\/es\/images\/before-after-chemical-peel-1asm.jpg\" class=\"img-responsive lazy-load\"\/><\/a><\/p>\n<div class=\"patient-meta-info\">Los resultados individuales pueden variar.<\/p>\n<p><a href=\"\/es\/contacto\/\">Haga clic aqu\u00ed para ponerse en contacto con Estrella Aesthetics &#038; Surgical Arts y establecer una consulta.<\/a>.<\/div>\n<div style=\"clear:both;\"><\/div>\n<p><a title=\"\" href=\"\/es\/images\/before-after-chemical-peel-1b.jpg\" rel=\"prettyPhoto[pp_gal]\" class=\"patient-full-photo\" data-rel=\"lightbox-gallery-Z3o4yxPO\" data-rl_title=\"\" data-rl_caption=\"\"><br \/>\n<img onmousedown=\"if (event.preventDefault) event.preventDefault()\" alt=\"\" data-src=\"\/es\/images\/before-after-chemical-peel-1bsm.jpg\" class=\"img-responsive lazy-load\"\/><\/a><\/p>\n<div class=\"patient-meta-info\">Los resultados individuales pueden variar.<\/p>\n<p><a href=\"\/es\/contacto\/\">Haga clic aqu\u00ed para ponerse en contacto con Estrella Aesthetics &#038; Surgical Arts y establecer una consulta.<\/a>.<\/div>\n<div style=\"clear:both;\"><\/div>\n<p><a title=\"\" href=\"\/es\/images\/before-after-chemical-peel-2.jpg\" rel=\"prettyPhoto[pp_gal]\" class=\"patient-full-photo\" data-rel=\"lightbox-gallery-Z3o4yxPO\" data-rl_title=\"\" data-rl_caption=\"\"><br \/>\n<img onmousedown=\"if (event.preventDefault) event.preventDefault()\" alt=\"\" data-src=\"\/es\/images\/before-after-chemical-peel-2sm.jpg\" class=\"img-responsive lazy-load\"\/><\/a><\/p>\n<div class=\"patient-meta-info\">Los resultados individuales pueden variar.<\/p>\n<p><a href=\"\/es\/contacto\/\">Haga clic aqu\u00ed para ponerse en contacto con Estrella Aesthetics &#038; Surgical Arts y establecer una consulta.<\/a>.<\/div>\n<div style=\"clear:both;\"><\/div>\n<p><\/p>\n<h2>Estrella Aesthetics &amp; Surgical Art<\/h2>\n<h5>2550 Tuscany St<\/h5>\n<p>Suite #103<br \/>\nCorona, CA 92881<br \/>\n<strong><a href=\"tel:+19513561207\" onclick=\"sendEventToGoogle('Content', '\/es\/wp-json\/wp\/v2\/pages\/4480', '+19513561207');\">(951) 356-1207<\/a><\/strong><\/p>\n<h2>Horario de Atenci\u00f3n<\/h2>\r\n<h5>Lunes a Viernes: 10.00am a 7.00pm<\/h5>\r\n<h5>S\u00e1bado: 10.00am a 5.00pm<\/h5>\r\n<h5>Domingos Cerrados<\/h5>\n<p><iframe loading=\"lazy\" src=\"https:\/\/maps.google.ca\/maps?q=2550+Tuscany+St++Suite+%23103++Corona,+CA+92881&amp;oe=utf-8&amp;client=firefox-a&amp;ie=UTF8&amp;hq=&amp;hnear=2550+Tuscany+St+%23103,+Corona,+California+92881,+United+States&amp;t=m&amp;ll=33.824651,-117.517319&amp;spn=0.021391,0.059223&amp;z=14&amp;iwloc=&amp;output=embed\" height=\"300\" width=\"690\" frameborder=\"0\" marginwidth=\"0\" marginheight=\"0\" scrolling=\"no\"><\/iframe><\/p>\n","protected":false},"excerpt":{"rendered":"<p>Exfoliaci\u00f3n (Peeling) Qu\u00edmica (leve, moderado, agresivo) Fotograf\u00edas de Antes y Despu\u00e9s de la exfoliaci\u00f3n qu\u00edmica Renueva tu piel \u00bfEst\u00e1s buscando una manera r\u00e1pida y eficaz de mejorar la textura y la apariencia de tu piel, eliminar las manchas oscuras, eliminar las arrugas faciales y l\u00edneas de expresi\u00f3n, as\u00ed como crear un aspecto de piel rejuvenecida?&#8230; <a class=\"more-link\" href=\"https:\/\/estrellaaesthetics.com\/es\/procedimientos-para-la-piel\/exfoliaciones-quimicas\/\">[Read More]<\/a><\/p>\n","protected":false},"author":4,"featured_media":0,"parent":2825,"menu_order":0,"comment_status":"open","ping_status":"open","template":"","meta":{"_acf_changed":false,"inline_featured_image":false,"_genesis_hide_title":false,"_genesis_hide_breadcrumbs":false,"_genesis_hide_singular_image":false,"_genesis_hide_footer_widgets":false,"_genesis_custom_body_class":"","_genesis_custom_post_class":"","_genesis_layout":"","footnotes":""},"class_list":{"0":"post-4480","1":"page","2":"type-page","3":"status-publish","5":"entry"},"acf":[],"yoast_head":"\n<title>Peeling | Exfoliaci\u00f3n Qu\u00edmica (leve, moderado, agresivo) Ray Khan MD<\/title>\n<meta name=\"description\" content=\"Exfoliaci\u00f3n (Peeling) Qu\u00edmica (leve, moderado, agresivo) Ray Khan MD, Corona, California. Llame al (951) 356-1207 | Estrella Aesthetics &amp; Surgical Art\" \/>\n<meta name=\"robots\" content=\"index, follow, max-snippet:-1, max-image-preview:large, max-video-preview:-1\" \/>\n<link rel=\"canonical\" href=\"https:\/\/estrellaaesthetics.com\/es\/procedimientos-para-la-piel\/exfoliaciones-quimicas\/\" \/>\n<meta property=\"og:locale\" content=\"es_ES\" \/>\n<meta property=\"og:type\" content=\"article\" \/>\n<meta property=\"og:title\" content=\"Peeling | Exfoliaci\u00f3n Qu\u00edmica (leve, moderado, agresivo) Ray Khan MD\" \/>\n<meta property=\"og:description\" content=\"Exfoliaci\u00f3n (Peeling) Qu\u00edmica (leve, moderado, agresivo) Ray Khan MD, Corona, California. Llame al (951) 356-1207 | Estrella Aesthetics &amp; Surgical Art\" \/>\n<meta property=\"og:url\" content=\"https:\/\/estrellaaesthetics.com\/es\/procedimientos-para-la-piel\/exfoliaciones-quimicas\/\" \/>\n<meta property=\"og:site_name\" content=\"Estrella Aesthetics &amp; Surgical Arts - Spanish\" \/>\n<meta property=\"article:modified_time\" content=\"2022-04-05T17:47:19+00:00\" \/>\n<meta property=\"og:image\" content=\"https:\/\/estrellaaesthetics.com\/es\/images\/before-after-chemical-peel-1asm.jpg\" \/>\n<meta name=\"twitter:card\" content=\"summary_large_image\" \/>\n<meta name=\"twitter:label1\" content=\"Tiempo de lectura\" \/>\n\t<meta name=\"twitter:data1\" content=\"3 minutos\" \/>\n<script type=\"application\/ld+json\" class=\"yoast-schema-graph\">{\"@context\":\"https:\/\/schema.org\",\"@graph\":[{\"@type\":\"WebPage\",\"@id\":\"https:\/\/estrellaaesthetics.com\/es\/procedimientos-para-la-piel\/exfoliaciones-quimicas\/\",\"url\":\"https:\/\/estrellaaesthetics.com\/es\/procedimientos-para-la-piel\/exfoliaciones-quimicas\/\",\"name\":\"Peeling | Exfoliaci\u00f3n Qu\u00edmica (leve, moderado, agresivo) Ray Khan MD\",\"isPartOf\":{\"@id\":\"https:\/\/estrellaaesthetics.com\/es\/#website\"},\"datePublished\":\"2014-04-28T17:23:43+00:00\",\"dateModified\":\"2022-04-05T17:47:19+00:00\",\"description\":\"Exfoliaci\u00f3n (Peeling) Qu\u00edmica (leve, moderado, agresivo) Ray Khan MD, Corona, California. Llame al (951) 356-1207 | Estrella Aesthetics & Surgical Art\",\"breadcrumb\":{\"@id\":\"https:\/\/estrellaaesthetics.com\/es\/procedimientos-para-la-piel\/exfoliaciones-quimicas\/#breadcrumb\"},\"inLanguage\":\"es\",\"potentialAction\":[{\"@type\":\"ReadAction\",\"target\":[\"https:\/\/estrellaaesthetics.com\/es\/procedimientos-para-la-piel\/exfoliaciones-quimicas\/\"]}]},{\"@type\":\"BreadcrumbList\",\"@id\":\"https:\/\/estrellaaesthetics.com\/es\/procedimientos-para-la-piel\/exfoliaciones-quimicas\/#breadcrumb\",\"itemListElement\":[{\"@type\":\"ListItem\",\"position\":1,\"name\":\"Procedimientos\",\"item\":\"https:\/\/estrellaaesthetics.com\/es\/procedimientos\/\"},{\"@type\":\"ListItem\",\"position\":2,\"name\":\"Procedimientos para la piel\",\"item\":\"https:\/\/estrellaaesthetics.com\/es\/procedimientos-para-la-piel\/\"},{\"@type\":\"ListItem\",\"position\":3,\"name\":\"Exfoliaci\u00f3n (Peeling) Qu\u00edmica\"}]},{\"@type\":\"WebSite\",\"@id\":\"https:\/\/estrellaaesthetics.com\/es\/#website\",\"url\":\"https:\/\/estrellaaesthetics.com\/es\/\",\"name\":\"Estrella Aesthetics &amp; Surgical Arts - Spanish\",\"description\":\"Estrella Aesthetics &amp; Surgical Arts - Non-Surgical Laser Skin Care Clinic, Botox, Restylane &amp; Dermal Fillers, Corona, California\",\"potentialAction\":[{\"@type\":\"SearchAction\",\"target\":{\"@type\":\"EntryPoint\",\"urlTemplate\":\"https:\/\/estrellaaesthetics.com\/es\/?s={search_term_string}\"},\"query-input\":{\"@type\":\"PropertyValueSpecification\",\"valueRequired\":true,\"valueName\":\"search_term_string\"}}],\"inLanguage\":\"es\"}]}<\/script>\n","yoast_head_json":{"title":"Peeling | Exfoliaci\u00f3n Qu\u00edmica (leve, moderado, agresivo) Ray Khan MD","description":"Exfoliaci\u00f3n (Peeling) Qu\u00edmica (leve, moderado, agresivo) Ray Khan MD, Corona, California. Llame al (951) 356-1207 | Estrella Aesthetics & Surgical Art","robots":{"index":"index","follow":"follow","max-snippet":"max-snippet:-1","max-image-preview":"max-image-preview:large","max-video-preview":"max-video-preview:-1"},"canonical":"https:\/\/estrellaaesthetics.com\/es\/procedimientos-para-la-piel\/exfoliaciones-quimicas\/","og_locale":"es_ES","og_type":"article","og_title":"Peeling | Exfoliaci\u00f3n Qu\u00edmica (leve, moderado, agresivo) Ray Khan MD","og_description":"Exfoliaci\u00f3n (Peeling) Qu\u00edmica (leve, moderado, agresivo) Ray Khan MD, Corona, California. Llame al (951) 356-1207 | Estrella Aesthetics & Surgical Art","og_url":"https:\/\/estrellaaesthetics.com\/es\/procedimientos-para-la-piel\/exfoliaciones-quimicas\/","og_site_name":"Estrella Aesthetics &amp; Surgical Arts - Spanish","article_modified_time":"2022-04-05T17:47:19+00:00","og_image":[{"url":"https:\/\/estrellaaesthetics.com\/es\/images\/before-after-chemical-peel-1asm.jpg","type":"","width":"","height":""}],"twitter_card":"summary_large_image","twitter_misc":{"Tiempo de lectura":"3 minutos"},"schema":{"@context":"https:\/\/schema.org","@graph":[{"@type":"WebPage","@id":"https:\/\/estrellaaesthetics.com\/es\/procedimientos-para-la-piel\/exfoliaciones-quimicas\/","url":"https:\/\/estrellaaesthetics.com\/es\/procedimientos-para-la-piel\/exfoliaciones-quimicas\/","name":"Peeling | Exfoliaci\u00f3n Qu\u00edmica (leve, moderado, agresivo) Ray Khan MD","isPartOf":{"@id":"https:\/\/estrellaaesthetics.com\/es\/#website"},"datePublished":"2014-04-28T17:23:43+00:00","dateModified":"2022-04-05T17:47:19+00:00","description":"Exfoliaci\u00f3n (Peeling) Qu\u00edmica (leve, moderado, agresivo) Ray Khan MD, Corona, California. Llame al (951) 356-1207 | Estrella Aesthetics & Surgical Art","breadcrumb":{"@id":"https:\/\/estrellaaesthetics.com\/es\/procedimientos-para-la-piel\/exfoliaciones-quimicas\/#breadcrumb"},"inLanguage":"es","potentialAction":[{"@type":"ReadAction","target":["https:\/\/estrellaaesthetics.com\/es\/procedimientos-para-la-piel\/exfoliaciones-quimicas\/"]}]},{"@type":"BreadcrumbList","@id":"https:\/\/estrellaaesthetics.com\/es\/procedimientos-para-la-piel\/exfoliaciones-quimicas\/#breadcrumb","itemListElement":[{"@type":"ListItem","position":1,"name":"Procedimientos","item":"https:\/\/estrellaaesthetics.com\/es\/procedimientos\/"},{"@type":"ListItem","position":2,"name":"Procedimientos para la piel","item":"https:\/\/estrellaaesthetics.com\/es\/procedimientos-para-la-piel\/"},{"@type":"ListItem","position":3,"name":"Exfoliaci\u00f3n (Peeling) Qu\u00edmica"}]},{"@type":"WebSite","@id":"https:\/\/estrellaaesthetics.com\/es\/#website","url":"https:\/\/estrellaaesthetics.com\/es\/","name":"Estrella Aesthetics &amp; Surgical Arts - Spanish","description":"Estrella Aesthetics &amp; Surgical Arts - Non-Surgical Laser Skin Care Clinic, Botox, Restylane &amp; Dermal Fillers, Corona, California","potentialAction":[{"@type":"SearchAction","target":{"@type":"EntryPoint","urlTemplate":"https:\/\/estrellaaesthetics.com\/es\/?s={search_term_string}"},"query-input":{"@type":"PropertyValueSpecification","valueRequired":true,"valueName":"search_term_string"}}],"inLanguage":"es"}]}},"_links":{"self":[{"href":"https:\/\/estrellaaesthetics.com\/es\/wp-json\/wp\/v2\/pages\/4480","targetHints":{"allow":["GET"]}}],"collection":[{"href":"https:\/\/estrellaaesthetics.com\/es\/wp-json\/wp\/v2\/pages"}],"about":[{"href":"https:\/\/estrellaaesthetics.com\/es\/wp-json\/wp\/v2\/types\/page"}],"author":[{"embeddable":true,"href":"https:\/\/estrellaaesthetics.com\/es\/wp-json\/wp\/v2\/users\/4"}],"replies":[{"embeddable":true,"href":"https:\/\/estrellaaesthetics.com\/es\/wp-json\/wp\/v2\/comments?post=4480"}],"version-history":[{"count":0,"href":"https:\/\/estrellaaesthetics.com\/es\/wp-json\/wp\/v2\/pages\/4480\/revisions"}],"up":[{"embeddable":true,"href":"https:\/\/estrellaaesthetics.com\/es\/wp-json\/wp\/v2\/pages\/2825"}],"wp:attachment":[{"href":"https:\/\/estrellaaesthetics.com\/es\/wp-json\/wp\/v2\/media?parent=4480"}],"curies":[{"name":"wp","href":"https:\/\/api.w.org\/{rel}","templated":true}]}}