{"id":4458,"date":"2014-04-28T15:31:52","date_gmt":"2014-04-28T15:31:52","guid":{"rendered":"http:\/\/estrellaaesthetics.com\/es\/?page_id=4458"},"modified":"2022-04-05T10:52:30","modified_gmt":"2022-04-05T17:52:30","slug":"rinoplastia-de-revision-el-renombrado-cirujano-estetico-de-cabeza-y-cuello-en-corona","status":"publish","type":"page","link":"https:\/\/estrellaaesthetics.com\/es\/cirugia-estetica-facial\/revision-de-rinoplastia","title":{"rendered":"Rinoplastia de Revisi\u00f3n"},"content":{"rendered":"<h1>Rinoplastia de Revisi\u00f3n por Ray Khan, MD<\/h1>\n<h3>Rahil Khan, M.D.<br>Estrella Aesthetics & Surgical Arts<br>Corona, California<\/h3>\n<h2>Estrella Aesthetics &amp; Surgical Arts, Corona, California<\/h2>\n<p>La <b>rinoplastia de revisi\u00f3n<\/b> ya est\u00e1 disponible en un <b>Centro M\u00e9dico de la Universidad de Stanford<\/b> capacitado por el <b>cirujano pl\u00e1stico facial y de cabeza y cuello<\/b>, el Ray Khan, MD con una importante experiencia en la que se considera la cirug\u00eda est\u00e9tica m\u00e1s dif\u00edcil.<\/p>\n<p>Este es uno de los procedimientos m\u00e1s dif\u00edciles en la cirug\u00eda est\u00e9tica hoy en d\u00eda. Los procedimientos en la \u00abnariz \u00bb o rinoplastia previos, o bien no lograban el resultado deseado, o el cirujano era demasiado agresivo con la manipulaci\u00f3n de cart\u00edlago de la nariz u ocurr\u00eda una complicaci\u00f3n, todo lo cual ha producido un resultado menos que \u00f3ptimo.<\/p>\n<p>Aproximadamente un tercio de las cirug\u00edas nasales est\u00e9ticas de Ray Khan son revisiones de las de sus colegas. Todos los pacientes se toman fotograf\u00edas y se hace una morfolog\u00eda fotogr\u00e1fica con Ray Khan para identificar el aspecto exacto que el paciente quiere lograr. \u00c9l le mostrar\u00e1 la posibilidad de alcanzar este objetivo est\u00e9tico. La preparaci\u00f3n para la cirug\u00eda es primordial. La obtenci\u00f3n de la descripci\u00f3n previa a la cirug\u00eda o el \u00abinforme operativo\u00bb, proporciona informaci\u00f3n valiosa de la anatom\u00eda que puede estar presente en el momento del procedimiento de revisi\u00f3n.<\/p>\n<p>Casi todos estos casos requieren que la estructura de tejido blando entre las fosas nasales sea levantado (enfoque abierto) para una visualizaci\u00f3n m\u00e1xima de la anatom\u00eda nasal. Casi la totalidad de los procedimientos de revisi\u00f3n requieren cart\u00edlago de alguna parte de tu cuerpo: tabique nasal, la concha del o\u00eddo o cart\u00edlago de la costilla. De vez en cuando, puede ser necesario hueso de la parte superior de la cabeza, injerto de piel y cart\u00edlago combinados tomados de la oreja o el cart\u00edlago tomado de un esp\u00e9cimen cadav\u00e9rico.<\/p>\n<p>La deficiencia normal en la cirug\u00eda de revisi\u00f3n es la eliminaci\u00f3n previa de cualquier estructura de soporte \u00f3seo o cartilaginoso de la nariz. Este marco estructural debe ser reconstruido, preferentemente utilizando tu propio tejido. Se requiere de la adici\u00f3n de piel o un injerto compuesto (piel y cart\u00edlago) para hacer resurgir la cicatrizaci\u00f3n en el interior de las fosas nasales o la piel vestibular.<\/p>\n<p>En algunos pacientes s\u00f3lo se requieren tratamientos no invasivos m\u00ednimos para crear la apariencia est\u00e9tica deseada. Un esteroide llamado triamcinolona o Kenalog se inyecta en una o algunas pocas \u00e1reas de la piel de plenitud (por lo general de la zona del cart\u00edlago encima de la punta nasal) con bajas dosis, con lo que se resuelve el problema. En raras ocasiones, la inyecci\u00f3n de un relleno d\u00e9rmico, como <a href=\"\/es\/procedimientos-inyectables\/rellenos-dermicos-temporales\">Perlane<\/a> o <a href=\"\/es\/procedimientos-inyectables\/rellenos-dermicos-permanentes\">Artefill<\/a>, puede rellenar un \u00e1rea con deficiencia, sin embargo, a menudo se debe repetir.<\/p>\n<p>Algunos pacientes pueden experimentar un enfoque cerrado con una incisi\u00f3n dentro de la fosa nasal, lo que produce menos hinchaz\u00f3n pos-tratamiento de punta nasal que la de la v\u00eda abierta. El corte directo de un \u00e1rea con exceso de cart\u00edlago o la colocaci\u00f3n de un injerto de cart\u00edlago en una zona de debilidad o zona de deficiencia de volumen puede ser necesario.<\/p>\n<p>La presentaci\u00f3n m\u00e1s com\u00fan de la pr\u00e1ctica de rinoplastia de revisi\u00f3n de Ray Khan es una nariz que ha tenido entre tres y cuatro cirug\u00edas previas con exceso de extirpaci\u00f3n o manipulaci\u00f3n del cart\u00edlago. Los pacientes con esta presentaci\u00f3n a menudo requieren m\u00faltiples injertos de cart\u00edlago para un soporte estructural tanto funcional (mejorar la respiraci\u00f3n), como est\u00e9tico. El conocimiento de la anatom\u00eda, ingenier\u00eda, un ojo art\u00edstico y la comprensi\u00f3n de las limitaciones son cualidades esenciales del cirujano para lograr el resultado \u00f3ptimo.<\/p>\n<p>Por favor, cont\u00e1ctese con nosotros en <strong>Estrella Aesthetics &amp; Surgical Arts en Corona CA al <strong><a href=\"tel:+19513561207\" onclick=\"sendEventToGoogle('Content', '\/es\/wp-json\/wp\/v2\/pages\/4458', '+19513561207');\">(951) 356-1207<\/a><\/strong>.<\/p>\n<h2>Estrella Aesthetics &amp; Surgical Art<\/h2>\n<h5>2550 Tuscany St<\/h5>\n<p>Suite #103<br \/>\nCorona, CA 92881<br \/>\n<strong><a href=\"tel:+19513561207\" onclick=\"sendEventToGoogle('Content', '\/es\/wp-json\/wp\/v2\/pages\/4458', '+19513561207');\">(951) 356-1207<\/a><\/strong><\/p>\n<h2>Horario de Atenci\u00f3n<\/h2>\r\n<h5>Lunes a Viernes: 10.00am a 7.00pm<\/h5>\r\n<h5>S\u00e1bado: 10.00am a 5.00pm<\/h5>\r\n<h5>Domingos Cerrados<\/h5>\n","protected":false},"excerpt":{"rendered":"<p>Rinoplastia de Revisi\u00f3n por Ray Khan, MD Estrella Aesthetics &amp; Surgical Arts, Corona, California La rinoplastia de revisi\u00f3n ya est\u00e1 disponible en un Centro M\u00e9dico de la Universidad de Stanford capacitado por el cirujano pl\u00e1stico facial y de cabeza y cuello, el Ray Khan, MD con una importante experiencia en la que se considera la&#8230; <a class=\"more-link\" href=\"https:\/\/estrellaaesthetics.com\/es\/cirugia-estetica-facial\/revision-de-rinoplastia\">[Read More]<\/a><\/p>\n","protected":false},"author":4,"featured_media":0,"parent":2720,"menu_order":0,"comment_status":"open","ping_status":"open","template":"","meta":{"_acf_changed":false,"inline_featured_image":false,"_genesis_hide_title":false,"_genesis_hide_breadcrumbs":false,"_genesis_hide_singular_image":false,"_genesis_hide_footer_widgets":false,"_genesis_custom_body_class":"","_genesis_custom_post_class":"","_genesis_layout":"","footnotes":""},"class_list":{"0":"post-4458","1":"page","2":"type-page","3":"status-publish","5":"entry"},"acf":[],"yoast_head":"\n<title>Rinoplastia de Revisi\u00f3n - Corona, CA<\/title>\n<meta name=\"description\" content=\"Rinoplastia de Revisi\u00f3n El renombrado Cirujano Est\u00e9tico de Cabeza y Cuello en Corona. Llamar al (951) 356-1207\" \/>\n<meta name=\"robots\" content=\"index, follow, max-snippet:-1, max-image-preview:large, max-video-preview:-1\" \/>\n<link rel=\"canonical\" href=\"https:\/\/estrellaaesthetics.com\/es\/cirugia-estetica-facial\/revision-de-rinoplastia\/\" \/>\n<meta property=\"og:locale\" content=\"es_ES\" \/>\n<meta property=\"og:type\" content=\"article\" \/>\n<meta property=\"og:title\" content=\"Rinoplastia de Revisi\u00f3n - Corona, CA\" \/>\n<meta property=\"og:description\" content=\"Rinoplastia de Revisi\u00f3n El renombrado Cirujano Est\u00e9tico de Cabeza y Cuello en Corona. Llamar al (951) 356-1207\" \/>\n<meta property=\"og:url\" content=\"https:\/\/estrellaaesthetics.com\/es\/cirugia-estetica-facial\/revision-de-rinoplastia\/\" \/>\n<meta property=\"og:site_name\" content=\"Estrella Aesthetics &amp; Surgical Arts - Spanish\" \/>\n<meta property=\"article:modified_time\" content=\"2022-04-05T17:52:30+00:00\" \/>\n<meta name=\"twitter:card\" content=\"summary_large_image\" \/>\n<meta name=\"twitter:label1\" content=\"Tiempo de lectura\" \/>\n\t<meta name=\"twitter:data1\" content=\"4 minutos\" \/>\n<script type=\"application\/ld+json\" class=\"yoast-schema-graph\">{\"@context\":\"https:\\\/\\\/schema.org\",\"@graph\":[{\"@type\":\"WebPage\",\"@id\":\"https:\\\/\\\/estrellaaesthetics.com\\\/es\\\/cirugia-estetica-facial\\\/revision-de-rinoplastia\\\/\",\"url\":\"https:\\\/\\\/estrellaaesthetics.com\\\/es\\\/cirugia-estetica-facial\\\/revision-de-rinoplastia\\\/\",\"name\":\"Rinoplastia de Revisi\u00f3n - Corona, CA\",\"isPartOf\":{\"@id\":\"https:\\\/\\\/estrellaaesthetics.com\\\/es\\\/#website\"},\"datePublished\":\"2014-04-28T15:31:52+00:00\",\"dateModified\":\"2022-04-05T17:52:30+00:00\",\"description\":\"Rinoplastia de Revisi\u00f3n El renombrado Cirujano Est\u00e9tico de Cabeza y Cuello en Corona. Llamar al (951) 356-1207\",\"breadcrumb\":{\"@id\":\"https:\\\/\\\/estrellaaesthetics.com\\\/es\\\/cirugia-estetica-facial\\\/revision-de-rinoplastia\\\/#breadcrumb\"},\"inLanguage\":\"es\",\"potentialAction\":[{\"@type\":\"ReadAction\",\"target\":[\"https:\\\/\\\/estrellaaesthetics.com\\\/es\\\/cirugia-estetica-facial\\\/revision-de-rinoplastia\\\/\"]}]},{\"@type\":\"BreadcrumbList\",\"@id\":\"https:\\\/\\\/estrellaaesthetics.com\\\/es\\\/cirugia-estetica-facial\\\/revision-de-rinoplastia\\\/#breadcrumb\",\"itemListElement\":[{\"@type\":\"ListItem\",\"position\":1,\"name\":\"Procedimientos\",\"item\":\"https:\\\/\\\/estrellaaesthetics.com\\\/es\\\/procedimientos\\\/\"},{\"@type\":\"ListItem\",\"position\":2,\"name\":\"Procedimientos faciales\",\"item\":\"https:\\\/\\\/estrellaaesthetics.com\\\/es\\\/procedimientos-para-la-cara\\\/\"},{\"@type\":\"ListItem\",\"position\":3,\"name\":\"Cirug\u00eda est\u00e9tica facial\",\"item\":\"https:\\\/\\\/estrellaaesthetics.com\\\/es\\\/cirugia-cosmetica-facial\\\/\"},{\"@type\":\"ListItem\",\"position\":4,\"name\":\"Rinoplastia de Revisi\u00f3n\"}]},{\"@type\":\"WebSite\",\"@id\":\"https:\\\/\\\/estrellaaesthetics.com\\\/es\\\/#website\",\"url\":\"https:\\\/\\\/estrellaaesthetics.com\\\/es\\\/\",\"name\":\"Estrella Aesthetics &amp; Surgical Arts - Spanish\",\"description\":\"Estrella Aesthetics &amp; Surgical Arts - Non-Surgical Laser Skin Care Clinic, Botox, Restylane &amp; Dermal Fillers, Corona, California\",\"potentialAction\":[{\"@type\":\"SearchAction\",\"target\":{\"@type\":\"EntryPoint\",\"urlTemplate\":\"https:\\\/\\\/estrellaaesthetics.com\\\/es\\\/?s={search_term_string}\"},\"query-input\":{\"@type\":\"PropertyValueSpecification\",\"valueRequired\":true,\"valueName\":\"search_term_string\"}}],\"inLanguage\":\"es\"}]}<\/script>\n","yoast_head_json":{"title":"Rinoplastia de Revisi\u00f3n - Corona, CA","description":"Rinoplastia de Revisi\u00f3n El renombrado Cirujano Est\u00e9tico de Cabeza y Cuello en Corona. Llamar al (951) 356-1207","robots":{"index":"index","follow":"follow","max-snippet":"max-snippet:-1","max-image-preview":"max-image-preview:large","max-video-preview":"max-video-preview:-1"},"canonical":"https:\/\/estrellaaesthetics.com\/es\/cirugia-estetica-facial\/revision-de-rinoplastia\/","og_locale":"es_ES","og_type":"article","og_title":"Rinoplastia de Revisi\u00f3n - Corona, CA","og_description":"Rinoplastia de Revisi\u00f3n El renombrado Cirujano Est\u00e9tico de Cabeza y Cuello en Corona. Llamar al (951) 356-1207","og_url":"https:\/\/estrellaaesthetics.com\/es\/cirugia-estetica-facial\/revision-de-rinoplastia\/","og_site_name":"Estrella Aesthetics &amp; Surgical Arts - Spanish","article_modified_time":"2022-04-05T17:52:30+00:00","twitter_card":"summary_large_image","twitter_misc":{"Tiempo de lectura":"4 minutos"},"schema":{"@context":"https:\/\/schema.org","@graph":[{"@type":"WebPage","@id":"https:\/\/estrellaaesthetics.com\/es\/cirugia-estetica-facial\/revision-de-rinoplastia\/","url":"https:\/\/estrellaaesthetics.com\/es\/cirugia-estetica-facial\/revision-de-rinoplastia\/","name":"Rinoplastia de Revisi\u00f3n - Corona, CA","isPartOf":{"@id":"https:\/\/estrellaaesthetics.com\/es\/#website"},"datePublished":"2014-04-28T15:31:52+00:00","dateModified":"2022-04-05T17:52:30+00:00","description":"Rinoplastia de Revisi\u00f3n El renombrado Cirujano Est\u00e9tico de Cabeza y Cuello en Corona. Llamar al (951) 356-1207","breadcrumb":{"@id":"https:\/\/estrellaaesthetics.com\/es\/cirugia-estetica-facial\/revision-de-rinoplastia\/#breadcrumb"},"inLanguage":"es","potentialAction":[{"@type":"ReadAction","target":["https:\/\/estrellaaesthetics.com\/es\/cirugia-estetica-facial\/revision-de-rinoplastia\/"]}]},{"@type":"BreadcrumbList","@id":"https:\/\/estrellaaesthetics.com\/es\/cirugia-estetica-facial\/revision-de-rinoplastia\/#breadcrumb","itemListElement":[{"@type":"ListItem","position":1,"name":"Procedimientos","item":"https:\/\/estrellaaesthetics.com\/es\/procedimientos\/"},{"@type":"ListItem","position":2,"name":"Procedimientos faciales","item":"https:\/\/estrellaaesthetics.com\/es\/procedimientos-para-la-cara\/"},{"@type":"ListItem","position":3,"name":"Cirug\u00eda est\u00e9tica facial","item":"https:\/\/estrellaaesthetics.com\/es\/cirugia-cosmetica-facial\/"},{"@type":"ListItem","position":4,"name":"Rinoplastia de Revisi\u00f3n"}]},{"@type":"WebSite","@id":"https:\/\/estrellaaesthetics.com\/es\/#website","url":"https:\/\/estrellaaesthetics.com\/es\/","name":"Estrella Aesthetics &amp; Surgical Arts - Spanish","description":"Estrella Aesthetics &amp; Surgical Arts - Non-Surgical Laser Skin Care Clinic, Botox, Restylane &amp; Dermal Fillers, Corona, California","potentialAction":[{"@type":"SearchAction","target":{"@type":"EntryPoint","urlTemplate":"https:\/\/estrellaaesthetics.com\/es\/?s={search_term_string}"},"query-input":{"@type":"PropertyValueSpecification","valueRequired":true,"valueName":"search_term_string"}}],"inLanguage":"es"}]}},"_links":{"self":[{"href":"https:\/\/estrellaaesthetics.com\/es\/wp-json\/wp\/v2\/pages\/4458","targetHints":{"allow":["GET"]}}],"collection":[{"href":"https:\/\/estrellaaesthetics.com\/es\/wp-json\/wp\/v2\/pages"}],"about":[{"href":"https:\/\/estrellaaesthetics.com\/es\/wp-json\/wp\/v2\/types\/page"}],"author":[{"embeddable":true,"href":"https:\/\/estrellaaesthetics.com\/es\/wp-json\/wp\/v2\/users\/4"}],"replies":[{"embeddable":true,"href":"https:\/\/estrellaaesthetics.com\/es\/wp-json\/wp\/v2\/comments?post=4458"}],"version-history":[{"count":0,"href":"https:\/\/estrellaaesthetics.com\/es\/wp-json\/wp\/v2\/pages\/4458\/revisions"}],"up":[{"embeddable":true,"href":"https:\/\/estrellaaesthetics.com\/es\/wp-json\/wp\/v2\/pages\/2720"}],"wp:attachment":[{"href":"https:\/\/estrellaaesthetics.com\/es\/wp-json\/wp\/v2\/media?parent=4458"}],"curies":[{"name":"wp","href":"https:\/\/api.w.org\/{rel}","templated":true}]}}