{"id":4448,"date":"2014-04-25T22:41:13","date_gmt":"2014-04-25T22:41:13","guid":{"rendered":"http:\/\/estrellaaesthetics.com\/es\/?page_id=4448"},"modified":"2022-04-05T10:50:35","modified_gmt":"2022-04-05T17:50:35","slug":"liposuccion","status":"publish","type":"page","link":"https:\/\/estrellaaesthetics.com\/es\/cirugia-estetica-facial\/liposuccion","title":{"rendered":"Procedimientos de Liposucci\u00f3n (Cara y Cuello)"},"content":{"rendered":"<h1>Procedimientos de Liposucci\u00f3n (Cara y Cuello) por un Cirujano Pl\u00e1stico Facial, en Corona, CA.<\/h1>\n<h3>Rahil Khan, M.D.<br>Estrella Aesthetics & Surgical Arts<br>Corona, California<\/h3>\n<h2>Escultura facial con liposucci\u00f3n<\/h2>\n<p>A medida que envejecemos, se producen tres cambios t\u00edpicos:<\/p>\n<ol>\n<li>cambios en la piel por la exposici\u00f3n al sol, el tabaquismo o el proceso de envejecimiento que da como resultado arrugas, manchas de pigmentaci\u00f3n y falta de elasticidad de la piel.<\/li>\n<li>p\u00e9rdida de fuerza en el tejido conectivo blando, lo que resulta en ca\u00edda facial y de la frente o ptosis<\/li>\n<li>deficiencias de volumen, as\u00ed como \u00e1reas de volumen excesivo, sobretodo en la papada y el cuello<\/li>\n<\/ol>\n<p>El ejercicio y una dieta adecuada son la mejor manera de perder el exceso de grasa, pero por desgracia algunos dep\u00f3sitos de grasa no se pueden eliminar as\u00ed, ni siquiera con el m\u00e1s intenso r\u00e9gimen de entrenamiento f\u00edsico. Afortunadamente, <b>la liposucci\u00f3n se puede utilizar para eliminar la grasa de forma r\u00e1pida y segura<\/b>.<\/p>\n<p>La liposucci\u00f3n VASER o de ultrasonido es la <b>mejor t\u00e9cnica<\/b> disponible en la actualidad:<\/p>\n<ul>\n<li>25-30% menos sangrado y menos hematomas que la liposucci\u00f3n est\u00e1ndar<\/li>\n<li>m\u00e1s endurecimiento de la piel que cualquier otro procedimiento, un 53% m\u00e1s que la liposucci\u00f3n est\u00e1ndar y un 35 % m\u00e1s que la lip\u00f3lisis l\u00e1ser<\/li>\n<li>La mayor eliminaci\u00f3n de grasa que cualquier otra t\u00e9cnica<\/li>\n<li>La menor tasa de revisi\u00f3n de todas las t\u00e9cnicas.<\/li>\n<\/ul>\n<p><b>Ray Khan es un instructor nacional<\/b>, tanto para el distribuidor exclusivo de Estados Unidos del Body-Jet, Eclipsemed Ltd., y el fabricante de la liposucci\u00f3n VASER, Sound Surgical Technologies, (ahora Solta Medical); ense\u00f1a a otros cirujanos pl\u00e1sticos en la t\u00e9cnica de <b>Water -Jet Assisted Liposuction<\/b> y la t\u00e9cnica de liposucci\u00f3n <b>VASER Ultrasound<\/b>, as\u00ed como los <b>injertos de grasa en cara y cuerpo<\/b>. Ray Khan ha realizado m\u00e1s de 800 procedimientos de liposucci\u00f3n de cara y cuello en su carrera.<\/p>\n<h2>C\u00f3mo funciona la liposucci\u00f3n:<\/h2>\n<p>Ray Khan tambi\u00e9n ofrece <b>liposucci\u00f3n VASER asistida por ultrasonido<\/b>, que proporciona el mejor m\u00e9todo para una alta definici\u00f3n del cuerpo, y al mismo tiempo produce un m\u00ednimo de dolor y hematomas post- tratamiento. Despu\u00e9s de una fase inicial de infiltraci\u00f3n de la soluci\u00f3n anest\u00e9sica, en una segunda fase se utiliza una sonda de titanio para aplicar ultrasonidos a 36.000 Hz, el cual separa las c\u00e9lulas de grasa sin da\u00f1ar los tejidos importantes, seguido por la fase final de la succi\u00f3n de esta grasa separada.<\/p>\n<p>Los procedimientos de liposucci\u00f3n VASER con ultrasonido pueden realizarse bajo <b>anestesia local<\/b> adem\u00e1s de <b>sedaci\u00f3n oral m\u00ednima<\/b>.<\/p>\n<p>La mayor\u00eda de nuestros pacientes reportan s\u00f3lo <b>un dolor leve<\/b> en el per\u00edodo post- operatorio inmediato y rara vez requieren alivio del dolor con narc\u00f3ticos m\u00e1s all\u00e1 del primer d\u00eda despu\u00e9s del procedimiento. De hecho, la mayor\u00eda de nuestros pacientes est\u00e1n 100 % libres de dolor al cuarto d\u00eda despu\u00e9s de la operaci\u00f3n y son capaces de <b>recuperarse muy pronto y volver a la actividad normal r\u00e1pidamente<\/b>.<\/p>\n<p><strong>Antes y despu\u00e9s de la liposucci\u00f3n Fotos (Cara y Cuello):<\/strong><br \/>\nHaga clic en las im\u00e1genes para agrandar<\/p>\n<p><a title=\"\" href=\"\/wp-content\/uploads\/2016\/06\/facial-lip-before-after-1a.jpg\" rel=\"prettyPhoto[pp_gal]\" class=\"patient-full-photo\" data-rel=\"lightbox-gallery-SEj21FKh\" data-rl_title=\"\" data-rl_caption=\"\"><img class=\"lazy-load\" onmousedown=\"if (event.preventDefault) event.preventDefault()\" alt=\"Liposuction (Face &#038; Neck) - Before - Patient 1a\" data-src=\"\/wp-content\/uploads\/2013\/11\/facial-lip-before-1a.jpg\" width=\"180\" \/><\/a><\/p>\n<div class=\"patient-meta-info\">Los resultados individuales pueden variar.<\/p>\n<p><a href=\"\/es\/contacto\">Haga clic aqu\u00ed para ponerse en contacto con Estrella Aesthetics &#038; Surgical Arts y establecer una consulta.<\/a>.<\/div>\n<div style=\"clear:both;\"><\/div>\n<p><a title=\"\" href=\"\/wp-content\/uploads\/2016\/06\/facial-lip-before-after-1a.jpg\" rel=\"prettyPhoto[pp_gal]\" class=\"patient-full-photo\" data-rel=\"lightbox-gallery-SEj21FKh\" data-rl_title=\"\" data-rl_caption=\"\"><img class=\"lazy-load\" onmousedown=\"if (event.preventDefault) event.preventDefault()\" alt=\"Liposuction (Face &#038; Neck) - After - Patient 1a\" data-src=\"\/wp-content\/uploads\/2013\/11\/facial-lip-after-1a.jpg\" width=\"180\" \/><\/a><\/p>\n<div class=\"patient-meta-info\">Los resultados individuales pueden variar.<\/p>\n<p><a href=\"\/es\/contacto\">Haga clic aqu\u00ed para ponerse en contacto con Estrella Aesthetics &#038; Surgical Arts y establecer una consulta.<\/a>.<\/div>\n<div style=\"clear:both;\"><\/div>\n<p><a title=\"\" href=\"\/wp-content\/uploads\/2016\/06\/facial-lip-before-after-1b.jpg\" rel=\"prettyPhoto[pp_gal]\" class=\"patient-full-photo\" data-rel=\"lightbox-gallery-SEj21FKh\" data-rl_title=\"\" data-rl_caption=\"\"><img class=\"lazy-load\" onmousedown=\"if (event.preventDefault) event.preventDefault()\" alt=\"Liposuction (Face &#038; Neck) - Before - Patient 1a\" data-src=\"\/wp-content\/uploads\/2013\/11\/facial-lip-before-1b.jpg\" width=\"180\" \/><\/a><\/p>\n<div class=\"patient-meta-info\">Los resultados individuales pueden variar.<\/p>\n<p><a href=\"\/es\/contacto\">Haga clic aqu\u00ed para ponerse en contacto con Estrella Aesthetics &#038; Surgical Arts y establecer una consulta.<\/a>.<\/div>\n<div style=\"clear:both;\"><\/div>\n<p><a title=\"\" href=\"\/wp-content\/uploads\/2016\/06\/facial-lip-before-after-1b.jpg\" rel=\"prettyPhoto[pp_gal]\" class=\"patient-full-photo\" data-rel=\"lightbox-gallery-SEj21FKh\" data-rl_title=\"\" data-rl_caption=\"\"><img class=\"lazy-load\" onmousedown=\"if (event.preventDefault) event.preventDefault()\" alt=\"Liposuction (Face &#038; Neck) - After - Patient 1a\" data-src=\"\/wp-content\/uploads\/2013\/11\/facial-lip-after-1b.jpg\" width=\"180\" \/><\/a><\/p>\n<div class=\"patient-meta-info\">Los resultados individuales pueden variar.<\/p>\n<p><a href=\"\/es\/contacto\">Haga clic aqu\u00ed para ponerse en contacto con Estrella Aesthetics &#038; Surgical Arts y establecer una consulta.<\/a>.<\/div>\n<div style=\"clear:both;\"><\/div>\n<p><a title=\"\" href=\"\/wp-content\/uploads\/2016\/06\/facial-lip-before-after-1c.jpg\" rel=\"prettyPhoto[pp_gal]\" class=\"patient-full-photo\" data-rel=\"lightbox-gallery-SEj21FKh\" data-rl_title=\"\" data-rl_caption=\"\"><img class=\"lazy-load\" onmousedown=\"if (event.preventDefault) event.preventDefault()\" alt=\"Liposuction (Face &#038; Neck) - Before - Patient 1a\" data-src=\"\/wp-content\/uploads\/2013\/11\/facial-lip-before-1c.jpg\" width=\"180\" \/><\/a><\/p>\n<div class=\"patient-meta-info\">Los resultados individuales pueden variar.<\/p>\n<p><a href=\"\/es\/contacto\">Haga clic aqu\u00ed para ponerse en contacto con Estrella Aesthetics &#038; Surgical Arts y establecer una consulta.<\/a>.<\/div>\n<div style=\"clear:both;\"><\/div>\n<p><a title=\"\" href=\"\/wp-content\/uploads\/2016\/06\/facial-lip-before-after-1c.jpg\" rel=\"prettyPhoto[pp_gal]\" class=\"patient-full-photo\" data-rel=\"lightbox-gallery-SEj21FKh\" data-rl_title=\"\" data-rl_caption=\"\"><img class=\"lazy-load\" onmousedown=\"if (event.preventDefault) event.preventDefault()\" alt=\"Liposuction (Face &#038; Neck) - After - Patient 1a\" data-src=\"\/wp-content\/uploads\/2013\/11\/facial-lip-after-1c.jpg\" width=\"180\" \/><\/a><\/p>\n<div class=\"patient-meta-info\">Los resultados individuales pueden variar.<\/p>\n<p><a href=\"\/es\/contacto\">Haga clic aqu\u00ed para ponerse en contacto con Estrella Aesthetics &#038; Surgical Arts y establecer una consulta.<\/a>.<\/div>\n<div style=\"clear:both;\"><\/div>\n<h2>P\u00f3ngase en contacto con https:\/\/estrellaaesthetics.com\/es\/cirugia-estetica-facial\/liposuccion, MD y el equipo estelar de Estrella Aesthetics &#038; Surgical Arts para su consulta gratuita:<\/h2>\n<p><strong>Estrella Aesthetics<\/strong> estar\u00e1 encantado de discutir el procedimiento de Liposucci\u00f3n con usted y responder a todas sus preguntas. Por favor, no dude en llamar ahora mismo al <strong><a href=\"tel:+19513561207\" onclick=\"sendEventToGoogle('Content', '\/es\/wp-json\/wp\/v2\/pages\/4448', '+19513561207');\">(951) 356-1207<\/a><\/strong><\/p>\n<p><a href=\"\/es\/contacto\">Haga clic aqu\u00ed para su consulta o cita gratuita privada<\/a><\/p>\n<h2>Estrella Aesthetics &amp; Surgical Art<\/h2>\n<h5>2550 Tuscany St<\/h5>\n<p>Suite #103<br \/>\nCorona, CA 92881<br \/>\n<strong><a href=\"tel:+19513561207\" onclick=\"sendEventToGoogle('Content', '\/es\/wp-json\/wp\/v2\/pages\/4448', '+19513561207');\">(951) 356-1207<\/a><\/strong><\/p>\n<h2>Horario de Atenci\u00f3n<\/h2>\r\n<h5>Lunes a Viernes: 10.00am a 7.00pm<\/h5>\r\n<h5>S\u00e1bado: 10.00am a 5.00pm<\/h5>\r\n<h5>Domingos Cerrados<\/h5>\n<p><iframe loading=\"lazy\" src=\"https:\/\/maps.google.ca\/maps?q=2550+Tuscany+St++Suite+%23103++Corona,+CA+92881&amp;oe=utf-8&amp;client=firefox-a&amp;ie=UTF8&amp;hq=&amp;hnear=2550+Tuscany+St+%23103,+Corona,+California+92881,+United+States&amp;t=m&amp;ll=33.824651,-117.517319&amp;spn=0.021391,0.059223&amp;z=14&amp;iwloc=&amp;output=embed\" height=\"300\" width=\"690\" frameborder=\"0\" marginwidth=\"0\" marginheight=\"0\" scrolling=\"no\"><\/iframe><\/p>\n","protected":false},"excerpt":{"rendered":"<p>Procedimientos de Liposucci\u00f3n (Cara y Cuello) por un Cirujano Pl\u00e1stico Facial, en Corona, CA. Escultura facial con liposucci\u00f3n A medida que envejecemos, se producen tres cambios t\u00edpicos: cambios en la piel por la exposici\u00f3n al sol, el tabaquismo o el proceso de envejecimiento que da como resultado arrugas, manchas de pigmentaci\u00f3n y falta de elasticidad&#8230; <a class=\"more-link\" href=\"https:\/\/estrellaaesthetics.com\/es\/cirugia-estetica-facial\/liposuccion\">[Read More]<\/a><\/p>\n","protected":false},"author":4,"featured_media":0,"parent":2720,"menu_order":0,"comment_status":"open","ping_status":"open","template":"","meta":{"_acf_changed":false,"inline_featured_image":false,"_genesis_hide_title":false,"_genesis_hide_breadcrumbs":false,"_genesis_hide_singular_image":false,"_genesis_hide_footer_widgets":false,"_genesis_custom_body_class":"","_genesis_custom_post_class":"","_genesis_layout":"","footnotes":""},"class_list":{"0":"post-4448","1":"page","2":"type-page","3":"status-publish","5":"entry"},"acf":[],"yoast_head":"\n<title>Procedimientos de Liposucci\u00f3n (Cara y Cuello) - Corona, Ca<\/title>\n<meta name=\"description\" content=\"Procedimientos de Liposucci\u00f3n (Cara y Cuello) por un Cirujano Pl\u00e1stico Facial, en Corona, CA. Llamar al (951) 356-1207\" \/>\n<meta name=\"robots\" content=\"index, follow, max-snippet:-1, max-image-preview:large, max-video-preview:-1\" \/>\n<link rel=\"canonical\" href=\"https:\/\/estrellaaesthetics.com\/es\/cirugia-estetica-facial\/liposuccion\/\" \/>\n<meta property=\"og:locale\" content=\"es_ES\" \/>\n<meta property=\"og:type\" content=\"article\" \/>\n<meta property=\"og:title\" content=\"Procedimientos de Liposucci\u00f3n (Cara y Cuello) - Corona, Ca\" \/>\n<meta property=\"og:description\" content=\"Procedimientos de Liposucci\u00f3n (Cara y Cuello) por un Cirujano Pl\u00e1stico Facial, en Corona, CA. Llamar al (951) 356-1207\" \/>\n<meta property=\"og:url\" content=\"https:\/\/estrellaaesthetics.com\/es\/cirugia-estetica-facial\/liposuccion\/\" \/>\n<meta property=\"og:site_name\" content=\"Estrella Aesthetics &amp; Surgical Arts - Spanish\" \/>\n<meta property=\"article:modified_time\" content=\"2022-04-05T17:50:35+00:00\" \/>\n<meta property=\"og:image\" content=\"https:\/\/estrellaaesthetics.com\/wp-content\/uploads\/2013\/11\/facial-lip-before-1a.jpg\" \/>\n<meta name=\"twitter:card\" content=\"summary_large_image\" \/>\n<meta name=\"twitter:label1\" content=\"Tiempo de lectura\" \/>\n\t<meta name=\"twitter:data1\" content=\"4 minutos\" \/>\n<script type=\"application\/ld+json\" class=\"yoast-schema-graph\">{\"@context\":\"https:\\\/\\\/schema.org\",\"@graph\":[{\"@type\":\"WebPage\",\"@id\":\"https:\\\/\\\/estrellaaesthetics.com\\\/es\\\/cirugia-estetica-facial\\\/liposuccion\\\/\",\"url\":\"https:\\\/\\\/estrellaaesthetics.com\\\/es\\\/cirugia-estetica-facial\\\/liposuccion\\\/\",\"name\":\"Procedimientos de Liposucci\u00f3n (Cara y Cuello) - Corona, Ca\",\"isPartOf\":{\"@id\":\"https:\\\/\\\/estrellaaesthetics.com\\\/es\\\/#website\"},\"datePublished\":\"2014-04-25T22:41:13+00:00\",\"dateModified\":\"2022-04-05T17:50:35+00:00\",\"description\":\"Procedimientos de Liposucci\u00f3n (Cara y Cuello) por un Cirujano Pl\u00e1stico Facial, en Corona, CA. Llamar al (951) 356-1207\",\"breadcrumb\":{\"@id\":\"https:\\\/\\\/estrellaaesthetics.com\\\/es\\\/cirugia-estetica-facial\\\/liposuccion\\\/#breadcrumb\"},\"inLanguage\":\"es\",\"potentialAction\":[{\"@type\":\"ReadAction\",\"target\":[\"https:\\\/\\\/estrellaaesthetics.com\\\/es\\\/cirugia-estetica-facial\\\/liposuccion\\\/\"]}]},{\"@type\":\"BreadcrumbList\",\"@id\":\"https:\\\/\\\/estrellaaesthetics.com\\\/es\\\/cirugia-estetica-facial\\\/liposuccion\\\/#breadcrumb\",\"itemListElement\":[{\"@type\":\"ListItem\",\"position\":1,\"name\":\"Procedimientos\",\"item\":\"https:\\\/\\\/estrellaaesthetics.com\\\/es\\\/procedimientos\\\/\"},{\"@type\":\"ListItem\",\"position\":2,\"name\":\"Procedimientos faciales\",\"item\":\"https:\\\/\\\/estrellaaesthetics.com\\\/es\\\/procedimientos-para-la-cara\\\/\"},{\"@type\":\"ListItem\",\"position\":3,\"name\":\"Cirug\u00eda est\u00e9tica facial\",\"item\":\"https:\\\/\\\/estrellaaesthetics.com\\\/es\\\/cirugia-cosmetica-facial\\\/\"},{\"@type\":\"ListItem\",\"position\":4,\"name\":\"Procedimientos de Liposucci\u00f3n (Cara y Cuello)\"}]},{\"@type\":\"WebSite\",\"@id\":\"https:\\\/\\\/estrellaaesthetics.com\\\/es\\\/#website\",\"url\":\"https:\\\/\\\/estrellaaesthetics.com\\\/es\\\/\",\"name\":\"Estrella Aesthetics &amp; Surgical Arts - Spanish\",\"description\":\"Estrella Aesthetics &amp; Surgical Arts - Non-Surgical Laser Skin Care Clinic, Botox, Restylane &amp; Dermal Fillers, Corona, California\",\"potentialAction\":[{\"@type\":\"SearchAction\",\"target\":{\"@type\":\"EntryPoint\",\"urlTemplate\":\"https:\\\/\\\/estrellaaesthetics.com\\\/es\\\/?s={search_term_string}\"},\"query-input\":{\"@type\":\"PropertyValueSpecification\",\"valueRequired\":true,\"valueName\":\"search_term_string\"}}],\"inLanguage\":\"es\"}]}<\/script>\n","yoast_head_json":{"title":"Procedimientos de Liposucci\u00f3n (Cara y Cuello) - Corona, Ca","description":"Procedimientos de Liposucci\u00f3n (Cara y Cuello) por un Cirujano Pl\u00e1stico Facial, en Corona, CA. Llamar al (951) 356-1207","robots":{"index":"index","follow":"follow","max-snippet":"max-snippet:-1","max-image-preview":"max-image-preview:large","max-video-preview":"max-video-preview:-1"},"canonical":"https:\/\/estrellaaesthetics.com\/es\/cirugia-estetica-facial\/liposuccion\/","og_locale":"es_ES","og_type":"article","og_title":"Procedimientos de Liposucci\u00f3n (Cara y Cuello) - Corona, Ca","og_description":"Procedimientos de Liposucci\u00f3n (Cara y Cuello) por un Cirujano Pl\u00e1stico Facial, en Corona, CA. Llamar al (951) 356-1207","og_url":"https:\/\/estrellaaesthetics.com\/es\/cirugia-estetica-facial\/liposuccion\/","og_site_name":"Estrella Aesthetics &amp; Surgical Arts - Spanish","article_modified_time":"2022-04-05T17:50:35+00:00","og_image":[{"url":"https:\/\/estrellaaesthetics.com\/wp-content\/uploads\/2013\/11\/facial-lip-before-1a.jpg","type":"","width":"","height":""}],"twitter_card":"summary_large_image","twitter_misc":{"Tiempo de lectura":"4 minutos"},"schema":{"@context":"https:\/\/schema.org","@graph":[{"@type":"WebPage","@id":"https:\/\/estrellaaesthetics.com\/es\/cirugia-estetica-facial\/liposuccion\/","url":"https:\/\/estrellaaesthetics.com\/es\/cirugia-estetica-facial\/liposuccion\/","name":"Procedimientos de Liposucci\u00f3n (Cara y Cuello) - Corona, Ca","isPartOf":{"@id":"https:\/\/estrellaaesthetics.com\/es\/#website"},"datePublished":"2014-04-25T22:41:13+00:00","dateModified":"2022-04-05T17:50:35+00:00","description":"Procedimientos de Liposucci\u00f3n (Cara y Cuello) por un Cirujano Pl\u00e1stico Facial, en Corona, CA. Llamar al (951) 356-1207","breadcrumb":{"@id":"https:\/\/estrellaaesthetics.com\/es\/cirugia-estetica-facial\/liposuccion\/#breadcrumb"},"inLanguage":"es","potentialAction":[{"@type":"ReadAction","target":["https:\/\/estrellaaesthetics.com\/es\/cirugia-estetica-facial\/liposuccion\/"]}]},{"@type":"BreadcrumbList","@id":"https:\/\/estrellaaesthetics.com\/es\/cirugia-estetica-facial\/liposuccion\/#breadcrumb","itemListElement":[{"@type":"ListItem","position":1,"name":"Procedimientos","item":"https:\/\/estrellaaesthetics.com\/es\/procedimientos\/"},{"@type":"ListItem","position":2,"name":"Procedimientos faciales","item":"https:\/\/estrellaaesthetics.com\/es\/procedimientos-para-la-cara\/"},{"@type":"ListItem","position":3,"name":"Cirug\u00eda est\u00e9tica facial","item":"https:\/\/estrellaaesthetics.com\/es\/cirugia-cosmetica-facial\/"},{"@type":"ListItem","position":4,"name":"Procedimientos de Liposucci\u00f3n (Cara y Cuello)"}]},{"@type":"WebSite","@id":"https:\/\/estrellaaesthetics.com\/es\/#website","url":"https:\/\/estrellaaesthetics.com\/es\/","name":"Estrella Aesthetics &amp; Surgical Arts - Spanish","description":"Estrella Aesthetics &amp; Surgical Arts - Non-Surgical Laser Skin Care Clinic, Botox, Restylane &amp; Dermal Fillers, Corona, California","potentialAction":[{"@type":"SearchAction","target":{"@type":"EntryPoint","urlTemplate":"https:\/\/estrellaaesthetics.com\/es\/?s={search_term_string}"},"query-input":{"@type":"PropertyValueSpecification","valueRequired":true,"valueName":"search_term_string"}}],"inLanguage":"es"}]}},"_links":{"self":[{"href":"https:\/\/estrellaaesthetics.com\/es\/wp-json\/wp\/v2\/pages\/4448","targetHints":{"allow":["GET"]}}],"collection":[{"href":"https:\/\/estrellaaesthetics.com\/es\/wp-json\/wp\/v2\/pages"}],"about":[{"href":"https:\/\/estrellaaesthetics.com\/es\/wp-json\/wp\/v2\/types\/page"}],"author":[{"embeddable":true,"href":"https:\/\/estrellaaesthetics.com\/es\/wp-json\/wp\/v2\/users\/4"}],"replies":[{"embeddable":true,"href":"https:\/\/estrellaaesthetics.com\/es\/wp-json\/wp\/v2\/comments?post=4448"}],"version-history":[{"count":0,"href":"https:\/\/estrellaaesthetics.com\/es\/wp-json\/wp\/v2\/pages\/4448\/revisions"}],"up":[{"embeddable":true,"href":"https:\/\/estrellaaesthetics.com\/es\/wp-json\/wp\/v2\/pages\/2720"}],"wp:attachment":[{"href":"https:\/\/estrellaaesthetics.com\/es\/wp-json\/wp\/v2\/media?parent=4448"}],"curies":[{"name":"wp","href":"https:\/\/api.w.org\/{rel}","templated":true}]}}