{"id":4442,"date":"2014-04-25T22:07:54","date_gmt":"2014-04-25T22:07:54","guid":{"rendered":"http:\/\/estrellaaesthetics.com\/es\/?page_id=4442"},"modified":"2022-04-05T10:33:45","modified_gmt":"2022-04-05T17:33:45","slug":"cirugia-de-reduccion-de-labios-por-el-mejor-cirujano-estetico-de-corona-ca","status":"publish","type":"page","link":"https:\/\/estrellaaesthetics.com\/es\/cirugia-estetica-facial\/reduccion-de-labios","title":{"rendered":"Cirug\u00eda de reducci\u00f3n de labios"},"content":{"rendered":"<h1>Cirug\u00eda de reducci\u00f3n de labios por el Mejor Cirujano Est\u00e9tico de Corona, CA <\/h1>\n<p><h3>Rahil Khan, M.D.<br>Estrella Aesthetics & Surgical Arts<br>Corona, California<\/h3><br \/>\n<strong>Aunque menos com\u00fan que el aumento de labios, \u00a1la cirug\u00eda de reducci\u00f3n de labios puede transformar la sonrisa!<\/strong><\/p>\n<p>La <b>reducci\u00f3n de labios<\/b> puede mejorar la apariencia facial mediante la creaci\u00f3n de una cara m\u00e1s armoniosa. La asociaci\u00f3n de dentadura superior e inferior, especialmente los dientes incisivos superiores, con los labios superior e inferior produce un impacto significativo en nuestra percepci\u00f3n de la belleza facial.<\/p>\n<p>La cirug\u00eda de reducci\u00f3n de labios est\u00e1 indicada para grandes labios causados \u200b\u200bpor:<\/p>\n<ul>\n<li>labios gen\u00e9ticamente grandes, a menudo se observan en algunos afroamericanos, asi\u00e1ticos e hispanos<\/li>\n<li>Labios agrandados causadas por <b>gel de silicona<\/b> que induce una <b>reacci\u00f3n inflamatoria cr\u00f3nica<\/b><\/li>\n<\/ul>\n<p>\nEl gel de silicona induce una reacci\u00f3n inflamatoria cr\u00f3nica de los labios que se contin\u00faa intermitentemente y perpetuamente. El m\u00e9todo para reducir el tama\u00f1o de los labios superior e inferior causado por gel de silicona incluye:<\/p>\n<ol>\n<li>eliminaci\u00f3n de todo el tejido inflamado y cicatrizado<\/li>\n<li>eliminaci\u00f3n del gel de silicona como tal<\/li>\n<\/ol>\n<p>\nLa extirpaci\u00f3n de la totalidad del tejido anormal de los labios es de suma importancia, pero preservando el m\u00fasculo subyacente, los nervios, los vasos sangu\u00edneos y la piel superficial (mucosa). La reconstrucci\u00f3n de los labios a su tama\u00f1o \u00f3ptimo se recomienda, ya sea simult\u00e1neamente, o como un procedimiento por etapas.<br \/>\n<\/p>\n<h2>T\u00e9cnica de Cirug\u00eda de Reducci\u00f3n de Labios:<\/h2>\n<ul>\n<li>sedaci\u00f3n oral, bloqueos de nervios sensoriales y anestesia local para reducir al m\u00ednimo las molestias y los moretones<\/li>\n<li>Escisi\u00f3n mediante una incisi\u00f3n dentro de la boca de una forma el\u00edptica<\/li>\n<li>Socavar por debajo de los tejidos anormales mediante extirpaci\u00f3n completa sin da\u00f1ar los tejidos normales<\/li>\n<li>La incisi\u00f3n se cierra con suturas absorbibles<\/li>\n<li>Resultado de sensaci\u00f3n suave y natural<\/li>\n<li>Aumento de labios simult\u00e1neo o por etapas, si es necesario despu\u00e9s de la escisi\u00f3n completa del tejido anormal de gel de silicona<\/li>\n<\/ul>\n<p><\/p>\n<h2>P\u00f3ngase en contacto con Ray Khan, MD y el equipo estelar de Estrella Aesthetics &#038; Surgical Arts para su consulta gratuita:<\/h2>\n<p><strong>Estrella Aesthetics<\/strong> estar\u00e1 encantado de discutir el procedimiento de Reducci\u00f3n de labios con usted y responder a todas sus preguntas. Por favor, no dude en llamar ahora mismo al <strong><a href=\"tel:+19513561207\" onclick=\"sendEventToGoogle('Content', '\/es\/wp-json\/wp\/v2\/pages\/4442', '+19513561207');\">(951) 356-1207<\/a><\/strong><\/p>\n<p><a href=\"\/es\/contacto\">Haga clic aqu\u00ed para su consulta o cita gratuita privada<\/a><\/p>\n<h2>Estrella Aesthetics &amp; Surgical Art<\/h2>\n<h5>2550 Tuscany St<\/h5>\n<p>Suite #103<br \/>\nCorona, CA 92881<br \/>\n<strong><a href=\"tel:+19513561207\" onclick=\"sendEventToGoogle('Content', '\/es\/wp-json\/wp\/v2\/pages\/4442', '+19513561207');\">(951) 356-1207<\/a><\/strong><\/p>\n<h2>Horario de Atenci\u00f3n<\/h2>\r\n<h5>Lunes a Viernes: 10.00am a 7.00pm<\/h5>\r\n<h5>S\u00e1bado: 10.00am a 5.00pm<\/h5>\r\n<h5>Domingos Cerrados<\/h5>\n<p><iframe loading=\"lazy\" src=\"https:\/\/maps.google.ca\/maps?q=2550+Tuscany+St++Suite+%23103++Corona,+CA+92881&amp;oe=utf-8&amp;client=firefox-a&amp;ie=UTF8&amp;hq=&amp;hnear=2550+Tuscany+St+%23103,+Corona,+California+92881,+United+States&amp;t=m&amp;ll=33.824651,-117.517319&amp;spn=0.021391,0.059223&amp;z=14&amp;iwloc=&amp;output=embed\" height=\"300\" width=\"690\" frameborder=\"0\" marginwidth=\"0\" marginheight=\"0\" scrolling=\"no\"><\/iframe><\/p>\n","protected":false},"excerpt":{"rendered":"<p>Cirug\u00eda de reducci\u00f3n de labios por el Mejor Cirujano Est\u00e9tico de Corona, CA Aunque menos com\u00fan que el aumento de labios, \u00a1la cirug\u00eda de reducci\u00f3n de labios puede transformar la sonrisa! La reducci\u00f3n de labios puede mejorar la apariencia facial mediante la creaci\u00f3n de una cara m\u00e1s armoniosa. La asociaci\u00f3n de dentadura superior e inferior,&#8230; <a class=\"more-link\" href=\"https:\/\/estrellaaesthetics.com\/es\/cirugia-estetica-facial\/reduccion-de-labios\">[Read More]<\/a><\/p>\n","protected":false},"author":4,"featured_media":0,"parent":2720,"menu_order":0,"comment_status":"open","ping_status":"open","template":"","meta":{"_acf_changed":false,"inline_featured_image":false,"_genesis_hide_title":false,"_genesis_hide_breadcrumbs":false,"_genesis_hide_singular_image":false,"_genesis_hide_footer_widgets":false,"_genesis_custom_body_class":"","_genesis_custom_post_class":"","_genesis_layout":"","footnotes":""},"class_list":{"0":"post-4442","1":"page","2":"type-page","3":"status-publish","5":"entry"},"acf":[],"yoast_head":"\n<title>Cirug\u00eda de reducci\u00f3n de labios - Estrella Aesthetics, Corona<\/title>\n<meta name=\"description\" content=\"Cirug\u00eda de reducci\u00f3n de labios por el Mejor Cirujano Est\u00e9tico de Corona, CA. Llamar al (951) 356-1207\" \/>\n<meta name=\"robots\" content=\"index, follow, max-snippet:-1, max-image-preview:large, max-video-preview:-1\" \/>\n<link rel=\"canonical\" href=\"https:\/\/estrellaaesthetics.com\/es\/cirugia-estetica-facial\/reduccion-de-labios\/\" \/>\n<meta property=\"og:locale\" content=\"es_ES\" \/>\n<meta property=\"og:type\" content=\"article\" \/>\n<meta property=\"og:title\" content=\"Cirug\u00eda de reducci\u00f3n de labios - Estrella Aesthetics, Corona\" \/>\n<meta property=\"og:description\" content=\"Cirug\u00eda de reducci\u00f3n de labios por el Mejor Cirujano Est\u00e9tico de Corona, CA. Llamar al (951) 356-1207\" \/>\n<meta property=\"og:url\" content=\"https:\/\/estrellaaesthetics.com\/es\/cirugia-estetica-facial\/reduccion-de-labios\/\" \/>\n<meta property=\"og:site_name\" content=\"Estrella Aesthetics &amp; Surgical Arts - Spanish\" \/>\n<meta property=\"article:modified_time\" content=\"2022-04-05T17:33:45+00:00\" \/>\n<meta name=\"twitter:card\" content=\"summary_large_image\" \/>\n<meta name=\"twitter:label1\" content=\"Tiempo de lectura\" \/>\n\t<meta name=\"twitter:data1\" content=\"2 minutos\" \/>\n<script type=\"application\/ld+json\" class=\"yoast-schema-graph\">{\"@context\":\"https:\\\/\\\/schema.org\",\"@graph\":[{\"@type\":\"WebPage\",\"@id\":\"https:\\\/\\\/estrellaaesthetics.com\\\/es\\\/cirugia-estetica-facial\\\/reduccion-de-labios\\\/\",\"url\":\"https:\\\/\\\/estrellaaesthetics.com\\\/es\\\/cirugia-estetica-facial\\\/reduccion-de-labios\\\/\",\"name\":\"Cirug\u00eda de reducci\u00f3n de labios - Estrella Aesthetics, Corona\",\"isPartOf\":{\"@id\":\"https:\\\/\\\/estrellaaesthetics.com\\\/es\\\/#website\"},\"datePublished\":\"2014-04-25T22:07:54+00:00\",\"dateModified\":\"2022-04-05T17:33:45+00:00\",\"description\":\"Cirug\u00eda de reducci\u00f3n de labios por el Mejor Cirujano Est\u00e9tico de Corona, CA. Llamar al (951) 356-1207\",\"breadcrumb\":{\"@id\":\"https:\\\/\\\/estrellaaesthetics.com\\\/es\\\/cirugia-estetica-facial\\\/reduccion-de-labios\\\/#breadcrumb\"},\"inLanguage\":\"es\",\"potentialAction\":[{\"@type\":\"ReadAction\",\"target\":[\"https:\\\/\\\/estrellaaesthetics.com\\\/es\\\/cirugia-estetica-facial\\\/reduccion-de-labios\\\/\"]}]},{\"@type\":\"BreadcrumbList\",\"@id\":\"https:\\\/\\\/estrellaaesthetics.com\\\/es\\\/cirugia-estetica-facial\\\/reduccion-de-labios\\\/#breadcrumb\",\"itemListElement\":[{\"@type\":\"ListItem\",\"position\":1,\"name\":\"Procedimientos\",\"item\":\"https:\\\/\\\/estrellaaesthetics.com\\\/es\\\/procedimientos\\\/\"},{\"@type\":\"ListItem\",\"position\":2,\"name\":\"Procedimientos faciales\",\"item\":\"https:\\\/\\\/estrellaaesthetics.com\\\/es\\\/procedimientos-para-la-cara\\\/\"},{\"@type\":\"ListItem\",\"position\":3,\"name\":\"Cirug\u00eda est\u00e9tica facial\",\"item\":\"https:\\\/\\\/estrellaaesthetics.com\\\/es\\\/cirugia-cosmetica-facial\\\/\"},{\"@type\":\"ListItem\",\"position\":4,\"name\":\"Cirug\u00eda de reducci\u00f3n de labios\"}]},{\"@type\":\"WebSite\",\"@id\":\"https:\\\/\\\/estrellaaesthetics.com\\\/es\\\/#website\",\"url\":\"https:\\\/\\\/estrellaaesthetics.com\\\/es\\\/\",\"name\":\"Estrella Aesthetics &amp; Surgical Arts - Spanish\",\"description\":\"Estrella Aesthetics &amp; Surgical Arts - Non-Surgical Laser Skin Care Clinic, Botox, Restylane &amp; Dermal Fillers, Corona, California\",\"potentialAction\":[{\"@type\":\"SearchAction\",\"target\":{\"@type\":\"EntryPoint\",\"urlTemplate\":\"https:\\\/\\\/estrellaaesthetics.com\\\/es\\\/?s={search_term_string}\"},\"query-input\":{\"@type\":\"PropertyValueSpecification\",\"valueRequired\":true,\"valueName\":\"search_term_string\"}}],\"inLanguage\":\"es\"}]}<\/script>\n","yoast_head_json":{"title":"Cirug\u00eda de reducci\u00f3n de labios - Estrella Aesthetics, Corona","description":"Cirug\u00eda de reducci\u00f3n de labios por el Mejor Cirujano Est\u00e9tico de Corona, CA. Llamar al (951) 356-1207","robots":{"index":"index","follow":"follow","max-snippet":"max-snippet:-1","max-image-preview":"max-image-preview:large","max-video-preview":"max-video-preview:-1"},"canonical":"https:\/\/estrellaaesthetics.com\/es\/cirugia-estetica-facial\/reduccion-de-labios\/","og_locale":"es_ES","og_type":"article","og_title":"Cirug\u00eda de reducci\u00f3n de labios - Estrella Aesthetics, Corona","og_description":"Cirug\u00eda de reducci\u00f3n de labios por el Mejor Cirujano Est\u00e9tico de Corona, CA. Llamar al (951) 356-1207","og_url":"https:\/\/estrellaaesthetics.com\/es\/cirugia-estetica-facial\/reduccion-de-labios\/","og_site_name":"Estrella Aesthetics &amp; Surgical Arts - Spanish","article_modified_time":"2022-04-05T17:33:45+00:00","twitter_card":"summary_large_image","twitter_misc":{"Tiempo de lectura":"2 minutos"},"schema":{"@context":"https:\/\/schema.org","@graph":[{"@type":"WebPage","@id":"https:\/\/estrellaaesthetics.com\/es\/cirugia-estetica-facial\/reduccion-de-labios\/","url":"https:\/\/estrellaaesthetics.com\/es\/cirugia-estetica-facial\/reduccion-de-labios\/","name":"Cirug\u00eda de reducci\u00f3n de labios - Estrella Aesthetics, Corona","isPartOf":{"@id":"https:\/\/estrellaaesthetics.com\/es\/#website"},"datePublished":"2014-04-25T22:07:54+00:00","dateModified":"2022-04-05T17:33:45+00:00","description":"Cirug\u00eda de reducci\u00f3n de labios por el Mejor Cirujano Est\u00e9tico de Corona, CA. Llamar al (951) 356-1207","breadcrumb":{"@id":"https:\/\/estrellaaesthetics.com\/es\/cirugia-estetica-facial\/reduccion-de-labios\/#breadcrumb"},"inLanguage":"es","potentialAction":[{"@type":"ReadAction","target":["https:\/\/estrellaaesthetics.com\/es\/cirugia-estetica-facial\/reduccion-de-labios\/"]}]},{"@type":"BreadcrumbList","@id":"https:\/\/estrellaaesthetics.com\/es\/cirugia-estetica-facial\/reduccion-de-labios\/#breadcrumb","itemListElement":[{"@type":"ListItem","position":1,"name":"Procedimientos","item":"https:\/\/estrellaaesthetics.com\/es\/procedimientos\/"},{"@type":"ListItem","position":2,"name":"Procedimientos faciales","item":"https:\/\/estrellaaesthetics.com\/es\/procedimientos-para-la-cara\/"},{"@type":"ListItem","position":3,"name":"Cirug\u00eda est\u00e9tica facial","item":"https:\/\/estrellaaesthetics.com\/es\/cirugia-cosmetica-facial\/"},{"@type":"ListItem","position":4,"name":"Cirug\u00eda de reducci\u00f3n de labios"}]},{"@type":"WebSite","@id":"https:\/\/estrellaaesthetics.com\/es\/#website","url":"https:\/\/estrellaaesthetics.com\/es\/","name":"Estrella Aesthetics &amp; Surgical Arts - Spanish","description":"Estrella Aesthetics &amp; Surgical Arts - Non-Surgical Laser Skin Care Clinic, Botox, Restylane &amp; Dermal Fillers, Corona, California","potentialAction":[{"@type":"SearchAction","target":{"@type":"EntryPoint","urlTemplate":"https:\/\/estrellaaesthetics.com\/es\/?s={search_term_string}"},"query-input":{"@type":"PropertyValueSpecification","valueRequired":true,"valueName":"search_term_string"}}],"inLanguage":"es"}]}},"_links":{"self":[{"href":"https:\/\/estrellaaesthetics.com\/es\/wp-json\/wp\/v2\/pages\/4442","targetHints":{"allow":["GET"]}}],"collection":[{"href":"https:\/\/estrellaaesthetics.com\/es\/wp-json\/wp\/v2\/pages"}],"about":[{"href":"https:\/\/estrellaaesthetics.com\/es\/wp-json\/wp\/v2\/types\/page"}],"author":[{"embeddable":true,"href":"https:\/\/estrellaaesthetics.com\/es\/wp-json\/wp\/v2\/users\/4"}],"replies":[{"embeddable":true,"href":"https:\/\/estrellaaesthetics.com\/es\/wp-json\/wp\/v2\/comments?post=4442"}],"version-history":[{"count":0,"href":"https:\/\/estrellaaesthetics.com\/es\/wp-json\/wp\/v2\/pages\/4442\/revisions"}],"up":[{"embeddable":true,"href":"https:\/\/estrellaaesthetics.com\/es\/wp-json\/wp\/v2\/pages\/2720"}],"wp:attachment":[{"href":"https:\/\/estrellaaesthetics.com\/es\/wp-json\/wp\/v2\/media?parent=4442"}],"curies":[{"name":"wp","href":"https:\/\/api.w.org\/{rel}","templated":true}]}}