{"id":4402,"date":"2014-04-25T16:07:20","date_gmt":"2014-04-25T16:07:20","guid":{"rendered":"http:\/\/estrellaaesthetics.com\/es\/?page_id=4402"},"modified":"2022-09-30T08:56:22","modified_gmt":"2022-09-30T15:56:22","slug":"levantamiento-de-cara-levantamiento-de-la-zona-media-de-la-cara-por-el-cirujano-plastico-facial-certificado-remueva-arrugas-profundas-exceso-de-piel-y-alivie-los-pliegues-con-una-cirugia-estetica","status":"publish","type":"page","link":"https:\/\/estrellaaesthetics.com\/es\/cirugia-estetica-facial\/levantamiento-de-cara","title":{"rendered":"Levantamiento de Cara"},"content":{"rendered":"<h1>Levantamiento de Cara &#038; Levantamiento de la Zona Media de la Cara por el cirujano pl\u00e1stico facial certificado, remueva arrugas profundas, exceso de piel y alivie los pliegues con una cirug\u00eda est\u00e9tica<\/h1>\n<h3>Rahil Khan, M.D.<br>Estrella Aesthetics & Surgical Arts<br>Corona, California<\/h3>\n<p><a href=\"#antesydespues\">Fotograf\u00edas de Antes y Despu\u00e9s del Levantamiento de Cara<\/a><\/p>\n<p>Ray Khan ha realizado m\u00e1s de 1.000 liftings quir\u00fargicos en su carrera. Ha realizado todo tipo de levantamientos faciales: <b>Mini levantamiento facial<\/b>, <b>mini levantamiento facial extendido<\/b>, <b>levantamiento facial est\u00e1ndar<\/b>, <b>levantamiento facial de plano profundo<\/b>, y <b>levantamientos de la zona media de la cara<\/b>.<\/p>\n<p>La apariencia del resultado del levantamiento de cara se puede lograr mediante t\u00e9cnicas no quir\u00fargicas que proporcionan la reposici\u00f3n de volumen mediante el uso de piel o <b>rellenos d\u00e9rmicos<\/b>, tales como <b>Perlane<\/b> (temporal) o <b>Artefill<\/b> (permanente). El reemplazo del volumen tambi\u00e9n se puede lograr a trav\u00e9s de la transferencia de grasa aut\u00f3loga, usando tu propia grasa para mejorar y rejuvenecer tu aspecto facial.<\/p>\n<p>Alternativamente, existen procedimientos que reafirman la piel (procedimientos de radiofrecuencia) y procedimientos de rejuvenecimiento de la piel con l\u00e1ser (<b>l\u00e1ser de CO2 fraccionado<\/b> o <b>l\u00e1ser MicroPeel<\/b> [<b>l\u00e1ser de 2940 nm<\/b>]), que causan tanto el estiramiento de la piel como la mejora de las arrugas.<\/p>\n<p>\u00bfEst\u00e1s cansada\/o de sentirte cohibida\/o por las arrugas faciales y l\u00edneas de expresi\u00f3n? \u00bfQuieres lucir m\u00e1s joven y m\u00e1s bello o bella, eliminando la piel ca\u00edda de la cara?<\/p>\n<p>Dr. Ray Khan te ayudar\u00e1 a decidir sobre las opciones <b>m\u00e1s eficaces para el rejuvenecimiento facial<\/b>:<\/p>\n<ul>\n<li>Reemplazo de volumen<\/li>\n<li>Estiramiento de la piel<\/li>\n<li>Mejora de las arrugas<\/li>\n<li>Suspensi\u00f3n de tejido blando<\/li>\n<\/ul>\n<p><\/br><\/p>\n<p>El Dr. Ray Khan puede ayudarte a verte m\u00e1s joven tensionando la piel facial y eliminando las arrugas haci\u00e9ndote ver varios a\u00f1os m\u00e1s joven con una cirug\u00eda est\u00e9tica. Las opciones de levantamiento (lifting) quir\u00fargico son las siguientes:<\/p>\n<p>1. Levantamiento facial est\u00e1ndar<\/p>\n<p>2. Los mini-levantamientos faciales \u2013 un mini levantamiento facial influye en la piel de la cara de unos 5 cm (2 pulgadas) desde la zona del o\u00eddo. Las ventajas son menos molestias, y una recuperaci\u00f3n m\u00e1s r\u00e1pida en unos cinco d\u00edas; sin embargo, los resultados en algunos pacientes pueden no ser tan dram\u00e1ticos, sobre todo si tienen una ca\u00edda significativa hacia la mand\u00edbula y una ca\u00edda del tercio medio facial (ptosis)<\/p>\n<p>Ray Khan trabaj\u00f3 para <b>LifeStylelift<\/b> durante dos a\u00f1os a tiempo parcial y ha hecho m\u00e1s de 600 procedimientos Lifestylift. \u00c9l tambi\u00e9n hace otros procedimientos minifacelift:<\/p>\n<p>a. <strong>S \u2013Lift<\/strong><\/br><br \/>\nb. <strong>Levantamiento r\u00e1pido<\/strong><\/br><br \/>\nc. <strong>Suspensi\u00f3n Craneofacial<\/strong><\/br><br \/>\nd. <strong>Levantamiento de incisi\u00f3n corta<\/strong><\/br><\/p>\n<p><\/br><br \/>\nTambi\u00e9n realiza el mini levantamiento facial extendido, que incluye a la piel hasta el \u00e1rea de la boca, aunque la zona media de la cara no se levanta ni se suspenda.<\/p>\n<p>Este procedimiento tiene un mejor resultado est\u00e9tico en los pacientes con ca\u00eddas m\u00e1s pronunciadas en la papada que el mini levantamiento facial, con una recuperaci\u00f3n m\u00e1s r\u00e1pida, menos dolor e hinchaz\u00f3n que un estiramiento facial est\u00e1ndar.<\/p>\n<p><b>Los estiramientos faciales<\/b> de la zona media de la cara son tambi\u00e9n una opci\u00f3n. Este procedimiento levanta o se re-suspende la zona media facial (\u00e1rea debajo de los ojos y la zona de las mejillas), con s\u00f3lo un cambio suave en las mand\u00edbulas.<\/p>\n<p>Ray Khan, MD ha realizado m\u00e1s de 1.000 levantamientos faciales en \u200b\u200bsu carrera, mucho m\u00e1s que la mayor\u00eda de los cirujanos en todas sus carreras. Ray Khan, MD ha publicado un documento para ayudar a los cirujanos pl\u00e1sticos a elegir el procedimiento de rejuvenecimiento facial m\u00e1s adecuado para el aspecto individual del paciente.<\/p>\n<h2>Beneficios de los estiramientos faciales, Mini-levantamiento facial y Levantamientos faciales de la zona media:<\/h2>\n<ul>\n<li>Puedes verte hasta 10 a\u00f1os m\u00e1s joven apretando tu piel facial y re-suspendiendo los tejidos blandos ca\u00eddos.<\/li>\n<li>Mejora tu apariencia mediante la eliminaci\u00f3n de las arrugas faciales, las l\u00edneas de expresi\u00f3n y la piel \u00abca\u00edda\u00bb.<\/li>\n<li>Aumenta la autoestima y la confianza en ti misma\/o.<\/li>\n<\/ul>\n<p><\/p>\n<h3>El rejuvenecimiento facial se puede lograr a trav\u00e9s de una variedad de t\u00e9cnicas de cirug\u00eda dependiendo de las preocupaciones personales y nuestras propiedades anat\u00f3micas.<\/h3>\n<h3>C\u00f3mo funciona el proceso de envejecimiento:<\/h3>\n<p>Hay tres cambios faciales principales como resultado del proceso de envejecimiento:<\/p>\n<ul>\n<li><b>Los cambios en la piel incluyen: arrugas<\/b>, que pueden ser el resultado tanto de efectos ambientales, como por la exposici\u00f3n al sol y el tabaquismo, y las l\u00edneas de expresi\u00f3n facial. Tu piel comienza a aflojarse en la cara y el cuello. Las patas de gallo aparecen en las esquinas de tus ojos, las l\u00edneas horizontales aparecen en la cara<\/li>\n<li>La capa de grasa facial y la absorci\u00f3n de la grasa subcut\u00e1nea crea deficiencias de la piel y zonas de volumen redundante.<\/li>\n<li><b>Se cae la piel de la cara y\/o cuello<\/b>, ya sea por la p\u00e9rdida de soporte o absorci\u00f3n de los resultados subyacentes de grasa en pliegues verticales que aparecen en tu cuello.<\/li>\n<\/ul>\n<p>\nAfortunadamente, puedes \u00ab<b>retroceder en el tiempo<\/b>\u00bb y <b>verte unos 10 a\u00f1os m\u00e1s joven<\/b> con un levantamiento de cara o de frente y cejas. Esta es la raz\u00f3n por la que la cirug\u00eda de estiramiento facial, tambi\u00e9n conocida como ritidectom\u00eda, se ha convertido en el tercer procedimiento de cirug\u00eda pl\u00e1stica facial m\u00e1s popular en los Estados Unidos. <\/p>\n<h2>Levantamiento de la Cara:<\/h2>\n<ul>\n<li>El \u00ab<b>Mini Estiramiento Facial<\/b>\u00bb es un tratamiento est\u00e9tico revolucionario utilizado para afirmar la piel y eliminar las arrugas faciales de una manera m\u00ednimamente invasiva. Un mini-levantamiento <b>facial ofrece resultados impresionantes, pero sin embargo, la suspensi\u00f3n no es tan significativa como la de una cirug\u00eda est\u00e9tica tradicional est\u00e1ndar<\/b>. El mini- levantamiento facial rejuvenece el tercio inferior de la cara y el cuello.<\/li>\n<li><b>Un levantamiento facial est\u00e1ndar<\/b> se usa si se necesita levantamiento significativo de la piel de la cara o el cuello para lograr una piel firme y con estructura muscular. Por ejemplo, si tu capa de grasa de la mejilla se ha ca\u00eddo y necesita ser re-suspendida, o si tienes una cantidad significativa de piel del cuello anterior que necesita atenci\u00f3n. Adem\u00e1s, los pacientes que han sido sometidos a cirug\u00eda bari\u00e1trica para perder peso tienden a necesitar una cirug\u00eda est\u00e9tica est\u00e1ndar.<\/li>\n<li>Un <b>estiramiento facial<\/b> de la zona media puede ser recomendable si hay ca\u00edda del tercio medio facial que resulta en que la zona media de la cara tira hacia abajo el p\u00e1rpado inferior mostrando m\u00e1s la parte blanca del ojo, o si la ca\u00edda del tejido blando facial da lugar a una papada. Ray Khan, MD realiza el tipo menos invasivo de levantamiento del tercio medio facial con las incisiones de levantamiento del tercio medio facial situado tanto dentro de la boca como en la l\u00ednea del cabello temporal o por medio de una incisi\u00f3n subciliar (debajo de las pesta\u00f1as del p\u00e1rpado inferior). La ventaja de este procedimiento es que se hace sin incisiones en la cara.<\/li>\n<\/ul>\n<p>&nbsp;<\/p>\n<div class=\"beforeafter\"><strong>Fotos de Antes y Despu\u00e9s del Levantamiento de Cara:<\/strong><br \/>\nHaz clic en las im\u00e1genes para ampliarlas <a name=\"antesydespues\" id=\"antesydespues\"><\/p>\n<div class=\"bathumb\"><a title=\"\" href=\"\/es\/images\/before-after-facelift-1a.jpg\" rel=\"prettyPhoto[pp_gal]\" data-rel=\"lightbox-gallery-Rvpkr9Vf\" data-rl_title=\"\" data-rl_caption=\"\"><br \/>\n<img class=\"lazy-load\" onmousedown=\"if (event.preventDefault) event.preventDefault()\" alt=\"\" data-src=\"\/es\/images\/before-after-facelift-1asm.jpg\" \/><\/a><\/div>\n<div class=\"bathumb\"><a title=\"\" href=\"\/es\/images\/before-after-facelift-1b.jpg\" rel=\"prettyPhoto[pp_gal]\" data-rel=\"lightbox-gallery-Rvpkr9Vf\" data-rl_title=\"\" data-rl_caption=\"\"><br \/>\n<img class=\"lazy-load\" onmousedown=\"if (event.preventDefault) event.preventDefault()\" alt=\"\" data-src=\"\/es\/images\/before-after-facelift-1bsm.jpg\" \/><\/a><\/div>\n<div class=\"bathumb\"><a title=\"\" href=\"\/es\/images\/before-after-facelift-3.jpg\" rel=\"prettyPhoto[pp_gal]\" data-rel=\"lightbox-gallery-Rvpkr9Vf\" data-rl_title=\"\" data-rl_caption=\"\"><br \/>\n<img class=\"lazy-load\" onmousedown=\"if (event.preventDefault) event.preventDefault()\" alt=\"\" data-src=\"\/es\/images\/before-after-facelift-3sm.jpg\" \/><\/a><\/div>\n<div class=\"bathumb\"><a title=\"\" href=\"\/es\/images\/before-after-facelift-2.jpg\" rel=\"prettyPhoto[pp_gal]\" data-rel=\"lightbox-gallery-Rvpkr9Vf\" data-rl_title=\"\" data-rl_caption=\"\"><br \/>\n<img class=\"lazy-load\" onmousedown=\"if (event.preventDefault) event.preventDefault()\" alt=\"\" data-src=\"\/es\/images\/before-after-facelift-2sm.jpg\" \/><\/a><\/div>\n<div class=\"bathumb\"><a title=\"\" href=\"\/es\/images\/before-after-facelift-7c.jpg\" rel=\"prettyPhoto[pp_gal]\" data-rel=\"lightbox-gallery-Rvpkr9Vf\" data-rl_title=\"\" data-rl_caption=\"\"><br \/>\n<img class=\"lazy-load\" onmousedown=\"if (event.preventDefault) event.preventDefault()\" alt=\"\" data-src=\"\/es\/images\/before-after-facelift-7csm.jpg\" \/><\/a><\/div>\n<div class=\"bathumb\"><a title=\"\" href=\"\/es\/images\/before-after-facelift-7b.jpg\" rel=\"prettyPhoto[pp_gal]\" data-rel=\"lightbox-gallery-Rvpkr9Vf\" data-rl_title=\"\" data-rl_caption=\"\"><br \/>\n<img class=\"lazy-load\" onmousedown=\"if (event.preventDefault) event.preventDefault()\" alt=\"\" data-src=\"\/es\/images\/before-after-facelift-7bsm.jpg\" \/><\/a><\/div>\n<div class=\"bathumb\"><a title=\"\" href=\"\/es\/images\/before-after-facelift-8a.jpg\" rel=\"prettyPhoto[pp_gal]\" data-rel=\"lightbox-gallery-Rvpkr9Vf\" data-rl_title=\"\" data-rl_caption=\"\"><br \/>\n<img class=\"lazy-load\" onmousedown=\"if (event.preventDefault) event.preventDefault()\" alt=\"\" data-src=\"\/es\/images\/before-after-facelift-8asm.jpg\" \/><\/a><\/div>\n<div class=\"bathumb\"><a title=\"\" href=\"\/es\/images\/before-after-facelift-8b.jpg\" rel=\"prettyPhoto[pp_gal]\" data-rel=\"lightbox-gallery-Rvpkr9Vf\" data-rl_title=\"\" data-rl_caption=\"\"><br \/>\n<img class=\"lazy-load\" onmousedown=\"if (event.preventDefault) event.preventDefault()\" alt=\"\" data-src=\"\/es\/images\/before-after-facelift-8bsm.jpg\" \/><\/a><\/div>\n<p><\/br><\/p>\n<h3>Antes y despu\u00e9s de levantamientos de cara media fotos:<\/h3>\n<p>Haga clic en las im\u00e1genes para agrandar<br \/>\n<\/br><\/p>\n<div class=\"bathumb\"><a title=\"\" href=\"\/es\/images\/before-after-facelift-1c.jpg\" rel=\"prettyPhoto[pp_gal]\" data-rel=\"lightbox-gallery-Rvpkr9Vf\" data-rl_title=\"\" data-rl_caption=\"\"><br \/>\n<img class=\"lazy-load\" onmousedown=\"if (event.preventDefault) event.preventDefault()\" alt=\"\" data-src=\"\/es\/images\/before-after-facelift-1csm.jpg\" \/><\/a><\/div>\n<div class=\"bathumb\"><a title=\"\" href=\"\/es\/images\/before-after-facelift-1d.jpg\" rel=\"prettyPhoto[pp_gal]\" data-rel=\"lightbox-gallery-Rvpkr9Vf\" data-rl_title=\"\" data-rl_caption=\"\"><br \/>\n<img class=\"lazy-load\" onmousedown=\"if (event.preventDefault) event.preventDefault()\" alt=\"\" data-src=\"\/es\/images\/before-after-facelift-1dsm.jpg\" \/><\/a><\/div>\n<div class=\"bathumb\"><a title=\"\" href=\"\/es\/images\/before-after-facelift-6a.jpg\" rel=\"prettyPhoto[pp_gal]\" data-rel=\"lightbox-gallery-Rvpkr9Vf\" data-rl_title=\"\" data-rl_caption=\"\"><br \/>\n<img class=\"lazy-load\" onmousedown=\"if (event.preventDefault) event.preventDefault()\" alt=\"\" data-src=\"\/es\/images\/before-after-facelift-6asm.jpg\" \/><\/a><\/div>\n<div class=\"bathumb\"><a title=\"\" href=\"\/es\/images\/before-after-facelift-6b.jpg\" rel=\"prettyPhoto[pp_gal]\" data-rel=\"lightbox-gallery-Rvpkr9Vf\" data-rl_title=\"\" data-rl_caption=\"\"><br \/>\n<img class=\"lazy-load\" onmousedown=\"if (event.preventDefault) event.preventDefault()\" alt=\"\" data-src=\"\/es\/images\/before-after-facelift-6bsm.jpg\" \/><\/a><\/div>\n<div class=\"bathumb\"><a title=\"\" href=\"\/es\/images\/before-after-facelift-5.jpg\" rel=\"prettyPhoto[pp_gal]\" data-rel=\"lightbox-gallery-Rvpkr9Vf\" data-rl_title=\"\" data-rl_caption=\"\"><br \/>\n<img class=\"lazy-load\" onmousedown=\"if (event.preventDefault) event.preventDefault()\" alt=\"\" data-src=\"\/es\/images\/before-after-facelift-5sm.jpg\" \/><\/a><\/div>\n<\/div>\n<h2>P\u00f3ngase en contacto con Ray Khan, MD y el equipo estelar de Estrella Aesthetics &#038; Surgical Arts para su consulta gratuita:<\/h2>\n<p><strong>Estrella Aesthetics<\/strong> estar\u00e1 encantado de discutir el procedimiento de Levantamiento de Cara con usted y responder a todas sus preguntas. Por favor, no dude en llamar ahora mismo al <strong> <strong><a href=\"tel:+19513561207\" onclick=\"sendEventToGoogle('Content', '\/es\/wp-json\/wp\/v2\/pages\/4402', '+19513561207');\">(951) 356-1207<\/a><\/strong>.<\/strong> <\/p>\n<p><a href=\"\/es\/contacto\">Haga clic aqu\u00ed para su consulta o cita gratuita privada<\/a><\/p>\n","protected":false},"excerpt":{"rendered":"<p>Levantamiento de Cara &#038; Levantamiento de la Zona Media de la Cara por el cirujano pl\u00e1stico facial certificado, remueva arrugas profundas, exceso de piel y alivie los pliegues con una cirug\u00eda est\u00e9tica Fotograf\u00edas de Antes y Despu\u00e9s del Levantamiento de Cara Ray Khan ha realizado m\u00e1s de 1.000 liftings quir\u00fargicos en su carrera. Ha realizado&#8230; <a class=\"more-link\" href=\"https:\/\/estrellaaesthetics.com\/es\/cirugia-estetica-facial\/levantamiento-de-cara\">[Read More]<\/a><\/p>\n","protected":false},"author":4,"featured_media":0,"parent":2720,"menu_order":0,"comment_status":"open","ping_status":"open","template":"","meta":{"_acf_changed":false,"inline_featured_image":false,"_genesis_hide_title":false,"_genesis_hide_breadcrumbs":false,"_genesis_hide_singular_image":false,"_genesis_hide_footer_widgets":false,"_genesis_custom_body_class":"","_genesis_custom_post_class":"","_genesis_layout":"","footnotes":""},"class_list":{"0":"post-4402","1":"page","2":"type-page","3":"status-publish","5":"entry"},"acf":[],"yoast_head":"\n<title>Levantamiento de la Zona Media de la Cara<\/title>\n<meta name=\"description\" content=\"Levantamiento de Cara &amp; Levantamiento de la Zona Media de la Cara, remueva arrugas profundas, exceso de piel y alivie los pliegues con una cirug\u00eda est\u00e9tica\" \/>\n<meta name=\"robots\" content=\"index, follow, max-snippet:-1, max-image-preview:large, max-video-preview:-1\" \/>\n<link rel=\"canonical\" href=\"https:\/\/estrellaaesthetics.com\/es\/cirugia-estetica-facial\/levantamiento-de-cara\/\" \/>\n<meta property=\"og:locale\" content=\"es_ES\" \/>\n<meta property=\"og:type\" content=\"article\" \/>\n<meta property=\"og:title\" content=\"Levantamiento de la Zona Media de la Cara\" \/>\n<meta property=\"og:description\" content=\"Levantamiento de Cara &amp; Levantamiento de la Zona Media de la Cara, remueva arrugas profundas, exceso de piel y alivie los pliegues con una cirug\u00eda est\u00e9tica\" \/>\n<meta property=\"og:url\" content=\"https:\/\/estrellaaesthetics.com\/es\/cirugia-estetica-facial\/levantamiento-de-cara\/\" \/>\n<meta property=\"og:site_name\" content=\"Estrella Aesthetics &amp; Surgical Arts - Spanish\" \/>\n<meta property=\"article:modified_time\" content=\"2022-09-30T15:56:22+00:00\" \/>\n<meta property=\"og:image\" content=\"https:\/\/estrellaaesthetics.com\/es\/images\/before-after-facelift-1asm.jpg\" \/>\n<meta name=\"twitter:card\" content=\"summary_large_image\" \/>\n<meta name=\"twitter:label1\" content=\"Tiempo de lectura\" \/>\n\t<meta name=\"twitter:data1\" content=\"7 minutos\" \/>\n<script type=\"application\/ld+json\" class=\"yoast-schema-graph\">{\"@context\":\"https:\/\/schema.org\",\"@graph\":[{\"@type\":\"WebPage\",\"@id\":\"https:\/\/estrellaaesthetics.com\/es\/cirugia-estetica-facial\/levantamiento-de-cara\/\",\"url\":\"https:\/\/estrellaaesthetics.com\/es\/cirugia-estetica-facial\/levantamiento-de-cara\/\",\"name\":\"Levantamiento de la Zona Media de la Cara\",\"isPartOf\":{\"@id\":\"https:\/\/estrellaaesthetics.com\/es\/#website\"},\"datePublished\":\"2014-04-25T16:07:20+00:00\",\"dateModified\":\"2022-09-30T15:56:22+00:00\",\"description\":\"Levantamiento de Cara & Levantamiento de la Zona Media de la Cara, remueva arrugas profundas, exceso de piel y alivie los pliegues con una cirug\u00eda est\u00e9tica\",\"breadcrumb\":{\"@id\":\"https:\/\/estrellaaesthetics.com\/es\/cirugia-estetica-facial\/levantamiento-de-cara\/#breadcrumb\"},\"inLanguage\":\"es\",\"potentialAction\":[{\"@type\":\"ReadAction\",\"target\":[\"https:\/\/estrellaaesthetics.com\/es\/cirugia-estetica-facial\/levantamiento-de-cara\/\"]}]},{\"@type\":\"BreadcrumbList\",\"@id\":\"https:\/\/estrellaaesthetics.com\/es\/cirugia-estetica-facial\/levantamiento-de-cara\/#breadcrumb\",\"itemListElement\":[{\"@type\":\"ListItem\",\"position\":1,\"name\":\"Procedimientos\",\"item\":\"https:\/\/estrellaaesthetics.com\/es\/procedimientos\/\"},{\"@type\":\"ListItem\",\"position\":2,\"name\":\"Procedimientos faciales\",\"item\":\"https:\/\/estrellaaesthetics.com\/es\/procedimientos-para-la-cara\/\"},{\"@type\":\"ListItem\",\"position\":3,\"name\":\"Cirug\u00eda est\u00e9tica facial\",\"item\":\"https:\/\/estrellaaesthetics.com\/es\/cirugia-cosmetica-facial\/\"},{\"@type\":\"ListItem\",\"position\":4,\"name\":\"Levantamiento de Cara\"}]},{\"@type\":\"WebSite\",\"@id\":\"https:\/\/estrellaaesthetics.com\/es\/#website\",\"url\":\"https:\/\/estrellaaesthetics.com\/es\/\",\"name\":\"Estrella Aesthetics &amp; Surgical Arts - Spanish\",\"description\":\"Estrella Aesthetics &amp; Surgical Arts - Non-Surgical Laser Skin Care Clinic, Botox, Restylane &amp; Dermal Fillers, Corona, California\",\"potentialAction\":[{\"@type\":\"SearchAction\",\"target\":{\"@type\":\"EntryPoint\",\"urlTemplate\":\"https:\/\/estrellaaesthetics.com\/es\/?s={search_term_string}\"},\"query-input\":{\"@type\":\"PropertyValueSpecification\",\"valueRequired\":true,\"valueName\":\"search_term_string\"}}],\"inLanguage\":\"es\"}]}<\/script>\n","yoast_head_json":{"title":"Levantamiento de la Zona Media de la Cara","description":"Levantamiento de Cara & Levantamiento de la Zona Media de la Cara, remueva arrugas profundas, exceso de piel y alivie los pliegues con una cirug\u00eda est\u00e9tica","robots":{"index":"index","follow":"follow","max-snippet":"max-snippet:-1","max-image-preview":"max-image-preview:large","max-video-preview":"max-video-preview:-1"},"canonical":"https:\/\/estrellaaesthetics.com\/es\/cirugia-estetica-facial\/levantamiento-de-cara\/","og_locale":"es_ES","og_type":"article","og_title":"Levantamiento de la Zona Media de la Cara","og_description":"Levantamiento de Cara & Levantamiento de la Zona Media de la Cara, remueva arrugas profundas, exceso de piel y alivie los pliegues con una cirug\u00eda est\u00e9tica","og_url":"https:\/\/estrellaaesthetics.com\/es\/cirugia-estetica-facial\/levantamiento-de-cara\/","og_site_name":"Estrella Aesthetics &amp; Surgical Arts - Spanish","article_modified_time":"2022-09-30T15:56:22+00:00","og_image":[{"url":"https:\/\/estrellaaesthetics.com\/es\/images\/before-after-facelift-1asm.jpg","type":"","width":"","height":""}],"twitter_card":"summary_large_image","twitter_misc":{"Tiempo de lectura":"7 minutos"},"schema":{"@context":"https:\/\/schema.org","@graph":[{"@type":"WebPage","@id":"https:\/\/estrellaaesthetics.com\/es\/cirugia-estetica-facial\/levantamiento-de-cara\/","url":"https:\/\/estrellaaesthetics.com\/es\/cirugia-estetica-facial\/levantamiento-de-cara\/","name":"Levantamiento de la Zona Media de la Cara","isPartOf":{"@id":"https:\/\/estrellaaesthetics.com\/es\/#website"},"datePublished":"2014-04-25T16:07:20+00:00","dateModified":"2022-09-30T15:56:22+00:00","description":"Levantamiento de Cara & Levantamiento de la Zona Media de la Cara, remueva arrugas profundas, exceso de piel y alivie los pliegues con una cirug\u00eda est\u00e9tica","breadcrumb":{"@id":"https:\/\/estrellaaesthetics.com\/es\/cirugia-estetica-facial\/levantamiento-de-cara\/#breadcrumb"},"inLanguage":"es","potentialAction":[{"@type":"ReadAction","target":["https:\/\/estrellaaesthetics.com\/es\/cirugia-estetica-facial\/levantamiento-de-cara\/"]}]},{"@type":"BreadcrumbList","@id":"https:\/\/estrellaaesthetics.com\/es\/cirugia-estetica-facial\/levantamiento-de-cara\/#breadcrumb","itemListElement":[{"@type":"ListItem","position":1,"name":"Procedimientos","item":"https:\/\/estrellaaesthetics.com\/es\/procedimientos\/"},{"@type":"ListItem","position":2,"name":"Procedimientos faciales","item":"https:\/\/estrellaaesthetics.com\/es\/procedimientos-para-la-cara\/"},{"@type":"ListItem","position":3,"name":"Cirug\u00eda est\u00e9tica facial","item":"https:\/\/estrellaaesthetics.com\/es\/cirugia-cosmetica-facial\/"},{"@type":"ListItem","position":4,"name":"Levantamiento de Cara"}]},{"@type":"WebSite","@id":"https:\/\/estrellaaesthetics.com\/es\/#website","url":"https:\/\/estrellaaesthetics.com\/es\/","name":"Estrella Aesthetics &amp; Surgical Arts - Spanish","description":"Estrella Aesthetics &amp; Surgical Arts - Non-Surgical Laser Skin Care Clinic, Botox, Restylane &amp; Dermal Fillers, Corona, California","potentialAction":[{"@type":"SearchAction","target":{"@type":"EntryPoint","urlTemplate":"https:\/\/estrellaaesthetics.com\/es\/?s={search_term_string}"},"query-input":{"@type":"PropertyValueSpecification","valueRequired":true,"valueName":"search_term_string"}}],"inLanguage":"es"}]}},"_links":{"self":[{"href":"https:\/\/estrellaaesthetics.com\/es\/wp-json\/wp\/v2\/pages\/4402","targetHints":{"allow":["GET"]}}],"collection":[{"href":"https:\/\/estrellaaesthetics.com\/es\/wp-json\/wp\/v2\/pages"}],"about":[{"href":"https:\/\/estrellaaesthetics.com\/es\/wp-json\/wp\/v2\/types\/page"}],"author":[{"embeddable":true,"href":"https:\/\/estrellaaesthetics.com\/es\/wp-json\/wp\/v2\/users\/4"}],"replies":[{"embeddable":true,"href":"https:\/\/estrellaaesthetics.com\/es\/wp-json\/wp\/v2\/comments?post=4402"}],"version-history":[{"count":0,"href":"https:\/\/estrellaaesthetics.com\/es\/wp-json\/wp\/v2\/pages\/4402\/revisions"}],"up":[{"embeddable":true,"href":"https:\/\/estrellaaesthetics.com\/es\/wp-json\/wp\/v2\/pages\/2720"}],"wp:attachment":[{"href":"https:\/\/estrellaaesthetics.com\/es\/wp-json\/wp\/v2\/media?parent=4402"}],"curies":[{"name":"wp","href":"https:\/\/api.w.org\/{rel}","templated":true}]}}