{"id":4396,"date":"2014-04-25T14:52:40","date_gmt":"2014-04-25T14:52:40","guid":{"rendered":"http:\/\/estrellaaesthetics.com\/es\/?page_id=4396"},"modified":"2019-08-19T09:46:51","modified_gmt":"2019-08-19T16:46:51","slug":"cirugia-estetica-de-parpados-blefaroplastia-por-el-mejor-cirujano-plastico-facial-de-corona","status":"publish","type":"page","link":"https:\/\/estrellaaesthetics.com\/es\/cirugia-estetica-facial\/blefaroplastia","title":{"rendered":"Cirug\u00eda Est\u00e9tica de P\u00e1rpados (blefaroplastia)"},"content":{"rendered":"<h1>Cirug\u00eda Est\u00e9tica de P\u00e1rpados (blefaroplastia) por el Mejor Cirujano Pl\u00e1stico Facial de Corona <\/h1>\n<p><h3>Rahil Khan, M.D.<br>Estrella Aesthetics & Surgical Arts<br>Corona, California<\/h3><br \/>\n<a href=\"#antesydespues\">Fotograf\u00edas de Antes y Despu\u00e9s de la cirug\u00eda est\u00e9tica de P\u00e1rpados<\/a><\/p>\n<p>\u00bfEst\u00e1s interesado\/a en verte rejuvenecido\/a y m\u00e1s juvenil, eliminando el exceso de piel de los p\u00e1rpados ca\u00eddos o eliminando las \u00abbolsas\u00bb debajo de los ojos?<\/p>\n<p>La cirug\u00eda est\u00e9tica de ojos tiene el impacto m\u00e1s profundo en la apariencia de una persona. Cuando est\u00e1s en una conversaci\u00f3n con otro, ellos dedican el 85% del tiempo a mirarte los ojos, la nariz, los dientes y la piel en tu tri\u00e1ngulo facial central. Este procedimiento puede hacerte lucir m\u00e1s joven al instante.<\/p>\n<p>La cirug\u00eda est\u00e9tica de p\u00e1rpados o \u00bb blefaroplastia\u00bb tarda menos de una hora de cirug\u00eda con m\u00ednimas molestias y una recuperaci\u00f3n r\u00e1pida (menos de una semana) y un riesgo m\u00ednimo, d\u00e1ndole a tu rostro un aspecto fresco m\u00e1s juvenil al eliminar el exceso de piel de los p\u00e1rpados ca\u00eddos, y dep\u00f3sitos o \u00abbolsas\u00bb de grasa debajo de los ojos.<\/p>\n<h2>Beneficios de la cirug\u00eda est\u00e9tica de p\u00e1rpados:<\/h2>\n<ul>\n<li>Restaura una apariencia m\u00e1s joven<\/li>\n<li>Puede mejorar tu capacidad de ver al ampliar tu campo visual<\/li>\n<li>Procedimiento de recuperaci\u00f3n segura, eficaz y r\u00e1pida<\/li>\n<li>S\u00f3lo necesita anestesia local (s\u00f3lo 10 segundos para inyectar a cada p\u00e1rpado) o la suplementaci\u00f3n con medicamentos orales y\/o intravenosos<\/li>\n<li>Se puede combinar con levantamiento de cara (facelift), injerto de grasa facial y rejuvenecimiento cut\u00e1neo con l\u00e1ser para transformar profundamente tu apariencia facial<\/li>\n<li>Puede mantener tu apariencia \u00e9tnica<\/li>\n<li>Puede cambiar un p\u00e1rpado de apariencia asi\u00e1tica a uno con un pliegue \u00fanico m\u00e1s prominente y m\u00e1s largo (apariencia cauc\u00e1sica)<\/li>\n<\/ul>\n<p>Resultados permanentes gracias a un procedimiento relativamente indoloro que dura menos de 1 hora con m\u00ednimo tiempo de inactividad.<\/p>\n<h2>Pasos en la cirug\u00eda est\u00e9tica de p\u00e1rpados:<\/h2>\n<ul>\n<li>Examen que toma nota de las preocupaciones relacionadas con los p\u00e1rpados y la cara<\/li>\n<li>Pruebas oculares de agudeza visual y pruebas de producci\u00f3n de l\u00e1grimas si hay sequedad presente, prueba para enfermedad de la tiroides<\/li>\n<li>Recibes medicaci\u00f3n sedante oral y antibi\u00f3ticos y esteroides para minimizar la inflamaci\u00f3n postoperatoria<\/li>\n<li>Se mide la cantidad de piel que se extirpar\u00e1 y la necesidad de un procedimiento de suspensi\u00f3n cantopexia (elevaci\u00f3n del \u00e1ngulo externo del ojo para lograr una forma m\u00e1s almendrada) para los p\u00e1rpados inferiores<\/li>\n<li>Se administra anestesia local a los p\u00e1rpados, lo cual toma entre 8 y 10 segundos para cada p\u00e1rpado.<\/li>\n<li>La cara se prepara para que el campo quir\u00fargico sea est\u00e9ril.<\/li>\n<li>Se inicia la incisi\u00f3n del proceso de eliminaci\u00f3n del exceso de piel y grasa no deseada para mejorar tu apariencia.<\/li>\n<\/ul>\n<p>El principal atractivo de la cirug\u00eda est\u00e9tica de p\u00e1rpados es que puede lograr una gran mejora en el aspecto personal y es un proceso relativamente sencillo que tarda menos de 1 hora. La mayor\u00eda de las personas son capaces de continuar con su vida normal al d\u00eda siguiente con un tiempo de inactividad m\u00ednimo.<\/p>\n<p>La cirug\u00eda est\u00e9tica de p\u00e1rpados no puede aliviar las ojeras, las l\u00edneas finas o arrugas alrededor de los ojos, pero estos problemas se pueden mejorar con exfoliaciones (peelings) qu\u00edmicas o el rejuvenecimiento cut\u00e1neo con l\u00e1ser. Si existe una ca\u00edda de la frente, un levantamiento de frente o levantamiento de cejas deber\u00eda considerarse y realizarse antes de una blefaroplastia superior para producir el resultado est\u00e9tico \u00f3ptimo. Estos procedimientos se pueden realizar en el mismo entorno quir\u00fargico, realizando el levantamiento de frente en primer lugar. Adem\u00e1s, otros procedimientos quir\u00fargicos, como un levantamiento de cara se pueden realizar al mismo tiempo para darle una apariencia m\u00e1s juvenil.<\/p>\n<p><strong>Procedimientos quir\u00fargicos est\u00e9ticos adyuvantes a la cirug\u00eda est\u00e9tica de p\u00e1rpados (blefaroplastia):<\/strong><\/p>\n<p><strong>&#8211; Levantamiento de Frente\/Cejas<\/strong> &#8211; estos procedimientos pueden ser necesarios para optimizar la apariencia de los ojos, si las cejas se est\u00e1n cayendo, junto con el exceso de piel del p\u00e1rpado superior. Si este es el caso, el procedimiento de levantamiento de cejas se realiza primero, seguido por la cirug\u00eda de p\u00e1rpados, a menudo en el mismo entorno quir\u00fargico. Ray Khan, MD ha escrito un art\u00edculo revisado por pares m\u00e9dicos para ayudar a los cirujanos pl\u00e1sticos a elegir el procedimiento \u00f3ptimo de levantamiento de la frente, mientras estaba en el <strong>Centro M\u00e9dico de la Universidad de Stanford.<\/strong><\/p>\n<p><strong>&#8211; Levantamiento de la zona media de la Cara<\/strong> &#8211; Este procedimiento puede ser necesario para optimizar la apariencia de los p\u00e1rpados inferiores y las mejillas. Cuando la zona media de la cara se cae o es tirada hacia abajo por el proceso de envejecimiento, el rejuvenecimiento de los p\u00e1rpados junto con el tercio medio facial es la decisi\u00f3n est\u00e9tica ideal. El p\u00e1rpado inferior se puede tirar hacia abajo lo suficiente para mostrar la escler\u00f3tica blanca debajo de la parte coloreada del ojo, conocida como el iris, lo cual cambia dr\u00e1sticamente la belleza del ojo.<\/p>\n<p><strong>Rejuvenecimiento cut\u00e1neo con l\u00e1ser<\/strong> &#8211; el procedimiento con l\u00e1ser se puede realizar en el mismo momento de la cirug\u00eda del p\u00e1rpado superior e inferior para mejorar los dos aspectos m\u00e1s significativos de la cara, los ojos y la piel. Ray Khan, MD utiliza el mejor <strong>l\u00e1ser de di\u00f3xido de carbono<\/strong> disponible para mejorar las arrugas, como se se\u00f1ala en un art\u00edculo revisado por pares de J Waibel en el Journal of Drugs in Dermatology 2009. Esto demostr\u00f3 que el l\u00e1ser de <strong>CO2 fraccionado de DEKA, el l\u00e1ser DOT SmartXide<\/strong> produjo el mejor resultado para la mejora de las arrugas as\u00ed como el mejor resultado l\u00e1ser para el rejuvenecimiento general, comparando con los diez principales dispositivos cut\u00e1neos.<\/p>\n<p><strong>Cantopexia<\/strong> \u2013 El fortalecimiento de la cara lateral del p\u00e1rpado inferior puede mejorar el exceso de lagrimeo (ep\u00edfora) o s\u00edntomas de ojos resecos. Cuando la cara lateral del p\u00e1rpado inferior se tira hacia abajo debido al proceso de envejecimiento (ectropi\u00f3n senil o exposici\u00f3n escleral), debido a una cirug\u00eda de p\u00e1rpados previa que quit\u00f3 demasiada piel o por un estiramiento de la zona media de la que tir\u00f3 el p\u00e1rpado inferior, el fortalecimiento del canto lateral al re- suspender esta estructura est\u00e9ticamente importante, rejuvenece a\u00fan m\u00e1s el rostro.<\/p>\n<p><strong>Los rellenos d\u00e9rmicos o transferencia de grasa aut\u00f3loga<\/strong> &#8211; A menudo hay una deficiencia de volumen en la l\u00ednea de las ojeras, la cual est\u00e1 inmediatamente debajo del p\u00e1rpado inferior, la cual se ve m\u00e1s rejuvenecida cuando se llena. Un relleno d\u00e9rmico como <strong>Juvaderm, Restylane, Perlane o Artefill<\/strong> puede colocarse all\u00ed, usando una c\u00e1nula de punta roma, como <strong>Dermasculpt<\/strong>. Por otra parte, los pacientes pueden hacer que se recolecte grasa de su cuerpo y se inyecte en las ojeras, la zona media de la cara, y tambi\u00e9n la inferior, las cuales son \u00e1reas \u00f3ptimas para el rejuvenecimiento del volumen perdido por el proceso de envejecimiento.<\/p>\n<div class=\"beforeafter\"><strong>Fotograf\u00edas Antes y Despu\u00e9s de la Cirug\u00eda Est\u00e9tica de P\u00e1rpados:<\/strong><br \/>\nHaz clic para agrandar <a name=\"antesydespues\" id=\"antesydespues\"><\/p>\n<div class=\"bathumb\"><a title=\"\" href=\"\/es\/images\/bna-bleph-2a.jpg\" rel=\"prettyPhoto[pp_gal]\" data-rel=\"lightbox-gallery-S87uSJ5Z\" data-rl_title=\"\" data-rl_caption=\"\"><br \/>\n<img class=\"lazy-load\" onmousedown=\"if (event.preventDefault) event.preventDefault()\" alt=\"Before and After Cosmetic Eyelid Surgery\" data-src=\"\/es\/images\/bna-bleph-2a-sm.jpg\" \/><\/a><\/div>\n<div class=\"bathumb\"><a title=\"\" href=\"\/es\/images\/bna-bleph-2b.jpg\" rel=\"prettyPhoto[pp_gal]\" data-rel=\"lightbox-gallery-S87uSJ5Z\" data-rl_title=\"\" data-rl_caption=\"\"><br \/>\n<img class=\"lazy-load\" onmousedown=\"if (event.preventDefault) event.preventDefault()\" alt=\"Before and After Cosmetic Eyelid Surgery\" data-src=\"\/es\/images\/bna-bleph-2b-sm.jpg\" \/><\/a><\/div>\n<div class=\"bathumb\"><a title=\"\" href=\"\/es\/images\/bna-bleph-3a.jpg\" rel=\"prettyPhoto[pp_gal]\" data-rel=\"lightbox-gallery-S87uSJ5Z\" data-rl_title=\"\" data-rl_caption=\"\"><br \/>\n<img class=\"lazy-load\" onmousedown=\"if (event.preventDefault) event.preventDefault()\" alt=\"Before and After Cosmetic Eyelid Surgery\" data-src=\"\/es\/images\/bna-bleph-3a-sm.jpg\" \/><\/a><\/div>\n<div class=\"bathumb\"><a title=\"\" href=\"\/es\/images\/bna-bleph-3b.jpg\" rel=\"prettyPhoto[pp_gal]\" data-rel=\"lightbox-gallery-S87uSJ5Z\" data-rl_title=\"\" data-rl_caption=\"\"><br \/>\n<img class=\"lazy-load\" onmousedown=\"if (event.preventDefault) event.preventDefault()\" alt=\"Before and After Cosmetic Eyelid Surgery\" data-src=\"\/es\/images\/bna-bleph-3b-sm.jpg\" \/><\/a><\/div>\n<div class=\"bathumb\"><a title=\"\" href=\"\/es\/images\/bna-bleph-1a.jpg\" rel=\"prettyPhoto[pp_gal]\" data-rel=\"lightbox-gallery-S87uSJ5Z\" data-rl_title=\"\" data-rl_caption=\"\"><br \/>\n<img class=\"lazy-load\" onmousedown=\"if (event.preventDefault) event.preventDefault()\" alt=\"Before and After Cosmetic Eyelid Surgery\" data-src=\"\/es\/images\/bna-bleph-1a-sm.jpg\" \/><\/a><\/div>\n<div class=\"bathumb\"><a title=\"\" href=\"\/es\/images\/bna-bleph-1b.jpg\" rel=\"prettyPhoto[pp_gal]\" data-rel=\"lightbox-gallery-S87uSJ5Z\" data-rl_title=\"\" data-rl_caption=\"\"><br \/>\n<img class=\"lazy-load\" onmousedown=\"if (event.preventDefault) event.preventDefault()\" alt=\"Before and After Cosmetic Eyelid Surgery\" data-src=\"\/es\/images\/bna-bleph-1b-sm.jpg\" \/><\/a><\/div>\n<div class=\"bathumbeye\"><a title=\"\" href=\"\/es\/images\/before-after-eye-surgery-1.jpg\" rel=\"prettyPhoto[pp_gal]\" data-rel=\"lightbox-gallery-S87uSJ5Z\" data-rl_title=\"\" data-rl_caption=\"\"><br \/>\n<img class=\"lazy-load\" onmousedown=\"if (event.preventDefault) event.preventDefault()\" alt=\"Before and After Cosmetic Eyelid Surgery\" data-src=\"\/es\/images\/before-after-eye-surgery-1sm.jpg\" \/><\/a><\/div>\n<div class=\"bathumbeye\"><a title=\"\" href=\"\/es\/images\/before-after-eye-surgery-2.jpg\" rel=\"prettyPhoto[pp_gal]\" data-rel=\"lightbox-gallery-S87uSJ5Z\" data-rl_title=\"\" data-rl_caption=\"\"><br \/>\n<img class=\"lazy-load\" onmousedown=\"if (event.preventDefault) event.preventDefault()\" alt=\"Before and After Cosmetic Eyelid Surgery\" data-src=\"\/es\/images\/before-after-eye-surgery-2sm.jpg\" \/><\/a><\/div>\n<div class=\"bathumbeye\"><a title=\"\" href=\"\/es\/images\/before-after-eye-surgery-3.jpg\" rel=\"prettyPhoto[pp_gal]\" data-rel=\"lightbox-gallery-S87uSJ5Z\" data-rl_title=\"\" data-rl_caption=\"\"><br \/>\n<img class=\"lazy-load\" onmousedown=\"if (event.preventDefault) event.preventDefault()\" alt=\"Before and After Cosmetic Eyelid Surgery\" data-src=\"\/es\/images\/before-after-eye-surgery-3sm.jpg\" \/><\/a><\/div>\n<div class=\"bathumbeye\"><a title=\"\" href=\"\/es\/images\/before-after-eye-surgery-4.jpg\" rel=\"prettyPhoto[pp_gal]\" data-rel=\"lightbox-gallery-S87uSJ5Z\" data-rl_title=\"\" data-rl_caption=\"\"><br \/>\n<img class=\"lazy-load\" onmousedown=\"if (event.preventDefault) event.preventDefault()\" alt=\"Before and After Cosmetic Eyelid Surgery\" data-src=\"\/es\/images\/before-after-eye-surgery-4sm.jpg\" \/><\/a><\/div>\n<div class=\"bathumb\"><a title=\"\" href=\"\/es\/images\/before-after-eye-surgery-5a.jpg\" rel=\"prettyPhoto[pp_gal]\" data-rel=\"lightbox-gallery-S87uSJ5Z\" data-rl_title=\"\" data-rl_caption=\"\"><br \/>\n<img class=\"lazy-load\" onmousedown=\"if (event.preventDefault) event.preventDefault()\" alt=\"Before and After Cosmetic Eyelid Surgery\" data-src=\"\/es\/images\/before-after-eye-surgery-5asm.jpg\" \/><\/a><\/div>\n<div class=\"bathumb\"><a title=\"\" href=\"\/es\/images\/before-after-eye-surgery-5c.jpg\" rel=\"prettyPhoto[pp_gal]\" data-rel=\"lightbox-gallery-S87uSJ5Z\" data-rl_title=\"\" data-rl_caption=\"\"><br \/>\n<img class=\"lazy-load\" onmousedown=\"if (event.preventDefault) event.preventDefault()\" alt=\"Before and After Cosmetic Eyelid Surgery\" data-src=\"\/es\/images\/before-after-eye-surgery-5csm.jpg\" \/><\/a><\/div>\n<div class=\"bathumb\"><a title=\"\" href=\"\/es\/images\/before-after-eye-surgery-6a.jpg\" rel=\"prettyPhoto[pp_gal]\" data-rel=\"lightbox-gallery-S87uSJ5Z\" data-rl_title=\"\" data-rl_caption=\"\"><br \/>\n<img class=\"lazy-load\" onmousedown=\"if (event.preventDefault) event.preventDefault()\" alt=\"Before and After Cosmetic Eyelid Surgery\" data-src=\"\/es\/images\/before-after-eye-surgery-6asm.jpg\" \/><\/a><\/div>\n<div class=\"bathumb\"><a title=\"\" href=\"\/es\/images\/before-after-eye-surgery-6b.jpg\" rel=\"prettyPhoto[pp_gal]\" data-rel=\"lightbox-gallery-S87uSJ5Z\" data-rl_title=\"\" data-rl_caption=\"\"><br \/>\n<img class=\"lazy-load\" onmousedown=\"if (event.preventDefault) event.preventDefault()\" alt=\"Before and After Cosmetic Eyelid Surgery\" data-src=\"\/es\/images\/before-after-eye-surgery-6bsm.jpg\" \/><\/a><\/div>\n<div class=\"bathumb\"><a title=\"\" href=\"\/es\/images\/before-after-eye-surgery-7a.jpg\" rel=\"prettyPhoto[pp_gal]\" data-rel=\"lightbox-gallery-S87uSJ5Z\" data-rl_title=\"\" data-rl_caption=\"\"><br \/>\n<img class=\"lazy-load\" onmousedown=\"if (event.preventDefault) event.preventDefault()\" alt=\"Before and After Cosmetic Eyelid Surgery\" data-src=\"\/es\/images\/before-after-eye-surgery-7asm.jpg\" \/><\/a><\/div>\n<div class=\"bathumb\"><a title=\"\" href=\"\/es\/images\/before-after-eye-surgery-7b.jpg\" rel=\"prettyPhoto[pp_gal]\" data-rel=\"lightbox-gallery-S87uSJ5Z\" data-rl_title=\"\" data-rl_caption=\"\"><br \/>\n<img class=\"lazy-load\" onmousedown=\"if (event.preventDefault) event.preventDefault()\" alt=\"Before and After Cosmetic Eyelid Surgery\" data-src=\"\/es\/images\/before-after-eye-surgery-7bsm.jpg\" \/><\/a><\/div>\n<\/div>\n<h2>P\u00f3ngase en contacto con Ray Khan, MD y el equipo estelar de Estrella Aesthetics &#038; Surgical Arts para su consulta gratuita:<\/h2>\n<p><strong>Estrella Aesthetics<\/strong> estar\u00e1 encantado de discutir el procedimiento de Blefaroplastia con usted y responder a todas sus preguntas. Por favor, no dude en llamar ahora mismo al <strong><a href=\"tel:+19513561207\" onclick=\"sendEventToGoogle('Content', '\/es\/wp-json\/wp\/v2\/pages\/4396', '+19513561207');\">(951) 356-1207<\/a><\/strong><\/p>\n<p><a href=\"\/es\/contacto\">Haga clic aqu\u00ed para su consulta o cita gratuita privada<\/a><\/p>\n","protected":false},"excerpt":{"rendered":"<p>Cirug\u00eda Est\u00e9tica de P\u00e1rpados (blefaroplastia) por el Mejor Cirujano Pl\u00e1stico Facial de Corona Fotograf\u00edas de Antes y Despu\u00e9s de la cirug\u00eda est\u00e9tica de P\u00e1rpados \u00bfEst\u00e1s interesado\/a en verte rejuvenecido\/a y m\u00e1s juvenil, eliminando el exceso de piel de los p\u00e1rpados ca\u00eddos o eliminando las \u00abbolsas\u00bb debajo de los ojos? La cirug\u00eda est\u00e9tica de ojos tiene&#8230; <a class=\"more-link\" href=\"https:\/\/estrellaaesthetics.com\/es\/cirugia-estetica-facial\/blefaroplastia\">[Read More]<\/a><\/p>\n","protected":false},"author":4,"featured_media":0,"parent":2720,"menu_order":0,"comment_status":"open","ping_status":"open","template":"","meta":{"_acf_changed":false,"inline_featured_image":false,"_genesis_hide_title":false,"_genesis_hide_breadcrumbs":false,"_genesis_hide_singular_image":false,"_genesis_hide_footer_widgets":false,"_genesis_custom_body_class":"","_genesis_custom_post_class":"","_genesis_layout":"","footnotes":""},"class_list":{"0":"post-4396","1":"page","2":"type-page","3":"status-publish","5":"entry"},"acf":[],"yoast_head":"\n<title>Cirug\u00eda Est\u00e9tica de P\u00e1rpados (blefaroplastia)<\/title>\n<meta name=\"description\" content=\"Cirug\u00eda Est\u00e9tica de P\u00e1rpados (blefaroplastia) por el Mejor Cirujano Pl\u00e1stico Facial de Corona. Llamar al (951) 356-1207\" \/>\n<meta name=\"robots\" content=\"index, follow, max-snippet:-1, max-image-preview:large, max-video-preview:-1\" \/>\n<link rel=\"canonical\" href=\"https:\/\/estrellaaesthetics.com\/es\/cirugia-estetica-facial\/blefaroplastia\/\" \/>\n<meta property=\"og:locale\" content=\"es_ES\" \/>\n<meta property=\"og:type\" content=\"article\" \/>\n<meta property=\"og:title\" content=\"Cirug\u00eda Est\u00e9tica de P\u00e1rpados (blefaroplastia)\" \/>\n<meta property=\"og:description\" content=\"Cirug\u00eda Est\u00e9tica de P\u00e1rpados (blefaroplastia) por el Mejor Cirujano Pl\u00e1stico Facial de Corona. Llamar al (951) 356-1207\" \/>\n<meta property=\"og:url\" content=\"https:\/\/estrellaaesthetics.com\/es\/cirugia-estetica-facial\/blefaroplastia\/\" \/>\n<meta property=\"og:site_name\" content=\"Estrella Aesthetics &amp; Surgical Arts - Spanish\" \/>\n<meta property=\"article:modified_time\" content=\"2019-08-19T16:46:51+00:00\" \/>\n<meta property=\"og:image\" content=\"https:\/\/estrellaaesthetics.com\/es\/images\/bna-bleph-2a-sm.jpg\" \/>\n<meta name=\"twitter:card\" content=\"summary_large_image\" \/>\n<meta name=\"twitter:label1\" content=\"Tiempo de lectura\" \/>\n\t<meta name=\"twitter:data1\" content=\"7 minutos\" \/>\n<script type=\"application\/ld+json\" class=\"yoast-schema-graph\">{\"@context\":\"https:\/\/schema.org\",\"@graph\":[{\"@type\":\"WebPage\",\"@id\":\"https:\/\/estrellaaesthetics.com\/es\/cirugia-estetica-facial\/blefaroplastia\/\",\"url\":\"https:\/\/estrellaaesthetics.com\/es\/cirugia-estetica-facial\/blefaroplastia\/\",\"name\":\"Cirug\u00eda Est\u00e9tica de P\u00e1rpados (blefaroplastia)\",\"isPartOf\":{\"@id\":\"https:\/\/estrellaaesthetics.com\/es\/#website\"},\"datePublished\":\"2014-04-25T14:52:40+00:00\",\"dateModified\":\"2019-08-19T16:46:51+00:00\",\"description\":\"Cirug\u00eda Est\u00e9tica de P\u00e1rpados (blefaroplastia) por el Mejor Cirujano Pl\u00e1stico Facial de Corona. Llamar al (951) 356-1207\",\"breadcrumb\":{\"@id\":\"https:\/\/estrellaaesthetics.com\/es\/cirugia-estetica-facial\/blefaroplastia\/#breadcrumb\"},\"inLanguage\":\"es\",\"potentialAction\":[{\"@type\":\"ReadAction\",\"target\":[\"https:\/\/estrellaaesthetics.com\/es\/cirugia-estetica-facial\/blefaroplastia\/\"]}]},{\"@type\":\"BreadcrumbList\",\"@id\":\"https:\/\/estrellaaesthetics.com\/es\/cirugia-estetica-facial\/blefaroplastia\/#breadcrumb\",\"itemListElement\":[{\"@type\":\"ListItem\",\"position\":1,\"name\":\"Procedimientos\",\"item\":\"https:\/\/estrellaaesthetics.com\/es\/procedimientos\/\"},{\"@type\":\"ListItem\",\"position\":2,\"name\":\"Procedimientos faciales\",\"item\":\"https:\/\/estrellaaesthetics.com\/es\/procedimientos-para-la-cara\/\"},{\"@type\":\"ListItem\",\"position\":3,\"name\":\"Cirug\u00eda est\u00e9tica facial\",\"item\":\"https:\/\/estrellaaesthetics.com\/es\/cirugia-cosmetica-facial\/\"},{\"@type\":\"ListItem\",\"position\":4,\"name\":\"Cirug\u00eda Est\u00e9tica de P\u00e1rpados (blefaroplastia)\"}]},{\"@type\":\"WebSite\",\"@id\":\"https:\/\/estrellaaesthetics.com\/es\/#website\",\"url\":\"https:\/\/estrellaaesthetics.com\/es\/\",\"name\":\"Estrella Aesthetics &amp; Surgical Arts - Spanish\",\"description\":\"Estrella Aesthetics &amp; Surgical Arts - Non-Surgical Laser Skin Care Clinic, Botox, Restylane &amp; Dermal Fillers, Corona, California\",\"potentialAction\":[{\"@type\":\"SearchAction\",\"target\":{\"@type\":\"EntryPoint\",\"urlTemplate\":\"https:\/\/estrellaaesthetics.com\/es\/?s={search_term_string}\"},\"query-input\":{\"@type\":\"PropertyValueSpecification\",\"valueRequired\":true,\"valueName\":\"search_term_string\"}}],\"inLanguage\":\"es\"}]}<\/script>\n","yoast_head_json":{"title":"Cirug\u00eda Est\u00e9tica de P\u00e1rpados (blefaroplastia)","description":"Cirug\u00eda Est\u00e9tica de P\u00e1rpados (blefaroplastia) por el Mejor Cirujano Pl\u00e1stico Facial de Corona. Llamar al (951) 356-1207","robots":{"index":"index","follow":"follow","max-snippet":"max-snippet:-1","max-image-preview":"max-image-preview:large","max-video-preview":"max-video-preview:-1"},"canonical":"https:\/\/estrellaaesthetics.com\/es\/cirugia-estetica-facial\/blefaroplastia\/","og_locale":"es_ES","og_type":"article","og_title":"Cirug\u00eda Est\u00e9tica de P\u00e1rpados (blefaroplastia)","og_description":"Cirug\u00eda Est\u00e9tica de P\u00e1rpados (blefaroplastia) por el Mejor Cirujano Pl\u00e1stico Facial de Corona. Llamar al (951) 356-1207","og_url":"https:\/\/estrellaaesthetics.com\/es\/cirugia-estetica-facial\/blefaroplastia\/","og_site_name":"Estrella Aesthetics &amp; Surgical Arts - Spanish","article_modified_time":"2019-08-19T16:46:51+00:00","og_image":[{"url":"https:\/\/estrellaaesthetics.com\/es\/images\/bna-bleph-2a-sm.jpg","type":"","width":"","height":""}],"twitter_card":"summary_large_image","twitter_misc":{"Tiempo de lectura":"7 minutos"},"schema":{"@context":"https:\/\/schema.org","@graph":[{"@type":"WebPage","@id":"https:\/\/estrellaaesthetics.com\/es\/cirugia-estetica-facial\/blefaroplastia\/","url":"https:\/\/estrellaaesthetics.com\/es\/cirugia-estetica-facial\/blefaroplastia\/","name":"Cirug\u00eda Est\u00e9tica de P\u00e1rpados (blefaroplastia)","isPartOf":{"@id":"https:\/\/estrellaaesthetics.com\/es\/#website"},"datePublished":"2014-04-25T14:52:40+00:00","dateModified":"2019-08-19T16:46:51+00:00","description":"Cirug\u00eda Est\u00e9tica de P\u00e1rpados (blefaroplastia) por el Mejor Cirujano Pl\u00e1stico Facial de Corona. Llamar al (951) 356-1207","breadcrumb":{"@id":"https:\/\/estrellaaesthetics.com\/es\/cirugia-estetica-facial\/blefaroplastia\/#breadcrumb"},"inLanguage":"es","potentialAction":[{"@type":"ReadAction","target":["https:\/\/estrellaaesthetics.com\/es\/cirugia-estetica-facial\/blefaroplastia\/"]}]},{"@type":"BreadcrumbList","@id":"https:\/\/estrellaaesthetics.com\/es\/cirugia-estetica-facial\/blefaroplastia\/#breadcrumb","itemListElement":[{"@type":"ListItem","position":1,"name":"Procedimientos","item":"https:\/\/estrellaaesthetics.com\/es\/procedimientos\/"},{"@type":"ListItem","position":2,"name":"Procedimientos faciales","item":"https:\/\/estrellaaesthetics.com\/es\/procedimientos-para-la-cara\/"},{"@type":"ListItem","position":3,"name":"Cirug\u00eda est\u00e9tica facial","item":"https:\/\/estrellaaesthetics.com\/es\/cirugia-cosmetica-facial\/"},{"@type":"ListItem","position":4,"name":"Cirug\u00eda Est\u00e9tica de P\u00e1rpados (blefaroplastia)"}]},{"@type":"WebSite","@id":"https:\/\/estrellaaesthetics.com\/es\/#website","url":"https:\/\/estrellaaesthetics.com\/es\/","name":"Estrella Aesthetics &amp; Surgical Arts - Spanish","description":"Estrella Aesthetics &amp; Surgical Arts - Non-Surgical Laser Skin Care Clinic, Botox, Restylane &amp; Dermal Fillers, Corona, California","potentialAction":[{"@type":"SearchAction","target":{"@type":"EntryPoint","urlTemplate":"https:\/\/estrellaaesthetics.com\/es\/?s={search_term_string}"},"query-input":{"@type":"PropertyValueSpecification","valueRequired":true,"valueName":"search_term_string"}}],"inLanguage":"es"}]}},"_links":{"self":[{"href":"https:\/\/estrellaaesthetics.com\/es\/wp-json\/wp\/v2\/pages\/4396","targetHints":{"allow":["GET"]}}],"collection":[{"href":"https:\/\/estrellaaesthetics.com\/es\/wp-json\/wp\/v2\/pages"}],"about":[{"href":"https:\/\/estrellaaesthetics.com\/es\/wp-json\/wp\/v2\/types\/page"}],"author":[{"embeddable":true,"href":"https:\/\/estrellaaesthetics.com\/es\/wp-json\/wp\/v2\/users\/4"}],"replies":[{"embeddable":true,"href":"https:\/\/estrellaaesthetics.com\/es\/wp-json\/wp\/v2\/comments?post=4396"}],"version-history":[{"count":0,"href":"https:\/\/estrellaaesthetics.com\/es\/wp-json\/wp\/v2\/pages\/4396\/revisions"}],"up":[{"embeddable":true,"href":"https:\/\/estrellaaesthetics.com\/es\/wp-json\/wp\/v2\/pages\/2720"}],"wp:attachment":[{"href":"https:\/\/estrellaaesthetics.com\/es\/wp-json\/wp\/v2\/media?parent=4396"}],"curies":[{"name":"wp","href":"https:\/\/api.w.org\/{rel}","templated":true}]}}