{"id":4355,"date":"2014-04-22T19:32:50","date_gmt":"2014-04-22T19:32:50","guid":{"rendered":"http:\/\/estrellaaesthetics.com\/es\/?page_id=4355"},"modified":"2022-04-05T10:48:00","modified_gmt":"2022-04-05T17:48:00","slug":"implantes-de-pomulos-en-corona-por-uno-de-los-mejores-cirujanos-estetico-faciales-certificados","status":"publish","type":"page","link":"https:\/\/estrellaaesthetics.com\/es\/cirugia-estetica-facial\/implantes-de-pomulos","title":{"rendered":"Implantes de P\u00f3mulos en Corona"},"content":{"rendered":"<h1>Implantes de P\u00f3mulos en Corona por uno de los mejores cirujanos est\u00e9tico faciales certificados<\/h1>\n<h3>Rahil Khan, M.D.<br>Estrella Aesthetics & Surgical Arts<br>Corona, California<\/h3>\n<p>\u00bfEst\u00e1s buscando una manera de mejorar tu apariencia facial o remodelar el ment\u00f3n para verte como t\u00fa quisieras? La Mejora Est\u00e9tica del ment\u00f3n puede mejorar tu apariencia mediante el restablecimiento de un equilibrio adecuado y armonioso entre el ment\u00f3n y el resto de tu cara.<\/p>\n<h2>Beneficios de la Mejora con Implantes de P\u00f3mulos:<\/h2>\n<ul>\n<li>Mejora la armon\u00eda facial mediante el restablecimiento de las relaciones anat\u00f3micas apropiadas para la zona media de tu rostro y los p\u00f3mulos con el resto de tu cara.<\/li>\n<li>El aumento de p\u00f3mulos realza las principales prominencias faciales: la frente, la nariz, el ment\u00f3n y el realce malar de la mejilla.<\/li>\n<li>La experiencia aumenta la autoestima y la confianza en s\u00ed misma\/o, por lo que, con una nueva apariencia har\u00e1 que llames la atenci\u00f3n.<\/li>\n<\/ul>\n<p><\/p>\n<h2>Cu\u00e1les son las opciones de implante de p\u00f3mulos:<\/h2>\n<p>Ray Khan ofrece una serie de opciones de mejoras de vanguardia para los p\u00f3mulos para alcanzar tu aspecto deseado, las cuales incluyen opciones m\u00ednimamente invasivas, temporales y permanentes:<\/p>\n<ol>\n<li>El \u00ab<b>lifting (levantamiento) l\u00edquido<\/b>\u00bb utiliza la piel o los rellenos d\u00e9rmicos para mejorar el aspecto de las mejillas y el \u00e1rea central de la cara. El relleno d\u00e9rmico puede ser un relleno temporal, como los son los de \u00e1cido hialur\u00f3nico, como Restylane, Juvaderm y mi recomendaci\u00f3n, <b>Perlane.<\/b> Existe un relleno d\u00e9rmico permanente, <b>Artefill<\/b>, el cual puede mejorar tus mejillas de forma definitiva.<\/li>\n<li><b>La transferencia de grasa aut\u00f3loga<\/b> (usando tu propia grasa, tomada de tu cuerpo, que se coloca en el \u00e1rea deficiente de volumen facial con la una c\u00e1nula de punta roma. Ray Khan, MD realiz\u00f3 un estudio que compara la recolecci\u00f3n de grasa por medio de la liposucci\u00f3n est\u00e1ndar con Body-Jet (chorro de agua) y VASER o m\u00e9todos de recolecci\u00f3n por ultrasonido para los implantes de p\u00f3mulos Soft Silastic.<\/li>\n<li>Los implantes de la zona media del rostro se ofrecen en tres tipos o formas:\n<ol>\n<li><strong>Implante de P\u00f3mulos<\/strong> (realza la parte m\u00e1s alta del hueso de la mejilla) efectuado com\u00fanmente en los pacientes m\u00e1s j\u00f3venes que cuentan con una apariencia gen\u00e9ticamente plana de la zona media de la cara.<\/li>\n<li><strong>Implante Submalar<\/strong> (el espacio por debajo del hueso del p\u00f3mulo) utilizado con frecuencia en pacientes de edad avanzada que han perdido volumen en la zona bucal debido al proceso de envejecimiento.<\/li>\n<li><strong>Implantes faciales<\/strong> combinados en la zona media de la cara. Aumentan tanto el hueso de la mejilla y la zona debajo de la mejilla (\u00e1rea submalar)<\/li>\n<\/ol>\n<\/li>\n<li><b>Injertos de Hueso<\/b>. El sitio de hueso donante es generalmente la zona externa del hueso parietal del cr\u00e1neo. El hueso puede ser tomado en grandes cantidades, de manera segura.<\/li>\n<li><b>Osteotom\u00eda de soporte del hueso <\/b>cigom\u00e1tico y relleno \u00f3seo. Cortamos el hueso del p\u00f3mulo, donde se inserta en la cara (maxilar) y luego colocamos un hueso u otro material espaciador contra la cara, entre el corte del hueso para resaltar el hueso de la mejilla sin utilizar material sint\u00e9tico.<\/li>\n<\/ol>\n<h2>\u00bfQu\u00e9 tipo de anestesia se utiliza para la cirug\u00eda de implante de p\u00f3mulos?<\/h2>\n<p>Casi todos los pacientes pueden ser tratados con sedaci\u00f3n oral y analg\u00e9sicos, bloqueadores de nervios sensoriales y anestesia local. Alternativamente, el procedimiento se puede realizar bajo anestesia general. El procedimiento dura alrededor de 30 minutos con m\u00ednimas molestias intra-operatorias y post-operatorias con una recuperaci\u00f3n r\u00e1pida.<\/p>\n<h2>Contacta a la oficina de Ray Khan, MD para obtener una consulta gratuita.<\/h2>\n<p>Ray Khan, MD y su personal estar\u00e1n encantados de discutir el procedimiento para mejorar el ment\u00f3n contigo y responder a tus preguntas. No dudes en llamarnos a Estrella Aesthetics &amp; Surgical Arts en Corona, CA al <strong><a href=\"tel:+19513561207\" onclick=\"sendEventToGoogle('Content', '\/es\/wp-json\/wp\/v2\/pages\/4355', '+19513561207');\">(951) 356-1207<\/a><\/strong><\/p>\n<p>Para obtener tu consulta o cita privada gratuita, por favor haz <a href=\"\/es\/contacto\">clic aqu\u00ed<\/a>.<\/p>\n<h2>Estrella Aesthetics &amp; Surgical Art<\/h2>\n<p>2550 Tuscany St<br \/>\nSuite #103<br \/>\nCorona, CA 92881<br \/>\n<strong><a href=\"tel:+19513561207\" onclick=\"sendEventToGoogle('Content', '\/es\/wp-json\/wp\/v2\/pages\/4355', '+19513561207');\">(951) 356-1207<\/a><\/strong><\/p>\n<h2>Horario de Atenci\u00f3n<\/h2>\r\n<h5>Lunes a Viernes: 10.00am a 7.00pm<\/h5>\r\n<h5>S\u00e1bado: 10.00am a 5.00pm<\/h5>\r\n<h5>Domingos Cerrados<\/h5>\n<p><iframe loading=\"lazy\" src=\"https:\/\/maps.google.ca\/maps?q=2550+Tuscany+St++Suite+%23103++Corona,+CA+92881&amp;oe=utf-8&amp;client=firefox-a&amp;ie=UTF8&amp;hq=&amp;hnear=2550+Tuscany+St+%23103,+Corona,+California+92881,+United+States&amp;t=m&amp;ll=33.824651,-117.517319&amp;spn=0.021391,0.059223&amp;z=14&amp;iwloc=&amp;output=embed\" height=\"300\" width=\"690\" frameborder=\"0\" marginwidth=\"0\" marginheight=\"0\" scrolling=\"no\"><\/iframe><\/p>\n","protected":false},"excerpt":{"rendered":"<p>Implantes de P\u00f3mulos en Corona por uno de los mejores cirujanos est\u00e9tico faciales certificados \u00bfEst\u00e1s buscando una manera de mejorar tu apariencia facial o remodelar el ment\u00f3n para verte como t\u00fa quisieras? La Mejora Est\u00e9tica del ment\u00f3n puede mejorar tu apariencia mediante el restablecimiento de un equilibrio adecuado y armonioso entre el ment\u00f3n y el&#8230; <a class=\"more-link\" href=\"https:\/\/estrellaaesthetics.com\/es\/cirugia-estetica-facial\/implantes-de-pomulos\">[Read More]<\/a><\/p>\n","protected":false},"author":4,"featured_media":0,"parent":2720,"menu_order":0,"comment_status":"open","ping_status":"open","template":"","meta":{"_acf_changed":false,"inline_featured_image":false,"_genesis_hide_title":false,"_genesis_hide_breadcrumbs":false,"_genesis_hide_singular_image":false,"_genesis_hide_footer_widgets":false,"_genesis_custom_body_class":"","_genesis_custom_post_class":"","_genesis_layout":"","footnotes":""},"class_list":{"0":"post-4355","1":"page","2":"type-page","3":"status-publish","5":"entry"},"acf":[],"yoast_head":"\n<title>Implantes de P\u00f3mulos en Corona<\/title>\n<meta name=\"description\" content=\"Implantes de P\u00f3mulos en Corona por uno de los mejores cirujanos est\u00e9tico faciales certificados. Llamar al (951) 356-1207\" \/>\n<meta name=\"robots\" content=\"index, follow, max-snippet:-1, max-image-preview:large, max-video-preview:-1\" \/>\n<link rel=\"canonical\" href=\"https:\/\/estrellaaesthetics.com\/es\/cirugia-estetica-facial\/implantes-de-pomulos\/\" \/>\n<meta property=\"og:locale\" content=\"es_ES\" \/>\n<meta property=\"og:type\" content=\"article\" \/>\n<meta property=\"og:title\" content=\"Implantes de P\u00f3mulos en Corona\" \/>\n<meta property=\"og:description\" content=\"Implantes de P\u00f3mulos en Corona por uno de los mejores cirujanos est\u00e9tico faciales certificados. Llamar al (951) 356-1207\" \/>\n<meta property=\"og:url\" content=\"https:\/\/estrellaaesthetics.com\/es\/cirugia-estetica-facial\/implantes-de-pomulos\/\" \/>\n<meta property=\"og:site_name\" content=\"Estrella Aesthetics &amp; Surgical Arts - Spanish\" \/>\n<meta property=\"article:modified_time\" content=\"2022-04-05T17:48:00+00:00\" \/>\n<meta name=\"twitter:card\" content=\"summary_large_image\" \/>\n<meta name=\"twitter:label1\" content=\"Tiempo de lectura\" \/>\n\t<meta name=\"twitter:data1\" content=\"3 minutos\" \/>\n<script type=\"application\/ld+json\" class=\"yoast-schema-graph\">{\"@context\":\"https:\\\/\\\/schema.org\",\"@graph\":[{\"@type\":\"WebPage\",\"@id\":\"https:\\\/\\\/estrellaaesthetics.com\\\/es\\\/cirugia-estetica-facial\\\/implantes-de-pomulos\\\/\",\"url\":\"https:\\\/\\\/estrellaaesthetics.com\\\/es\\\/cirugia-estetica-facial\\\/implantes-de-pomulos\\\/\",\"name\":\"Implantes de P\u00f3mulos en Corona\",\"isPartOf\":{\"@id\":\"https:\\\/\\\/estrellaaesthetics.com\\\/es\\\/#website\"},\"datePublished\":\"2014-04-22T19:32:50+00:00\",\"dateModified\":\"2022-04-05T17:48:00+00:00\",\"description\":\"Implantes de P\u00f3mulos en Corona por uno de los mejores cirujanos est\u00e9tico faciales certificados. Llamar al (951) 356-1207\",\"breadcrumb\":{\"@id\":\"https:\\\/\\\/estrellaaesthetics.com\\\/es\\\/cirugia-estetica-facial\\\/implantes-de-pomulos\\\/#breadcrumb\"},\"inLanguage\":\"es\",\"potentialAction\":[{\"@type\":\"ReadAction\",\"target\":[\"https:\\\/\\\/estrellaaesthetics.com\\\/es\\\/cirugia-estetica-facial\\\/implantes-de-pomulos\\\/\"]}]},{\"@type\":\"BreadcrumbList\",\"@id\":\"https:\\\/\\\/estrellaaesthetics.com\\\/es\\\/cirugia-estetica-facial\\\/implantes-de-pomulos\\\/#breadcrumb\",\"itemListElement\":[{\"@type\":\"ListItem\",\"position\":1,\"name\":\"Procedimientos\",\"item\":\"https:\\\/\\\/estrellaaesthetics.com\\\/es\\\/procedimientos\\\/\"},{\"@type\":\"ListItem\",\"position\":2,\"name\":\"Procedimientos faciales\",\"item\":\"https:\\\/\\\/estrellaaesthetics.com\\\/es\\\/procedimientos-para-la-cara\\\/\"},{\"@type\":\"ListItem\",\"position\":3,\"name\":\"Cirug\u00eda est\u00e9tica facial\",\"item\":\"https:\\\/\\\/estrellaaesthetics.com\\\/es\\\/cirugia-cosmetica-facial\\\/\"},{\"@type\":\"ListItem\",\"position\":4,\"name\":\"Implantes de P\u00f3mulos en Corona\"}]},{\"@type\":\"WebSite\",\"@id\":\"https:\\\/\\\/estrellaaesthetics.com\\\/es\\\/#website\",\"url\":\"https:\\\/\\\/estrellaaesthetics.com\\\/es\\\/\",\"name\":\"Estrella Aesthetics &amp; Surgical Arts - Spanish\",\"description\":\"Estrella Aesthetics &amp; Surgical Arts - Non-Surgical Laser Skin Care Clinic, Botox, Restylane &amp; Dermal Fillers, Corona, California\",\"potentialAction\":[{\"@type\":\"SearchAction\",\"target\":{\"@type\":\"EntryPoint\",\"urlTemplate\":\"https:\\\/\\\/estrellaaesthetics.com\\\/es\\\/?s={search_term_string}\"},\"query-input\":{\"@type\":\"PropertyValueSpecification\",\"valueRequired\":true,\"valueName\":\"search_term_string\"}}],\"inLanguage\":\"es\"}]}<\/script>\n","yoast_head_json":{"title":"Implantes de P\u00f3mulos en Corona","description":"Implantes de P\u00f3mulos en Corona por uno de los mejores cirujanos est\u00e9tico faciales certificados. Llamar al (951) 356-1207","robots":{"index":"index","follow":"follow","max-snippet":"max-snippet:-1","max-image-preview":"max-image-preview:large","max-video-preview":"max-video-preview:-1"},"canonical":"https:\/\/estrellaaesthetics.com\/es\/cirugia-estetica-facial\/implantes-de-pomulos\/","og_locale":"es_ES","og_type":"article","og_title":"Implantes de P\u00f3mulos en Corona","og_description":"Implantes de P\u00f3mulos en Corona por uno de los mejores cirujanos est\u00e9tico faciales certificados. Llamar al (951) 356-1207","og_url":"https:\/\/estrellaaesthetics.com\/es\/cirugia-estetica-facial\/implantes-de-pomulos\/","og_site_name":"Estrella Aesthetics &amp; Surgical Arts - Spanish","article_modified_time":"2022-04-05T17:48:00+00:00","twitter_card":"summary_large_image","twitter_misc":{"Tiempo de lectura":"3 minutos"},"schema":{"@context":"https:\/\/schema.org","@graph":[{"@type":"WebPage","@id":"https:\/\/estrellaaesthetics.com\/es\/cirugia-estetica-facial\/implantes-de-pomulos\/","url":"https:\/\/estrellaaesthetics.com\/es\/cirugia-estetica-facial\/implantes-de-pomulos\/","name":"Implantes de P\u00f3mulos en Corona","isPartOf":{"@id":"https:\/\/estrellaaesthetics.com\/es\/#website"},"datePublished":"2014-04-22T19:32:50+00:00","dateModified":"2022-04-05T17:48:00+00:00","description":"Implantes de P\u00f3mulos en Corona por uno de los mejores cirujanos est\u00e9tico faciales certificados. Llamar al (951) 356-1207","breadcrumb":{"@id":"https:\/\/estrellaaesthetics.com\/es\/cirugia-estetica-facial\/implantes-de-pomulos\/#breadcrumb"},"inLanguage":"es","potentialAction":[{"@type":"ReadAction","target":["https:\/\/estrellaaesthetics.com\/es\/cirugia-estetica-facial\/implantes-de-pomulos\/"]}]},{"@type":"BreadcrumbList","@id":"https:\/\/estrellaaesthetics.com\/es\/cirugia-estetica-facial\/implantes-de-pomulos\/#breadcrumb","itemListElement":[{"@type":"ListItem","position":1,"name":"Procedimientos","item":"https:\/\/estrellaaesthetics.com\/es\/procedimientos\/"},{"@type":"ListItem","position":2,"name":"Procedimientos faciales","item":"https:\/\/estrellaaesthetics.com\/es\/procedimientos-para-la-cara\/"},{"@type":"ListItem","position":3,"name":"Cirug\u00eda est\u00e9tica facial","item":"https:\/\/estrellaaesthetics.com\/es\/cirugia-cosmetica-facial\/"},{"@type":"ListItem","position":4,"name":"Implantes de P\u00f3mulos en Corona"}]},{"@type":"WebSite","@id":"https:\/\/estrellaaesthetics.com\/es\/#website","url":"https:\/\/estrellaaesthetics.com\/es\/","name":"Estrella Aesthetics &amp; Surgical Arts - Spanish","description":"Estrella Aesthetics &amp; Surgical Arts - Non-Surgical Laser Skin Care Clinic, Botox, Restylane &amp; Dermal Fillers, Corona, California","potentialAction":[{"@type":"SearchAction","target":{"@type":"EntryPoint","urlTemplate":"https:\/\/estrellaaesthetics.com\/es\/?s={search_term_string}"},"query-input":{"@type":"PropertyValueSpecification","valueRequired":true,"valueName":"search_term_string"}}],"inLanguage":"es"}]}},"_links":{"self":[{"href":"https:\/\/estrellaaesthetics.com\/es\/wp-json\/wp\/v2\/pages\/4355","targetHints":{"allow":["GET"]}}],"collection":[{"href":"https:\/\/estrellaaesthetics.com\/es\/wp-json\/wp\/v2\/pages"}],"about":[{"href":"https:\/\/estrellaaesthetics.com\/es\/wp-json\/wp\/v2\/types\/page"}],"author":[{"embeddable":true,"href":"https:\/\/estrellaaesthetics.com\/es\/wp-json\/wp\/v2\/users\/4"}],"replies":[{"embeddable":true,"href":"https:\/\/estrellaaesthetics.com\/es\/wp-json\/wp\/v2\/comments?post=4355"}],"version-history":[{"count":0,"href":"https:\/\/estrellaaesthetics.com\/es\/wp-json\/wp\/v2\/pages\/4355\/revisions"}],"up":[{"embeddable":true,"href":"https:\/\/estrellaaesthetics.com\/es\/wp-json\/wp\/v2\/pages\/2720"}],"wp:attachment":[{"href":"https:\/\/estrellaaesthetics.com\/es\/wp-json\/wp\/v2\/media?parent=4355"}],"curies":[{"name":"wp","href":"https:\/\/api.w.org\/{rel}","templated":true}]}}