{"id":4307,"date":"2014-02-27T22:26:25","date_gmt":"2014-02-27T22:26:25","guid":{"rendered":"http:\/\/estrellaaesthetics.com\/es\/?page_id=4307"},"modified":"2022-04-05T10:48:47","modified_gmt":"2022-04-05T17:48:47","slug":"jefa-de-enfermeria-judi-castro-rn-mep-c-aprn-cac","status":"publish","type":"page","link":"https:\/\/estrellaaesthetics.com\/es\/quienes-somos\/judi-castro","title":{"rendered":"Judi Castro, RN, MEP-C, CAC"},"content":{"rendered":"<h1>Conozca a Judi Castro, RN, MEP-C, CAC<\/h1>\n<p><img data-src=\"\/es\/wp-content\/uploads\/sites\/2\/2019\/11\/judi-castro.jpg\" alt=\"Judi Castro, RN, MEP-C, CAC\" width=\"400\" height=\"383\" class=\"alignleft size-full wp-image-7165 lazy-load\" \/><br \/>\n* Enfermera Profesional Registrada en el Estado de California<br \/>\n* Especialista Certificada en Laser, Scition, Syneron, Med-Lite<br \/>\n* Certificada por: Aesthetic Enhancement Instituto de Est\u00e9tica facial<br \/>\n* Miembro de: A.A.M.E.P. ~ Academia Americana de Profesionales de Medicina Est\u00e9tica<br \/>\n* Miembro de: Academia Americana de Medicina Est\u00e9tica<\/p>\n<p>Judi Castro RN, MEP-C, CAC tiene una amplia experiencia cl\u00ednica con procedimientos de rejuvenecimiento de la piel basados en l\u00e1ser, tratamientos avanzados del cuidado de la piel; Botox y los rellenos d\u00e9rmicos. En sus 17 a\u00f1os de practicar procedimientos est\u00e9ticos, la Sra. Castro ha realizado miles de tratamientos de rejuvenecimiento facial no quir\u00fargico para clientes satisfechos. La educaci\u00f3n y actualizaci\u00f3n permanente es fundamental en este campo de la tecnolog\u00eda de vanguardia, y la Sra. Castro, Instructora Est\u00e9tica Certificada participa regularmente en la formaci\u00f3n avanzada proporcionada por los fabricantes de l\u00e1ser, las asociaciones m\u00e9dicas y grupos m\u00e9dicos. Ha asistido a los siguientes cursos:<\/p>\n<p>Formaci\u00f3n Avanzada en:<\/p>\n<ul>\n<li>T\u00e9cnicas de Inyecci\u00f3n Avanzada con Botox y Dysport<\/li>\n<li>Certificaci\u00f3n Avanzada en Vaser Lipo, de alto volumen de transferencia de grasa con Vaser, Lipolite Liposucci\u00f3n sin cirug\u00eda y en la mejora de la celulitis<\/li>\n<li>T\u00e9cnicas de Avanzada de inyecci\u00f3n de relleno d\u00e9rmico presentados por Artefill<\/li>\n<li>Certificado de formaci\u00f3n en FotoFacial RF \u2122, Pro Aurora, Polaris, Gallaxy, E-Max, E-l\u00e1ser y la tecnolog\u00eda E-Light, laxitud Terapia Vector y procedimientos Wrinklelite \u00ae<\/li>\n<\/ul>\n<p>Certificaciones de Avanzada:<\/p>\n<ul>\n<li>Certificada en Medicina Est\u00e9tica Profesional: MEP-C \u2013 por sus siglas en ingl\u00e9s<\/li>\n<li>Consultora Est\u00e9tica Certificada: CAC \u2013 por sus siglas en ingl\u00e9s<\/li>\n<li>Enfermera Registrada en Pr\u00e1cticas Avanzadas: APRN \u2013 por sus siglas en ingl\u00e9s<\/li>\n<\/ul>\n<p>Antes de su pr\u00e1ctica en el campo de la est\u00e9tica, la Sra. Castro practic\u00f3 enfermer\u00eda de cuidados intensivos, lo que implic\u00f3 el uso diario de alta tecnolog\u00eda, procedimientos para salvar vidas en el cuidado de los pacientes con enfermedades agudas.<\/p>\n<h2>Estrella Aesthetics &amp; Surgical Art<\/h2>\n<h5>2550 Tuscany St<\/h5>\n<p>Suite #103<br \/>\nCorona, CA 92881<br \/>\n<strong><a href=\"tel:+19513561207\" onclick=\"sendEventToGoogle('Content', '\/es\/wp-json\/wp\/v2\/pages\/4307', '+19513561207');\">(951) 356-1207<\/a><\/strong><\/p>\n<h2>Horario de Atenci\u00f3n<\/h2>\r\n<h5>Lunes a Viernes: 10.00am a 7.00pm<\/h5>\r\n<h5>S\u00e1bado: 10.00am a 5.00pm<\/h5>\r\n<h5>Domingos Cerrados<\/h5>\n","protected":false},"excerpt":{"rendered":"<p>Conozca a Judi Castro, RN, MEP-C, CAC * Enfermera Profesional Registrada en el Estado de California * Especialista Certificada en Laser, Scition, Syneron, Med-Lite * Certificada por: Aesthetic Enhancement Instituto de Est\u00e9tica facial * Miembro de: A.A.M.E.P. ~ Academia Americana de Profesionales de Medicina Est\u00e9tica * Miembro de: Academia Americana de Medicina Est\u00e9tica Judi Castro&#8230; <a class=\"more-link\" href=\"https:\/\/estrellaaesthetics.com\/es\/quienes-somos\/judi-castro\">[Read More]<\/a><\/p>\n","protected":false},"author":4,"featured_media":0,"parent":0,"menu_order":0,"comment_status":"open","ping_status":"open","template":"","meta":{"_acf_changed":false,"inline_featured_image":false,"_genesis_hide_title":false,"_genesis_hide_breadcrumbs":false,"_genesis_hide_singular_image":false,"_genesis_hide_footer_widgets":false,"_genesis_custom_body_class":"","_genesis_custom_post_class":"","_genesis_layout":"","footnotes":""},"class_list":{"0":"post-4307","1":"page","2":"type-page","3":"status-publish","5":"entry","6":"has-post-thumbnail"},"acf":[],"yoast_head":"\n<title>Jefa de Enfermer\u00eda: Judi Castro, RN - Corona, CA<\/title>\n<meta name=\"description\" content=\"Judi Castro RN, es la Jefa de Enfermer\u00eda de Estrella Aesthetic &amp; Surgical Arts. Llame para su consulta por tratamientos avanzados del cuidado de la piel.\" \/>\n<meta name=\"robots\" content=\"index, follow, max-snippet:-1, max-image-preview:large, max-video-preview:-1\" \/>\n<link rel=\"canonical\" href=\"https:\/\/estrellaaesthetics.com\/es\/quienes-somos\/judi-castro\/\" \/>\n<meta property=\"og:locale\" content=\"es_ES\" \/>\n<meta property=\"og:type\" content=\"article\" \/>\n<meta property=\"og:title\" content=\"Jefa de Enfermer\u00eda: Judi Castro, RN - Corona, CA\" \/>\n<meta property=\"og:description\" content=\"Judi Castro RN, es la Jefa de Enfermer\u00eda de Estrella Aesthetic &amp; Surgical Arts. Llame para su consulta por tratamientos avanzados del cuidado de la piel.\" \/>\n<meta property=\"og:url\" content=\"https:\/\/estrellaaesthetics.com\/es\/quienes-somos\/judi-castro\/\" \/>\n<meta property=\"og:site_name\" content=\"Estrella Aesthetics &amp; Surgical Arts - Spanish\" \/>\n<meta property=\"article:modified_time\" content=\"2022-04-05T17:48:47+00:00\" \/>\n<meta property=\"og:image\" content=\"https:\/\/estrellaaesthetics.com\/es\/wp-content\/uploads\/sites\/2\/2019\/11\/judi-castro.jpg\" \/>\n<meta name=\"twitter:card\" content=\"summary_large_image\" \/>\n<meta name=\"twitter:label1\" content=\"Tiempo de lectura\" \/>\n\t<meta name=\"twitter:data1\" content=\"2 minutos\" \/>\n<script type=\"application\/ld+json\" class=\"yoast-schema-graph\">{\"@context\":\"https:\/\/schema.org\",\"@graph\":[{\"@type\":\"WebPage\",\"@id\":\"https:\/\/estrellaaesthetics.com\/es\/quienes-somos\/judi-castro\/\",\"url\":\"https:\/\/estrellaaesthetics.com\/es\/quienes-somos\/judi-castro\/\",\"name\":\"Jefa de Enfermer\u00eda: Judi Castro, RN - Corona, CA\",\"isPartOf\":{\"@id\":\"https:\/\/estrellaaesthetics.com\/es\/#website\"},\"datePublished\":\"2014-02-27T22:26:25+00:00\",\"dateModified\":\"2022-04-05T17:48:47+00:00\",\"description\":\"Judi Castro RN, es la Jefa de Enfermer\u00eda de Estrella Aesthetic & Surgical Arts. Llame para su consulta por tratamientos avanzados del cuidado de la piel.\",\"inLanguage\":\"es\",\"potentialAction\":[{\"@type\":\"ReadAction\",\"target\":[\"https:\/\/estrellaaesthetics.com\/es\/quienes-somos\/judi-castro\/\"]}]},{\"@type\":\"WebSite\",\"@id\":\"https:\/\/estrellaaesthetics.com\/es\/#website\",\"url\":\"https:\/\/estrellaaesthetics.com\/es\/\",\"name\":\"Estrella Aesthetics &amp; Surgical Arts - Spanish\",\"description\":\"Estrella Aesthetics &amp; Surgical Arts - Non-Surgical Laser Skin Care Clinic, Botox, Restylane &amp; Dermal Fillers, Corona, California\",\"potentialAction\":[{\"@type\":\"SearchAction\",\"target\":{\"@type\":\"EntryPoint\",\"urlTemplate\":\"https:\/\/estrellaaesthetics.com\/es\/?s={search_term_string}\"},\"query-input\":{\"@type\":\"PropertyValueSpecification\",\"valueRequired\":true,\"valueName\":\"search_term_string\"}}],\"inLanguage\":\"es\"}]}<\/script>\n","yoast_head_json":{"title":"Jefa de Enfermer\u00eda: Judi Castro, RN - Corona, CA","description":"Judi Castro RN, es la Jefa de Enfermer\u00eda de Estrella Aesthetic & Surgical Arts. Llame para su consulta por tratamientos avanzados del cuidado de la piel.","robots":{"index":"index","follow":"follow","max-snippet":"max-snippet:-1","max-image-preview":"max-image-preview:large","max-video-preview":"max-video-preview:-1"},"canonical":"https:\/\/estrellaaesthetics.com\/es\/quienes-somos\/judi-castro\/","og_locale":"es_ES","og_type":"article","og_title":"Jefa de Enfermer\u00eda: Judi Castro, RN - Corona, CA","og_description":"Judi Castro RN, es la Jefa de Enfermer\u00eda de Estrella Aesthetic & Surgical Arts. Llame para su consulta por tratamientos avanzados del cuidado de la piel.","og_url":"https:\/\/estrellaaesthetics.com\/es\/quienes-somos\/judi-castro\/","og_site_name":"Estrella Aesthetics &amp; Surgical Arts - Spanish","article_modified_time":"2022-04-05T17:48:47+00:00","og_image":[{"url":"https:\/\/estrellaaesthetics.com\/es\/wp-content\/uploads\/sites\/2\/2019\/11\/judi-castro.jpg","type":"","width":"","height":""}],"twitter_card":"summary_large_image","twitter_misc":{"Tiempo de lectura":"2 minutos"},"schema":{"@context":"https:\/\/schema.org","@graph":[{"@type":"WebPage","@id":"https:\/\/estrellaaesthetics.com\/es\/quienes-somos\/judi-castro\/","url":"https:\/\/estrellaaesthetics.com\/es\/quienes-somos\/judi-castro\/","name":"Jefa de Enfermer\u00eda: Judi Castro, RN - Corona, CA","isPartOf":{"@id":"https:\/\/estrellaaesthetics.com\/es\/#website"},"datePublished":"2014-02-27T22:26:25+00:00","dateModified":"2022-04-05T17:48:47+00:00","description":"Judi Castro RN, es la Jefa de Enfermer\u00eda de Estrella Aesthetic & Surgical Arts. Llame para su consulta por tratamientos avanzados del cuidado de la piel.","inLanguage":"es","potentialAction":[{"@type":"ReadAction","target":["https:\/\/estrellaaesthetics.com\/es\/quienes-somos\/judi-castro\/"]}]},{"@type":"WebSite","@id":"https:\/\/estrellaaesthetics.com\/es\/#website","url":"https:\/\/estrellaaesthetics.com\/es\/","name":"Estrella Aesthetics &amp; Surgical Arts - Spanish","description":"Estrella Aesthetics &amp; Surgical Arts - Non-Surgical Laser Skin Care Clinic, Botox, Restylane &amp; Dermal Fillers, Corona, California","potentialAction":[{"@type":"SearchAction","target":{"@type":"EntryPoint","urlTemplate":"https:\/\/estrellaaesthetics.com\/es\/?s={search_term_string}"},"query-input":{"@type":"PropertyValueSpecification","valueRequired":true,"valueName":"search_term_string"}}],"inLanguage":"es"}]}},"_links":{"self":[{"href":"https:\/\/estrellaaesthetics.com\/es\/wp-json\/wp\/v2\/pages\/4307","targetHints":{"allow":["GET"]}}],"collection":[{"href":"https:\/\/estrellaaesthetics.com\/es\/wp-json\/wp\/v2\/pages"}],"about":[{"href":"https:\/\/estrellaaesthetics.com\/es\/wp-json\/wp\/v2\/types\/page"}],"author":[{"embeddable":true,"href":"https:\/\/estrellaaesthetics.com\/es\/wp-json\/wp\/v2\/users\/4"}],"replies":[{"embeddable":true,"href":"https:\/\/estrellaaesthetics.com\/es\/wp-json\/wp\/v2\/comments?post=4307"}],"version-history":[{"count":0,"href":"https:\/\/estrellaaesthetics.com\/es\/wp-json\/wp\/v2\/pages\/4307\/revisions"}],"wp:attachment":[{"href":"https:\/\/estrellaaesthetics.com\/es\/wp-json\/wp\/v2\/media?parent=4307"}],"curies":[{"name":"wp","href":"https:\/\/api.w.org\/{rel}","templated":true}]}}