{"id":4179,"date":"2014-02-25T16:32:12","date_gmt":"2014-02-25T16:32:12","guid":{"rendered":"http:\/\/estrellaaesthetics.com\/es\/?page_id=4179"},"modified":"2022-04-05T10:51:22","modified_gmt":"2022-04-05T17:51:22","slug":"procedimientos-invasivos-para-el-cuerpo-del-equipo-de-estrella-aesthetics","status":"publish","type":"page","link":"https:\/\/estrellaaesthetics.com\/es\/procedimientos-corporales-no-invasivos\/","title":{"rendered":"Procedimientos no invasivos para el cuerpo del Equipo de Estrella Aesthetics."},"content":{"rendered":"<h1>Procedimientos no invasivos para el cuerpo del Equipo de Estrella Aesthetics.<\/h1>\n<h3>Rahil Khan, M.D.<br>Estrella Aesthetics & Surgical Arts<br>Corona, California<\/h3>\n<p>Para optimizar nuestra apariencia corporal, existen m\u00e9todos no quir\u00fargicos que pueden producir un contorno agradable del cuerpo, en un tiempo m\u00ednimo requerido de inactividad, y con poca o incluso ninguna molestia corporal utilizando procedimientos que suelen tomar entre 3-6 tratamientos para obtener un resultado exitoso:<\/p>\n<p>\n1. Contorneado Corporal (eliminaci\u00f3n de grasa)<\/br><br \/>\na. VASERshape<\/br><br \/>\nb. Tite FX<\/br>\n<\/p>\n<p>\n2. Tratamientos para la celulitis<\/br><br \/>\na. Endermologie<\/br><br \/>\nb. Velashape<\/br><br \/>\nc. VASERshape<\/br>\n<\/p>\n<p>\n3.Estiramiento de la piel<\/br><br \/>\na. Skin Tyte<\/br><br \/>\nb. VASERshape<\/br><br \/>\nc. Combinaci\u00f3n de rejuvenecimiento de la piel<\/br>\n<\/p>\n<h2>Estrella Aesthetics &amp; Surgical Art<\/h2>\n<h5>2550 Tuscany St<\/h5>\n<p>Suite #103<br \/>\nCorona, CA 92881<br \/>\n<strong><a href=\"tel:+19513561207\" onclick=\"sendEventToGoogle('Content', '\/es\/wp-json\/wp\/v2\/pages\/4179', '+19513561207');\">(951) 356-1207<\/a><\/strong><\/p>\n<h2>Horario de Atenci\u00f3n<\/h2>\r\n<h5>Lunes a Viernes: 10.00am a 7.00pm<\/h5>\r\n<h5>S\u00e1bado: 10.00am a 5.00pm<\/h5>\r\n<h5>Domingos Cerrados<\/h5>\n","protected":false},"excerpt":{"rendered":"<p>Procedimientos no invasivos para el cuerpo del Equipo de Estrella Aesthetics. Para optimizar nuestra apariencia corporal, existen m\u00e9todos no quir\u00fargicos que pueden producir un contorno agradable del cuerpo, en un tiempo m\u00ednimo requerido de inactividad, y con poca o incluso ninguna molestia corporal utilizando procedimientos que suelen tomar entre 3-6 tratamientos para obtener un resultado&#8230; <a class=\"more-link\" href=\"https:\/\/estrellaaesthetics.com\/es\/procedimientos-corporales-no-invasivos\/\">[Read More]<\/a><\/p>\n","protected":false},"author":4,"featured_media":0,"parent":0,"menu_order":0,"comment_status":"open","ping_status":"open","template":"","meta":{"_acf_changed":false,"inline_featured_image":false,"_genesis_hide_title":false,"_genesis_hide_breadcrumbs":false,"_genesis_hide_singular_image":false,"_genesis_hide_footer_widgets":false,"_genesis_custom_body_class":"","_genesis_custom_post_class":"","_genesis_layout":"","footnotes":""},"class_list":{"0":"post-4179","1":"page","2":"type-page","3":"status-publish","5":"entry"},"acf":[],"yoast_head":"\n<title>Procedimientos no invasivos para el cuerpo, Corona (Ca)<\/title>\n<meta name=\"description\" content=\"Para optimizar nuestra apariencia corporal, existen m\u00e9todos no quir\u00fargicos que pueden producir un contorno agradable del cuerpo. Llamar al (951) 356-1207\" \/>\n<meta name=\"robots\" content=\"index, follow, max-snippet:-1, max-image-preview:large, max-video-preview:-1\" \/>\n<link rel=\"canonical\" href=\"https:\/\/estrellaaesthetics.com\/es\/procedimientos-corporales-no-invasivos\/\" \/>\n<meta property=\"og:locale\" content=\"es_ES\" \/>\n<meta property=\"og:type\" content=\"article\" \/>\n<meta property=\"og:title\" content=\"Procedimientos no invasivos para el cuerpo, Corona (Ca)\" \/>\n<meta property=\"og:description\" content=\"Para optimizar nuestra apariencia corporal, existen m\u00e9todos no quir\u00fargicos que pueden producir un contorno agradable del cuerpo. Llamar al (951) 356-1207\" \/>\n<meta property=\"og:url\" content=\"https:\/\/estrellaaesthetics.com\/es\/procedimientos-corporales-no-invasivos\/\" \/>\n<meta property=\"og:site_name\" content=\"Estrella Aesthetics &amp; Surgical Arts - Spanish\" \/>\n<meta property=\"article:modified_time\" content=\"2022-04-05T17:51:22+00:00\" \/>\n<meta name=\"twitter:card\" content=\"summary_large_image\" \/>\n<meta name=\"twitter:label1\" content=\"Tiempo de lectura\" \/>\n\t<meta name=\"twitter:data1\" content=\"1 minuto\" \/>\n<script type=\"application\/ld+json\" class=\"yoast-schema-graph\">{\"@context\":\"https:\\\/\\\/schema.org\",\"@graph\":[{\"@type\":\"WebPage\",\"@id\":\"https:\\\/\\\/estrellaaesthetics.com\\\/es\\\/procedimientos-corporales-no-invasivos\\\/\",\"url\":\"https:\\\/\\\/estrellaaesthetics.com\\\/es\\\/procedimientos-corporales-no-invasivos\\\/\",\"name\":\"Procedimientos no invasivos para el cuerpo, Corona (Ca)\",\"isPartOf\":{\"@id\":\"https:\\\/\\\/estrellaaesthetics.com\\\/es\\\/#website\"},\"datePublished\":\"2014-02-25T16:32:12+00:00\",\"dateModified\":\"2022-04-05T17:51:22+00:00\",\"description\":\"Para optimizar nuestra apariencia corporal, existen m\u00e9todos no quir\u00fargicos que pueden producir un contorno agradable del cuerpo. Llamar al (951) 356-1207\",\"inLanguage\":\"es\",\"potentialAction\":[{\"@type\":\"ReadAction\",\"target\":[\"https:\\\/\\\/estrellaaesthetics.com\\\/es\\\/procedimientos-corporales-no-invasivos\\\/\"]}]},{\"@type\":\"WebSite\",\"@id\":\"https:\\\/\\\/estrellaaesthetics.com\\\/es\\\/#website\",\"url\":\"https:\\\/\\\/estrellaaesthetics.com\\\/es\\\/\",\"name\":\"Estrella Aesthetics &amp; Surgical Arts - Spanish\",\"description\":\"Estrella Aesthetics &amp; Surgical Arts - Non-Surgical Laser Skin Care Clinic, Botox, Restylane &amp; Dermal Fillers, Corona, California\",\"potentialAction\":[{\"@type\":\"SearchAction\",\"target\":{\"@type\":\"EntryPoint\",\"urlTemplate\":\"https:\\\/\\\/estrellaaesthetics.com\\\/es\\\/?s={search_term_string}\"},\"query-input\":{\"@type\":\"PropertyValueSpecification\",\"valueRequired\":true,\"valueName\":\"search_term_string\"}}],\"inLanguage\":\"es\"}]}<\/script>\n","yoast_head_json":{"title":"Procedimientos no invasivos para el cuerpo, Corona (Ca)","description":"Para optimizar nuestra apariencia corporal, existen m\u00e9todos no quir\u00fargicos que pueden producir un contorno agradable del cuerpo. Llamar al (951) 356-1207","robots":{"index":"index","follow":"follow","max-snippet":"max-snippet:-1","max-image-preview":"max-image-preview:large","max-video-preview":"max-video-preview:-1"},"canonical":"https:\/\/estrellaaesthetics.com\/es\/procedimientos-corporales-no-invasivos\/","og_locale":"es_ES","og_type":"article","og_title":"Procedimientos no invasivos para el cuerpo, Corona (Ca)","og_description":"Para optimizar nuestra apariencia corporal, existen m\u00e9todos no quir\u00fargicos que pueden producir un contorno agradable del cuerpo. Llamar al (951) 356-1207","og_url":"https:\/\/estrellaaesthetics.com\/es\/procedimientos-corporales-no-invasivos\/","og_site_name":"Estrella Aesthetics &amp; Surgical Arts - Spanish","article_modified_time":"2022-04-05T17:51:22+00:00","twitter_card":"summary_large_image","twitter_misc":{"Tiempo de lectura":"1 minuto"},"schema":{"@context":"https:\/\/schema.org","@graph":[{"@type":"WebPage","@id":"https:\/\/estrellaaesthetics.com\/es\/procedimientos-corporales-no-invasivos\/","url":"https:\/\/estrellaaesthetics.com\/es\/procedimientos-corporales-no-invasivos\/","name":"Procedimientos no invasivos para el cuerpo, Corona (Ca)","isPartOf":{"@id":"https:\/\/estrellaaesthetics.com\/es\/#website"},"datePublished":"2014-02-25T16:32:12+00:00","dateModified":"2022-04-05T17:51:22+00:00","description":"Para optimizar nuestra apariencia corporal, existen m\u00e9todos no quir\u00fargicos que pueden producir un contorno agradable del cuerpo. Llamar al (951) 356-1207","inLanguage":"es","potentialAction":[{"@type":"ReadAction","target":["https:\/\/estrellaaesthetics.com\/es\/procedimientos-corporales-no-invasivos\/"]}]},{"@type":"WebSite","@id":"https:\/\/estrellaaesthetics.com\/es\/#website","url":"https:\/\/estrellaaesthetics.com\/es\/","name":"Estrella Aesthetics &amp; Surgical Arts - Spanish","description":"Estrella Aesthetics &amp; Surgical Arts - Non-Surgical Laser Skin Care Clinic, Botox, Restylane &amp; Dermal Fillers, Corona, California","potentialAction":[{"@type":"SearchAction","target":{"@type":"EntryPoint","urlTemplate":"https:\/\/estrellaaesthetics.com\/es\/?s={search_term_string}"},"query-input":{"@type":"PropertyValueSpecification","valueRequired":true,"valueName":"search_term_string"}}],"inLanguage":"es"}]}},"_links":{"self":[{"href":"https:\/\/estrellaaesthetics.com\/es\/wp-json\/wp\/v2\/pages\/4179","targetHints":{"allow":["GET"]}}],"collection":[{"href":"https:\/\/estrellaaesthetics.com\/es\/wp-json\/wp\/v2\/pages"}],"about":[{"href":"https:\/\/estrellaaesthetics.com\/es\/wp-json\/wp\/v2\/types\/page"}],"author":[{"embeddable":true,"href":"https:\/\/estrellaaesthetics.com\/es\/wp-json\/wp\/v2\/users\/4"}],"replies":[{"embeddable":true,"href":"https:\/\/estrellaaesthetics.com\/es\/wp-json\/wp\/v2\/comments?post=4179"}],"version-history":[{"count":0,"href":"https:\/\/estrellaaesthetics.com\/es\/wp-json\/wp\/v2\/pages\/4179\/revisions"}],"wp:attachment":[{"href":"https:\/\/estrellaaesthetics.com\/es\/wp-json\/wp\/v2\/media?parent=4179"}],"curies":[{"name":"wp","href":"https:\/\/api.w.org\/{rel}","templated":true}]}}