{"id":4177,"date":"2014-02-25T16:22:55","date_gmt":"2014-02-25T16:22:55","guid":{"rendered":"http:\/\/estrellaaesthetics.com\/es\/?page_id=4177"},"modified":"2022-04-05T10:52:45","modified_gmt":"2022-04-05T17:52:45","slug":"tratamientos-dermicos-no-invasivos","status":"publish","type":"page","link":"https:\/\/estrellaaesthetics.com\/es\/tratamientos-dermicos-no-invasivos\/","title":{"rendered":"Tratamientos D\u00e9rmicos No Invasivos"},"content":{"rendered":"<h1>Tratamientos D\u00e9rmicos No Invasivos<\/h1>\n<p><h3>Rahil Khan, M.D.<br>Estrella Aesthetics & Surgical Arts<br>Corona, California<\/h3><br \/>\nConozca todos los procedimientos no invasivos ofrecidos por parte de Estrella Aesthetics &amp; Surgical Arts y realizados por nuestro <a title=\"Estrella Aesthetic team\" href=\"\/es\/quienes-somos\/nuestro-equipo\/\" target=\"_blank\" rel=\"noopener noreferrer\">equipo estelar de cirug\u00eda est\u00e9tica<\/a>:<\/p>\n<ul>\n<li><a href=\"\/es\/tratamientos-dermicos-no-invasivos\/rejuvenecimiento-de-la-piel\/\">Combinaci\u00f3n de rejuvenecimiento de la piel (Trinity Skin Series)<\/a><\/li>\n<li>Punci\u00f3n Dermal (Micropen)<\/li>\n<li><a href=\"\/es\/tratamientos-dermicos-no-invasivos\/mejorar-pigmentacion\/\">Procedimientos para mejorar la pigmentaci\u00f3n<\/a><\/li>\n<li><a href=\"\/es\/tratamientos-dermicos-no-invasivos\/estiramiento-de-la-piel\/\">Estiramiento de la piel<\/a><\/li>\n<li><a href=\"\/es\/tratamientos-dermicos-no-invasivos\/vampire-facelift\/\">Vampire Facelift \u2013Levantamiento Facial tipo vampiro- (Lift Ageless) Tratamiento de plasma rico en plaquetas<\/a><\/li>\n<li><a href=\"\/es\/tratamientos-dermicos-no-invasivos\/vampire-facial\/\">Vampire facial \u2013Levantamiento facial tipo vampiro- (Ageless facial) Tratamiento de pigmentaci\u00f3n con Plasma Rico en Plaquetas<\/a><\/li>\n<li>Terapia de Venas<\/li>\n<li><a href=\"\/es\/tratamientos-dermicos-no-invasivos\/anti-arrugas\/\">Tratamientos para las arrugas<\/a><\/li>\n<\/ul>\n<h2>Estrella Aesthetics &amp; Surgical Art<\/h2>\n<h5>2550 Tuscany St<\/h5>\n<p>Suite #103<br \/>\nCorona, CA 92881<br \/>\n<strong><a href=\"tel:+19513561207\" onclick=\"sendEventToGoogle('Content', '\/es\/wp-json\/wp\/v2\/pages\/4177', '+19513561207');\">(951) 356-1207<\/a><\/strong><\/p>\n<h2>Horario de Atenci\u00f3n<\/h2>\r\n<h5>Lunes a Viernes: 10.00am a 7.00pm<\/h5>\r\n<h5>S\u00e1bado: 10.00am a 5.00pm<\/h5>\r\n<h5>Domingos Cerrados<\/h5>\n","protected":false},"excerpt":{"rendered":"<p>Tratamientos D\u00e9rmicos No Invasivos Conozca todos los procedimientos no invasivos ofrecidos por parte de Estrella Aesthetics &amp; Surgical Arts y realizados por nuestro equipo estelar de cirug\u00eda est\u00e9tica: Combinaci\u00f3n de rejuvenecimiento de la piel (Trinity Skin Series) Punci\u00f3n Dermal (Micropen) Procedimientos para mejorar la pigmentaci\u00f3n Estiramiento de la piel Vampire Facelift \u2013Levantamiento Facial tipo vampiro-&#8230; <a class=\"more-link\" href=\"https:\/\/estrellaaesthetics.com\/es\/tratamientos-dermicos-no-invasivos\/\">[Read More]<\/a><\/p>\n","protected":false},"author":4,"featured_media":0,"parent":0,"menu_order":0,"comment_status":"open","ping_status":"open","template":"","meta":{"_acf_changed":false,"inline_featured_image":false,"_genesis_hide_title":false,"_genesis_hide_breadcrumbs":false,"_genesis_hide_singular_image":false,"_genesis_hide_footer_widgets":false,"_genesis_custom_body_class":"","_genesis_custom_post_class":"","_genesis_layout":"","footnotes":""},"class_list":{"0":"post-4177","1":"page","2":"type-page","3":"status-publish","5":"entry"},"acf":[],"yoast_head":"\n<title>Tratamientos Dermicos No Invasivos - Estrella Aesthetics<\/title>\n<meta name=\"description\" content=\"Conozca todos los Tratamientos Dermicos No Invasivos ofrecidos por parte de Estrella Aesthetics &amp; Surgical Arts y realizados por nuestro equipo estelar de cirug\u00eda est\u00e9tica:\" \/>\n<meta name=\"robots\" content=\"index, follow, max-snippet:-1, max-image-preview:large, max-video-preview:-1\" \/>\n<link rel=\"canonical\" href=\"https:\/\/estrellaaesthetics.com\/es\/tratamientos-dermicos-no-invasivos\/\" \/>\n<meta property=\"og:locale\" content=\"es_ES\" \/>\n<meta property=\"og:type\" content=\"article\" \/>\n<meta property=\"og:title\" content=\"Tratamientos Dermicos No Invasivos - Estrella Aesthetics\" \/>\n<meta property=\"og:description\" content=\"Conozca todos los Tratamientos Dermicos No Invasivos ofrecidos por parte de Estrella Aesthetics &amp; Surgical Arts y realizados por nuestro equipo estelar de cirug\u00eda est\u00e9tica:\" \/>\n<meta property=\"og:url\" content=\"https:\/\/estrellaaesthetics.com\/es\/tratamientos-dermicos-no-invasivos\/\" \/>\n<meta property=\"og:site_name\" content=\"Estrella Aesthetics &amp; Surgical Arts - Spanish\" \/>\n<meta property=\"article:modified_time\" content=\"2022-04-05T17:52:45+00:00\" \/>\n<meta name=\"twitter:card\" content=\"summary_large_image\" \/>\n<meta name=\"twitter:label1\" content=\"Tiempo de lectura\" \/>\n\t<meta name=\"twitter:data1\" content=\"1 minuto\" \/>\n<script type=\"application\/ld+json\" class=\"yoast-schema-graph\">{\"@context\":\"https:\\\/\\\/schema.org\",\"@graph\":[{\"@type\":\"WebPage\",\"@id\":\"https:\\\/\\\/estrellaaesthetics.com\\\/es\\\/tratamientos-dermicos-no-invasivos\\\/\",\"url\":\"https:\\\/\\\/estrellaaesthetics.com\\\/es\\\/tratamientos-dermicos-no-invasivos\\\/\",\"name\":\"Tratamientos Dermicos No Invasivos - Estrella Aesthetics\",\"isPartOf\":{\"@id\":\"https:\\\/\\\/estrellaaesthetics.com\\\/es\\\/#website\"},\"datePublished\":\"2014-02-25T16:22:55+00:00\",\"dateModified\":\"2022-04-05T17:52:45+00:00\",\"description\":\"Conozca todos los Tratamientos Dermicos No Invasivos ofrecidos por parte de Estrella Aesthetics & Surgical Arts y realizados por nuestro equipo estelar de cirug\u00eda est\u00e9tica:\",\"inLanguage\":\"es\",\"potentialAction\":[{\"@type\":\"ReadAction\",\"target\":[\"https:\\\/\\\/estrellaaesthetics.com\\\/es\\\/tratamientos-dermicos-no-invasivos\\\/\"]}]},{\"@type\":\"WebSite\",\"@id\":\"https:\\\/\\\/estrellaaesthetics.com\\\/es\\\/#website\",\"url\":\"https:\\\/\\\/estrellaaesthetics.com\\\/es\\\/\",\"name\":\"Estrella Aesthetics &amp; Surgical Arts - Spanish\",\"description\":\"Estrella Aesthetics &amp; Surgical Arts - Non-Surgical Laser Skin Care Clinic, Botox, Restylane &amp; Dermal Fillers, Corona, California\",\"potentialAction\":[{\"@type\":\"SearchAction\",\"target\":{\"@type\":\"EntryPoint\",\"urlTemplate\":\"https:\\\/\\\/estrellaaesthetics.com\\\/es\\\/?s={search_term_string}\"},\"query-input\":{\"@type\":\"PropertyValueSpecification\",\"valueRequired\":true,\"valueName\":\"search_term_string\"}}],\"inLanguage\":\"es\"}]}<\/script>\n","yoast_head_json":{"title":"Tratamientos Dermicos No Invasivos - Estrella Aesthetics","description":"Conozca todos los Tratamientos Dermicos No Invasivos ofrecidos por parte de Estrella Aesthetics & Surgical Arts y realizados por nuestro equipo estelar de cirug\u00eda est\u00e9tica:","robots":{"index":"index","follow":"follow","max-snippet":"max-snippet:-1","max-image-preview":"max-image-preview:large","max-video-preview":"max-video-preview:-1"},"canonical":"https:\/\/estrellaaesthetics.com\/es\/tratamientos-dermicos-no-invasivos\/","og_locale":"es_ES","og_type":"article","og_title":"Tratamientos Dermicos No Invasivos - Estrella Aesthetics","og_description":"Conozca todos los Tratamientos Dermicos No Invasivos ofrecidos por parte de Estrella Aesthetics & Surgical Arts y realizados por nuestro equipo estelar de cirug\u00eda est\u00e9tica:","og_url":"https:\/\/estrellaaesthetics.com\/es\/tratamientos-dermicos-no-invasivos\/","og_site_name":"Estrella Aesthetics &amp; Surgical Arts - Spanish","article_modified_time":"2022-04-05T17:52:45+00:00","twitter_card":"summary_large_image","twitter_misc":{"Tiempo de lectura":"1 minuto"},"schema":{"@context":"https:\/\/schema.org","@graph":[{"@type":"WebPage","@id":"https:\/\/estrellaaesthetics.com\/es\/tratamientos-dermicos-no-invasivos\/","url":"https:\/\/estrellaaesthetics.com\/es\/tratamientos-dermicos-no-invasivos\/","name":"Tratamientos Dermicos No Invasivos - Estrella Aesthetics","isPartOf":{"@id":"https:\/\/estrellaaesthetics.com\/es\/#website"},"datePublished":"2014-02-25T16:22:55+00:00","dateModified":"2022-04-05T17:52:45+00:00","description":"Conozca todos los Tratamientos Dermicos No Invasivos ofrecidos por parte de Estrella Aesthetics & Surgical Arts y realizados por nuestro equipo estelar de cirug\u00eda est\u00e9tica:","inLanguage":"es","potentialAction":[{"@type":"ReadAction","target":["https:\/\/estrellaaesthetics.com\/es\/tratamientos-dermicos-no-invasivos\/"]}]},{"@type":"WebSite","@id":"https:\/\/estrellaaesthetics.com\/es\/#website","url":"https:\/\/estrellaaesthetics.com\/es\/","name":"Estrella Aesthetics &amp; Surgical Arts - Spanish","description":"Estrella Aesthetics &amp; Surgical Arts - Non-Surgical Laser Skin Care Clinic, Botox, Restylane &amp; Dermal Fillers, Corona, California","potentialAction":[{"@type":"SearchAction","target":{"@type":"EntryPoint","urlTemplate":"https:\/\/estrellaaesthetics.com\/es\/?s={search_term_string}"},"query-input":{"@type":"PropertyValueSpecification","valueRequired":true,"valueName":"search_term_string"}}],"inLanguage":"es"}]}},"_links":{"self":[{"href":"https:\/\/estrellaaesthetics.com\/es\/wp-json\/wp\/v2\/pages\/4177","targetHints":{"allow":["GET"]}}],"collection":[{"href":"https:\/\/estrellaaesthetics.com\/es\/wp-json\/wp\/v2\/pages"}],"about":[{"href":"https:\/\/estrellaaesthetics.com\/es\/wp-json\/wp\/v2\/types\/page"}],"author":[{"embeddable":true,"href":"https:\/\/estrellaaesthetics.com\/es\/wp-json\/wp\/v2\/users\/4"}],"replies":[{"embeddable":true,"href":"https:\/\/estrellaaesthetics.com\/es\/wp-json\/wp\/v2\/comments?post=4177"}],"version-history":[{"count":0,"href":"https:\/\/estrellaaesthetics.com\/es\/wp-json\/wp\/v2\/pages\/4177\/revisions"}],"wp:attachment":[{"href":"https:\/\/estrellaaesthetics.com\/es\/wp-json\/wp\/v2\/media?parent=4177"}],"curies":[{"name":"wp","href":"https:\/\/api.w.org\/{rel}","templated":true}]}}