{"id":4096,"date":"2014-02-20T21:39:46","date_gmt":"2014-02-20T21:39:46","guid":{"rendered":"http:\/\/estrellaaesthetics.com\/es\/?page_id=4096"},"modified":"2019-08-19T10:04:33","modified_gmt":"2019-08-19T17:04:33","slug":"reemplazo-hormonal-estrella-aesthetics-surgical-arts","status":"publish","type":"page","link":"https:\/\/estrellaaesthetics.com\/es\/medicina-regenerativa\/reemplazo-hormonal","title":{"rendered":"Reemplazo Hormonal"},"content":{"rendered":"<h1>Reemplazo Hormonal &#8211; Estrella Aesthetics &amp; Surgical Arts<\/h1>\n<h3>Rahil Khan, M.D.<br>Estrella Aesthetics & Surgical Arts<br>Corona, California<\/h3>\n<div class=\"pf-content\">A medida que envejecemos, los niveles hormonales normales disminuyen con el tiempo desde su m\u00e1ximo cerca de nuestros veinte a\u00f1os de edad. Las pruebas para detectar estas hormonas y contestar cuestionarios de medicina hol\u00edstica y regenerativa que identifican los s\u00edntomas de deficiencias hormonales, es el enfoque fundamental de este programa.<\/p>\n<ul>\n<li>Hormonas importantes: (Meta de alrededor del 75%, en la curva de desviaci\u00f3n est\u00e1ndar)<\/li>\n<li>Progesterona (mujeres)<\/li>\n<li>Estr\u00f3genos (mujeres)<\/li>\n<li>Testosterona <\/li>\n<li>DHEA (dehidroepiandrosterona)<\/li>\n<li>Tiroides <\/li>\n<li>Hormona del crecimiento humano <\/li>\n<li>Melatonina <\/li>\n<\/ul>\n<p>\nEstas hormonas controlan todos los procesos metab\u00f3licos del cuerpo y son la clave para la medicina regenerativa.<\/p>\n<address>\n<h3>Estrella Aesthetics &#038; Surgical Arts<\/h3>\n<p> 2550 Tuscany St. Suite 103<br \/>\nCorona, CA 92881<br \/>\n<abbr title='Phone'>P:<\/abbr> <strong><a href=\"tel:+19513561207\" onclick=\"sendEventToGoogle('Content', '\/es\/wp-json\/wp\/v2\/pages\/4096', '+19513561207');\">(951) 356-1207<\/a><\/strong><br \/>\n<\/address>\n<h2>Operating Hours<\/h2>\n<h5>Monday to Saturday: 9.30am to 8.00pm<\/h5>\n<h5>Sundays Closed<\/h5>\n<p>&nbsp;<\/p>\n<\/div>\n","protected":false},"excerpt":{"rendered":"<p>Reemplazo Hormonal &#8211; Estrella Aesthetics &amp; Surgical Arts A medida que envejecemos, los niveles hormonales normales disminuyen con el tiempo desde su m\u00e1ximo cerca de nuestros veinte a\u00f1os de edad. Las pruebas para detectar estas hormonas y contestar cuestionarios de medicina hol\u00edstica y regenerativa que identifican los s\u00edntomas de deficiencias hormonales, es el enfoque fundamental&#8230; <a class=\"more-link\" href=\"https:\/\/estrellaaesthetics.com\/es\/medicina-regenerativa\/reemplazo-hormonal\">[Read More]<\/a><\/p>\n","protected":false},"author":4,"featured_media":0,"parent":0,"menu_order":0,"comment_status":"open","ping_status":"open","template":"","meta":{"_acf_changed":false,"inline_featured_image":false,"_genesis_hide_title":false,"_genesis_hide_breadcrumbs":false,"_genesis_hide_singular_image":false,"_genesis_hide_footer_widgets":false,"_genesis_custom_body_class":"","_genesis_custom_post_class":"","_genesis_layout":"","footnotes":""},"class_list":{"0":"post-4096","1":"page","2":"type-page","3":"status-publish","5":"entry"},"acf":[],"yoast_head":"\n<title>Reemplazo Hormonal - Estrella Aesthetics &amp; Surgical Arts<\/title>\n<meta name=\"description\" content=\"A medida que envejecemos, los niveles hormonales normales disminuyen con el tiempo desde su m\u00e1ximo cerca de nuestros veinte a\u00f1os de edad. (951) 356-1207\" \/>\n<meta name=\"robots\" content=\"index, follow, max-snippet:-1, max-image-preview:large, max-video-preview:-1\" \/>\n<link rel=\"canonical\" href=\"https:\/\/estrellaaesthetics.com\/es\/medicina-regenerativa\/reemplazo-hormonal\/\" \/>\n<meta property=\"og:locale\" content=\"es_ES\" \/>\n<meta property=\"og:type\" content=\"article\" \/>\n<meta property=\"og:title\" content=\"Reemplazo Hormonal - Estrella Aesthetics &amp; Surgical Arts\" \/>\n<meta property=\"og:description\" content=\"A medida que envejecemos, los niveles hormonales normales disminuyen con el tiempo desde su m\u00e1ximo cerca de nuestros veinte a\u00f1os de edad. (951) 356-1207\" \/>\n<meta property=\"og:url\" content=\"https:\/\/estrellaaesthetics.com\/es\/medicina-regenerativa\/reemplazo-hormonal\/\" \/>\n<meta property=\"og:site_name\" content=\"Estrella Aesthetics &amp; Surgical Arts - Spanish\" \/>\n<meta property=\"article:modified_time\" content=\"2019-08-19T17:04:33+00:00\" \/>\n<meta name=\"twitter:card\" content=\"summary_large_image\" \/>\n<meta name=\"twitter:label1\" content=\"Tiempo de lectura\" \/>\n\t<meta name=\"twitter:data1\" content=\"1 minuto\" \/>\n<script type=\"application\/ld+json\" class=\"yoast-schema-graph\">{\"@context\":\"https:\\\/\\\/schema.org\",\"@graph\":[{\"@type\":\"WebPage\",\"@id\":\"https:\\\/\\\/estrellaaesthetics.com\\\/es\\\/medicina-regenerativa\\\/reemplazo-hormonal\\\/\",\"url\":\"https:\\\/\\\/estrellaaesthetics.com\\\/es\\\/medicina-regenerativa\\\/reemplazo-hormonal\\\/\",\"name\":\"Reemplazo Hormonal - Estrella Aesthetics & Surgical Arts\",\"isPartOf\":{\"@id\":\"https:\\\/\\\/estrellaaesthetics.com\\\/es\\\/#website\"},\"datePublished\":\"2014-02-20T21:39:46+00:00\",\"dateModified\":\"2019-08-19T17:04:33+00:00\",\"description\":\"A medida que envejecemos, los niveles hormonales normales disminuyen con el tiempo desde su m\u00e1ximo cerca de nuestros veinte a\u00f1os de edad. (951) 356-1207\",\"inLanguage\":\"es\",\"potentialAction\":[{\"@type\":\"ReadAction\",\"target\":[\"https:\\\/\\\/estrellaaesthetics.com\\\/es\\\/medicina-regenerativa\\\/reemplazo-hormonal\\\/\"]}]},{\"@type\":\"WebSite\",\"@id\":\"https:\\\/\\\/estrellaaesthetics.com\\\/es\\\/#website\",\"url\":\"https:\\\/\\\/estrellaaesthetics.com\\\/es\\\/\",\"name\":\"Estrella Aesthetics &amp; Surgical Arts - Spanish\",\"description\":\"Estrella Aesthetics &amp; Surgical Arts - Non-Surgical Laser Skin Care Clinic, Botox, Restylane &amp; Dermal Fillers, Corona, California\",\"potentialAction\":[{\"@type\":\"SearchAction\",\"target\":{\"@type\":\"EntryPoint\",\"urlTemplate\":\"https:\\\/\\\/estrellaaesthetics.com\\\/es\\\/?s={search_term_string}\"},\"query-input\":{\"@type\":\"PropertyValueSpecification\",\"valueRequired\":true,\"valueName\":\"search_term_string\"}}],\"inLanguage\":\"es\"}]}<\/script>\n","yoast_head_json":{"title":"Reemplazo Hormonal - Estrella Aesthetics & Surgical Arts","description":"A medida que envejecemos, los niveles hormonales normales disminuyen con el tiempo desde su m\u00e1ximo cerca de nuestros veinte a\u00f1os de edad. (951) 356-1207","robots":{"index":"index","follow":"follow","max-snippet":"max-snippet:-1","max-image-preview":"max-image-preview:large","max-video-preview":"max-video-preview:-1"},"canonical":"https:\/\/estrellaaesthetics.com\/es\/medicina-regenerativa\/reemplazo-hormonal\/","og_locale":"es_ES","og_type":"article","og_title":"Reemplazo Hormonal - Estrella Aesthetics & Surgical Arts","og_description":"A medida que envejecemos, los niveles hormonales normales disminuyen con el tiempo desde su m\u00e1ximo cerca de nuestros veinte a\u00f1os de edad. (951) 356-1207","og_url":"https:\/\/estrellaaesthetics.com\/es\/medicina-regenerativa\/reemplazo-hormonal\/","og_site_name":"Estrella Aesthetics &amp; Surgical Arts - Spanish","article_modified_time":"2019-08-19T17:04:33+00:00","twitter_card":"summary_large_image","twitter_misc":{"Tiempo de lectura":"1 minuto"},"schema":{"@context":"https:\/\/schema.org","@graph":[{"@type":"WebPage","@id":"https:\/\/estrellaaesthetics.com\/es\/medicina-regenerativa\/reemplazo-hormonal\/","url":"https:\/\/estrellaaesthetics.com\/es\/medicina-regenerativa\/reemplazo-hormonal\/","name":"Reemplazo Hormonal - Estrella Aesthetics & Surgical Arts","isPartOf":{"@id":"https:\/\/estrellaaesthetics.com\/es\/#website"},"datePublished":"2014-02-20T21:39:46+00:00","dateModified":"2019-08-19T17:04:33+00:00","description":"A medida que envejecemos, los niveles hormonales normales disminuyen con el tiempo desde su m\u00e1ximo cerca de nuestros veinte a\u00f1os de edad. (951) 356-1207","inLanguage":"es","potentialAction":[{"@type":"ReadAction","target":["https:\/\/estrellaaesthetics.com\/es\/medicina-regenerativa\/reemplazo-hormonal\/"]}]},{"@type":"WebSite","@id":"https:\/\/estrellaaesthetics.com\/es\/#website","url":"https:\/\/estrellaaesthetics.com\/es\/","name":"Estrella Aesthetics &amp; Surgical Arts - Spanish","description":"Estrella Aesthetics &amp; Surgical Arts - Non-Surgical Laser Skin Care Clinic, Botox, Restylane &amp; Dermal Fillers, Corona, California","potentialAction":[{"@type":"SearchAction","target":{"@type":"EntryPoint","urlTemplate":"https:\/\/estrellaaesthetics.com\/es\/?s={search_term_string}"},"query-input":{"@type":"PropertyValueSpecification","valueRequired":true,"valueName":"search_term_string"}}],"inLanguage":"es"}]}},"_links":{"self":[{"href":"https:\/\/estrellaaesthetics.com\/es\/wp-json\/wp\/v2\/pages\/4096","targetHints":{"allow":["GET"]}}],"collection":[{"href":"https:\/\/estrellaaesthetics.com\/es\/wp-json\/wp\/v2\/pages"}],"about":[{"href":"https:\/\/estrellaaesthetics.com\/es\/wp-json\/wp\/v2\/types\/page"}],"author":[{"embeddable":true,"href":"https:\/\/estrellaaesthetics.com\/es\/wp-json\/wp\/v2\/users\/4"}],"replies":[{"embeddable":true,"href":"https:\/\/estrellaaesthetics.com\/es\/wp-json\/wp\/v2\/comments?post=4096"}],"version-history":[{"count":0,"href":"https:\/\/estrellaaesthetics.com\/es\/wp-json\/wp\/v2\/pages\/4096\/revisions"}],"wp:attachment":[{"href":"https:\/\/estrellaaesthetics.com\/es\/wp-json\/wp\/v2\/media?parent=4096"}],"curies":[{"name":"wp","href":"https:\/\/api.w.org\/{rel}","templated":true}]}}