{"id":4094,"date":"2014-02-20T21:31:32","date_gmt":"2014-02-20T21:31:32","guid":{"rendered":"http:\/\/estrellaaesthetics.com\/es\/?page_id=4094"},"modified":"2014-02-20T21:31:32","modified_gmt":"2014-02-20T21:31:32","slug":"programa-integral-anti-edad","status":"publish","type":"page","link":"https:\/\/estrellaaesthetics.com\/es\/medicina-regenerativa\/programa-integral-anti-envejecimiento","title":{"rendered":"Programa Integral Anti- Edad"},"content":{"rendered":"<h1>Programa Integral Anti- Edad<\/h1>\n<h3>Rahil Khan, M.D.<br>Estrella Aesthetics & Surgical Arts<br>Corona, California<\/h3>\n<h2>Anti-envejecimiento y Programa de Medicina Regenerativa<\/h2>\n<p>Estrella Aesthetics tiene ahora un programa que est\u00e1 dise\u00f1ado para retrasar el proceso de envejecimiento mediante un Programa de Medicina Regenerativa y Anti-envejecimiento, tanto para hombres como para mujeres. Las hormonas bioid\u00e9nticas son una faceta de este programa, sin embargo, est\u00e1 ligado a un protocolo m\u00e9dico integral dise\u00f1ado para optimizar su mente, cuerpo y bienestar espiritual. Este programa requiere que usted sea un participante activo.<\/p>\n<p>Podemos guiarlo en la direcci\u00f3n correcta, asesorarle sobre actividades para mejorar su salud en general, \u00a1y motivarlo para lograr lo mejor! El siguiente es un resumen del programa con el examen f\u00edsico inicial adem\u00e1s de las pruebas de laboratorio y hormonales, cuestionarios de calidad de vida, y una historia detallada.<\/p>\n<p>Se debe entender de d\u00f3nde viene, d\u00f3nde est\u00e1 ahora y a d\u00f3nde quiere llegar. La causa m\u00e1s com\u00fan del aumento de peso: una dieta deficiente y la falta de ejercicio.<br \/>\nLos niveles hormonales se elevan en el momento de mayor desarrollo humano (veinte a\u00f1os) y desde entonces hay una disminuci\u00f3n constante (3 %\/a\u00f1o).<\/p>\n<p>\nHormonas importantes: (Objetivo de alrededor del 75 % en la curva de desviaci\u00f3n est\u00e1ndar) de<br \/>\nde Progesterona (women)<br \/>\nde Estr\u00f3genos (women)<br \/>\nTestosterona<br \/>\nDHEA (dehidroepiandrosterona)<br \/>\nde la Tiroides<br \/>\nla hormona de crecimiento humano<br \/>\nla Melatonina\n<\/p>\n<p>\nEvaluaci\u00f3n Hormonal en Laboratorio:<br \/>\n1. T3 libre <br \/>\n2. Testosterona libre (y testosterona total)<br \/>\n3. DHEA-SO4 (sulfato) <br \/>\n4. Melatonina <br \/>\n5. Progesterona (mujer) <br \/>\n6. Estradiol (E2) (mujer) <br \/>\n7. PSA (hombre) <br \/>\n8. HGH <br \/>\n9. Cortisol \n<\/p>\n<p>\nPruebas de laboratorio:<br \/>\nAn\u00e1lisis bioqu\u00edmico de CBC Integral, ANA, RF, ESR, prote\u00edna C-reactiva, perfil lip\u00eddico (HDL, colesterol, Triglic\u00e9ridos, LDL, VLDL, proporci\u00f3n Chol\/HDL)\n<\/p>\n<p>La longitud de los tel\u00f3meros (acortamiento): signo de la longevidad de las c\u00e9lulas del cuerpo<\/p>\n<p>Ensayo de Micronutrientes: 34 micronutrientes, vitaminas, se miden los marcadores metab\u00f3licos<\/p>\n<p>\nCalidad de los marcadores de vida:<br \/>\n1.\tHumor <br \/>\n2.\tFunci\u00f3n cognitiva <br \/>\n3.\tLibido <br \/>\n4.\tDesempe\u00f1o sexual<br \/>\n5.\tEnerg\u00eda <br \/>\n6.\tCalidad del sue\u00f1o <br \/>\n7.\tAlivio del dolor <br \/>\n8.\tAlivio del dolor \n<\/p>\n<p>\nTratamiento:<br \/>\nFase I: Evaluaci\u00f3n <br \/>\n1.\tcuestionarios <br \/>\n2.\tpruebas de laboratorio <br \/>\n3.\tantecedentes m\u00e9dicos (enfermedades, medicamentos, suplementos, historial de sue\u00f1o, historial familiar)<br \/>\n4.\tEstilo de vida, relaciones, profesi\u00f3n, intereses espirituales <br \/>\n5.\tExamen f\u00edsico inicial <br \/>\n6.\tPeso, talla, circunferencia de cintura y cadera, signos vitales <br \/>\n7.\tcuestionarios de revisi\u00f3n <br \/>\n8.\tdiagn\u00f3stico preliminar <br \/>\n9.\tfotograf\u00edas <br \/>\n10.\tdejar de fumar <br \/>\n11.\trevisi\u00f3n dental general <br \/>\n12.\tevite los medicamentos de venta libre y medicamentos recetados, de ser posible\n<\/p>\n<p>\nFase II:<br \/>\n1.\trevisi\u00f3n de ex\u00e1menes de laboratorio<br \/>\n2.\tevaluaci\u00f3n de preparaci\u00f3n (\u00bfest\u00e1s listo y comprometido con el programa, este es un programa de trabajo en equipo entre usted y el m\u00e9dico)<br \/>\n3.\tConfirmaci\u00f3n de diagn\u00f3stico <br \/>\n4.\tPlan de tratamiento<br \/>\na.\tMulti-vitamina diaria<br \/>\nb.\tReemplazo hormonal (hormonas bio-id\u00e9nticas: no sint\u00e9ticas)<br \/>\nc.\tEl tratamiento \u00f3ptimo de su estado de salud (depresi\u00f3n, presi\u00f3n arterial alta, diabetes, apnea obstructiva del sue\u00f1o, asma y enfisema)<br \/>\nd.\tDieta (nutrici\u00f3n) y ejercicio<br \/>\ne.\tAliviadores del estr\u00e9s: masajes, yoga, meditaci\u00f3n, santuario<br \/>\nf.\trecomendaciones de higiene del sue\u00f1o<br \/>\n5.\tPrograma de seguimiento <br \/>\n6.\tPruebas de seguimiento de laboratorio (individualizada en relaci\u00f3n con los objetivos del tratamiento)\n<\/p>\n<h2>Programa de Antienvejecimiento y Medicina Regenerativa<\/h2>\n<p>Este programa es una combinaci\u00f3n de doctores con esteroides en un entorno boutique con un protocolo integral dise\u00f1ado para optimizar su mente, cuerpo y bienestar espiritual, donde usted es participante activo. Usted puede ayudarnos a ayudarle a alcanzar sus metas y las nuestras en un ambiente agradable y alegre.<\/p>\n<p>\u00a1Estamos muy contentos de que decida lograr una nueva versi\u00f3n de usted mismo!<\/p>\n","protected":false},"excerpt":{"rendered":"<p>Programa Integral Anti- Edad Anti-envejecimiento y Programa de Medicina Regenerativa Estrella Aesthetics tiene ahora un programa que est\u00e1 dise\u00f1ado para retrasar el proceso de envejecimiento mediante un Programa de Medicina Regenerativa y Anti-envejecimiento, tanto para hombres como para mujeres. Las hormonas bioid\u00e9nticas son una faceta de este programa, sin embargo, est\u00e1 ligado a un protocolo&#8230; <a class=\"more-link\" href=\"https:\/\/estrellaaesthetics.com\/es\/medicina-regenerativa\/programa-integral-anti-envejecimiento\">[Read More]<\/a><\/p>\n","protected":false},"author":4,"featured_media":0,"parent":0,"menu_order":0,"comment_status":"open","ping_status":"open","template":"","meta":{"_acf_changed":false,"inline_featured_image":false,"_genesis_hide_title":false,"_genesis_hide_breadcrumbs":false,"_genesis_hide_singular_image":false,"_genesis_hide_footer_widgets":false,"_genesis_custom_body_class":"","_genesis_custom_post_class":"","_genesis_layout":"","footnotes":""},"class_list":{"0":"post-4094","1":"page","2":"type-page","3":"status-publish","5":"entry"},"acf":[],"yoast_head":"\n<title>Programa Integral Anti- Edad - Corona, Ca.<\/title>\n<meta name=\"description\" content=\"Programa de Medicina Regenerativa y Anti-envejecimiento, tanto para hombres como para mujeres, por Estrella Aesthetics. Llame ahora al (951) 356-1207\" \/>\n<meta name=\"robots\" content=\"index, follow, max-snippet:-1, max-image-preview:large, max-video-preview:-1\" \/>\n<link rel=\"canonical\" href=\"https:\/\/estrellaaesthetics.com\/es\/medicina-regenerativa\/programa-integral-anti-envejecimiento\/\" \/>\n<meta property=\"og:locale\" content=\"es_ES\" \/>\n<meta property=\"og:type\" content=\"article\" \/>\n<meta property=\"og:title\" content=\"Programa Integral Anti- Edad - Corona, Ca.\" \/>\n<meta property=\"og:description\" content=\"Programa de Medicina Regenerativa y Anti-envejecimiento, tanto para hombres como para mujeres, por Estrella Aesthetics. Llame ahora al (951) 356-1207\" \/>\n<meta property=\"og:url\" content=\"https:\/\/estrellaaesthetics.com\/es\/medicina-regenerativa\/programa-integral-anti-envejecimiento\/\" \/>\n<meta property=\"og:site_name\" content=\"Estrella Aesthetics &amp; Surgical Arts - Spanish\" \/>\n<meta name=\"twitter:card\" content=\"summary_large_image\" \/>\n<meta name=\"twitter:label1\" content=\"Tiempo de lectura\" \/>\n\t<meta name=\"twitter:data1\" content=\"3 minutos\" \/>\n<script type=\"application\/ld+json\" class=\"yoast-schema-graph\">{\"@context\":\"https:\\\/\\\/schema.org\",\"@graph\":[{\"@type\":\"WebPage\",\"@id\":\"https:\\\/\\\/estrellaaesthetics.com\\\/es\\\/medicina-regenerativa\\\/programa-integral-anti-envejecimiento\\\/\",\"url\":\"https:\\\/\\\/estrellaaesthetics.com\\\/es\\\/medicina-regenerativa\\\/programa-integral-anti-envejecimiento\\\/\",\"name\":\"Programa Integral Anti- Edad - Corona, Ca.\",\"isPartOf\":{\"@id\":\"https:\\\/\\\/estrellaaesthetics.com\\\/es\\\/#website\"},\"datePublished\":\"2014-02-20T21:31:32+00:00\",\"description\":\"Programa de Medicina Regenerativa y Anti-envejecimiento, tanto para hombres como para mujeres, por Estrella Aesthetics. Llame ahora al (951) 356-1207\",\"inLanguage\":\"es\",\"potentialAction\":[{\"@type\":\"ReadAction\",\"target\":[\"https:\\\/\\\/estrellaaesthetics.com\\\/es\\\/medicina-regenerativa\\\/programa-integral-anti-envejecimiento\\\/\"]}]},{\"@type\":\"WebSite\",\"@id\":\"https:\\\/\\\/estrellaaesthetics.com\\\/es\\\/#website\",\"url\":\"https:\\\/\\\/estrellaaesthetics.com\\\/es\\\/\",\"name\":\"Estrella Aesthetics &amp; Surgical Arts - Spanish\",\"description\":\"Estrella Aesthetics &amp; Surgical Arts - Non-Surgical Laser Skin Care Clinic, Botox, Restylane &amp; Dermal Fillers, Corona, California\",\"potentialAction\":[{\"@type\":\"SearchAction\",\"target\":{\"@type\":\"EntryPoint\",\"urlTemplate\":\"https:\\\/\\\/estrellaaesthetics.com\\\/es\\\/?s={search_term_string}\"},\"query-input\":{\"@type\":\"PropertyValueSpecification\",\"valueRequired\":true,\"valueName\":\"search_term_string\"}}],\"inLanguage\":\"es\"}]}<\/script>\n","yoast_head_json":{"title":"Programa Integral Anti- Edad - Corona, Ca.","description":"Programa de Medicina Regenerativa y Anti-envejecimiento, tanto para hombres como para mujeres, por Estrella Aesthetics. Llame ahora al (951) 356-1207","robots":{"index":"index","follow":"follow","max-snippet":"max-snippet:-1","max-image-preview":"max-image-preview:large","max-video-preview":"max-video-preview:-1"},"canonical":"https:\/\/estrellaaesthetics.com\/es\/medicina-regenerativa\/programa-integral-anti-envejecimiento\/","og_locale":"es_ES","og_type":"article","og_title":"Programa Integral Anti- Edad - Corona, Ca.","og_description":"Programa de Medicina Regenerativa y Anti-envejecimiento, tanto para hombres como para mujeres, por Estrella Aesthetics. Llame ahora al (951) 356-1207","og_url":"https:\/\/estrellaaesthetics.com\/es\/medicina-regenerativa\/programa-integral-anti-envejecimiento\/","og_site_name":"Estrella Aesthetics &amp; Surgical Arts - Spanish","twitter_card":"summary_large_image","twitter_misc":{"Tiempo de lectura":"3 minutos"},"schema":{"@context":"https:\/\/schema.org","@graph":[{"@type":"WebPage","@id":"https:\/\/estrellaaesthetics.com\/es\/medicina-regenerativa\/programa-integral-anti-envejecimiento\/","url":"https:\/\/estrellaaesthetics.com\/es\/medicina-regenerativa\/programa-integral-anti-envejecimiento\/","name":"Programa Integral Anti- Edad - Corona, Ca.","isPartOf":{"@id":"https:\/\/estrellaaesthetics.com\/es\/#website"},"datePublished":"2014-02-20T21:31:32+00:00","description":"Programa de Medicina Regenerativa y Anti-envejecimiento, tanto para hombres como para mujeres, por Estrella Aesthetics. Llame ahora al (951) 356-1207","inLanguage":"es","potentialAction":[{"@type":"ReadAction","target":["https:\/\/estrellaaesthetics.com\/es\/medicina-regenerativa\/programa-integral-anti-envejecimiento\/"]}]},{"@type":"WebSite","@id":"https:\/\/estrellaaesthetics.com\/es\/#website","url":"https:\/\/estrellaaesthetics.com\/es\/","name":"Estrella Aesthetics &amp; Surgical Arts - Spanish","description":"Estrella Aesthetics &amp; Surgical Arts - Non-Surgical Laser Skin Care Clinic, Botox, Restylane &amp; Dermal Fillers, Corona, California","potentialAction":[{"@type":"SearchAction","target":{"@type":"EntryPoint","urlTemplate":"https:\/\/estrellaaesthetics.com\/es\/?s={search_term_string}"},"query-input":{"@type":"PropertyValueSpecification","valueRequired":true,"valueName":"search_term_string"}}],"inLanguage":"es"}]}},"_links":{"self":[{"href":"https:\/\/estrellaaesthetics.com\/es\/wp-json\/wp\/v2\/pages\/4094","targetHints":{"allow":["GET"]}}],"collection":[{"href":"https:\/\/estrellaaesthetics.com\/es\/wp-json\/wp\/v2\/pages"}],"about":[{"href":"https:\/\/estrellaaesthetics.com\/es\/wp-json\/wp\/v2\/types\/page"}],"author":[{"embeddable":true,"href":"https:\/\/estrellaaesthetics.com\/es\/wp-json\/wp\/v2\/users\/4"}],"replies":[{"embeddable":true,"href":"https:\/\/estrellaaesthetics.com\/es\/wp-json\/wp\/v2\/comments?post=4094"}],"version-history":[{"count":0,"href":"https:\/\/estrellaaesthetics.com\/es\/wp-json\/wp\/v2\/pages\/4094\/revisions"}],"wp:attachment":[{"href":"https:\/\/estrellaaesthetics.com\/es\/wp-json\/wp\/v2\/media?parent=4094"}],"curies":[{"name":"wp","href":"https:\/\/api.w.org\/{rel}","templated":true}]}}