{"id":4092,"date":"2014-02-20T21:16:42","date_gmt":"2014-02-20T21:16:42","guid":{"rendered":"http:\/\/estrellaaesthetics.com\/es\/?page_id=4092"},"modified":"2019-08-20T08:26:23","modified_gmt":"2019-08-20T15:26:23","slug":"medicina-regenerativa","status":"publish","type":"page","link":"https:\/\/estrellaaesthetics.com\/es\/medicina-regenerativa\/","title":{"rendered":"Medicina Regenerativa"},"content":{"rendered":"<h1>Medicina Regenerativa<\/h1>\n<h3>Rahil Khan, M.D.<br>Estrella Aesthetics & Surgical Arts<br>Corona, California<\/h3>\n<div class=\"pf-content\">Conozca todas las t\u00e9cnicas de medicina regenerativa que ofrece Estrella Aesthetics &amp; Surgical Arts en Corona (CA) y realizados por nuestro <a title=\"Estrella Aesthetic team\" href=\"\/es\/quienes-somos\/nuestro-equipo\" target=\"_blank\" rel=\"noopener noreferrer\">equipo de cirug\u00eda est\u00e9tica estelar<\/a>:<\/p>\n<ul>\n<li><a href=\"\/es\/medicina-regenerativa\/programa-integral-anti-envejecimiento\">Programa de Anti-Edad Integral<\/a><\/li>\n<li><a href=\"\/es\/medicina-regenerativa\/reemplazo-hormonal\">Reemplazo Hormonal<\/a><\/li>\n<li><a href=\"\/es\/medicina-regenerativa\/terapia-de-celulas-madre\">Terapia de C\u00e9lulas Madre<\/a><\/li>\n<li><a href=\"\/es\/medicina-regenerativa\/programas-de-dieta\">Programa de P\u00e9rdida de Peso<\/a><\/li>\n<\/ul>\n<address>\n<h3>Estrella Aesthetics &#038; Surgical Arts<\/h3>\n<p> 2550 Tuscany St. Suite 103<br \/>\nCorona, CA 92881<br \/>\n<abbr title='Phone'>P:<\/abbr><strong><a href=\"tel:+19513561207\" onclick=\"sendEventToGoogle('Content', '\/es\/wp-json\/wp\/v2\/pages\/4092', '+19513561207');\">(951) 356-1207<\/a><\/strong><br \/>\n<\/address>\n<h2>Operating Hours<\/h2>\n<h5>Monday to Saturday: 9.30am to 8.00pm<\/h5>\n<h5>Sundays Closed<\/h5>\n<p>&nbsp;<\/p>\n<\/div>\n","protected":false},"excerpt":{"rendered":"<p>Medicina Regenerativa Conozca todas las t\u00e9cnicas de medicina regenerativa que ofrece Estrella Aesthetics &amp; Surgical Arts en Corona (CA) y realizados por nuestro equipo de cirug\u00eda est\u00e9tica estelar: Programa de Anti-Edad Integral Reemplazo Hormonal Terapia de C\u00e9lulas Madre Programa de P\u00e9rdida de Peso Estrella Aesthetics &#038; Surgical Arts 2550 Tuscany St. Suite 103 Corona, CA&#8230; <a class=\"more-link\" href=\"https:\/\/estrellaaesthetics.com\/es\/medicina-regenerativa\/\">[Read More]<\/a><\/p>\n","protected":false},"author":4,"featured_media":0,"parent":0,"menu_order":0,"comment_status":"open","ping_status":"open","template":"","meta":{"_acf_changed":false,"inline_featured_image":false,"_genesis_hide_title":false,"_genesis_hide_breadcrumbs":false,"_genesis_hide_singular_image":false,"_genesis_hide_footer_widgets":false,"_genesis_custom_body_class":"","_genesis_custom_post_class":"","_genesis_layout":"","footnotes":""},"class_list":{"0":"post-4092","1":"page","2":"type-page","3":"status-publish","5":"entry"},"acf":[],"yoast_head":"\n<title>Medicina Regenerativa - Estrella Aesthetics &amp; Surgical Arts<\/title>\n<meta name=\"description\" content=\"Conozca todas las t\u00e9cnicas de medicina regenerativa que ofrece Estrella Aesthetics &amp; Surgical Arts en Corona (CA). Llame al (951) 356-1207\" \/>\n<meta name=\"robots\" content=\"index, follow, max-snippet:-1, max-image-preview:large, max-video-preview:-1\" \/>\n<link rel=\"canonical\" href=\"https:\/\/estrellaaesthetics.com\/es\/medicina-regenerativa\/\" \/>\n<meta property=\"og:locale\" content=\"es_ES\" \/>\n<meta property=\"og:type\" content=\"article\" \/>\n<meta property=\"og:title\" content=\"Medicina Regenerativa - Estrella Aesthetics &amp; Surgical Arts\" \/>\n<meta property=\"og:description\" content=\"Conozca todas las t\u00e9cnicas de medicina regenerativa que ofrece Estrella Aesthetics &amp; Surgical Arts en Corona (CA). Llame al (951) 356-1207\" \/>\n<meta property=\"og:url\" content=\"https:\/\/estrellaaesthetics.com\/es\/medicina-regenerativa\/\" \/>\n<meta property=\"og:site_name\" content=\"Estrella Aesthetics &amp; Surgical Arts - Spanish\" \/>\n<meta property=\"article:modified_time\" content=\"2019-08-20T15:26:23+00:00\" \/>\n<meta name=\"twitter:card\" content=\"summary_large_image\" \/>\n<script type=\"application\/ld+json\" class=\"yoast-schema-graph\">{\"@context\":\"https:\\\/\\\/schema.org\",\"@graph\":[{\"@type\":\"WebPage\",\"@id\":\"https:\\\/\\\/estrellaaesthetics.com\\\/es\\\/medicina-regenerativa\\\/\",\"url\":\"https:\\\/\\\/estrellaaesthetics.com\\\/es\\\/medicina-regenerativa\\\/\",\"name\":\"Medicina Regenerativa - Estrella Aesthetics & Surgical Arts\",\"isPartOf\":{\"@id\":\"https:\\\/\\\/estrellaaesthetics.com\\\/es\\\/#website\"},\"datePublished\":\"2014-02-20T21:16:42+00:00\",\"dateModified\":\"2019-08-20T15:26:23+00:00\",\"description\":\"Conozca todas las t\u00e9cnicas de medicina regenerativa que ofrece Estrella Aesthetics & Surgical Arts en Corona (CA). Llame al (951) 356-1207\",\"inLanguage\":\"es\",\"potentialAction\":[{\"@type\":\"ReadAction\",\"target\":[\"https:\\\/\\\/estrellaaesthetics.com\\\/es\\\/medicina-regenerativa\\\/\"]}]},{\"@type\":\"WebSite\",\"@id\":\"https:\\\/\\\/estrellaaesthetics.com\\\/es\\\/#website\",\"url\":\"https:\\\/\\\/estrellaaesthetics.com\\\/es\\\/\",\"name\":\"Estrella Aesthetics &amp; Surgical Arts - Spanish\",\"description\":\"Estrella Aesthetics &amp; Surgical Arts - Non-Surgical Laser Skin Care Clinic, Botox, Restylane &amp; Dermal Fillers, Corona, California\",\"potentialAction\":[{\"@type\":\"SearchAction\",\"target\":{\"@type\":\"EntryPoint\",\"urlTemplate\":\"https:\\\/\\\/estrellaaesthetics.com\\\/es\\\/?s={search_term_string}\"},\"query-input\":{\"@type\":\"PropertyValueSpecification\",\"valueRequired\":true,\"valueName\":\"search_term_string\"}}],\"inLanguage\":\"es\"}]}<\/script>\n","yoast_head_json":{"title":"Medicina Regenerativa - Estrella Aesthetics & Surgical Arts","description":"Conozca todas las t\u00e9cnicas de medicina regenerativa que ofrece Estrella Aesthetics & Surgical Arts en Corona (CA). Llame al (951) 356-1207","robots":{"index":"index","follow":"follow","max-snippet":"max-snippet:-1","max-image-preview":"max-image-preview:large","max-video-preview":"max-video-preview:-1"},"canonical":"https:\/\/estrellaaesthetics.com\/es\/medicina-regenerativa\/","og_locale":"es_ES","og_type":"article","og_title":"Medicina Regenerativa - Estrella Aesthetics & Surgical Arts","og_description":"Conozca todas las t\u00e9cnicas de medicina regenerativa que ofrece Estrella Aesthetics & Surgical Arts en Corona (CA). Llame al (951) 356-1207","og_url":"https:\/\/estrellaaesthetics.com\/es\/medicina-regenerativa\/","og_site_name":"Estrella Aesthetics &amp; Surgical Arts - Spanish","article_modified_time":"2019-08-20T15:26:23+00:00","twitter_card":"summary_large_image","schema":{"@context":"https:\/\/schema.org","@graph":[{"@type":"WebPage","@id":"https:\/\/estrellaaesthetics.com\/es\/medicina-regenerativa\/","url":"https:\/\/estrellaaesthetics.com\/es\/medicina-regenerativa\/","name":"Medicina Regenerativa - Estrella Aesthetics & Surgical Arts","isPartOf":{"@id":"https:\/\/estrellaaesthetics.com\/es\/#website"},"datePublished":"2014-02-20T21:16:42+00:00","dateModified":"2019-08-20T15:26:23+00:00","description":"Conozca todas las t\u00e9cnicas de medicina regenerativa que ofrece Estrella Aesthetics & Surgical Arts en Corona (CA). Llame al (951) 356-1207","inLanguage":"es","potentialAction":[{"@type":"ReadAction","target":["https:\/\/estrellaaesthetics.com\/es\/medicina-regenerativa\/"]}]},{"@type":"WebSite","@id":"https:\/\/estrellaaesthetics.com\/es\/#website","url":"https:\/\/estrellaaesthetics.com\/es\/","name":"Estrella Aesthetics &amp; Surgical Arts - Spanish","description":"Estrella Aesthetics &amp; Surgical Arts - Non-Surgical Laser Skin Care Clinic, Botox, Restylane &amp; Dermal Fillers, Corona, California","potentialAction":[{"@type":"SearchAction","target":{"@type":"EntryPoint","urlTemplate":"https:\/\/estrellaaesthetics.com\/es\/?s={search_term_string}"},"query-input":{"@type":"PropertyValueSpecification","valueRequired":true,"valueName":"search_term_string"}}],"inLanguage":"es"}]}},"_links":{"self":[{"href":"https:\/\/estrellaaesthetics.com\/es\/wp-json\/wp\/v2\/pages\/4092","targetHints":{"allow":["GET"]}}],"collection":[{"href":"https:\/\/estrellaaesthetics.com\/es\/wp-json\/wp\/v2\/pages"}],"about":[{"href":"https:\/\/estrellaaesthetics.com\/es\/wp-json\/wp\/v2\/types\/page"}],"author":[{"embeddable":true,"href":"https:\/\/estrellaaesthetics.com\/es\/wp-json\/wp\/v2\/users\/4"}],"replies":[{"embeddable":true,"href":"https:\/\/estrellaaesthetics.com\/es\/wp-json\/wp\/v2\/comments?post=4092"}],"version-history":[{"count":0,"href":"https:\/\/estrellaaesthetics.com\/es\/wp-json\/wp\/v2\/pages\/4092\/revisions"}],"wp:attachment":[{"href":"https:\/\/estrellaaesthetics.com\/es\/wp-json\/wp\/v2\/media?parent=4092"}],"curies":[{"name":"wp","href":"https:\/\/api.w.org\/{rel}","templated":true}]}}