{"id":4089,"date":"2014-02-20T21:07:42","date_gmt":"2014-02-20T21:07:42","guid":{"rendered":"http:\/\/estrellaaesthetics.com\/es\/?page_id=4089"},"modified":"2019-08-19T09:52:53","modified_gmt":"2019-08-19T16:52:53","slug":"manejo-controlado-de-la-perdida-de-peso-2","status":"publish","type":"page","link":"https:\/\/estrellaaesthetics.com\/es\/programas-para-la-perdida-de-peso","title":{"rendered":"Manejo controlado de la p\u00e9rdida de peso"},"content":{"rendered":"<h1>Manejo controlado de la p\u00e9rdida de peso &#8211; Estrella Aesthetics &#038; Surgical Arts<\/h1>\n<h3>Ray Khan, MD<br \/>\nEstrella Aesthetics &#038; Surgical Arts<br \/>\nCorona, California<\/h3>\n<ul>\n<li>Programa de Ejercicio<\/li>\n<li><a href=\"\/es\/medicina-regenerativa\/reemplazo-hormonal\">Reemplazo Hormonal<\/a><\/li>\n<li>Manejo Nutricional (Dieta)<\/li>\n<\/ul>\n<p><\/br><\/p>\n<h2>Inyecciones de B12<\/h2>\n<p><img class=\"lazy-load\" data-src=\"\/images\/B12.png\" alt=\"B12 Wight Loss\" width=\"370\" height=\"345\" align=\"right\" \/><\/p>\n<p>La B12 (cianocobalamina) es esencial para una variedad de procesos de s\u00edntesis en las c\u00e9lulas. La deficiencia de esta vitamina es particularmente perjudicial para las neuronas y las c\u00e9lulas que se dividen r\u00e1pidamente, como las c\u00e9lulas de la piel. La deficiencia leve de vitamina B12 con frecuencia no se diagnostica, no produce s\u00edntomas evidentes. A veces, la depresi\u00f3n puede ser el \u00fanico s\u00edntoma de la deficiencia de B12.<br \/>\nVitamina B12:<br \/>\nUn nuevo tratamiento para el eczema. <br \/>\nMejora significativamente el eczema (dermatitis at\u00f3pica), de acuerdo con el British Journal of Dermatology (2004; 150:977-83).<br \/>\nResponsable de la fabricaci\u00f3n y mantenimiento de las c\u00e9lulas rojas de la sangre en el cuerpo. Tambi\u00e9n ayuda a fortalecer los capilares en el cuerpo. <br \/>\nPPopular ya que la falta de vitamina B12 en el cuerpo contribuye al envejecimiento de la piel.<br \/>\nLa B12 hace que el metabolismo se acelere, que a su vez aumenta la p\u00e9rdida de peso. La gente que solicita la aplicaci\u00f3n de inyecciones tiende a ser m\u00e1s conscientes de su salud y suelen estar ya en una dieta vegetariana, o cualquier otro m\u00e9todo de p\u00e9rdida de peso. La B12 es conocida como la <strong>vitamina de la energ\u00eda <\/strong>, ya que da un impulso de energ\u00eda real. En general, esto ayuda a las personas a mantener sus dietas, y los motiva a hacer ejercicio y aumentar la actividad f\u00edsica. La vitamina B12 tambi\u00e9n ayuda a combatir el estr\u00e9s y la depresi\u00f3n, los s\u00edntomas que a veces se asocian con el aumento de peso. <em>Deficiencia de B12<\/em><br \/>\nLas deficiencias pueden convertirse en un problema de salud grave. El cuerpo puede reservar normalmente muchos a\u00f1os de suministro de vitamina B12, por lo que los s\u00edntomas de deficiencia se materializan cuando el cuerpo es incapaz de absorber apropiadamente la vitamina B12 debido a enfermedad o la vejez. Es importante consultar a un m\u00e9dico antes de someterse a inyecciones.<\/p>\n<h2>Sistema desintoxicante Aqua<\/h2>\n<p><img class=\"lazy-load\" data-src=\"\/images\/Aqua.png\" alt=\"Aqua Detoxifying System\" width=\"350\" height=\"131\" align=\"left\" \/><br \/>\nTodo comienza cuando pone los pies en el agua. El sistema de Aqua Detox produce una carga que estimula las c\u00e9lulas en el cuerpo. La forma m\u00e1s conveniente y eficaz para liberar estas toxinas es a trav\u00e9s de los 4000 poros en los pies. Despu\u00e9s de un tratamiento el cuerpo continuar\u00e1 desintoxic\u00e1ndose hasta por 48 horas.<\/p>\n<p><center><strong><a href=\"#top\">Volver al Inicio<\/strong><\/a><\/center><\/p>\n<address>\n<h3>Estrella Aesthetics &#038; Surgical Arts<\/h3>\n<p> 2550 Tuscany St. Suite 103<br \/>\nCorona, CA 92881<br \/>\n<abbr title='Phone'>P:<\/abbr><strong><a href=\"tel:+19513561207\" onclick=\"sendEventToGoogle('Content', '\/es\/wp-json\/wp\/v2\/pages\/4089', '+19513561207');\">(951) 356-1207<\/a><\/strong><br \/>\n<\/address>\n<h2>Operating Hours<\/h2>\n<h5>Monday to Saturday: 9.30am to 8.00pm<\/h5>\n<h5>Sundays Closed<\/h5>\n<p>&nbsp;<\/p>\n<p><iframe loading=\"lazy\" src=\"https:\/\/maps.google.com\/maps?q=2550+Tuscany+St++Suite+%23103++Corona,+CA+92881&amp;oe=utf-8&amp;client=firefox-a&amp;ie=UTF8&amp;hq=&amp;hnear=2550+Tuscany+St+%23103,+Corona,+California+92881,+United+States&amp;t=m&amp;ll=33.824651,-117.517319&amp;spn=0.021391,0.059223&amp;z=14&amp;iwloc=&amp;output=embed\" height=\"300\" width=\"690\" frameborder=\"0\" marginwidth=\"0\" marginheight=\"0\" scrolling=\"no\"><\/iframe><\/p>\n","protected":false},"excerpt":{"rendered":"<p>Manejo controlado de la p\u00e9rdida de peso &#8211; Estrella Aesthetics &#038; Surgical Arts Ray Khan, MD Estrella Aesthetics &#038; Surgical Arts Corona, California Programa de Ejercicio Reemplazo Hormonal Manejo Nutricional (Dieta) Inyecciones de B12 La B12 (cianocobalamina) es esencial para una variedad de procesos de s\u00edntesis en las c\u00e9lulas. La deficiencia de esta vitamina es&#8230; <a class=\"more-link\" href=\"https:\/\/estrellaaesthetics.com\/es\/programas-para-la-perdida-de-peso\">[Read More]<\/a><\/p>\n","protected":false},"author":4,"featured_media":0,"parent":0,"menu_order":0,"comment_status":"open","ping_status":"open","template":"","meta":{"_acf_changed":false,"inline_featured_image":false,"_genesis_hide_title":false,"_genesis_hide_breadcrumbs":false,"_genesis_hide_singular_image":false,"_genesis_hide_footer_widgets":false,"_genesis_custom_body_class":"","_genesis_custom_post_class":"","_genesis_layout":"","footnotes":""},"class_list":{"0":"post-4089","1":"page","2":"type-page","3":"status-publish","5":"entry"},"acf":[],"yoast_head":"\n<title>Manejo controlado de la p\u00e9rdida de peso<\/title>\n<meta name=\"description\" content=\"Programa de Ejercicio, Reemplazo Hormonal, Manejo Nutricional (Dieta) - Estrella Aesthetics en Corona, California. Llame al (951) 356-1207\" \/>\n<meta name=\"robots\" content=\"index, follow, max-snippet:-1, max-image-preview:large, max-video-preview:-1\" \/>\n<link rel=\"canonical\" href=\"https:\/\/estrellaaesthetics.com\/es\/programas-para-la-perdida-de-peso\/\" \/>\n<meta property=\"og:locale\" content=\"es_ES\" \/>\n<meta property=\"og:type\" content=\"article\" \/>\n<meta property=\"og:title\" content=\"Manejo controlado de la p\u00e9rdida de peso\" \/>\n<meta property=\"og:description\" content=\"Programa de Ejercicio, Reemplazo Hormonal, Manejo Nutricional (Dieta) - Estrella Aesthetics en Corona, California. Llame al (951) 356-1207\" \/>\n<meta property=\"og:url\" content=\"https:\/\/estrellaaesthetics.com\/es\/programas-para-la-perdida-de-peso\/\" \/>\n<meta property=\"og:site_name\" content=\"Estrella Aesthetics &amp; Surgical Arts - Spanish\" \/>\n<meta property=\"article:modified_time\" content=\"2019-08-19T16:52:53+00:00\" \/>\n<meta property=\"og:image\" content=\"https:\/\/estrellaaesthetics.com\/images\/B12.png\" \/>\n<meta name=\"twitter:card\" content=\"summary_large_image\" \/>\n<meta name=\"twitter:label1\" content=\"Tiempo de lectura\" \/>\n\t<meta name=\"twitter:data1\" content=\"2 minutos\" \/>\n<script type=\"application\/ld+json\" class=\"yoast-schema-graph\">{\"@context\":\"https:\\\/\\\/schema.org\",\"@graph\":[{\"@type\":\"WebPage\",\"@id\":\"https:\\\/\\\/estrellaaesthetics.com\\\/es\\\/programas-para-la-perdida-de-peso\\\/\",\"url\":\"https:\\\/\\\/estrellaaesthetics.com\\\/es\\\/programas-para-la-perdida-de-peso\\\/\",\"name\":\"Manejo controlado de la p\u00e9rdida de peso\",\"isPartOf\":{\"@id\":\"https:\\\/\\\/estrellaaesthetics.com\\\/es\\\/#website\"},\"datePublished\":\"2014-02-20T21:07:42+00:00\",\"dateModified\":\"2019-08-19T16:52:53+00:00\",\"description\":\"Programa de Ejercicio, Reemplazo Hormonal, Manejo Nutricional (Dieta) - Estrella Aesthetics en Corona, California. Llame al (951) 356-1207\",\"inLanguage\":\"es\",\"potentialAction\":[{\"@type\":\"ReadAction\",\"target\":[\"https:\\\/\\\/estrellaaesthetics.com\\\/es\\\/programas-para-la-perdida-de-peso\\\/\"]}]},{\"@type\":\"WebSite\",\"@id\":\"https:\\\/\\\/estrellaaesthetics.com\\\/es\\\/#website\",\"url\":\"https:\\\/\\\/estrellaaesthetics.com\\\/es\\\/\",\"name\":\"Estrella Aesthetics &amp; Surgical Arts - Spanish\",\"description\":\"Estrella Aesthetics &amp; Surgical Arts - Non-Surgical Laser Skin Care Clinic, Botox, Restylane &amp; Dermal Fillers, Corona, California\",\"potentialAction\":[{\"@type\":\"SearchAction\",\"target\":{\"@type\":\"EntryPoint\",\"urlTemplate\":\"https:\\\/\\\/estrellaaesthetics.com\\\/es\\\/?s={search_term_string}\"},\"query-input\":{\"@type\":\"PropertyValueSpecification\",\"valueRequired\":true,\"valueName\":\"search_term_string\"}}],\"inLanguage\":\"es\"}]}<\/script>\n","yoast_head_json":{"title":"Manejo controlado de la p\u00e9rdida de peso","description":"Programa de Ejercicio, Reemplazo Hormonal, Manejo Nutricional (Dieta) - Estrella Aesthetics en Corona, California. Llame al (951) 356-1207","robots":{"index":"index","follow":"follow","max-snippet":"max-snippet:-1","max-image-preview":"max-image-preview:large","max-video-preview":"max-video-preview:-1"},"canonical":"https:\/\/estrellaaesthetics.com\/es\/programas-para-la-perdida-de-peso\/","og_locale":"es_ES","og_type":"article","og_title":"Manejo controlado de la p\u00e9rdida de peso","og_description":"Programa de Ejercicio, Reemplazo Hormonal, Manejo Nutricional (Dieta) - Estrella Aesthetics en Corona, California. Llame al (951) 356-1207","og_url":"https:\/\/estrellaaesthetics.com\/es\/programas-para-la-perdida-de-peso\/","og_site_name":"Estrella Aesthetics &amp; Surgical Arts - Spanish","article_modified_time":"2019-08-19T16:52:53+00:00","og_image":[{"url":"https:\/\/estrellaaesthetics.com\/images\/B12.png","type":"","width":"","height":""}],"twitter_card":"summary_large_image","twitter_misc":{"Tiempo de lectura":"2 minutos"},"schema":{"@context":"https:\/\/schema.org","@graph":[{"@type":"WebPage","@id":"https:\/\/estrellaaesthetics.com\/es\/programas-para-la-perdida-de-peso\/","url":"https:\/\/estrellaaesthetics.com\/es\/programas-para-la-perdida-de-peso\/","name":"Manejo controlado de la p\u00e9rdida de peso","isPartOf":{"@id":"https:\/\/estrellaaesthetics.com\/es\/#website"},"datePublished":"2014-02-20T21:07:42+00:00","dateModified":"2019-08-19T16:52:53+00:00","description":"Programa de Ejercicio, Reemplazo Hormonal, Manejo Nutricional (Dieta) - Estrella Aesthetics en Corona, California. Llame al (951) 356-1207","inLanguage":"es","potentialAction":[{"@type":"ReadAction","target":["https:\/\/estrellaaesthetics.com\/es\/programas-para-la-perdida-de-peso\/"]}]},{"@type":"WebSite","@id":"https:\/\/estrellaaesthetics.com\/es\/#website","url":"https:\/\/estrellaaesthetics.com\/es\/","name":"Estrella Aesthetics &amp; Surgical Arts - Spanish","description":"Estrella Aesthetics &amp; Surgical Arts - Non-Surgical Laser Skin Care Clinic, Botox, Restylane &amp; Dermal Fillers, Corona, California","potentialAction":[{"@type":"SearchAction","target":{"@type":"EntryPoint","urlTemplate":"https:\/\/estrellaaesthetics.com\/es\/?s={search_term_string}"},"query-input":{"@type":"PropertyValueSpecification","valueRequired":true,"valueName":"search_term_string"}}],"inLanguage":"es"}]}},"_links":{"self":[{"href":"https:\/\/estrellaaesthetics.com\/es\/wp-json\/wp\/v2\/pages\/4089","targetHints":{"allow":["GET"]}}],"collection":[{"href":"https:\/\/estrellaaesthetics.com\/es\/wp-json\/wp\/v2\/pages"}],"about":[{"href":"https:\/\/estrellaaesthetics.com\/es\/wp-json\/wp\/v2\/types\/page"}],"author":[{"embeddable":true,"href":"https:\/\/estrellaaesthetics.com\/es\/wp-json\/wp\/v2\/users\/4"}],"replies":[{"embeddable":true,"href":"https:\/\/estrellaaesthetics.com\/es\/wp-json\/wp\/v2\/comments?post=4089"}],"version-history":[{"count":0,"href":"https:\/\/estrellaaesthetics.com\/es\/wp-json\/wp\/v2\/pages\/4089\/revisions"}],"wp:attachment":[{"href":"https:\/\/estrellaaesthetics.com\/es\/wp-json\/wp\/v2\/media?parent=4089"}],"curies":[{"name":"wp","href":"https:\/\/api.w.org\/{rel}","templated":true}]}}