{"id":4078,"date":"2014-02-20T20:03:38","date_gmt":"2014-02-20T20:03:38","guid":{"rendered":"http:\/\/estrellaaesthetics.com\/es\/?page_id=4078"},"modified":"2014-02-20T20:03:38","modified_gmt":"2014-02-20T20:03:38","slug":"reemplazo-de-hormonas-bioidenticas","status":"publish","type":"page","link":"https:\/\/estrellaaesthetics.com\/es\/reemplazo-de-hormonas-bioidenticas","title":{"rendered":"Reemplazo de Hormonas Bioid\u00e9nticas"},"content":{"rendered":"<h1>PROGRAMA INTEGRAL DE MEDICINA ANTI- ENVEJECIMIENTO Y REGENERATIVA<\/h1>\n<p>\u00bfMenopausia o pre-menopausia? \u00bfEst\u00e1 experimentando algunos de los s\u00edntomas?<\/p>\n<h2>Reemplazo Natural Bioid\u00e9ntico en las mujeres:<\/h2>\n<p>Millones de mujeres en los Estados Unidos sufren de desequilibrios hormonales, o deficiencias hormonales. Esto puede presentarse por la menopausia temprana, por s\u00edntomas de peri- menopausia, aumento de peso en la peri- menopausia, la fatiga adrenal, la menopausia, o los s\u00edntomas premenstruales (PMS).<\/p>\n<p>Cerca de 25 % de las mujeres entran en la menopausia como resultado de un tratamiento m\u00e9dico en lugar de por el proceso natural de envejecimiento. En el primer paso se debe identificar si usted est\u00e1 experimentando cualquiera de estos s\u00edntomas, y entrar en un programa de evaluaci\u00f3n y gesti\u00f3n integral que produzca una nueva sensaci\u00f3n de vitalidad.<\/p>\n<h2>Los s\u00edntomas de la menopausia y las deficiencias hormonales incluyen:<\/h2>\n<p>Cambios cerebrales y mentales:<\/p>\n<ul>\n<li>Reducci\u00f3n de la libido sexual<\/li>\n<li>Irritabilidad<\/li>\n<li>Depresi\u00f3n<\/li>\n<li>Cambios de humor<\/li>\n<li>P\u00e9rdida de la memoria<\/li>\n<li>Fatiga<\/li>\n<li>Insomnio<\/li>\n<\/ul>\n<p>Cambios en el cuerpo:<\/p>\n<ul>\n<li>P\u00e9rdida muscular<\/li>\n<li>Aumento de peso<\/li>\n<li>Ginecomastia<\/li>\n<li>Olas de calor<\/li>\n<li>Sudores nocturnos<\/li>\n<li>Resequedad vaginal<\/li>\n<\/ul>\n<h2>Niveles altos y bajos en las mujeres<\/h2>\n<p>Una testosterona elevada en las mujeres les puede dar caracter\u00edsticas masculinas, como la profundizaci\u00f3n de su voz y el crecimiento del pelo en la cara, el pecho y las extremidades. Puede haber un aumento en la masa muscular y las mujeres pueden desarrollar calvicie con patrones masculino. El exceso de testosterona puede provocar ciclos menstruales irregulares, piel \u00e1spera, cambios agresivos en la personalidad, llevar al s\u00edndrome de ovario poliqu\u00edstico (PCOS), tumores de ovario, s\u00edndrome de Conn, o el s\u00edndrome de Cushing. Los niveles m\u00e1s bajos de lo normal pueden llevar a una falta de deseo sexual y orgasmos m\u00e1s d\u00e9biles. Los bajos niveles de esta hormona pueden afectar la densidad \u00f3sea y la masa muscular, lo que lleva a una reducci\u00f3n de la fuerza y un mayor riesgo de fracturas. <\/p>\n<p>Los ovarios ayudan a producir testosterona, incluso despu\u00e9s de la menopausia. Por lo tanto, las mujeres que se han hecho remover sus ovarios est\u00e1n en un gran riesgo de tener menores niveles de testosterona y los s\u00edntomas que se ven asociados a ello.<\/p>\n<h2>Los niveles normales en las mujeres:<\/h2>\n<ul>\n<li>Niveles de testosterona relacionados con la edad (ng\/dl)<\/li>\n<li>Ni\u00f1as pre p\u00faberes &lt; 30<\/li>\n<li>Inicio de la pubertad a los 15 a\u00f1os de edad, 40-50<\/li>\n<li>A los 20 a\u00f1os, cerca de 70<\/li>\n<li>Mujer menop\u00e1usica, cerca de 35<\/li>\n<\/ul>\n<h2>Funciones de la testosterona en la mujer:<\/h2>\n<ul>\n<li>Reduce el riesgo de osteoporosis.<\/li>\n<li>Al mejorar las funciones metab\u00f3licas, contribuye a una curaci\u00f3n m\u00e1s r\u00e1pida o una recuperaci\u00f3n en menor tiempo despu\u00e9s de cualquier enfermedad.<\/li>\n<li>Importante para la fortaleza de los huesos y el desarrollo de la masa muscular y la fuerza.<\/li>\n<li>Contribuye a la sensaci\u00f3n general de bienestar y nivel de energ\u00eda.<\/li>\n<li>Libido (deseo sexual) est\u00e1 determinado por esta hormona.<\/li>\n<li>Responsable por la sensibilidad de los pezones de una mujer y el cl\u00edtoris, asociados con el placer sexual.<\/li>\n<li>Promueve una excitaci\u00f3n sexual m\u00e1s f\u00e1cil, un mejor humor sexual y orgasmos m\u00e1s frecuentes.<\/li>\n<\/ul>\n<p>El envejecimiento natural disminuye los niveles de testosterona. Las personas diagnosticadas con bajos niveles de esta hormona debido a su edad o niveles inferiores al nivel \u00f3ptimo durante sus 20s, pueden sufrir de los signos y s\u00edntomas de niveles bajos de testosterona.<\/p>\n<p>Los niveles anormalmente altos o bajos de testosterona pueden llevar a graves complicaciones de salud. Una dieta saludable y el ejercicio regular por lo general mantienen los niveles normales de testosterona, as\u00ed como todas las dem\u00e1s hormonas, tanto en hombres como en mujeres. Un estilo de vida saludable es esencial para mantener el equilibrio hormonal en el cuerpo. Ayuda a prevenir las enfermedades y trastornos.<\/p>\n<h2>La menopausia y la testosterona en la mujer:<\/h2>\n<p>Hay una disminuci\u00f3n de la producci\u00f3n de testosterona (por lo menos 50 %) y otras hormonas en el inicio de la perimenopausia o la menopausia. Si se realiza una histerectom\u00eda despu\u00e9s de la edad de 35 a\u00f1os de edad, a menudo se extirpan los ovarios, lo que provocar\u00e1 una disminuci\u00f3n m\u00e1s significativa en los niveles de testosterona. El estr\u00e9s puede desviar los precursores para la producci\u00f3n de la hormona testosterona hacia la producci\u00f3n de cortisol, reduciendo a\u00fan m\u00e1s los niveles de testosterona. Los altos niveles de estr\u00e9s tambi\u00e9n pueden contribuir a un inicio m\u00e1s temprano de la perimenopausia, incluso hacia el final de los treinta a\u00f1os. Esto puede causar menos energ\u00eda, cabello quebradizo, menos hueso y fuerza muscular, y un menor deseo sexual.<\/p>\n<h2>\u00a1La andropausia, es la menopausia masculina!<\/h2>\n<h3>Terapia de Reemplazo de Hormonas Bioid\u00e9nticas en Hombres:<\/h3>\n<p>Los hombres tienen un pico de la producci\u00f3n de hormonas cerca de los 20 a\u00f1os de edad, los hombres experimentan una p\u00e9rdida m\u00e1s gradual de las hormonas a partir de entonces, especialmente la testosterona. Este nadir o punto m\u00e1s bajo de esta producci\u00f3n de la hormona a menudo se puede observar cl\u00ednicamente durante los 40 \u00f3 50 a\u00f1os de edad.<\/p>\n<p>El resultado es la andropausia, tambi\u00e9n conocida como la \u00bb menopausia masculina\u00bb. La andropausia puede hacer la vida diaria menos gratificante con cambios negativos de la personalidad, sinti\u00e9ndose menos vitalidad para la vida y los correspondientes cambios corporales nocivos. Dado que los hombres viven vidas m\u00e1s activas, muchos buscan el alivio de los s\u00edntomas graves de desequilibrio hormonal con la terapia de reemplazo de hormonas bioid\u00e9nticas para los hombres.<\/p>\n<p>La detecci\u00f3n de los s\u00edntomas de la deficiencia de testosterona, la hormona del crecimiento, es el primer paso en el proceso de tratamiento, adem\u00e1s de la confirmaci\u00f3n de laboratorio, una historia m\u00e9dica completa, cuestionarios anti -envejecimiento y estr\u00e9s, y una exploraci\u00f3n f\u00edsica detallada para completar la evaluaci\u00f3n. \u00a1El tratamiento para optimizar su condici\u00f3n m\u00e9dica y reemplazar deficiencias hormonales puede transformar su vida!<\/p>\n<h2>Los signos de la andropausia y los problemas de reducci\u00f3n hormonal relacionados incluyen:<\/h2>\n<p>Cambios Cerebrales y Mentales:<\/p>\n<ul>\n<li>Menor deseo sexual<\/li>\n<li>Irritabilidad <\/li>\n<li>Depresi\u00f3n <\/li>\n<li>P\u00e9rdida de la memoria <\/li>\n<li>Fatiga <\/li>\n<li>Fragmentaci\u00f3n del sue\u00f1o <\/li>\n<\/ul>\n<p>Cambios corporales:<\/p>\n<ul>\n<li>P\u00e9rdida muscular <\/li>\n<li>Aumento de peso <\/li>\n<li>Ginecomastia <\/li>\n<li>Olas de calor en hombres <\/li>\n<li>Sudores nocturnos <\/li>\n<li>P\u00e9rdida del cabello <\/li>\n<li>Disfunci\u00f3n er\u00e9ctil <\/li>\n<li>Problemas urinarios <\/li>\n<li>Apnea del Sue\u00f1o<\/li>\n<\/ul>\n<h2>Testosterona: una hormona clave en los hombres y en las mujeres<\/h2>\n<p>Las mujeres presentan altos niveles de estr\u00f3geno y progesterona (producidos por los ovarios y la gl\u00e1ndula suprarrenal), mientras que los hombres tienen altos niveles de andr\u00f3genos, siendo el principal andr\u00f3geno la testosterona (producida por los test\u00edculos). Aunque la testosterona es reconocida como una hormona masculina, tambi\u00e9n est\u00e1 presente en las mujeres y es esencial tambi\u00e9n para ellas. La liberaci\u00f3n de la testosterona est\u00e1 regulada por la gl\u00e1ndula pituitaria a trav\u00e9s de la liberaci\u00f3n de la hormona luteinizante (LH). La testosterona se deriva del colesterol (al igual que todas las hormonas sexuales) y su precursor inmediato es la dehidroepiandrosterona o DHEA.<\/p>\n<h2>Los niveles de testosterona:<\/h2>\n<p>Los niveles promedio de testosterona seg\u00fan la edad pueden variar de persona a persona, dependiendo de las condiciones de la salud. Al reemplazar las hormonas, el m\u00e9dico utiliza tanto la mejor\u00eda sintom\u00e1tica, as\u00ed como una correcci\u00f3n de hasta aproximadamente el 75 por ciento de los niveles normales. Este nivel es el que m\u00e1s se aproxima al nivel de cuando nuestros cuerpos est\u00e1n en el nivel hormonal \u00f3ptimo.<\/p>\n<p>Niveles normales en los hombres:<\/p>\n<ul>\n<li>Niveles de testosterona seg\u00fan la (ng\/dL)<\/li>\n<li>7 meses &#8211; 9 a\u00f1os &lt; 30<\/li>\n<li>10 a 19 a\u00f1os, 1 a 970<\/li>\n<li>20 a 59 a\u00f1os, 270 a 890<\/li>\n<li>60 a\u00f1os y m\u00e1s, de 352 a 720<\/li>\n<\/ul>\n<h2>Niveles altos y bajos en los hombres<\/h2>\n<p>Los niveles elevados de testosterona en los hombres llevan a una pubertad temprana y es responsable de unas gl\u00e1ndulas seb\u00e1ceas hiperactivas y problemas de acn\u00e9 en la piel. En hombres adultos, los niveles elevados aumentan la probabilidad de c\u00e1ncer de pr\u00f3stata o c\u00e1ncer de las gl\u00e1ndulas suprarrenales. Unos niveles de testosterona inadecuados en los hombres a menudo son un s\u00edntoma de c\u00e1ncer testicular o un tumor de la gl\u00e1ndula pituitaria. Esta condici\u00f3n puede llevar a la infertilidad y p\u00e9rdida de la libido.<\/p>\n<h2>Funciones de la testosterona en los hombres:<\/h2>\n<p>Probablemente la m\u00e1s importante es que la testosterona influye en el g\u00e9nero del embri\u00f3n en desarrollo.<br \/>\nTransformaciones en las caracter\u00edsticas del g\u00e9nero masculino:<\/p>\n<ol>\n<li>voz m\u00e1s gruesa<\/li>\n<li>masa muscular mejorada<\/li>\n<li>prominencia alargada del cart\u00edlago tiroides (manzana de Ad\u00e1n)<\/li>\n<li>crecimiento de vello facial<\/li>\n<li>el desarrollo de los genitales externos (en la pubertad)<\/li>\n<li>La salud o la madurez del esperma<\/li>\n<\/ol>\n<p>Adem\u00e1s:<\/p>\n<ul>\n<li>La libido (deseo sexual) est\u00e1 determinada por esta hormona.<\/li>\n<li>Ayuda a mantener la salud f\u00edsica mediante la promoci\u00f3n de unos m\u00fasculos fuertes y lleva a una vida de calidad.<\/li>\n<li>Ayuda a la mejora de la masa y densidad \u00f3sea.<\/li>\n<li>Al mejorar las funciones metab\u00f3licas, contribuye a una curaci\u00f3n m\u00e1s r\u00e1pida o una recuperaci\u00f3n m\u00e1s acelerada despu\u00e9s de cualquier enfermedad.<\/li>\n<li>En los hombres, desempe\u00f1a un papel importante en la reducci\u00f3n de la grasa corporal total.<\/li>\n<\/ul>\n<h2>Un enfoque equilibrado Natural<\/h2>\n<p>A medida que las mujeres y los hombres se acercan a la mediana edad, muchos se preguntan a menudo si la terapia hormonal puede ser beneficiosa para ellos. Estudios cl\u00ednicos cient\u00edficos han demostrado que la terapia hormonal tradicional (sint\u00e9tica) es menos eficaz que las hormonas bioid\u00e9nticas y puede aumentar la probabilidad de diversos tipos de c\u00e1ncer y enfermedades del coraz\u00f3n. Sin embargo, muchos est\u00e1n tomando un enfoque natural para el equilibrio hormonal con la terapia de reemplazo de hormonas bioid\u00e9nticas (BIHR).<\/p>\n<p>El equilibrio hormonal utilizando hormonas bioid\u00e9nticas naturales tanto en las mujeres como en los hombres puede dar un sentido de vitalidad a la vida.<\/p>\n<h2>Reemplazo de Hormonas Bioid\u00e9nticas<\/h2>\n<p>What are Bioidentical Hormones?<\/p>\n<p>\u00bfQu\u00e9 son las hormonas bioid\u00e9nticas? Las hormonas bioid\u00e9nticas son derivados de fuentes naturales, tales como el \u00f1ame y la soja, y est\u00e1n dise\u00f1ados para replicar la misma estructura qu\u00edmica de las hormonas que son producidas naturalmente por nuestro cuerpo. Con base en sus niveles hormonales y su respuesta al tratamiento hormonal, una farmacia de composici\u00f3n especializada puede crear un r\u00e9gimen de hormonas bioid\u00e9nticas personalizado dise\u00f1ado espec\u00edficamente para usted.<\/p>\n<p>Por otro lado, las hormonas sint\u00e9ticas son intencionalmente diferentes. Las compa\u00f1\u00edas farmac\u00e9uticas no pueden patentar las hormonas bioid\u00e9nticas porque cada r\u00e9gimen est\u00e1 formulado espec\u00edficamente para tratar a cada paciente de forma individual. En su lugar, ellos fabrican hormonas sint\u00e9ticas que son patentables.<\/p>\n<h2>\u00bfLas Hormonas Bioid\u00e9nticas son m\u00e1s eficaces que las hormonas sint\u00e9ticas?<\/h2>\n<p>Las hormonas bioid\u00e9nticas est\u00e1n espec\u00edficamente dise\u00f1adas para satisfacer sus necesidades hormonales individuales, a diferencia de las hormonas sint\u00e9ticas, que no son personalizadas. Existe una abrumadora evidencia que apoya la afirmaci\u00f3n de que la terapia de hormonas bioid\u00e9nticas es m\u00e1s segura y m\u00e1s eficaz que el reemplazo con hormonas sint\u00e9ticas. Sin embargo, no existe ning\u00fan medicamento o suplemento que est\u00e9 completamente libre de posibles efectos negativos. Estos hechos hacen que sea esencial que uno consulte a un especialista antes de comenzar cualquier r\u00e9gimen de terapia hormonal.<\/p>\n<h2>\u00bfQu\u00e9 hormonas es importante monitorear? <\/h2>\n<p>Las siguientes son las hormonas m\u00e1s importantes que intervienen en todos sus \u00f3rganos y procesos metab\u00f3licos y que afectan el proceso de envejecimiento:<\/p>\n<ul>\n<li>Progesterona (las mujeres) <\/li>\n<li>Estr\u00f3genos (mujeres)<\/li>\n<li>Testosterona <\/li>\n<li>DHEA (dehidroepiandrosterona)<\/li>\n<li>Tiroides <\/li>\n<li>Hormona del crecimiento humano<\/li>\n<li>Melatonina<\/li>\n<\/ul>\n","protected":false},"excerpt":{"rendered":"<p>PROGRAMA INTEGRAL DE MEDICINA ANTI- ENVEJECIMIENTO Y REGENERATIVA \u00bfMenopausia o pre-menopausia? \u00bfEst\u00e1 experimentando algunos de los s\u00edntomas? Reemplazo Natural Bioid\u00e9ntico en las mujeres: Millones de mujeres en los Estados Unidos sufren de desequilibrios hormonales, o deficiencias hormonales. Esto puede presentarse por la menopausia temprana, por s\u00edntomas de peri- menopausia, aumento de peso en la peri-&#8230; <a class=\"more-link\" href=\"https:\/\/estrellaaesthetics.com\/es\/reemplazo-de-hormonas-bioidenticas\">[Read More]<\/a><\/p>\n","protected":false},"author":4,"featured_media":0,"parent":0,"menu_order":0,"comment_status":"open","ping_status":"open","template":"","meta":{"_acf_changed":false,"inline_featured_image":false,"_genesis_hide_title":false,"_genesis_hide_breadcrumbs":false,"_genesis_hide_singular_image":false,"_genesis_hide_footer_widgets":false,"_genesis_custom_body_class":"","_genesis_custom_post_class":"","_genesis_layout":"","footnotes":""},"class_list":{"0":"post-4078","1":"page","2":"type-page","3":"status-publish","5":"entry"},"acf":[],"yoast_head":"\n<title>Reemplazo de Hormonas Bioid\u00e9nticas<\/title>\n<meta name=\"description\" content=\"PROGRAMA INTEGRAL DE MEDICINA ANTI- ENVEJECIMIENTO Y REGENERATIVA\" \/>\n<meta name=\"robots\" content=\"index, follow, max-snippet:-1, max-image-preview:large, max-video-preview:-1\" \/>\n<link rel=\"canonical\" href=\"https:\/\/estrellaaesthetics.com\/es\/reemplazo-de-hormonas-bioidenticas\/\" \/>\n<meta property=\"og:locale\" content=\"es_ES\" \/>\n<meta property=\"og:type\" content=\"article\" \/>\n<meta property=\"og:title\" content=\"Reemplazo de Hormonas Bioid\u00e9nticas\" \/>\n<meta property=\"og:description\" content=\"PROGRAMA INTEGRAL DE MEDICINA ANTI- ENVEJECIMIENTO Y REGENERATIVA\" \/>\n<meta property=\"og:url\" content=\"https:\/\/estrellaaesthetics.com\/es\/reemplazo-de-hormonas-bioidenticas\/\" \/>\n<meta property=\"og:site_name\" content=\"Estrella Aesthetics &amp; Surgical Arts - Spanish\" \/>\n<meta name=\"twitter:card\" content=\"summary_large_image\" \/>\n<meta name=\"twitter:label1\" content=\"Tiempo de lectura\" \/>\n\t<meta name=\"twitter:data1\" content=\"10 minutos\" \/>\n<script type=\"application\/ld+json\" class=\"yoast-schema-graph\">{\"@context\":\"https:\\\/\\\/schema.org\",\"@graph\":[{\"@type\":\"WebPage\",\"@id\":\"https:\\\/\\\/estrellaaesthetics.com\\\/es\\\/reemplazo-de-hormonas-bioidenticas\\\/\",\"url\":\"https:\\\/\\\/estrellaaesthetics.com\\\/es\\\/reemplazo-de-hormonas-bioidenticas\\\/\",\"name\":\"Reemplazo de Hormonas Bioid\u00e9nticas\",\"isPartOf\":{\"@id\":\"https:\\\/\\\/estrellaaesthetics.com\\\/es\\\/#website\"},\"datePublished\":\"2014-02-20T20:03:38+00:00\",\"description\":\"PROGRAMA INTEGRAL DE MEDICINA ANTI- ENVEJECIMIENTO Y REGENERATIVA\",\"inLanguage\":\"es\",\"potentialAction\":[{\"@type\":\"ReadAction\",\"target\":[\"https:\\\/\\\/estrellaaesthetics.com\\\/es\\\/reemplazo-de-hormonas-bioidenticas\\\/\"]}]},{\"@type\":\"WebSite\",\"@id\":\"https:\\\/\\\/estrellaaesthetics.com\\\/es\\\/#website\",\"url\":\"https:\\\/\\\/estrellaaesthetics.com\\\/es\\\/\",\"name\":\"Estrella Aesthetics &amp; Surgical Arts - Spanish\",\"description\":\"Estrella Aesthetics &amp; Surgical Arts - Non-Surgical Laser Skin Care Clinic, Botox, Restylane &amp; Dermal Fillers, Corona, California\",\"potentialAction\":[{\"@type\":\"SearchAction\",\"target\":{\"@type\":\"EntryPoint\",\"urlTemplate\":\"https:\\\/\\\/estrellaaesthetics.com\\\/es\\\/?s={search_term_string}\"},\"query-input\":{\"@type\":\"PropertyValueSpecification\",\"valueRequired\":true,\"valueName\":\"search_term_string\"}}],\"inLanguage\":\"es\"}]}<\/script>\n","yoast_head_json":{"title":"Reemplazo de Hormonas Bioid\u00e9nticas","description":"PROGRAMA INTEGRAL DE MEDICINA ANTI- ENVEJECIMIENTO Y REGENERATIVA","robots":{"index":"index","follow":"follow","max-snippet":"max-snippet:-1","max-image-preview":"max-image-preview:large","max-video-preview":"max-video-preview:-1"},"canonical":"https:\/\/estrellaaesthetics.com\/es\/reemplazo-de-hormonas-bioidenticas\/","og_locale":"es_ES","og_type":"article","og_title":"Reemplazo de Hormonas Bioid\u00e9nticas","og_description":"PROGRAMA INTEGRAL DE MEDICINA ANTI- ENVEJECIMIENTO Y REGENERATIVA","og_url":"https:\/\/estrellaaesthetics.com\/es\/reemplazo-de-hormonas-bioidenticas\/","og_site_name":"Estrella Aesthetics &amp; Surgical Arts - Spanish","twitter_card":"summary_large_image","twitter_misc":{"Tiempo de lectura":"10 minutos"},"schema":{"@context":"https:\/\/schema.org","@graph":[{"@type":"WebPage","@id":"https:\/\/estrellaaesthetics.com\/es\/reemplazo-de-hormonas-bioidenticas\/","url":"https:\/\/estrellaaesthetics.com\/es\/reemplazo-de-hormonas-bioidenticas\/","name":"Reemplazo de Hormonas Bioid\u00e9nticas","isPartOf":{"@id":"https:\/\/estrellaaesthetics.com\/es\/#website"},"datePublished":"2014-02-20T20:03:38+00:00","description":"PROGRAMA INTEGRAL DE MEDICINA ANTI- ENVEJECIMIENTO Y REGENERATIVA","inLanguage":"es","potentialAction":[{"@type":"ReadAction","target":["https:\/\/estrellaaesthetics.com\/es\/reemplazo-de-hormonas-bioidenticas\/"]}]},{"@type":"WebSite","@id":"https:\/\/estrellaaesthetics.com\/es\/#website","url":"https:\/\/estrellaaesthetics.com\/es\/","name":"Estrella Aesthetics &amp; Surgical Arts - Spanish","description":"Estrella Aesthetics &amp; Surgical Arts - Non-Surgical Laser Skin Care Clinic, Botox, Restylane &amp; Dermal Fillers, Corona, California","potentialAction":[{"@type":"SearchAction","target":{"@type":"EntryPoint","urlTemplate":"https:\/\/estrellaaesthetics.com\/es\/?s={search_term_string}"},"query-input":{"@type":"PropertyValueSpecification","valueRequired":true,"valueName":"search_term_string"}}],"inLanguage":"es"}]}},"_links":{"self":[{"href":"https:\/\/estrellaaesthetics.com\/es\/wp-json\/wp\/v2\/pages\/4078","targetHints":{"allow":["GET"]}}],"collection":[{"href":"https:\/\/estrellaaesthetics.com\/es\/wp-json\/wp\/v2\/pages"}],"about":[{"href":"https:\/\/estrellaaesthetics.com\/es\/wp-json\/wp\/v2\/types\/page"}],"author":[{"embeddable":true,"href":"https:\/\/estrellaaesthetics.com\/es\/wp-json\/wp\/v2\/users\/4"}],"replies":[{"embeddable":true,"href":"https:\/\/estrellaaesthetics.com\/es\/wp-json\/wp\/v2\/comments?post=4078"}],"version-history":[{"count":0,"href":"https:\/\/estrellaaesthetics.com\/es\/wp-json\/wp\/v2\/pages\/4078\/revisions"}],"wp:attachment":[{"href":"https:\/\/estrellaaesthetics.com\/es\/wp-json\/wp\/v2\/media?parent=4078"}],"curies":[{"name":"wp","href":"https:\/\/api.w.org\/{rel}","templated":true}]}}