{"id":3212,"date":"2013-11-25T13:23:02","date_gmt":"2013-11-25T21:23:02","guid":{"rendered":"http:\/\/staging.estrellaaesthetics.com\/?page_id=3212"},"modified":"2018-05-21T07:27:26","modified_gmt":"2018-05-21T14:27:26","slug":"sitemap","status":"publish","type":"page","link":"https:\/\/estrellaaesthetics.com\/es\/sitemap\/","title":{"rendered":"Mapa del Sitio"},"content":{"rendered":"<h1>Mapa del Sitio<\/h1>\n<div id=\"wp-realtime-sitemap-pages\"><h3>Pages<\/h3><ul><li class=\"page_item page-item-10\"><a href=\"https:\/\/estrellaaesthetics.com\/es\/\"><span>Estrella<\/span> Aesthetics<\/a><\/li>\n<li class=\"page_item page-item-2863\"><a href=\"https:\/\/estrellaaesthetics.com\/es\/procedimientos\/medicina-regenerativa\">Anti-Edad (Medicina Regenerativa) por parte de los mejores cirujanos est\u00e9ticos de Corona, CA<\/a><\/li>\n<li class=\"page_item page-item-1564\"><a href=\"https:\/\/estrellaaesthetics.com\/es\/financiamiento\/\">CareCredit Healthcare Finance, financiaci\u00f3n para cirug\u00eda cosm\u00e9tica, financiaci\u00f3n m\u00e9dica<\/a><\/li>\n<li class=\"page_item page-item-2777\"><a href=\"https:\/\/estrellaaesthetics.com\/es\/cirugia-plastica-corporal\">Cirug\u00eda Pl\u00e1stica Corporal en Corona, CA<\/a><\/li>\n<li class=\"page_item page-item-2765\"><a href=\"https:\/\/estrellaaesthetics.com\/es\/procedimientos-faciales-no-invasivos\/rejuvenecimiento-de-la-piel\">Combinaci\u00f3n de Rejuvenecimiento de la piel (Trinity Skin Series)<\/a><\/li>\n<li class=\"page_item page-item-19\"><a href=\"https:\/\/estrellaaesthetics.com\/es\/contacto\/\">Cont\u00e1ctenos<\/a><\/li>\n<li class=\"page_item page-item-4566\"><a href=\"https:\/\/estrellaaesthetics.com\/es\/prensa\/facials-disponible-en-corona-ca\">El tratamiento favorito en Hollywood ahora en Corona, CA<\/a><\/li>\n<li class=\"page_item page-item-4773\"><a href=\"https:\/\/estrellaaesthetics.com\/es\/especiales\/\">Especiales<\/a><\/li>\n<li class=\"page_item page-item-5285\"><a href=\"https:\/\/estrellaaesthetics.com\/es\/gracias-por-registrarse-en-nuestro-boletin\">Gracias por registrarse en nuestro Bolet\u00edn<\/a><\/li>\n<li class=\"page_item page-item-5624\"><a href=\"https:\/\/estrellaaesthetics.com\/es\/instagram\/\">Instagram<\/a><\/li>\n<li class=\"page_item page-item-4307\"><a href=\"https:\/\/estrellaaesthetics.com\/es\/quienes-somos\/judi-castro\">Judi Castro, RN, MEP-C, CAC<\/a><\/li>\n<li class=\"page_item page-item-4089\"><a href=\"https:\/\/estrellaaesthetics.com\/es\/programas-para-la-perdida-de-peso\">Manejo controlado de la p\u00e9rdida de peso<\/a><\/li>\n<li class=\"page_item page-item-3212\"><a href=\"https:\/\/estrellaaesthetics.com\/es\/sitemap\/\">Mapa del Sitio<\/a><\/li>\n<li class=\"page_item page-item-4092\"><a href=\"https:\/\/estrellaaesthetics.com\/es\/medicina-regenerativa\/\">Medicina Regenerativa<\/a><\/li>\n<li class=\"page_item page-item-4560\"><a href=\"https:\/\/estrellaaesthetics.com\/es\/gracias\/\">Muchas gracias. Te estaremos contactando a la brevedad.<\/a><\/li>\n<li class=\"page_item page-item-2600\"><a href=\"https:\/\/estrellaaesthetics.com\/es\/testimonios\/\">Opiniones &#8211; Estrella Aesthetics &#8211; Comentarios de Clientes &#8211; Testimonios<\/a><\/li>\n<li class=\"page_item page-item-5261\"><a href=\"https:\/\/estrellaaesthetics.com\/es\/procedimientos-de-cirugia-cosmetica\">Procedimientos de Cirug\u00eda Cosm\u00e9tica<\/a><\/li>\n<li class=\"page_item page-item-17 page_item_has_children\"><a href=\"https:\/\/estrellaaesthetics.com\/es\/procedimientos\/\">Procedimientos de Estrella Aesthetics &amp; Surgical Arts<\/a>\n<ul class='children'>\n\t<li class=\"page_item page-item-5633 page_item_has_children\"><a href=\"https:\/\/estrellaaesthetics.com\/es\/procedimientos-laser\/\">Procedimientos con L\u00e1ser<\/a>\n\t<ul class='children'>\n\t\t<li class=\"page_item page-item-4716\"><a href=\"https:\/\/estrellaaesthetics.com\/es\/procedimientos-laser\/elos-plus\/\">el\u014ds plus<\/a><\/li>\n\t\t<li class=\"page_item page-item-2760\"><a href=\"https:\/\/estrellaaesthetics.com\/es\/procedimientos-laser\/estiramiento-de-la-piel\/\">Estiramiento de la piel<\/a><\/li>\n\t\t<li class=\"page_item page-item-3014\"><a href=\"https:\/\/estrellaaesthetics.com\/es\/procedimientos-laser\/ipl\/\">IPL (Luz Intensa por Pulsos) y Broad Band Light (Luz de Banda Ancha)<\/a><\/li>\n\t\t<li class=\"page_item page-item-2847\"><a href=\"https:\/\/estrellaaesthetics.com\/es\/procedimientos-laser\/vampire-facelift\/\">Vampire Facelift (Lift Ageless)<\/a><\/li>\n\t<\/ul>\n<\/li>\n\t<li class=\"page_item page-item-2775 page_item_has_children\"><a href=\"https:\/\/estrellaaesthetics.com\/es\/procedimientos-para-el-cuerpo\/\">Procedimientos corporales en Corona, Ca.<\/a>\n\t<ul class='children'>\n\t\t<li class=\"page_item page-item-4698\"><a href=\"https:\/\/estrellaaesthetics.com\/es\/cirugia-plastica-corporal\/liposuccion\">Liposuccion (VASER, ultrasonido; L\u00e1ser)<\/a><\/li>\n\t<\/ul>\n<\/li>\n\t<li class=\"page_item page-item-2717 page_item_has_children\"><a href=\"https:\/\/estrellaaesthetics.com\/es\/procedimientos-para-la-cara\/\">Procedimientos faciales en Corona, CA<\/a>\n\t<ul class='children'>\n\t\t<li class=\"page_item page-item-2720 page_item_has_children\"><a href=\"https:\/\/estrellaaesthetics.com\/es\/cirugia-cosmetica-facial\/\">Cirug\u00eda Est\u00e9tica Facial en Corona, CA<\/a>\n\t\t<ul class='children'>\n\t\t\t<li class=\"page_item page-item-4438\"><a href=\"https:\/\/estrellaaesthetics.com\/es\/cirugia-estetica-facial\/aumento-de-labios\">Aumento de Labios &#8211; Aumento PermaLip<\/a><\/li>\n\t\t\t<li class=\"page_item page-item-4442\"><a href=\"https:\/\/estrellaaesthetics.com\/es\/cirugia-estetica-facial\/reduccion-de-labios\">Cirug\u00eda de reducci\u00f3n de labios<\/a><\/li>\n\t\t\t<li class=\"page_item page-item-4396\"><a href=\"https:\/\/estrellaaesthetics.com\/es\/cirugia-estetica-facial\/blefaroplastia\">Cirug\u00eda Est\u00e9tica de P\u00e1rpados (blefaroplastia)<\/a><\/li>\n\t\t\t<li class=\"page_item page-item-4370\"><a href=\"https:\/\/estrellaaesthetics.com\/es\/cirugia-estetica-facial\/implantes-de-menton\">Implantes de Ment\u00f3n y contorneado mandibular de ment\u00f3n<\/a><\/li>\n\t\t\t<li class=\"page_item page-item-4355\"><a href=\"https:\/\/estrellaaesthetics.com\/es\/cirugia-estetica-facial\/implantes-de-pomulos\">Implantes de P\u00f3mulos en Corona<\/a><\/li>\n\t\t\t<li class=\"page_item page-item-4402\"><a href=\"https:\/\/estrellaaesthetics.com\/es\/cirugia-estetica-facial\/levantamiento-de-cara\">Levantamiento de Cara<\/a><\/li>\n\t\t\t<li class=\"page_item page-item-4415\"><a href=\"https:\/\/estrellaaesthetics.com\/es\/cirugia-estetica-facial\/levantamiento-de-frente\">Levantamiento de la Frente (Levantamiento de Cejas)<\/a><\/li>\n\t\t\t<li class=\"page_item page-item-4448\"><a href=\"https:\/\/estrellaaesthetics.com\/es\/cirugia-estetica-facial\/liposuccion\">Procedimientos de Liposucci\u00f3n (Cara y Cuello)<\/a><\/li>\n\t\t\t<li class=\"page_item page-item-4453\"><a href=\"https:\/\/estrellaaesthetics.com\/es\/cirugia-estetica-facial\/levantamiento-de-cuello\">Rejuvenecimiento de Cuello con Levantamiento &#8211; Cervicoplastia<\/a><\/li>\n\t\t\t<li class=\"page_item page-item-4468\"><a href=\"https:\/\/estrellaaesthetics.com\/es\/cirugia-estetica-facial\/rinoplastia\">Rinoplastia (cirug\u00eda de nariz) &#8211; Embellecimiento de la Nariz en Corona (Ca)<\/a><\/li>\n\t\t\t<li class=\"page_item page-item-4458\"><a href=\"https:\/\/estrellaaesthetics.com\/es\/cirugia-estetica-facial\/revision-de-rinoplastia\">Rinoplastia de Revisi\u00f3n<\/a><\/li>\n\t\t\t<li class=\"page_item page-item-4411\"><a href=\"https:\/\/estrellaaesthetics.com\/es\/cirugia-estetica-facial\/injertos-de-grasa-facial\">Transferencia de grasa facial \/ injertos de grasa<\/a><\/li>\n\t\t<\/ul>\n<\/li>\n\t\t<li class=\"page_item page-item-4435\"><a href=\"https:\/\/estrellaaesthetics.com\/es\/procedimientos-para-la-cara\/rejuvenecimiento-de-la-piel-con-laser\/\">Rejuvenecimiento L\u00e1ser de la Piel<\/a><\/li>\n\t<\/ul>\n<\/li>\n\t<li class=\"page_item page-item-2767 page_item_has_children\"><a href=\"https:\/\/estrellaaesthetics.com\/es\/inyectables\/\">Procedimientos Inyectables<\/a>\n\t<ul class='children'>\n\t\t<li class=\"page_item page-item-2773\"><a href=\"https:\/\/estrellaaesthetics.com\/es\/inyectables\/neuromoduladores\/\">Botox, Dysport y Xeomin<\/a><\/li>\n\t\t<li class=\"page_item page-item-2769\"><a href=\"https:\/\/estrellaaesthetics.com\/es\/inyectables\/rellenos-dermicos-temporales\/\">Perlane, Juvaderm<\/a><\/li>\n\t\t<li class=\"page_item page-item-4758\"><a href=\"https:\/\/estrellaaesthetics.com\/es\/inyectables\/perlane\/\">Perlane\u00ae y Perlane-L\u00ae<\/a><\/li>\n\t\t<li class=\"page_item page-item-2771\"><a href=\"https:\/\/estrellaaesthetics.com\/es\/inyectables\/rellenos-dermicos-permanentes\/\">Relleno D\u00e9rmico Bellafill\u00ae<\/a><\/li>\n\t<\/ul>\n<\/li>\n\t<li class=\"page_item page-item-2825 page_item_has_children\"><a href=\"https:\/\/estrellaaesthetics.com\/es\/procedimientos-para-la-piel\/\">Procedimientos para la piel<\/a>\n\t<ul class='children'>\n\t\t<li class=\"page_item page-item-2841\"><a href=\"https:\/\/estrellaaesthetics.com\/es\/depilacion-laser\/\">Depilaci\u00f3n (Depilaci\u00f3n l\u00e1ser)<\/a><\/li>\n\t\t<li class=\"page_item page-item-4480\"><a href=\"https:\/\/estrellaaesthetics.com\/es\/procedimientos-para-la-piel\/exfoliaciones-quimicas\/\">Exfoliaci\u00f3n (Peeling) Qu\u00edmica (leve, moderado, agresivo)<\/a><\/li>\n\t\t<li class=\"page_item page-item-4490\"><a href=\"https:\/\/estrellaaesthetics.com\/es\/procedimientos-para-la-piel\/microdermoabrasion\/\">Microdermoabrasi\u00f3n &#8211; Regeneraci\u00f3n Celular de la Piel<\/a><\/li>\n\t\t<li class=\"page_item page-item-2843 page_item_has_children\"><a href=\"https:\/\/estrellaaesthetics.com\/es\/procedimientos-no-invasivos\">Procedimientos no invasivos para la piel<\/a>\n\t\t<ul class='children'>\n\t\t\t<li class=\"page_item page-item-2857\"><a href=\"https:\/\/estrellaaesthetics.com\/es\/tratamientos-dermicos-no-invasivos\/anti-arrugas\">Tratamientos para las arrugas<\/a><\/li>\n\t\t\t<li class=\"page_item page-item-2849\"><a href=\"https:\/\/estrellaaesthetics.com\/es\/tratamientos-dermicos-no-invasivos\/vampire-facial\">Vampire Facial (Ageless Facial)<\/a><\/li>\n\t\t<\/ul>\n<\/li>\n\t\t<li class=\"page_item page-item-2861\"><a href=\"https:\/\/estrellaaesthetics.com\/es\/productos-cuidado-de-la-piel\">Productos para el Cuidado de la Piel<\/a><\/li>\n\t\t<li class=\"page_item page-item-4508\"><a href=\"https:\/\/estrellaaesthetics.com\/es\/procedimientos-para-la-piel\/sueros\/\">Sueros \u2013 Suero M, Suero C, Suero A, Suero HA, Suero HQ<\/a><\/li>\n\t\t<li class=\"page_item page-item-2827 page_item_has_children\"><a href=\"https:\/\/estrellaaesthetics.com\/es\/procedimientos-para-la-piel\/suplementos-faciales\/\">Suplementos Faciales<\/a>\n\t\t<ul class='children'>\n\t\t\t<li class=\"page_item page-item-4483\"><a href=\"https:\/\/estrellaaesthetics.com\/es\/hydrafacial-y-suplementos-faciales\/dermaplaning\">Dermaplaning<\/a><\/li>\n\t\t<\/ul>\n<\/li>\n\t<\/ul>\n<\/li>\n<\/ul>\n<\/li>\n<li class=\"page_item page-item-5255\"><a href=\"https:\/\/estrellaaesthetics.com\/es\/procedimientos-de-rejuvenecimiento-masculino\">Procedimientos de Rejuvenecimiento Masculino<\/a><\/li>\n<li class=\"page_item page-item-4179\"><a href=\"https:\/\/estrellaaesthetics.com\/es\/procedimientos-corporales-no-invasivos\/\">Procedimientos no invasivos para el cuerpo del Equipo de Estrella Aesthetics.<\/a><\/li>\n<li class=\"page_item page-item-5269\"><a href=\"https:\/\/estrellaaesthetics.com\/es\/procedimientos-sin-cirugia\">Procedimientos Sin Cirug\u00eda<\/a><\/li>\n<li class=\"page_item page-item-2885\"><a href=\"https:\/\/estrellaaesthetics.com\/es\/productos\">Productos para el cuidado de la piel en Corona<\/a><\/li>\n<li class=\"page_item page-item-2871\"><a href=\"https:\/\/estrellaaesthetics.com\/es\/medicina-regenerativa\/programas-de-dieta\">Programa de P\u00e9rdida de Peso &#8211; Programas de dieta<\/a><\/li>\n<li class=\"page_item page-item-4094\"><a href=\"https:\/\/estrellaaesthetics.com\/es\/medicina-regenerativa\/programa-integral-anti-envejecimiento\">Programa Integral Anti- Edad<\/a><\/li>\n<li class=\"page_item page-item-2752\"><a href=\"https:\/\/estrellaaesthetics.com\/es\/procedimientos-faciales-no-invasivos\/needling-dermica\">Punci\u00f3n (Needling) D\u00e9rmica (Micropen) por parte de un Cirujano Est\u00e9tico con Triple Certificaci\u00f3n en Corona, CA<\/a><\/li>\n<li class=\"page_item page-item-4078\"><a href=\"https:\/\/estrellaaesthetics.com\/es\/reemplazo-de-hormonas-bioidenticas\">Reemplazo de Hormonas Bioid\u00e9nticas<\/a><\/li>\n<li class=\"page_item page-item-4096\"><a href=\"https:\/\/estrellaaesthetics.com\/es\/medicina-regenerativa\/reemplazo-hormonal\">Reemplazo Hormonal<\/a><\/li>\n<li class=\"page_item page-item-2873\"><a href=\"https:\/\/estrellaaesthetics.com\/es\/medicina-regenerativa\/terapia-de-celulas-madre\">Terapia de c\u00e9lulas madre<\/a><\/li>\n<li class=\"page_item page-item-4696\"><a href=\"https:\/\/estrellaaesthetics.com\/es\/tratamiento-venas-varicosas\">Tratamiento de Venas Varicosas<\/a><\/li>\n<li class=\"page_item page-item-16 page_item_has_children\"><a href=\"https:\/\/estrellaaesthetics.com\/es\/quienes-somos\/\">Tratamientos de rejuvenecimiento facial<\/a>\n<ul class='children'>\n\t<li class=\"page_item page-item-170\"><a href=\"https:\/\/estrellaaesthetics.com\/es\/quienes-somos\/nuestro-equipo\/\">Cirug\u00eda est\u00e9tica no quir\u00fargica en Corona, CA<\/a><\/li>\n\t<li class=\"page_item page-item-2315\"><a href=\"https:\/\/estrellaaesthetics.com\/es\/quienes-somos\/nuestra-mision\">Nuestra Misi\u00f3n<\/a><\/li>\n<\/ul>\n<\/li>\n<li class=\"page_item page-item-4177\"><a href=\"https:\/\/estrellaaesthetics.com\/es\/tratamientos-dermicos-no-invasivos\/\">Tratamientos D\u00e9rmicos No Invasivos<\/a><\/li>\n<li class=\"page_item page-item-5639\"><a href=\"https:\/\/estrellaaesthetics.com\/es\/procedimientos\/laser\">TRATAMIENTOS LASER<\/a><\/li>\n<li class=\"page_item page-item-2754\"><a href=\"https:\/\/estrellaaesthetics.com\/es\/procedimientos-faciales-no-invasivos\/vampire-facelift\/\">Vampire Facelift (Lift Ageless) del renombrado Cirujano Pl\u00e1stico Facial y Cirujano Est\u00e9tico, en Corona, CA<\/a><\/li>\n<li class=\"page_item page-item-2756\"><a href=\"https:\/\/estrellaaesthetics.com\/es\/procedimientos-faciales-no-invasivos\/vampire-facial\">Vampire Facial (Ageless Facial) por el cirujano est\u00e9tico con triple certificaci\u00f3n en Corona, CA.<\/a><\/li>\n<li class=\"page_item page-item-4712\"><a href=\"https:\/\/estrellaaesthetics.com\/es\/velashape\">VelaShape<\/a><\/li>\n<\/ul><\/div><div id=\"wp-realtime-sitemap-posts\"><h3>Posts<\/h3><ul><li><a href=\"https:\/\/estrellaaesthetics.com\/es\/blog\/los-expertos-en-rejuvenecimiento-facial-no-quirurgico\/\" title=\"Enlace permanenta a Los expertos en rejuvenecimiento facial no quir\u00fargico\" rel=\"bookmark\">Los expertos en rejuvenecimiento facial no quir\u00fargico<\/a><\/li><\/ul><\/div><div id=\"wp-realtime-sitemap-archives\"><h3>Archives<\/h3><ul>\t<li><a href='https:\/\/estrellaaesthetics.com\/es\/2019\/08\/'>agosto 2019<\/a>&nbsp;(1)<\/li>\n<\/ul><\/div><div id=\"wp-realtime-sitemap-categories\"><h3>Categories<\/h3><ul>\t<li class=\"cat-item cat-item-731\"><a href=\"https:\/\/estrellaaesthetics.com\/es\/blog\">Blog<\/a>\n<\/li>\n<\/ul><\/div>\n","protected":false},"excerpt":{"rendered":"<p>Mapa del Sitio<\/p>\n","protected":false},"author":4,"featured_media":0,"parent":0,"menu_order":0,"comment_status":"closed","ping_status":"closed","template":"","meta":{"_acf_changed":false,"inline_featured_image":false,"_genesis_hide_title":false,"_genesis_hide_breadcrumbs":false,"_genesis_hide_singular_image":false,"_genesis_hide_footer_widgets":false,"_genesis_custom_body_class":"","_genesis_custom_post_class":"","_genesis_layout":"","footnotes":""},"class_list":{"0":"post-3212","1":"page","2":"type-page","3":"status-publish","5":"entry","6":"has-post-thumbnail"},"acf":[],"yoast_head":"\n<title>Mapa del Sitio - Estrella Aesthetics &amp; Surgical Arts<\/title>\n<meta name=\"description\" content=\"Echa un vistazo a el mapa del sitio para encontrar la p\u00e1gina que busca en Estrella Aesthetics &amp; Surgical Arts\" \/>\n<meta name=\"robots\" content=\"index, follow, max-snippet:-1, max-image-preview:large, max-video-preview:-1\" \/>\n<link rel=\"canonical\" href=\"https:\/\/estrellaaesthetics.com\/es\/sitemap\/\" \/>\n<meta property=\"og:locale\" content=\"es_ES\" \/>\n<meta property=\"og:type\" content=\"article\" \/>\n<meta property=\"og:title\" content=\"Mapa del Sitio - Estrella Aesthetics &amp; Surgical Arts\" \/>\n<meta property=\"og:description\" content=\"Echa un vistazo a el mapa del sitio para encontrar la p\u00e1gina que busca en Estrella Aesthetics &amp; Surgical Arts\" \/>\n<meta property=\"og:url\" content=\"https:\/\/estrellaaesthetics.com\/es\/sitemap\/\" \/>\n<meta property=\"og:site_name\" content=\"Estrella Aesthetics &amp; Surgical Arts - Spanish\" \/>\n<meta property=\"article:modified_time\" content=\"2018-05-21T14:27:26+00:00\" \/>\n<meta name=\"twitter:card\" content=\"summary_large_image\" \/>\n<script type=\"application\/ld+json\" class=\"yoast-schema-graph\">{\"@context\":\"https:\/\/schema.org\",\"@graph\":[{\"@type\":\"WebPage\",\"@id\":\"https:\/\/estrellaaesthetics.com\/es\/sitemap\/\",\"url\":\"https:\/\/estrellaaesthetics.com\/es\/sitemap\/\",\"name\":\"Mapa del Sitio - Estrella Aesthetics & Surgical Arts\",\"isPartOf\":{\"@id\":\"https:\/\/estrellaaesthetics.com\/es\/#website\"},\"datePublished\":\"2013-11-25T21:23:02+00:00\",\"dateModified\":\"2018-05-21T14:27:26+00:00\",\"description\":\"Echa un vistazo a el mapa del sitio para encontrar la p\u00e1gina que busca en Estrella Aesthetics & Surgical Arts\",\"inLanguage\":\"es\",\"potentialAction\":[{\"@type\":\"ReadAction\",\"target\":[\"https:\/\/estrellaaesthetics.com\/es\/sitemap\/\"]}]},{\"@type\":\"WebSite\",\"@id\":\"https:\/\/estrellaaesthetics.com\/es\/#website\",\"url\":\"https:\/\/estrellaaesthetics.com\/es\/\",\"name\":\"Estrella Aesthetics &amp; Surgical Arts - Spanish\",\"description\":\"Estrella Aesthetics &amp; Surgical Arts - Non-Surgical Laser Skin Care Clinic, Botox, Restylane &amp; Dermal Fillers, Corona, California\",\"potentialAction\":[{\"@type\":\"SearchAction\",\"target\":{\"@type\":\"EntryPoint\",\"urlTemplate\":\"https:\/\/estrellaaesthetics.com\/es\/?s={search_term_string}\"},\"query-input\":{\"@type\":\"PropertyValueSpecification\",\"valueRequired\":true,\"valueName\":\"search_term_string\"}}],\"inLanguage\":\"es\"}]}<\/script>\n","yoast_head_json":{"title":"Mapa del Sitio - Estrella Aesthetics & Surgical Arts","description":"Echa un vistazo a el mapa del sitio para encontrar la p\u00e1gina que busca en Estrella Aesthetics & Surgical Arts","robots":{"index":"index","follow":"follow","max-snippet":"max-snippet:-1","max-image-preview":"max-image-preview:large","max-video-preview":"max-video-preview:-1"},"canonical":"https:\/\/estrellaaesthetics.com\/es\/sitemap\/","og_locale":"es_ES","og_type":"article","og_title":"Mapa del Sitio - Estrella Aesthetics & Surgical Arts","og_description":"Echa un vistazo a el mapa del sitio para encontrar la p\u00e1gina que busca en Estrella Aesthetics & Surgical Arts","og_url":"https:\/\/estrellaaesthetics.com\/es\/sitemap\/","og_site_name":"Estrella Aesthetics &amp; Surgical Arts - Spanish","article_modified_time":"2018-05-21T14:27:26+00:00","twitter_card":"summary_large_image","schema":{"@context":"https:\/\/schema.org","@graph":[{"@type":"WebPage","@id":"https:\/\/estrellaaesthetics.com\/es\/sitemap\/","url":"https:\/\/estrellaaesthetics.com\/es\/sitemap\/","name":"Mapa del Sitio - Estrella Aesthetics & Surgical Arts","isPartOf":{"@id":"https:\/\/estrellaaesthetics.com\/es\/#website"},"datePublished":"2013-11-25T21:23:02+00:00","dateModified":"2018-05-21T14:27:26+00:00","description":"Echa un vistazo a el mapa del sitio para encontrar la p\u00e1gina que busca en Estrella Aesthetics & Surgical Arts","inLanguage":"es","potentialAction":[{"@type":"ReadAction","target":["https:\/\/estrellaaesthetics.com\/es\/sitemap\/"]}]},{"@type":"WebSite","@id":"https:\/\/estrellaaesthetics.com\/es\/#website","url":"https:\/\/estrellaaesthetics.com\/es\/","name":"Estrella Aesthetics &amp; Surgical Arts - Spanish","description":"Estrella Aesthetics &amp; Surgical Arts - Non-Surgical Laser Skin Care Clinic, Botox, Restylane &amp; Dermal Fillers, Corona, California","potentialAction":[{"@type":"SearchAction","target":{"@type":"EntryPoint","urlTemplate":"https:\/\/estrellaaesthetics.com\/es\/?s={search_term_string}"},"query-input":{"@type":"PropertyValueSpecification","valueRequired":true,"valueName":"search_term_string"}}],"inLanguage":"es"}]}},"_links":{"self":[{"href":"https:\/\/estrellaaesthetics.com\/es\/wp-json\/wp\/v2\/pages\/3212","targetHints":{"allow":["GET"]}}],"collection":[{"href":"https:\/\/estrellaaesthetics.com\/es\/wp-json\/wp\/v2\/pages"}],"about":[{"href":"https:\/\/estrellaaesthetics.com\/es\/wp-json\/wp\/v2\/types\/page"}],"author":[{"embeddable":true,"href":"https:\/\/estrellaaesthetics.com\/es\/wp-json\/wp\/v2\/users\/4"}],"replies":[{"embeddable":true,"href":"https:\/\/estrellaaesthetics.com\/es\/wp-json\/wp\/v2\/comments?post=3212"}],"version-history":[{"count":0,"href":"https:\/\/estrellaaesthetics.com\/es\/wp-json\/wp\/v2\/pages\/3212\/revisions"}],"wp:attachment":[{"href":"https:\/\/estrellaaesthetics.com\/es\/wp-json\/wp\/v2\/media?parent=3212"}],"curies":[{"name":"wp","href":"https:\/\/api.w.org\/{rel}","templated":true}]}}