{"id":3014,"date":"2013-11-15T14:23:48","date_gmt":"2013-11-15T22:23:48","guid":{"rendered":"http:\/\/staging.estrellaaesthetics.com\/?page_id=3014"},"modified":"2022-04-05T10:48:07","modified_gmt":"2022-04-05T17:48:07","slug":"ipl","status":"publish","type":"page","link":"https:\/\/estrellaaesthetics.com\/es\/procedimientos-laser\/ipl\/","title":{"rendered":"IPL (Luz Intensa por Pulsos) y Broad Band Light (Luz de Banda Ancha)"},"content":{"rendered":"<h1>IPL (Luz Intensa por Pulsos)<\/h1>\n<h2>IPL y Broad Band Light (Luz de Banda Ancha) para las arrugas, la pigmentaci\u00f3n y la Depilaci\u00f3n<\/h2>\n<p><strong>Estrella Aesthetics &amp; Surgical Arts y el Dr. Ray Khan<\/strong> ofrecen <strong>Tratamientos de Luz Intensa por Pulsos y Tratamientos Luz de Banda Ancha<\/strong> en Corona, California<\/p>\n<h3><em>Usos espec\u00edficos<\/em> de los tratamientos de Luz Intensa por Pulsos y Luz de Banda Ancha:<\/h3>\n<ol>\n<li>de los tratamientos de Luz Intensa por Pulsos y Luz de Banda Ancha:<\/li>\n<li>Manchas vasculares y lesiones vasculares como los peque\u00f1os vasos sangu\u00edneos conocidos como telangiectasias, de color rojo, p\u00farpura y azul<\/li>\n<li>Depilaci\u00f3n- dependiendo del color de la piel, el color del pelo y el grosor del pelo, la depilaci\u00f3n l\u00e1ser (Gentle YAG) o las terapias de luz son las mejores<\/li>\n<li>\u00c1reas de pigmentaci\u00f3n o hiperpigmentadas oscuras en la cara y el cuerpo pueden ser reducidas eficientemente o incluso eliminarse por completo<\/li>\n<\/ol>\n<h3><em>Ventajas<\/em>de Luz Intensa por Pulsos y Tratamientos de Luz de Banda Ancha:<\/h3>\n<ul>\n<li>menos de un d\u00eda de tiempo de inactividad<\/li>\n<li>una leve molestia durante el procedimiento y pr\u00e1cticamente ninguna molestia despu\u00e9s del mismo<\/li>\n<li>leve tono rosado en la piel por eritema despu\u00e9s del tratamiento durante varias horas o hasta un d\u00eda despu\u00e9s del tratamiento<\/li>\n<li>m\u00ednimos riesgos y complicaciones<\/li>\n<\/ul>\n<h3>Anestesia para los Tratamientos de Luz Intensa por Pulsos y Luz de Banda Ancha:<\/h3>\n<p>La mayor\u00eda de los pacientes no necesitan ning\u00fan tipo de anestesia. Los pacientes por lo general prefieren el tratamiento de hielo inmediatamente antes. Opciones anest\u00e9sicas alternativas incluyen: aerosol chiller, dispositivo enfriador Zimmer, agente anest\u00e9sico de tetraca\u00edna \/ lidoca\u00edna t\u00f3pica y bloqueadores nerviosos sensoriales.<\/p>\n<h3>Procedimiento del Tratamiento:<\/h3>\n<p>El n\u00famero de tratamientos estimado se basa en las indicaciones de la Terapia de Luz Intensa por Pulsos o Luz de banda ancha, sin embargo, 3-6 tratamientos son por lo general los necesarios para tener un resultado exitoso. Debe informarnos si se ha bronceado, lo cual cambia su pigmentaci\u00f3n, y nos ayuda a proporcionar los ajustes \u00f3ptimos en el tratamiento y evitar complicaciones, como una ampolla o una quemadura.<\/p>\n<p>Por favor, p\u00f3ngase en contacto con <strong>Estrella Aesthetics &amp; Surgical Arts<\/strong> y el <strong>Dr. Ray Khan<\/strong> para una consulta sobre el <strong>tratamiento con luz intensa por pulsos y luz de banda ancha<\/strong> en <strong>Corona, California en el <strong><a href=\"tel:+19513561207\" onclick=\"sendEventToGoogle('Content', '\/es\/wp-json\/wp\/v2\/pages\/3014', '+19513561207');\">(951) 356-1207<\/a><\/strong>.<\/strong><\/p>\n<address>\n<h3>Estrella Aesthetics &#038; Surgical Arts<\/h3>\n<p> 2550 Tuscany St. Suite 103<br \/>\nCorona, CA 92881<br \/>\n<abbr title='Phone'>P:<\/abbr> <strong><a href=\"tel:+19513561207\" onclick=\"sendEventToGoogle('Content', '\/es\/wp-json\/wp\/v2\/pages\/3014', '+19513561207');\">(951) 356-1207<\/a><\/strong><br \/>\n<\/address>\n<h2>Horario de Atenci\u00f3n<\/h2>\r\n<h5>Lunes a Viernes: 10.00am a 7.00pm<\/h5>\r\n<h5>S\u00e1bado: 10.00am a 5.00pm<\/h5>\r\n<h5>Domingos Cerrados<\/h5>\n<p><iframe loading=\"lazy\" src=\"https:\/\/maps.google.ca\/maps?q=2550+Tuscany+St++Suite+%23103++Corona,+CA+92881&amp;oe=utf-8&amp;client=firefox-a&amp;ie=UTF8&amp;hq=&amp;hnear=2550+Tuscany+St+%23103,+Corona,+California+92881,+United+States&amp;t=m&amp;ll=33.824651,-117.517319&amp;spn=0.021391,0.059223&amp;z=14&amp;iwloc=&amp;output=embed\" height=\"300\" width=\"690\" frameborder=\"0\" marginwidth=\"0\" marginheight=\"0\" scrolling=\"no\"><\/iframe><\/p>\n","protected":false},"excerpt":{"rendered":"<p>IPL (Luz Intensa por Pulsos) IPL y Broad Band Light (Luz de Banda Ancha) para las arrugas, la pigmentaci\u00f3n y la Depilaci\u00f3n Estrella Aesthetics &amp; Surgical Arts y el Dr. Ray Khan ofrecen Tratamientos de Luz Intensa por Pulsos y Tratamientos Luz de Banda Ancha en Corona, California Usos espec\u00edficos de los tratamientos de Luz&#8230; <a class=\"more-link\" href=\"https:\/\/estrellaaesthetics.com\/es\/procedimientos-laser\/ipl\/\">[Read More]<\/a><\/p>\n","protected":false},"author":4,"featured_media":0,"parent":5633,"menu_order":0,"comment_status":"closed","ping_status":"closed","template":"","meta":{"_acf_changed":false,"inline_featured_image":false,"_genesis_hide_title":false,"_genesis_hide_breadcrumbs":false,"_genesis_hide_singular_image":false,"_genesis_hide_footer_widgets":false,"_genesis_custom_body_class":"","_genesis_custom_post_class":"","_genesis_layout":"","footnotes":""},"class_list":{"0":"post-3014","1":"page","2":"type-page","3":"status-publish","5":"entry"},"acf":[],"yoast_head":"\n<title>IPL (Luz Intensa por Pulsos) y Broad Band Light (Luz de Banda Ancha)<\/title>\n<meta name=\"description\" content=\"Estrella Aesthetics &amp; Surgical Arts ofrecen Tratamientos de Luz Intensa por Pulsos y Tratamientos Luz de Banda Ancha en Corona, California.\" \/>\n<meta name=\"robots\" content=\"index, follow, max-snippet:-1, max-image-preview:large, max-video-preview:-1\" \/>\n<link rel=\"canonical\" href=\"https:\/\/estrellaaesthetics.com\/es\/procedimientos-laser\/ipl\/\" \/>\n<meta property=\"og:locale\" content=\"es_ES\" \/>\n<meta property=\"og:type\" content=\"article\" \/>\n<meta property=\"og:title\" content=\"IPL (Luz Intensa por Pulsos) y Broad Band Light (Luz de Banda Ancha)\" \/>\n<meta property=\"og:description\" content=\"Estrella Aesthetics &amp; Surgical Arts ofrecen Tratamientos de Luz Intensa por Pulsos y Tratamientos Luz de Banda Ancha en Corona, California.\" \/>\n<meta property=\"og:url\" content=\"https:\/\/estrellaaesthetics.com\/es\/procedimientos-laser\/ipl\/\" \/>\n<meta property=\"og:site_name\" content=\"Estrella Aesthetics &amp; Surgical Arts - Spanish\" \/>\n<meta property=\"article:modified_time\" content=\"2022-04-05T17:48:07+00:00\" \/>\n<meta name=\"twitter:card\" content=\"summary_large_image\" \/>\n<meta name=\"twitter:label1\" content=\"Tiempo de lectura\" \/>\n\t<meta name=\"twitter:data1\" content=\"2 minutos\" \/>\n<script type=\"application\/ld+json\" class=\"yoast-schema-graph\">{\"@context\":\"https:\\\/\\\/schema.org\",\"@graph\":[{\"@type\":\"WebPage\",\"@id\":\"https:\\\/\\\/estrellaaesthetics.com\\\/es\\\/procedimientos-laser\\\/ipl\\\/\",\"url\":\"https:\\\/\\\/estrellaaesthetics.com\\\/es\\\/procedimientos-laser\\\/ipl\\\/\",\"name\":\"IPL (Luz Intensa por Pulsos) y Broad Band Light (Luz de Banda Ancha)\",\"isPartOf\":{\"@id\":\"https:\\\/\\\/estrellaaesthetics.com\\\/es\\\/#website\"},\"datePublished\":\"2013-11-15T22:23:48+00:00\",\"dateModified\":\"2022-04-05T17:48:07+00:00\",\"description\":\"Estrella Aesthetics & Surgical Arts ofrecen Tratamientos de Luz Intensa por Pulsos y Tratamientos Luz de Banda Ancha en Corona, California.\",\"breadcrumb\":{\"@id\":\"https:\\\/\\\/estrellaaesthetics.com\\\/es\\\/procedimientos-laser\\\/ipl\\\/#breadcrumb\"},\"inLanguage\":\"es\",\"potentialAction\":[{\"@type\":\"ReadAction\",\"target\":[\"https:\\\/\\\/estrellaaesthetics.com\\\/es\\\/procedimientos-laser\\\/ipl\\\/\"]}]},{\"@type\":\"BreadcrumbList\",\"@id\":\"https:\\\/\\\/estrellaaesthetics.com\\\/es\\\/procedimientos-laser\\\/ipl\\\/#breadcrumb\",\"itemListElement\":[{\"@type\":\"ListItem\",\"position\":1,\"name\":\"Procedimientos\",\"item\":\"https:\\\/\\\/estrellaaesthetics.com\\\/es\\\/procedimientos\\\/\"},{\"@type\":\"ListItem\",\"position\":2,\"name\":\"Procedimientos l\u00e1ser\",\"item\":\"https:\\\/\\\/estrellaaesthetics.com\\\/es\\\/procedimientos-laser\\\/\"},{\"@type\":\"ListItem\",\"position\":3,\"name\":\"IPL y BBL\"}]},{\"@type\":\"WebSite\",\"@id\":\"https:\\\/\\\/estrellaaesthetics.com\\\/es\\\/#website\",\"url\":\"https:\\\/\\\/estrellaaesthetics.com\\\/es\\\/\",\"name\":\"Estrella Aesthetics &amp; Surgical Arts - Spanish\",\"description\":\"Estrella Aesthetics &amp; Surgical Arts - Non-Surgical Laser Skin Care Clinic, Botox, Restylane &amp; Dermal Fillers, Corona, California\",\"potentialAction\":[{\"@type\":\"SearchAction\",\"target\":{\"@type\":\"EntryPoint\",\"urlTemplate\":\"https:\\\/\\\/estrellaaesthetics.com\\\/es\\\/?s={search_term_string}\"},\"query-input\":{\"@type\":\"PropertyValueSpecification\",\"valueRequired\":true,\"valueName\":\"search_term_string\"}}],\"inLanguage\":\"es\"}]}<\/script>\n","yoast_head_json":{"title":"IPL (Luz Intensa por Pulsos) y Broad Band Light (Luz de Banda Ancha)","description":"Estrella Aesthetics & Surgical Arts ofrecen Tratamientos de Luz Intensa por Pulsos y Tratamientos Luz de Banda Ancha en Corona, California.","robots":{"index":"index","follow":"follow","max-snippet":"max-snippet:-1","max-image-preview":"max-image-preview:large","max-video-preview":"max-video-preview:-1"},"canonical":"https:\/\/estrellaaesthetics.com\/es\/procedimientos-laser\/ipl\/","og_locale":"es_ES","og_type":"article","og_title":"IPL (Luz Intensa por Pulsos) y Broad Band Light (Luz de Banda Ancha)","og_description":"Estrella Aesthetics & Surgical Arts ofrecen Tratamientos de Luz Intensa por Pulsos y Tratamientos Luz de Banda Ancha en Corona, California.","og_url":"https:\/\/estrellaaesthetics.com\/es\/procedimientos-laser\/ipl\/","og_site_name":"Estrella Aesthetics &amp; Surgical Arts - Spanish","article_modified_time":"2022-04-05T17:48:07+00:00","twitter_card":"summary_large_image","twitter_misc":{"Tiempo de lectura":"2 minutos"},"schema":{"@context":"https:\/\/schema.org","@graph":[{"@type":"WebPage","@id":"https:\/\/estrellaaesthetics.com\/es\/procedimientos-laser\/ipl\/","url":"https:\/\/estrellaaesthetics.com\/es\/procedimientos-laser\/ipl\/","name":"IPL (Luz Intensa por Pulsos) y Broad Band Light (Luz de Banda Ancha)","isPartOf":{"@id":"https:\/\/estrellaaesthetics.com\/es\/#website"},"datePublished":"2013-11-15T22:23:48+00:00","dateModified":"2022-04-05T17:48:07+00:00","description":"Estrella Aesthetics & Surgical Arts ofrecen Tratamientos de Luz Intensa por Pulsos y Tratamientos Luz de Banda Ancha en Corona, California.","breadcrumb":{"@id":"https:\/\/estrellaaesthetics.com\/es\/procedimientos-laser\/ipl\/#breadcrumb"},"inLanguage":"es","potentialAction":[{"@type":"ReadAction","target":["https:\/\/estrellaaesthetics.com\/es\/procedimientos-laser\/ipl\/"]}]},{"@type":"BreadcrumbList","@id":"https:\/\/estrellaaesthetics.com\/es\/procedimientos-laser\/ipl\/#breadcrumb","itemListElement":[{"@type":"ListItem","position":1,"name":"Procedimientos","item":"https:\/\/estrellaaesthetics.com\/es\/procedimientos\/"},{"@type":"ListItem","position":2,"name":"Procedimientos l\u00e1ser","item":"https:\/\/estrellaaesthetics.com\/es\/procedimientos-laser\/"},{"@type":"ListItem","position":3,"name":"IPL y BBL"}]},{"@type":"WebSite","@id":"https:\/\/estrellaaesthetics.com\/es\/#website","url":"https:\/\/estrellaaesthetics.com\/es\/","name":"Estrella Aesthetics &amp; Surgical Arts - Spanish","description":"Estrella Aesthetics &amp; Surgical Arts - Non-Surgical Laser Skin Care Clinic, Botox, Restylane &amp; Dermal Fillers, Corona, California","potentialAction":[{"@type":"SearchAction","target":{"@type":"EntryPoint","urlTemplate":"https:\/\/estrellaaesthetics.com\/es\/?s={search_term_string}"},"query-input":{"@type":"PropertyValueSpecification","valueRequired":true,"valueName":"search_term_string"}}],"inLanguage":"es"}]}},"_links":{"self":[{"href":"https:\/\/estrellaaesthetics.com\/es\/wp-json\/wp\/v2\/pages\/3014","targetHints":{"allow":["GET"]}}],"collection":[{"href":"https:\/\/estrellaaesthetics.com\/es\/wp-json\/wp\/v2\/pages"}],"about":[{"href":"https:\/\/estrellaaesthetics.com\/es\/wp-json\/wp\/v2\/types\/page"}],"author":[{"embeddable":true,"href":"https:\/\/estrellaaesthetics.com\/es\/wp-json\/wp\/v2\/users\/4"}],"replies":[{"embeddable":true,"href":"https:\/\/estrellaaesthetics.com\/es\/wp-json\/wp\/v2\/comments?post=3014"}],"version-history":[{"count":0,"href":"https:\/\/estrellaaesthetics.com\/es\/wp-json\/wp\/v2\/pages\/3014\/revisions"}],"up":[{"embeddable":true,"href":"https:\/\/estrellaaesthetics.com\/es\/wp-json\/wp\/v2\/pages\/5633"}],"wp:attachment":[{"href":"https:\/\/estrellaaesthetics.com\/es\/wp-json\/wp\/v2\/media?parent=3014"}],"curies":[{"name":"wp","href":"https:\/\/api.w.org\/{rel}","templated":true}]}}