{"id":2885,"date":"2013-11-04T17:46:10","date_gmt":"2013-11-05T01:46:10","guid":{"rendered":"http:\/\/staging.estrellaaesthetics.com\/?page_id=2885"},"modified":"2020-01-20T12:22:21","modified_gmt":"2020-01-20T20:22:21","slug":"skin-care-products-2","status":"publish","type":"page","link":"https:\/\/estrellaaesthetics.com\/es\/productos","title":{"rendered":"Productos para el cuidado de la piel en Corona"},"content":{"rendered":"<h1>Productos para el cuidado de la piel en Corona<\/h1>\n<h2>Tienda de productos para la piel, productos faciales, productos para la piel de JC Complete Skin Health<\/h2>\n<p><img class=\"lazy-load\" data-src=\"\/images\/JCProducts.jpg\" alt=\"JC Compleete Skin Health Skincare\" height=\"520\"><\/p>\n<h3>Cuidado Farmac\u00e9utico para la Piel &#8211; \u00a1Presentando a JC Complete Skin Health!<\/h3>\n<p>\u00a1Recupere ese resplandor que usted ten\u00eda en sus a\u00f1os 20! Judi ha estado trabajando en el cuidado est\u00e9tico de la piel desde hace casi dos d\u00e9cadas; y en los \u00faltimos 2 a\u00f1os ha estado trabajando duro en el desarrollo de un programa para el cuidado de la piel s\u00f3lo para ustedes, \u00a1sus valiosos clientes!<\/p>\n<p>\u00a1Estamos muy emocionados de anunciar que ya est\u00e1 aqu\u00ed! Formulado con los ingredientes anti-edad m\u00e1s avanzados a nivel farmac\u00e9utico generando una transformaci\u00f3n completa de la piel \u00a1sin irritaci\u00f3n! \/<\/p>\n<p>\u00a1Reg\u00e1lese una piel hermosa! En s\u00f3lo 12 semanas \u00a1podr\u00e1 ver una transformaci\u00f3n completa de la piel!<\/p>\n<p>Los productos de las tiendas por departamento no se les comparan. Visite nuestra oficina y re\u00fanase con un miembro de nuestro personal m\u00e9dico que pueda crear un programa de cuidado de la piel a la medida para usted. Los resultados ser\u00e1n sorprendentes. Adem\u00e1s de JC Complete Skin Health, tambi\u00e9n ofrecemos Obagi Medical, Imagen Skincare, Vivite, Dermacyte, Hydropeptide y maquillaje mineral Young Blood.<\/p>\n<h3>JC Diamond Peel<\/h3>\n<h3>\u00bfQu\u00e9 es JC Diamond Peel?<\/h3>\n<p>El JC Diamond Peel es una combinaci\u00f3n precisa de 17 % de \u00e1cido tricloroac\u00e9tico y 17 % de \u00e1cido salic\u00edlico en un veh\u00edculo de gel anhidro libre de fenol que limita la ionizaci\u00f3n de los \u00e1cidos libres. La limitaci\u00f3n de la creaci\u00f3n de iones significa limitar el dolor y lesi\u00f3n celular asociada con soluciones acuosas convencionales de TCA. Tambi\u00e9n permite un mayor tiempo de contacto de la soluci\u00f3n exfoliante con la piel, mejorando as\u00ed su eficacia<br \/>\nUno de los pilares de la medicina est\u00e9tica, el \u00e1cido tricloroac\u00e9tico es un poderoso agente queratol\u00edtico que puede mejorar en gran medida la aparici\u00f3n de l\u00edneas finas y arrugas. Pero, como saben todos los profesionales, una exfoliaci\u00f3n TCA no es bonita&#8230; el malestar causado por la aplicaci\u00f3n de la soluci\u00f3n de TCA, una exfoliaci\u00f3n (peeling) significativa, eritema, decoloraci\u00f3n y la posibilidad de hiperpigmentaci\u00f3n post- inflamatoria son s\u00f3lo algunos de sus desventajas.<\/p>\n<p>Despu\u00e9s de un per\u00edodo de contacto de 10 minutos, la soluci\u00f3n se retira de la piel usando un disolvente que contiene retinol de alta potencia. El residuo restante se deja en la piel un tiempo adicional antes de lavar, agregando los beneficios retinoides al Retexturizante de la soluci\u00f3n para la exfoliaci\u00f3n. Los requisitos del paciente est\u00e1n garantizados con un kit para llevar a casa que consta de un limpiador suave sin perfume, crema solar emoliente, almohadillas de tratamiento retinoide adicionales y una crema hidratante que contiene niacinamida.<br \/>\nAl ofrecer la mejor atenci\u00f3n al paciente, comodidad y menos tiempo de inactividad, el tratamiento JC Diamond Peel representa una nueva generaci\u00f3n de exfoliaciones (peelings) qu\u00edmicas multifuncionales que no dejan heridas<\/p>\n<h3>Resultados de JC Diamond Peel<\/p>\n<h3>\n<img class=\"lazy-load\" data-src=\"\/es\/images\/JCDiamondPeelResults-es.png\" alt=\"JC JC Diamond Peel Results\" align=\"center\" \/><\/p>\n<h3>JC Uplifting Peel &#8211; \u00bfQu\u00e9 es el Uplifting Peel?<\/h3>\n<p>El JC Uplifting Peel representa una nueva generaci\u00f3n de peelings qu\u00edmicos. Utiliza \u00e1cidos d\u00e9biles, combinados con potentes ingredientes no \u00e1cidos que no queman, hieren o da\u00f1an la piel. Por esta raz\u00f3n, el melanage minipeel se puede utilizar para tratar pacientes con tez m\u00e1s oscura. Aunque algunos pacientes pueden sentir una sensaci\u00f3n de hormigueo leve por la soluci\u00f3n exfoliante (peeling), el tratamiento es pr\u00e1cticamente indoloro.<\/p>\n<h3>\u00bfC\u00f3mo funciona?<\/h3>\n<p>La soluci\u00f3n de JC Uplifting Peel se aplica durante una visita. La soluci\u00f3n es retirada del paciente despu\u00e9s de un per\u00edodo de tiempo dependiendo de su tipo de piel. Los pacientes se van del consultorio con esta soluci\u00f3n en su cara. Los pacientes se hacen responsables de cumplir un r\u00e9gimen estricto pero f\u00e1cil de seguir en el hogar que implica la aplicaci\u00f3n de varios productos melanage despu\u00e9s de remover la soluci\u00f3n exfoliante (Peel).<\/p>\n<h3>\u00bfQu\u00e9 resultados puedo esperar?<\/h3>\n<p>Los resultados pueden variar, pero en general los pacientes ver\u00e1n una mejora en la apariencia de su piel. Aunque la mayor\u00eda de los pacientes experimentan una exfoliaci\u00f3n (peeling), no todos los pacientes se dar\u00e1n cuenta de ello. Si usted no ve una exfoliaci\u00f3n (peeling) como tal, por favor tenga en cuenta todav\u00eda est\u00e1 recibiendo todos los beneficios del JC Uplifting Peel. La evaluaci\u00f3n adecuada de su piel por parte de su m\u00e9dico antes de su exfoliaci\u00f3n es importante y le ayudar\u00e1 a predecir el resultado de la misma<\/p>\n<h3>\u00bfC\u00f3mo se compara el sistema de JC Uplifting Peel con el Sistema JC Corrective Peel System est\u00e1ndar?<\/h3>\n<p>Hay mucho menos enrojecimiento y descamaci\u00f3n que con el Sistema JC Corrective Peel System. El sistema JC Uplifting Peel est\u00e1 dise\u00f1ado para ser administrado en una serie de 4-6 tratamientos en consultorio, cada 2-3 semanas, para una mayor brillo de la piel.<\/p>\n<h3>Resultados de JC Uplifting Peel<\/p>\n<h3>\n<img class=\"lazy-load\" data-src=\"\/es\/images\/JCUpliftingPeelResults-es.png\" alt=\"Resultados de JC Uplifting Peel\" align=\"center\" \/> <\/p>\n<h3>JC Corrective Peel &#8211; Qu\u00e9 es el JC Corrective Peel?<\/h3>\n<p>El JC Corrective Peel es una exfoliaci\u00f3n (peeling) qu\u00edmica superficial dise\u00f1ada para mejorar la textura y apariencia de la piel. Implica la aplicaci\u00f3n de una mascarilla en crema y un r\u00e9gimen en el hogar. No hay dolor y poca o ninguna irritaci\u00f3n durante la aplicaci\u00f3n de la mascarilla. Por lo general, el nivel de irritaci\u00f3n en los siguientes 3-4 d\u00edas es m\u00e1s similar a una quemadura de sol.<\/p>\n<h3>\u00bfC\u00f3mo funciona?<\/h3>\n<p>El JC Cream Masque se aplica durante una visita al consultorio donde se va ajustando para asegurar su potencia y fiabilidad. La mascarilla es retirada por el paciente despu\u00e9s de un per\u00edodo, en funci\u00f3n del tipo de piel. Los pacientes se van del consultorio con esta mascarilla en su cara. Los pacientes son responsables de cumplir con un r\u00e9gimen estricto pero f\u00e1cil de seguir en el hogar que implica la aplicaci\u00f3n de varios productos JC Corrective Peel tras retirar la mascarilla.<\/p>\n<h3>\u00bfQu\u00e9 resultados puedo esperar?<\/h3>\n<p>Los resultados pueden variar, pero en general los pacientes ver\u00e1n una mejora en la textura de la piel y la apariencia de la misma. Aunque la mayor\u00eda de los pacientes experimentan una exfoliaci\u00f3n (peeling) superficial de la piel, no todos los pacientes se dan cuenta de esto. Si usted no nota una exfoliaci\u00f3n (peeling) real, por favor tenga en cuenta que todav\u00eda est\u00e1 recibiendo todos los beneficios del tratamiento JC Corrective Peel. La evaluaci\u00f3n adecuada de la piel por parte de su doctor antes de su exfoliaci\u00f3n es importante y ayudar\u00e1 a predecir el resultado.<\/p>\n<h3>\u00bfQui\u00e9n no debe ser tratado?<\/h3>\n<p>El JC Corrective Peel NO DEBE usarse en pacientes con herpes bucal activo o verrugas, piel con heridas abiertas, quemaduras solares, piel excesivamente sensible, dermatitis o ros\u00e1cea amatoria en el \u00e1rea a tratar. Informe a su profesional m\u00e9dico si tiene antecedentes de herpes simple, alergias, erupciones cut\u00e1neas u otras reacciones de la piel, o si puede ser sensible a cualquiera de los componentes. No se recomienda esta mascarilla si usted ha tomado Accutane en el \u00faltimo a\u00f1o, o recibido quimioterapia o radioterapia. El JC Corrective Peel no debe administrarse a mujeres lactantes o embarazadas.<\/p>\n<h3>Resultados de JC Corrective Peel<\/p>\n<h3>\n<img class=\"lazy-load\" data-src=\"\/es\/images\/JCCorrectivePeelResults-es.png\" alt=\"JC Corrective Peel Results\" align=\"left\" \/><\/p>\n<h3>&nbsp;<\/h3>\n<h3>&nbsp;<\/h3>\n<h3>&nbsp;<\/h3>\n<h3>&nbsp;<\/h3>\n<p>*Los resultados individuales pueden variar<\/p>\n<h3>JC Cream Cleanser (Crema Limpiadora)<\/h3>\n<p>Formulado para despu\u00e9s de un procedimiento o para piel sensible, este limpiador elimina suavemente las impurezas, dejando la piel limpia y fresca. Este limpiador suave tiene un pH equilibrado para promover una sensaci\u00f3n de confort en la piel irritada.<\/p>\n<h3>JC Cleanser Gel (Gel Limpiador)<\/h3>\n<p>Este limpiador es suave en la piel pero eficaz en la eliminaci\u00f3n de aceite, maquillaje y otras impurezas. Este limpiador est\u00e1 especialmente formulado para dejar la piel limpia, clara y fresca. El equilibrio natural del pH de este limpiador hace que sea adecuado para todo tipo de piel.<\/p>\n<h3>JC Toner (Tonificador)<\/h3>\n<p>Este tonificador fue formulado para restaurar el equilibrio del pH normal de la piel. Un paso esencial en su r\u00e9gimen de cuidado de la piel, este tonificador prepara la piel para la aplicaci\u00f3n de sus productos de tratamiento, dejando la piel suave y fresca.<\/p>\n<h3>JC Skin Lightener HQ &amp; Balancer HQ<\/h3>\n<p>Esta crema altamente efectiva est\u00e1 indicada para la despigmentaci\u00f3n de las zonas oscuras de la piel, tales como manchas de la edad, manchas hep\u00e1ticas y melasma.<\/p>\n<h3>JC Exfoliator (Exfoliante)<\/h3>\n<p>Esta crema est\u00e1 especialmente formulada para la eliminaci\u00f3n de impurezas, incluyendo c\u00e9lulas muertas de la piel y desechos, proporcionando una textura suave y la sensaci\u00f3n en la piel.<\/p>\n<h3>JC Clarifying Toner<\/h3>\n<p>Este tonificador aclarante es un tonificador refrescante dise\u00f1ado para eliminar el exceso de aceite y las impurezas mientras que se equilibra el pH de la piel. Especialmente formulado para dejar su piel con una sensaci\u00f3n fresca, limpia y refrescante.<\/p>\n<h3>JC Clarifying Cleanser<\/h3>\n<p>Este limpiador es un t\u00f3ner refrescante dise\u00f1ado para eliminar el exceso de aceite y las impurezas mientras se equilibra el pH de la piel. Especialmente formulado para dejar su piel sinti\u00e9ndose fresca, limpia y refrescante.<\/p>\n<h3>JC Clarifying Cleanser Ex<\/h3>\n<p>Este limpiador micronizado altamente eficaz de per\u00f3xido de benzoilo elimina las bacterias que causan el acn\u00e9 sin los efectos irritantes del per\u00f3xido de benzoilo tradicional. Este limpiador especialmente formulado sana y previene manchas dej\u00e1ndole con una tez clara de aspecto saludable.<\/p>\n<h3>JC Daily Protection SPF 30<\/h3>\n<p>Esta f\u00f3rmula especialmente dise\u00f1ada le ayudar\u00e1 a prevenir las quemaduras por sol y minimizar el envejecimiento prematuro debido a la exposici\u00f3n al sol. La f\u00f3rmula a base de Aloe ofrece una alta protecci\u00f3n UV con p\u00e9ptidos que combaten las arrugas y los factores antioxidantes, incluyendo el t\u00e9 verde y el \u00e1cido lipoico.<\/p>\n<h3>JC Skin Renewal Complex (Complejo Renovador de la Piel)<\/h3>\n<p>Esta crema suavizante da un alivio temporal ante la picaz\u00f3n causada por irritaciones menores de la piel, inflamaciones y erupciones debido a procedimientos est\u00e9ticos, eczema, alergias est\u00e9ticas, hiedra venenosa, roble venenoso, jabones, picaduras de insectos, dermatitis seborreica y respuesta post- inflamatoria.<\/p>\n<h3>JC Clarity Rx Pads<\/h3>\n<p>Estas almohadillas para la piel son eficaces en la eliminaci\u00f3n de impurezas y el exceso de aceite de la piel. Formulado con AHA y una mezcla de antioxidantes para reducir la inflamaci\u00f3n acn\u00e9ica con poca irritaci\u00f3n.<\/p>\n<h3>JC Clarity-M Serum \u2013 Producto Destacado<\/h3>\n<p>Este suero aclarante ayuda a revertir los signos visibles del envejecimiento, mejora la pigmentaci\u00f3n desigual y elimina los poros afectados.<\/p>\n<p>JC Esta nueva sensaci\u00f3n en el cuidado de la piel ayuda a traer claridad y equilibrio a la vez que no causa virtualmente ninguna irritaci\u00f3n. El suero Clarity-M tambi\u00e9n es recomendado para antes y despu\u00e9s de un tratamiento l\u00e1ser, lo que reduce la cantidad y la duraci\u00f3n de la irritaci\u00f3n causada por el rejuvenecimiento con l\u00e1ser.<\/p>\n<ul>\n<li>Unifica el tono de la piel, reduce las manchas de la edad y las pecas<\/li>\n<li>Desvanece cicatrices de acn\u00e9 r\u00e1pidamente<\/li>\n<li>Tensa la piel y los poros<\/li>\n<li>Reduce y elimina las l\u00edneas y arrugas<\/li>\n<li>Ayuda a desvanecer los signos de Melasma<\/li>\n<li>Seguro y extremadamente eficaz en los tonos de piel m\u00e1s oscuros<\/li>\n<\/ul>\n<p><\/p>\n<h3>JC Protective-C Serum<\/h3>\n<p>Este suero hidratante antiarrugas combate los signos visibles del envejecimiento neutralizando los radicales libres antes de que puedan da\u00f1ar las c\u00e9lulas de la piel. Formulado para penetrar profundamente en la piel para una m\u00e1xima producci\u00f3n de hidrataci\u00f3n y col\u00e1geno.<\/p>\n<h3>JC Renewal-A Serum<\/h3>\n<p>Una f\u00f3rmula \u00fanica que reduce la aparici\u00f3n de arrugas, empareja el tono de la piel y limpia los poros impactados. Este suero \u00fanico ofrece los resultados de la retina-a, sin la irritaci\u00f3n.<\/p>\n<h3>JC Replenish-HA Serum<\/h3>\n<p>Excepcionalmente formulado con una mezcla altamente concentrada y estabilizada de \u00e1cido hialur\u00f3nico y vitamina C. Este suero mejora la textura de la piel y su tono, suaviza las l\u00edneas finas y arrugas y mantiene la piel hidratada todo el d\u00eda y toda la noche.<\/p>\n<h3>JC Lightening-HQ Serum<\/h3>\n<p>Un excelente agente aclarador que ayudar\u00e1 a aclarar las manchas de edad, pecas y pigmentos en la superficie de la piel. Un suero pre-acondicionado muy eficaz para un tratamiento de rejuvenecimiento agresivo.<\/p>\n<h3>JResultados JC Complete Skin Health<\/h3>\n<p><img class=\"lazy-load\" data-src=\"\/es\/images\/JC-es.png\" alt=\"JC Complete Skin Health Results\" width=\"625\" height=\"425\"><\/p>\n<p><strong><a href=\"#top\">Volver al principio<\/strong><\/a> <\/p>\n","protected":false},"excerpt":{"rendered":"<p>Productos para el cuidado de la piel en Corona Tienda de productos para la piel, productos faciales, productos para la piel de JC Complete Skin Health Cuidado Farmac\u00e9utico para la Piel &#8211; \u00a1Presentando a JC Complete Skin Health! \u00a1Recupere ese resplandor que usted ten\u00eda en sus a\u00f1os 20! Judi ha estado trabajando en el cuidado&#8230; <a class=\"more-link\" href=\"https:\/\/estrellaaesthetics.com\/es\/productos\">[Read More]<\/a><\/p>\n","protected":false},"author":4,"featured_media":0,"parent":0,"menu_order":0,"comment_status":"closed","ping_status":"closed","template":"","meta":{"_acf_changed":false,"inline_featured_image":false,"_genesis_hide_title":false,"_genesis_hide_breadcrumbs":false,"_genesis_hide_singular_image":false,"_genesis_hide_footer_widgets":false,"_genesis_custom_body_class":"","_genesis_custom_post_class":"","_genesis_layout":"","footnotes":""},"class_list":{"0":"post-2885","1":"page","2":"type-page","3":"status-publish","5":"entry"},"acf":[],"yoast_head":"\n<title>Tienda de productos para la piel, productos faciales y para la piel<\/title>\n<meta name=\"description\" content=\"Productos para el cuidado de la piel en Corona, productos faciales, productos para la piel de JC Complete Skin Health, Obagi, I Imagen Skincare, Latisse.\" \/>\n<meta name=\"robots\" content=\"index, follow, max-snippet:-1, max-image-preview:large, max-video-preview:-1\" \/>\n<link rel=\"canonical\" href=\"https:\/\/estrellaaesthetics.com\/es\/productos\/\" \/>\n<meta property=\"og:locale\" content=\"es_ES\" \/>\n<meta property=\"og:type\" content=\"article\" \/>\n<meta property=\"og:title\" content=\"Tienda de productos para la piel, productos faciales y para la piel\" \/>\n<meta property=\"og:description\" content=\"Productos para el cuidado de la piel en Corona, productos faciales, productos para la piel de JC Complete Skin Health, Obagi, I Imagen Skincare, Latisse.\" \/>\n<meta property=\"og:url\" content=\"https:\/\/estrellaaesthetics.com\/es\/productos\/\" \/>\n<meta property=\"og:site_name\" content=\"Estrella Aesthetics &amp; Surgical Arts - Spanish\" \/>\n<meta property=\"article:modified_time\" content=\"2020-01-20T20:22:21+00:00\" \/>\n<meta property=\"og:image\" content=\"https:\/\/estrellaaesthetics.com\/images\/JCProducts.jpg\" \/>\n<meta name=\"twitter:card\" content=\"summary_large_image\" \/>\n<meta name=\"twitter:label1\" content=\"Tiempo de lectura\" \/>\n\t<meta name=\"twitter:data1\" content=\"10 minutos\" \/>\n<script type=\"application\/ld+json\" class=\"yoast-schema-graph\">{\"@context\":\"https:\/\/schema.org\",\"@graph\":[{\"@type\":\"WebPage\",\"@id\":\"https:\/\/estrellaaesthetics.com\/es\/productos\/\",\"url\":\"https:\/\/estrellaaesthetics.com\/es\/productos\/\",\"name\":\"Tienda de productos para la piel, productos faciales y para la piel\",\"isPartOf\":{\"@id\":\"https:\/\/estrellaaesthetics.com\/es\/#website\"},\"datePublished\":\"2013-11-05T01:46:10+00:00\",\"dateModified\":\"2020-01-20T20:22:21+00:00\",\"description\":\"Productos para el cuidado de la piel en Corona, productos faciales, productos para la piel de JC Complete Skin Health, Obagi, I Imagen Skincare, Latisse.\",\"inLanguage\":\"es\",\"potentialAction\":[{\"@type\":\"ReadAction\",\"target\":[\"https:\/\/estrellaaesthetics.com\/es\/productos\/\"]}]},{\"@type\":\"WebSite\",\"@id\":\"https:\/\/estrellaaesthetics.com\/es\/#website\",\"url\":\"https:\/\/estrellaaesthetics.com\/es\/\",\"name\":\"Estrella Aesthetics &amp; Surgical Arts - Spanish\",\"description\":\"Estrella Aesthetics &amp; Surgical Arts - Non-Surgical Laser Skin Care Clinic, Botox, Restylane &amp; Dermal Fillers, Corona, California\",\"potentialAction\":[{\"@type\":\"SearchAction\",\"target\":{\"@type\":\"EntryPoint\",\"urlTemplate\":\"https:\/\/estrellaaesthetics.com\/es\/?s={search_term_string}\"},\"query-input\":{\"@type\":\"PropertyValueSpecification\",\"valueRequired\":true,\"valueName\":\"search_term_string\"}}],\"inLanguage\":\"es\"}]}<\/script>\n","yoast_head_json":{"title":"Tienda de productos para la piel, productos faciales y para la piel","description":"Productos para el cuidado de la piel en Corona, productos faciales, productos para la piel de JC Complete Skin Health, Obagi, I Imagen Skincare, Latisse.","robots":{"index":"index","follow":"follow","max-snippet":"max-snippet:-1","max-image-preview":"max-image-preview:large","max-video-preview":"max-video-preview:-1"},"canonical":"https:\/\/estrellaaesthetics.com\/es\/productos\/","og_locale":"es_ES","og_type":"article","og_title":"Tienda de productos para la piel, productos faciales y para la piel","og_description":"Productos para el cuidado de la piel en Corona, productos faciales, productos para la piel de JC Complete Skin Health, Obagi, I Imagen Skincare, Latisse.","og_url":"https:\/\/estrellaaesthetics.com\/es\/productos\/","og_site_name":"Estrella Aesthetics &amp; Surgical Arts - Spanish","article_modified_time":"2020-01-20T20:22:21+00:00","og_image":[{"url":"https:\/\/estrellaaesthetics.com\/images\/JCProducts.jpg","type":"","width":"","height":""}],"twitter_card":"summary_large_image","twitter_misc":{"Tiempo de lectura":"10 minutos"},"schema":{"@context":"https:\/\/schema.org","@graph":[{"@type":"WebPage","@id":"https:\/\/estrellaaesthetics.com\/es\/productos\/","url":"https:\/\/estrellaaesthetics.com\/es\/productos\/","name":"Tienda de productos para la piel, productos faciales y para la piel","isPartOf":{"@id":"https:\/\/estrellaaesthetics.com\/es\/#website"},"datePublished":"2013-11-05T01:46:10+00:00","dateModified":"2020-01-20T20:22:21+00:00","description":"Productos para el cuidado de la piel en Corona, productos faciales, productos para la piel de JC Complete Skin Health, Obagi, I Imagen Skincare, Latisse.","inLanguage":"es","potentialAction":[{"@type":"ReadAction","target":["https:\/\/estrellaaesthetics.com\/es\/productos\/"]}]},{"@type":"WebSite","@id":"https:\/\/estrellaaesthetics.com\/es\/#website","url":"https:\/\/estrellaaesthetics.com\/es\/","name":"Estrella Aesthetics &amp; Surgical Arts - Spanish","description":"Estrella Aesthetics &amp; Surgical Arts - Non-Surgical Laser Skin Care Clinic, Botox, Restylane &amp; Dermal Fillers, Corona, California","potentialAction":[{"@type":"SearchAction","target":{"@type":"EntryPoint","urlTemplate":"https:\/\/estrellaaesthetics.com\/es\/?s={search_term_string}"},"query-input":{"@type":"PropertyValueSpecification","valueRequired":true,"valueName":"search_term_string"}}],"inLanguage":"es"}]}},"_links":{"self":[{"href":"https:\/\/estrellaaesthetics.com\/es\/wp-json\/wp\/v2\/pages\/2885","targetHints":{"allow":["GET"]}}],"collection":[{"href":"https:\/\/estrellaaesthetics.com\/es\/wp-json\/wp\/v2\/pages"}],"about":[{"href":"https:\/\/estrellaaesthetics.com\/es\/wp-json\/wp\/v2\/types\/page"}],"author":[{"embeddable":true,"href":"https:\/\/estrellaaesthetics.com\/es\/wp-json\/wp\/v2\/users\/4"}],"replies":[{"embeddable":true,"href":"https:\/\/estrellaaesthetics.com\/es\/wp-json\/wp\/v2\/comments?post=2885"}],"version-history":[{"count":0,"href":"https:\/\/estrellaaesthetics.com\/es\/wp-json\/wp\/v2\/pages\/2885\/revisions"}],"wp:attachment":[{"href":"https:\/\/estrellaaesthetics.com\/es\/wp-json\/wp\/v2\/media?parent=2885"}],"curies":[{"name":"wp","href":"https:\/\/api.w.org\/{rel}","templated":true}]}}