{"id":2873,"date":"2013-11-04T17:38:44","date_gmt":"2013-11-05T01:38:44","guid":{"rendered":"http:\/\/staging.estrellaaesthetics.com\/?page_id=2873"},"modified":"2019-08-19T09:55:10","modified_gmt":"2019-08-19T16:55:10","slug":"stem-cell-therapy","status":"publish","type":"page","link":"https:\/\/estrellaaesthetics.com\/es\/medicina-regenerativa\/terapia-de-celulas-madre","title":{"rendered":"Terapia de c\u00e9lulas madre"},"content":{"rendered":"<h1>Terapia de c\u00e9lulas madre, por Estrella Aesthetics &amp; Surgical Arts en Corona (Ca)<\/h1>\n<h3>Rahil Khan, M.D.<br>Estrella Aesthetics & Surgical Arts<br>Corona, California<\/h3>\n<h2>Usos Terap\u00e9uticos de las C\u00e9lulas Madre derivadas de Tejido Adiposo<\/h2>\n<p>Podr\u00eda decirse que los dos descubrimientos m\u00e1s importantes en la medicina han sido la secuenciaci\u00f3n del genoma humano, as\u00ed como los usos terap\u00e9uticos actuales y futuros de las c\u00e9lulas madre en todos los campos de la medicina. La presencia de la mayor poblaci\u00f3n de c\u00e9lulas madre en la capa de grasa de f\u00e1cil acceso y los avances tecnol\u00f3gicos celulares ha sido la base para esta investigaci\u00f3n. Es importante comprender los procesos celulares y las interacciones del tejido, la multitud de citoquinas del microambiente, los linajes celulares locales y distantes, y en \u00faltima instancia, el papel de las c\u00e9lulas madre y progenitoras en la curaci\u00f3n y la regeneraci\u00f3n pues abrir\u00e1 nuestras mentes a descubrimientos milagrosos. <\/p>\n<p> El papel de las c\u00e9lulas madre es clave en la medicina est\u00e9tica y en el reemplazo reconstructivo de volumen de tejido, especialmente el aumento de senos y el tratamiento de defectos por c\u00e1ncer de seno, en la cirug\u00eda ortop\u00e9dica para la curaci\u00f3n de fracturas \u00f3seas, enfermedades degenerativas e inflamatorias articulares, en la enfermedad card\u00edaca aguda y cr\u00f3nica, y en la cicatrizaci\u00f3n de heridas y rejuvenecimiento de la piel. La fusi\u00f3n de tratamiento cl\u00ednico del paciente con la ciencia biol\u00f3gica b\u00e1sica de las c\u00e9lulas ha acelerado la adquisici\u00f3n de este conocimiento m\u00e1s de lo que se observa en la mayor\u00eda de los campos de la medicina.<\/p>\n<p>No importa el campo de la medicina, en la investigaci\u00f3n de las interacciones de las c\u00e9lulas madre, siempre hay una constante: la necesidad de un entramado de tejido, factores de crecimiento, las c\u00e9lulas madre y una lesi\u00f3n que estimula el proceso regenerativo. <\/p>\n<p> La investigaci\u00f3n sobre los usos terap\u00e9uticos cl\u00ednicos de c\u00e9lulas madre derivadas de tejido adiposo (ASC) se ha disparado en los \u00faltimos cinco a\u00f1os. El descubrimiento de que la mayor\u00eda de nuestras c\u00e9lulas madre no residen en la m\u00e9dula \u00f3sea, sino en la capa adiposa, que las ASC se pueden obtener m\u00e1s r\u00e1pidamente en mayores cantidades, que los nuevos avances tecnol\u00f3gicos celulares ya est\u00e1n disponibles cl\u00ednicamente y la comprensi\u00f3n de las interacciones entre las c\u00e9lulas madre y las c\u00e9lulas regenerativas con el micro-entorno del tejido ha hecho que este sea un avance cient\u00edfico posible. <\/p>\n<address>\n<h3>Estrella Aesthetics &#038; Surgical Arts<\/h3>\n<p> 2550 Tuscany St. Suite 103<br \/>\nCorona, CA 92881<br \/>\n<abbr title='Phone'>P:<\/abbr> <a href=\"tel:+19513561207\" onclick=\"sendEventToGoogle('Content', '\/es\/wp-json\/wp\/v2\/pages\/2873', '+19513561207');\">(951) 356-1207<\/a><br \/>\n<\/address>\n<h2>Operating Hours<\/h2>\n<h5>Monday to Saturday: 9.30am to 8.00pm<\/h5>\n<h5>Sundays Closed<\/h5>\n<p>&nbsp;<\/p>\n","protected":false},"excerpt":{"rendered":"<p>Terapia de c\u00e9lulas madre, por Estrella Aesthetics &amp; Surgical Arts en Corona (Ca) Usos Terap\u00e9uticos de las C\u00e9lulas Madre derivadas de Tejido Adiposo Podr\u00eda decirse que los dos descubrimientos m\u00e1s importantes en la medicina han sido la secuenciaci\u00f3n del genoma humano, as\u00ed como los usos terap\u00e9uticos actuales y futuros de las c\u00e9lulas madre en todos&#8230; <a class=\"more-link\" href=\"https:\/\/estrellaaesthetics.com\/es\/medicina-regenerativa\/terapia-de-celulas-madre\">[Read More]<\/a><\/p>\n","protected":false},"author":4,"featured_media":0,"parent":0,"menu_order":0,"comment_status":"closed","ping_status":"closed","template":"","meta":{"_acf_changed":false,"inline_featured_image":false,"_genesis_hide_title":false,"_genesis_hide_breadcrumbs":false,"_genesis_hide_singular_image":false,"_genesis_hide_footer_widgets":false,"_genesis_custom_body_class":"","_genesis_custom_post_class":"","_genesis_layout":"","footnotes":""},"class_list":{"0":"post-2873","1":"page","2":"type-page","3":"status-publish","5":"entry"},"acf":[],"yoast_head":"\n<title>Terapia de c\u00e9lulas madre - Estrella Aesthetics &amp; Surgical Arts<\/title>\n<meta name=\"description\" content=\"Aprenda sobre los usos terap\u00e9uticos actuales y futuros de las c\u00e9lulas madre. Por Estrella Aesthetics &amp; Surgical Arts. Llame al (951) 356-1207\" \/>\n<meta name=\"robots\" content=\"index, follow, max-snippet:-1, max-image-preview:large, max-video-preview:-1\" \/>\n<link rel=\"canonical\" href=\"https:\/\/estrellaaesthetics.com\/es\/medicina-regenerativa\/terapia-de-celulas-madre\/\" \/>\n<meta property=\"og:locale\" content=\"es_ES\" \/>\n<meta property=\"og:type\" content=\"article\" \/>\n<meta property=\"og:title\" content=\"Terapia de c\u00e9lulas madre - Estrella Aesthetics &amp; Surgical Arts\" \/>\n<meta property=\"og:description\" content=\"Aprenda sobre los usos terap\u00e9uticos actuales y futuros de las c\u00e9lulas madre. Por Estrella Aesthetics &amp; Surgical Arts. Llame al (951) 356-1207\" \/>\n<meta property=\"og:url\" content=\"https:\/\/estrellaaesthetics.com\/es\/medicina-regenerativa\/terapia-de-celulas-madre\/\" \/>\n<meta property=\"og:site_name\" content=\"Estrella Aesthetics &amp; Surgical Arts - Spanish\" \/>\n<meta property=\"article:modified_time\" content=\"2019-08-19T16:55:10+00:00\" \/>\n<meta name=\"twitter:card\" content=\"summary_large_image\" \/>\n<meta name=\"twitter:label1\" content=\"Tiempo de lectura\" \/>\n\t<meta name=\"twitter:data1\" content=\"2 minutos\" \/>\n<script type=\"application\/ld+json\" class=\"yoast-schema-graph\">{\"@context\":\"https:\\\/\\\/schema.org\",\"@graph\":[{\"@type\":\"WebPage\",\"@id\":\"https:\\\/\\\/estrellaaesthetics.com\\\/es\\\/medicina-regenerativa\\\/terapia-de-celulas-madre\\\/\",\"url\":\"https:\\\/\\\/estrellaaesthetics.com\\\/es\\\/medicina-regenerativa\\\/terapia-de-celulas-madre\\\/\",\"name\":\"Terapia de c\u00e9lulas madre - Estrella Aesthetics & Surgical Arts\",\"isPartOf\":{\"@id\":\"https:\\\/\\\/estrellaaesthetics.com\\\/es\\\/#website\"},\"datePublished\":\"2013-11-05T01:38:44+00:00\",\"dateModified\":\"2019-08-19T16:55:10+00:00\",\"description\":\"Aprenda sobre los usos terap\u00e9uticos actuales y futuros de las c\u00e9lulas madre. Por Estrella Aesthetics & Surgical Arts. Llame al (951) 356-1207\",\"inLanguage\":\"es\",\"potentialAction\":[{\"@type\":\"ReadAction\",\"target\":[\"https:\\\/\\\/estrellaaesthetics.com\\\/es\\\/medicina-regenerativa\\\/terapia-de-celulas-madre\\\/\"]}]},{\"@type\":\"WebSite\",\"@id\":\"https:\\\/\\\/estrellaaesthetics.com\\\/es\\\/#website\",\"url\":\"https:\\\/\\\/estrellaaesthetics.com\\\/es\\\/\",\"name\":\"Estrella Aesthetics &amp; Surgical Arts - Spanish\",\"description\":\"Estrella Aesthetics &amp; Surgical Arts - Non-Surgical Laser Skin Care Clinic, Botox, Restylane &amp; Dermal Fillers, Corona, California\",\"potentialAction\":[{\"@type\":\"SearchAction\",\"target\":{\"@type\":\"EntryPoint\",\"urlTemplate\":\"https:\\\/\\\/estrellaaesthetics.com\\\/es\\\/?s={search_term_string}\"},\"query-input\":{\"@type\":\"PropertyValueSpecification\",\"valueRequired\":true,\"valueName\":\"search_term_string\"}}],\"inLanguage\":\"es\"}]}<\/script>\n","yoast_head_json":{"title":"Terapia de c\u00e9lulas madre - Estrella Aesthetics & Surgical Arts","description":"Aprenda sobre los usos terap\u00e9uticos actuales y futuros de las c\u00e9lulas madre. Por Estrella Aesthetics & Surgical Arts. Llame al (951) 356-1207","robots":{"index":"index","follow":"follow","max-snippet":"max-snippet:-1","max-image-preview":"max-image-preview:large","max-video-preview":"max-video-preview:-1"},"canonical":"https:\/\/estrellaaesthetics.com\/es\/medicina-regenerativa\/terapia-de-celulas-madre\/","og_locale":"es_ES","og_type":"article","og_title":"Terapia de c\u00e9lulas madre - Estrella Aesthetics & Surgical Arts","og_description":"Aprenda sobre los usos terap\u00e9uticos actuales y futuros de las c\u00e9lulas madre. Por Estrella Aesthetics & Surgical Arts. Llame al (951) 356-1207","og_url":"https:\/\/estrellaaesthetics.com\/es\/medicina-regenerativa\/terapia-de-celulas-madre\/","og_site_name":"Estrella Aesthetics &amp; Surgical Arts - Spanish","article_modified_time":"2019-08-19T16:55:10+00:00","twitter_card":"summary_large_image","twitter_misc":{"Tiempo de lectura":"2 minutos"},"schema":{"@context":"https:\/\/schema.org","@graph":[{"@type":"WebPage","@id":"https:\/\/estrellaaesthetics.com\/es\/medicina-regenerativa\/terapia-de-celulas-madre\/","url":"https:\/\/estrellaaesthetics.com\/es\/medicina-regenerativa\/terapia-de-celulas-madre\/","name":"Terapia de c\u00e9lulas madre - Estrella Aesthetics & Surgical Arts","isPartOf":{"@id":"https:\/\/estrellaaesthetics.com\/es\/#website"},"datePublished":"2013-11-05T01:38:44+00:00","dateModified":"2019-08-19T16:55:10+00:00","description":"Aprenda sobre los usos terap\u00e9uticos actuales y futuros de las c\u00e9lulas madre. Por Estrella Aesthetics & Surgical Arts. Llame al (951) 356-1207","inLanguage":"es","potentialAction":[{"@type":"ReadAction","target":["https:\/\/estrellaaesthetics.com\/es\/medicina-regenerativa\/terapia-de-celulas-madre\/"]}]},{"@type":"WebSite","@id":"https:\/\/estrellaaesthetics.com\/es\/#website","url":"https:\/\/estrellaaesthetics.com\/es\/","name":"Estrella Aesthetics &amp; Surgical Arts - Spanish","description":"Estrella Aesthetics &amp; Surgical Arts - Non-Surgical Laser Skin Care Clinic, Botox, Restylane &amp; Dermal Fillers, Corona, California","potentialAction":[{"@type":"SearchAction","target":{"@type":"EntryPoint","urlTemplate":"https:\/\/estrellaaesthetics.com\/es\/?s={search_term_string}"},"query-input":{"@type":"PropertyValueSpecification","valueRequired":true,"valueName":"search_term_string"}}],"inLanguage":"es"}]}},"_links":{"self":[{"href":"https:\/\/estrellaaesthetics.com\/es\/wp-json\/wp\/v2\/pages\/2873","targetHints":{"allow":["GET"]}}],"collection":[{"href":"https:\/\/estrellaaesthetics.com\/es\/wp-json\/wp\/v2\/pages"}],"about":[{"href":"https:\/\/estrellaaesthetics.com\/es\/wp-json\/wp\/v2\/types\/page"}],"author":[{"embeddable":true,"href":"https:\/\/estrellaaesthetics.com\/es\/wp-json\/wp\/v2\/users\/4"}],"replies":[{"embeddable":true,"href":"https:\/\/estrellaaesthetics.com\/es\/wp-json\/wp\/v2\/comments?post=2873"}],"version-history":[{"count":0,"href":"https:\/\/estrellaaesthetics.com\/es\/wp-json\/wp\/v2\/pages\/2873\/revisions"}],"wp:attachment":[{"href":"https:\/\/estrellaaesthetics.com\/es\/wp-json\/wp\/v2\/media?parent=2873"}],"curies":[{"name":"wp","href":"https:\/\/api.w.org\/{rel}","templated":true}]}}