{"id":2871,"date":"2013-11-04T17:38:06","date_gmt":"2013-11-05T01:38:06","guid":{"rendered":"http:\/\/staging.estrellaaesthetics.com\/?page_id=2871"},"modified":"2018-05-01T10:05:38","modified_gmt":"2018-05-01T17:05:38","slug":"weight-loss-program","status":"publish","type":"page","link":"https:\/\/estrellaaesthetics.com\/es\/medicina-regenerativa\/programas-de-dieta","title":{"rendered":"Programa de P\u00e9rdida de Peso &#8211; Programas de dieta"},"content":{"rendered":"<h1>Programa de P\u00e9rdida de Peso &#8211; Programas de dieta<\/h1>\n<h3>Rahil Khan, M.D.<br>Estrella Aesthetics & Surgical Arts<br>Corona, California<\/h3>\n<h2>Los programas de dieta relacionados con el reemplazo hormonal: Los Programas de Dieta HCG de 23 D\u00edas y 40 d\u00edas<\/h2>\n<p>La dieta HCG se utiliza como un complemento a un plan para bajar de peso muy bajo en calor\u00edas. HCG es la sigla en ingl\u00e9s de Gonadotropina Cori\u00f3nica Humana, una sustancia producida en grandes cantidades por la placenta durante el embarazo. Un m\u00e9dico brit\u00e1nico, el Dr. Simeons, mientras estudiaba a las mujeres embarazadas en la India con una dieta deficiente en calor\u00edas y ni\u00f1os obesos con problemas pituitarios tratados con dosis bajas de HCG, descubri\u00f3 que tanto las mujeres embarazadas como los ni\u00f1os con sobrepeso perdieron tejido graso en vez de tejido magro (m\u00fasculo). Su hip\u00f3tesis era que la HCG debe programar el hipot\u00e1lamo para hacer esto en el primer caso (mujeres embarazadas), con el fin de proteger al feto en desarrollo mediante la promoci\u00f3n de la movilizaci\u00f3n y el consumo de dep\u00f3sitos adiposos excesivos anormales.<\/p>\n<p>El protocolo de p\u00e9rdida de peso recomendado con inyecciones de dosis bajas de HCG a diario (125 unidades) combinado con una dieta personalizada ultra- baja en calor\u00edas (500 cal\/d\u00eda, alta en prote\u00ednas y baja en carbohidratos\/grasa) para promover la p\u00e9rdida de tejido adiposo sin p\u00e9rdida de tejido magro (m\u00fasculo).<\/p>\n<p>La investigaci\u00f3n ha demostrado que con peque\u00f1as dosis diarias de HCG junto con una dieta de s\u00f3lo 500 calor\u00edas diarias, el paciente puede perder un promedio de alrededor de una libra por d\u00eda. El protocolo de HCG no agota las reservas normales de grasa, sino que utiliza las reservas de grasa \u00abanormal\u00bb como combustible. Por otra parte, los pacientes que usan HCG informaron de que su piel se mantuvo fresca y tensa y poco a poco obtuvieron una figura completamente normal. Adem\u00e1s, se han producido pocos efectos secundarios tras la administraci\u00f3n diaria de HCG. Durante el embarazo la placenta toma el control de casi todas las funciones metab\u00f3licas de la madre, y en cierto sentido, act\u00faa como la gl\u00e1ndula pituitaria. La HCG es una de las sustancias que regulan el metabolismo durante el embarazo.<\/p>\n<p>La raz\u00f3n por qu\u00e9 las mujeres embarazadas no pierden peso es que la HCG act\u00faa movilizando la grasa para que el cuerpo la utilice s\u00f3lo cuando hay una disminuci\u00f3n significativa en las calor\u00edas y la grasa. Debe ocurrir un estado de inanici\u00f3n para que act\u00fae la HCG. Para bajar de peso, utilizamos una dieta muy baja en calor\u00edas para activar la HCG para que ayude al cuerpo a deshacerse de la grasa.<\/p>\n<p>Es importante que el Dr. Ray Khan, el director m\u00e9dico de Estrella Aesthetics, conozca su historia cl\u00ednica completa, y los resultados de las pruebas de laboratorio y del electrocardiograma, por lo que puede crear el programa que ser\u00e1 m\u00e1s probable que le traer\u00e1 el \u00e9xito sin tomar riesgos m\u00e9dicos innecesarios.<\/p>\n<p>Normalmente, cuando reducimos nuestro consumo de calor\u00edas y grasa, la grasa de nuestro cuerpo y nuestro metabolismo se hace m\u00e1s lento, con el fin de preservar una fuente de energ\u00eda almacenada que posiblemente salve nuestra vida. Sin embargo, con una dieta muy baja en calor\u00edas combinada con HCG, el cuerpo recibe la se\u00f1al de utilizar la grasa almacenada para obtener energ\u00eda o para eliminar.<\/p>\n<p>Si se intenta una dieta muy baja en calor\u00edas sin HCG, se puede bajar de peso simplemente comiendo menos calor\u00edas y grasa, pero debido a que el cuerpo almacena la grasa en tiempos de escasez, lo m\u00e1s probable es que se pierda m\u00fasculo y hueso antes que grasa. Esto hace que el metabolismo celular se haga m\u00e1s lento, por lo que a la larga har\u00eda que aumentemos de peso m\u00e1s f\u00e1cil.<\/p>\n<p>Debido a que la HCG moviliza la grasa y la hace disponible para el cuerpo como fuente de energ\u00eda, reduce de forma natural el apetito. As\u00ed, a pesar de que usted est\u00e1 tomando menos calor\u00edas, su cuerpo es capaz de acceder a la energ\u00eda que ha almacenado. La mayor\u00eda de la gente tiene mucha energ\u00eda y se siente bien durante el programa. La HCG no interact\u00faa con los medicamentos y no hay efectos secundarios, incluyendo la ausencia de cambios en el ciclo menstrual de la mujer.<\/p>\n<h2>Con la dieta ultra-baja en calor\u00edas de la HCG, por lo general se experimenta: <\/h2>\n<ol>\n<li>buen humor<\/li>\n<li>sin irritabilidad<\/li>\n<li>sin debilidad muscular<\/li>\n<li>se ve y se siente bien <\/li>\n<li>se ve y se siente bien <\/li>\n<li>se ve y se siente bien <\/li>\n<\/ol>\n<p>Despu\u00e9s de tomar HCG para la p\u00e9rdida de peso, a menudo es bueno reprogramar su cuerpo a largo plazo para utilizar la grasa almacenada para obtener energ\u00eda cuando las calor\u00edas se reducen durante alg\u00fan periodo de tiempo, manteniendo su peso. En promedio, los pacientes pierden alrededor de 20 a 25 libras por mes. Muchas veces 5 a 10 libras se pierden en la primera semana. Por lo general, hay una gran p\u00e9rdida de peso en el primer mes, y luego un efecto de peso invariable, seguido por una p\u00e9rdida de peso de una manera menos dram\u00e1tica. La p\u00e9rdida de peso se consigue a modo de escalones.<\/p>\n<h2>La dieta HCG de 23 d\u00edas <\/h2>\n<p>Los pacientes que siguieron la dieta HCG 23 suelen perder 1 libra por d\u00eda. La mayor\u00eda de los pacientes pierden entre 15 y 25 libras con la dieta HCG 23. Nunca ha habido un mejor momento para iniciar un plan de dieta HCG supervisado por un m\u00e9dico. Los pacientes perder\u00e1n peso r\u00e1pidamente, estar\u00e1n sanos y se sentir\u00e1n mejor. <\/p>\n<ul>\n<li>1 Botella de HCG (10.000 unidades)<\/li>\n<li>30 supresores del apetito matutinos (Penteramina) y nocturnos contra los antojos (Totamax)<\/li>\n<li>6 Diet Shots (Fat Burner and B 12 Vitamin)<\/li>\n<\/ul>\n<h2>Dieta HCG de 40 d\u00edas <\/h2>\n<p>Los pacientes que siguieron la dieta HCG de 40 d\u00edas pueden esperar perder entre 25 a 45 libras. La mayor\u00eda de los pacientes pierde 1 libra por d\u00eda durante los primeros 25 d\u00edas y luego 1\/2 libra a una libra por d\u00eda del d\u00eda 25 al 43.<\/p>\n<ul>\n<li>2 Botellas de HCG (20.000 unidades)<\/li>\n<li>30 supresores del apetito matutinos (Penteramina) y nocturnos contra los antojos (Totamax)<\/li>\n<li>6 inyecciones para la dieta (quemador de grasa y vitamina B 12)<\/li>\n<\/ul>\n","protected":false},"excerpt":{"rendered":"<p>Programa de P\u00e9rdida de Peso &#8211; Programas de dieta Los programas de dieta relacionados con el reemplazo hormonal: Los Programas de Dieta HCG de 23 D\u00edas y 40 d\u00edas La dieta HCG se utiliza como un complemento a un plan para bajar de peso muy bajo en calor\u00edas. HCG es la sigla en ingl\u00e9s de&#8230; <a class=\"more-link\" href=\"https:\/\/estrellaaesthetics.com\/es\/medicina-regenerativa\/programas-de-dieta\">[Read More]<\/a><\/p>\n","protected":false},"author":4,"featured_media":0,"parent":0,"menu_order":0,"comment_status":"closed","ping_status":"closed","template":"","meta":{"_acf_changed":false,"inline_featured_image":false,"_genesis_hide_title":false,"_genesis_hide_breadcrumbs":false,"_genesis_hide_singular_image":false,"_genesis_hide_footer_widgets":false,"_genesis_custom_body_class":"","_genesis_custom_post_class":"","_genesis_layout":"","footnotes":""},"class_list":{"0":"post-2871","1":"page","2":"type-page","3":"status-publish","5":"entry"},"acf":[],"yoast_head":"\n<title>Programa de P\u00e9rdida de Peso - Programas de dieta<\/title>\n<meta name=\"description\" content=\"Los programas de dieta relacionados con el reemplazo hormonal: Los Programas de Dieta HCG de 23 D\u00edas y 40 d\u00edas. Llame al (951)356-1207\" \/>\n<meta name=\"robots\" content=\"index, follow, max-snippet:-1, max-image-preview:large, max-video-preview:-1\" \/>\n<link rel=\"canonical\" href=\"https:\/\/estrellaaesthetics.com\/es\/medicina-regenerativa\/programas-de-dieta\/\" \/>\n<meta property=\"og:locale\" content=\"es_ES\" \/>\n<meta property=\"og:type\" content=\"article\" \/>\n<meta property=\"og:title\" content=\"Programa de P\u00e9rdida de Peso - Programas de dieta\" \/>\n<meta property=\"og:description\" content=\"Los programas de dieta relacionados con el reemplazo hormonal: Los Programas de Dieta HCG de 23 D\u00edas y 40 d\u00edas. Llame al (951)356-1207\" \/>\n<meta property=\"og:url\" content=\"https:\/\/estrellaaesthetics.com\/es\/medicina-regenerativa\/programas-de-dieta\/\" \/>\n<meta property=\"og:site_name\" content=\"Estrella Aesthetics &amp; Surgical Arts - Spanish\" \/>\n<meta property=\"article:modified_time\" content=\"2018-05-01T17:05:38+00:00\" \/>\n<meta name=\"twitter:card\" content=\"summary_large_image\" \/>\n<meta name=\"twitter:label1\" content=\"Tiempo de lectura\" \/>\n\t<meta name=\"twitter:data1\" content=\"5 minutos\" \/>\n<script type=\"application\/ld+json\" class=\"yoast-schema-graph\">{\"@context\":\"https:\/\/schema.org\",\"@graph\":[{\"@type\":\"WebPage\",\"@id\":\"https:\/\/estrellaaesthetics.com\/es\/medicina-regenerativa\/programas-de-dieta\/\",\"url\":\"https:\/\/estrellaaesthetics.com\/es\/medicina-regenerativa\/programas-de-dieta\/\",\"name\":\"Programa de P\u00e9rdida de Peso - Programas de dieta\",\"isPartOf\":{\"@id\":\"https:\/\/estrellaaesthetics.com\/es\/#website\"},\"datePublished\":\"2013-11-05T01:38:06+00:00\",\"dateModified\":\"2018-05-01T17:05:38+00:00\",\"description\":\"Los programas de dieta relacionados con el reemplazo hormonal: Los Programas de Dieta HCG de 23 D\u00edas y 40 d\u00edas. Llame al (951)356-1207\",\"inLanguage\":\"es\",\"potentialAction\":[{\"@type\":\"ReadAction\",\"target\":[\"https:\/\/estrellaaesthetics.com\/es\/medicina-regenerativa\/programas-de-dieta\/\"]}]},{\"@type\":\"WebSite\",\"@id\":\"https:\/\/estrellaaesthetics.com\/es\/#website\",\"url\":\"https:\/\/estrellaaesthetics.com\/es\/\",\"name\":\"Estrella Aesthetics &amp; Surgical Arts - Spanish\",\"description\":\"Estrella Aesthetics &amp; Surgical Arts - Non-Surgical Laser Skin Care Clinic, Botox, Restylane &amp; Dermal Fillers, Corona, California\",\"potentialAction\":[{\"@type\":\"SearchAction\",\"target\":{\"@type\":\"EntryPoint\",\"urlTemplate\":\"https:\/\/estrellaaesthetics.com\/es\/?s={search_term_string}\"},\"query-input\":{\"@type\":\"PropertyValueSpecification\",\"valueRequired\":true,\"valueName\":\"search_term_string\"}}],\"inLanguage\":\"es\"}]}<\/script>\n","yoast_head_json":{"title":"Programa de P\u00e9rdida de Peso - Programas de dieta","description":"Los programas de dieta relacionados con el reemplazo hormonal: Los Programas de Dieta HCG de 23 D\u00edas y 40 d\u00edas. Llame al (951)356-1207","robots":{"index":"index","follow":"follow","max-snippet":"max-snippet:-1","max-image-preview":"max-image-preview:large","max-video-preview":"max-video-preview:-1"},"canonical":"https:\/\/estrellaaesthetics.com\/es\/medicina-regenerativa\/programas-de-dieta\/","og_locale":"es_ES","og_type":"article","og_title":"Programa de P\u00e9rdida de Peso - Programas de dieta","og_description":"Los programas de dieta relacionados con el reemplazo hormonal: Los Programas de Dieta HCG de 23 D\u00edas y 40 d\u00edas. Llame al (951)356-1207","og_url":"https:\/\/estrellaaesthetics.com\/es\/medicina-regenerativa\/programas-de-dieta\/","og_site_name":"Estrella Aesthetics &amp; Surgical Arts - Spanish","article_modified_time":"2018-05-01T17:05:38+00:00","twitter_card":"summary_large_image","twitter_misc":{"Tiempo de lectura":"5 minutos"},"schema":{"@context":"https:\/\/schema.org","@graph":[{"@type":"WebPage","@id":"https:\/\/estrellaaesthetics.com\/es\/medicina-regenerativa\/programas-de-dieta\/","url":"https:\/\/estrellaaesthetics.com\/es\/medicina-regenerativa\/programas-de-dieta\/","name":"Programa de P\u00e9rdida de Peso - Programas de dieta","isPartOf":{"@id":"https:\/\/estrellaaesthetics.com\/es\/#website"},"datePublished":"2013-11-05T01:38:06+00:00","dateModified":"2018-05-01T17:05:38+00:00","description":"Los programas de dieta relacionados con el reemplazo hormonal: Los Programas de Dieta HCG de 23 D\u00edas y 40 d\u00edas. Llame al (951)356-1207","inLanguage":"es","potentialAction":[{"@type":"ReadAction","target":["https:\/\/estrellaaesthetics.com\/es\/medicina-regenerativa\/programas-de-dieta\/"]}]},{"@type":"WebSite","@id":"https:\/\/estrellaaesthetics.com\/es\/#website","url":"https:\/\/estrellaaesthetics.com\/es\/","name":"Estrella Aesthetics &amp; Surgical Arts - Spanish","description":"Estrella Aesthetics &amp; Surgical Arts - Non-Surgical Laser Skin Care Clinic, Botox, Restylane &amp; Dermal Fillers, Corona, California","potentialAction":[{"@type":"SearchAction","target":{"@type":"EntryPoint","urlTemplate":"https:\/\/estrellaaesthetics.com\/es\/?s={search_term_string}"},"query-input":{"@type":"PropertyValueSpecification","valueRequired":true,"valueName":"search_term_string"}}],"inLanguage":"es"}]}},"_links":{"self":[{"href":"https:\/\/estrellaaesthetics.com\/es\/wp-json\/wp\/v2\/pages\/2871","targetHints":{"allow":["GET"]}}],"collection":[{"href":"https:\/\/estrellaaesthetics.com\/es\/wp-json\/wp\/v2\/pages"}],"about":[{"href":"https:\/\/estrellaaesthetics.com\/es\/wp-json\/wp\/v2\/types\/page"}],"author":[{"embeddable":true,"href":"https:\/\/estrellaaesthetics.com\/es\/wp-json\/wp\/v2\/users\/4"}],"replies":[{"embeddable":true,"href":"https:\/\/estrellaaesthetics.com\/es\/wp-json\/wp\/v2\/comments?post=2871"}],"version-history":[{"count":0,"href":"https:\/\/estrellaaesthetics.com\/es\/wp-json\/wp\/v2\/pages\/2871\/revisions"}],"wp:attachment":[{"href":"https:\/\/estrellaaesthetics.com\/es\/wp-json\/wp\/v2\/media?parent=2871"}],"curies":[{"name":"wp","href":"https:\/\/api.w.org\/{rel}","templated":true}]}}