{"id":2863,"date":"2013-11-04T17:35:11","date_gmt":"2013-11-05T01:35:11","guid":{"rendered":"http:\/\/staging.estrellaaesthetics.com\/?page_id=2863"},"modified":"2022-04-05T10:33:05","modified_gmt":"2022-04-05T17:33:05","slug":"anti-agingregenerative-medicine","status":"publish","type":"page","link":"https:\/\/estrellaaesthetics.com\/es\/procedimientos\/medicina-regenerativa","title":{"rendered":"Anti-Edad (Medicina Regenerativa) por parte de los mejores cirujanos est\u00e9ticos de Corona, CA"},"content":{"rendered":"<h3>Rahil Khan, M.D.<br>Estrella Aesthetics & Surgical Arts<br>Corona, California<\/h3>\n<h1>Procedimientos Anti-edad<\/h1>\n<p>Conozca todos los procedimientos anti-edad que ofrece Estrella Aesthetics &amp; Surgical Arts y realizados por nuestro destacado <a title=\"Estrella Aesthetic team\" href=\"\/es\/quienes-somos\/nuestro-equipo\" target=\"_blank\" rel=\"noopener noreferrer\">equipo de cirug\u00eda est\u00e9tica<\/a>:<\/p>\n<ul>\n<ul>\n<li><a href=\"\/regenerative-medicine\">Medicina Regenerativa <\/a>\n<ul>\n<li><a href=\"\/regenerative-medicine\/comprehensive-anti-aging-program\">Programa Integral Anti-Edad<\/a><\/li>\n<li><a href=\"\/regenerative-medicine\/hormone-replacement\">Reemplazo hormonal<\/a><\/li>\n<li><a href=\"\/regenerative-medicine\/stem-cell-therapy\">Terapia de c\u00e9lulas madre<\/a><\/li>\n<li><a href=\"\/regenerative-medicine\/weight-loss-program\">Programa de p\u00e9rdida de peso<\/a><\/li>\n<\/ul>\n<\/li>\n<li><a href=\"\/bioidentical-hormone-replacement\">Reemplazo de hormonas bioid\u00e9nticas<\/a><\/li>\n<li><a href=\"\/weight-loss-management\">P\u00e9rdida de peso controlada<\/a>\n<ul>\n<li><a href=\"\/weight-loss-management\/exercise-program\">Programa de Ejercicios<\/a><\/li>\n<li><a href=\"\/weight-loss-management\/diet\">Manejo Nutricional (Dieta)<\/a><\/li>\n<\/ul>\n<\/li>\n<\/ul>\n<\/ul>\n<address>\n<h3>Estrella Aesthetics &#038; Surgical Arts<\/h3>\n<p> 2550 Tuscany St. Suite 103<br \/>\nCorona, CA 92881<br \/>\n<abbr title='Phone'>P:<\/abbr> <a href=\"tel:+19513561207\" onclick=\"sendEventToGoogle('Content', '\/es\/wp-json\/wp\/v2\/pages\/2863', '+19513561207');\">(951) 356-1207<\/a><br \/>\n<\/address>\n<h2>Horario de Atenci\u00f3n<\/h2>\r\n<h5>Lunes a Viernes: 10.00am a 7.00pm<\/h5>\r\n<h5>S\u00e1bado: 10.00am a 5.00pm<\/h5>\r\n<h5>Domingos Cerrados<\/h5>\n","protected":false},"excerpt":{"rendered":"<p>Procedimientos Anti-edad Conozca todos los procedimientos anti-edad que ofrece Estrella Aesthetics &amp; Surgical Arts y realizados por nuestro destacado equipo de cirug\u00eda est\u00e9tica: Medicina Regenerativa Programa Integral Anti-Edad Reemplazo hormonal Terapia de c\u00e9lulas madre Programa de p\u00e9rdida de peso Reemplazo de hormonas bioid\u00e9nticas P\u00e9rdida de peso controlada Programa de Ejercicios Manejo Nutricional (Dieta) Estrella Aesthetics&#8230; <a class=\"more-link\" href=\"https:\/\/estrellaaesthetics.com\/es\/procedimientos\/medicina-regenerativa\">[Read More]<\/a><\/p>\n","protected":false},"author":4,"featured_media":0,"parent":0,"menu_order":0,"comment_status":"closed","ping_status":"closed","template":"","meta":{"_acf_changed":false,"inline_featured_image":false,"_genesis_hide_title":false,"_genesis_hide_breadcrumbs":false,"_genesis_hide_singular_image":false,"_genesis_hide_footer_widgets":false,"_genesis_custom_body_class":"","_genesis_custom_post_class":"","_genesis_layout":"","footnotes":""},"class_list":{"0":"post-2863","1":"page","2":"type-page","3":"status-publish","5":"entry"},"acf":[],"yoast_head":"\n<title>Anti-Edad (Medicina Regenerativa) por parte de los mejores cirujanos<\/title>\n<meta name=\"description\" content=\"Medicina Regenerativa, el Programa Anti-Edad Integral, reemplazo hormonal, terapia de c\u00e9lulas madre, Gesti\u00f3n de la p\u00e9rdida de peso. Llame ahora 951.272.4455\" \/>\n<meta name=\"robots\" content=\"index, follow, max-snippet:-1, max-image-preview:large, max-video-preview:-1\" \/>\n<link rel=\"canonical\" href=\"https:\/\/estrellaaesthetics.com\/es\/procedimientos\/medicina-regenerativa\/\" \/>\n<meta property=\"og:locale\" content=\"es_ES\" \/>\n<meta property=\"og:type\" content=\"article\" \/>\n<meta property=\"og:title\" content=\"Anti-Edad (Medicina Regenerativa) por parte de los mejores cirujanos\" \/>\n<meta property=\"og:description\" content=\"Medicina Regenerativa, el Programa Anti-Edad Integral, reemplazo hormonal, terapia de c\u00e9lulas madre, Gesti\u00f3n de la p\u00e9rdida de peso. Llame ahora 951.272.4455\" \/>\n<meta property=\"og:url\" content=\"https:\/\/estrellaaesthetics.com\/es\/procedimientos\/medicina-regenerativa\/\" \/>\n<meta property=\"og:site_name\" content=\"Estrella Aesthetics &amp; Surgical Arts - Spanish\" \/>\n<meta property=\"article:modified_time\" content=\"2022-04-05T17:33:05+00:00\" \/>\n<meta name=\"twitter:card\" content=\"summary_large_image\" \/>\n<script type=\"application\/ld+json\" class=\"yoast-schema-graph\">{\"@context\":\"https:\\\/\\\/schema.org\",\"@graph\":[{\"@type\":\"WebPage\",\"@id\":\"https:\\\/\\\/estrellaaesthetics.com\\\/es\\\/procedimientos\\\/medicina-regenerativa\\\/\",\"url\":\"https:\\\/\\\/estrellaaesthetics.com\\\/es\\\/procedimientos\\\/medicina-regenerativa\\\/\",\"name\":\"Anti-Edad (Medicina Regenerativa) por parte de los mejores cirujanos\",\"isPartOf\":{\"@id\":\"https:\\\/\\\/estrellaaesthetics.com\\\/es\\\/#website\"},\"datePublished\":\"2013-11-05T01:35:11+00:00\",\"dateModified\":\"2022-04-05T17:33:05+00:00\",\"description\":\"Medicina Regenerativa, el Programa Anti-Edad Integral, reemplazo hormonal, terapia de c\u00e9lulas madre, Gesti\u00f3n de la p\u00e9rdida de peso. Llame ahora 951.272.4455\",\"inLanguage\":\"es\",\"potentialAction\":[{\"@type\":\"ReadAction\",\"target\":[\"https:\\\/\\\/estrellaaesthetics.com\\\/es\\\/procedimientos\\\/medicina-regenerativa\\\/\"]}]},{\"@type\":\"WebSite\",\"@id\":\"https:\\\/\\\/estrellaaesthetics.com\\\/es\\\/#website\",\"url\":\"https:\\\/\\\/estrellaaesthetics.com\\\/es\\\/\",\"name\":\"Estrella Aesthetics &amp; Surgical Arts - Spanish\",\"description\":\"Estrella Aesthetics &amp; Surgical Arts - Non-Surgical Laser Skin Care Clinic, Botox, Restylane &amp; Dermal Fillers, Corona, California\",\"potentialAction\":[{\"@type\":\"SearchAction\",\"target\":{\"@type\":\"EntryPoint\",\"urlTemplate\":\"https:\\\/\\\/estrellaaesthetics.com\\\/es\\\/?s={search_term_string}\"},\"query-input\":{\"@type\":\"PropertyValueSpecification\",\"valueRequired\":true,\"valueName\":\"search_term_string\"}}],\"inLanguage\":\"es\"}]}<\/script>\n","yoast_head_json":{"title":"Anti-Edad (Medicina Regenerativa) por parte de los mejores cirujanos","description":"Medicina Regenerativa, el Programa Anti-Edad Integral, reemplazo hormonal, terapia de c\u00e9lulas madre, Gesti\u00f3n de la p\u00e9rdida de peso. Llame ahora 951.272.4455","robots":{"index":"index","follow":"follow","max-snippet":"max-snippet:-1","max-image-preview":"max-image-preview:large","max-video-preview":"max-video-preview:-1"},"canonical":"https:\/\/estrellaaesthetics.com\/es\/procedimientos\/medicina-regenerativa\/","og_locale":"es_ES","og_type":"article","og_title":"Anti-Edad (Medicina Regenerativa) por parte de los mejores cirujanos","og_description":"Medicina Regenerativa, el Programa Anti-Edad Integral, reemplazo hormonal, terapia de c\u00e9lulas madre, Gesti\u00f3n de la p\u00e9rdida de peso. Llame ahora 951.272.4455","og_url":"https:\/\/estrellaaesthetics.com\/es\/procedimientos\/medicina-regenerativa\/","og_site_name":"Estrella Aesthetics &amp; Surgical Arts - Spanish","article_modified_time":"2022-04-05T17:33:05+00:00","twitter_card":"summary_large_image","schema":{"@context":"https:\/\/schema.org","@graph":[{"@type":"WebPage","@id":"https:\/\/estrellaaesthetics.com\/es\/procedimientos\/medicina-regenerativa\/","url":"https:\/\/estrellaaesthetics.com\/es\/procedimientos\/medicina-regenerativa\/","name":"Anti-Edad (Medicina Regenerativa) por parte de los mejores cirujanos","isPartOf":{"@id":"https:\/\/estrellaaesthetics.com\/es\/#website"},"datePublished":"2013-11-05T01:35:11+00:00","dateModified":"2022-04-05T17:33:05+00:00","description":"Medicina Regenerativa, el Programa Anti-Edad Integral, reemplazo hormonal, terapia de c\u00e9lulas madre, Gesti\u00f3n de la p\u00e9rdida de peso. Llame ahora 951.272.4455","inLanguage":"es","potentialAction":[{"@type":"ReadAction","target":["https:\/\/estrellaaesthetics.com\/es\/procedimientos\/medicina-regenerativa\/"]}]},{"@type":"WebSite","@id":"https:\/\/estrellaaesthetics.com\/es\/#website","url":"https:\/\/estrellaaesthetics.com\/es\/","name":"Estrella Aesthetics &amp; Surgical Arts - Spanish","description":"Estrella Aesthetics &amp; Surgical Arts - Non-Surgical Laser Skin Care Clinic, Botox, Restylane &amp; Dermal Fillers, Corona, California","potentialAction":[{"@type":"SearchAction","target":{"@type":"EntryPoint","urlTemplate":"https:\/\/estrellaaesthetics.com\/es\/?s={search_term_string}"},"query-input":{"@type":"PropertyValueSpecification","valueRequired":true,"valueName":"search_term_string"}}],"inLanguage":"es"}]}},"_links":{"self":[{"href":"https:\/\/estrellaaesthetics.com\/es\/wp-json\/wp\/v2\/pages\/2863","targetHints":{"allow":["GET"]}}],"collection":[{"href":"https:\/\/estrellaaesthetics.com\/es\/wp-json\/wp\/v2\/pages"}],"about":[{"href":"https:\/\/estrellaaesthetics.com\/es\/wp-json\/wp\/v2\/types\/page"}],"author":[{"embeddable":true,"href":"https:\/\/estrellaaesthetics.com\/es\/wp-json\/wp\/v2\/users\/4"}],"replies":[{"embeddable":true,"href":"https:\/\/estrellaaesthetics.com\/es\/wp-json\/wp\/v2\/comments?post=2863"}],"version-history":[{"count":0,"href":"https:\/\/estrellaaesthetics.com\/es\/wp-json\/wp\/v2\/pages\/2863\/revisions"}],"wp:attachment":[{"href":"https:\/\/estrellaaesthetics.com\/es\/wp-json\/wp\/v2\/media?parent=2863"}],"curies":[{"name":"wp","href":"https:\/\/api.w.org\/{rel}","templated":true}]}}