{"id":2857,"date":"2013-11-04T17:32:32","date_gmt":"2013-11-05T01:32:32","guid":{"rendered":"http:\/\/staging.estrellaaesthetics.com\/?page_id=2857"},"modified":"2026-03-13T17:34:10","modified_gmt":"2026-03-14T00:34:10","slug":"tratamientos-dermicos-no-invasivosanti-arrugas","status":"publish","type":"page","link":"https:\/\/estrellaaesthetics.com\/es\/tratamientos-dermicos-no-invasivos\/anti-arrugas","title":{"rendered":"Tratamientos para las arrugas"},"content":{"rendered":"<h1>Tratamientos para las arrugas<\/h1>\n<p>Hay una amplia gama de <strong>tratamientos antiarrugas<\/strong> disponibles con el Dr. Ray Khan en Estrella Aesthetics &amp; Surgical Arts en Corona CA<\/strong><\/p>\n<p><strong>Lista de Tratamientos para las arrugas de la piel:<\/strong>:<\/p>\n<ol>\n<li>Microdermoabrasi\u00f3n<\/li>\n<li>Peelings qu\u00edmicos leves, moderados y agresivos<\/li>\n<li>Luz Pulsada Intensa (IPL) con un foto-facial<\/li>\n<li>Tratamientos de la piel con Radiofrecuencia: Fractora\/Firm y Matrix Sublative RF<\/li>\n<li>Vampire Facial y Vampire Facelift<\/li>\n<li>L\u00e1ser Ablativo MicroPeel de 2940 nm<\/li>\n<li>Rejuvenecimiento cut\u00e1neo con l\u00e1ser de di\u00f3xido de carbono (CO2) fraccionado<\/li>\n<li>Neuromoduladores de Botox\/Dysport para la mejora de l\u00edneas creadas por el m\u00fasculo de la animaci\u00f3n<\/li>\n<li>Rellenos d\u00e9rmicos (Perlane, Juvaderm y Artefill)<\/li>\n<\/ol>\n<h2>Variables en el tratamiento de arrugas:<\/h2>\n<p>La decisi\u00f3n de elegir un tratamiento espec\u00edfico se relaciona principalmente con la mejora esperada de las arrugas, asociada con la facilidad y la duraci\u00f3n de la recuperaci\u00f3n.<\/p>\n<ul>\n<li>duraci\u00f3n del per\u00edodo de recuperaci\u00f3n<\/li>\n<li>grado de mejor\u00eda de la arruga<\/li>\n<li>molestias frente al tratamiento y el malestar post- tratamiento<\/li>\n<li>gravedad y duraci\u00f3n del eritema (enrojecimiento)<\/li>\n<\/ul>\n<p>En una consulta, el Dr. Ray Khan llevar\u00e1 a cabo un examen f\u00edsico completo y una revisi\u00f3n de su historia cl\u00ednica para elegir las mejores opciones de tratamiento para sus arrugas faciales, ya que algunas zonas de arrugas se pueden tratar mejor con un tratamiento, mientras que otras arrugas o l\u00edneas se tratan mejor con otro.<\/p>\n<p>Un ejemplo de las recomendaciones de tratamiento integrales para una mujer con envejecimiento t\u00edpico de m\u00e1s de 40:<\/p>\n<p>Pliegues horizontales de la frente, l\u00edneas verticales entre los ojos y la zona lateral de los ojos (patas de gallo) se tratan con Dyport\/Botox.<\/p>\n<p>Las l\u00edneas finas debajo de la zona del p\u00e1rpado y la mejilla inferior se tratan con un peeling qu\u00edmico de leve a moderado o Matrix IR (infrarrojo).<\/p>\n<p>Las l\u00edneas verticales finas de la zona del labio superior y el resto de las arrugas faciales se tratan mejor con un l\u00e1ser de di\u00f3xido de carbono fraccionado DEKA DOT SmartXide.<\/p>\n<p>Por favor, haga una cita para una consulta en Estrella Aesthetics &amp; Surgical Arts en Corona CA en el <strong><a href=\"tel:+19513561207\" onclick=\"sendEventToGoogle('Content', '\/es\/wp-json\/wp\/v2\/pages\/2857', '+19513561207');\">(951) 356-1207<\/a><\/strong><\/p>\n<h2>Estrella Aesthetics &amp; Surgical Art<\/h2>\n<h5>2550 Tuscany St<\/h5>\n<p>Suite #103<br \/>\nCorona, CA 92881<br \/>\n<strong><a href=\"tel:+19513561207\" onclick=\"sendEventToGoogle('Content', '\/es\/wp-json\/wp\/v2\/pages\/2857', '+19513561207');\">(951) 356-1207<\/a><\/strong><\/p>\n<h2>Operating Hours<\/h2>\n<p><strong>Monday to Saturday: 9.30am to 8.00pm<strong><br \/>\n<strong>Sundays Closed<strong><br \/>\n<strong><a href=\"tel:+19513561207\" onclick=\"sendEventToGoogle('Content', '\/es\/wp-json\/wp\/v2\/pages\/2857', '+19513561207');\">(951) 356-1207<\/a><\/strong><\/p>\n","protected":false},"excerpt":{"rendered":"<p>Tratamientos para las arrugas Hay una amplia gama de tratamientos antiarrugas disponibles con el Dr. Ray Khan en Estrella Aesthetics &amp; Surgical Arts en Corona CA Lista de Tratamientos para las arrugas de la piel:: Microdermoabrasi\u00f3n Peelings qu\u00edmicos leves, moderados y agresivos Luz Pulsada Intensa (IPL) con un foto-facial Tratamientos de la piel con Radiofrecuencia:&#8230; <a class=\"more-link\" href=\"https:\/\/estrellaaesthetics.com\/es\/tratamientos-dermicos-no-invasivos\/anti-arrugas\">[Read More]<\/a><\/p>\n","protected":false},"author":4,"featured_media":0,"parent":2843,"menu_order":0,"comment_status":"closed","ping_status":"closed","template":"","meta":{"_acf_changed":false,"inline_featured_image":false,"_genesis_hide_title":false,"_genesis_hide_breadcrumbs":false,"_genesis_hide_singular_image":false,"_genesis_hide_footer_widgets":false,"_genesis_custom_body_class":"","_genesis_custom_post_class":"","_genesis_layout":"","footnotes":""},"class_list":{"0":"post-2857","1":"page","2":"type-page","3":"status-publish","5":"entry"},"acf":[],"yoast_head":"\n<title>Amplia gama de Tratamientos para las arrugas de la piel<\/title>\n<meta name=\"description\" content=\"Hay una amplia gama de tratamientos antiarrugas disponibles con el Dr. Ray Khan en Estrella Aesthetics &amp; Surgical Arts en Corona CA\" \/>\n<meta name=\"robots\" content=\"index, follow, max-snippet:-1, max-image-preview:large, max-video-preview:-1\" \/>\n<link rel=\"canonical\" href=\"https:\/\/estrellaaesthetics.com\/es\/tratamientos-dermicos-no-invasivos\/anti-arrugas\/\" \/>\n<meta property=\"og:locale\" content=\"es_ES\" \/>\n<meta property=\"og:type\" content=\"article\" \/>\n<meta property=\"og:title\" content=\"Amplia gama de Tratamientos para las arrugas de la piel\" \/>\n<meta property=\"og:description\" content=\"Hay una amplia gama de tratamientos antiarrugas disponibles con el Dr. Ray Khan en Estrella Aesthetics &amp; Surgical Arts en Corona CA\" \/>\n<meta property=\"og:url\" content=\"https:\/\/estrellaaesthetics.com\/es\/tratamientos-dermicos-no-invasivos\/anti-arrugas\/\" \/>\n<meta property=\"og:site_name\" content=\"Estrella Aesthetics &amp; Surgical Arts - Spanish\" \/>\n<meta property=\"article:modified_time\" content=\"2026-03-14T00:34:10+00:00\" \/>\n<meta name=\"twitter:card\" content=\"summary_large_image\" \/>\n<meta name=\"twitter:label1\" content=\"Tiempo de lectura\" \/>\n\t<meta name=\"twitter:data1\" content=\"2 minutos\" \/>\n<script type=\"application\/ld+json\" class=\"yoast-schema-graph\">{\"@context\":\"https:\\\/\\\/schema.org\",\"@graph\":[{\"@type\":\"WebPage\",\"@id\":\"https:\\\/\\\/estrellaaesthetics.com\\\/es\\\/tratamientos-dermicos-no-invasivos\\\/anti-arrugas\\\/\",\"url\":\"https:\\\/\\\/estrellaaesthetics.com\\\/es\\\/tratamientos-dermicos-no-invasivos\\\/anti-arrugas\\\/\",\"name\":\"Amplia gama de Tratamientos para las arrugas de la piel\",\"isPartOf\":{\"@id\":\"https:\\\/\\\/estrellaaesthetics.com\\\/es\\\/#website\"},\"datePublished\":\"2013-11-05T01:32:32+00:00\",\"dateModified\":\"2026-03-14T00:34:10+00:00\",\"description\":\"Hay una amplia gama de tratamientos antiarrugas disponibles con el Dr. Ray Khan en Estrella Aesthetics & Surgical Arts en Corona CA\",\"breadcrumb\":{\"@id\":\"https:\\\/\\\/estrellaaesthetics.com\\\/es\\\/tratamientos-dermicos-no-invasivos\\\/anti-arrugas\\\/#breadcrumb\"},\"inLanguage\":\"es\",\"potentialAction\":[{\"@type\":\"ReadAction\",\"target\":[\"https:\\\/\\\/estrellaaesthetics.com\\\/es\\\/tratamientos-dermicos-no-invasivos\\\/anti-arrugas\\\/\"]}]},{\"@type\":\"BreadcrumbList\",\"@id\":\"https:\\\/\\\/estrellaaesthetics.com\\\/es\\\/tratamientos-dermicos-no-invasivos\\\/anti-arrugas\\\/#breadcrumb\",\"itemListElement\":[{\"@type\":\"ListItem\",\"position\":1,\"name\":\"Procedimientos\",\"item\":\"https:\\\/\\\/estrellaaesthetics.com\\\/es\\\/procedimientos\\\/\"},{\"@type\":\"ListItem\",\"position\":2,\"name\":\"Procedimientos para la piel\",\"item\":\"https:\\\/\\\/estrellaaesthetics.com\\\/es\\\/procedimientos-para-la-piel\\\/\"},{\"@type\":\"ListItem\",\"position\":3,\"name\":\"Procedimientos no invasivos\",\"item\":\"https:\\\/\\\/estrellaaesthetics.com\\\/es\\\/procedimientos-no-invasivos\\\/\"},{\"@type\":\"ListItem\",\"position\":4,\"name\":\"Tratamientos para las arrugas\"}]},{\"@type\":\"WebSite\",\"@id\":\"https:\\\/\\\/estrellaaesthetics.com\\\/es\\\/#website\",\"url\":\"https:\\\/\\\/estrellaaesthetics.com\\\/es\\\/\",\"name\":\"Estrella Aesthetics &amp; Surgical Arts - Spanish\",\"description\":\"Estrella Aesthetics &amp; Surgical Arts - Non-Surgical Laser Skin Care Clinic, Botox, Restylane &amp; Dermal Fillers, Corona, California\",\"potentialAction\":[{\"@type\":\"SearchAction\",\"target\":{\"@type\":\"EntryPoint\",\"urlTemplate\":\"https:\\\/\\\/estrellaaesthetics.com\\\/es\\\/?s={search_term_string}\"},\"query-input\":{\"@type\":\"PropertyValueSpecification\",\"valueRequired\":true,\"valueName\":\"search_term_string\"}}],\"inLanguage\":\"es\"}]}<\/script>\n","yoast_head_json":{"title":"Amplia gama de Tratamientos para las arrugas de la piel","description":"Hay una amplia gama de tratamientos antiarrugas disponibles con el Dr. Ray Khan en Estrella Aesthetics & Surgical Arts en Corona CA","robots":{"index":"index","follow":"follow","max-snippet":"max-snippet:-1","max-image-preview":"max-image-preview:large","max-video-preview":"max-video-preview:-1"},"canonical":"https:\/\/estrellaaesthetics.com\/es\/tratamientos-dermicos-no-invasivos\/anti-arrugas\/","og_locale":"es_ES","og_type":"article","og_title":"Amplia gama de Tratamientos para las arrugas de la piel","og_description":"Hay una amplia gama de tratamientos antiarrugas disponibles con el Dr. Ray Khan en Estrella Aesthetics & Surgical Arts en Corona CA","og_url":"https:\/\/estrellaaesthetics.com\/es\/tratamientos-dermicos-no-invasivos\/anti-arrugas\/","og_site_name":"Estrella Aesthetics &amp; Surgical Arts - Spanish","article_modified_time":"2026-03-14T00:34:10+00:00","twitter_card":"summary_large_image","twitter_misc":{"Tiempo de lectura":"2 minutos"},"schema":{"@context":"https:\/\/schema.org","@graph":[{"@type":"WebPage","@id":"https:\/\/estrellaaesthetics.com\/es\/tratamientos-dermicos-no-invasivos\/anti-arrugas\/","url":"https:\/\/estrellaaesthetics.com\/es\/tratamientos-dermicos-no-invasivos\/anti-arrugas\/","name":"Amplia gama de Tratamientos para las arrugas de la piel","isPartOf":{"@id":"https:\/\/estrellaaesthetics.com\/es\/#website"},"datePublished":"2013-11-05T01:32:32+00:00","dateModified":"2026-03-14T00:34:10+00:00","description":"Hay una amplia gama de tratamientos antiarrugas disponibles con el Dr. Ray Khan en Estrella Aesthetics & Surgical Arts en Corona CA","breadcrumb":{"@id":"https:\/\/estrellaaesthetics.com\/es\/tratamientos-dermicos-no-invasivos\/anti-arrugas\/#breadcrumb"},"inLanguage":"es","potentialAction":[{"@type":"ReadAction","target":["https:\/\/estrellaaesthetics.com\/es\/tratamientos-dermicos-no-invasivos\/anti-arrugas\/"]}]},{"@type":"BreadcrumbList","@id":"https:\/\/estrellaaesthetics.com\/es\/tratamientos-dermicos-no-invasivos\/anti-arrugas\/#breadcrumb","itemListElement":[{"@type":"ListItem","position":1,"name":"Procedimientos","item":"https:\/\/estrellaaesthetics.com\/es\/procedimientos\/"},{"@type":"ListItem","position":2,"name":"Procedimientos para la piel","item":"https:\/\/estrellaaesthetics.com\/es\/procedimientos-para-la-piel\/"},{"@type":"ListItem","position":3,"name":"Procedimientos no invasivos","item":"https:\/\/estrellaaesthetics.com\/es\/procedimientos-no-invasivos\/"},{"@type":"ListItem","position":4,"name":"Tratamientos para las arrugas"}]},{"@type":"WebSite","@id":"https:\/\/estrellaaesthetics.com\/es\/#website","url":"https:\/\/estrellaaesthetics.com\/es\/","name":"Estrella Aesthetics &amp; Surgical Arts - Spanish","description":"Estrella Aesthetics &amp; Surgical Arts - Non-Surgical Laser Skin Care Clinic, Botox, Restylane &amp; Dermal Fillers, Corona, California","potentialAction":[{"@type":"SearchAction","target":{"@type":"EntryPoint","urlTemplate":"https:\/\/estrellaaesthetics.com\/es\/?s={search_term_string}"},"query-input":{"@type":"PropertyValueSpecification","valueRequired":true,"valueName":"search_term_string"}}],"inLanguage":"es"}]}},"_links":{"self":[{"href":"https:\/\/estrellaaesthetics.com\/es\/wp-json\/wp\/v2\/pages\/2857","targetHints":{"allow":["GET"]}}],"collection":[{"href":"https:\/\/estrellaaesthetics.com\/es\/wp-json\/wp\/v2\/pages"}],"about":[{"href":"https:\/\/estrellaaesthetics.com\/es\/wp-json\/wp\/v2\/types\/page"}],"author":[{"embeddable":true,"href":"https:\/\/estrellaaesthetics.com\/es\/wp-json\/wp\/v2\/users\/4"}],"replies":[{"embeddable":true,"href":"https:\/\/estrellaaesthetics.com\/es\/wp-json\/wp\/v2\/comments?post=2857"}],"version-history":[{"count":0,"href":"https:\/\/estrellaaesthetics.com\/es\/wp-json\/wp\/v2\/pages\/2857\/revisions"}],"up":[{"embeddable":true,"href":"https:\/\/estrellaaesthetics.com\/es\/wp-json\/wp\/v2\/pages\/2843"}],"wp:attachment":[{"href":"https:\/\/estrellaaesthetics.com\/es\/wp-json\/wp\/v2\/media?parent=2857"}],"curies":[{"name":"wp","href":"https:\/\/api.w.org\/{rel}","templated":true}]}}