{"id":2849,"date":"2013-11-04T17:28:49","date_gmt":"2013-11-05T01:28:49","guid":{"rendered":"http:\/\/staging.estrellaaesthetics.com\/?page_id=2849"},"modified":"2019-08-19T09:57:21","modified_gmt":"2019-08-19T16:57:21","slug":"vampire-facial-ageless-facial-platelet-rich-plasma-treatment-pigmentation","status":"publish","type":"page","link":"https:\/\/estrellaaesthetics.com\/es\/tratamientos-dermicos-no-invasivos\/vampire-facial","title":{"rendered":"Vampire Facial (Ageless Facial)"},"content":{"rendered":"<h1>Vampire Facial (Ageless Facial) por el cirujano est\u00e9tico con triple certificaci\u00f3n en Corona, CA.<\/h1>\n<p><h3>Rahil Khan, M.D.<br>Estrella Aesthetics & Surgical Arts<br>Corona, California<\/h3><br \/>\n<img class=\"lazy-load\" alt=\"Vampire Facial\" data-src=\"\/images\/VampireFacial.png\" align=\"left\"><\/p>\n<p>La ventaja m\u00e1s significativa del Vampire Facial \u2122 es que no implica el uso de ning\u00fan relleno d\u00e9rmico. Este procedimiento natural, no invasivo, es ideal para personas que quieren una mejora gradual, pero notable para l\u00edneas finas, arrugas, cicatrices de acn\u00e9, manchas en la piel y luminosidad de la piel. The Vampire Facial deriva su nombre del proceso de utilizaci\u00f3n de la propia sangre del paciente para mantener la apariencia de juventud eterna. El m\u00e9dico extrae tres frascos de sangre del paciente. Los tres frascos de sangre se centrifugan en una centr\u00edfuga durante 20 minutos, separando los diferentes componentes, as\u00ed como concentrando las plaquetas. La cara del paciente se anestesia luego con una crema.<\/p>\n<p><img class=\"lazy-load\" alt=\"dermapen Treatment\" data-src=\"\/images\/DermaPenTreatment.png\" align=\"left\"><br \/>\nEl Vampire Facial es un procedimiento en el que el plasma rico en plaquetas (PRP) del mismo cuerpo es utilizado para re-energizar las c\u00e9lulas y estimular la producci\u00f3n de col\u00e1geno que permite tener un envejecimiento con gracia. La PRP se aplica primero por v\u00eda t\u00f3pica a la piel seguido de aireaci\u00f3n de la piel con un DermaPen, un proceso en el que la piel es perforada con agujeros casi microsc\u00f3picos, lo que permite al PRP ser aplicado por v\u00eda transd\u00e9rmica. Las plaquetas en la sangre contienen de forma natural grandes cantidades de factores de crecimiento que retienen la capacidad de estimular la producci\u00f3n de col\u00e1geno y elastina. Las plaquetas tambi\u00e9n desempe\u00f1an un papel importante en la formaci\u00f3n de vasos sangu\u00edneos, la divisi\u00f3n celular de los fibroblastos (las c\u00e9lulas m\u00e1s comunes en el tejido conectivo), y en la s\u00edntesis de \u00e1cido hialur\u00f3nico (un ingrediente com\u00fan que se encuentra en la mayor\u00eda de los productos de relleno d\u00e9rmico). Los factores de crecimiento contenidos en el PRP vuelven a energizar las c\u00e9lulas para reducir la apariencia de l\u00edneas finas y arrugas y mejorando el tono y la textura de la piel. Despu\u00e9s del tratamiento DermaPen una segunda capa de PRP se aplica al \u00e1rea de tratamiento para promover el m\u00e1ximo beneficio. Si bien este tratamiento tiene m\u00e1s tiempo de inactividad que el Vampire FaceLift debido a la posible aparici\u00f3n de moretones, los pacientes tienen el placer de ver la gran mejora en el tono, la textura y la calidad de su piel. La mejora de la textura de la piel y el tono puede ser notable a las 3 semanas y la mejora contin\u00faa durante los siguientes 8 meses a medida que m\u00e1s col\u00e1geno y elastina se genera bajo la piel. Los resultados sorprendentes duran por lo general 2 a\u00f1os o m\u00e1s. Las \u00e1reas de tratamiento incluyen las mejillas y la parte media de la cara, las arrugas alrededor de los ojos, las l\u00edneas de la sonrisa, los pliegues naso labiales, el cuello, la mand\u00edbula, el pecho, las cicatrices del acn\u00e9, las manos, y mucho m\u00e1s.<\/p>\n<h3>Resultados para las cicatrices del acn\u00e9 con los Faciales Vampire.<\/h3>\n<p><img class=\"lazy-load\" alt=\"dermapen Treatment\" data-src=\"\/es\/images\/DermaPenResults-es.png\" align=\"left\"><\/p>\n<p>&nbsp;<br \/>\n&nbsp;<\/p>\n<p>Por favor, cont\u00e1ctenos en <strong>Estrella Aesthetics &amp; Surgical Arts en Corona CA en el <strong><a href=\"tel:+19513561207\" onclick=\"sendEventToGoogle('Content', '\/es\/wp-json\/wp\/v2\/pages\/2849', '+19513561207');\">(951) 356-1207<\/a><\/strong><\/strong> para una consulta. <\/p>\n","protected":false},"excerpt":{"rendered":"<p>Vampire Facial (Ageless Facial) por el cirujano est\u00e9tico con triple certificaci\u00f3n en Corona, CA. La ventaja m\u00e1s significativa del Vampire Facial \u2122 es que no implica el uso de ning\u00fan relleno d\u00e9rmico. Este procedimiento natural, no invasivo, es ideal para personas que quieren una mejora gradual, pero notable para l\u00edneas finas, arrugas, cicatrices de acn\u00e9,&#8230; <a class=\"more-link\" href=\"https:\/\/estrellaaesthetics.com\/es\/tratamientos-dermicos-no-invasivos\/vampire-facial\">[Read More]<\/a><\/p>\n","protected":false},"author":4,"featured_media":0,"parent":2843,"menu_order":0,"comment_status":"closed","ping_status":"closed","template":"","meta":{"_acf_changed":false,"inline_featured_image":false,"_genesis_hide_title":false,"_genesis_hide_breadcrumbs":false,"_genesis_hide_singular_image":false,"_genesis_hide_footer_widgets":false,"_genesis_custom_body_class":"","_genesis_custom_post_class":"","_genesis_layout":"","footnotes":""},"class_list":{"0":"post-2849","1":"page","2":"type-page","3":"status-publish","5":"entry"},"acf":[],"yoast_head":"\n<title>Vampire Facial (Ageless Facial) - Corona, California<\/title>\n<meta name=\"description\" content=\"La ventaja m\u00e1s significativa del Vampire Facial\u2122 es que no implica el uso de ning\u00fan relleno d\u00e9rmico. Este procedimiento natural, no invasivo. (951) 356-1207\" \/>\n<meta name=\"robots\" content=\"index, follow, max-snippet:-1, max-image-preview:large, max-video-preview:-1\" \/>\n<link rel=\"canonical\" href=\"https:\/\/estrellaaesthetics.com\/es\/tratamientos-dermicos-no-invasivos\/vampire-facial\/\" \/>\n<meta property=\"og:locale\" content=\"es_ES\" \/>\n<meta property=\"og:type\" content=\"article\" \/>\n<meta property=\"og:title\" content=\"Vampire Facial (Ageless Facial) - Corona, California\" \/>\n<meta property=\"og:description\" content=\"La ventaja m\u00e1s significativa del Vampire Facial\u2122 es que no implica el uso de ning\u00fan relleno d\u00e9rmico. Este procedimiento natural, no invasivo. (951) 356-1207\" \/>\n<meta property=\"og:url\" content=\"https:\/\/estrellaaesthetics.com\/es\/tratamientos-dermicos-no-invasivos\/vampire-facial\/\" \/>\n<meta property=\"og:site_name\" content=\"Estrella Aesthetics &amp; Surgical Arts - Spanish\" \/>\n<meta property=\"article:modified_time\" content=\"2019-08-19T16:57:21+00:00\" \/>\n<meta property=\"og:image\" content=\"https:\/\/estrellaaesthetics.com\/images\/VampireFacial.png\" \/>\n<meta name=\"twitter:card\" content=\"summary_large_image\" \/>\n<meta name=\"twitter:label1\" content=\"Tiempo de lectura\" \/>\n\t<meta name=\"twitter:data1\" content=\"3 minutos\" \/>\n<script type=\"application\/ld+json\" class=\"yoast-schema-graph\">{\"@context\":\"https:\/\/schema.org\",\"@graph\":[{\"@type\":\"WebPage\",\"@id\":\"https:\/\/estrellaaesthetics.com\/es\/tratamientos-dermicos-no-invasivos\/vampire-facial\/\",\"url\":\"https:\/\/estrellaaesthetics.com\/es\/tratamientos-dermicos-no-invasivos\/vampire-facial\/\",\"name\":\"Vampire Facial (Ageless Facial) - Corona, California\",\"isPartOf\":{\"@id\":\"https:\/\/estrellaaesthetics.com\/es\/#website\"},\"datePublished\":\"2013-11-05T01:28:49+00:00\",\"dateModified\":\"2019-08-19T16:57:21+00:00\",\"description\":\"La ventaja m\u00e1s significativa del Vampire Facial\u2122 es que no implica el uso de ning\u00fan relleno d\u00e9rmico. Este procedimiento natural, no invasivo. (951) 356-1207\",\"breadcrumb\":{\"@id\":\"https:\/\/estrellaaesthetics.com\/es\/tratamientos-dermicos-no-invasivos\/vampire-facial\/#breadcrumb\"},\"inLanguage\":\"es\",\"potentialAction\":[{\"@type\":\"ReadAction\",\"target\":[\"https:\/\/estrellaaesthetics.com\/es\/tratamientos-dermicos-no-invasivos\/vampire-facial\/\"]}]},{\"@type\":\"BreadcrumbList\",\"@id\":\"https:\/\/estrellaaesthetics.com\/es\/tratamientos-dermicos-no-invasivos\/vampire-facial\/#breadcrumb\",\"itemListElement\":[{\"@type\":\"ListItem\",\"position\":1,\"name\":\"Procedimientos\",\"item\":\"https:\/\/estrellaaesthetics.com\/es\/procedimientos\/\"},{\"@type\":\"ListItem\",\"position\":2,\"name\":\"Procedimientos para la piel\",\"item\":\"https:\/\/estrellaaesthetics.com\/es\/procedimientos-para-la-piel\/\"},{\"@type\":\"ListItem\",\"position\":3,\"name\":\"Procedimientos no invasivos\",\"item\":\"https:\/\/estrellaaesthetics.com\/es\/procedimientos-no-invasivos\/\"},{\"@type\":\"ListItem\",\"position\":4,\"name\":\"Vampire Facial (Ageless Facial)\"}]},{\"@type\":\"WebSite\",\"@id\":\"https:\/\/estrellaaesthetics.com\/es\/#website\",\"url\":\"https:\/\/estrellaaesthetics.com\/es\/\",\"name\":\"Estrella Aesthetics &amp; Surgical Arts - Spanish\",\"description\":\"Estrella Aesthetics &amp; Surgical Arts - Non-Surgical Laser Skin Care Clinic, Botox, Restylane &amp; Dermal Fillers, Corona, California\",\"potentialAction\":[{\"@type\":\"SearchAction\",\"target\":{\"@type\":\"EntryPoint\",\"urlTemplate\":\"https:\/\/estrellaaesthetics.com\/es\/?s={search_term_string}\"},\"query-input\":{\"@type\":\"PropertyValueSpecification\",\"valueRequired\":true,\"valueName\":\"search_term_string\"}}],\"inLanguage\":\"es\"}]}<\/script>\n","yoast_head_json":{"title":"Vampire Facial (Ageless Facial) - Corona, California","description":"La ventaja m\u00e1s significativa del Vampire Facial\u2122 es que no implica el uso de ning\u00fan relleno d\u00e9rmico. Este procedimiento natural, no invasivo. (951) 356-1207","robots":{"index":"index","follow":"follow","max-snippet":"max-snippet:-1","max-image-preview":"max-image-preview:large","max-video-preview":"max-video-preview:-1"},"canonical":"https:\/\/estrellaaesthetics.com\/es\/tratamientos-dermicos-no-invasivos\/vampire-facial\/","og_locale":"es_ES","og_type":"article","og_title":"Vampire Facial (Ageless Facial) - Corona, California","og_description":"La ventaja m\u00e1s significativa del Vampire Facial\u2122 es que no implica el uso de ning\u00fan relleno d\u00e9rmico. Este procedimiento natural, no invasivo. (951) 356-1207","og_url":"https:\/\/estrellaaesthetics.com\/es\/tratamientos-dermicos-no-invasivos\/vampire-facial\/","og_site_name":"Estrella Aesthetics &amp; Surgical Arts - Spanish","article_modified_time":"2019-08-19T16:57:21+00:00","og_image":[{"url":"https:\/\/estrellaaesthetics.com\/images\/VampireFacial.png","type":"","width":"","height":""}],"twitter_card":"summary_large_image","twitter_misc":{"Tiempo de lectura":"3 minutos"},"schema":{"@context":"https:\/\/schema.org","@graph":[{"@type":"WebPage","@id":"https:\/\/estrellaaesthetics.com\/es\/tratamientos-dermicos-no-invasivos\/vampire-facial\/","url":"https:\/\/estrellaaesthetics.com\/es\/tratamientos-dermicos-no-invasivos\/vampire-facial\/","name":"Vampire Facial (Ageless Facial) - Corona, California","isPartOf":{"@id":"https:\/\/estrellaaesthetics.com\/es\/#website"},"datePublished":"2013-11-05T01:28:49+00:00","dateModified":"2019-08-19T16:57:21+00:00","description":"La ventaja m\u00e1s significativa del Vampire Facial\u2122 es que no implica el uso de ning\u00fan relleno d\u00e9rmico. Este procedimiento natural, no invasivo. (951) 356-1207","breadcrumb":{"@id":"https:\/\/estrellaaesthetics.com\/es\/tratamientos-dermicos-no-invasivos\/vampire-facial\/#breadcrumb"},"inLanguage":"es","potentialAction":[{"@type":"ReadAction","target":["https:\/\/estrellaaesthetics.com\/es\/tratamientos-dermicos-no-invasivos\/vampire-facial\/"]}]},{"@type":"BreadcrumbList","@id":"https:\/\/estrellaaesthetics.com\/es\/tratamientos-dermicos-no-invasivos\/vampire-facial\/#breadcrumb","itemListElement":[{"@type":"ListItem","position":1,"name":"Procedimientos","item":"https:\/\/estrellaaesthetics.com\/es\/procedimientos\/"},{"@type":"ListItem","position":2,"name":"Procedimientos para la piel","item":"https:\/\/estrellaaesthetics.com\/es\/procedimientos-para-la-piel\/"},{"@type":"ListItem","position":3,"name":"Procedimientos no invasivos","item":"https:\/\/estrellaaesthetics.com\/es\/procedimientos-no-invasivos\/"},{"@type":"ListItem","position":4,"name":"Vampire Facial (Ageless Facial)"}]},{"@type":"WebSite","@id":"https:\/\/estrellaaesthetics.com\/es\/#website","url":"https:\/\/estrellaaesthetics.com\/es\/","name":"Estrella Aesthetics &amp; Surgical Arts - Spanish","description":"Estrella Aesthetics &amp; Surgical Arts - Non-Surgical Laser Skin Care Clinic, Botox, Restylane &amp; Dermal Fillers, Corona, California","potentialAction":[{"@type":"SearchAction","target":{"@type":"EntryPoint","urlTemplate":"https:\/\/estrellaaesthetics.com\/es\/?s={search_term_string}"},"query-input":{"@type":"PropertyValueSpecification","valueRequired":true,"valueName":"search_term_string"}}],"inLanguage":"es"}]}},"_links":{"self":[{"href":"https:\/\/estrellaaesthetics.com\/es\/wp-json\/wp\/v2\/pages\/2849","targetHints":{"allow":["GET"]}}],"collection":[{"href":"https:\/\/estrellaaesthetics.com\/es\/wp-json\/wp\/v2\/pages"}],"about":[{"href":"https:\/\/estrellaaesthetics.com\/es\/wp-json\/wp\/v2\/types\/page"}],"author":[{"embeddable":true,"href":"https:\/\/estrellaaesthetics.com\/es\/wp-json\/wp\/v2\/users\/4"}],"replies":[{"embeddable":true,"href":"https:\/\/estrellaaesthetics.com\/es\/wp-json\/wp\/v2\/comments?post=2849"}],"version-history":[{"count":0,"href":"https:\/\/estrellaaesthetics.com\/es\/wp-json\/wp\/v2\/pages\/2849\/revisions"}],"up":[{"embeddable":true,"href":"https:\/\/estrellaaesthetics.com\/es\/wp-json\/wp\/v2\/pages\/2843"}],"wp:attachment":[{"href":"https:\/\/estrellaaesthetics.com\/es\/wp-json\/wp\/v2\/media?parent=2849"}],"curies":[{"name":"wp","href":"https:\/\/api.w.org\/{rel}","templated":true}]}}