{"id":2841,"date":"2013-11-04T17:19:22","date_gmt":"2013-11-05T01:19:22","guid":{"rendered":"http:\/\/staging.estrellaaesthetics.com\/?page_id=2841"},"modified":"2022-04-05T10:34:09","modified_gmt":"2022-04-05T17:34:09","slug":"depilacion-laser","status":"publish","type":"page","link":"https:\/\/estrellaaesthetics.com\/es\/depilacion-laser\/","title":{"rendered":"Depilaci\u00f3n (Depilaci\u00f3n l\u00e1ser)"},"content":{"rendered":"<h1>Depilaci\u00f3n (Depilaci\u00f3n l\u00e1ser)<\/h1>\n<p><strong>Dr. Ray Khan y Estrella Aesthetics &amp; Surgical Arts<\/strong> tienen una variedad de opciones de depilaci\u00f3n l\u00e1ser en la cara y en las zonas del cuerpo.<\/p>\n<p>La mayor\u00eda de nosotros tenemos pelo en \u00e1reas que desmejoran la est\u00e9tica, por lo tanto, nuestra apariencia.<\/p>\n<p>Hace m\u00e1s de 125 a\u00f1os, la electr\u00f3lisis era el \u00fanico m\u00e9todo efectivo para la depilaci\u00f3n permanente para todo tipo de piel y pelo. La biotecnolog\u00eda ha avanzado en los m\u00e9todos de eliminaci\u00f3n del vello para ofrecer tratamientos m\u00e1s efectivos, mientras se mantiene la seguridad.<\/p>\n<p>Productos a base de luz, como la Luz de Banda Ancha (BBL) y Luz Intensa por Pulso (IPL), y las tecnolog\u00edas a base de l\u00e1ser, como el YAG (tubos l\u00e1ser s\u00f3lidos de granate de itrio y aluminio) que se aplican ambos en la superficie de la piel. La pigmentaci\u00f3n del pelo y del color de la piel son dos factores clave para la eficacia de la depilaci\u00f3n. Para una reducci\u00f3n efectiva del pelo, estos m\u00e9todos requieren un contraste entre el color de la piel (clara) y el color del pelo (oscuro).<\/p>\n<h2>Opciones de eliminaci\u00f3n del pelo:<\/h2>\n<ol>\n<li>Depilaci\u00f3n l\u00e1ser (l\u00e1ser YAG)<\/li>\n<li><strong><a href=\"\/es\/ipl\">Tecnolog\u00edas basadas en la luz (IPL y BBL)<\/a><\/strong><\/li>\n<li>Electr\u00f3lisis<\/li>\n<li>Depilaci\u00f3n<\/li>\n<li>Adici\u00f3n de sacarosa<\/li>\n<\/ol>\n<h2>\u00bfDe qu\u00e9 manera funcionan las tecnolog\u00edas de luz y l\u00e1ser?<\/h2>\n<p>Despu\u00e9s de realizar una consulta, teniendo en cuenta el grosor y el color de la piel y color del pelo, se establecen las mejores opciones para recomendar. La mayor\u00eda de los pacientes toman entre 6-12 tratamientos para un resultado final. Cerca del 15 % del pelo no se divide en ning\u00fan momento, por lo que no puede destruirse con esta tecnolog\u00eda. Alrededor del 60 % de los fol\u00edculos pilosos que se dividen pueden ser destruidos de forma permanente con un solo tratamiento. Si bien el m\u00e9todo l\u00e1ser produce una mejor\u00eda, no obstante, algunos pelos persisten. Los tratamientos de Luz de Banda Ancha (BBL) y Luz Intensa por Pulsos (IPL) son tratamientos que pueden ser m\u00e1s beneficiosos.<\/p>\n<p>Para disminuir el malestar por anestesia se utilizan opciones para incluir anestesia t\u00f3pica durante 30 minutos, hielo, spray enfriador y zimmer chiller. Se recomienda que nos informe si su color de la piel se oscurece por broncearse entre tratamientos.<\/p>\n<p>Por favor, contacte a <strong>Estrella Aesthetics &#038; Surgical Arts en Corona, CA al <strong><a href=\"tel:+19513561207\" onclick=\"sendEventToGoogle('Content', '\/es\/wp-json\/wp\/v2\/pages\/2841', '+19513561207');\">(951) 356-1207<\/a><\/strong><\/strong> para una <strong>consulta de Depilaci\u00f3n L\u00e1ser<\/strong>.<\/p>\n<address>\n<h3>Estrella Aesthetics &#038; Surgical Arts<\/h3>\n<p> 2550 Tuscany St. Suite 103<br \/>\nCorona, CA 92881<br \/>\n<abbr title='Phone'>P:<\/abbr> <strong><a href=\"tel:+19513561207\" onclick=\"sendEventToGoogle('Content', '\/es\/wp-json\/wp\/v2\/pages\/2841', '+19513561207');\">(951) 356-1207<\/a><\/strong><br \/>\n<\/address>\n<h2>Horario de Atenci\u00f3n<\/h2>\r\n<h5>Lunes a Viernes: 10.00am a 7.00pm<\/h5>\r\n<h5>S\u00e1bado: 10.00am a 5.00pm<\/h5>\r\n<h5>Domingos Cerrados<\/h5>\n<p><iframe loading=\"lazy\" src=\"http:\/\/maps.google.ca\/maps?q=2550+Tuscany+St++Suite+%23103++Corona,+CA+92881&amp;oe=utf-8&amp;client=firefox-a&amp;ie=UTF8&amp;hq=&amp;hnear=2550+Tuscany+St+%23103,+Corona,+California+92881,+United+States&amp;t=m&amp;ll=33.824651,-117.517319&amp;spn=0.021391,0.059223&amp;z=14&amp;iwloc=&amp;output=embed\" height=\"300\" width=\"690\" frameborder=\"0\" marginwidth=\"0\" marginheight=\"0\" scrolling=\"no\"><\/iframe><\/p>\n","protected":false},"excerpt":{"rendered":"<p>Depilaci\u00f3n (Depilaci\u00f3n l\u00e1ser) Dr. Ray Khan y Estrella Aesthetics &amp; Surgical Arts tienen una variedad de opciones de depilaci\u00f3n l\u00e1ser en la cara y en las zonas del cuerpo. La mayor\u00eda de nosotros tenemos pelo en \u00e1reas que desmejoran la est\u00e9tica, por lo tanto, nuestra apariencia. Hace m\u00e1s de 125 a\u00f1os, la electr\u00f3lisis era el&#8230; <a class=\"more-link\" href=\"https:\/\/estrellaaesthetics.com\/es\/depilacion-laser\/\">[Read More]<\/a><\/p>\n","protected":false},"author":4,"featured_media":0,"parent":2825,"menu_order":0,"comment_status":"closed","ping_status":"closed","template":"","meta":{"_acf_changed":false,"inline_featured_image":false,"_genesis_hide_title":false,"_genesis_hide_breadcrumbs":false,"_genesis_hide_singular_image":false,"_genesis_hide_footer_widgets":false,"_genesis_custom_body_class":"","_genesis_custom_post_class":"","_genesis_layout":"","footnotes":""},"class_list":{"0":"post-2841","1":"page","2":"type-page","3":"status-publish","5":"entry"},"acf":[],"yoast_head":"\n<title>Tenemos una variedad de opciones de depilaci\u00f3n l\u00e1ser en la cara<\/title>\n<meta name=\"description\" content=\"Dr. Ray Khan y Estrella Aesthetics &amp; Surgical Arts tienen una variedad de opciones de depilaci\u00f3n l\u00e1ser en la cara y en las zonas del cuerpo.\" \/>\n<meta name=\"robots\" content=\"index, follow, max-snippet:-1, max-image-preview:large, max-video-preview:-1\" \/>\n<link rel=\"canonical\" href=\"https:\/\/estrellaaesthetics.com\/es\/depilacion-laser\/\" \/>\n<meta property=\"og:locale\" content=\"es_ES\" \/>\n<meta property=\"og:type\" content=\"article\" \/>\n<meta property=\"og:title\" content=\"Tenemos una variedad de opciones de depilaci\u00f3n l\u00e1ser en la cara\" \/>\n<meta property=\"og:description\" content=\"Dr. Ray Khan y Estrella Aesthetics &amp; Surgical Arts tienen una variedad de opciones de depilaci\u00f3n l\u00e1ser en la cara y en las zonas del cuerpo.\" \/>\n<meta property=\"og:url\" content=\"https:\/\/estrellaaesthetics.com\/es\/depilacion-laser\/\" \/>\n<meta property=\"og:site_name\" content=\"Estrella Aesthetics &amp; Surgical Arts - Spanish\" \/>\n<meta property=\"article:modified_time\" content=\"2022-04-05T17:34:09+00:00\" \/>\n<meta name=\"twitter:card\" content=\"summary_large_image\" \/>\n<meta name=\"twitter:label1\" content=\"Tiempo de lectura\" \/>\n\t<meta name=\"twitter:data1\" content=\"2 minutos\" \/>\n<script type=\"application\/ld+json\" class=\"yoast-schema-graph\">{\"@context\":\"https:\\\/\\\/schema.org\",\"@graph\":[{\"@type\":\"WebPage\",\"@id\":\"https:\\\/\\\/estrellaaesthetics.com\\\/es\\\/depilacion-laser\\\/\",\"url\":\"https:\\\/\\\/estrellaaesthetics.com\\\/es\\\/depilacion-laser\\\/\",\"name\":\"Tenemos una variedad de opciones de depilaci\u00f3n l\u00e1ser en la cara\",\"isPartOf\":{\"@id\":\"https:\\\/\\\/estrellaaesthetics.com\\\/es\\\/#website\"},\"datePublished\":\"2013-11-05T01:19:22+00:00\",\"dateModified\":\"2022-04-05T17:34:09+00:00\",\"description\":\"Dr. Ray Khan y Estrella Aesthetics & Surgical Arts tienen una variedad de opciones de depilaci\u00f3n l\u00e1ser en la cara y en las zonas del cuerpo.\",\"breadcrumb\":{\"@id\":\"https:\\\/\\\/estrellaaesthetics.com\\\/es\\\/depilacion-laser\\\/#breadcrumb\"},\"inLanguage\":\"es\",\"potentialAction\":[{\"@type\":\"ReadAction\",\"target\":[\"https:\\\/\\\/estrellaaesthetics.com\\\/es\\\/depilacion-laser\\\/\"]}]},{\"@type\":\"BreadcrumbList\",\"@id\":\"https:\\\/\\\/estrellaaesthetics.com\\\/es\\\/depilacion-laser\\\/#breadcrumb\",\"itemListElement\":[{\"@type\":\"ListItem\",\"position\":1,\"name\":\"Procedimientos\",\"item\":\"https:\\\/\\\/estrellaaesthetics.com\\\/es\\\/procedimientos\\\/\"},{\"@type\":\"ListItem\",\"position\":2,\"name\":\"Procedimientos para la piel\",\"item\":\"https:\\\/\\\/estrellaaesthetics.com\\\/es\\\/procedimientos-para-la-piel\\\/\"},{\"@type\":\"ListItem\",\"position\":3,\"name\":\"Depilaci\u00f3n (Depilaci\u00f3n l\u00e1ser)\"}]},{\"@type\":\"WebSite\",\"@id\":\"https:\\\/\\\/estrellaaesthetics.com\\\/es\\\/#website\",\"url\":\"https:\\\/\\\/estrellaaesthetics.com\\\/es\\\/\",\"name\":\"Estrella Aesthetics &amp; Surgical Arts - Spanish\",\"description\":\"Estrella Aesthetics &amp; Surgical Arts - Non-Surgical Laser Skin Care Clinic, Botox, Restylane &amp; Dermal Fillers, Corona, California\",\"potentialAction\":[{\"@type\":\"SearchAction\",\"target\":{\"@type\":\"EntryPoint\",\"urlTemplate\":\"https:\\\/\\\/estrellaaesthetics.com\\\/es\\\/?s={search_term_string}\"},\"query-input\":{\"@type\":\"PropertyValueSpecification\",\"valueRequired\":true,\"valueName\":\"search_term_string\"}}],\"inLanguage\":\"es\"}]}<\/script>\n","yoast_head_json":{"title":"Tenemos una variedad de opciones de depilaci\u00f3n l\u00e1ser en la cara","description":"Dr. Ray Khan y Estrella Aesthetics & Surgical Arts tienen una variedad de opciones de depilaci\u00f3n l\u00e1ser en la cara y en las zonas del cuerpo.","robots":{"index":"index","follow":"follow","max-snippet":"max-snippet:-1","max-image-preview":"max-image-preview:large","max-video-preview":"max-video-preview:-1"},"canonical":"https:\/\/estrellaaesthetics.com\/es\/depilacion-laser\/","og_locale":"es_ES","og_type":"article","og_title":"Tenemos una variedad de opciones de depilaci\u00f3n l\u00e1ser en la cara","og_description":"Dr. Ray Khan y Estrella Aesthetics & Surgical Arts tienen una variedad de opciones de depilaci\u00f3n l\u00e1ser en la cara y en las zonas del cuerpo.","og_url":"https:\/\/estrellaaesthetics.com\/es\/depilacion-laser\/","og_site_name":"Estrella Aesthetics &amp; Surgical Arts - Spanish","article_modified_time":"2022-04-05T17:34:09+00:00","twitter_card":"summary_large_image","twitter_misc":{"Tiempo de lectura":"2 minutos"},"schema":{"@context":"https:\/\/schema.org","@graph":[{"@type":"WebPage","@id":"https:\/\/estrellaaesthetics.com\/es\/depilacion-laser\/","url":"https:\/\/estrellaaesthetics.com\/es\/depilacion-laser\/","name":"Tenemos una variedad de opciones de depilaci\u00f3n l\u00e1ser en la cara","isPartOf":{"@id":"https:\/\/estrellaaesthetics.com\/es\/#website"},"datePublished":"2013-11-05T01:19:22+00:00","dateModified":"2022-04-05T17:34:09+00:00","description":"Dr. Ray Khan y Estrella Aesthetics & Surgical Arts tienen una variedad de opciones de depilaci\u00f3n l\u00e1ser en la cara y en las zonas del cuerpo.","breadcrumb":{"@id":"https:\/\/estrellaaesthetics.com\/es\/depilacion-laser\/#breadcrumb"},"inLanguage":"es","potentialAction":[{"@type":"ReadAction","target":["https:\/\/estrellaaesthetics.com\/es\/depilacion-laser\/"]}]},{"@type":"BreadcrumbList","@id":"https:\/\/estrellaaesthetics.com\/es\/depilacion-laser\/#breadcrumb","itemListElement":[{"@type":"ListItem","position":1,"name":"Procedimientos","item":"https:\/\/estrellaaesthetics.com\/es\/procedimientos\/"},{"@type":"ListItem","position":2,"name":"Procedimientos para la piel","item":"https:\/\/estrellaaesthetics.com\/es\/procedimientos-para-la-piel\/"},{"@type":"ListItem","position":3,"name":"Depilaci\u00f3n (Depilaci\u00f3n l\u00e1ser)"}]},{"@type":"WebSite","@id":"https:\/\/estrellaaesthetics.com\/es\/#website","url":"https:\/\/estrellaaesthetics.com\/es\/","name":"Estrella Aesthetics &amp; Surgical Arts - Spanish","description":"Estrella Aesthetics &amp; Surgical Arts - Non-Surgical Laser Skin Care Clinic, Botox, Restylane &amp; Dermal Fillers, Corona, California","potentialAction":[{"@type":"SearchAction","target":{"@type":"EntryPoint","urlTemplate":"https:\/\/estrellaaesthetics.com\/es\/?s={search_term_string}"},"query-input":{"@type":"PropertyValueSpecification","valueRequired":true,"valueName":"search_term_string"}}],"inLanguage":"es"}]}},"_links":{"self":[{"href":"https:\/\/estrellaaesthetics.com\/es\/wp-json\/wp\/v2\/pages\/2841","targetHints":{"allow":["GET"]}}],"collection":[{"href":"https:\/\/estrellaaesthetics.com\/es\/wp-json\/wp\/v2\/pages"}],"about":[{"href":"https:\/\/estrellaaesthetics.com\/es\/wp-json\/wp\/v2\/types\/page"}],"author":[{"embeddable":true,"href":"https:\/\/estrellaaesthetics.com\/es\/wp-json\/wp\/v2\/users\/4"}],"replies":[{"embeddable":true,"href":"https:\/\/estrellaaesthetics.com\/es\/wp-json\/wp\/v2\/comments?post=2841"}],"version-history":[{"count":0,"href":"https:\/\/estrellaaesthetics.com\/es\/wp-json\/wp\/v2\/pages\/2841\/revisions"}],"up":[{"embeddable":true,"href":"https:\/\/estrellaaesthetics.com\/es\/wp-json\/wp\/v2\/pages\/2825"}],"wp:attachment":[{"href":"https:\/\/estrellaaesthetics.com\/es\/wp-json\/wp\/v2\/media?parent=2841"}],"curies":[{"name":"wp","href":"https:\/\/api.w.org\/{rel}","templated":true}]}}