{"id":2827,"date":"2013-11-04T17:07:54","date_gmt":"2013-11-05T01:07:54","guid":{"rendered":"http:\/\/staging.estrellaaesthetics.com\/?page_id=2827"},"modified":"2026-03-13T17:41:49","modified_gmt":"2026-03-14T00:41:49","slug":"suplementos-faciales","status":"publish","type":"page","link":"https:\/\/estrellaaesthetics.com\/es\/procedimientos-para-la-piel\/suplementos-faciales\/","title":{"rendered":"Suplementos Faciales"},"content":{"rendered":"<h1>Suplementos Faciales por Judi Castro, RN, MEP-C, APRN, CAC<\/h1>\n<h3>Rahil Khan, M.D.<br>Estrella Aesthetics & Surgical Arts<br>Corona, California<\/h3>\n<p>Aprenda todo sobre los Procedimientos Faciales y Suplementos faciales ofrecidos por Estrella Aesthetics &amp; Surgical Arts, realizados por nuestro <a title=\"Estrella Aesthetic team\" href=\"\/es\/quienes-somos\/nuestro-equipo\" target=\"_blank\" rel=\"noopener noreferrer\">equipo de cirug\u00eda est\u00e9tica estela<\/a>:<\/p>\n<ul>\n<li>Exfoliaci\u00f3n (Peeling) Qu\u00edmico (leve, moderado, agresivo)<\/li>\n<li>Dermaplaning<\/li>\n<li>Extracciones por acn\u00e9<\/li>\n<li>M\u00e1scaras (Image Ormetic Mask, M\u00e1scara de Vitamina C)<\/li>\n<li>Microdermoabrasi\u00f3n<\/li>\n<li>Sueros<\/li>\n<\/ul>\n<p><\/p>\n<address>\n<h3>Estrella Aesthetics &#038; Surgical Arts<\/h3>\n<p> 2550 Tuscany St. Suite 103<br \/>\nCorona, CA 92881<br \/>\n<strong><a href=\"tel:+19513561207\" onclick=\"sendEventToGoogle('Content', '\/es\/wp-json\/wp\/v2\/pages\/2827', '+19513561207');\">(951) 356-1207<\/a><\/strong><br \/>\n<\/address>\n<h2>Operating Hours<\/h2>\n<h5>Monday to Saturday: 9.30am to 8.00pm<\/h5>\n<h5>Sundays Closed<\/h5>\n<p>&nbsp;<\/p>\n","protected":false},"excerpt":{"rendered":"<p>Suplementos Faciales por Judi Castro, RN, MEP-C, APRN, CAC Aprenda todo sobre los Procedimientos Faciales y Suplementos faciales ofrecidos por Estrella Aesthetics &amp; Surgical Arts, realizados por nuestro equipo de cirug\u00eda est\u00e9tica estela: Exfoliaci\u00f3n (Peeling) Qu\u00edmico (leve, moderado, agresivo) Dermaplaning Extracciones por acn\u00e9 M\u00e1scaras (Image Ormetic Mask, M\u00e1scara de Vitamina C) Microdermoabrasi\u00f3n Sueros Estrella Aesthetics&#8230; <a class=\"more-link\" href=\"https:\/\/estrellaaesthetics.com\/es\/procedimientos-para-la-piel\/suplementos-faciales\/\">[Read More]<\/a><\/p>\n","protected":false},"author":4,"featured_media":0,"parent":2825,"menu_order":0,"comment_status":"closed","ping_status":"closed","template":"","meta":{"_acf_changed":false,"inline_featured_image":false,"_genesis_hide_title":false,"_genesis_hide_breadcrumbs":false,"_genesis_hide_singular_image":false,"_genesis_hide_footer_widgets":false,"_genesis_custom_body_class":"","_genesis_custom_post_class":"","_genesis_layout":"","footnotes":""},"class_list":{"0":"post-2827","1":"page","2":"type-page","3":"status-publish","5":"entry"},"acf":[],"yoast_head":"\n<title>Suplementos Faciales por Judi Castro<\/title>\n<meta name=\"description\" content=\"Presentaci\u00f3n de Suplementos Faciales por Judi Castro, RN, MEP-C, APRN, CAC | Estrella Aesthetics &amp; Arts\" \/>\n<meta name=\"robots\" content=\"index, follow, max-snippet:-1, max-image-preview:large, max-video-preview:-1\" \/>\n<link rel=\"canonical\" href=\"https:\/\/estrellaaesthetics.com\/es\/procedimientos-para-la-piel\/suplementos-faciales\/\" \/>\n<meta property=\"og:locale\" content=\"es_ES\" \/>\n<meta property=\"og:type\" content=\"article\" \/>\n<meta property=\"og:title\" content=\"Suplementos Faciales por Judi Castro\" \/>\n<meta property=\"og:description\" content=\"Presentaci\u00f3n de Suplementos Faciales por Judi Castro, RN, MEP-C, APRN, CAC | Estrella Aesthetics &amp; Arts\" \/>\n<meta property=\"og:url\" content=\"https:\/\/estrellaaesthetics.com\/es\/procedimientos-para-la-piel\/suplementos-faciales\/\" \/>\n<meta property=\"og:site_name\" content=\"Estrella Aesthetics &amp; Surgical Arts - Spanish\" \/>\n<meta property=\"article:modified_time\" content=\"2026-03-14T00:41:49+00:00\" \/>\n<meta name=\"twitter:card\" content=\"summary_large_image\" \/>\n<meta name=\"twitter:label1\" content=\"Tiempo de lectura\" \/>\n\t<meta name=\"twitter:data1\" content=\"1 minuto\" \/>\n<script type=\"application\/ld+json\" class=\"yoast-schema-graph\">{\"@context\":\"https:\/\/schema.org\",\"@graph\":[{\"@type\":\"WebPage\",\"@id\":\"https:\/\/estrellaaesthetics.com\/es\/procedimientos-para-la-piel\/suplementos-faciales\/\",\"url\":\"https:\/\/estrellaaesthetics.com\/es\/procedimientos-para-la-piel\/suplementos-faciales\/\",\"name\":\"Suplementos Faciales por Judi Castro\",\"isPartOf\":{\"@id\":\"https:\/\/estrellaaesthetics.com\/es\/#website\"},\"datePublished\":\"2013-11-05T01:07:54+00:00\",\"dateModified\":\"2026-03-14T00:41:49+00:00\",\"description\":\"Presentaci\u00f3n de Suplementos Faciales por Judi Castro, RN, MEP-C, APRN, CAC | Estrella Aesthetics & Arts\",\"breadcrumb\":{\"@id\":\"https:\/\/estrellaaesthetics.com\/es\/procedimientos-para-la-piel\/suplementos-faciales\/#breadcrumb\"},\"inLanguage\":\"es\",\"potentialAction\":[{\"@type\":\"ReadAction\",\"target\":[\"https:\/\/estrellaaesthetics.com\/es\/procedimientos-para-la-piel\/suplementos-faciales\/\"]}]},{\"@type\":\"BreadcrumbList\",\"@id\":\"https:\/\/estrellaaesthetics.com\/es\/procedimientos-para-la-piel\/suplementos-faciales\/#breadcrumb\",\"itemListElement\":[{\"@type\":\"ListItem\",\"position\":1,\"name\":\"Procedimientos\",\"item\":\"https:\/\/estrellaaesthetics.com\/es\/procedimientos\/\"},{\"@type\":\"ListItem\",\"position\":2,\"name\":\"Procedimientos para la piel\",\"item\":\"https:\/\/estrellaaesthetics.com\/es\/procedimientos-para-la-piel\/\"},{\"@type\":\"ListItem\",\"position\":3,\"name\":\"Suplementos Faciales\"}]},{\"@type\":\"WebSite\",\"@id\":\"https:\/\/estrellaaesthetics.com\/es\/#website\",\"url\":\"https:\/\/estrellaaesthetics.com\/es\/\",\"name\":\"Estrella Aesthetics &amp; Surgical Arts - Spanish\",\"description\":\"Estrella Aesthetics &amp; Surgical Arts - Non-Surgical Laser Skin Care Clinic, Botox, Restylane &amp; Dermal Fillers, Corona, California\",\"potentialAction\":[{\"@type\":\"SearchAction\",\"target\":{\"@type\":\"EntryPoint\",\"urlTemplate\":\"https:\/\/estrellaaesthetics.com\/es\/?s={search_term_string}\"},\"query-input\":{\"@type\":\"PropertyValueSpecification\",\"valueRequired\":true,\"valueName\":\"search_term_string\"}}],\"inLanguage\":\"es\"}]}<\/script>\n","yoast_head_json":{"title":"Suplementos Faciales por Judi Castro","description":"Presentaci\u00f3n de Suplementos Faciales por Judi Castro, RN, MEP-C, APRN, CAC | Estrella Aesthetics & Arts","robots":{"index":"index","follow":"follow","max-snippet":"max-snippet:-1","max-image-preview":"max-image-preview:large","max-video-preview":"max-video-preview:-1"},"canonical":"https:\/\/estrellaaesthetics.com\/es\/procedimientos-para-la-piel\/suplementos-faciales\/","og_locale":"es_ES","og_type":"article","og_title":"Suplementos Faciales por Judi Castro","og_description":"Presentaci\u00f3n de Suplementos Faciales por Judi Castro, RN, MEP-C, APRN, CAC | Estrella Aesthetics & Arts","og_url":"https:\/\/estrellaaesthetics.com\/es\/procedimientos-para-la-piel\/suplementos-faciales\/","og_site_name":"Estrella Aesthetics &amp; Surgical Arts - Spanish","article_modified_time":"2026-03-14T00:41:49+00:00","twitter_card":"summary_large_image","twitter_misc":{"Tiempo de lectura":"1 minuto"},"schema":{"@context":"https:\/\/schema.org","@graph":[{"@type":"WebPage","@id":"https:\/\/estrellaaesthetics.com\/es\/procedimientos-para-la-piel\/suplementos-faciales\/","url":"https:\/\/estrellaaesthetics.com\/es\/procedimientos-para-la-piel\/suplementos-faciales\/","name":"Suplementos Faciales por Judi Castro","isPartOf":{"@id":"https:\/\/estrellaaesthetics.com\/es\/#website"},"datePublished":"2013-11-05T01:07:54+00:00","dateModified":"2026-03-14T00:41:49+00:00","description":"Presentaci\u00f3n de Suplementos Faciales por Judi Castro, RN, MEP-C, APRN, CAC | Estrella Aesthetics & Arts","breadcrumb":{"@id":"https:\/\/estrellaaesthetics.com\/es\/procedimientos-para-la-piel\/suplementos-faciales\/#breadcrumb"},"inLanguage":"es","potentialAction":[{"@type":"ReadAction","target":["https:\/\/estrellaaesthetics.com\/es\/procedimientos-para-la-piel\/suplementos-faciales\/"]}]},{"@type":"BreadcrumbList","@id":"https:\/\/estrellaaesthetics.com\/es\/procedimientos-para-la-piel\/suplementos-faciales\/#breadcrumb","itemListElement":[{"@type":"ListItem","position":1,"name":"Procedimientos","item":"https:\/\/estrellaaesthetics.com\/es\/procedimientos\/"},{"@type":"ListItem","position":2,"name":"Procedimientos para la piel","item":"https:\/\/estrellaaesthetics.com\/es\/procedimientos-para-la-piel\/"},{"@type":"ListItem","position":3,"name":"Suplementos Faciales"}]},{"@type":"WebSite","@id":"https:\/\/estrellaaesthetics.com\/es\/#website","url":"https:\/\/estrellaaesthetics.com\/es\/","name":"Estrella Aesthetics &amp; Surgical Arts - Spanish","description":"Estrella Aesthetics &amp; Surgical Arts - Non-Surgical Laser Skin Care Clinic, Botox, Restylane &amp; Dermal Fillers, Corona, California","potentialAction":[{"@type":"SearchAction","target":{"@type":"EntryPoint","urlTemplate":"https:\/\/estrellaaesthetics.com\/es\/?s={search_term_string}"},"query-input":{"@type":"PropertyValueSpecification","valueRequired":true,"valueName":"search_term_string"}}],"inLanguage":"es"}]}},"_links":{"self":[{"href":"https:\/\/estrellaaesthetics.com\/es\/wp-json\/wp\/v2\/pages\/2827","targetHints":{"allow":["GET"]}}],"collection":[{"href":"https:\/\/estrellaaesthetics.com\/es\/wp-json\/wp\/v2\/pages"}],"about":[{"href":"https:\/\/estrellaaesthetics.com\/es\/wp-json\/wp\/v2\/types\/page"}],"author":[{"embeddable":true,"href":"https:\/\/estrellaaesthetics.com\/es\/wp-json\/wp\/v2\/users\/4"}],"replies":[{"embeddable":true,"href":"https:\/\/estrellaaesthetics.com\/es\/wp-json\/wp\/v2\/comments?post=2827"}],"version-history":[{"count":0,"href":"https:\/\/estrellaaesthetics.com\/es\/wp-json\/wp\/v2\/pages\/2827\/revisions"}],"up":[{"embeddable":true,"href":"https:\/\/estrellaaesthetics.com\/es\/wp-json\/wp\/v2\/pages\/2825"}],"wp:attachment":[{"href":"https:\/\/estrellaaesthetics.com\/es\/wp-json\/wp\/v2\/media?parent=2827"}],"curies":[{"name":"wp","href":"https:\/\/api.w.org\/{rel}","templated":true}]}}