{"id":2825,"date":"2013-11-04T17:06:10","date_gmt":"2013-11-05T01:06:10","guid":{"rendered":"http:\/\/staging.estrellaaesthetics.com\/?page_id=2825"},"modified":"2026-03-13T17:33:36","modified_gmt":"2026-03-14T00:33:36","slug":"procedimientos-para-la-piel","status":"publish","type":"page","link":"https:\/\/estrellaaesthetics.com\/es\/procedimientos-para-la-piel\/","title":{"rendered":"Procedimientos para la piel"},"content":{"rendered":"<div class=\"procedures-content content-row\">\n<div class=\"wrap\">\n<h2>TRATAMIENTOS DE PIEL<\/h2>\n<p class=\"text-center\">Estrella Aesthetics &amp; Surgical Arts es un centro med spa y de est\u00e9tica m\u00e9dica ubicado en Corona, California. Nuestros <a href=\"\/es\/procedimientos-para-la-piel\" rel=\"noopener noreferrer\" target=\"_blank\">tratamientos para la piel<\/a> incluyen: exfoliaciones qu\u00edmicas, tratamientos para arrugas, tratamientos para la piel el\u014ds y m\u00e1s.<\/p>\n<div class=\"row\">\n<div class=\"widget_text widget-2 col-sm-6 col-md-3 procedure-item\">\n<h4 class=\"widget-title widgettitle\">Microdermoabrasi\u00f3n<\/h4>\n<div class=\"textwidget custom-html-widget\"> <img decoding=\"async\" class=\"lazy-load fadeIn is-loaded lazy-load lazy-load\" data-data-data-src=\"\/wp-content\/uploads\/2026\/03\/facial-treatment-img.jpg\" alt=\"Microdermoabrasi\u00f3n\" src=\"\/wp-content\/uploads\/2026\/03\/facial-treatment-img.jpg\" data-loaded=\"true\"><\/p>\n<div class=\"procedure-content\">VitaPeel estimula la regeneraci\u00f3n celular de la piel, elimina las c\u00e9lulas muertas y la hiperpigmentaci\u00f3n, desvanece las manchas \u2026<\/div>\n<p> <a href=\"\/es\/suplementos-faciales\/microdermoabrasion\/\" class=\"button\">Ver m\u00e1s<\/a><\/p>\n<\/p><\/div>\n<\/p><\/div>\n<div class=\"widget_text widget-1 col-sm-6 col-md-3 procedure-item\">\n<h4 class=\"widget-title widgettitle\">Tratamientos para las arrugas<\/h4>\n<div class=\"textwidget custom-html-widget\"> <img decoding=\"async\" class=\"lazy-load fadeIn is-loaded lazy-load lazy-load\" data-data-data-src=\"\/wp-content\/uploads\/2019\/08\/box-vivace-RF-microneedling.jpg\" alt=\"Tratamientos para las arrugas\" src=\"\/wp-content\/uploads\/2019\/08\/box-vivace-RF-microneedling.jpg\" data-loaded=\"true\"><\/p>\n<div class=\"procedure-content\">Hay una amplia gama de tratamientos antiarrugas disponibles con el Dr. Ray Khan en Estrella Aesthetics &amp; Surgical Arts en Corona CA.<\/div>\n<p> <a href=\"\/es\/tratamientos-dermicos-no-invasivos\/anti-arrugas\/\" class=\"button\">Ver m\u00e1s<\/a><\/p>\n<\/p><\/div>\n<\/p><\/div>\n<div class=\"widget_text widget-3 col-sm-6 col-md-3 procedure-item\">\n<h4 class=\"widget-title widgettitle\">Rejuvenecimiento L\u00e1ser de la Piel<\/h4>\n<div class=\"textwidget custom-html-widget\"> <img decoding=\"async\" class=\"lazy-load fadeIn is-loaded lazy-load lazy-load\" data-data-data-src=\"\/wp-content\/uploads\/2019\/08\/The-SaltFacial-Skin-Renewal-Therapy-box.jpg\" alt=\"Rejuvenecimiento L\u00e1ser de la Piel\" src=\"\/wp-content\/uploads\/2019\/08\/The-SaltFacial-Skin-Renewal-Therapy-box.jpg\" data-loaded=\"true\"><\/p>\n<div class=\"procedure-content\">\u00bfEst\u00e1s buscando una forma efectiva de reducir o eliminar r\u00e1pidamente las arrugas y la pigmentaci\u00f3n de la piel descolorida?<\/div>\n<p> <a href=\"\/es\/cirugia-estetica-facial\/rejuvenecimiento-de-la-piel-con-laser\/\" class=\"button\">Ver m\u00e1s<\/a><\/p>\n<\/p><\/div>\n<\/p><\/div>\n<div class=\"widget_text widget-4 col-sm-6 col-md-3 procedure-item\">\n<h4 class=\"widget-title widgettitle\"> Exfoliaci\u00f3n (Peeling) Qu\u00edmica (leve, moderado, agresivo)<\/h4>\n<div class=\"textwidget custom-html-widget\"> <img decoding=\"async\" class=\"lazy-load fadeIn is-loaded lazy-load lazy-load\" data-data-data-src=\"\/wp-content\/uploads\/2019\/08\/Prestigious-Awards-Estrella-Aesthetics-2.jpg\" alt=\"Exfoliaci\u00f3n (Peeling) Qu\u00edmica (leve, moderado, agresivo)\" src=\"\/wp-content\/uploads\/2019\/08\/Prestigious-Awards-Estrella-Aesthetics-2.jpg\" data-loaded=\"true\"><\/p>\n<div class=\"procedure-content\">Un \u00abpeeling qu\u00edmico\u00bb tiene una larga historia como un procedimiento est\u00e9tico probado y realmente comprobado para ayudar a \u2026<\/div>\n<p> <a href=\"\/es\/suplementos-faciales\/exfoliaciones-quimicas\/\" class=\"button\">Ver m\u00e1s<\/a><\/p>\n<\/p><\/div>\n<\/p><\/div>\n<\/p><\/div>\n<\/p><\/div>\n<\/div>\n<div class=\"d-none\">\n<h1>Procedimientos para la piel de Estrella Aesthetics y el Cirujano Est\u00e9tico de Corona, CA<\/h1>\n<p><h3>Rahil Khan, M.D.<br>Estrella Aesthetics & Surgical Arts<br>Corona, California<\/h3><br \/>\nConozca todos los procedimientos para la piel que ofrece Estrella Aesthetics &amp; Surgical Arts y realizados por nuestro <a title=\"Estrella Aesthetic team\" href=\"\/es\/quienes-somos\/nuestro-equipo\/\" target=\"_blank\" rel=\"noopener noreferrer\">equipo estelar de cirug\u00eda est\u00e9tica<\/a>:<\/p>\n<ul>\n<ul>\n<li><a href=\"\/es\/cirugia-cosmetica-facial\/\">Faciales y Suplementos Faciales<\/a>\n<ul>\n<li>Exfoliaciones (Peelings) Qu\u00edmicas (leve, moderada, agresiva)<\/li>\n<li>Dermaplaning<\/li>\n<li>Extracciones por acn\u00e9<\/li>\n<li>Mascarillas (Mascarilla Imagen Ormetic, (Mascarilla de vitamina C)<\/li>\n<li>Microdermoabrasi\u00f3n<\/li>\n<li>Sueros<\/li>\n<\/ul>\n<\/li>\n<li><a href=\"\/es\/depilacion-laser\/\">Depilaci\u00f3n<\/a>\n<ul>\n<li><a href=\"\/es\/ipl\/\">IPL (Luz Intensa por Pulsos)<\/a><\/li>\n<li>Depilaci\u00f3n l\u00e1ser (Gentle YAG\u00ae HR)<\/li>\n<\/ul>\n<\/li>\n<li><a href=\"\/es\/inyectables\/\">Inyectables<\/a>\n<ul>\n<li><a href=\"\/es\/inyectables\/rellenos-dermicos-permanentes\/\">Rellenos d\u00e9rmicos &#8211; (permanente) Artefill<\/a><\/li>\n<li><a href=\"\/es\/inyectables\/rellenos-dermicos-temporales\/\">Rellenos d\u00e9rmicos &#8211; (temporal) Perlane, Juvaderm<\/a><\/li>\n<li><a href=\"\/es\/inyectables\/neuromoduladores\/\">Neuromoduladores &#8211; Botox, Dysport y Xeomin<\/a><\/li>\n<\/ul>\n<\/li>\n<li>Procedimientos para la piel no invasivos\n<ul>\n<li><a href=\"\/es\/procedimientos-faciales-no-invasivos\/rejuvenecimiento-de-la-piel\">Combinaci\u00f3n de rejuvenecimiento de la piel (Trinity Skin Series)<\/a><\/li>\n<li><a href=\"\/es\/procedimientos-faciales-no-invasivos\/needling-dermica\/\">Punci\u00f3n D\u00e9rmica (Micropen)<\/a><\/li>\n<li><a href=\"#\">Procedimientos para mejorar la pigmentaci\u00f3n<\/a><\/li>\n<li>Estiramiento de la piel<\/li>\n<li><a href=\"\/es\/tratamientos-dermicos-no-invasivos\/vampire-facelift\/\">Vampire Facelift \u2013Levantamiento Facial tipo vampiro- (Ageless Lift) Platelet Rich Tratamiento de plasma rico en plaquetas<\/a><\/li>\n<li><a href=\"\/es\/tratamientos-dermicos-no-invasivos\/vampire-facial\/\">Vampire Facial (Ageless Facial) Tratamiento de pigmentaci\u00f3n con plasma rico en plaquetas<\/a><\/li>\n<li><a href=\"\/es\/tratamientos-dermicos-no-invasivos\/estiramiento-de-la-piel\/\">Terapia de Venas<\/a><\/li>\n<li>Tratamientos para las arrugas<\/li>\n<\/ul>\n<\/li>\n<li><a href=\"\/es\/productos-cuidado-de-la-piel\/\">Productos para el cuidado de la piel<\/a><\/li>\n<\/ul>\n<\/ul>\n<address>\n<h3>Estrella Aesthetics &#038; Surgical Arts<\/h3>\n<p> 2550 Tuscany St. Suite 103<br \/>\nCorona, CA 92881<br \/>\n<strong><a href=\"tel:+19513561207\" onclick=\"sendEventToGoogle('Content', '\/es\/wp-json\/wp\/v2\/pages\/2825', '+19513561207');\">(951) 356-1207<\/a><\/strong><br \/>\n<\/address>\n<h2>Horario de Atenci\u00f3n<\/h2>\r\n<h5>Lunes a Viernes: 10.00am a 7.00pm<\/h5>\r\n<h5>S\u00e1bado: 10.00am a 5.00pm<\/h5>\r\n<h5>Domingos Cerrados<\/h5><\/div>\n","protected":false},"excerpt":{"rendered":"<p>TRATAMIENTOS DE PIEL Estrella Aesthetics &amp; Surgical Arts es un centro med spa y de est\u00e9tica m\u00e9dica ubicado en Corona, California. Nuestros tratamientos para la piel incluyen: exfoliaciones qu\u00edmicas, tratamientos para arrugas, tratamientos para la piel el\u014ds y m\u00e1s. Microdermoabrasi\u00f3n VitaPeel estimula la regeneraci\u00f3n celular de la piel, elimina las c\u00e9lulas muertas y la hiperpigmentaci\u00f3n,&#8230; <a class=\"more-link\" href=\"https:\/\/estrellaaesthetics.com\/es\/procedimientos-para-la-piel\/\">[Read More]<\/a><\/p>\n","protected":false},"author":4,"featured_media":0,"parent":17,"menu_order":0,"comment_status":"closed","ping_status":"closed","template":"","meta":{"_acf_changed":false,"inline_featured_image":false,"_genesis_hide_title":false,"_genesis_hide_breadcrumbs":false,"_genesis_hide_singular_image":false,"_genesis_hide_footer_widgets":false,"_genesis_custom_body_class":"","_genesis_custom_post_class":"","_genesis_layout":"full-width-content","footnotes":""},"class_list":{"0":"post-2825","1":"page","2":"type-page","3":"status-publish","5":"entry"},"acf":[],"yoast_head":"\n<title>Procedimientos para la piel de Estrella Aesthetics, Corona, CA<\/title>\n<meta name=\"description\" content=\"Procedimientos de la piel que ofrece Estrella Aesthetics &amp; Surgical Arts y realizados por nuestro equipo de cirug\u00eda est\u00e9tica estelar. Llame (951) 356-1207\" \/>\n<meta name=\"robots\" content=\"index, follow, max-snippet:-1, max-image-preview:large, max-video-preview:-1\" \/>\n<link rel=\"canonical\" href=\"https:\/\/estrellaaesthetics.com\/es\/procedimientos-para-la-piel\/\" \/>\n<meta property=\"og:locale\" content=\"es_ES\" \/>\n<meta property=\"og:type\" content=\"article\" \/>\n<meta property=\"og:title\" content=\"Procedimientos para la piel de Estrella Aesthetics, Corona, CA\" \/>\n<meta property=\"og:description\" content=\"Procedimientos de la piel que ofrece Estrella Aesthetics &amp; Surgical Arts y realizados por nuestro equipo de cirug\u00eda est\u00e9tica estelar. Llame (951) 356-1207\" \/>\n<meta property=\"og:url\" content=\"https:\/\/estrellaaesthetics.com\/es\/procedimientos-para-la-piel\/\" \/>\n<meta property=\"og:site_name\" content=\"Estrella Aesthetics &amp; Surgical Arts - Spanish\" \/>\n<meta property=\"article:modified_time\" content=\"2026-03-14T00:33:36+00:00\" \/>\n<meta name=\"twitter:card\" content=\"summary_large_image\" \/>\n<meta name=\"twitter:label1\" content=\"Tiempo de lectura\" \/>\n\t<meta name=\"twitter:data1\" content=\"3 minutos\" \/>\n<script type=\"application\/ld+json\" class=\"yoast-schema-graph\">{\"@context\":\"https:\/\/schema.org\",\"@graph\":[{\"@type\":\"WebPage\",\"@id\":\"https:\/\/estrellaaesthetics.com\/es\/procedimientos-para-la-piel\/\",\"url\":\"https:\/\/estrellaaesthetics.com\/es\/procedimientos-para-la-piel\/\",\"name\":\"Procedimientos para la piel de Estrella Aesthetics, Corona, CA\",\"isPartOf\":{\"@id\":\"https:\/\/estrellaaesthetics.com\/es\/#website\"},\"datePublished\":\"2013-11-05T01:06:10+00:00\",\"dateModified\":\"2026-03-14T00:33:36+00:00\",\"description\":\"Procedimientos de la piel que ofrece Estrella Aesthetics & Surgical Arts y realizados por nuestro equipo de cirug\u00eda est\u00e9tica estelar. Llame (951) 356-1207\",\"breadcrumb\":{\"@id\":\"https:\/\/estrellaaesthetics.com\/es\/procedimientos-para-la-piel\/#breadcrumb\"},\"inLanguage\":\"es\",\"potentialAction\":[{\"@type\":\"ReadAction\",\"target\":[\"https:\/\/estrellaaesthetics.com\/es\/procedimientos-para-la-piel\/\"]}]},{\"@type\":\"BreadcrumbList\",\"@id\":\"https:\/\/estrellaaesthetics.com\/es\/procedimientos-para-la-piel\/#breadcrumb\",\"itemListElement\":[{\"@type\":\"ListItem\",\"position\":1,\"name\":\"Procedimientos\",\"item\":\"https:\/\/estrellaaesthetics.com\/es\/procedimientos\/\"},{\"@type\":\"ListItem\",\"position\":2,\"name\":\"Procedimientos para la piel\"}]},{\"@type\":\"WebSite\",\"@id\":\"https:\/\/estrellaaesthetics.com\/es\/#website\",\"url\":\"https:\/\/estrellaaesthetics.com\/es\/\",\"name\":\"Estrella Aesthetics &amp; Surgical Arts - Spanish\",\"description\":\"Estrella Aesthetics &amp; Surgical Arts - Non-Surgical Laser Skin Care Clinic, Botox, Restylane &amp; Dermal Fillers, Corona, California\",\"potentialAction\":[{\"@type\":\"SearchAction\",\"target\":{\"@type\":\"EntryPoint\",\"urlTemplate\":\"https:\/\/estrellaaesthetics.com\/es\/?s={search_term_string}\"},\"query-input\":{\"@type\":\"PropertyValueSpecification\",\"valueRequired\":true,\"valueName\":\"search_term_string\"}}],\"inLanguage\":\"es\"}]}<\/script>\n","yoast_head_json":{"title":"Procedimientos para la piel de Estrella Aesthetics, Corona, CA","description":"Procedimientos de la piel que ofrece Estrella Aesthetics & Surgical Arts y realizados por nuestro equipo de cirug\u00eda est\u00e9tica estelar. Llame (951) 356-1207","robots":{"index":"index","follow":"follow","max-snippet":"max-snippet:-1","max-image-preview":"max-image-preview:large","max-video-preview":"max-video-preview:-1"},"canonical":"https:\/\/estrellaaesthetics.com\/es\/procedimientos-para-la-piel\/","og_locale":"es_ES","og_type":"article","og_title":"Procedimientos para la piel de Estrella Aesthetics, Corona, CA","og_description":"Procedimientos de la piel que ofrece Estrella Aesthetics & Surgical Arts y realizados por nuestro equipo de cirug\u00eda est\u00e9tica estelar. Llame (951) 356-1207","og_url":"https:\/\/estrellaaesthetics.com\/es\/procedimientos-para-la-piel\/","og_site_name":"Estrella Aesthetics &amp; Surgical Arts - Spanish","article_modified_time":"2026-03-14T00:33:36+00:00","twitter_card":"summary_large_image","twitter_misc":{"Tiempo de lectura":"3 minutos"},"schema":{"@context":"https:\/\/schema.org","@graph":[{"@type":"WebPage","@id":"https:\/\/estrellaaesthetics.com\/es\/procedimientos-para-la-piel\/","url":"https:\/\/estrellaaesthetics.com\/es\/procedimientos-para-la-piel\/","name":"Procedimientos para la piel de Estrella Aesthetics, Corona, CA","isPartOf":{"@id":"https:\/\/estrellaaesthetics.com\/es\/#website"},"datePublished":"2013-11-05T01:06:10+00:00","dateModified":"2026-03-14T00:33:36+00:00","description":"Procedimientos de la piel que ofrece Estrella Aesthetics & Surgical Arts y realizados por nuestro equipo de cirug\u00eda est\u00e9tica estelar. Llame (951) 356-1207","breadcrumb":{"@id":"https:\/\/estrellaaesthetics.com\/es\/procedimientos-para-la-piel\/#breadcrumb"},"inLanguage":"es","potentialAction":[{"@type":"ReadAction","target":["https:\/\/estrellaaesthetics.com\/es\/procedimientos-para-la-piel\/"]}]},{"@type":"BreadcrumbList","@id":"https:\/\/estrellaaesthetics.com\/es\/procedimientos-para-la-piel\/#breadcrumb","itemListElement":[{"@type":"ListItem","position":1,"name":"Procedimientos","item":"https:\/\/estrellaaesthetics.com\/es\/procedimientos\/"},{"@type":"ListItem","position":2,"name":"Procedimientos para la piel"}]},{"@type":"WebSite","@id":"https:\/\/estrellaaesthetics.com\/es\/#website","url":"https:\/\/estrellaaesthetics.com\/es\/","name":"Estrella Aesthetics &amp; Surgical Arts - Spanish","description":"Estrella Aesthetics &amp; Surgical Arts - Non-Surgical Laser Skin Care Clinic, Botox, Restylane &amp; Dermal Fillers, Corona, California","potentialAction":[{"@type":"SearchAction","target":{"@type":"EntryPoint","urlTemplate":"https:\/\/estrellaaesthetics.com\/es\/?s={search_term_string}"},"query-input":{"@type":"PropertyValueSpecification","valueRequired":true,"valueName":"search_term_string"}}],"inLanguage":"es"}]}},"_links":{"self":[{"href":"https:\/\/estrellaaesthetics.com\/es\/wp-json\/wp\/v2\/pages\/2825","targetHints":{"allow":["GET"]}}],"collection":[{"href":"https:\/\/estrellaaesthetics.com\/es\/wp-json\/wp\/v2\/pages"}],"about":[{"href":"https:\/\/estrellaaesthetics.com\/es\/wp-json\/wp\/v2\/types\/page"}],"author":[{"embeddable":true,"href":"https:\/\/estrellaaesthetics.com\/es\/wp-json\/wp\/v2\/users\/4"}],"replies":[{"embeddable":true,"href":"https:\/\/estrellaaesthetics.com\/es\/wp-json\/wp\/v2\/comments?post=2825"}],"version-history":[{"count":0,"href":"https:\/\/estrellaaesthetics.com\/es\/wp-json\/wp\/v2\/pages\/2825\/revisions"}],"up":[{"embeddable":true,"href":"https:\/\/estrellaaesthetics.com\/es\/wp-json\/wp\/v2\/pages\/17"}],"wp:attachment":[{"href":"https:\/\/estrellaaesthetics.com\/es\/wp-json\/wp\/v2\/media?parent=2825"}],"curies":[{"name":"wp","href":"https:\/\/api.w.org\/{rel}","templated":true}]}}