{"id":2777,"date":"2013-11-04T16:15:14","date_gmt":"2013-11-05T00:15:14","guid":{"rendered":"http:\/\/staging.estrellaaesthetics.com\/?page_id=2777"},"modified":"2022-04-05T10:34:00","modified_gmt":"2022-04-05T17:34:00","slug":"body-plastic-surgery","status":"publish","type":"page","link":"https:\/\/estrellaaesthetics.com\/es\/cirugia-plastica-corporal","title":{"rendered":"Cirug\u00eda Pl\u00e1stica Corporal en Corona, CA"},"content":{"rendered":"<h1>Cirug\u00eda Pl\u00e1stica Corporal por Ray Khan, MD en Corona, California<\/h1>\n<h3>Rahil Khan, M.D.<br>Estrella Aesthetics & Surgical Arts<br>Corona, California<\/h3>\n<p>Conozca todos los procedimientos de cirug\u00eda pl\u00e1stica corporal ofrecidos por Estrella Aesthetics &amp; Surgical Arts y realizados por nuestro <a title=\"Estrella Aesthetic team\" href=\"\/es\/quienes-somos\/nuestro-equipo\" target=\"_blank\" rel=\"noopener noreferrer\">equipo estelar de cirug\u00eda est\u00e9tica<\/a>:<\/p>\n<ul>\n<li>Abdominoplastia (Tummy Tuck)<\/li>\n<li>Transferencia de grasa corporal (injerto de grasa)<\/li>\n<li>Braquioplastia (Levantamiento de brazo)<\/li>\n<li>Levantamiento de gl\u00fateos estilo brasile\u00f1o (moldeado de gl\u00fateos)<\/li>\n<li>Aumento de senos (Cirug\u00eda de implantes)<\/li>\n<li>Celulitis (VASERsmooth)<\/li>\n<li>Rejuvenecimiento de manos<\/li>\n<li>Liposucci\u00f3n (VASER, Ultrasonido, L\u00e1ser)<\/li>\n<li>Rejuvenecimiento de extremidades inferiores (transferencia de grasa)<\/li>\n<li>Aumento natural de senos (transferencia de grasa)<\/li>\n<li>Revisi\u00f3n de Liposucci\u00f3n<\/li>\n<li>Tratamiento de v\u00e1rices (RF y Tecnolog\u00edas L\u00e1ser)<\/li>\n<\/ul>\n<address>\n<h3>Estrella Aesthetics &#038; Surgical Arts<\/h3>\n<p> 2550 Tuscany St. Suite 103<br \/>\nCorona, CA 92881<br \/>\n<abbr title='Phone'>P:<\/abbr> <a href=\"tel:+19513561207\" onclick=\"sendEventToGoogle('Content', '\/es\/wp-json\/wp\/v2\/pages\/2777', '+19513561207');\">(951) 356-1207<\/a><br \/>\n<\/address>\n<h2>Horario de Atenci\u00f3n<\/h2>\r\n<h5>Lunes a Viernes: 10.00am a 7.00pm<\/h5>\r\n<h5>S\u00e1bado: 10.00am a 5.00pm<\/h5>\r\n<h5>Domingos Cerrados<\/h5>\n","protected":false},"excerpt":{"rendered":"<p>Cirug\u00eda Pl\u00e1stica Corporal por Ray Khan, MD en Corona, California Conozca todos los procedimientos de cirug\u00eda pl\u00e1stica corporal ofrecidos por Estrella Aesthetics &amp; Surgical Arts y realizados por nuestro equipo estelar de cirug\u00eda est\u00e9tica: Abdominoplastia (Tummy Tuck) Transferencia de grasa corporal (injerto de grasa) Braquioplastia (Levantamiento de brazo) Levantamiento de gl\u00fateos estilo brasile\u00f1o (moldeado de&#8230; <a class=\"more-link\" href=\"https:\/\/estrellaaesthetics.com\/es\/cirugia-plastica-corporal\">[Read More]<\/a><\/p>\n","protected":false},"author":4,"featured_media":0,"parent":0,"menu_order":0,"comment_status":"closed","ping_status":"closed","template":"","meta":{"_acf_changed":false,"inline_featured_image":false,"_genesis_hide_title":false,"_genesis_hide_breadcrumbs":false,"_genesis_hide_singular_image":false,"_genesis_hide_footer_widgets":false,"_genesis_custom_body_class":"","_genesis_custom_post_class":"","_genesis_layout":"","footnotes":""},"class_list":{"0":"post-2777","1":"page","2":"type-page","3":"status-publish","5":"entry"},"acf":[],"yoast_head":"\n<title>Cirug\u00eda Pl\u00e1stica Corporal en Corona, CA<\/title>\n<meta name=\"description\" content=\"Conozca todos los procedimientos de cirug\u00eda pl\u00e1stica corporal ofrecidos por Estrella Aesthetics &amp; Surgical Arts. Llamar al (951) 356-1207\" \/>\n<meta name=\"robots\" content=\"index, follow, max-snippet:-1, max-image-preview:large, max-video-preview:-1\" \/>\n<link rel=\"canonical\" href=\"https:\/\/estrellaaesthetics.com\/es\/cirugia-plastica-corporal\/\" \/>\n<meta property=\"og:locale\" content=\"es_ES\" \/>\n<meta property=\"og:type\" content=\"article\" \/>\n<meta property=\"og:title\" content=\"Cirug\u00eda Pl\u00e1stica Corporal en Corona, CA\" \/>\n<meta property=\"og:description\" content=\"Conozca todos los procedimientos de cirug\u00eda pl\u00e1stica corporal ofrecidos por Estrella Aesthetics &amp; Surgical Arts. Llamar al (951) 356-1207\" \/>\n<meta property=\"og:url\" content=\"https:\/\/estrellaaesthetics.com\/es\/cirugia-plastica-corporal\/\" \/>\n<meta property=\"og:site_name\" content=\"Estrella Aesthetics &amp; Surgical Arts - Spanish\" \/>\n<meta property=\"article:modified_time\" content=\"2022-04-05T17:34:00+00:00\" \/>\n<meta name=\"twitter:card\" content=\"summary_large_image\" \/>\n<meta name=\"twitter:label1\" content=\"Tiempo de lectura\" \/>\n\t<meta name=\"twitter:data1\" content=\"1 minuto\" \/>\n<script type=\"application\/ld+json\" class=\"yoast-schema-graph\">{\"@context\":\"https:\\\/\\\/schema.org\",\"@graph\":[{\"@type\":\"WebPage\",\"@id\":\"https:\\\/\\\/estrellaaesthetics.com\\\/es\\\/cirugia-plastica-corporal\\\/\",\"url\":\"https:\\\/\\\/estrellaaesthetics.com\\\/es\\\/cirugia-plastica-corporal\\\/\",\"name\":\"Cirug\u00eda Pl\u00e1stica Corporal en Corona, CA\",\"isPartOf\":{\"@id\":\"https:\\\/\\\/estrellaaesthetics.com\\\/es\\\/#website\"},\"datePublished\":\"2013-11-05T00:15:14+00:00\",\"dateModified\":\"2022-04-05T17:34:00+00:00\",\"description\":\"Conozca todos los procedimientos de cirug\u00eda pl\u00e1stica corporal ofrecidos por Estrella Aesthetics & Surgical Arts. Llamar al (951) 356-1207\",\"inLanguage\":\"es\",\"potentialAction\":[{\"@type\":\"ReadAction\",\"target\":[\"https:\\\/\\\/estrellaaesthetics.com\\\/es\\\/cirugia-plastica-corporal\\\/\"]}]},{\"@type\":\"WebSite\",\"@id\":\"https:\\\/\\\/estrellaaesthetics.com\\\/es\\\/#website\",\"url\":\"https:\\\/\\\/estrellaaesthetics.com\\\/es\\\/\",\"name\":\"Estrella Aesthetics &amp; Surgical Arts - Spanish\",\"description\":\"Estrella Aesthetics &amp; Surgical Arts - Non-Surgical Laser Skin Care Clinic, Botox, Restylane &amp; Dermal Fillers, Corona, California\",\"potentialAction\":[{\"@type\":\"SearchAction\",\"target\":{\"@type\":\"EntryPoint\",\"urlTemplate\":\"https:\\\/\\\/estrellaaesthetics.com\\\/es\\\/?s={search_term_string}\"},\"query-input\":{\"@type\":\"PropertyValueSpecification\",\"valueRequired\":true,\"valueName\":\"search_term_string\"}}],\"inLanguage\":\"es\"}]}<\/script>\n","yoast_head_json":{"title":"Cirug\u00eda Pl\u00e1stica Corporal en Corona, CA","description":"Conozca todos los procedimientos de cirug\u00eda pl\u00e1stica corporal ofrecidos por Estrella Aesthetics & Surgical Arts. Llamar al (951) 356-1207","robots":{"index":"index","follow":"follow","max-snippet":"max-snippet:-1","max-image-preview":"max-image-preview:large","max-video-preview":"max-video-preview:-1"},"canonical":"https:\/\/estrellaaesthetics.com\/es\/cirugia-plastica-corporal\/","og_locale":"es_ES","og_type":"article","og_title":"Cirug\u00eda Pl\u00e1stica Corporal en Corona, CA","og_description":"Conozca todos los procedimientos de cirug\u00eda pl\u00e1stica corporal ofrecidos por Estrella Aesthetics & Surgical Arts. Llamar al (951) 356-1207","og_url":"https:\/\/estrellaaesthetics.com\/es\/cirugia-plastica-corporal\/","og_site_name":"Estrella Aesthetics &amp; Surgical Arts - Spanish","article_modified_time":"2022-04-05T17:34:00+00:00","twitter_card":"summary_large_image","twitter_misc":{"Tiempo de lectura":"1 minuto"},"schema":{"@context":"https:\/\/schema.org","@graph":[{"@type":"WebPage","@id":"https:\/\/estrellaaesthetics.com\/es\/cirugia-plastica-corporal\/","url":"https:\/\/estrellaaesthetics.com\/es\/cirugia-plastica-corporal\/","name":"Cirug\u00eda Pl\u00e1stica Corporal en Corona, CA","isPartOf":{"@id":"https:\/\/estrellaaesthetics.com\/es\/#website"},"datePublished":"2013-11-05T00:15:14+00:00","dateModified":"2022-04-05T17:34:00+00:00","description":"Conozca todos los procedimientos de cirug\u00eda pl\u00e1stica corporal ofrecidos por Estrella Aesthetics & Surgical Arts. Llamar al (951) 356-1207","inLanguage":"es","potentialAction":[{"@type":"ReadAction","target":["https:\/\/estrellaaesthetics.com\/es\/cirugia-plastica-corporal\/"]}]},{"@type":"WebSite","@id":"https:\/\/estrellaaesthetics.com\/es\/#website","url":"https:\/\/estrellaaesthetics.com\/es\/","name":"Estrella Aesthetics &amp; Surgical Arts - Spanish","description":"Estrella Aesthetics &amp; Surgical Arts - Non-Surgical Laser Skin Care Clinic, Botox, Restylane &amp; Dermal Fillers, Corona, California","potentialAction":[{"@type":"SearchAction","target":{"@type":"EntryPoint","urlTemplate":"https:\/\/estrellaaesthetics.com\/es\/?s={search_term_string}"},"query-input":{"@type":"PropertyValueSpecification","valueRequired":true,"valueName":"search_term_string"}}],"inLanguage":"es"}]}},"_links":{"self":[{"href":"https:\/\/estrellaaesthetics.com\/es\/wp-json\/wp\/v2\/pages\/2777","targetHints":{"allow":["GET"]}}],"collection":[{"href":"https:\/\/estrellaaesthetics.com\/es\/wp-json\/wp\/v2\/pages"}],"about":[{"href":"https:\/\/estrellaaesthetics.com\/es\/wp-json\/wp\/v2\/types\/page"}],"author":[{"embeddable":true,"href":"https:\/\/estrellaaesthetics.com\/es\/wp-json\/wp\/v2\/users\/4"}],"replies":[{"embeddable":true,"href":"https:\/\/estrellaaesthetics.com\/es\/wp-json\/wp\/v2\/comments?post=2777"}],"version-history":[{"count":0,"href":"https:\/\/estrellaaesthetics.com\/es\/wp-json\/wp\/v2\/pages\/2777\/revisions"}],"wp:attachment":[{"href":"https:\/\/estrellaaesthetics.com\/es\/wp-json\/wp\/v2\/media?parent=2777"}],"curies":[{"name":"wp","href":"https:\/\/api.w.org\/{rel}","templated":true}]}}