{"id":2773,"date":"2013-11-04T16:11:13","date_gmt":"2013-11-05T00:11:13","guid":{"rendered":"http:\/\/staging.estrellaaesthetics.com\/?page_id=2773"},"modified":"2019-08-21T10:47:58","modified_gmt":"2019-08-21T17:47:58","slug":"neuromoduladores","status":"publish","type":"page","link":"https:\/\/estrellaaesthetics.com\/es\/inyectables\/neuromoduladores\/","title":{"rendered":"Botox, Dysport y Xeomin"},"content":{"rendered":"<h1>Tratamientos Anti- Edad: Botox Est\u00e9tico, tratamientos contra las arrugas de Estrella Aesthetics &amp; Surgical Arts en Corona, California<\/h1>\n<h3>Rahil Khan, M.D.<br>Estrella Aesthetics & Surgical Arts<br>Corona, California<\/h3>\n<p><a name=\"top\"><\/a><\/p>\n<h2>Tratamientos anti-edad -suavizan y eliminan las arrugas y las l\u00edneas de expresi\u00f3n<\/h2>\n<p>Hay cambios que uno puede hacer que producen el mayor impacto en una transformaci\u00f3n juvenil. Estas \u00e1reas anat\u00f3micas en las que uno debe concentrarse inicialmente incluyen las siguientes:<\/p>\n<ol>\n<li>Ojos- la ventana a nuestra alma, as\u00ed como la clave de nuestra belleza facial<\/li>\n<li>Nariz &#8211; el centro de nuestra cara controla la armon\u00eda facial<\/li>\n<li>Dientes &#8211; una brillante sonrisa cautivadora no s\u00f3lo comunica la alegr\u00eda, sino que resalta el atractivo<\/li>\n<li>Piel &#8211; el \u00f3rgano m\u00e1s grande de nuestro cuerpo tiene un impacto significativo sobre los dem\u00e1s al momento de percibir la edad<\/li>\n<\/ol>\n<h2>Botox<a name=\"Botox\/Dysport\"><\/a><\/h2>\n<p><img class=\"lazy-load\" alt=\"Botox\" data-src=\"\/images\/Botox.png\" width=\"245\" height=\"135\" align=\"left\" \/><br \/>\nEl Botox Est\u00e9tico es administrado por un par de inyecciones diminutas directamente en el m\u00fasculo responsable de causar las l\u00edneas de expresi\u00f3n. Al bloquear una sustancia qu\u00edmica que hace que estos m\u00fasculos se contraigan, Botox les permite relajarse. Los efectos est\u00e1n muy localizados y cuando se administra no afectan su capacidad de sonre\u00edr, re\u00edr o no mostrar su expresi\u00f3n.<\/p>\n<h3>Resultados Botox producto<\/h3>\n<p><img class=\"lazy-load\" alt=\"Botox\" data-src=\"\/es\/images\/Botox1-es.png\" width=\"750\" height=\"340\" \/><\/p>\n<h2>Dysport<\/h2>\n<p><img class=\"lazy-load\" alt=\"Dysport\" data-src=\"\/images\/Dysport.png\" width=\"270\" height=\"150\" align=\"right\" \/><br \/>\nDysport es el m\u00e1s reciente inyectable en el mercado de EE.UU. Trata las l\u00edneas profundas y arrugas mediante la inmovilizaci\u00f3n de los m\u00fasculos, de forma similar al Botox. Desarrollado en el Reino Unido en los a\u00f1os 90, Dysport se ha utilizado durante muchos a\u00f1os en el extranjero. Dysport fue aprobado por la Administraci\u00f3n Federal de Drogas, en abril de 2009 para el tratamiento de espasmos en la cabeza y los m\u00fasculos del cuello y para las l\u00edneas profundas entre las cejas.<\/p>\n<h2>Contacte a Estrella Aesthetics &amp; Surgical Arts en Corona, California en el <a href=\"tel:+19513561207\" onclick=\"sendEventToGoogle('Content', '\/es\/wp-json\/wp\/v2\/pages\/2773', '+19513561207');\">(951) 356-1207<\/a> para una consulta.<\/h2>\n","protected":false},"excerpt":{"rendered":"<p>Tratamientos Anti- Edad: Botox Est\u00e9tico, tratamientos contra las arrugas de Estrella Aesthetics &amp; Surgical Arts en Corona, California Tratamientos anti-edad -suavizan y eliminan las arrugas y las l\u00edneas de expresi\u00f3n Hay cambios que uno puede hacer que producen el mayor impacto en una transformaci\u00f3n juvenil. Estas \u00e1reas anat\u00f3micas en las que uno debe concentrarse inicialmente&#8230; <a class=\"more-link\" href=\"https:\/\/estrellaaesthetics.com\/es\/inyectables\/neuromoduladores\/\">[Read More]<\/a><\/p>\n","protected":false},"author":4,"featured_media":0,"parent":2767,"menu_order":0,"comment_status":"closed","ping_status":"closed","template":"","meta":{"_acf_changed":false,"inline_featured_image":false,"_genesis_hide_title":false,"_genesis_hide_breadcrumbs":false,"_genesis_hide_singular_image":false,"_genesis_hide_footer_widgets":false,"_genesis_custom_body_class":"","_genesis_custom_post_class":"","_genesis_layout":"","footnotes":""},"class_list":{"0":"post-2773","1":"page","2":"type-page","3":"status-publish","5":"entry"},"acf":[],"yoast_head":"\n<title>Tratamientos Anti- Edad: Botox Est\u00e9tico, tratamientos contra las arrugas<\/title>\n<meta name=\"description\" content=\"Tratamientos Anti- Edad: Botox Est\u00e9tico, tratamientos contra las arrugas en Corona, California. Llame al (951) 356-1207. | Tratamientos Anti- Edad\" \/>\n<meta name=\"robots\" content=\"index, follow, max-snippet:-1, max-image-preview:large, max-video-preview:-1\" \/>\n<link rel=\"canonical\" href=\"https:\/\/estrellaaesthetics.com\/es\/inyectables\/neuromoduladores\/\" \/>\n<meta property=\"og:locale\" content=\"es_ES\" \/>\n<meta property=\"og:type\" content=\"article\" \/>\n<meta property=\"og:title\" content=\"Tratamientos Anti- Edad: Botox Est\u00e9tico, tratamientos contra las arrugas\" \/>\n<meta property=\"og:description\" content=\"Tratamientos Anti- Edad: Botox Est\u00e9tico, tratamientos contra las arrugas en Corona, California. Llame al (951) 356-1207. | Tratamientos Anti- Edad\" \/>\n<meta property=\"og:url\" content=\"https:\/\/estrellaaesthetics.com\/es\/inyectables\/neuromoduladores\/\" \/>\n<meta property=\"og:site_name\" content=\"Estrella Aesthetics &amp; Surgical Arts - Spanish\" \/>\n<meta property=\"article:modified_time\" content=\"2019-08-21T17:47:58+00:00\" \/>\n<meta property=\"og:image\" content=\"https:\/\/estrellaaesthetics.com\/images\/Botox.png\" \/>\n<meta name=\"twitter:card\" content=\"summary_large_image\" \/>\n<meta name=\"twitter:label1\" content=\"Tiempo de lectura\" \/>\n\t<meta name=\"twitter:data1\" content=\"2 minutos\" \/>\n<script type=\"application\/ld+json\" class=\"yoast-schema-graph\">{\"@context\":\"https:\\\/\\\/schema.org\",\"@graph\":[{\"@type\":\"WebPage\",\"@id\":\"https:\\\/\\\/estrellaaesthetics.com\\\/es\\\/inyectables\\\/neuromoduladores\\\/\",\"url\":\"https:\\\/\\\/estrellaaesthetics.com\\\/es\\\/inyectables\\\/neuromoduladores\\\/\",\"name\":\"Tratamientos Anti- Edad: Botox Est\u00e9tico, tratamientos contra las arrugas\",\"isPartOf\":{\"@id\":\"https:\\\/\\\/estrellaaesthetics.com\\\/es\\\/#website\"},\"datePublished\":\"2013-11-05T00:11:13+00:00\",\"dateModified\":\"2019-08-21T17:47:58+00:00\",\"description\":\"Tratamientos Anti- Edad: Botox Est\u00e9tico, tratamientos contra las arrugas en Corona, California. Llame al (951) 356-1207. | Tratamientos Anti- Edad\",\"breadcrumb\":{\"@id\":\"https:\\\/\\\/estrellaaesthetics.com\\\/es\\\/inyectables\\\/neuromoduladores\\\/#breadcrumb\"},\"inLanguage\":\"es\",\"potentialAction\":[{\"@type\":\"ReadAction\",\"target\":[\"https:\\\/\\\/estrellaaesthetics.com\\\/es\\\/inyectables\\\/neuromoduladores\\\/\"]}]},{\"@type\":\"BreadcrumbList\",\"@id\":\"https:\\\/\\\/estrellaaesthetics.com\\\/es\\\/inyectables\\\/neuromoduladores\\\/#breadcrumb\",\"itemListElement\":[{\"@type\":\"ListItem\",\"position\":1,\"name\":\"Procedimientos\",\"item\":\"https:\\\/\\\/estrellaaesthetics.com\\\/es\\\/procedimientos\\\/\"},{\"@type\":\"ListItem\",\"position\":2,\"name\":\"Inyectables\",\"item\":\"https:\\\/\\\/estrellaaesthetics.com\\\/es\\\/inyectables\\\/\"},{\"@type\":\"ListItem\",\"position\":3,\"name\":\"Neuromoduladores\"}]},{\"@type\":\"WebSite\",\"@id\":\"https:\\\/\\\/estrellaaesthetics.com\\\/es\\\/#website\",\"url\":\"https:\\\/\\\/estrellaaesthetics.com\\\/es\\\/\",\"name\":\"Estrella Aesthetics &amp; Surgical Arts - Spanish\",\"description\":\"Estrella Aesthetics &amp; Surgical Arts - Non-Surgical Laser Skin Care Clinic, Botox, Restylane &amp; Dermal Fillers, Corona, California\",\"potentialAction\":[{\"@type\":\"SearchAction\",\"target\":{\"@type\":\"EntryPoint\",\"urlTemplate\":\"https:\\\/\\\/estrellaaesthetics.com\\\/es\\\/?s={search_term_string}\"},\"query-input\":{\"@type\":\"PropertyValueSpecification\",\"valueRequired\":true,\"valueName\":\"search_term_string\"}}],\"inLanguage\":\"es\"}]}<\/script>\n","yoast_head_json":{"title":"Tratamientos Anti- Edad: Botox Est\u00e9tico, tratamientos contra las arrugas","description":"Tratamientos Anti- Edad: Botox Est\u00e9tico, tratamientos contra las arrugas en Corona, California. Llame al (951) 356-1207. | Tratamientos Anti- Edad","robots":{"index":"index","follow":"follow","max-snippet":"max-snippet:-1","max-image-preview":"max-image-preview:large","max-video-preview":"max-video-preview:-1"},"canonical":"https:\/\/estrellaaesthetics.com\/es\/inyectables\/neuromoduladores\/","og_locale":"es_ES","og_type":"article","og_title":"Tratamientos Anti- Edad: Botox Est\u00e9tico, tratamientos contra las arrugas","og_description":"Tratamientos Anti- Edad: Botox Est\u00e9tico, tratamientos contra las arrugas en Corona, California. Llame al (951) 356-1207. | Tratamientos Anti- Edad","og_url":"https:\/\/estrellaaesthetics.com\/es\/inyectables\/neuromoduladores\/","og_site_name":"Estrella Aesthetics &amp; Surgical Arts - Spanish","article_modified_time":"2019-08-21T17:47:58+00:00","og_image":[{"url":"https:\/\/estrellaaesthetics.com\/images\/Botox.png","type":"","width":"","height":""}],"twitter_card":"summary_large_image","twitter_misc":{"Tiempo de lectura":"2 minutos"},"schema":{"@context":"https:\/\/schema.org","@graph":[{"@type":"WebPage","@id":"https:\/\/estrellaaesthetics.com\/es\/inyectables\/neuromoduladores\/","url":"https:\/\/estrellaaesthetics.com\/es\/inyectables\/neuromoduladores\/","name":"Tratamientos Anti- Edad: Botox Est\u00e9tico, tratamientos contra las arrugas","isPartOf":{"@id":"https:\/\/estrellaaesthetics.com\/es\/#website"},"datePublished":"2013-11-05T00:11:13+00:00","dateModified":"2019-08-21T17:47:58+00:00","description":"Tratamientos Anti- Edad: Botox Est\u00e9tico, tratamientos contra las arrugas en Corona, California. Llame al (951) 356-1207. | Tratamientos Anti- Edad","breadcrumb":{"@id":"https:\/\/estrellaaesthetics.com\/es\/inyectables\/neuromoduladores\/#breadcrumb"},"inLanguage":"es","potentialAction":[{"@type":"ReadAction","target":["https:\/\/estrellaaesthetics.com\/es\/inyectables\/neuromoduladores\/"]}]},{"@type":"BreadcrumbList","@id":"https:\/\/estrellaaesthetics.com\/es\/inyectables\/neuromoduladores\/#breadcrumb","itemListElement":[{"@type":"ListItem","position":1,"name":"Procedimientos","item":"https:\/\/estrellaaesthetics.com\/es\/procedimientos\/"},{"@type":"ListItem","position":2,"name":"Inyectables","item":"https:\/\/estrellaaesthetics.com\/es\/inyectables\/"},{"@type":"ListItem","position":3,"name":"Neuromoduladores"}]},{"@type":"WebSite","@id":"https:\/\/estrellaaesthetics.com\/es\/#website","url":"https:\/\/estrellaaesthetics.com\/es\/","name":"Estrella Aesthetics &amp; Surgical Arts - Spanish","description":"Estrella Aesthetics &amp; Surgical Arts - Non-Surgical Laser Skin Care Clinic, Botox, Restylane &amp; Dermal Fillers, Corona, California","potentialAction":[{"@type":"SearchAction","target":{"@type":"EntryPoint","urlTemplate":"https:\/\/estrellaaesthetics.com\/es\/?s={search_term_string}"},"query-input":{"@type":"PropertyValueSpecification","valueRequired":true,"valueName":"search_term_string"}}],"inLanguage":"es"}]}},"_links":{"self":[{"href":"https:\/\/estrellaaesthetics.com\/es\/wp-json\/wp\/v2\/pages\/2773","targetHints":{"allow":["GET"]}}],"collection":[{"href":"https:\/\/estrellaaesthetics.com\/es\/wp-json\/wp\/v2\/pages"}],"about":[{"href":"https:\/\/estrellaaesthetics.com\/es\/wp-json\/wp\/v2\/types\/page"}],"author":[{"embeddable":true,"href":"https:\/\/estrellaaesthetics.com\/es\/wp-json\/wp\/v2\/users\/4"}],"replies":[{"embeddable":true,"href":"https:\/\/estrellaaesthetics.com\/es\/wp-json\/wp\/v2\/comments?post=2773"}],"version-history":[{"count":0,"href":"https:\/\/estrellaaesthetics.com\/es\/wp-json\/wp\/v2\/pages\/2773\/revisions"}],"up":[{"embeddable":true,"href":"https:\/\/estrellaaesthetics.com\/es\/wp-json\/wp\/v2\/pages\/2767"}],"wp:attachment":[{"href":"https:\/\/estrellaaesthetics.com\/es\/wp-json\/wp\/v2\/media?parent=2773"}],"curies":[{"name":"wp","href":"https:\/\/api.w.org\/{rel}","templated":true}]}}