{"id":2769,"date":"2013-11-04T16:09:09","date_gmt":"2013-11-05T00:09:09","guid":{"rendered":"http:\/\/staging.estrellaaesthetics.com\/?page_id=2769"},"modified":"2022-04-05T10:50:00","modified_gmt":"2022-04-05T17:50:00","slug":"rellenos-dermicos-temporales","status":"publish","type":"page","link":"https:\/\/estrellaaesthetics.com\/es\/inyectables\/rellenos-dermicos-temporales\/","title":{"rendered":"Perlane, Juvaderm"},"content":{"rendered":"<h1>Rellenos d\u00e9rmicos temporales: Perlane, Juvaderm por Estrella Aesthetics, Corona, CA <\/h1>\n<h3>Rahil Khan, M.D.<br>Estrella Aesthetics & Surgical Arts<br>Corona, California<\/h3>\n<p><a href=\"#beforeandafter\">Antes y Despu\u00e9s Rellenos d\u00e9rmicos im\u00e1genes<\/a><\/p>\n<h2>Rellenos d\u00e9rmicos que usan Perlane y Juvaderm para las arrugas y la reposici\u00f3n de volumen<\/h2>\n<p>\u00bfBusca una manera r\u00e1pida y eficaz de eliminar las l\u00edneas de expresi\u00f3n y las arrugas? Los rellenos d\u00e9rmicos como <strong>Restylane\u00ae<\/strong> <strong>Juvederm\u2122<\/strong> y <strong>Radiesse\u00ae<\/strong> ofrecen resultados r\u00e1pidos y mejoran la apariencia y la textura de la piel, mientras que reducen e incluso eliminan las l\u00edneas y arrugas. Estas sustancias producen una mejor\u00eda temporal durante unos 6 a 12 meses. El tratamiento alternativo es el injerto de grasa corporal en cara y cuerpo para producir resultados permanentes y naturales bajo anestesia local con m\u00ednimos riesgos.<\/p>\n<h3>Los beneficios de los rellenos d\u00e9rmicos Perlane y Juvaderm:<\/h3>\n<ul>\n<li>Le da labios sensuales, m\u00e1s llenos.<\/li>\n<li>Reduce las arrugas y l\u00edneas faciales<\/li>\n<li>Restaura el volumen juvenil y natural de su rostro<\/li>\n<li>Proporciona un aspecto suave y natural, suave al tacto que todo el mundo va a notar (pero nadie sabr\u00e1 c\u00f3mo lo hizo)<\/li>\n<\/ul>\n<h3>Opciones de rellenos d\u00e9rmicos:<\/h3>\n<li>\n<strong>Perlane<\/strong>&#8211; Perlane lo vende la misma empresa que produce Restylane. Ellos mismos afirman que Perlane dura m\u00e1s que Restylane, ya que la sustancia es m\u00e1s gruesa, permite m\u00e1s la reposici\u00f3n de volumen utilizando la misma cantidad de relleno d\u00e9rmico.\n<\/li>\n<li>\n<strong>Restylane\u00ae<\/strong>-Restylane es un gel biodegradable no-animal, cristalino y basado en una sustancia natural, llamada \u00e1cido hialur\u00f3nico. El gel se inyecta en la piel en peque\u00f1as cantidades con una aguja muy fina. El resultado es instant\u00e1neo y produce una mejora duradera y natural, la cual es suave y segura para su piel.\n<\/li>\n<li>\n<strong>Juvederm\u2122<\/strong> &#8211; inyecciones de Juvederm\u2122 son una soluci\u00f3n segura que le puede hacer sus labios m\u00e1s completos, carnosos, m\u00e1s sexy, reduce las arrugas y las l\u00edneas entre la frente y las cejas, y al instante restaura el volumen de la piel y suaviza las arrugas y pliegues faciales.\n<\/li>\n<li>\n<strong>Radiesse\u00ae-<\/strong> Radiesse\u00ae es un relleno d\u00e9rmico hecho a base de microesferas de calcio suspendidas en un gel a base de agua, y se inyecta en la piel a trav\u00e9s de un procedimiento simple y m\u00ednimamente invasivo. El relleno d\u00e9rmico Radiesse\u2122 es la opci\u00f3n ideal para el total contorneado facial. Se puede llegar a restaurar una apariencia saludable y juvenil, mejorar sus caracter\u00edsticas existentes, ayudar a desafiar la edad y la gravedad, y aumentar su confianza &#8211; todo sin cirug\u00eda invasiva ni cicatrices.\n<\/li>\n<p>\nEstos tratamientos de belleza est\u00e9tica pueden ser utilizados solos o combinados con otros procedimientos como levantamiento facial (facelift), eliminaci\u00f3n o revisi\u00f3n de cicatrices, o exfoliaciones (peelings) qu\u00edmicas. <\/p>\n<p><strong>Fotos de antes y despu\u00e9s del relleno d\u00e9rmico:<\/strong><br \/>\nHaga clic en las im\u00e1genes para ampliarlas <a name=\"beforeandafter\" id=\"beforeandafter\"><\/p>\n<p><a title=\"\" href=\"\/images\/before-after-lip-dermal-1.jpg\" rel=\"prettyPhoto[pp_gal]\" class=\"patient-full-photo\" data-rel=\"lightbox-gallery-vxfdeSM2\" data-rl_title=\"\" data-rl_caption=\"\"><br \/>\n<img onmousedown=\"if (event.preventDefault) event.preventDefault()\" alt=\"Before and After Dermal Filler\" data-src=\"\/es\/images\/before-after-lip-dermal-1sm.jpg\" class=\"img-responsive lazy-load\"\/><\/a><\/p>\n<div class=\"patient-meta-info\">Los resultados individuales pueden variar.<\/p>\n<p><a href=\"\/es\/contacto\">Haga clic aqu\u00ed para ponerse en contacto con Estrella Aesthetics &#038; Surgical Arts y establecer una consulta.<\/a>.<\/div>\n<div style=\"clear:both;\"><\/div>\n<p><a title=\"\" href=\"\/images\/bna-lip-dermal-2.jpg\" rel=\"prettyPhoto[pp_gal]\" class=\"patient-full-photo\" data-rel=\"lightbox-gallery-vxfdeSM2\" data-rl_title=\"\" data-rl_caption=\"\"><br \/>\n<img onmousedown=\"if (event.preventDefault) event.preventDefault()\" alt=\"Before and After Dermal Filler\" data-src=\"\/es\/images\/bna-lip-dermal-2sm.jpg\" class=\"img-responsive lazy-load\"\/><\/a><\/p>\n<div class=\"patient-meta-info\">Los resultados individuales pueden variar.<\/p>\n<p><a href=\"\/es\/contacto\">Haga clic aqu\u00ed para ponerse en contacto con Estrella Aesthetics &#038; Surgical Arts y establecer una consulta.<\/a>.<\/div>\n<div style=\"clear:both;\"><\/div>\n<h2>Contact Estrella Aesthetics &amp; Surgical Arts for Your Free Consultation:<\/h2>\n<p>Ray Khan y su personal estar\u00e1 encantado de discutir los procedimientos de relleno d\u00e9rmico con usted y responder a sus preguntas. Por favor, si\u00e9ntase libre de llamarnos en <strong>Corona California at <strong><a href=\"tel:+19513561207\" onclick=\"sendEventToGoogle('Content', '\/es\/wp-json\/wp\/v2\/pages\/2769', '+19513561207');\">(951) 356-1207<\/a><\/strong><\/p>\n<p><a href=\"\/es\/contacto\">Haga clic aqu\u00ed para ponerse en contacto con Estrella Aesthetics &#038; Surgical Arts y establecer una consulta.<\/a><\/p>\n<address>\n<h3>Estrella Aesthetics &#038; Surgical Arts<\/h3>\n<p> 2550 Tuscany St. Suite 103<br \/>\nCorona, CA 92881<br \/>\n<abbr title='Phone'>P:<\/abbr> <a href=\"tel:+19513561207\" onclick=\"sendEventToGoogle('Content', '\/es\/wp-json\/wp\/v2\/pages\/2769', '+19513561207');\">(951) 356-1207<\/a><br \/>\n<\/address>\n<h2>Horario de Atenci\u00f3n<\/h2>\r\n<h5>Lunes a Viernes: 10.00am a 7.00pm<\/h5>\r\n<h5>S\u00e1bado: 10.00am a 5.00pm<\/h5>\r\n<h5>Domingos Cerrados<\/h5>\n<p><iframe loading=\"lazy\" src=\"https:\/\/maps.google.ca\/maps?q=2550+Tuscany+St++Suite+%23103++Corona,+CA+92881&amp;oe=utf-8&amp;client=firefox-a&amp;ie=UTF8&amp;hq=&amp;hnear=2550+Tuscany+St+%23103,+Corona,+California+92881,+United+States&amp;t=m&amp;ll=33.824651,-117.517319&amp;spn=0.021391,0.059223&amp;z=14&amp;iwloc=&amp;output=embed\" width=\"690\" height=\"300\" frameborder=\"0\" marginwidth=\"0\" marginheight=\"0\" scrolling=\"no\"><\/iframe><\/p>\n","protected":false},"excerpt":{"rendered":"<p>Rellenos d\u00e9rmicos temporales: Perlane, Juvaderm por Estrella Aesthetics, Corona, CA Antes y Despu\u00e9s Rellenos d\u00e9rmicos im\u00e1genes Rellenos d\u00e9rmicos que usan Perlane y Juvaderm para las arrugas y la reposici\u00f3n de volumen \u00bfBusca una manera r\u00e1pida y eficaz de eliminar las l\u00edneas de expresi\u00f3n y las arrugas? Los rellenos d\u00e9rmicos como Restylane\u00ae Juvederm\u2122 y Radiesse\u00ae ofrecen&#8230; <a class=\"more-link\" href=\"https:\/\/estrellaaesthetics.com\/es\/inyectables\/rellenos-dermicos-temporales\/\">[Read More]<\/a><\/p>\n","protected":false},"author":4,"featured_media":0,"parent":2767,"menu_order":0,"comment_status":"closed","ping_status":"closed","template":"","meta":{"_acf_changed":false,"inline_featured_image":false,"_genesis_hide_title":false,"_genesis_hide_breadcrumbs":false,"_genesis_hide_singular_image":false,"_genesis_hide_footer_widgets":false,"_genesis_custom_body_class":"","_genesis_custom_post_class":"","_genesis_layout":"","footnotes":""},"class_list":{"0":"post-2769","1":"page","2":"type-page","3":"status-publish","5":"entry"},"acf":[],"yoast_head":"\n<title>Rellenos d\u00e9rmicos que usan Perlane y Juvaderm para las arrugas<\/title>\n<meta name=\"description\" content=\"Rellenos d\u00e9rmicos que usan Perlane y Juvaderm para las arrugas | Los rellenos d\u00e9rmicos como Restylane\u00ae Juvederm\u2122 y Radiesse\u00ae ofrecen resultados r\u00e1pidos\" \/>\n<meta name=\"robots\" content=\"index, follow, max-snippet:-1, max-image-preview:large, max-video-preview:-1\" \/>\n<link rel=\"canonical\" href=\"https:\/\/estrellaaesthetics.com\/es\/inyectables\/rellenos-dermicos-temporales\/\" \/>\n<meta property=\"og:locale\" content=\"es_ES\" \/>\n<meta property=\"og:type\" content=\"article\" \/>\n<meta property=\"og:title\" content=\"Rellenos d\u00e9rmicos que usan Perlane y Juvaderm para las arrugas\" \/>\n<meta property=\"og:description\" content=\"Rellenos d\u00e9rmicos que usan Perlane y Juvaderm para las arrugas | Los rellenos d\u00e9rmicos como Restylane\u00ae Juvederm\u2122 y Radiesse\u00ae ofrecen resultados r\u00e1pidos\" \/>\n<meta property=\"og:url\" content=\"https:\/\/estrellaaesthetics.com\/es\/inyectables\/rellenos-dermicos-temporales\/\" \/>\n<meta property=\"og:site_name\" content=\"Estrella Aesthetics &amp; Surgical Arts - Spanish\" \/>\n<meta property=\"article:modified_time\" content=\"2022-04-05T17:50:00+00:00\" \/>\n<meta property=\"og:image\" content=\"https:\/\/estrellaaesthetics.com\/es\/images\/before-after-lip-dermal-1sm.jpg\" \/>\n<meta name=\"twitter:card\" content=\"summary_large_image\" \/>\n<meta name=\"twitter:label1\" content=\"Tiempo de lectura\" \/>\n\t<meta name=\"twitter:data1\" content=\"3 minutos\" \/>\n<script type=\"application\/ld+json\" class=\"yoast-schema-graph\">{\"@context\":\"https:\\\/\\\/schema.org\",\"@graph\":[{\"@type\":\"WebPage\",\"@id\":\"https:\\\/\\\/estrellaaesthetics.com\\\/es\\\/inyectables\\\/rellenos-dermicos-temporales\\\/\",\"url\":\"https:\\\/\\\/estrellaaesthetics.com\\\/es\\\/inyectables\\\/rellenos-dermicos-temporales\\\/\",\"name\":\"Rellenos d\u00e9rmicos que usan Perlane y Juvaderm para las arrugas\",\"isPartOf\":{\"@id\":\"https:\\\/\\\/estrellaaesthetics.com\\\/es\\\/#website\"},\"datePublished\":\"2013-11-05T00:09:09+00:00\",\"dateModified\":\"2022-04-05T17:50:00+00:00\",\"description\":\"Rellenos d\u00e9rmicos que usan Perlane y Juvaderm para las arrugas | Los rellenos d\u00e9rmicos como Restylane\u00ae Juvederm\u2122 y Radiesse\u00ae ofrecen resultados r\u00e1pidos\",\"breadcrumb\":{\"@id\":\"https:\\\/\\\/estrellaaesthetics.com\\\/es\\\/inyectables\\\/rellenos-dermicos-temporales\\\/#breadcrumb\"},\"inLanguage\":\"es\",\"potentialAction\":[{\"@type\":\"ReadAction\",\"target\":[\"https:\\\/\\\/estrellaaesthetics.com\\\/es\\\/inyectables\\\/rellenos-dermicos-temporales\\\/\"]}]},{\"@type\":\"BreadcrumbList\",\"@id\":\"https:\\\/\\\/estrellaaesthetics.com\\\/es\\\/inyectables\\\/rellenos-dermicos-temporales\\\/#breadcrumb\",\"itemListElement\":[{\"@type\":\"ListItem\",\"position\":1,\"name\":\"Procedimientos\",\"item\":\"https:\\\/\\\/estrellaaesthetics.com\\\/es\\\/procedimientos\\\/\"},{\"@type\":\"ListItem\",\"position\":2,\"name\":\"Inyectables\",\"item\":\"https:\\\/\\\/estrellaaesthetics.com\\\/es\\\/inyectables\\\/\"},{\"@type\":\"ListItem\",\"position\":3,\"name\":\"Rellenos d\u00e9rmicos temporales\"}]},{\"@type\":\"WebSite\",\"@id\":\"https:\\\/\\\/estrellaaesthetics.com\\\/es\\\/#website\",\"url\":\"https:\\\/\\\/estrellaaesthetics.com\\\/es\\\/\",\"name\":\"Estrella Aesthetics &amp; Surgical Arts - Spanish\",\"description\":\"Estrella Aesthetics &amp; Surgical Arts - Non-Surgical Laser Skin Care Clinic, Botox, Restylane &amp; Dermal Fillers, Corona, California\",\"potentialAction\":[{\"@type\":\"SearchAction\",\"target\":{\"@type\":\"EntryPoint\",\"urlTemplate\":\"https:\\\/\\\/estrellaaesthetics.com\\\/es\\\/?s={search_term_string}\"},\"query-input\":{\"@type\":\"PropertyValueSpecification\",\"valueRequired\":true,\"valueName\":\"search_term_string\"}}],\"inLanguage\":\"es\"}]}<\/script>\n","yoast_head_json":{"title":"Rellenos d\u00e9rmicos que usan Perlane y Juvaderm para las arrugas","description":"Rellenos d\u00e9rmicos que usan Perlane y Juvaderm para las arrugas | Los rellenos d\u00e9rmicos como Restylane\u00ae Juvederm\u2122 y Radiesse\u00ae ofrecen resultados r\u00e1pidos","robots":{"index":"index","follow":"follow","max-snippet":"max-snippet:-1","max-image-preview":"max-image-preview:large","max-video-preview":"max-video-preview:-1"},"canonical":"https:\/\/estrellaaesthetics.com\/es\/inyectables\/rellenos-dermicos-temporales\/","og_locale":"es_ES","og_type":"article","og_title":"Rellenos d\u00e9rmicos que usan Perlane y Juvaderm para las arrugas","og_description":"Rellenos d\u00e9rmicos que usan Perlane y Juvaderm para las arrugas | Los rellenos d\u00e9rmicos como Restylane\u00ae Juvederm\u2122 y Radiesse\u00ae ofrecen resultados r\u00e1pidos","og_url":"https:\/\/estrellaaesthetics.com\/es\/inyectables\/rellenos-dermicos-temporales\/","og_site_name":"Estrella Aesthetics &amp; Surgical Arts - Spanish","article_modified_time":"2022-04-05T17:50:00+00:00","og_image":[{"url":"https:\/\/estrellaaesthetics.com\/es\/images\/before-after-lip-dermal-1sm.jpg","type":"","width":"","height":""}],"twitter_card":"summary_large_image","twitter_misc":{"Tiempo de lectura":"3 minutos"},"schema":{"@context":"https:\/\/schema.org","@graph":[{"@type":"WebPage","@id":"https:\/\/estrellaaesthetics.com\/es\/inyectables\/rellenos-dermicos-temporales\/","url":"https:\/\/estrellaaesthetics.com\/es\/inyectables\/rellenos-dermicos-temporales\/","name":"Rellenos d\u00e9rmicos que usan Perlane y Juvaderm para las arrugas","isPartOf":{"@id":"https:\/\/estrellaaesthetics.com\/es\/#website"},"datePublished":"2013-11-05T00:09:09+00:00","dateModified":"2022-04-05T17:50:00+00:00","description":"Rellenos d\u00e9rmicos que usan Perlane y Juvaderm para las arrugas | Los rellenos d\u00e9rmicos como Restylane\u00ae Juvederm\u2122 y Radiesse\u00ae ofrecen resultados r\u00e1pidos","breadcrumb":{"@id":"https:\/\/estrellaaesthetics.com\/es\/inyectables\/rellenos-dermicos-temporales\/#breadcrumb"},"inLanguage":"es","potentialAction":[{"@type":"ReadAction","target":["https:\/\/estrellaaesthetics.com\/es\/inyectables\/rellenos-dermicos-temporales\/"]}]},{"@type":"BreadcrumbList","@id":"https:\/\/estrellaaesthetics.com\/es\/inyectables\/rellenos-dermicos-temporales\/#breadcrumb","itemListElement":[{"@type":"ListItem","position":1,"name":"Procedimientos","item":"https:\/\/estrellaaesthetics.com\/es\/procedimientos\/"},{"@type":"ListItem","position":2,"name":"Inyectables","item":"https:\/\/estrellaaesthetics.com\/es\/inyectables\/"},{"@type":"ListItem","position":3,"name":"Rellenos d\u00e9rmicos temporales"}]},{"@type":"WebSite","@id":"https:\/\/estrellaaesthetics.com\/es\/#website","url":"https:\/\/estrellaaesthetics.com\/es\/","name":"Estrella Aesthetics &amp; Surgical Arts - Spanish","description":"Estrella Aesthetics &amp; Surgical Arts - Non-Surgical Laser Skin Care Clinic, Botox, Restylane &amp; Dermal Fillers, Corona, California","potentialAction":[{"@type":"SearchAction","target":{"@type":"EntryPoint","urlTemplate":"https:\/\/estrellaaesthetics.com\/es\/?s={search_term_string}"},"query-input":{"@type":"PropertyValueSpecification","valueRequired":true,"valueName":"search_term_string"}}],"inLanguage":"es"}]}},"_links":{"self":[{"href":"https:\/\/estrellaaesthetics.com\/es\/wp-json\/wp\/v2\/pages\/2769","targetHints":{"allow":["GET"]}}],"collection":[{"href":"https:\/\/estrellaaesthetics.com\/es\/wp-json\/wp\/v2\/pages"}],"about":[{"href":"https:\/\/estrellaaesthetics.com\/es\/wp-json\/wp\/v2\/types\/page"}],"author":[{"embeddable":true,"href":"https:\/\/estrellaaesthetics.com\/es\/wp-json\/wp\/v2\/users\/4"}],"replies":[{"embeddable":true,"href":"https:\/\/estrellaaesthetics.com\/es\/wp-json\/wp\/v2\/comments?post=2769"}],"version-history":[{"count":0,"href":"https:\/\/estrellaaesthetics.com\/es\/wp-json\/wp\/v2\/pages\/2769\/revisions"}],"up":[{"embeddable":true,"href":"https:\/\/estrellaaesthetics.com\/es\/wp-json\/wp\/v2\/pages\/2767"}],"wp:attachment":[{"href":"https:\/\/estrellaaesthetics.com\/es\/wp-json\/wp\/v2\/media?parent=2769"}],"curies":[{"name":"wp","href":"https:\/\/api.w.org\/{rel}","templated":true}]}}