{"id":2760,"date":"2013-11-04T16:00:23","date_gmt":"2013-11-05T00:00:23","guid":{"rendered":"http:\/\/staging.estrellaaesthetics.com\/?page_id=2760"},"modified":"2026-03-13T17:29:39","modified_gmt":"2026-03-14T00:29:39","slug":"estiramiento-de-la-piel","status":"publish","type":"page","link":"https:\/\/estrellaaesthetics.com\/es\/procedimientos-laser\/estiramiento-de-la-piel\/","title":{"rendered":"Estiramiento de la piel"},"content":{"rendered":"<h1>Tratamientos para la piel- Exfoliaci\u00f3n (Peeling) Qu\u00edmica<\/h1>\n<h3>Ray Khan, MD<br \/>\nEstrella Aesthetics &#038; Surgical Arts<br \/>\nCorona, California<\/h3>\n<h3>JC\u2019s Perfections Peel ~ AHA Peels ~ TCA &#038; Jessner Peels ~ Green Herb Peel ~ Apeele Md ~ VI Peel ~ Obagi Blue Peel<\/h3>\n<p>Los peelings qu\u00edmicos est\u00e1n dise\u00f1ados para eliminar las c\u00e9lulas muertas de la capa externa de la dermis y son esenciales para mantener una piel hermosa y saludable, resistente al envejecimiento. Las exfoliaciones o peelings qu\u00edmicos regulares ayudan a revertir los signos de envejecimiento, mejorar el tono y color de la piel, estimular la producci\u00f3n de col\u00e1geno y disminuir el acn\u00e9 y las cicatrices del acn\u00e9. Un peeling qu\u00edmico es beneficioso para la piel impura y grasa, los poros tapados, la flacidez en el contorno facial, las arrugas, la piel da\u00f1ada por el sol y la piel suelta de la barriga, los muslos o los brazos, as\u00ed como las manos envejecidas. Los peelings qu\u00edmicos pueden ser leves, moderados o m\u00e1s agresivos.<\/p>\n<h3>Exfoliaci\u00f3n (peeling) qu\u00edmica leve<\/h3>\n<p>Un peeling qu\u00edmico leve es un peeling superficial no invasivo que genera los efectos rejuvenecedores de la piel con baja irritaci\u00f3n. Una exfoliaci\u00f3n qu\u00edmica suave aumentar\u00e1 el resplandor y la luminosidad piel con poco o ning\u00fan desprendimiento visible.<\/p>\n<h3>Exfoliaci\u00f3n (peeling) qu\u00edmica moderado<\/h3>\n<p>Un peeling qu\u00edmico moderado ayuda a combatir los efectos del tiempo, el da\u00f1o solar, y los da\u00f1os ambientales. Esta es una forma efectiva de eliminar la hiperpigmentaci\u00f3n, reducir las l\u00edneas finas, reducir los poros, y darle a su piel un brillo juvenil. Una serie de peelings moderados puede quitarle a\u00f1os a la piel envejecida con poco tiempo de inactividad.<\/p>\n<h3>Exfoliaci\u00f3n (peeling) qu\u00edmica agresiva<\/h3>\n<p>Un peeling qu\u00edmico agresivo es una formulaci\u00f3n avanzada de agentes que proporciona la exfoliaci\u00f3n controlada de las capas superiores da\u00f1adas de la piel. Es eficaz para uso en la piel con da\u00f1o solar, melasma, acn\u00e9 y cicatrices de acn\u00e9. Un peeling qu\u00edmico agresivo primero exfolia y luego estimula, afirma, y tensa la piel con resultados visibles significativos despu\u00e9s de un solo tratamiento.<\/p>\n<h2>Peeling Qu\u00edmico\/TCA- Jessner<\/h2>\n<p><img class=\"lazy-load\" alt=\"TCA\" data-src=\"\/images\/TCAacid.png\" width=\"150\" height=\"161\" align=\"right\" \/><br \/>\nUsted recibir\u00e1 un tratamiento cl\u00ednico dise\u00f1ado para eliminar las capas externas de la piel. Dise\u00f1ado para aquellos que buscan un enfoque m\u00e1s agresivo para reducir la apariencia de l\u00edneas finas, arrugas y la hiperpigmentaci\u00f3n. Puede requerir alg\u00fan tiempo de inactividad debido a la muda de piel y\/o enrojecimiento. Se requiere la consulta previa al tratamiento.<\/p>\n<h2>ViPeel<\/h2>\n<p><img class=\"lazy-load\" alt=\"ViPeel\" data-src=\"\/images\/ViPeel.png\" width=\"225\" height=\"203\" align=\"left\" \/><br \/>\nEstrella Aesthetic Center presenta el Tratamiento VI Peel para producir elasticidad, tersura y suavidad en la piel del rostro. La formulaci\u00f3n VI Peel es una mezcla de componentes sin\u00e9rgicamente potentes que son apropiados para todo tipo de piel. Este sorprendente proceso de embellecimiento de la piel proporciona resultados extraordinarios virtualmente sin dolor y sin preparaci\u00f3n de la piel, as\u00ed como con poco tiempo de recuperaci\u00f3n. \u00bfPara qu\u00e9 pasar por semanas o meses de tratamientos para obtener resultados limitados? Usted puede tener una piel con apariencia juvenil luminosa en tan s\u00f3lo una semana con nuestro proceso VI PEEL.<br \/>\nUn tratamiento de VI Peel mejora el tono, la textura y la claridad de la piel; reduce o elimina molestas manchas de la edad, pecas problem\u00e1ticas, y la hiperpigmentaci\u00f3n, incluyendo melisma. Suaviza las l\u00edneas y arrugas, aclara las manchas del acn\u00e9, reduce o elimina las cicatrices del acn\u00e9, y estimula la producci\u00f3n de col\u00e1geno, para una piel m\u00e1s firme, y m\u00e1s joven. VI Peel tambi\u00e9n funciona a la perfecci\u00f3n con el l\u00e1ser, los inyectables y los procedimientos posteriores.<\/p>\n<h2>Obagi Blue Peel<\/h2>\n<p><img class=\"lazy-load\" alt=\"\" data-src=\"\/images\/Obagi.png\" width=\"220\" height=\"175\" align=\"right\" \/><br \/>\nEl Obagi Blue Peel es un procedimiento de consultorio dise\u00f1ado para mejorar significativamente la apariencia y la salud de su piel. Mediante el uso de TCA mezclado con una base azul especial para penetraci\u00f3n lenta, la exfoliaci\u00f3n permite que el m\u00e9dico controle la profundidad adecuada para eliminar eficazmente las capas delgadas de la piel envejecida y da\u00f1ada de la cara u otras partes del cuerpo.<br \/>\n&nbsp;<\/p>\n<h3>Resultados del producto Obagi Blue Peel<\/h3>\n<p><img class=\"lazy-load\" alt=\"\" data-src=\"\/es\/images\/Obagi1-es.png\" width=\"720\" height=\"225\" align=\"left\" \/><\/p>\n<h2>Tratamiento con Ox\u00edgeno Hiperb\u00e1rico<\/h2>\n<p>La aplicaci\u00f3n de ox\u00edgeno bajo presi\u00f3n hiperb\u00e1rica permite que la epidermis aumente su nivel de concentraci\u00f3n superficial de ox\u00edgeno. Esta presi\u00f3n tambi\u00e9n ayuda en la r\u00e1pida absorci\u00f3n del suero Intraceuticals. Su piel se ver\u00e1 m\u00e1s joven, m\u00e1s brillante y m\u00e1s radiante.<\/p>\n<h2>Faciales con Extracciones<\/h2>\n<p>Dise\u00f1ado para las personas con piel normal a grasa. Estos tratamientos descongestionan los poros, reducen el enrojecimiento, la inflamaci\u00f3n y eliminan las bacterias de la piel, promueven la cicatrizaci\u00f3n de la piel afectada.<\/p>\n<h2>El poder de tres:<\/h2>\n<p>El tratamiento facial es el m\u00e1s nuevo avance en el rejuvenecimiento de la piel sin l\u00e1ser. El \u00fanico procedimiento de hidrodermoabrasi\u00f3n que combina limpieza, exfoliaci\u00f3n, extracci\u00f3n, hidrataci\u00f3n y protecci\u00f3n antioxidante al mismo tiempo, lo que resulta en una piel m\u00e1s clara, m\u00e1s hermosa, sin molestias o tiempo de inactividad. El tratamiento es calmante, hidratante, no invasivo y no irritante. El tratamiento facial mejora la apariencia de l\u00edneas finas, arrugas, poros tapados y dilatados, piel grasa o propensa al acn\u00e9, hiperpigmentaci\u00f3n y manchas marrones.<\/p>\n<ul>\n<li>La exfoliaci\u00f3n y resurgimiento de la microdermoabrasi\u00f3n<\/li>\n<li>La renovaci\u00f3n de la piel tras un peeling qu\u00edmico<\/li>\n<li>La hidrataci\u00f3n y extracciones de un facial de limpieza profunda<\/li>\n<\/ul>\n<p>&nbsp;<br \/>\nRestauraci\u00f3n de la piel a base de suero<br \/>\nUtilizando la \u00faltima tecnolog\u00eda para nuestros pacientes, Estrella Aesthetics y Surgical Arts<\/p>\n<ul>\n<li>La punta patentada de HydroPeel renueva la piel al mismo tiempo que introduce sueros de aplicaci\u00f3n t\u00f3pica<\/li>\n<li>En casos de melasma, manchas, arrugas y l\u00edneas finas, piel grasa y propensa al acn\u00e9.<\/li>\n<li>Sueros cut\u00e1neos espec\u00edficos para limpieza profunda, exfoliaci\u00f3n, extracci\u00f3n, hidrataci\u00f3n, tratamiento antioxidante y m\u00e1s<\/li>\n<\/ul>\n<p>&nbsp;<\/p>\n<ul>\n<li>Abrasi\u00f3n diamante seca, libre de cristales la cual se puede combinar con el tratamiento facial h\u00famedo para una abrasi\u00f3n profunda<\/li>\n<li>Varias puntas libres de cristales que van de fino a extra-grueso.<\/li>\n<\/ul>\n<p>&nbsp;<\/p>\n<ul>\n<li>Luz roja e infrarroja<\/li>\n<li>Luz azul<\/li>\n<\/ul>\n<p>&nbsp;<\/p>\n<ul>\n<li>Drenaje linf\u00e1tico facial<\/li>\n<li>Masaje contra la celulitis<\/li>\n<\/ul>\n<p>&nbsp;<\/p>\n<h3>Resultados del producto<\/h3>\n<p><img class=\"lazy-load\" alt=\"Hydraderm\" data-src=\"\/es\/images\/Hydraderm-es.png\" width=\"350\" height=\"150\" \/><br \/>\n<img class=\"lazy-load\" alt=\"Hydraderm\" data-src=\"\/es\/images\/Hydraderm1-es.png\" width=\"500\" height=\"300\" \/><\/p>\n<p>Por favor, haga una cita con uno de nuestros tres agradables esteticistas para un microdermoabrasi\u00f3n, Vampire Facial y peelings qu\u00edmicos para rejuvenecer su piel en <strong>Estrella Aesthetics &#038; Surgical Arts en Corona CA <strong><a href=\"tel:+19513561207\" onclick=\"sendEventToGoogle('Content', '\/es\/wp-json\/wp\/v2\/pages\/2760', '+19513561207');\">(951) 356-1207<\/a><\/strong><\/strong>.<\/p>\n<p><center><strong><a href=\"#top\">Back to Top<\/a><\/strong><\/center><\/p>\n","protected":false},"excerpt":{"rendered":"<p>Tratamientos para la piel- Exfoliaci\u00f3n (Peeling) Qu\u00edmica Ray Khan, MD Estrella Aesthetics &#038; Surgical Arts Corona, California JC\u2019s Perfections Peel ~ AHA Peels ~ TCA &#038; Jessner Peels ~ Green Herb Peel ~ Apeele Md ~ VI Peel ~ Obagi Blue Peel Los peelings qu\u00edmicos est\u00e1n dise\u00f1ados para eliminar las c\u00e9lulas muertas de la capa&#8230; <a class=\"more-link\" href=\"https:\/\/estrellaaesthetics.com\/es\/procedimientos-laser\/estiramiento-de-la-piel\/\">[Read More]<\/a><\/p>\n","protected":false},"author":4,"featured_media":0,"parent":5633,"menu_order":0,"comment_status":"closed","ping_status":"closed","template":"","meta":{"_acf_changed":false,"inline_featured_image":false,"_genesis_hide_title":false,"_genesis_hide_breadcrumbs":false,"_genesis_hide_singular_image":false,"_genesis_hide_footer_widgets":false,"_genesis_custom_body_class":"","_genesis_custom_post_class":"","_genesis_layout":"","footnotes":""},"class_list":{"0":"post-2760","1":"page","2":"type-page","3":"status-publish","5":"entry"},"acf":[],"yoast_head":"\n<title>Estiramiento de la piel - Exfoliaci\u00f3n (Peeling) Qu\u00edmica<\/title>\n<meta name=\"description\" content=\"Elimine las c\u00e9lulas muertas de la capa externa de la dermis para mantener una piel hermosa y saludable, resistente al envejecimiento. (951) 356-1207\" \/>\n<meta name=\"robots\" content=\"index, follow, max-snippet:-1, max-image-preview:large, max-video-preview:-1\" \/>\n<link rel=\"canonical\" href=\"https:\/\/estrellaaesthetics.com\/es\/procedimientos-laser\/estiramiento-de-la-piel\/\" \/>\n<meta property=\"og:locale\" content=\"es_ES\" \/>\n<meta property=\"og:type\" content=\"article\" \/>\n<meta property=\"og:title\" content=\"Estiramiento de la piel - Exfoliaci\u00f3n (Peeling) Qu\u00edmica\" \/>\n<meta property=\"og:description\" content=\"Elimine las c\u00e9lulas muertas de la capa externa de la dermis para mantener una piel hermosa y saludable, resistente al envejecimiento. (951) 356-1207\" \/>\n<meta property=\"og:url\" content=\"https:\/\/estrellaaesthetics.com\/es\/procedimientos-laser\/estiramiento-de-la-piel\/\" \/>\n<meta property=\"og:site_name\" content=\"Estrella Aesthetics &amp; Surgical Arts - Spanish\" \/>\n<meta property=\"article:modified_time\" content=\"2026-03-14T00:29:39+00:00\" \/>\n<meta name=\"twitter:card\" content=\"summary_large_image\" \/>\n<meta name=\"twitter:label1\" content=\"Tiempo de lectura\" \/>\n\t<meta name=\"twitter:data1\" content=\"6 minutos\" \/>\n<script type=\"application\/ld+json\" class=\"yoast-schema-graph\">{\"@context\":\"https:\/\/schema.org\",\"@graph\":[{\"@type\":\"WebPage\",\"@id\":\"https:\/\/estrellaaesthetics.com\/es\/procedimientos-laser\/estiramiento-de-la-piel\/\",\"url\":\"https:\/\/estrellaaesthetics.com\/es\/procedimientos-laser\/estiramiento-de-la-piel\/\",\"name\":\"Estiramiento de la piel - Exfoliaci\u00f3n (Peeling) Qu\u00edmica\",\"isPartOf\":{\"@id\":\"https:\/\/estrellaaesthetics.com\/es\/#website\"},\"datePublished\":\"2013-11-05T00:00:23+00:00\",\"dateModified\":\"2026-03-14T00:29:39+00:00\",\"description\":\"Elimine las c\u00e9lulas muertas de la capa externa de la dermis para mantener una piel hermosa y saludable, resistente al envejecimiento. (951) 356-1207\",\"breadcrumb\":{\"@id\":\"https:\/\/estrellaaesthetics.com\/es\/procedimientos-laser\/estiramiento-de-la-piel\/#breadcrumb\"},\"inLanguage\":\"es\",\"potentialAction\":[{\"@type\":\"ReadAction\",\"target\":[\"https:\/\/estrellaaesthetics.com\/es\/procedimientos-laser\/estiramiento-de-la-piel\/\"]}]},{\"@type\":\"BreadcrumbList\",\"@id\":\"https:\/\/estrellaaesthetics.com\/es\/procedimientos-laser\/estiramiento-de-la-piel\/#breadcrumb\",\"itemListElement\":[{\"@type\":\"ListItem\",\"position\":1,\"name\":\"Procedimientos\",\"item\":\"https:\/\/estrellaaesthetics.com\/es\/procedimientos\/\"},{\"@type\":\"ListItem\",\"position\":2,\"name\":\"Procedimientos l\u00e1ser\",\"item\":\"https:\/\/estrellaaesthetics.com\/es\/procedimientos-laser\/\"},{\"@type\":\"ListItem\",\"position\":3,\"name\":\"Exfoliaci\u00f3n (Peeling) Qu\u00edmica\"}]},{\"@type\":\"WebSite\",\"@id\":\"https:\/\/estrellaaesthetics.com\/es\/#website\",\"url\":\"https:\/\/estrellaaesthetics.com\/es\/\",\"name\":\"Estrella Aesthetics &amp; Surgical Arts - Spanish\",\"description\":\"Estrella Aesthetics &amp; Surgical Arts - Non-Surgical Laser Skin Care Clinic, Botox, Restylane &amp; Dermal Fillers, Corona, California\",\"potentialAction\":[{\"@type\":\"SearchAction\",\"target\":{\"@type\":\"EntryPoint\",\"urlTemplate\":\"https:\/\/estrellaaesthetics.com\/es\/?s={search_term_string}\"},\"query-input\":{\"@type\":\"PropertyValueSpecification\",\"valueRequired\":true,\"valueName\":\"search_term_string\"}}],\"inLanguage\":\"es\"}]}<\/script>\n","yoast_head_json":{"title":"Estiramiento de la piel - Exfoliaci\u00f3n (Peeling) Qu\u00edmica","description":"Elimine las c\u00e9lulas muertas de la capa externa de la dermis para mantener una piel hermosa y saludable, resistente al envejecimiento. (951) 356-1207","robots":{"index":"index","follow":"follow","max-snippet":"max-snippet:-1","max-image-preview":"max-image-preview:large","max-video-preview":"max-video-preview:-1"},"canonical":"https:\/\/estrellaaesthetics.com\/es\/procedimientos-laser\/estiramiento-de-la-piel\/","og_locale":"es_ES","og_type":"article","og_title":"Estiramiento de la piel - Exfoliaci\u00f3n (Peeling) Qu\u00edmica","og_description":"Elimine las c\u00e9lulas muertas de la capa externa de la dermis para mantener una piel hermosa y saludable, resistente al envejecimiento. (951) 356-1207","og_url":"https:\/\/estrellaaesthetics.com\/es\/procedimientos-laser\/estiramiento-de-la-piel\/","og_site_name":"Estrella Aesthetics &amp; Surgical Arts - Spanish","article_modified_time":"2026-03-14T00:29:39+00:00","twitter_card":"summary_large_image","twitter_misc":{"Tiempo de lectura":"6 minutos"},"schema":{"@context":"https:\/\/schema.org","@graph":[{"@type":"WebPage","@id":"https:\/\/estrellaaesthetics.com\/es\/procedimientos-laser\/estiramiento-de-la-piel\/","url":"https:\/\/estrellaaesthetics.com\/es\/procedimientos-laser\/estiramiento-de-la-piel\/","name":"Estiramiento de la piel - Exfoliaci\u00f3n (Peeling) Qu\u00edmica","isPartOf":{"@id":"https:\/\/estrellaaesthetics.com\/es\/#website"},"datePublished":"2013-11-05T00:00:23+00:00","dateModified":"2026-03-14T00:29:39+00:00","description":"Elimine las c\u00e9lulas muertas de la capa externa de la dermis para mantener una piel hermosa y saludable, resistente al envejecimiento. (951) 356-1207","breadcrumb":{"@id":"https:\/\/estrellaaesthetics.com\/es\/procedimientos-laser\/estiramiento-de-la-piel\/#breadcrumb"},"inLanguage":"es","potentialAction":[{"@type":"ReadAction","target":["https:\/\/estrellaaesthetics.com\/es\/procedimientos-laser\/estiramiento-de-la-piel\/"]}]},{"@type":"BreadcrumbList","@id":"https:\/\/estrellaaesthetics.com\/es\/procedimientos-laser\/estiramiento-de-la-piel\/#breadcrumb","itemListElement":[{"@type":"ListItem","position":1,"name":"Procedimientos","item":"https:\/\/estrellaaesthetics.com\/es\/procedimientos\/"},{"@type":"ListItem","position":2,"name":"Procedimientos l\u00e1ser","item":"https:\/\/estrellaaesthetics.com\/es\/procedimientos-laser\/"},{"@type":"ListItem","position":3,"name":"Exfoliaci\u00f3n (Peeling) Qu\u00edmica"}]},{"@type":"WebSite","@id":"https:\/\/estrellaaesthetics.com\/es\/#website","url":"https:\/\/estrellaaesthetics.com\/es\/","name":"Estrella Aesthetics &amp; Surgical Arts - Spanish","description":"Estrella Aesthetics &amp; Surgical Arts - Non-Surgical Laser Skin Care Clinic, Botox, Restylane &amp; Dermal Fillers, Corona, California","potentialAction":[{"@type":"SearchAction","target":{"@type":"EntryPoint","urlTemplate":"https:\/\/estrellaaesthetics.com\/es\/?s={search_term_string}"},"query-input":{"@type":"PropertyValueSpecification","valueRequired":true,"valueName":"search_term_string"}}],"inLanguage":"es"}]}},"_links":{"self":[{"href":"https:\/\/estrellaaesthetics.com\/es\/wp-json\/wp\/v2\/pages\/2760","targetHints":{"allow":["GET"]}}],"collection":[{"href":"https:\/\/estrellaaesthetics.com\/es\/wp-json\/wp\/v2\/pages"}],"about":[{"href":"https:\/\/estrellaaesthetics.com\/es\/wp-json\/wp\/v2\/types\/page"}],"author":[{"embeddable":true,"href":"https:\/\/estrellaaesthetics.com\/es\/wp-json\/wp\/v2\/users\/4"}],"replies":[{"embeddable":true,"href":"https:\/\/estrellaaesthetics.com\/es\/wp-json\/wp\/v2\/comments?post=2760"}],"version-history":[{"count":0,"href":"https:\/\/estrellaaesthetics.com\/es\/wp-json\/wp\/v2\/pages\/2760\/revisions"}],"up":[{"embeddable":true,"href":"https:\/\/estrellaaesthetics.com\/es\/wp-json\/wp\/v2\/pages\/5633"}],"wp:attachment":[{"href":"https:\/\/estrellaaesthetics.com\/es\/wp-json\/wp\/v2\/media?parent=2760"}],"curies":[{"name":"wp","href":"https:\/\/api.w.org\/{rel}","templated":true}]}}