{"id":2754,"date":"2013-11-04T15:58:14","date_gmt":"2013-11-04T23:58:14","guid":{"rendered":"http:\/\/staging.estrellaaesthetics.com\/?page_id=2754"},"modified":"2026-03-13T17:34:50","modified_gmt":"2026-03-14T00:34:50","slug":"vampire-facelift-ageless-lift","status":"publish","type":"page","link":"https:\/\/estrellaaesthetics.com\/es\/procedimientos-faciales-no-invasivos\/vampire-facelift\/","title":{"rendered":"Vampire Facelift (Lift Ageless) del renombrado Cirujano Pl\u00e1stico Facial y Cirujano Est\u00e9tico, en Corona, CA"},"content":{"rendered":"<h3>Rahil Khan, M.D.<br>Estrella Aesthetics & Surgical Arts<br>Corona, California<\/h3>\n<h1>Vampire Facelift (Lift Ageless)<\/h1>\n<p>\u00a1No deje que el nombre le asuste! El resultado es una piel joven, en poco tiempo, y con una recuperaci\u00f3n r\u00e1pida &#8230;. la excelente alternativa a una cirug\u00eda est\u00e9tica m\u00e1s invasiva.<br \/>\n<img class=\"lazy-load\" alt=\"Vampire FaceLift\" data-src=\"\/images\/VampireFacelift.png\" align=\"left\" \/><\/p>\n<p><img class=\"lazy-load\" alt=\"Vampire FaceLift candidate\" data-src=\"\/es\/images\/VampireLift_candidate-es.png\" align=\"center\" \/><\/p>\n<p>Todos deseamos una piel radiante, con una sensaci\u00f3n suave y juvenil. El uso de un Vampire Facelift (levantamiento de cara) ofrece un nuevo enfoque para la reparaci\u00f3n de los signos reveladores de la piel da\u00f1ada y envejecida. A medida que el proceso de envejecimiento contin\u00faa atacando su belleza mediante la p\u00e9rdida de volumen, arrugas, tono de piel deslucido, con aspecto envejecido, usted es sin duda una candidata viable para los beneficios que el Vampire facelift proporciona a trav\u00e9s de los factores de crecimiento de PRP<\/p>\n<p>El da\u00f1o por el sol, el tabaquismo y el envejecimiento altera la consistencia y el aspecto de su piel creando manifestaciones no deseadas. El elemento m\u00e1s visible del Vampire Facelift es el renacimiento de la forma de su piel. El volumen de agua disminuye con la edad y la exposici\u00f3n al sol provocan bajo la superficie de la piel, que aumente la capacidad de las c\u00e9lulas de la piel para unirse con el agua y el resultado es una m\u00e1s lenta producci\u00f3n de col\u00e1geno y elastina, y el aspecto de arrugas profundas a medida que la cara pierde volumen y estructura. Los rellenos producen una apariencia m\u00e1s completa, suave, aumentando la hidrataci\u00f3n, y la producci\u00f3n de col\u00e1geno y elastina.<\/p>\n<h3>Pasos en el Vampire (Ageless) Facial y en el Vampire (Ageless) FaceLift?<\/h3>\n<ol>\n<li>La microdermoabrasi\u00f3n &#8211; elimina la capa de piel exterior a prueba de agua conocida como el estrato c\u00f3rneo<\/li>\n<li>Se puede agregar facials para hidratar la piel, lo que mejora la absorci\u00f3n del plasma rico en plaquetas (PRP)<\/li>\n<li>La Punci\u00f3n D\u00e9rmica utilizando el Micropen crea una abertura temporal (15-20 minutos) en la impermeabilizaci\u00f3n de la piel. La implementaci\u00f3n de estos tres primeros pasos para optimizar la absorci\u00f3n del PRP, ya sea antes de la colocaci\u00f3n del PRP t\u00f3picamente (facial) o la inyecci\u00f3n intrad\u00e9rmica (cirug\u00eda est\u00e9tica) crea un mejor resultado.<\/li>\n<li>La colocaci\u00f3n de relleno d\u00e9rmico, por lo general con una c\u00e1nula de punta roma debajo de la dermis, c\u00e1nulas DermaSculpt, puede rejuvenecer la p\u00e9rdida de volumen a la cara<\/li>\n<li>El paso final es la colocaci\u00f3n t\u00f3pica del plasma rico en plaquetas o la inyecci\u00f3n intrad\u00e9rmica de PRP. A menudo se aplica una crema hidratante sobre el PRP antes de volver a casa.<\/li>\n<\/ol>\n<p>Todo el proceso toma alrededor de una hora a una hora y media. El procedimiento es mucho m\u00e1s c\u00f3modo que la aplicaci\u00f3n de una soluci\u00f3n de lidoca\u00edna y tetraca\u00edna t\u00f3pica durante 30 minutos antes de la punci\u00f3n cut\u00e1nea, y mejor despu\u00e9s de la aplicaci\u00f3n.<\/p>\n<p><strong>Ray Khan est\u00e1 realizando el primer estudio cient\u00edfico objetivo<\/strong> en los EE.UU. teniendo en cuenta las medidas de resultados:<\/p>\n<ul>\n<li>La elasticidad de la piel se mide con una tasa de succi\u00f3n por minutos llamada elast\u00f3mero que cuantifica el nivel de elasticidad presente en la piel<\/li>\n<li>El equipo Enhanced Image Pro (Emage) eval\u00faa los objetivos en las siguientes caracter\u00edsticas de la piel: arrugas, pigmentaci\u00f3n, tono, tama\u00f1o de los poros, porfirinas (vasos sangu\u00edneos) y el sebo<\/li>\n<li>Las biopsias de piel en cuanto al grosor de la piel, as\u00ed como el col\u00e1geno y la producci\u00f3n de fibra de elastina<\/li>\n<li>La documentaci\u00f3n fotogr\u00e1fica de los cambios est\u00e9ticos juveniles<\/li>\n<\/ul>\n<h3>Las indicaciones para un Vampire Facial y FaceLift?<\/h3>\n<ol>\n<li>l\u00edneas faciales finas y gruesas<\/li>\n<li>disminuci\u00f3n de la elasticidad de la piel<\/li>\n<li>adelgazamiento de la dermis<\/li>\n<li>mejora de la apariencia de cicatrices quir\u00fargicas y cicatrices de acn\u00e9<\/li>\n<\/ol>\n<p><img class=\"lazy-load\" alt=\"Aging Process\" data-src=\"\/images\/VampireLift_timeline.png\" align=\"left\" \/><br \/>\n<img class=\"lazy-load\" alt=\"Before-and-After Vampire FaceLift\" data-src=\"\/images\/bna-VampireLift.png\" align=\"right\" \/><\/p>\n<p>Adelgazamiento de los de labios superior e inferior tambi\u00e9n son signos de envejecimiento. Ray Khan puede recolectar su propia grasa y transferirla a las \u00e1reas de p\u00e9rdida de volumen para una mejora permanente del volumen, en lugar del uso de rellenos d\u00e9rmicos para la reposici\u00f3n de ese volumen perdido.<\/p>\n<p>Si est\u00e1 buscando mejorar la apariencia, la textura y el color de su piel, as\u00ed como suavizar las l\u00edneas finas y arrugas molestas, el Vampire FaceLift es un tratamiento ideal para usted. Tambi\u00e9n proporciona beneficios adicionales, tales como el crecimiento de su propio col\u00e1geno, mejora en la claridad y el tono de la piel, as\u00ed como la recuperaci\u00f3n de una apariencia m\u00e1s suave, con un aspecto joven de su piel.<\/p>\n<h3>\u00bfC\u00f3mo funciona el Vampire Facelift?<\/h3>\n<p>La reparaci\u00f3n y fortalecimiento de su piel con los factores de crecimiento derivados de la sangre. Los factores de crecimiento son las bases para crear una piel hermosa ya que reviven, forman, reparan y fortalecen la piel.<\/p>\n<ol>\n<li>se extrae la misma cantidad de sangre que se extrae en una prueba est\u00e1ndar de laboratorio<\/li>\n<li>la sangre se coloca en una centr\u00edfuga, y se centrifuga a un ritmo r\u00e1pido para separar las plaquetas de los otros componentes de la sangre.<\/li>\n<li>Tercero, el plasma rico en plaquetas o PRP se activa para liberar al menos 8 factores de crecimiento esenciales.<\/li>\n<\/ol>\n<p>Las terapias adyuvantes de anestesia para hacer que los pacientes est\u00e9n m\u00e1s c\u00f3modos, incluyen bloqueos de nervios faciales, colocando cada inyecci\u00f3n en cada nervio sensitivo de la cara (nervio trig\u00e9mino) con un mil\u00edmetro (1\/5 cucharaditas) de anest\u00e9sico local. Adem\u00e1s, algunos pacientes prefieren la sedaci\u00f3n oral con Ativan (lorazepam), similar al valium, y un analg\u00e9sico narc\u00f3tico, hidrocodona (Norco, Vicodin, Lortab) para relajarse. El procedimiento de Vampire Lift causa molestias m\u00ednimas donde pocos pacientes necesitan medicamentos para el dolor despu\u00e9s del procedimiento.<\/p>\n<h3>\u00bfC\u00f3mo se realiza el procedimiento Vampire?<\/h3>\n<p>Paso 1<br \/>\n<img class=\"lazy-load\" alt=\"Paso 1\" data-src=\"\/es\/images\/VampireLift_Step1-es.png\" \/><br \/>\nEl pol\u00edmero patentado espec\u00edfico para concentrar las plaquetas y factores de crecimiento es el mejor en el mercado.<\/p>\n<p>Tabla 3<br \/>\n<img class=\"lazy-load\" alt=\"Table 3\" data-src=\"\/images\/VampireLift_table3.png\" \/><\/p>\n<p>De Mazzucco, L., V. Balbo, et al. (2008). \u201cPlatelet-rich plasma and platelet gel preparation using Plateltex.\u201d Vox Sang 94(3): 202-208.<\/p>\n<p>Paso 2<br \/>\n<img class=\"lazy-load\" alt=\"Paso 2\" data-src=\"\/es\/images\/VampireLift_Step2-es.png\" \/><\/p>\n<p><img class=\"lazy-load\" alt=\"Paso 3\" data-src=\"\/es\/images\/VampireLift_Step3-es.png\" \/><\/p>\n<h3>\u00bfQu\u00e9 es es el Vampire FaceLift?<\/h3>\n<p><img class=\"lazy-load\" alt=\"RegenPlasma\" data-src=\"\/images\/VampireLift_RegenPlasma.png\" align=\"right\" \/><\/p>\n<p>El Vampire FaceLift es similar al procedimiento para aplicar rellenos d\u00e9rmicos, el cual es un procedimiento m\u00ednimamente invasivo. El procedimiento se inicia mediante la extracci\u00f3n de sangre del paciente. La sangre se coloca en una centrifugadora y se centrifuga a gran velocidad para separar las plaquetas de otros componentes de la sangre. Luego, las plaquetas se activan con calcio, generando su propio plasma rico en plaquetas (PRP).<\/p>\n<p>Despu\u00e9s de aplicar el relleno d\u00e9rmico, Ray Khan utiliza la aguja m\u00e1s peque\u00f1a disponible (30 g) para inyectar el PRP debajo de la piel y rellenar el tejido blando de la dermis. Una \u00abt\u00e9cnica de inyecci\u00f3n facial global\u00bb se puede realizar para llegar a todas las \u00e1reas faciales. Este proceso a\u00f1ade volumen, reduce la aparici\u00f3n de arrugas y la apariencia de los pliegues naso labiales, mejora la apariencia de la piel y estimula la producci\u00f3n de col\u00e1geno, con un tiempo de inactividad m\u00ednimo.<\/p>\n<h3>\u00bfCu\u00e1les son los beneficios del Vampire FaceLift?<\/h3>\n<p>Cuando se combina con rellenos d\u00e9rmicos, como Juvederm, o su propia grasa y c\u00e9lulas madre con plasma rico en plaquetas (PRP), los efectos del tratamiento son muy visibles. No s\u00f3lo el PRP desencadena un aumento en el volumen, el PRP contiene al menos 8 factores de crecimiento que, durante un per\u00edodo, trabajan continuamente como un factor revitalizante.<br \/>\n<br \/>\nPor galvanizaci\u00f3n de estos factores de crecimiento:<\/p>\n<ul>\n<li>El color de su piel progresa y se ve joven, debido al desarrollo de nuevos vasos sangu\u00edneos.<\/li>\n<li>La creaci\u00f3n de nuevo col\u00e1geno en la dermis levanta la cara nuevamente a una forma m\u00e1s vigorosa.<\/li>\n<li>Una nueva dermis comienza a desarrollarse, causando que la epidermis (la mayor\u00eda de las capas externas de la piel) luzca m\u00e1s sedosa.<\/li>\n<\/ul>\n<p><img class=\"lazy-load\" alt=\"Tabla 4\" data-src=\"\/images\/VampireLift_table4.png\" \/><br \/>\nDe Mazzucco, L., V. Balbo, et al. (2009). \u201cNot every PRP-gel is born equal. Evaluation of growth factor availability for tissues through four PRP-gel preparations: Fibrinet, RegenPRP-Kit, Plateltex and one manual procedure.\u201d Vox Sang 97(2): 110-118.<\/p>\n<p><img class=\"lazy-load\" alt=\"Doctors\" data-src=\"\/images\/VampireLift_doctors.png\" align=\"left\" \/><br \/>\nThis procedure has been featured on \u201cDr. Oz\u201d and \u201cThe Doctors\u201d and is now available at <strong>Estrella Aesthetics &amp; Surgical Arts at <a href=\"tel:+19513561207\" onclick=\"sendEventToGoogle('Content', '\/es\/wp-json\/wp\/v2\/pages\/2754', '+19513561207');\">(951) 356-1207<\/a><\/strong> For more information or to schedule your complimentary consultation <a href=\"\/contact-us\/\" target=\"_blank\" rel=\"noopener noreferrer\">contact us today!<\/a><\/p>\n<p><center><strong><a href=\"#top\">Back to Top<\/a><\/strong><\/center><\/p>\n","protected":false},"excerpt":{"rendered":"<p>Vampire Facelift (Lift Ageless) \u00a1No deje que el nombre le asuste! El resultado es una piel joven, en poco tiempo, y con una recuperaci\u00f3n r\u00e1pida &#8230;. la excelente alternativa a una cirug\u00eda est\u00e9tica m\u00e1s invasiva. Todos deseamos una piel radiante, con una sensaci\u00f3n suave y juvenil. El uso de un Vampire Facelift (levantamiento de cara)&#8230; <a class=\"more-link\" href=\"https:\/\/estrellaaesthetics.com\/es\/procedimientos-faciales-no-invasivos\/vampire-facelift\/\">[Read More]<\/a><\/p>\n","protected":false},"author":4,"featured_media":0,"parent":0,"menu_order":0,"comment_status":"closed","ping_status":"closed","template":"","meta":{"_acf_changed":false,"inline_featured_image":false,"_genesis_hide_title":false,"_genesis_hide_breadcrumbs":false,"_genesis_hide_singular_image":false,"_genesis_hide_footer_widgets":false,"_genesis_custom_body_class":"","_genesis_custom_post_class":"","_genesis_layout":"","footnotes":""},"class_list":{"0":"post-2754","1":"page","2":"type-page","3":"status-publish","5":"entry"},"acf":[],"yoast_head":"\n<title>Vampire Facelift (Lift Ageless) - Estrella Aesthetics<\/title>\n<meta name=\"description\" content=\"Vampire Facelift (Lift Ageless) del renombrado Cirujano Pl\u00e1stico Facial y Cirujano Est\u00e9tico, en Corona, CA\" \/>\n<meta name=\"robots\" content=\"index, follow, max-snippet:-1, max-image-preview:large, max-video-preview:-1\" \/>\n<link rel=\"canonical\" href=\"http:\/\/estrellaaesthetics.com\/non-invasive-skin-procedures\/vampire-facelift\" \/>\n<meta property=\"og:locale\" content=\"es_ES\" \/>\n<meta property=\"og:type\" content=\"article\" \/>\n<meta property=\"og:title\" content=\"Vampire Facelift (Lift Ageless) - Estrella Aesthetics\" \/>\n<meta property=\"og:description\" content=\"Vampire Facelift (Lift Ageless) del renombrado Cirujano Pl\u00e1stico Facial y Cirujano Est\u00e9tico, en Corona, CA\" \/>\n<meta property=\"og:url\" content=\"http:\/\/estrellaaesthetics.com\/non-invasive-skin-procedures\/vampire-facelift\" \/>\n<meta property=\"og:site_name\" content=\"Estrella Aesthetics &amp; Surgical Arts - Spanish\" \/>\n<meta property=\"article:modified_time\" content=\"2026-03-14T00:34:50+00:00\" \/>\n<meta name=\"twitter:card\" content=\"summary_large_image\" \/>\n<meta name=\"twitter:label1\" content=\"Tiempo de lectura\" \/>\n\t<meta name=\"twitter:data1\" content=\"9 minutos\" \/>\n<script type=\"application\/ld+json\" class=\"yoast-schema-graph\">{\"@context\":\"https:\/\/schema.org\",\"@graph\":[{\"@type\":\"WebPage\",\"@id\":\"https:\/\/estrellaaesthetics.com\/es\/procedimientos-faciales-no-invasivos\/vampire-facelift\/\",\"url\":\"http:\/\/estrellaaesthetics.com\/non-invasive-skin-procedures\/vampire-facelift\",\"name\":\"Vampire Facelift (Lift Ageless) - Estrella Aesthetics\",\"isPartOf\":{\"@id\":\"https:\/\/estrellaaesthetics.com\/es\/#website\"},\"datePublished\":\"2013-11-04T23:58:14+00:00\",\"dateModified\":\"2026-03-14T00:34:50+00:00\",\"description\":\"Vampire Facelift (Lift Ageless) del renombrado Cirujano Pl\u00e1stico Facial y Cirujano Est\u00e9tico, en Corona, CA\",\"inLanguage\":\"es\",\"potentialAction\":[{\"@type\":\"ReadAction\",\"target\":[\"http:\/\/estrellaaesthetics.com\/non-invasive-skin-procedures\/vampire-facelift\"]}]},{\"@type\":\"WebSite\",\"@id\":\"https:\/\/estrellaaesthetics.com\/es\/#website\",\"url\":\"https:\/\/estrellaaesthetics.com\/es\/\",\"name\":\"Estrella Aesthetics &amp; Surgical Arts - Spanish\",\"description\":\"Estrella Aesthetics &amp; Surgical Arts - Non-Surgical Laser Skin Care Clinic, Botox, Restylane &amp; Dermal Fillers, Corona, California\",\"potentialAction\":[{\"@type\":\"SearchAction\",\"target\":{\"@type\":\"EntryPoint\",\"urlTemplate\":\"https:\/\/estrellaaesthetics.com\/es\/?s={search_term_string}\"},\"query-input\":{\"@type\":\"PropertyValueSpecification\",\"valueRequired\":true,\"valueName\":\"search_term_string\"}}],\"inLanguage\":\"es\"}]}<\/script>\n","yoast_head_json":{"title":"Vampire Facelift (Lift Ageless) - Estrella Aesthetics","description":"Vampire Facelift (Lift Ageless) del renombrado Cirujano Pl\u00e1stico Facial y Cirujano Est\u00e9tico, en Corona, CA","robots":{"index":"index","follow":"follow","max-snippet":"max-snippet:-1","max-image-preview":"max-image-preview:large","max-video-preview":"max-video-preview:-1"},"canonical":"http:\/\/estrellaaesthetics.com\/non-invasive-skin-procedures\/vampire-facelift","og_locale":"es_ES","og_type":"article","og_title":"Vampire Facelift (Lift Ageless) - Estrella Aesthetics","og_description":"Vampire Facelift (Lift Ageless) del renombrado Cirujano Pl\u00e1stico Facial y Cirujano Est\u00e9tico, en Corona, CA","og_url":"http:\/\/estrellaaesthetics.com\/non-invasive-skin-procedures\/vampire-facelift","og_site_name":"Estrella Aesthetics &amp; Surgical Arts - Spanish","article_modified_time":"2026-03-14T00:34:50+00:00","twitter_card":"summary_large_image","twitter_misc":{"Tiempo de lectura":"9 minutos"},"schema":{"@context":"https:\/\/schema.org","@graph":[{"@type":"WebPage","@id":"https:\/\/estrellaaesthetics.com\/es\/procedimientos-faciales-no-invasivos\/vampire-facelift\/","url":"http:\/\/estrellaaesthetics.com\/non-invasive-skin-procedures\/vampire-facelift","name":"Vampire Facelift (Lift Ageless) - Estrella Aesthetics","isPartOf":{"@id":"https:\/\/estrellaaesthetics.com\/es\/#website"},"datePublished":"2013-11-04T23:58:14+00:00","dateModified":"2026-03-14T00:34:50+00:00","description":"Vampire Facelift (Lift Ageless) del renombrado Cirujano Pl\u00e1stico Facial y Cirujano Est\u00e9tico, en Corona, CA","inLanguage":"es","potentialAction":[{"@type":"ReadAction","target":["http:\/\/estrellaaesthetics.com\/non-invasive-skin-procedures\/vampire-facelift"]}]},{"@type":"WebSite","@id":"https:\/\/estrellaaesthetics.com\/es\/#website","url":"https:\/\/estrellaaesthetics.com\/es\/","name":"Estrella Aesthetics &amp; Surgical Arts - Spanish","description":"Estrella Aesthetics &amp; Surgical Arts - Non-Surgical Laser Skin Care Clinic, Botox, Restylane &amp; Dermal Fillers, Corona, California","potentialAction":[{"@type":"SearchAction","target":{"@type":"EntryPoint","urlTemplate":"https:\/\/estrellaaesthetics.com\/es\/?s={search_term_string}"},"query-input":{"@type":"PropertyValueSpecification","valueRequired":true,"valueName":"search_term_string"}}],"inLanguage":"es"}]}},"_links":{"self":[{"href":"https:\/\/estrellaaesthetics.com\/es\/wp-json\/wp\/v2\/pages\/2754","targetHints":{"allow":["GET"]}}],"collection":[{"href":"https:\/\/estrellaaesthetics.com\/es\/wp-json\/wp\/v2\/pages"}],"about":[{"href":"https:\/\/estrellaaesthetics.com\/es\/wp-json\/wp\/v2\/types\/page"}],"author":[{"embeddable":true,"href":"https:\/\/estrellaaesthetics.com\/es\/wp-json\/wp\/v2\/users\/4"}],"replies":[{"embeddable":true,"href":"https:\/\/estrellaaesthetics.com\/es\/wp-json\/wp\/v2\/comments?post=2754"}],"version-history":[{"count":0,"href":"https:\/\/estrellaaesthetics.com\/es\/wp-json\/wp\/v2\/pages\/2754\/revisions"}],"wp:attachment":[{"href":"https:\/\/estrellaaesthetics.com\/es\/wp-json\/wp\/v2\/media?parent=2754"}],"curies":[{"name":"wp","href":"https:\/\/api.w.org\/{rel}","templated":true}]}}