{"id":2720,"date":"2013-11-04T15:31:06","date_gmt":"2013-11-04T23:31:06","guid":{"rendered":"http:\/\/staging.estrellaaesthetics.com\/?page_id=2720"},"modified":"2022-04-05T10:33:52","modified_gmt":"2022-04-05T17:33:52","slug":"facial-cosmetic-surgery","status":"publish","type":"page","link":"https:\/\/estrellaaesthetics.com\/es\/cirugia-cosmetica-facial\/","title":{"rendered":"Cirug\u00eda Est\u00e9tica Facial en Corona, CA"},"content":{"rendered":"<h1>Cirug\u00eda Est\u00e9tica Facial por parte de cirujanos pl\u00e1sticos faciales certificados en Corona, CA <\/h1>\n<p><h3>Rahil Khan, M.D.<br>Estrella Aesthetics & Surgical Arts<br>Corona, California<\/h3><br \/>\nConozca todos los procedimientos de cirug\u00eda est\u00e9tica facial que ofrece Estrella Aesthetics &amp; Surgical Arts y realizados por nuestro destacado <a title=\"Estrella Aesthetic team\" href=\"\/es\/quienes-somos\/nuestro-equipo\" target=\"_blank\" rel=\"noopener noreferrer\">equipo de cirug\u00eda est\u00e9tica<\/a>:<\/p>\n<ul>\n<li>Implantes de p\u00f3mulos<\/li>\n<li>Implantes de ment\u00f3n<\/li>\n<li>Remodelado de la forma de las orejas<\/li>\n<li>Cirug\u00eda est\u00e9tica de p\u00e1rpados (blefaroplastia)<\/li>\n<li>Levantamiento facial y levantamiento de la parte media del rostro<\/li>\n<li>Transferencia de grasa facial<\/li>\n<li>Estiramiento de la frente (levantamiento de la frente)<\/li>\n<li>Rejuvenecimiento cut\u00e1neo con l\u00e1ser<\/li>\n<li>Aumento de labios<\/li>\n<li>Cirug\u00eda de reducci\u00f3n de labios<\/li>\n<li>Liposucci\u00f3n (Cara y Cuello)<\/li>\n<li>Estiramiento de Cuello (Cervicoplastia)<\/li>\n<li>Rinoplastia<\/li>\n<li>Rinoplastia (Embellecimiento de la nariz)<\/li>\n<\/ul>\n<address>\n<h3>Estrella Aesthetics &#038; Surgical Arts<\/h3>\n<p> 2550 Tuscany St. Suite 103<br \/>\nCorona, CA 92881<br \/>\n<abbr title='Phone'>P:<\/abbr> <a href=\"tel:+19513561207\" onclick=\"sendEventToGoogle('Content', '\/es\/wp-json\/wp\/v2\/pages\/2720', '+19513561207');\">(951) 356-1207<\/a><br \/>\n<\/address>\n<h2>Horario de Atenci\u00f3n<\/h2>\r\n<h5>Lunes a Viernes: 10.00am a 7.00pm<\/h5>\r\n<h5>S\u00e1bado: 10.00am a 5.00pm<\/h5>\r\n<h5>Domingos Cerrados<\/h5>\n","protected":false},"excerpt":{"rendered":"<p>Cirug\u00eda Est\u00e9tica Facial por parte de cirujanos pl\u00e1sticos faciales certificados en Corona, CA Conozca todos los procedimientos de cirug\u00eda est\u00e9tica facial que ofrece Estrella Aesthetics &amp; Surgical Arts y realizados por nuestro destacado equipo de cirug\u00eda est\u00e9tica: Implantes de p\u00f3mulos Implantes de ment\u00f3n Remodelado de la forma de las orejas Cirug\u00eda est\u00e9tica de p\u00e1rpados (blefaroplastia)&#8230; <a class=\"more-link\" href=\"https:\/\/estrellaaesthetics.com\/es\/cirugia-cosmetica-facial\/\">[Read More]<\/a><\/p>\n","protected":false},"author":4,"featured_media":0,"parent":2717,"menu_order":0,"comment_status":"closed","ping_status":"closed","template":"","meta":{"_acf_changed":false,"inline_featured_image":false,"_genesis_hide_title":false,"_genesis_hide_breadcrumbs":false,"_genesis_hide_singular_image":false,"_genesis_hide_footer_widgets":false,"_genesis_custom_body_class":"","_genesis_custom_post_class":"","_genesis_layout":"","footnotes":""},"class_list":{"0":"post-2720","1":"page","2":"type-page","3":"status-publish","5":"entry"},"acf":[],"yoast_head":"\n<title>Cirug\u00eda Est\u00e9tica Facial por parte de cirujanos pl\u00e1sticos faciales<\/title>\n<meta name=\"description\" content=\"Procedimientos de cirug\u00eda est\u00e9tica facial que ofrece Estrella Aesthetics &amp; Surgical Arts y realizados por nuestro equipo de cirug\u00eda est\u00e9tica estelar.\" \/>\n<meta name=\"robots\" content=\"index, follow, max-snippet:-1, max-image-preview:large, max-video-preview:-1\" \/>\n<link rel=\"canonical\" href=\"https:\/\/estrellaaesthetics.com\/es\/cirugia-cosmetica-facial\/\" \/>\n<meta property=\"og:locale\" content=\"es_ES\" \/>\n<meta property=\"og:type\" content=\"article\" \/>\n<meta property=\"og:title\" content=\"Cirug\u00eda Est\u00e9tica Facial por parte de cirujanos pl\u00e1sticos faciales\" \/>\n<meta property=\"og:description\" content=\"Procedimientos de cirug\u00eda est\u00e9tica facial que ofrece Estrella Aesthetics &amp; Surgical Arts y realizados por nuestro equipo de cirug\u00eda est\u00e9tica estelar.\" \/>\n<meta property=\"og:url\" content=\"https:\/\/estrellaaesthetics.com\/es\/cirugia-cosmetica-facial\/\" \/>\n<meta property=\"og:site_name\" content=\"Estrella Aesthetics &amp; Surgical Arts - Spanish\" \/>\n<meta property=\"article:modified_time\" content=\"2022-04-05T17:33:52+00:00\" \/>\n<meta name=\"twitter:card\" content=\"summary_large_image\" \/>\n<meta name=\"twitter:label1\" content=\"Tiempo de lectura\" \/>\n\t<meta name=\"twitter:data1\" content=\"1 minuto\" \/>\n<script type=\"application\/ld+json\" class=\"yoast-schema-graph\">{\"@context\":\"https:\\\/\\\/schema.org\",\"@graph\":[{\"@type\":\"WebPage\",\"@id\":\"https:\\\/\\\/estrellaaesthetics.com\\\/es\\\/cirugia-cosmetica-facial\\\/\",\"url\":\"https:\\\/\\\/estrellaaesthetics.com\\\/es\\\/cirugia-cosmetica-facial\\\/\",\"name\":\"Cirug\u00eda Est\u00e9tica Facial por parte de cirujanos pl\u00e1sticos faciales\",\"isPartOf\":{\"@id\":\"https:\\\/\\\/estrellaaesthetics.com\\\/es\\\/#website\"},\"datePublished\":\"2013-11-04T23:31:06+00:00\",\"dateModified\":\"2022-04-05T17:33:52+00:00\",\"description\":\"Procedimientos de cirug\u00eda est\u00e9tica facial que ofrece Estrella Aesthetics & Surgical Arts y realizados por nuestro equipo de cirug\u00eda est\u00e9tica estelar.\",\"breadcrumb\":{\"@id\":\"https:\\\/\\\/estrellaaesthetics.com\\\/es\\\/cirugia-cosmetica-facial\\\/#breadcrumb\"},\"inLanguage\":\"es\",\"potentialAction\":[{\"@type\":\"ReadAction\",\"target\":[\"https:\\\/\\\/estrellaaesthetics.com\\\/es\\\/cirugia-cosmetica-facial\\\/\"]}]},{\"@type\":\"BreadcrumbList\",\"@id\":\"https:\\\/\\\/estrellaaesthetics.com\\\/es\\\/cirugia-cosmetica-facial\\\/#breadcrumb\",\"itemListElement\":[{\"@type\":\"ListItem\",\"position\":1,\"name\":\"Procedimientos\",\"item\":\"https:\\\/\\\/estrellaaesthetics.com\\\/es\\\/procedimientos\\\/\"},{\"@type\":\"ListItem\",\"position\":2,\"name\":\"Procedimientos faciales\",\"item\":\"https:\\\/\\\/estrellaaesthetics.com\\\/es\\\/procedimientos-para-la-cara\\\/\"},{\"@type\":\"ListItem\",\"position\":3,\"name\":\"Cirug\u00eda est\u00e9tica facial\"}]},{\"@type\":\"WebSite\",\"@id\":\"https:\\\/\\\/estrellaaesthetics.com\\\/es\\\/#website\",\"url\":\"https:\\\/\\\/estrellaaesthetics.com\\\/es\\\/\",\"name\":\"Estrella Aesthetics &amp; Surgical Arts - Spanish\",\"description\":\"Estrella Aesthetics &amp; Surgical Arts - Non-Surgical Laser Skin Care Clinic, Botox, Restylane &amp; Dermal Fillers, Corona, California\",\"potentialAction\":[{\"@type\":\"SearchAction\",\"target\":{\"@type\":\"EntryPoint\",\"urlTemplate\":\"https:\\\/\\\/estrellaaesthetics.com\\\/es\\\/?s={search_term_string}\"},\"query-input\":{\"@type\":\"PropertyValueSpecification\",\"valueRequired\":true,\"valueName\":\"search_term_string\"}}],\"inLanguage\":\"es\"}]}<\/script>\n","yoast_head_json":{"title":"Cirug\u00eda Est\u00e9tica Facial por parte de cirujanos pl\u00e1sticos faciales","description":"Procedimientos de cirug\u00eda est\u00e9tica facial que ofrece Estrella Aesthetics & Surgical Arts y realizados por nuestro equipo de cirug\u00eda est\u00e9tica estelar.","robots":{"index":"index","follow":"follow","max-snippet":"max-snippet:-1","max-image-preview":"max-image-preview:large","max-video-preview":"max-video-preview:-1"},"canonical":"https:\/\/estrellaaesthetics.com\/es\/cirugia-cosmetica-facial\/","og_locale":"es_ES","og_type":"article","og_title":"Cirug\u00eda Est\u00e9tica Facial por parte de cirujanos pl\u00e1sticos faciales","og_description":"Procedimientos de cirug\u00eda est\u00e9tica facial que ofrece Estrella Aesthetics & Surgical Arts y realizados por nuestro equipo de cirug\u00eda est\u00e9tica estelar.","og_url":"https:\/\/estrellaaesthetics.com\/es\/cirugia-cosmetica-facial\/","og_site_name":"Estrella Aesthetics &amp; Surgical Arts - Spanish","article_modified_time":"2022-04-05T17:33:52+00:00","twitter_card":"summary_large_image","twitter_misc":{"Tiempo de lectura":"1 minuto"},"schema":{"@context":"https:\/\/schema.org","@graph":[{"@type":"WebPage","@id":"https:\/\/estrellaaesthetics.com\/es\/cirugia-cosmetica-facial\/","url":"https:\/\/estrellaaesthetics.com\/es\/cirugia-cosmetica-facial\/","name":"Cirug\u00eda Est\u00e9tica Facial por parte de cirujanos pl\u00e1sticos faciales","isPartOf":{"@id":"https:\/\/estrellaaesthetics.com\/es\/#website"},"datePublished":"2013-11-04T23:31:06+00:00","dateModified":"2022-04-05T17:33:52+00:00","description":"Procedimientos de cirug\u00eda est\u00e9tica facial que ofrece Estrella Aesthetics & Surgical Arts y realizados por nuestro equipo de cirug\u00eda est\u00e9tica estelar.","breadcrumb":{"@id":"https:\/\/estrellaaesthetics.com\/es\/cirugia-cosmetica-facial\/#breadcrumb"},"inLanguage":"es","potentialAction":[{"@type":"ReadAction","target":["https:\/\/estrellaaesthetics.com\/es\/cirugia-cosmetica-facial\/"]}]},{"@type":"BreadcrumbList","@id":"https:\/\/estrellaaesthetics.com\/es\/cirugia-cosmetica-facial\/#breadcrumb","itemListElement":[{"@type":"ListItem","position":1,"name":"Procedimientos","item":"https:\/\/estrellaaesthetics.com\/es\/procedimientos\/"},{"@type":"ListItem","position":2,"name":"Procedimientos faciales","item":"https:\/\/estrellaaesthetics.com\/es\/procedimientos-para-la-cara\/"},{"@type":"ListItem","position":3,"name":"Cirug\u00eda est\u00e9tica facial"}]},{"@type":"WebSite","@id":"https:\/\/estrellaaesthetics.com\/es\/#website","url":"https:\/\/estrellaaesthetics.com\/es\/","name":"Estrella Aesthetics &amp; Surgical Arts - Spanish","description":"Estrella Aesthetics &amp; Surgical Arts - Non-Surgical Laser Skin Care Clinic, Botox, Restylane &amp; Dermal Fillers, Corona, California","potentialAction":[{"@type":"SearchAction","target":{"@type":"EntryPoint","urlTemplate":"https:\/\/estrellaaesthetics.com\/es\/?s={search_term_string}"},"query-input":{"@type":"PropertyValueSpecification","valueRequired":true,"valueName":"search_term_string"}}],"inLanguage":"es"}]}},"_links":{"self":[{"href":"https:\/\/estrellaaesthetics.com\/es\/wp-json\/wp\/v2\/pages\/2720","targetHints":{"allow":["GET"]}}],"collection":[{"href":"https:\/\/estrellaaesthetics.com\/es\/wp-json\/wp\/v2\/pages"}],"about":[{"href":"https:\/\/estrellaaesthetics.com\/es\/wp-json\/wp\/v2\/types\/page"}],"author":[{"embeddable":true,"href":"https:\/\/estrellaaesthetics.com\/es\/wp-json\/wp\/v2\/users\/4"}],"replies":[{"embeddable":true,"href":"https:\/\/estrellaaesthetics.com\/es\/wp-json\/wp\/v2\/comments?post=2720"}],"version-history":[{"count":0,"href":"https:\/\/estrellaaesthetics.com\/es\/wp-json\/wp\/v2\/pages\/2720\/revisions"}],"up":[{"embeddable":true,"href":"https:\/\/estrellaaesthetics.com\/es\/wp-json\/wp\/v2\/pages\/2717"}],"wp:attachment":[{"href":"https:\/\/estrellaaesthetics.com\/es\/wp-json\/wp\/v2\/media?parent=2720"}],"curies":[{"name":"wp","href":"https:\/\/api.w.org\/{rel}","templated":true}]}}