{"id":2717,"date":"2013-11-04T15:28:29","date_gmt":"2013-11-04T23:28:29","guid":{"rendered":"http:\/\/staging.estrellaaesthetics.com\/?page_id=2717"},"modified":"2026-03-13T17:32:50","modified_gmt":"2026-03-14T00:32:50","slug":"procedimientos-para-la-cara","status":"publish","type":"page","link":"https:\/\/estrellaaesthetics.com\/es\/procedimientos-para-la-cara\/","title":{"rendered":"Procedimientos faciales en Corona, CA"},"content":{"rendered":"<div class=\"procedures-content content-row\">\n<div class=\"wrap\">\n<h2>TRATAMIENTOS DE ROSTRO<\/h2>\n<p><center><br \/>\n\t<center>\n\t<div id=\"product-component-1619890988335\" class=\"shopify-widget\">\n\t<script type=\"text\/javascript\">\n\t\/*<![CDATA[*\/\n\t(function () {\n\t  var scriptURL = 'https:\/\/sdks.shopifycdn.com\/buy-button\/latest\/buy-button-storefront.min.js';\n\t  if (window.ShopifyBuy) {\n\t\tif (window.ShopifyBuy.UI) {\n\t\t  ShopifyBuyInit();\n\t\t} else {\n\t\t  loadScript();\n\t\t}\n\t  } else {\n\t\tloadScript();\n\t  }\n\t  function loadScript() {\n\t\tvar script = document.createElement('script');\n\t\tscript.async = true;\n\t\tscript.src = scriptURL;\n\t\t(document.getElementsByTagName('head')[0] || document.getElementsByTagName('body')[0]).appendChild(script);\n\t\tscript.onload = ShopifyBuyInit;\n\t  }\n\t  function ShopifyBuyInit() {\n\t\tvar client = ShopifyBuy.buildClient({\n\t\t  domain: 'estrella-aesthetics-surgical-arts.myshopify.com',\n\t\t  storefrontAccessToken: '1234567abc89def01234g567890123h4',\n\t\t});\n\t\tShopifyBuy.UI.onReady(client).then(function (ui) {\n\t\t  ui.createComponent('product', {\n\t\t\tid: '1234567890123',\n\t\t\tnode: document.getElementById('product-component-1619890988335'),\n\t\t\tmoneyFormat: '%24%7B%7Bamount%7D%7D',\n\t\t\toptions: {\n\t  \"product\": {\n\t\t\"styles\": {\n\t\t  \"product\": {\n\t\t\t\"@media (min-width: 601px)\": {\n\t\t\t  \"max-width\": \"calc(25% - 20px)\",\n\t\t\t  \"margin-left\": \"20px\",\n\t\t\t  \"margin-bottom\": \"50px\"\n\t\t\t}\n\t\t  },\n\t\t  \"button\": {\n\t\t\t\":hover\": {\n\t\t\t  \"background-color\": \"#3f3f3f\"\n\t\t\t},\n\t\t\t\"background-color\": \"#252525\",\n\t\t\t\":focus\": {\n\t\t\t  \"background-color\": \"#3f3f3f\"\n\t\t\t}\n\t\t  }\n\t\t},\n\t\t\"buttonDestination\": \"modal\",\n\t\t\"contents\": {\n\t\t  \"options\": false\n\t\t},\n\t\t\"width\": \"380px\",\n\t\t\"text\": {\n\t\t  \"button\": \"View product\"\n\t\t}\n\t  },\n\t  \"productSet\": {\n\t\t\"styles\": {\n\t\t  \"products\": {\n\t\t\t\"@media (min-width: 601px)\": {\n\t\t\t  \"margin-left\": \"-20px\"\n\t\t\t}\n\t\t  }\n\t\t}\n\t  },\n\t  \"modalProduct\": {\n\t\t\"contents\": {\n\t\t  \"img\": false,\n\t\t  \"imgWithCarousel\": true,\n\t\t  \"button\": false,\n\t\t  \"buttonWithQuantity\": true\n\t\t},\n\t\t\"styles\": {\n\t\t  \"product\": {\n\t\t\t\"@media (min-width: 601px)\": {\n\t\t\t  \"max-width\": \"100%\",\n\t\t\t  \"margin-left\": \"0px\",\n\t\t\t  \"margin-bottom\": \"0px\"\n\t\t\t}\n\t\t  },\n\t\t  \"button\": {\n\t\t\t\":hover\": {\n\t\t\t  \"background-color\": \"#3f3f3f\"\n\t\t\t},\n\t\t\t\"background-color\": \"#252525\",\n\t\t\t\":focus\": {\n\t\t\t  \"background-color\": \"#3f3f3f\"\n\t\t\t}\n\t\t  }\n\t\t},\n\t\t\"text\": {\n\t\t  \"button\": \"Add to cart\"\n\t\t}\n\t  },\n\t  \"option\": {},\n\t  \"cart\": {\n\t\t\"styles\": {\n\t\t  \"button\": {\n\t\t\t\":hover\": {\n\t\t\t  \"background-color\": \"#3f3f3f\"\n\t\t\t},\n\t\t\t\"background-color\": \"#252525\",\n\t\t\t\":focus\": {\n\t\t\t  \"background-color\": \"#3f3f3f\"\n\t\t\t}\n\t\t  }\n\t\t},\n\t\t\"text\": {\n\t\t  \"total\": \"Subtotal\",\n\t\t  \"button\": \"Checkout\"\n\t\t}\n\t  },\n\t  \"toggle\": {\n\t\t\"styles\": {\n\t\t  \"toggle\": {\n\t\t\t\"background-color\": \"#252525\",\n\t\t\t\":hover\": {\n\t\t\t  \"background-color\": \"#3f3f3f\"\n\t\t\t},\n\t\t\t\":focus\": {\n\t\t\t  \"background-color\": \"#3f3f3f\"\n\t\t\t}\n\t\t  }\n\t\t}\n\t  }\n\t},\n\t\t  });\n\t\t});\n\t  }\n\t})();\n\t\/*]]>*\/\n\t<\/script>\n\t<\/center>\n\t<\/center><\/p>\n<div class=\"row\">\n<div class=\"widget_text widget-4 col-sm-6 col-md-3 mb-4 procedure-item\">\n<h4 class=\"widget-title widgettitle\">Levantamiento de Cara y Zona Media de la Cara<\/h4>\n<div class=\"textwidget custom-html-widget\"><img class=\"lazy-load fadeIn is-loaded lazy-load\" data-src=\"\/wp-content\/uploads\/2019\/08\/Facelift-Mid-Face-Lift.jpg\" alt=\"Facelift &amp; Mid-Face Lift\" data-src=\"\/wp-content\/uploads\/2019\/08\/Facelift-Mid-Face-Lift.jpg\" data-loaded=\"true\"><\/p>\n<div class=\"procedure-content\">Levantamiento de Cara &amp; Levantamiento de la Zona Media de la Cara por el cirujano pl\u00e1stico facial certificado, remueva arrugas profundas, exceso de piel y alivie los pliegues con una cirug\u00eda est\u00e9tica.<\/div>\n<p><a class=\"button\" href=\"\/es\/cirugia-estetica-facial\/levantamiento-de-cara\">VER M\u00c1S<\/a><\/p>\n<\/div>\n<\/div>\n<div class=\"widget_text widget-4 col-sm-6 col-md-3 mb-4 procedure-item\">\n<h4 class=\"widget-title widgettitle\">Transferencia de grasa facial<\/h4>\n<div class=\"textwidget custom-html-widget\"><img class=\"lazy-load fadeIn is-loaded lazy-load\" data-src=\"\/wp-content\/uploads\/2019\/08\/Facial-Fat-Transfer-Fat-Grafting.jpg\" alt=\"Facial Fat Transfer\/ Fat Grafting\" data-src=\"\/wp-content\/uploads\/2019\/08\/Facial-Fat-Transfer-Fat-Grafting.jpg\" data-loaded=\"true\"><\/p>\n<div class=\"procedure-content\">Transferencia de grasa facial \/ injertos de grasa por el cirujano pl\u00e1stico de Estrella Aesthetics en Corona, Ca.<\/div>\n<p><a class=\"button\" href=\"\/es\/cirugia-estetica-facial\/injertos-de-grasa-facial\">VER M\u00c1S<\/a><\/p>\n<\/div>\n<\/div>\n<div class=\"widget_text widget-4 col-sm-6 col-md-3 mb-4 procedure-item\">\n<h4 class=\"widget-title widgettitle\">Rejuvenecimiento L\u00e1ser de la Piel<\/h4>\n<div class=\"textwidget custom-html-widget\"><img class=\"lazy-load fadeIn is-loaded lazy-load\" data-src=\"\/wp-content\/uploads\/2019\/08\/Laser-Skin-Resurfacing.jpg\" alt=\"Laser Skin Resurfacing\" data-src=\"\/wp-content\/uploads\/2019\/08\/Laser-Skin-Resurfacing.jpg\" data-loaded=\"true\"><\/p>\n<div class=\"procedure-content\">Puede obtener un rejuvenecimiento l\u00e1ser de la piel mientras solo pasa de cinco a siete d\u00edas de recuperaci\u00f3n&#8230;<\/div>\n<p><a class=\"button\" href=\"\/es\/procedimientos-para-la-cara\/rejuvenecimiento-de-la-piel-con-laser\/\">VER M\u00c1S<\/a><\/p>\n<\/div>\n<\/div>\n<div class=\"widget_text widget-1 col-sm-6 col-md-3 mb-4 procedure-item\">\n<h4 class=\"widget-title widgettitle\">TRATAMIENTO FACIAL<\/h4>\n<div class=\"textwidget custom-html-widget\"><img class=\"lazy-load fadeIn is-loaded lazy-load\" data-src=\"\/wp-content\/uploads\/2026\/03\/facial-treatment-img.jpg\" alt=\"FACIAL\" data-src=\"\/wp-content\/uploads\/2026\/03\/facial-treatment-img.jpg\" data-loaded=\"true\"><\/p>\n<div class=\"procedure-content\">Aprenda todos los procedimientos y suplementos faciales que ofrece Estrella Aesthetics &amp; Surgical Arts y que realiza nuestro estelar equipo de cirug\u00eda est\u00e9tica.<\/div>\n<p><a class=\"button\" href=\"\/es\/procedimientos-para-la-piel\/suplementos-faciales\/\">VER M\u00c1S<\/a><\/p>\n<\/div>\n<\/div>\n<div class=\"widget_text widget-4 col-sm-6 col-md-3 mb-4 procedure-item\">\n<h4 class=\"widget-title widgettitle\">PLASMA RICO EN PLAQUETAS (PRP)<\/h4>\n<div class=\"textwidget custom-html-widget\"><img class=\"lazy-load fadeIn is-loaded lazy-load\" data-src=\"\/wp-content\/uploads\/2019\/08\/Prestigious-Awards-Estrella-Aesthetics-2.jpg\" alt=\"PLATELET-RICH- PLASMA (PRP)\" data-src=\"\/wp-content\/uploads\/2019\/08\/Prestigious-Awards-Estrella-Aesthetics-2.jpg\" data-loaded=\"true\"><\/p>\n<div class=\"procedure-content\">Los procedimientos Vampire (Ageless) Facial y de estiramiento facial, son la alternativa a la cirug\u00eda est\u00e9tica m\u00e1s invasiva para lograr una piel hermosa.<\/div>\n<p><a class=\"button\" href=\"\/es\/procedimientos-laser\/vampire-facelift\/\">VER M\u00c1S<\/a><\/p>\n<\/div>\n<\/div>\n<div class=\"widget_text widget-4 col-sm-6 col-md-3 mb-4 procedure-item\">\n<h4 class=\"widget-title widgettitle\">Tratamientos antiarrugas<\/h4>\n<div class=\"textwidget custom-html-widget\"><img class=\"lazy-load fadeIn is-loaded lazy-load\" data-src=\"\/wp-content\/uploads\/2019\/08\/wrinkle-treatments-corona-ca-1.jpg\" alt=\"MICRONEEDLING\" data-src=\"\/wp-content\/uploads\/2019\/08\/wrinkle-treatments-corona-ca-1.jpg\" data-loaded=\"true\"><\/p>\n<div class=\"procedure-content\">La decisi\u00f3n de elegir un tratamiento espec\u00edfico est\u00e1 relacionada principalmente con la mejora esperada de las arrugas en asociaci\u00f3n con la facilidad y duraci\u00f3n de la recuperaci\u00f3n.<\/div>\n<p><a class=\"button\" href=\"\/es\/tratamientos-dermicos-no-invasivos\/anti-arrugas\">VER M\u00c1S<\/a><\/p>\n<\/div>\n<\/div>\n<div class=\"widget_text widget-4 col-sm-6 col-md-3 mb-4 procedure-item\">\n<h4 class=\"widget-title widgettitle\">Exfoliaciones Quimicas<\/h4>\n<div class=\"textwidget custom-html-widget\"><img class=\"lazy-load fadeIn is-loaded lazy-load\" data-src=\"\/wp-content\/uploads\/2019\/08\/chemical-peels-corona-ca-1.jpg\" alt=\"Chemical Peels\" data-src=\"\/wp-content\/uploads\/2019\/08\/chemical-peels-corona-ca-1.jpg\" data-loaded=\"true\"><\/p>\n<div class=\"procedure-content\">Dado que la piel es una parte tan delicada de su cuerpo y soporta una gran cantidad de desgaste, tiende a mostrar la mayor\u00eda de los signos de envejecimiento y da\u00f1o.<\/div>\n<p><a class=\"button\" href=\"\/es\/procedimientos-para-la-piel\/exfoliaciones-quimicas\/\">VER M\u00c1S<\/a><\/p>\n<\/div>\n<\/div>\n<\/div>\n<\/div>\n<\/div>\n","protected":false},"excerpt":{"rendered":"<p>TRATAMIENTOS DE ROSTRO Levantamiento de Cara y Zona Media de la Cara Levantamiento de Cara &amp; Levantamiento de la Zona Media de la Cara por el cirujano pl\u00e1stico facial certificado, remueva arrugas profundas, exceso de piel y alivie los pliegues con una cirug\u00eda est\u00e9tica. VER M\u00c1S Transferencia de grasa facial Transferencia de grasa facial \/&#8230; <a class=\"more-link\" href=\"https:\/\/estrellaaesthetics.com\/es\/procedimientos-para-la-cara\/\">[Read More]<\/a><\/p>\n","protected":false},"author":4,"featured_media":0,"parent":17,"menu_order":0,"comment_status":"closed","ping_status":"closed","template":"","meta":{"_acf_changed":false,"inline_featured_image":false,"_genesis_hide_title":false,"_genesis_hide_breadcrumbs":false,"_genesis_hide_singular_image":false,"_genesis_hide_footer_widgets":false,"_genesis_custom_body_class":"","_genesis_custom_post_class":"","_genesis_layout":"full-width-content","footnotes":""},"class_list":{"0":"post-2717","1":"page","2":"type-page","3":"status-publish","5":"entry"},"acf":[],"yoast_head":"\n<title>Procedimientos faciales en Corona, CA<\/title>\n<meta name=\"description\" content=\"Procedimientos Faciales ofrecidos por Estrella Aesthetics &amp; Surgical Arts y realizados por nuestro equipo de cirug\u00eda est\u00e9tica estelar. Llamar (951) 356-1207\" \/>\n<meta name=\"robots\" content=\"index, follow, max-snippet:-1, max-image-preview:large, max-video-preview:-1\" \/>\n<link rel=\"canonical\" href=\"https:\/\/estrellaaesthetics.com\/es\/procedimientos-para-la-cara\/\" \/>\n<meta property=\"og:locale\" content=\"es_ES\" \/>\n<meta property=\"og:type\" content=\"article\" \/>\n<meta property=\"og:title\" content=\"Procedimientos faciales en Corona, CA\" \/>\n<meta property=\"og:description\" content=\"Procedimientos Faciales ofrecidos por Estrella Aesthetics &amp; Surgical Arts y realizados por nuestro equipo de cirug\u00eda est\u00e9tica estelar. Llamar (951) 356-1207\" \/>\n<meta property=\"og:url\" content=\"https:\/\/estrellaaesthetics.com\/es\/procedimientos-para-la-cara\/\" \/>\n<meta property=\"og:site_name\" content=\"Estrella Aesthetics &amp; Surgical Arts - Spanish\" \/>\n<meta property=\"article:modified_time\" content=\"2026-03-14T00:32:50+00:00\" \/>\n<meta name=\"twitter:card\" content=\"summary_large_image\" \/>\n<meta name=\"twitter:label1\" content=\"Tiempo de lectura\" \/>\n\t<meta name=\"twitter:data1\" content=\"3 minutos\" \/>\n<script type=\"application\/ld+json\" class=\"yoast-schema-graph\">{\"@context\":\"https:\\\/\\\/schema.org\",\"@graph\":[{\"@type\":\"WebPage\",\"@id\":\"https:\\\/\\\/estrellaaesthetics.com\\\/es\\\/procedimientos-para-la-cara\\\/\",\"url\":\"https:\\\/\\\/estrellaaesthetics.com\\\/es\\\/procedimientos-para-la-cara\\\/\",\"name\":\"Procedimientos faciales en Corona, CA\",\"isPartOf\":{\"@id\":\"https:\\\/\\\/estrellaaesthetics.com\\\/es\\\/#website\"},\"datePublished\":\"2013-11-04T23:28:29+00:00\",\"dateModified\":\"2026-03-14T00:32:50+00:00\",\"description\":\"Procedimientos Faciales ofrecidos por Estrella Aesthetics & Surgical Arts y realizados por nuestro equipo de cirug\u00eda est\u00e9tica estelar. Llamar (951) 356-1207\",\"breadcrumb\":{\"@id\":\"https:\\\/\\\/estrellaaesthetics.com\\\/es\\\/procedimientos-para-la-cara\\\/#breadcrumb\"},\"inLanguage\":\"es\",\"potentialAction\":[{\"@type\":\"ReadAction\",\"target\":[\"https:\\\/\\\/estrellaaesthetics.com\\\/es\\\/procedimientos-para-la-cara\\\/\"]}]},{\"@type\":\"BreadcrumbList\",\"@id\":\"https:\\\/\\\/estrellaaesthetics.com\\\/es\\\/procedimientos-para-la-cara\\\/#breadcrumb\",\"itemListElement\":[{\"@type\":\"ListItem\",\"position\":1,\"name\":\"Procedimientos\",\"item\":\"https:\\\/\\\/estrellaaesthetics.com\\\/es\\\/procedimientos\\\/\"},{\"@type\":\"ListItem\",\"position\":2,\"name\":\"Procedimientos faciales\"}]},{\"@type\":\"WebSite\",\"@id\":\"https:\\\/\\\/estrellaaesthetics.com\\\/es\\\/#website\",\"url\":\"https:\\\/\\\/estrellaaesthetics.com\\\/es\\\/\",\"name\":\"Estrella Aesthetics &amp; Surgical Arts - Spanish\",\"description\":\"Estrella Aesthetics &amp; Surgical Arts - Non-Surgical Laser Skin Care Clinic, Botox, Restylane &amp; Dermal Fillers, Corona, California\",\"potentialAction\":[{\"@type\":\"SearchAction\",\"target\":{\"@type\":\"EntryPoint\",\"urlTemplate\":\"https:\\\/\\\/estrellaaesthetics.com\\\/es\\\/?s={search_term_string}\"},\"query-input\":{\"@type\":\"PropertyValueSpecification\",\"valueRequired\":true,\"valueName\":\"search_term_string\"}}],\"inLanguage\":\"es\"}]}<\/script>\n","yoast_head_json":{"title":"Procedimientos faciales en Corona, CA","description":"Procedimientos Faciales ofrecidos por Estrella Aesthetics & Surgical Arts y realizados por nuestro equipo de cirug\u00eda est\u00e9tica estelar. Llamar (951) 356-1207","robots":{"index":"index","follow":"follow","max-snippet":"max-snippet:-1","max-image-preview":"max-image-preview:large","max-video-preview":"max-video-preview:-1"},"canonical":"https:\/\/estrellaaesthetics.com\/es\/procedimientos-para-la-cara\/","og_locale":"es_ES","og_type":"article","og_title":"Procedimientos faciales en Corona, CA","og_description":"Procedimientos Faciales ofrecidos por Estrella Aesthetics & Surgical Arts y realizados por nuestro equipo de cirug\u00eda est\u00e9tica estelar. Llamar (951) 356-1207","og_url":"https:\/\/estrellaaesthetics.com\/es\/procedimientos-para-la-cara\/","og_site_name":"Estrella Aesthetics &amp; Surgical Arts - Spanish","article_modified_time":"2026-03-14T00:32:50+00:00","twitter_card":"summary_large_image","twitter_misc":{"Tiempo de lectura":"3 minutos"},"schema":{"@context":"https:\/\/schema.org","@graph":[{"@type":"WebPage","@id":"https:\/\/estrellaaesthetics.com\/es\/procedimientos-para-la-cara\/","url":"https:\/\/estrellaaesthetics.com\/es\/procedimientos-para-la-cara\/","name":"Procedimientos faciales en Corona, CA","isPartOf":{"@id":"https:\/\/estrellaaesthetics.com\/es\/#website"},"datePublished":"2013-11-04T23:28:29+00:00","dateModified":"2026-03-14T00:32:50+00:00","description":"Procedimientos Faciales ofrecidos por Estrella Aesthetics & Surgical Arts y realizados por nuestro equipo de cirug\u00eda est\u00e9tica estelar. Llamar (951) 356-1207","breadcrumb":{"@id":"https:\/\/estrellaaesthetics.com\/es\/procedimientos-para-la-cara\/#breadcrumb"},"inLanguage":"es","potentialAction":[{"@type":"ReadAction","target":["https:\/\/estrellaaesthetics.com\/es\/procedimientos-para-la-cara\/"]}]},{"@type":"BreadcrumbList","@id":"https:\/\/estrellaaesthetics.com\/es\/procedimientos-para-la-cara\/#breadcrumb","itemListElement":[{"@type":"ListItem","position":1,"name":"Procedimientos","item":"https:\/\/estrellaaesthetics.com\/es\/procedimientos\/"},{"@type":"ListItem","position":2,"name":"Procedimientos faciales"}]},{"@type":"WebSite","@id":"https:\/\/estrellaaesthetics.com\/es\/#website","url":"https:\/\/estrellaaesthetics.com\/es\/","name":"Estrella Aesthetics &amp; Surgical Arts - Spanish","description":"Estrella Aesthetics &amp; Surgical Arts - Non-Surgical Laser Skin Care Clinic, Botox, Restylane &amp; Dermal Fillers, Corona, California","potentialAction":[{"@type":"SearchAction","target":{"@type":"EntryPoint","urlTemplate":"https:\/\/estrellaaesthetics.com\/es\/?s={search_term_string}"},"query-input":{"@type":"PropertyValueSpecification","valueRequired":true,"valueName":"search_term_string"}}],"inLanguage":"es"}]}},"_links":{"self":[{"href":"https:\/\/estrellaaesthetics.com\/es\/wp-json\/wp\/v2\/pages\/2717","targetHints":{"allow":["GET"]}}],"collection":[{"href":"https:\/\/estrellaaesthetics.com\/es\/wp-json\/wp\/v2\/pages"}],"about":[{"href":"https:\/\/estrellaaesthetics.com\/es\/wp-json\/wp\/v2\/types\/page"}],"author":[{"embeddable":true,"href":"https:\/\/estrellaaesthetics.com\/es\/wp-json\/wp\/v2\/users\/4"}],"replies":[{"embeddable":true,"href":"https:\/\/estrellaaesthetics.com\/es\/wp-json\/wp\/v2\/comments?post=2717"}],"version-history":[{"count":0,"href":"https:\/\/estrellaaesthetics.com\/es\/wp-json\/wp\/v2\/pages\/2717\/revisions"}],"up":[{"embeddable":true,"href":"https:\/\/estrellaaesthetics.com\/es\/wp-json\/wp\/v2\/pages\/17"}],"wp:attachment":[{"href":"https:\/\/estrellaaesthetics.com\/es\/wp-json\/wp\/v2\/media?parent=2717"}],"curies":[{"name":"wp","href":"https:\/\/api.w.org\/{rel}","templated":true}]}}