{"id":2600,"date":"2013-10-19T12:47:22","date_gmt":"2013-10-19T19:47:22","guid":{"rendered":"http:\/\/estrellaaesthetics.com\/?page_id=2600"},"modified":"2026-03-13T17:31:26","modified_gmt":"2026-03-14T00:31:26","slug":"testimonios","status":"publish","type":"page","link":"https:\/\/estrellaaesthetics.com\/es\/testimonios\/","title":{"rendered":"Opiniones &#8211; Estrella Aesthetics &#8211; Comentarios de Clientes &#8211; Testimonios"},"content":{"rendered":"<h1>Testimonios<\/h1>\n<p><\/p>\n<div class=\"row\">\n<div class=\"col-md-6 mb-3\">\n<div class=\"card\">\n<h5 class=\"card-header\">Don L. Anaheim, CA <span class=\"text-secondary\"><i>14\/10\/2013<\/i><\/span><\/h5>\n<div class=\"card-body\">\n<p class=\"text-left text-warning mb-1\" style=\"font-size: 1.1em;\"><i class=\"fa fa-star\" aria-hidden=\"true\"><\/i> <i class=\"fa fa-star\" aria-hidden=\"true\"><\/i> <i class=\"fa fa-star\" aria-hidden=\"true\"><\/i> <i class=\"fa fa-star\" aria-hidden=\"true\"><\/i> <i class=\"fa fa-star\" aria-hidden=\"true\"><\/i><\/p>\n<p class=\"mb-0\">He estado en este spa en varias ocasiones y siempre he quedado muy impresionado con la limpieza de las instalaciones y lo amable que es el equipo. Yo recomendar\u00eda este spa a personas que busquen un nuevo spa limpio y agradable durante el d\u00eda para recibir el mejor tratamiento.<\/p>\n<\/div><\/div>\n<\/p><\/div>\n<div class=\"col-md-6 mb-3\">\n<div class=\"card\">\n<h5 class=\"card-header\">Luois O. Corona, CA<span class=\"text-secondary\"><i>09\/12\/2013<\/i><\/span><\/h5>\n<div class=\"card-body\">\n<p class=\"text-left text-warning mb-1\" style=\"font-size: 1.1em;\"><i class=\"fa fa-star\" aria-hidden=\"true\"><\/i> <i class=\"fa fa-star\" aria-hidden=\"true\"><\/i> <i class=\"fa fa-star\" aria-hidden=\"true\"><\/i> <i class=\"fa fa-star\" aria-hidden=\"true\"><\/i> <i class=\"fa fa-star\" aria-hidden=\"true\"><\/i><\/p>\n<p class=\"mb-0\">Excelente lugar, las chicas hicieron un gran trabajo con la depilaci\u00f3n l\u00e1ser\u2026 muy feliz con los resultados, gracias se\u00f1oras<\/p>\n<\/div><\/div>\n<\/p><\/div>\n<div class=\"col-md-6 mb-3\">\n<div class=\"card\">\n<h5 class=\"card-header\">Luois O. Corona, CA<span class=\"text-secondary\"><i>09\/12\/2013<\/i><\/span><\/h5>\n<div class=\"card-body\">\n<p class=\"text-left text-warning mb-1\" style=\"font-size: 1.1em;\"><i class=\"fa fa-star\" aria-hidden=\"true\"><\/i> <i class=\"fa fa-star\" aria-hidden=\"true\"><\/i> <i class=\"fa fa-star\" aria-hidden=\"true\"><\/i> <i class=\"fa fa-star\" aria-hidden=\"true\"><\/i> <i class=\"fa fa-star\" aria-hidden=\"true\"><\/i><\/p>\n<p class=\"mb-0\">Me hice el tratamiento facial.. Mi cara se siente muy bien, ahora estoy lista para Dysport.. Me veo muy bien gracias chicas<\/p>\n<\/div><\/div>\n<\/p><\/div>\n<div class=\"col-md-6 mb-3\">\n<div class=\"card\">\n<h5 class=\"card-header\">Luois O. Corona, CA<span class=\"text-secondary\"><i>09\/12\/2013<\/i><\/span><\/h5>\n<div class=\"card-body\">\n<p class=\"text-left text-warning mb-1\" style=\"font-size: 1.1em;\"><i class=\"fa fa-star\" aria-hidden=\"true\"><\/i> <i class=\"fa fa-star\" aria-hidden=\"true\"><\/i> <i class=\"fa fa-star\" aria-hidden=\"true\"><\/i> <i class=\"fa fa-star\" aria-hidden=\"true\"><\/i> <i class=\"fa fa-star\" aria-hidden=\"true\"><\/i><\/p>\n<p class=\"mb-0\">Me encantan las chicas de Estrella, \u00a1gracias por hacerme lucir joven! Excelentes inyecciones no sent\u00ed ning\u00fan dolor.<\/p>\n<\/div><\/div>\n<\/p><\/div>\n<div class=\"col-md-6 mb-3\">\n<div class=\"card\">\n<h5 class=\"card-header\">Cindy J. Corona, CA<span class=\"text-secondary\"><i>07\/09\/2013<\/i><\/span><\/h5>\n<div class=\"card-body\">\n<p class=\"text-left text-warning mb-1\" style=\"font-size: 1.1em;\"><i class=\"fa fa-star\" aria-hidden=\"true\"><\/i> <i class=\"fa fa-star\" aria-hidden=\"true\"><\/i> <i class=\"fa fa-star\" aria-hidden=\"true\"><\/i> <i class=\"fa fa-star\" aria-hidden=\"true\"><\/i> <i class=\"fa fa-star\" aria-hidden=\"true\"><\/i><\/p>\n<p class=\"mb-0\">Termin\u00e9 mi paquete hoy 6 semanas de vasershape \/ velashape. Natalee completamente remodel\u00f3 y contorne\u00f3 mi abdomen. Ahora estoy de vuelta en mis jeans ajustados y m\u00e1s segura de lo que he estado en a\u00f1os. Mi dinero estuvo sin duda bien invertido.<\/p>\n<\/div><\/div>\n<\/p><\/div>\n<div class=\"col-md-6 mb-3\">\n<div class=\"card\">\n<h5 class=\"card-header\">Ronna L. Corona, CA<span class=\"text-secondary\"><i>06\/09\/2013<\/i><\/span><\/h5>\n<div class=\"card-body\">\n<p class=\"text-left text-warning mb-1\" style=\"font-size: 1.1em;\"><i class=\"fa fa-star\" aria-hidden=\"true\"><\/i> <i class=\"fa fa-star\" aria-hidden=\"true\"><\/i> <i class=\"fa fa-star\" aria-hidden=\"true\"><\/i> <i class=\"fa fa-star\" aria-hidden=\"true\"><\/i> <i class=\"fa fa-star\" aria-hidden=\"true\"><\/i><\/p>\n<p class=\"mb-0\">He estado viniendo aqu\u00ed desde hace 4 a\u00f1os y \u00a1me encanta estar aqu\u00ed! \u00a1Han transformado totalmente mi piel! Comenc\u00e9 con Facials y exfoliaciones mensuales y \u00a1un poco de Botox y rellenos aqu\u00ed y all\u00e1! Las chicas son incre\u00edbles y siempre me mantienen al d\u00eda con las ofertas mensuales. Siempre tienen ofertas incre\u00edbles que no te puedes perder. Dinero bien invertido. \u00a1As\u00ed que definitivamente vale la pena el precio!<\/p>\n<\/div><\/div>\n<\/p><\/div>\n<div class=\"col-md-6 mb-3\">\n<div class=\"card\">\n<h5 class=\"card-header\">Carolina N. Corona, CA<span class=\"text-secondary\"><i>06\/09\/2013<\/i><\/span><\/h5>\n<div class=\"card-body\">\n<p class=\"text-left text-warning mb-1\" style=\"font-size: 1.1em;\"><i class=\"fa fa-star\" aria-hidden=\"true\"><\/i> <i class=\"fa fa-star\" aria-hidden=\"true\"><\/i> <i class=\"fa fa-star\" aria-hidden=\"true\"><\/i> <i class=\"fa fa-star\" aria-hidden=\"true\"><\/i> <i class=\"fa fa-star\" aria-hidden=\"true\"><\/i><\/p>\n<p class=\"mb-0\">He sido un cliente de Estrella desde 2010, las chicas son incre\u00edbles y \u00a1me encanta todo lo que han hecho por m\u00ed! Tengo un nuevo cuerpo y \u00a1una nueva cara que hace juego! Siempre aprovecho cualquier oferta especial de dysport que tenga porque \u00a1s\u00e9 que es demasiado bueno como para desaprovechar! Y eso es algo sin lo cual nosotras, las mujeres, no podemos vivir. \u00a1Definitivamente lo recomiendo a todos mis amigos y familiares!<\/p>\n<\/div><\/div>\n<\/p><\/div>\n<div class=\"col-md-6 mb-3\">\n<div class=\"card\">\n<h5 class=\"card-header\">Rosa B. Corona, CA<span class=\"text-secondary\"><i>06\/09\/2013<\/i><\/span><\/h5>\n<div class=\"card-body\">\n<p class=\"text-left text-warning mb-1\" style=\"font-size: 1.1em;\"><i class=\"fa fa-star\" aria-hidden=\"true\"><\/i> <i class=\"fa fa-star\" aria-hidden=\"true\"><\/i> <i class=\"fa fa-star\" aria-hidden=\"true\"><\/i> <i class=\"fa fa-star\" aria-hidden=\"true\"><\/i> <i class=\"fa fa-star\" aria-hidden=\"true\"><\/i><\/p>\n<p class=\"mb-0\">\u00a1He venido aqu\u00ed durante 2 a\u00f1os! Desde el momento en que entro hasta el momento en que me voy, \u00a1me siento como si fuera la \u00fanica paciente! \u00a1El servicio al cliente es de 5 estrellas y los resultados tambi\u00e9n! Voy cada 3-4 meses para mis retoques y siempre obtengo los mejores precios. Hoy en d\u00eda tenemos que ahorrar todo lo que podamos para vernos mejor. Nunca me han decepcionado.<\/p>\n<\/div><\/div>\n<\/p><\/div>\n<div class=\"col-md-6 mb-3\">\n<div class=\"card\">\n<h5 class=\"card-header\">Patricia S. Highland, CA<span class=\"text-secondary\"><i>09\/03\/2013<\/i><\/span><\/h5>\n<div class=\"card-body\">\n<p class=\"text-left text-warning mb-1\" style=\"font-size: 1.1em;\"><i class=\"fa fa-star\" aria-hidden=\"true\"><\/i> <i class=\"fa fa-star\" aria-hidden=\"true\"><\/i> <i class=\"fa fa-star\" aria-hidden=\"true\"><\/i> <i class=\"fa fa-star\" aria-hidden=\"true\"><\/i> <i class=\"fa fa-star\" aria-hidden=\"true\"><\/i><\/p>\n<p class=\"mb-0\">Excelente equipo y&#8230; la enfermera Judi es una profesional incre\u00edble, la amo y siempre har\u00e9 negocios con ella&#8230; ella es la mejor de la zona de Corona, y ya le he enviado a algunas de mis amistades\u2026<\/p>\n<\/div><\/div>\n<\/p><\/div>\n<\/div>\n<address>\n<h3>Estrella Aesthetics &#038; Surgical Arts<\/h3>\n<p> 2550 Tuscany St. Suite 103<br \/>\nCorona, CA 92881<br \/>\n<abbr title='Phone'>P:<\/abbr> <strong><a href=\"tel:+19513561207\" onclick=\"sendEventToGoogle('Content', '\/es\/wp-json\/wp\/v2\/pages\/2600', '+19513561207');\">(951) 356-1207<\/a><\/strong><br \/>\n<\/address>\n<h2>Horario de Atenci\u00f3n<\/h2>\r\n<h5>Lunes a Viernes: 10.00am a 7.00pm<\/h5>\r\n<h5>S\u00e1bado: 10.00am a 5.00pm<\/h5>\r\n<h5>Domingos Cerrados<\/h5>\n","protected":false},"excerpt":{"rendered":"<p>Testimonios Don L. Anaheim, CA 14\/10\/2013 He estado en este spa en varias ocasiones y siempre he quedado muy impresionado con la limpieza de las instalaciones y lo amable que es el equipo. Yo recomendar\u00eda este spa a personas que busquen un nuevo spa limpio y agradable durante el d\u00eda para recibir el mejor tratamiento&#8230;. <a class=\"more-link\" href=\"https:\/\/estrellaaesthetics.com\/es\/testimonios\/\">[Read More]<\/a><\/p>\n","protected":false},"author":4,"featured_media":0,"parent":0,"menu_order":0,"comment_status":"closed","ping_status":"open","template":"","meta":{"_acf_changed":false,"inline_featured_image":false,"_genesis_hide_title":false,"_genesis_hide_breadcrumbs":false,"_genesis_hide_singular_image":false,"_genesis_hide_footer_widgets":false,"_genesis_custom_body_class":"","_genesis_custom_post_class":"","_genesis_layout":"","footnotes":""},"class_list":{"0":"post-2600","1":"page","2":"type-page","3":"status-publish","5":"entry"},"acf":[],"yoast_head":"\n<title>Opiniones - Estrella Aesthetics - Comentarios de Clientes - Testimonios<\/title>\n<meta name=\"description\" content=\"Visite esta p\u00e1gina para ver comentarios de clientes por Estrella Aesthetics &amp; Surgical Arts. Evaluaci\u00f3n de Clientes y testimonios. Ll\u00e1menos ahora al 951.272.4455.\" \/>\n<meta name=\"robots\" content=\"index, follow, max-snippet:-1, max-image-preview:large, max-video-preview:-1\" \/>\n<link rel=\"canonical\" href=\"https:\/\/estrellaaesthetics.com\/es\/testimonios\/\" \/>\n<meta property=\"og:locale\" content=\"es_ES\" \/>\n<meta property=\"og:type\" content=\"article\" \/>\n<meta property=\"og:title\" content=\"Opiniones - Estrella Aesthetics - Comentarios de Clientes - Testimonios\" \/>\n<meta property=\"og:description\" content=\"Visite esta p\u00e1gina para ver comentarios de clientes por Estrella Aesthetics &amp; Surgical Arts. Evaluaci\u00f3n de Clientes y testimonios. Ll\u00e1menos ahora al 951.272.4455.\" \/>\n<meta property=\"og:url\" content=\"https:\/\/estrellaaesthetics.com\/es\/testimonios\/\" \/>\n<meta property=\"og:site_name\" content=\"Estrella Aesthetics &amp; Surgical Arts - Spanish\" \/>\n<meta property=\"article:modified_time\" content=\"2026-03-14T00:31:26+00:00\" \/>\n<meta name=\"twitter:card\" content=\"summary_large_image\" \/>\n<meta name=\"twitter:label1\" content=\"Tiempo de lectura\" \/>\n\t<meta name=\"twitter:data1\" content=\"3 minutos\" \/>\n<script type=\"application\/ld+json\" class=\"yoast-schema-graph\">{\"@context\":\"https:\/\/schema.org\",\"@graph\":[{\"@type\":\"WebPage\",\"@id\":\"https:\/\/estrellaaesthetics.com\/es\/testimonios\/\",\"url\":\"https:\/\/estrellaaesthetics.com\/es\/testimonios\/\",\"name\":\"Opiniones - Estrella Aesthetics - Comentarios de Clientes - Testimonios\",\"isPartOf\":{\"@id\":\"https:\/\/estrellaaesthetics.com\/es\/#website\"},\"datePublished\":\"2013-10-19T19:47:22+00:00\",\"dateModified\":\"2026-03-14T00:31:26+00:00\",\"description\":\"Visite esta p\u00e1gina para ver comentarios de clientes por Estrella Aesthetics & Surgical Arts. Evaluaci\u00f3n de Clientes y testimonios. Ll\u00e1menos ahora al 951.272.4455.\",\"inLanguage\":\"es\",\"potentialAction\":[{\"@type\":\"ReadAction\",\"target\":[\"https:\/\/estrellaaesthetics.com\/es\/testimonios\/\"]}]},{\"@type\":\"WebSite\",\"@id\":\"https:\/\/estrellaaesthetics.com\/es\/#website\",\"url\":\"https:\/\/estrellaaesthetics.com\/es\/\",\"name\":\"Estrella Aesthetics &amp; Surgical Arts - Spanish\",\"description\":\"Estrella Aesthetics &amp; Surgical Arts - Non-Surgical Laser Skin Care Clinic, Botox, Restylane &amp; Dermal Fillers, Corona, California\",\"potentialAction\":[{\"@type\":\"SearchAction\",\"target\":{\"@type\":\"EntryPoint\",\"urlTemplate\":\"https:\/\/estrellaaesthetics.com\/es\/?s={search_term_string}\"},\"query-input\":{\"@type\":\"PropertyValueSpecification\",\"valueRequired\":true,\"valueName\":\"search_term_string\"}}],\"inLanguage\":\"es\"}]}<\/script>\n","yoast_head_json":{"title":"Opiniones - Estrella Aesthetics - Comentarios de Clientes - Testimonios","description":"Visite esta p\u00e1gina para ver comentarios de clientes por Estrella Aesthetics & Surgical Arts. Evaluaci\u00f3n de Clientes y testimonios. Ll\u00e1menos ahora al 951.272.4455.","robots":{"index":"index","follow":"follow","max-snippet":"max-snippet:-1","max-image-preview":"max-image-preview:large","max-video-preview":"max-video-preview:-1"},"canonical":"https:\/\/estrellaaesthetics.com\/es\/testimonios\/","og_locale":"es_ES","og_type":"article","og_title":"Opiniones - Estrella Aesthetics - Comentarios de Clientes - Testimonios","og_description":"Visite esta p\u00e1gina para ver comentarios de clientes por Estrella Aesthetics & Surgical Arts. Evaluaci\u00f3n de Clientes y testimonios. Ll\u00e1menos ahora al 951.272.4455.","og_url":"https:\/\/estrellaaesthetics.com\/es\/testimonios\/","og_site_name":"Estrella Aesthetics &amp; Surgical Arts - Spanish","article_modified_time":"2026-03-14T00:31:26+00:00","twitter_card":"summary_large_image","twitter_misc":{"Tiempo de lectura":"3 minutos"},"schema":{"@context":"https:\/\/schema.org","@graph":[{"@type":"WebPage","@id":"https:\/\/estrellaaesthetics.com\/es\/testimonios\/","url":"https:\/\/estrellaaesthetics.com\/es\/testimonios\/","name":"Opiniones - Estrella Aesthetics - Comentarios de Clientes - Testimonios","isPartOf":{"@id":"https:\/\/estrellaaesthetics.com\/es\/#website"},"datePublished":"2013-10-19T19:47:22+00:00","dateModified":"2026-03-14T00:31:26+00:00","description":"Visite esta p\u00e1gina para ver comentarios de clientes por Estrella Aesthetics & Surgical Arts. Evaluaci\u00f3n de Clientes y testimonios. Ll\u00e1menos ahora al 951.272.4455.","inLanguage":"es","potentialAction":[{"@type":"ReadAction","target":["https:\/\/estrellaaesthetics.com\/es\/testimonios\/"]}]},{"@type":"WebSite","@id":"https:\/\/estrellaaesthetics.com\/es\/#website","url":"https:\/\/estrellaaesthetics.com\/es\/","name":"Estrella Aesthetics &amp; Surgical Arts - Spanish","description":"Estrella Aesthetics &amp; Surgical Arts - Non-Surgical Laser Skin Care Clinic, Botox, Restylane &amp; Dermal Fillers, Corona, California","potentialAction":[{"@type":"SearchAction","target":{"@type":"EntryPoint","urlTemplate":"https:\/\/estrellaaesthetics.com\/es\/?s={search_term_string}"},"query-input":{"@type":"PropertyValueSpecification","valueRequired":true,"valueName":"search_term_string"}}],"inLanguage":"es"}]}},"_links":{"self":[{"href":"https:\/\/estrellaaesthetics.com\/es\/wp-json\/wp\/v2\/pages\/2600","targetHints":{"allow":["GET"]}}],"collection":[{"href":"https:\/\/estrellaaesthetics.com\/es\/wp-json\/wp\/v2\/pages"}],"about":[{"href":"https:\/\/estrellaaesthetics.com\/es\/wp-json\/wp\/v2\/types\/page"}],"author":[{"embeddable":true,"href":"https:\/\/estrellaaesthetics.com\/es\/wp-json\/wp\/v2\/users\/4"}],"replies":[{"embeddable":true,"href":"https:\/\/estrellaaesthetics.com\/es\/wp-json\/wp\/v2\/comments?post=2600"}],"version-history":[{"count":0,"href":"https:\/\/estrellaaesthetics.com\/es\/wp-json\/wp\/v2\/pages\/2600\/revisions"}],"wp:attachment":[{"href":"https:\/\/estrellaaesthetics.com\/es\/wp-json\/wp\/v2\/media?parent=2600"}],"curies":[{"name":"wp","href":"https:\/\/api.w.org\/{rel}","templated":true}]}}