{"id":2315,"date":"2013-09-04T16:47:23","date_gmt":"2013-09-04T23:47:23","guid":{"rendered":"http:\/\/estrellaaesthetics.com\/?page_id=2315"},"modified":"2022-04-05T10:49:29","modified_gmt":"2022-04-05T17:49:29","slug":"our-mission","status":"publish","type":"page","link":"https:\/\/estrellaaesthetics.com\/es\/quienes-somos\/nuestra-mision","title":{"rendered":"Nuestra Misi\u00f3n"},"content":{"rendered":"<h1>Misi\u00f3n de Estrella Aesthetics &amp; Surgical Arts<\/h1>\n<p><i><\/p>\n<h2>Estrella Aesthetics &#8211; \u00a1El camino al \u00e9xito!<\/h2>\n<p><\/i><br \/>\nEstrella Aesthetics &amp; Surgical Arts \u00a1es el \u00fanico Centro de Est\u00e9tica en el Inland Empire con certificaci\u00f3n CAC! Cada miembro de nuestro equipo trabaj\u00f3 duro para obtener su certificaci\u00f3n. El programa de Consultor Certificado en Est\u00e9tica es un programa educativo intensivo dise\u00f1ado para que los profesionales en est\u00e9tica est\u00e9n por encima de todos los dem\u00e1s para garantizar la educaci\u00f3n m\u00e1s avanzada en \u00a1todos los tratamientos dise\u00f1ados especialmente para usted!<\/p>\n<p>Estrella Aesthetics es el premier Centro de Est\u00e9tica de lujo en el Inland Empire. Nuestra misi\u00f3n es proporcionar los resultados m\u00ednimamente invasivos y m\u00e1s avanzados, orientados a tratamientos est\u00e9ticos en un ambiente de spa, elegante, seguro, con un excepcional nivel de servicio al cliente. En Estrella Aesthetics nos especializamos en una correcci\u00f3n completa, le daremos las bases para restaurar su juventud y mantener los resultados asombrosos que logre.<\/p>\n<p>Desde el momento en que entres a <span style=\"font-size: 16px;color: #ba0411\">Estrella Aesthetic &amp; Surgical Arts<\/span> empiece a recorrer \u00a1el camino a la renovaci\u00f3n! No importa si s\u00f3lo puede dedicar una hora o el d\u00eda entero, el camino va a estimular toda su armon\u00eda. Nuestro ambiente de lujo, as\u00ed como la privacidad exclusiva le permite \u00a1disfrutar totalmente la experiencia! Ofrecemos una serie de t\u00e9cnicas no invasivas, junto con los productos m\u00e1s avanzados para lograr los resultados deseados. Tambi\u00e9n ofrecemos una gran variedad de productos fant\u00e1sticos que resuelven muchos problemas de la piel y el cuerpo de los que muchos de nosotros sufrimos.<\/p>\n<h2><i>Estrella Aesthetic &amp; Surgical Arts <span style=\"font-size: 18px;color: #ffffff\"> es pionero en la utilizaci\u00f3n del m\u00e1s nuevo eliminador de grasa de <span style=\"font-size: 18px;color: #ba0411\"> VASER Shape <\/span> el cual se muestra en el show del Dr. Oz <\/span><\/i><\/h2>\n<address>\n<h3>Estrella Aesthetics &#038; Surgical Arts<\/h3>\n<p> 2550 Tuscany St. Suite 103<br \/>\nCorona, CA 92881<br \/>\n<abbr title='Phone'>P:<\/abbr><strong><a href=\"tel:+19513561207\" onclick=\"sendEventToGoogle('Content', '\/es\/wp-json\/wp\/v2\/pages\/2315', '+19513561207');\">(951) 356-1207<\/a><\/strong><br \/>\n<\/address>\n<h2>Horario de Atenci\u00f3n<\/h2>\r\n<h5>Lunes a Viernes: 10.00am a 7.00pm<\/h5>\r\n<h5>S\u00e1bado: 10.00am a 5.00pm<\/h5>\r\n<h5>Domingos Cerrados<\/h5>\n","protected":false},"excerpt":{"rendered":"<p>Misi\u00f3n de Estrella Aesthetics &amp; Surgical Arts Estrella Aesthetics &#8211; \u00a1El camino al \u00e9xito! Estrella Aesthetics &amp; Surgical Arts \u00a1es el \u00fanico Centro de Est\u00e9tica en el Inland Empire con certificaci\u00f3n CAC! Cada miembro de nuestro equipo trabaj\u00f3 duro para obtener su certificaci\u00f3n. El programa de Consultor Certificado en Est\u00e9tica es un programa educativo intensivo&#8230; <a class=\"more-link\" href=\"https:\/\/estrellaaesthetics.com\/es\/quienes-somos\/nuestra-mision\">[Read More]<\/a><\/p>\n","protected":false},"author":4,"featured_media":0,"parent":16,"menu_order":0,"comment_status":"closed","ping_status":"open","template":"","meta":{"_acf_changed":false,"inline_featured_image":false,"_genesis_hide_title":false,"_genesis_hide_breadcrumbs":false,"_genesis_hide_singular_image":false,"_genesis_hide_footer_widgets":false,"_genesis_custom_body_class":"","_genesis_custom_post_class":"","_genesis_layout":"","footnotes":""},"class_list":{"0":"post-2315","1":"page","2":"type-page","3":"status-publish","5":"entry"},"acf":[],"yoast_head":"\n<title>Estrella Aesthetic &amp; Surgical Arts - Nuestra Misi\u00f3n<\/title>\n<meta name=\"description\" content=\"Estrella Aesthetics &amp; Surgical Arts \u00a1es el \u00fanico Centro de Est\u00e9tica en el Inland Empire con certificaci\u00f3n CAC! Llame ahora al (951) 356-1207\" \/>\n<meta name=\"robots\" content=\"index, follow, max-snippet:-1, max-image-preview:large, max-video-preview:-1\" \/>\n<link rel=\"canonical\" href=\"https:\/\/estrellaaesthetics.com\/es\/quienes-somos\/nuestra-mision\/\" \/>\n<meta property=\"og:locale\" content=\"es_ES\" \/>\n<meta property=\"og:type\" content=\"article\" \/>\n<meta property=\"og:title\" content=\"Estrella Aesthetic &amp; Surgical Arts - Nuestra Misi\u00f3n\" \/>\n<meta property=\"og:description\" content=\"Estrella Aesthetics &amp; Surgical Arts \u00a1es el \u00fanico Centro de Est\u00e9tica en el Inland Empire con certificaci\u00f3n CAC! Llame ahora al (951) 356-1207\" \/>\n<meta property=\"og:url\" content=\"https:\/\/estrellaaesthetics.com\/es\/quienes-somos\/nuestra-mision\/\" \/>\n<meta property=\"og:site_name\" content=\"Estrella Aesthetics &amp; Surgical Arts - Spanish\" \/>\n<meta property=\"article:modified_time\" content=\"2022-04-05T17:49:29+00:00\" \/>\n<meta name=\"twitter:card\" content=\"summary_large_image\" \/>\n<meta name=\"twitter:label1\" content=\"Tiempo de lectura\" \/>\n\t<meta name=\"twitter:data1\" content=\"2 minutos\" \/>\n<script type=\"application\/ld+json\" class=\"yoast-schema-graph\">{\"@context\":\"https:\/\/schema.org\",\"@graph\":[{\"@type\":\"WebPage\",\"@id\":\"https:\/\/estrellaaesthetics.com\/es\/quienes-somos\/nuestra-mision\/\",\"url\":\"https:\/\/estrellaaesthetics.com\/es\/quienes-somos\/nuestra-mision\/\",\"name\":\"Estrella Aesthetic & Surgical Arts - Nuestra Misi\u00f3n\",\"isPartOf\":{\"@id\":\"https:\/\/estrellaaesthetics.com\/es\/#website\"},\"datePublished\":\"2013-09-04T23:47:23+00:00\",\"dateModified\":\"2022-04-05T17:49:29+00:00\",\"description\":\"Estrella Aesthetics & Surgical Arts \u00a1es el \u00fanico Centro de Est\u00e9tica en el Inland Empire con certificaci\u00f3n CAC! Llame ahora al (951) 356-1207\",\"breadcrumb\":{\"@id\":\"https:\/\/estrellaaesthetics.com\/es\/quienes-somos\/nuestra-mision\/#breadcrumb\"},\"inLanguage\":\"es\",\"potentialAction\":[{\"@type\":\"ReadAction\",\"target\":[\"https:\/\/estrellaaesthetics.com\/es\/quienes-somos\/nuestra-mision\/\"]}]},{\"@type\":\"BreadcrumbList\",\"@id\":\"https:\/\/estrellaaesthetics.com\/es\/quienes-somos\/nuestra-mision\/#breadcrumb\",\"itemListElement\":[{\"@type\":\"ListItem\",\"position\":1,\"name\":\"Tratamientos de rejuvenecimiento facial\",\"item\":\"https:\/\/estrellaaesthetics.com\/es\/quienes-somos\/\"},{\"@type\":\"ListItem\",\"position\":2,\"name\":\"Nuestra Misi\u00f3n\"}]},{\"@type\":\"WebSite\",\"@id\":\"https:\/\/estrellaaesthetics.com\/es\/#website\",\"url\":\"https:\/\/estrellaaesthetics.com\/es\/\",\"name\":\"Estrella Aesthetics &amp; Surgical Arts - Spanish\",\"description\":\"Estrella Aesthetics &amp; Surgical Arts - Non-Surgical Laser Skin Care Clinic, Botox, Restylane &amp; Dermal Fillers, Corona, California\",\"potentialAction\":[{\"@type\":\"SearchAction\",\"target\":{\"@type\":\"EntryPoint\",\"urlTemplate\":\"https:\/\/estrellaaesthetics.com\/es\/?s={search_term_string}\"},\"query-input\":{\"@type\":\"PropertyValueSpecification\",\"valueRequired\":true,\"valueName\":\"search_term_string\"}}],\"inLanguage\":\"es\"}]}<\/script>\n","yoast_head_json":{"title":"Estrella Aesthetic & Surgical Arts - Nuestra Misi\u00f3n","description":"Estrella Aesthetics & Surgical Arts \u00a1es el \u00fanico Centro de Est\u00e9tica en el Inland Empire con certificaci\u00f3n CAC! Llame ahora al (951) 356-1207","robots":{"index":"index","follow":"follow","max-snippet":"max-snippet:-1","max-image-preview":"max-image-preview:large","max-video-preview":"max-video-preview:-1"},"canonical":"https:\/\/estrellaaesthetics.com\/es\/quienes-somos\/nuestra-mision\/","og_locale":"es_ES","og_type":"article","og_title":"Estrella Aesthetic & Surgical Arts - Nuestra Misi\u00f3n","og_description":"Estrella Aesthetics & Surgical Arts \u00a1es el \u00fanico Centro de Est\u00e9tica en el Inland Empire con certificaci\u00f3n CAC! Llame ahora al (951) 356-1207","og_url":"https:\/\/estrellaaesthetics.com\/es\/quienes-somos\/nuestra-mision\/","og_site_name":"Estrella Aesthetics &amp; Surgical Arts - Spanish","article_modified_time":"2022-04-05T17:49:29+00:00","twitter_card":"summary_large_image","twitter_misc":{"Tiempo de lectura":"2 minutos"},"schema":{"@context":"https:\/\/schema.org","@graph":[{"@type":"WebPage","@id":"https:\/\/estrellaaesthetics.com\/es\/quienes-somos\/nuestra-mision\/","url":"https:\/\/estrellaaesthetics.com\/es\/quienes-somos\/nuestra-mision\/","name":"Estrella Aesthetic & Surgical Arts - Nuestra Misi\u00f3n","isPartOf":{"@id":"https:\/\/estrellaaesthetics.com\/es\/#website"},"datePublished":"2013-09-04T23:47:23+00:00","dateModified":"2022-04-05T17:49:29+00:00","description":"Estrella Aesthetics & Surgical Arts \u00a1es el \u00fanico Centro de Est\u00e9tica en el Inland Empire con certificaci\u00f3n CAC! Llame ahora al (951) 356-1207","breadcrumb":{"@id":"https:\/\/estrellaaesthetics.com\/es\/quienes-somos\/nuestra-mision\/#breadcrumb"},"inLanguage":"es","potentialAction":[{"@type":"ReadAction","target":["https:\/\/estrellaaesthetics.com\/es\/quienes-somos\/nuestra-mision\/"]}]},{"@type":"BreadcrumbList","@id":"https:\/\/estrellaaesthetics.com\/es\/quienes-somos\/nuestra-mision\/#breadcrumb","itemListElement":[{"@type":"ListItem","position":1,"name":"Tratamientos de rejuvenecimiento facial","item":"https:\/\/estrellaaesthetics.com\/es\/quienes-somos\/"},{"@type":"ListItem","position":2,"name":"Nuestra Misi\u00f3n"}]},{"@type":"WebSite","@id":"https:\/\/estrellaaesthetics.com\/es\/#website","url":"https:\/\/estrellaaesthetics.com\/es\/","name":"Estrella Aesthetics &amp; Surgical Arts - Spanish","description":"Estrella Aesthetics &amp; Surgical Arts - Non-Surgical Laser Skin Care Clinic, Botox, Restylane &amp; Dermal Fillers, Corona, California","potentialAction":[{"@type":"SearchAction","target":{"@type":"EntryPoint","urlTemplate":"https:\/\/estrellaaesthetics.com\/es\/?s={search_term_string}"},"query-input":{"@type":"PropertyValueSpecification","valueRequired":true,"valueName":"search_term_string"}}],"inLanguage":"es"}]}},"_links":{"self":[{"href":"https:\/\/estrellaaesthetics.com\/es\/wp-json\/wp\/v2\/pages\/2315","targetHints":{"allow":["GET"]}}],"collection":[{"href":"https:\/\/estrellaaesthetics.com\/es\/wp-json\/wp\/v2\/pages"}],"about":[{"href":"https:\/\/estrellaaesthetics.com\/es\/wp-json\/wp\/v2\/types\/page"}],"author":[{"embeddable":true,"href":"https:\/\/estrellaaesthetics.com\/es\/wp-json\/wp\/v2\/users\/4"}],"replies":[{"embeddable":true,"href":"https:\/\/estrellaaesthetics.com\/es\/wp-json\/wp\/v2\/comments?post=2315"}],"version-history":[{"count":0,"href":"https:\/\/estrellaaesthetics.com\/es\/wp-json\/wp\/v2\/pages\/2315\/revisions"}],"up":[{"embeddable":true,"href":"https:\/\/estrellaaesthetics.com\/es\/wp-json\/wp\/v2\/pages\/16"}],"wp:attachment":[{"href":"https:\/\/estrellaaesthetics.com\/es\/wp-json\/wp\/v2\/media?parent=2315"}],"curies":[{"name":"wp","href":"https:\/\/api.w.org\/{rel}","templated":true}]}}