{"id":16,"date":"2011-10-20T16:50:25","date_gmt":"2011-10-20T16:50:25","guid":{"rendered":"http:\/\/test.skinandbeautyspa.com\/wordpress\/?page_id=13"},"modified":"2022-04-05T10:52:53","modified_gmt":"2022-04-05T17:52:53","slug":"quienes-somos","status":"publish","type":"page","link":"https:\/\/estrellaaesthetics.com\/es\/quienes-somos\/","title":{"rendered":"Tratamientos de rejuvenecimiento facial"},"content":{"rendered":"<h1>Tratamientos de rejuvenecimiento facial en Corona, CA &#8211; Cirujanos pl\u00e1sticos y est\u00e9ticos en Corona, California<\/h1>\n<h2>Los expertos en rejuvenecimiento facial no quir\u00fargico<\/h2>\n<p>Todo el equipo de Estrella Aesthetic &amp; Surgical Arts est\u00e1 dedicado y comprometido a ofrecerles a nuestros clientes la m\u00e1s alta integridad en servicios y tratamientos. Lo que diferencia a Estrella Aesthetic de todos los dem\u00e1s es nuestra pasi\u00f3n por lograr los resultados que usted merece. Continuamente investigamos sobre los tratamientos que ofrecemos y los que ofreceremos en el futuro, y continuamos con nuestra educaci\u00f3n para darle los resultados que merece.<\/p>\n<p>Estrella Aesthetic ha sido galardonado con los siguientes prestigiosos premios : Premio Proveedor Elite Platinum de Artefill Diamond, Premio Double Platinum de Perlane, Premio Dysport Titanium, Premio Botox Diamond <\/p>\n<p>Estrella Aesthetic &amp; Surgical Arts no s\u00f3lo es el centro m\u00e9dico est\u00e9tico m\u00e1s avanzado, sino que tambi\u00e9n sirve como un centro de formaci\u00f3n para colegas m\u00e9dicos y enfermeras que buscan avanzar en sus conocimientos. Judi Castro, RN, MEP- C, APRN, CAC es una Capacitadora Est\u00e9tica Certificada en Medicis Aesthetics; los creadores de Restylane, Perlane y Dysport.<\/p>\n<p>Sabemos que los signos de envejecimiento pueden provocar que nuestros clientes se vean m\u00e1s viejos de lo que realmente se sienten, por lo que les incomoda su apariencia. Siendo expertos en rejuvenecimiento facial no quir\u00fargico, el equipo de Estrella Aesthetic entiende la conexi\u00f3n entre enorgullecerse en la apariencia propia, y una sana autoestima positiva. Ofrecemos una amplia gama de procedimientos anti-edad para aliviar los signos de envejecimiento y ayudar a nuestros clientes a tener una versi\u00f3n mejorada de s\u00ed mismos, mientras se sienten mejor que nunca.<\/p>\n<h2>Elite Body Sculpting Center<\/h2>\n<p>Estrella Aesthetic y Surgical Arts ha sido galardonado con el premio Diamond Elite para 2011 por Suneva Medical, fabricante de Artefill.<\/p>\n<p>La condici\u00f3n de Diamond Elite es el m\u00e1s alto nivel posible para los proveedores de ArteFill. Ya que s\u00f3lo 20 de estos premios han sido entregados en todo el mundo, nuestro compromiso para ofrecer capacidad, habilidad y una experiencia consumada en la inyecci\u00f3n de Artefill, es insuperable.<\/p>\n<p>Estrella Aesthetic y Surgical Arts es un completo Centro M\u00e9dico Est\u00e9tico con la tecnolog\u00eda m\u00e1s avanzada, un equipo capacitado, especializado en rejuvenecimiento facial no quir\u00fargico y la mayor\u00eda de los tratamientos Elite Body Sculpting, \u00a1as\u00ed como una pasi\u00f3n por lograr resultados!<\/p>\n<p>Desde la fundaci\u00f3n de Estrella Aesthetic &amp; Surgical Arts hemos ayudado a miles de clientes a mejorar su apariencia y su confianza. Tanto el Director M\u00e9dico como los propietarios de Estrella Aesthetic, nos aseguramos de que nuestro equipo ofrezca los tratamientos est\u00e9ticos m\u00e1s avanzados y seguros que mejorar\u00e1n la imagen de s\u00ed mismos. Cada miembro de nuestro equipo est\u00e1 altamente capacitado en las \u00faltimas tecnolog\u00edas y procedimientos, y se consideran expertos en el campo de la Medicina Est\u00e9tica<\/p>\n<p><img class=\"lazy-load\" alt=\"Microdermabrasion\" data-src=\"\/images\/Microdermabrasion.png\" width=\"300\" height=\"200\" align=\"left\" \/><\/p>\n<h2>Estrella Aesthetic &amp; Surgical Arts<\/h2>\n<p>&#8230;es un oasis moderno en Crossing Center en Corona, California. Este pr\u00e1ctico entorno, ultra-lujoso es la joya de la corona de Inland Empire, para una total relajaci\u00f3n y rejuvenecimiento para el cuerpo, mente y alma.<\/p>\n<p><img class=\"lazy-load\" alt=\"Man\" data-src=\"\/images\/Man.png\" width=\"330\" height=\"200\" align=\"right\" \/><\/p>\n<p>Aplicamos las t\u00e9cnicas y tratamientos m\u00e1s innovadores y para hacer retroceder el reloj con nuestros procedimientos anti-edad de vanguardia, tratamientos con l\u00e1ser y servicios de cuidado de la piel. Si la escultura del cuerpo es su deseo entonces Estrella Aesthetic y Surgical Arts incorpora los m\u00e1s modernos y m\u00e1s avanzados sistemas para una renovaci\u00f3n total. El equipo de Estrella Aesthetic est\u00e1 altamente acreditado en el dominio del arte del cuidado personal, lo que le permitir\u00e1 escapar de las molestias de todos los d\u00edas y acabar con las tensiones de la vida. Estrella Aesthetic la sumerge en un entorno \u00fanico, comprometido con la belleza total.<\/p>\n<address>\n<h3>Estrella Aesthetics &#038; Surgical Arts<\/h3>\n<p> 2550 Tuscany St. Suite 103<br \/>\nCorona, CA 92881<br \/>\n<abbr title='Phone'>P:<\/abbr><strong><a href=\"tel:+19513561207\" onclick=\"sendEventToGoogle('Content', '\/es\/wp-json\/wp\/v2\/pages\/16', '+19513561207');\">(951) 356-1207<\/a><\/strong><br \/>\n<\/address>\n<h2>Horario de Atenci\u00f3n<\/h2>\r\n<h5>Lunes a Viernes: 10.00am a 7.00pm<\/h5>\r\n<h5>S\u00e1bado: 10.00am a 5.00pm<\/h5>\r\n<h5>Domingos Cerrados<\/h5>\n","protected":false},"excerpt":{"rendered":"<p>Tratamientos de rejuvenecimiento facial en Corona, CA &#8211; Cirujanos pl\u00e1sticos y est\u00e9ticos en Corona, California Los expertos en rejuvenecimiento facial no quir\u00fargico Todo el equipo de Estrella Aesthetic &amp; Surgical Arts est\u00e1 dedicado y comprometido a ofrecerles a nuestros clientes la m\u00e1s alta integridad en servicios y tratamientos. Lo que diferencia a Estrella Aesthetic de&#8230; <a class=\"more-link\" href=\"https:\/\/estrellaaesthetics.com\/es\/quienes-somos\/\">[Read More]<\/a><\/p>\n","protected":false},"author":4,"featured_media":0,"parent":0,"menu_order":1,"comment_status":"open","ping_status":"open","template":"","meta":{"_acf_changed":false,"inline_featured_image":false,"_genesis_hide_title":false,"_genesis_hide_breadcrumbs":false,"_genesis_hide_singular_image":false,"_genesis_hide_footer_widgets":false,"_genesis_custom_body_class":"","_genesis_custom_post_class":"","_genesis_layout":"","footnotes":""},"class_list":{"0":"post-16","1":"page","2":"type-page","3":"status-publish","5":"entry"},"acf":[],"yoast_head":"\n<title>Tratamientos de rejuvenecimiento facial en Corona, CA<\/title>\n<meta name=\"description\" content=\"Los expertos en rejuvenecimiento facial no quir\u00fargico, brindando la m\u00e1s alta integridad en servicios y tratamientos. Llame al (951) 356-1207\" \/>\n<meta name=\"robots\" content=\"index, follow, max-snippet:-1, max-image-preview:large, max-video-preview:-1\" \/>\n<link rel=\"canonical\" href=\"https:\/\/estrellaaesthetics.com\/es\/quienes-somos\/\" \/>\n<meta property=\"og:locale\" content=\"es_ES\" \/>\n<meta property=\"og:type\" content=\"article\" \/>\n<meta property=\"og:title\" content=\"Tratamientos de rejuvenecimiento facial en Corona, CA\" \/>\n<meta property=\"og:description\" content=\"Los expertos en rejuvenecimiento facial no quir\u00fargico, brindando la m\u00e1s alta integridad en servicios y tratamientos. Llame al (951) 356-1207\" \/>\n<meta property=\"og:url\" content=\"https:\/\/estrellaaesthetics.com\/es\/quienes-somos\/\" \/>\n<meta property=\"og:site_name\" content=\"Estrella Aesthetics &amp; Surgical Arts - Spanish\" \/>\n<meta property=\"article:modified_time\" content=\"2022-04-05T17:52:53+00:00\" \/>\n<meta property=\"og:image\" content=\"https:\/\/estrellaaesthetics.com\/images\/Microdermabrasion.png\" \/>\n<meta name=\"twitter:card\" content=\"summary_large_image\" \/>\n<meta name=\"twitter:label1\" content=\"Tiempo de lectura\" \/>\n\t<meta name=\"twitter:data1\" content=\"3 minutos\" \/>\n<script type=\"application\/ld+json\" class=\"yoast-schema-graph\">{\"@context\":\"https:\\\/\\\/schema.org\",\"@graph\":[{\"@type\":\"WebPage\",\"@id\":\"https:\\\/\\\/estrellaaesthetics.com\\\/es\\\/quienes-somos\\\/\",\"url\":\"https:\\\/\\\/estrellaaesthetics.com\\\/es\\\/quienes-somos\\\/\",\"name\":\"Tratamientos de rejuvenecimiento facial en Corona, CA\",\"isPartOf\":{\"@id\":\"https:\\\/\\\/estrellaaesthetics.com\\\/es\\\/#website\"},\"datePublished\":\"2011-10-20T16:50:25+00:00\",\"dateModified\":\"2022-04-05T17:52:53+00:00\",\"description\":\"Los expertos en rejuvenecimiento facial no quir\u00fargico, brindando la m\u00e1s alta integridad en servicios y tratamientos. Llame al (951) 356-1207\",\"inLanguage\":\"es\",\"potentialAction\":[{\"@type\":\"ReadAction\",\"target\":[\"https:\\\/\\\/estrellaaesthetics.com\\\/es\\\/quienes-somos\\\/\"]}]},{\"@type\":\"WebSite\",\"@id\":\"https:\\\/\\\/estrellaaesthetics.com\\\/es\\\/#website\",\"url\":\"https:\\\/\\\/estrellaaesthetics.com\\\/es\\\/\",\"name\":\"Estrella Aesthetics &amp; Surgical Arts - Spanish\",\"description\":\"Estrella Aesthetics &amp; Surgical Arts - Non-Surgical Laser Skin Care Clinic, Botox, Restylane &amp; Dermal Fillers, Corona, California\",\"potentialAction\":[{\"@type\":\"SearchAction\",\"target\":{\"@type\":\"EntryPoint\",\"urlTemplate\":\"https:\\\/\\\/estrellaaesthetics.com\\\/es\\\/?s={search_term_string}\"},\"query-input\":{\"@type\":\"PropertyValueSpecification\",\"valueRequired\":true,\"valueName\":\"search_term_string\"}}],\"inLanguage\":\"es\"}]}<\/script>\n","yoast_head_json":{"title":"Tratamientos de rejuvenecimiento facial en Corona, CA","description":"Los expertos en rejuvenecimiento facial no quir\u00fargico, brindando la m\u00e1s alta integridad en servicios y tratamientos. Llame al (951) 356-1207","robots":{"index":"index","follow":"follow","max-snippet":"max-snippet:-1","max-image-preview":"max-image-preview:large","max-video-preview":"max-video-preview:-1"},"canonical":"https:\/\/estrellaaesthetics.com\/es\/quienes-somos\/","og_locale":"es_ES","og_type":"article","og_title":"Tratamientos de rejuvenecimiento facial en Corona, CA","og_description":"Los expertos en rejuvenecimiento facial no quir\u00fargico, brindando la m\u00e1s alta integridad en servicios y tratamientos. Llame al (951) 356-1207","og_url":"https:\/\/estrellaaesthetics.com\/es\/quienes-somos\/","og_site_name":"Estrella Aesthetics &amp; Surgical Arts - Spanish","article_modified_time":"2022-04-05T17:52:53+00:00","og_image":[{"url":"https:\/\/estrellaaesthetics.com\/images\/Microdermabrasion.png","type":"","width":"","height":""}],"twitter_card":"summary_large_image","twitter_misc":{"Tiempo de lectura":"3 minutos"},"schema":{"@context":"https:\/\/schema.org","@graph":[{"@type":"WebPage","@id":"https:\/\/estrellaaesthetics.com\/es\/quienes-somos\/","url":"https:\/\/estrellaaesthetics.com\/es\/quienes-somos\/","name":"Tratamientos de rejuvenecimiento facial en Corona, CA","isPartOf":{"@id":"https:\/\/estrellaaesthetics.com\/es\/#website"},"datePublished":"2011-10-20T16:50:25+00:00","dateModified":"2022-04-05T17:52:53+00:00","description":"Los expertos en rejuvenecimiento facial no quir\u00fargico, brindando la m\u00e1s alta integridad en servicios y tratamientos. Llame al (951) 356-1207","inLanguage":"es","potentialAction":[{"@type":"ReadAction","target":["https:\/\/estrellaaesthetics.com\/es\/quienes-somos\/"]}]},{"@type":"WebSite","@id":"https:\/\/estrellaaesthetics.com\/es\/#website","url":"https:\/\/estrellaaesthetics.com\/es\/","name":"Estrella Aesthetics &amp; Surgical Arts - Spanish","description":"Estrella Aesthetics &amp; Surgical Arts - Non-Surgical Laser Skin Care Clinic, Botox, Restylane &amp; Dermal Fillers, Corona, California","potentialAction":[{"@type":"SearchAction","target":{"@type":"EntryPoint","urlTemplate":"https:\/\/estrellaaesthetics.com\/es\/?s={search_term_string}"},"query-input":{"@type":"PropertyValueSpecification","valueRequired":true,"valueName":"search_term_string"}}],"inLanguage":"es"}]}},"_links":{"self":[{"href":"https:\/\/estrellaaesthetics.com\/es\/wp-json\/wp\/v2\/pages\/16","targetHints":{"allow":["GET"]}}],"collection":[{"href":"https:\/\/estrellaaesthetics.com\/es\/wp-json\/wp\/v2\/pages"}],"about":[{"href":"https:\/\/estrellaaesthetics.com\/es\/wp-json\/wp\/v2\/types\/page"}],"author":[{"embeddable":true,"href":"https:\/\/estrellaaesthetics.com\/es\/wp-json\/wp\/v2\/users\/4"}],"replies":[{"embeddable":true,"href":"https:\/\/estrellaaesthetics.com\/es\/wp-json\/wp\/v2\/comments?post=16"}],"version-history":[{"count":0,"href":"https:\/\/estrellaaesthetics.com\/es\/wp-json\/wp\/v2\/pages\/16\/revisions"}],"wp:attachment":[{"href":"https:\/\/estrellaaesthetics.com\/es\/wp-json\/wp\/v2\/media?parent=16"}],"curies":[{"name":"wp","href":"https:\/\/api.w.org\/{rel}","templated":true}]}}