{"id":1564,"date":"2012-10-15T15:04:11","date_gmt":"2012-10-15T22:04:11","guid":{"rendered":"http:\/\/skinandbeautyspa.com\/?page_id=1564"},"modified":"2022-04-05T10:53:03","modified_gmt":"2022-04-05T17:53:03","slug":"financiamiento","status":"publish","type":"page","link":"https:\/\/estrellaaesthetics.com\/es\/financiamiento\/","title":{"rendered":"CareCredit Healthcare Finance, financiaci\u00f3n para cirug\u00eda cosm\u00e9tica, financiaci\u00f3n m\u00e9dica"},"content":{"rendered":"<h1>Financiamiento para cirug\u00eda cosm\u00e9tica<\/h1>\r\n\r\n<h2>Fuentes de Financiaci\u00f3n de Estrella Aesthetic &amp; Surgical Arts<\/h2>\r\n<p><img class=\"lazy-load\" data-src=\"\/images\/Financing.png\" alt=\"Financing\" width=\"240\" height=\"404\" align=\"right\"><br>Estrella Aesthetic &amp; Surgical Arts ofrece financiamiento para los procedimientos que se ofrecen en nuestra cl\u00ednica. En nuestra opini\u00f3n profesional, la cirug\u00eda est\u00e9tica es una excelente inversi\u00f3n en su bienestar, su confianza y su vida. Si se ve y se siente mejor, sus retos diarios disminuyen. Tambi\u00e9n somos muy conscientes del hecho de que distintos pacientes tienen necesidades diferentes, por lo que ofrecemos opciones de pago \u00fanicas con el apoyo de las fuentes m\u00e1s confiables.<\/p>\r\n<p>Utilizamos m\u00faltiples fuentes de financiamiento para ayudar en el proceso de toma de decisiones de nuestros clientes. Mediante la utilizaci\u00f3n de m\u00faltiples fuentes de financiaci\u00f3n, creemos que este servicio ayuda a nuestros clientes a encontrar la mejor soluci\u00f3n de financiaci\u00f3n para cirug\u00eda est\u00e9tica que se acomode a su situaci\u00f3n personal y financiera. Nuestro equipo capacitado estar\u00e1 m\u00e1s que feliz de ayudar a usted con el proceso de aplicaci\u00f3n crediticia para que pueda recibir los fondos que necesita, a la tasa de inter\u00e9s m\u00e1s baja posible dependiendo de su historial de cr\u00e9dito.<\/p>\r\n\r\n\r\n<div style=\"display: inline-block;width: 100%;margin-top: 2em;\">\r\n\r\n<div class=\"col-md-5\" style=\"margin-bottom: 1em; text-center:text-center\">\r\n<h3>La financiaci\u00f3n est\u00e1 disponible por medio de<\/h3>\r\n<a href=\"https:\/\/www.carecredit.com\/apply\/confirm.html?encm=UTBWb1c1XThXa1A0VGFdNQY0VjZQMFFmVDYNPgFpBzc&amp;sitecode=B3CALAdToolkitANCardCosmetic\"><img class=\"lazy-load\" style=\"max-width: 100%;\" data-src=\"https:\/\/carecredit.com\/adtoolkit\/assets\/pages\/library\/buttons\/CareCredit_Button_ApplyNow_tile-d_v4.png\" width=\"275\"><\/a>\r\n<\/div>\r\n\r\n\r\n<div class=\"col-md-7\" style=\"margin-bottom: 1em; text-center:text-center\">\r\n\r\n<h3>Otras opciones de financiaci\u00f3n disponibles<\/h3>\r\n<a href=\"http:\/\/www.medloanfinance.com\/creditapp.asp?did=11595\" target=\"_blank\" rel=\"noopener noreferrer\"><img class=\"lazy-load\" data-src=\"\/wp-content\/uploads\/2012\/10\/MLF_banner_Pic-300x250.jpg\" alt=\"Med Loan Finance\" width=\"216\" height=\"180\" border=\"0\" \/><\/a> \r\n\r\n<a href=\"https:\/\/application.hcmerchantservices.com\/?m=Nehw5W%200fcq1z53CaebOqQ==\" target=\"_blank\" rel=\"noopener noreferrer\"><img class=\"lazy-load\" data-src=\"\/images\/MedicalFinancing.jpg\" alt=\"Medical Financing\" width=\"180\" height=\"180\" border=\"0\" \/><\/a>\r\n<\/div>\r\n\r\n<div class=\"row\" style=\"display: inline-block;width: 100%;\">\r\n\r\n<div class=\"col-md-6\">\r\n<address>\r\n<h3 style=\"margin-bottom: 0;font-weight: 600!important;\">Estrella Aesthetics &amp; Surgical Arts<\/h3>\r\n<p>2550 Tuscany St. Suite 103<br>Corona, CA 92881<br><abbr title=\"Phone\">P:<\/abbr> <strong><a href=\"tel:+19513561207\" onclick=\"sendEventToGoogle('Content', '\/es\/wp-json\/wp\/v2\/pages\/1564', '+19513561207');\">(951) 356-1207<\/a><\/strong><\/p>\r\n<\/address>\r\n<\/div>\r\n\r\n<div class=\"col-md-6\">\r\n<h2>Horario de Atenci\u00f3n<\/h2>\r\n<h5>Lunes a Viernes: 10.00am a 7.00pm<\/h5>\r\n<h5>S\u00e1bado: 10.00am a 5.00pm<\/h5>\r\n<h5>Domingos Cerrados<\/h5>\r\n<\/div>\r\n<\/div>\r\n<\/div>\r\n","protected":false},"excerpt":{"rendered":"<p>Financiamiento para cirug\u00eda cosm\u00e9tica Fuentes de Financiaci\u00f3n de Estrella Aesthetic &amp; Surgical Arts Estrella Aesthetic &amp; Surgical Arts ofrece financiamiento para los procedimientos que se ofrecen en nuestra cl\u00ednica. En nuestra opini\u00f3n profesional, la cirug\u00eda est\u00e9tica es una excelente inversi\u00f3n en su bienestar, su confianza y su vida. Si se ve y se siente mejor,&#8230; <a class=\"more-link\" href=\"https:\/\/estrellaaesthetics.com\/es\/financiamiento\/\">[Read More]<\/a><\/p>\n","protected":false},"author":4,"featured_media":0,"parent":0,"menu_order":7,"comment_status":"closed","ping_status":"open","template":"","meta":{"_acf_changed":false,"inline_featured_image":false,"_genesis_hide_title":false,"_genesis_hide_breadcrumbs":false,"_genesis_hide_singular_image":false,"_genesis_hide_footer_widgets":false,"_genesis_custom_body_class":"","_genesis_custom_post_class":"","_genesis_layout":"","footnotes":""},"class_list":{"0":"post-1564","1":"page","2":"type-page","3":"status-publish","5":"entry"},"acf":[],"yoast_head":"\n<title>CareCredit Healthcare Finance, financiaci\u00f3n para cirug\u00eda cosm\u00e9tia<\/title>\n<meta name=\"description\" content=\"Estrella Aesthetic &amp; Surgical Arts ofrece financiamiento para los procedimientos que se ofrecen en nuestra cl\u00ednica. En nuestra opini\u00f3n profesional...\" \/>\n<meta name=\"robots\" content=\"index, follow, max-snippet:-1, max-image-preview:large, max-video-preview:-1\" \/>\n<link rel=\"canonical\" href=\"https:\/\/estrellaaesthetics.com\/es\/financiamiento\/\" \/>\n<meta property=\"og:locale\" content=\"es_ES\" \/>\n<meta property=\"og:type\" content=\"article\" \/>\n<meta property=\"og:title\" content=\"CareCredit Healthcare Finance, financiaci\u00f3n para cirug\u00eda cosm\u00e9tia\" \/>\n<meta property=\"og:description\" content=\"Estrella Aesthetic &amp; Surgical Arts ofrece financiamiento para los procedimientos que se ofrecen en nuestra cl\u00ednica. En nuestra opini\u00f3n profesional...\" \/>\n<meta property=\"og:url\" content=\"https:\/\/estrellaaesthetics.com\/es\/financiamiento\/\" \/>\n<meta property=\"og:site_name\" content=\"Estrella Aesthetics &amp; Surgical Arts - Spanish\" \/>\n<meta property=\"article:modified_time\" content=\"2022-04-05T17:53:03+00:00\" \/>\n<meta property=\"og:image\" content=\"https:\/\/estrellaaesthetics.com\/images\/Financing.png\" \/>\n<meta name=\"twitter:card\" content=\"summary_large_image\" \/>\n<meta name=\"twitter:label1\" content=\"Tiempo de lectura\" \/>\n\t<meta name=\"twitter:data1\" content=\"1 minuto\" \/>\n<script type=\"application\/ld+json\" class=\"yoast-schema-graph\">{\"@context\":\"https:\/\/schema.org\",\"@graph\":[{\"@type\":\"WebPage\",\"@id\":\"https:\/\/estrellaaesthetics.com\/es\/financiamiento\/\",\"url\":\"https:\/\/estrellaaesthetics.com\/es\/financiamiento\/\",\"name\":\"CareCredit Healthcare Finance, financiaci\u00f3n para cirug\u00eda cosm\u00e9tia\",\"isPartOf\":{\"@id\":\"https:\/\/estrellaaesthetics.com\/es\/#website\"},\"primaryImageOfPage\":{\"@id\":\"https:\/\/estrellaaesthetics.com\/es\/financiamiento\/#primaryimage\"},\"image\":{\"@id\":\"https:\/\/estrellaaesthetics.com\/es\/financiamiento\/#primaryimage\"},\"thumbnailUrl\":\"https:\/\/carecredit.com\/adtoolkit\/assets\/pages\/library\/buttons\/CareCredit_Button_ApplyNow_tile-d_v4.png\",\"datePublished\":\"2012-10-15T22:04:11+00:00\",\"dateModified\":\"2022-04-05T17:53:03+00:00\",\"description\":\"Estrella Aesthetic & Surgical Arts ofrece financiamiento para los procedimientos que se ofrecen en nuestra cl\u00ednica. En nuestra opini\u00f3n profesional...\",\"inLanguage\":\"es\",\"potentialAction\":[{\"@type\":\"ReadAction\",\"target\":[\"https:\/\/estrellaaesthetics.com\/es\/financiamiento\/\"]}]},{\"@type\":\"ImageObject\",\"inLanguage\":\"es\",\"@id\":\"https:\/\/estrellaaesthetics.com\/es\/financiamiento\/#primaryimage\",\"url\":\"https:\/\/carecredit.com\/adtoolkit\/assets\/pages\/library\/buttons\/CareCredit_Button_ApplyNow_tile-d_v4.png\",\"contentUrl\":\"https:\/\/carecredit.com\/adtoolkit\/assets\/pages\/library\/buttons\/CareCredit_Button_ApplyNow_tile-d_v4.png\"},{\"@type\":\"WebSite\",\"@id\":\"https:\/\/estrellaaesthetics.com\/es\/#website\",\"url\":\"https:\/\/estrellaaesthetics.com\/es\/\",\"name\":\"Estrella Aesthetics &amp; Surgical Arts - Spanish\",\"description\":\"Estrella Aesthetics &amp; Surgical Arts - Non-Surgical Laser Skin Care Clinic, Botox, Restylane &amp; Dermal Fillers, Corona, California\",\"potentialAction\":[{\"@type\":\"SearchAction\",\"target\":{\"@type\":\"EntryPoint\",\"urlTemplate\":\"https:\/\/estrellaaesthetics.com\/es\/?s={search_term_string}\"},\"query-input\":{\"@type\":\"PropertyValueSpecification\",\"valueRequired\":true,\"valueName\":\"search_term_string\"}}],\"inLanguage\":\"es\"}]}<\/script>\n","yoast_head_json":{"title":"CareCredit Healthcare Finance, financiaci\u00f3n para cirug\u00eda cosm\u00e9tia","description":"Estrella Aesthetic & Surgical Arts ofrece financiamiento para los procedimientos que se ofrecen en nuestra cl\u00ednica. En nuestra opini\u00f3n profesional...","robots":{"index":"index","follow":"follow","max-snippet":"max-snippet:-1","max-image-preview":"max-image-preview:large","max-video-preview":"max-video-preview:-1"},"canonical":"https:\/\/estrellaaesthetics.com\/es\/financiamiento\/","og_locale":"es_ES","og_type":"article","og_title":"CareCredit Healthcare Finance, financiaci\u00f3n para cirug\u00eda cosm\u00e9tia","og_description":"Estrella Aesthetic & Surgical Arts ofrece financiamiento para los procedimientos que se ofrecen en nuestra cl\u00ednica. En nuestra opini\u00f3n profesional...","og_url":"https:\/\/estrellaaesthetics.com\/es\/financiamiento\/","og_site_name":"Estrella Aesthetics &amp; Surgical Arts - Spanish","article_modified_time":"2022-04-05T17:53:03+00:00","og_image":[{"url":"https:\/\/estrellaaesthetics.com\/images\/Financing.png","type":"","width":"","height":""}],"twitter_card":"summary_large_image","twitter_misc":{"Tiempo de lectura":"1 minuto"},"schema":{"@context":"https:\/\/schema.org","@graph":[{"@type":"WebPage","@id":"https:\/\/estrellaaesthetics.com\/es\/financiamiento\/","url":"https:\/\/estrellaaesthetics.com\/es\/financiamiento\/","name":"CareCredit Healthcare Finance, financiaci\u00f3n para cirug\u00eda cosm\u00e9tia","isPartOf":{"@id":"https:\/\/estrellaaesthetics.com\/es\/#website"},"primaryImageOfPage":{"@id":"https:\/\/estrellaaesthetics.com\/es\/financiamiento\/#primaryimage"},"image":{"@id":"https:\/\/estrellaaesthetics.com\/es\/financiamiento\/#primaryimage"},"thumbnailUrl":"https:\/\/carecredit.com\/adtoolkit\/assets\/pages\/library\/buttons\/CareCredit_Button_ApplyNow_tile-d_v4.png","datePublished":"2012-10-15T22:04:11+00:00","dateModified":"2022-04-05T17:53:03+00:00","description":"Estrella Aesthetic & Surgical Arts ofrece financiamiento para los procedimientos que se ofrecen en nuestra cl\u00ednica. En nuestra opini\u00f3n profesional...","inLanguage":"es","potentialAction":[{"@type":"ReadAction","target":["https:\/\/estrellaaesthetics.com\/es\/financiamiento\/"]}]},{"@type":"ImageObject","inLanguage":"es","@id":"https:\/\/estrellaaesthetics.com\/es\/financiamiento\/#primaryimage","url":"https:\/\/carecredit.com\/adtoolkit\/assets\/pages\/library\/buttons\/CareCredit_Button_ApplyNow_tile-d_v4.png","contentUrl":"https:\/\/carecredit.com\/adtoolkit\/assets\/pages\/library\/buttons\/CareCredit_Button_ApplyNow_tile-d_v4.png"},{"@type":"WebSite","@id":"https:\/\/estrellaaesthetics.com\/es\/#website","url":"https:\/\/estrellaaesthetics.com\/es\/","name":"Estrella Aesthetics &amp; Surgical Arts - Spanish","description":"Estrella Aesthetics &amp; Surgical Arts - Non-Surgical Laser Skin Care Clinic, Botox, Restylane &amp; Dermal Fillers, Corona, California","potentialAction":[{"@type":"SearchAction","target":{"@type":"EntryPoint","urlTemplate":"https:\/\/estrellaaesthetics.com\/es\/?s={search_term_string}"},"query-input":{"@type":"PropertyValueSpecification","valueRequired":true,"valueName":"search_term_string"}}],"inLanguage":"es"}]}},"_links":{"self":[{"href":"https:\/\/estrellaaesthetics.com\/es\/wp-json\/wp\/v2\/pages\/1564","targetHints":{"allow":["GET"]}}],"collection":[{"href":"https:\/\/estrellaaesthetics.com\/es\/wp-json\/wp\/v2\/pages"}],"about":[{"href":"https:\/\/estrellaaesthetics.com\/es\/wp-json\/wp\/v2\/types\/page"}],"author":[{"embeddable":true,"href":"https:\/\/estrellaaesthetics.com\/es\/wp-json\/wp\/v2\/users\/4"}],"replies":[{"embeddable":true,"href":"https:\/\/estrellaaesthetics.com\/es\/wp-json\/wp\/v2\/comments?post=1564"}],"version-history":[{"count":0,"href":"https:\/\/estrellaaesthetics.com\/es\/wp-json\/wp\/v2\/pages\/1564\/revisions"}],"wp:attachment":[{"href":"https:\/\/estrellaaesthetics.com\/es\/wp-json\/wp\/v2\/media?parent=1564"}],"curies":[{"name":"wp","href":"https:\/\/api.w.org\/{rel}","templated":true}]}}