{"id":10,"date":"2021-06-17T16:46:00","date_gmt":"2021-06-17T23:46:00","guid":{"rendered":"http:\/\/test.skinandbeautyspa.com\/wordpress\/?page_id=10"},"modified":"2022-10-21T14:59:35","modified_gmt":"2022-10-21T21:59:35","slug":"home-2","status":"publish","type":"page","link":"https:\/\/estrellaaesthetics.com\/es\/","title":{"rendered":"<span>Estrella<\/span> Aesthetics"},"content":{"rendered":"\r\n<p class=\"has-text-align-center welcome\">Estrella Aesthetics &amp; Surgical Arts no solo es el centro de est\u00e9tica m\u00e9dica m\u00e1s avanzado, sino que tambi\u00e9n sirve como centro de capacitaci\u00f3n para colegas m\u00e9dicos y enfermeras que buscan avanzar en su conocimiento.<\/p>\r\n\r\n\r\n\r\n<div class=\"wp-block-group featured-procedures\"><div class=\"wp-block-group__inner-container is-layout-flow wp-block-group-is-layout-flow\">\r\n<div class=\"wp-block-columns is-layout-flex wp-container-core-columns-is-layout-9d6595d7 wp-block-columns-is-layout-flex\">\r\n<div class=\"wp-block-column is-layout-flow wp-block-column-is-layout-flow\">\r\n<figure class=\"wp-block-image size-large is-style-rounded\"><a href=\"\/es\/inyectables\/\"><img data-src=\"\/wp-content\/uploads\/2021\/06\/procedure-2.png\" alt=\"\" class=\"wp-image-8274 lazy-load\"\/><\/a><\/figure>\r\n\r\n\r\n\r\n<h4 class=\"has-text-align-center wp-block-heading\">Inyectables<\/h4>\r\n<\/div>\r\n\r\n\r\n\r\n<div class=\"wp-block-column is-layout-flow wp-block-column-is-layout-flow\">\r\n<figure class=\"wp-block-image size-large is-style-rounded\"><a href=\"\/es\/procedimientos-para-la-piel\/\"><img data-src=\"\/wp-content\/uploads\/2021\/06\/procedure-3.png\" alt=\"\" class=\"wp-image-8275 lazy-load\"\/><\/a><\/figure>\r\n\r\n\r\n\r\n<h4 class=\"has-text-align-center wp-block-heading\">Procedimientos<br>para la piel<\/h4>\r\n<\/div>\r\n\r\n\r\n\r\n<div class=\"wp-block-column is-layout-flow wp-block-column-is-layout-flow\">\r\n<figure class=\"wp-block-image size-large is-style-rounded\"><a href=\"\/es\/procedimientos\/laser\"><img data-src=\"\/wp-content\/uploads\/2021\/06\/procedure-4.png\" alt=\"\" class=\"wp-image-8276 lazy-load\"\/><\/a><\/figure>\r\n\r\n\r\n\r\n<h4 class=\"has-text-align-center wp-block-heading\">Procedimientos<br>con L\u00e1ser<\/h4>\r\n<\/div>\r\n\r\n\r\n\r\n<div class=\"wp-block-column is-layout-flow wp-block-column-is-layout-flow\">\r\n<figure class=\"wp-block-image size-large is-style-rounded\"><a href=\"\/es\/procedimientos-para-la-cara\/\"><img data-src=\"\/wp-content\/uploads\/2021\/06\/procedure-5.png\" alt=\"\" class=\"wp-image-8277 lazy-load\"\/><\/a><\/figure>\r\n\r\n\r\n\r\n<h4 class=\"has-text-align-center wp-block-heading\">Procedimientos<br>faciales<\/h4>\r\n<\/div>\r\n\r\n\r\n\r\n<div class=\"wp-block-column is-layout-flow wp-block-column-is-layout-flow\">\r\n<figure class=\"wp-block-image size-large is-style-rounded\"><a href=\"\/es\/procedimientos-para-el-cuerpo\/\"><img data-src=\"\/wp-content\/uploads\/2021\/06\/procedure-1.png\" alt=\"\" class=\"wp-image-8273 lazy-load\"\/><\/a><\/figure>\r\n\r\n\r\n\r\n<h4 class=\"has-text-align-center wp-block-heading\">Procedimientos<br>corporales<\/h4>\r\n<\/div>\r\n\r\n\r\n\r\n<div class=\"wp-block-column is-layout-flow wp-block-column-is-layout-flow\">\r\n<figure class=\"wp-block-image size-large is-style-rounded\"><a href=\"https:\/\/store.estrellaaesthetics.com\/\" target=\"_blank\" rel=\"noopener\"><img data-src=\"\/wp-content\/uploads\/2021\/06\/procedure-6.png\" alt=\"\" class=\"wp-image-8278 lazy-load\"\/><\/a><\/figure>\r\n\r\n\r\n\r\n<h4 class=\"has-text-align-center wp-block-heading\">Productos para el<br>Cuidado de la Piel<\/h4>\r\n<\/div>\r\n<\/div>\r\n<\/div><\/div>\r\n\r\n\r\n\r\n<div style=\"height:100px\" aria-hidden=\"true\" class=\"wp-block-spacer\"><\/div>\r\n\r\n\r\n\r\n<div class=\"wp-block-group alignfull featured-tabs group-wrap has-color-2-background-color has-background\"><div class=\"wp-block-group__inner-container is-layout-flow wp-block-group-is-layout-flow\">\r\n<div id=\"tabs\">\r\n\r\n\r\n\r\n<ul>\r\n <li><a href=\"#tab1\">Inyectables Destacados<\/a><\/li>\r\n <li><a href=\"#tab2\">Nuevos Tratamientos No Quirurgicos<\/a><\/li>\r\n <li><a href=\"#tab3\">Procedimientos Corporales Destacados<\/a><\/li>\r\n <\/ul>\r\n\r\n\r\n\r\n<div id=\"tab1\">\r\n\r\n\r\n\r\n<div class=\"wp-block-columns are-vertically-aligned-center is-layout-flex wp-container-core-columns-is-layout-9d6595d7 wp-block-columns-is-layout-flex\">\r\n<div class=\"wp-block-column is-vertically-aligned-center column-first is-layout-flow wp-block-column-is-layout-flow\">\r\n<h2 class=\"wp-block-heading\"><span>Inyectables Destacados<\/span><\/h2>\r\n\r\n\r\n\r\n<h3 class=\"wp-block-heading\">Restylane\u00ae, Juvederm<\/h3>\r\n\r\n\r\n\r\n<p>\u00bfBusca una manera r\u00e1pida y eficaz de eliminar las l\u00edneas de expresi\u00f3n y las arrugas? Los rellenos d\u00e9rmicos como Restylane\u00ae Juvederm\u2122 y Radiesse\u00ae ofrecen resultados r\u00e1pidos y mejoran la apariencia y la textura de la piel, mientras que reducen e incluso eliminan las l\u00edneas y arrugas..<\/p>\r\n\r\n\r\n\r\n<div class=\"wp-block-buttons is-layout-flex wp-block-buttons-is-layout-flex\">\r\n<div class=\"wp-block-button is-style-square button-custom2\"><a class=\"wp-block-button__link\" href=\"\/es\/inyectables\/rellenos-dermicos-temporales\/\">LEER M\u00c1S<\/a><\/div>\r\n<\/div>\r\n<\/div>\r\n\r\n\r\n\r\n<div class=\"wp-block-column is-vertically-aligned-center is-layout-flow wp-block-column-is-layout-flow\">\r\n<figure class=\"wp-block-image size-large\"><img data-src=\"\/wp-content\/uploads\/2021\/06\/injectables-1.jpg\" alt=\"\" class=\"wp-image-8298 lazy-load\"\/><\/figure>\r\n<\/div>\r\n<\/div>\r\n\r\n\r\n\r\n<\/div>\r\n\r\n\r\n\r\n<div id=\"tab2\">\r\n\r\n\r\n\r\n<div class=\"wp-block-columns are-vertically-aligned-center is-layout-flex wp-container-core-columns-is-layout-9d6595d7 wp-block-columns-is-layout-flex\">\r\n<div class=\"wp-block-column is-vertically-aligned-center column-first is-layout-flow wp-block-column-is-layout-flow\">\r\n<h2 class=\"wp-block-heading\"><span>Nuevos Tratamientos No Quirurgicos<\/span><\/h2>\r\n\r\n\r\n\r\n<p>Los l\u00e1seres y otros tratamientos no quir\u00fargicos son procedimientos populares, y a menudo efectivos para las personas con signos de envejecimiento y que no est\u00e1n listas para la cirug\u00eda est\u00e9tica. Conoce todos los tratamientos no invasivos para la piel y el cuerpo, ofrecidos por Estrella Aesthetics &amp; Surgical Arts y realizados por nuestro equipo estelar de cirug\u00eda cosm\u00e9tica.<\/p>\r\n\r\n\r\n\r\n<ul class=\"list-col-2 wp-block-list\"><li>Renovaci\u00f3n de la piel The SaltFacial\u2122<\/li><li>Cellu M6\u00ae Integral B<\/li><li>Ultra Tyte<\/li><li>Levantamiento de gl\u00fateos Sculptra<\/li><\/ul>\r\n\r\n\r\n\r\n<div class=\"wp-block-buttons is-layout-flex wp-block-buttons-is-layout-flex\">\r\n<div class=\"wp-block-button is-style-square button-custom2\"><a class=\"wp-block-button__link\" href=\"\/es\/procedimientos-sin-cirugia\">LEER M\u00c1S<\/a><\/div>\r\n<\/div>\r\n<\/div>\r\n\r\n\r\n\r\n<div class=\"wp-block-column is-vertically-aligned-center is-layout-flow wp-block-column-is-layout-flow\">\r\n<figure class=\"wp-block-image size-large\"><img data-src=\"\/wp-content\/uploads\/2021\/06\/non-surgical.jpg\" alt=\"\" class=\"wp-image-8299 lazy-load\"\/><\/figure>\r\n<\/div>\r\n<\/div>\r\n\r\n\r\n\r\n<\/div>\r\n\r\n\r\n\r\n<div id=\"tab3\">\r\n\r\n\r\n\r\n<div class=\"wp-block-columns are-vertically-aligned-center is-layout-flex wp-container-core-columns-is-layout-9d6595d7 wp-block-columns-is-layout-flex\">\r\n<div class=\"wp-block-column is-vertically-aligned-center column-first is-layout-flow wp-block-column-is-layout-flow\">\r\n<h2 class=\"wp-block-heading\"><span>Procedimientos de Rejuvenecimiento<\/span><\/h2>\r\n\r\n\r\n\r\n<p>Estrella Aesthetics es el hogar exclusivo de&nbsp;<a href=\"https:\/\/store.estrellaaesthetics.com\/\">JC Complete Skin Health<\/a>, que fue formulado por nuestra directora cl\u00ednica&nbsp;<a href=\"\/es\/quienes-somos\/judi-castro\">Judi Castro, RN,MEP-C.<\/a><\/p>\r\n\r\n\r\n\r\n<p>\u00a1Recupera ese brillo h\u00famedo que ten\u00edas en tus 20, con solo unos simples pasos!<\/p>\r\n\r\n\r\n\r\n<p>Servicio de recogida en la acera disponible para clientes locales<\/p>\r\n\r\n\r\n\r\n<div class=\"wp-block-buttons is-layout-flex wp-block-buttons-is-layout-flex\">\r\n<div class=\"wp-block-button is-style-square button-custom2\"><a class=\"wp-block-button__link\" href=\"https:\/\/store.estrellaaesthetics.com\/\" target=\"_blank\" rel=\"noreferrer noopener\">IR A LA TIENDA<\/a><\/div>\r\n<\/div>\r\n<\/div>\r\n\r\n\r\n\r\n<div class=\"wp-block-column is-vertically-aligned-center is-layout-flow wp-block-column-is-layout-flow\">\r\n<figure class=\"wp-block-image size-large\"><img data-src=\"\/wp-content\/uploads\/2021\/06\/skin-health.jpg\" alt=\"\" class=\"wp-image-8300 lazy-load\"\/><\/figure>\r\n<\/div>\r\n<\/div>\r\n\r\n\r\n\r\n<\/div>\r\n\r\n\r\n\r\n<\/div>\r\n<\/div><\/div>\r\n\r\n\r\n\r\n<div class=\"wp-block-group alignfull featured-instagram\"><div class=\"wp-block-group__inner-container is-layout-flow wp-block-group-is-layout-flow\">\t\t<div id=\"sbi_mod_error\" >\n\t\t\t<span>Este mensaje de error solo es visible para los administradores de WordPress<\/span><br\/>\n\t\t\t<p><strong>Error: No se ha encontrado ning\u00fan feed.<\/strong>\n\t\t\t<p>Por favor, ve a la p\u00e1gina de ajustes de Instagram Feed para crear un feed.<\/p>\n\t\t<\/div>\n\t\t\n\r\n\r\n\r\n<p class=\"paragrah-social\"><a href=\"https:\/\/www.instagram.com\/estrella_aesthetics\/\" target=\"_blank\" class=\"button-social\" rel=\"noopener\">S\u00edguenos en Instagram <img class=\"rounded-circle lazy-load\" data-src=\"\/wp-content\/uploads\/2020\/01\/ig-thumb.jpg\" width=\"35\" height=\"35\"> Estrella Aesthetics<\/a><\/p>\r\n\r\n\r\n\r\n<p><a href=\"https:\/\/www.instagram.com\/estrella_aesthetics\/\" target=\"_blank\" rel=\"noreferrer noopener\"><\/a><\/p>\r\n<\/div><\/div>\r\n\r\n\r\n\r\n<div class=\"wp-block-group alignfull featured-reviews\"><div class=\"wp-block-group__inner-container is-layout-flow wp-block-group-is-layout-flow\">\r\n<div class=\"wp-block-columns are-vertically-aligned-center row is-layout-flex wp-container-core-columns-is-layout-9d6595d7 wp-block-columns-is-layout-flex\">\r\n<div class=\"wp-block-column is-vertically-aligned-center featured-reviews-left col-md-6 is-layout-flow wp-block-column-is-layout-flow\" style=\"flex-basis:50%\">\r\n<div class=\"wp-block-columns row is-layout-flex wp-container-core-columns-is-layout-9d6595d7 wp-block-columns-is-layout-flex\">\r\n<div class=\"wp-block-column col-xs-6 col-sm-6 col-md-3 is-layout-flow wp-block-column-is-layout-flow\">\r\n<figure class=\"wp-block-image size-large\"><img data-src=\"\/wp-content\/uploads\/2021\/06\/google.png\" alt=\"\" class=\"wp-image-8312 lazy-load\"\/><\/figure>\r\n\r\n\r\n\r\n<p><strong>Google<\/strong><br>13 Reviews<\/p>\r\n\r\n\r\n<div class=\"reviews-rating-stars\"><i class=\"fa fa-star\"><\/i><i class=\"fa fa-star\"><\/i><i class=\"fa fa-star\"><\/i><i class=\"fa fa-star\"><\/i><i class=\"fa fa-star\"><\/i><\/div>\n\r\n\r\n\r\n<div style=\"height:20px\" aria-hidden=\"true\" class=\"wp-block-spacer\"><\/div>\r\n\r\n\r\n\r\n<div class=\"wp-block-buttons is-layout-flex wp-block-buttons-is-layout-flex\">\r\n<div class=\"wp-block-button is-style-square\"><a class=\"wp-block-button__link has-color-3-color has-text-color\" href=\"\/google\">LEARN MORE<\/a><\/div>\r\n<\/div>\r\n<\/div>\r\n\r\n\r\n\r\n<div class=\"wp-block-column col-xs-6 col-sm-6 col-md-3 is-layout-flow wp-block-column-is-layout-flow\">\r\n<figure class=\"wp-block-image size-large\"><img data-src=\"\/wp-content\/uploads\/2021\/06\/facebok-1.png\" alt=\"\" class=\"wp-image-8316 lazy-load\"\/><\/figure>\r\n\r\n\r\n\r\n<p><strong>Facebook<\/strong><br>10 Reviews<\/p>\r\n\r\n\r\n<div class=\"reviews-rating-stars\"><i class=\"fa fa-star\"><\/i><i class=\"fa fa-star\"><\/i><i class=\"fa fa-star\"><\/i><i class=\"fa fa-star\"><\/i><i class=\"fa fa-star\"><\/i><\/div>\n\r\n\r\n\r\n<div style=\"height:20px\" aria-hidden=\"true\" class=\"wp-block-spacer\"><\/div>\r\n\r\n\r\n\r\n<div class=\"wp-block-buttons is-layout-flex wp-block-buttons-is-layout-flex\">\r\n<div class=\"wp-block-button is-style-square\"><a class=\"wp-block-button__link has-color-3-color has-text-color\" href=\"\/facebook\">LEARN MORE<\/a><\/div>\r\n<\/div>\r\n<\/div>\r\n\r\n\r\n\r\n<div class=\"wp-block-column col-xs-6 col-sm-6 col-md-3 is-layout-flow wp-block-column-is-layout-flow\">\r\n<figure class=\"wp-block-image size-large\"><img data-src=\"\/wp-content\/uploads\/2021\/06\/yp-1.png\" alt=\"\" class=\"wp-image-8317 lazy-load\"\/><\/figure>\r\n\r\n\r\n\r\n<p><strong>Yellow Pages<\/strong><br>13 Reviews<\/p>\r\n\r\n\r\n<div class=\"reviews-rating-stars\"><i class=\"fa fa-star\"><\/i><i class=\"fa fa-star\"><\/i><i class=\"fa fa-star\"><\/i><i class=\"fa fa-star\"><\/i><i class=\"fa fa-star\"><\/i><\/div>\n\r\n\r\n\r\n<div style=\"height:20px\" aria-hidden=\"true\" class=\"wp-block-spacer\"><\/div>\r\n\r\n\r\n\r\n<div class=\"wp-block-buttons is-layout-flex wp-block-buttons-is-layout-flex\">\r\n<div class=\"wp-block-button is-style-square\"><a class=\"wp-block-button__link has-color-3-color has-text-color\" href=\"\/yp\">LEARN MORE<\/a><\/div>\r\n<\/div>\r\n<\/div>\r\n\r\n\r\n\r\n<div class=\"wp-block-column col-xs-6 col-sm-6 col-md-3 is-layout-flow wp-block-column-is-layout-flow\">\r\n<figure class=\"wp-block-image size-large\"><img data-src=\"\/wp-content\/uploads\/2021\/06\/realself-1.png\" alt=\"\" class=\"wp-image-8319 lazy-load\"\/><\/figure>\r\n\r\n\r\n\r\n<p><strong>Realself<\/strong><br>10 Reviews<\/p>\r\n\r\n\r\n<div class=\"reviews-rating-stars\"><i class=\"fa fa-star\"><\/i><i class=\"fa fa-star\"><\/i><i class=\"fa fa-star\"><\/i><i class=\"fa fa-star\"><\/i><i class=\"fa fa-star\"><\/i><\/div>\n\r\n\r\n\r\n<div style=\"height:20px\" aria-hidden=\"true\" class=\"wp-block-spacer\"><\/div>\r\n\r\n\r\n\r\n<div class=\"wp-block-buttons is-layout-flex wp-block-buttons-is-layout-flex\">\r\n<div class=\"wp-block-button is-style-square\"><a class=\"wp-block-button__link has-color-3-color has-text-color\" href=\"\/realself\">LEARN MORE<\/a><\/div>\r\n<\/div>\r\n<\/div>\r\n<\/div>\r\n<\/div>\r\n\r\n\r\n\r\n<div class=\"wp-block-column is-vertically-aligned-center lazy-load featured-reviews-right col-md-6 is-layout-flow wp-block-column-is-layout-flow\" style=\"flex-basis:50%\" data-background-image=\"\/wp-content\/uploads\/2021\/06\/background-reviews.jpg\"><\/div>\r\n<\/div>\r\n<\/div><\/div>\r\n\r\n\r\n\r\n<div class=\"wp-block-group featured-staff\"><div class=\"wp-block-group__inner-container is-layout-flow wp-block-group-is-layout-flow\">\r\n<h2 class=\"has-text-align-center featured-center wp-block-heading\"><span>Conozca a los Profesionales en<\/span><br>Estrella Aesthetics &amp; Surgical Arts<\/h2>\r\n\r\n\r\n\r\n<div class=\"wp-block-columns are-vertically-aligned-center is-layout-flex wp-container-core-columns-is-layout-9d6595d7 wp-block-columns-is-layout-flex\">\r\n<div class=\"wp-block-column is-vertically-aligned-center is-layout-flow wp-block-column-is-layout-flow\" style=\"flex-basis:20%\">\r\n<figure class=\"wp-block-image size-large featured-staff-image is-style-rounded\"><img data-src=\"\/wp-content\/uploads\/2021\/06\/dr-rahil-khan.png\" alt=\"Dr. Rahil Khan, M.D.\" class=\"wp-image-8328 lazy-load\"\/><\/figure>\r\n<\/div>\r\n\r\n\r\n\r\n<div class=\"wp-block-column is-vertically-aligned-center is-layout-flow wp-block-column-is-layout-flow\" style=\"flex-basis:80%\">\r\n<h3 class=\"wp-block-heading\">Dr. Rahil Khan, M.D.<\/h3>\r\n\r\n\r\n\r\n<p>El Dr. Khan tiene una energ\u00eda incre\u00edble que inmediatamente le har\u00e1 sentir a gusto durante su consulta inicial. El Dr. Khan tiene m\u00e1s de 18 a\u00f1os de experiencia en Medicina Est\u00e9tica y de Deportes con especializaci\u00f3n en C\u00e9lulas Madre y Medicina Regenerativa. \u00c9l es el \u00fanico Proveedor Certificado de Terapia PShot\u00ae para la Disfunci\u00f3n Er\u00e9ctil en el Inland Empire.<\/p>\r\n\r\n\r\n\r\n<div class=\"wp-block-buttons is-layout-flex wp-block-buttons-is-layout-flex\">\r\n<div class=\"wp-block-button is-style-square\"><a class=\"wp-block-button__link has-color-3-color has-text-color\" href=\"\/es\/quienes-somos\/rahil-khan-md\/\">LEER M\u00c1S<\/a><\/div>\r\n<\/div>\r\n<\/div>\r\n<\/div>\r\n\r\n\r\n\r\n<div class=\"wp-block-columns are-vertically-aligned-center is-layout-flex wp-container-core-columns-is-layout-9d6595d7 wp-block-columns-is-layout-flex\">\r\n<div class=\"wp-block-column is-vertically-aligned-center is-layout-flow wp-block-column-is-layout-flow\" style=\"flex-basis:20%\">\r\n<figure class=\"wp-block-image size-large featured-staff-image is-style-rounded\"><img data-src=\"\/wp-content\/uploads\/2021\/06\/judi-castro.png\" alt=\"\" class=\"wp-image-8332 lazy-load\"\/><\/figure>\r\n<\/div>\r\n\r\n\r\n\r\n<div class=\"wp-block-column is-vertically-aligned-center is-layout-flow wp-block-column-is-layout-flow\" style=\"flex-basis:80%\">\r\n<h3 class=\"wp-block-heading\">Judi Castro, RN, MEP-C, CAC<\/h3>\r\n\r\n\r\n\r\n<p>Judi Castro RN, MEP-C, CAC tiene una amplia experiencia cl\u00ednica con procedimientos de rejuvenecimiento de la piel basados en l\u00e1ser, tratamientos avanzados del cuidado de la piel; Botox y los rellenos d\u00e9rmicos. En sus 17 a\u00f1os de practicar procedimientos est\u00e9ticos, la Sra. Castro ha realizado miles de tratamientos de rejuvenecimiento facial no quir\u00fargico para clientes satisfechos.<\/p>\r\n\r\n\r\n\r\n<div class=\"wp-block-buttons is-layout-flex wp-block-buttons-is-layout-flex\">\r\n<div class=\"wp-block-button is-style-square\"><a class=\"wp-block-button__link has-color-3-color has-text-color\" href=\"\/es\/quienes-somos\/judi-castro\/\">LEER M\u00c1S<\/a><\/div>\r\n<\/div>\r\n<\/div>\r\n<\/div>\r\n\r\n\r\n\r\n<div class=\"wp-block-columns are-vertically-aligned-center is-layout-flex wp-container-core-columns-is-layout-9d6595d7 wp-block-columns-is-layout-flex\">\r\n<div class=\"wp-block-column is-vertically-aligned-center is-layout-flow wp-block-column-is-layout-flow\" style=\"flex-basis:20%\">\r\n<figure class=\"wp-block-image size-large featured-staff-image is-style-rounded\"><img data-src=\"\/wp-content\/uploads\/2021\/06\/summer-castillo.png\" alt=\"Summer Castillo, NP\" class=\"wp-image-8333 lazy-load\"\/><\/figure>\r\n<\/div>\r\n\r\n\r\n\r\n<div class=\"wp-block-column is-vertically-aligned-center is-layout-flow wp-block-column-is-layout-flow\" style=\"flex-basis:80%\">\r\n<h3 class=\"wp-block-heading\">Summer Castillo, NP<\/h3>\r\n\r\n\r\n\r\n<p>Summer trae a\u00f1os de extenso entrenamiento y experiencia en el \u00e1rea de tratamientos est\u00e9ticos. Ella tiene muchos a\u00f1os de experiencia con neurotoxinas y rellenos d\u00e9rmicos que le permiten ayudar a educar y guiar a cada paciente, hacer recomendaciones y trabajar inteligentemente para alcanzar los objetivos cada paciente.<\/p>\r\n\r\n\r\n\r\n<div class=\"wp-block-buttons is-layout-flex wp-block-buttons-is-layout-flex\">\r\n<div class=\"wp-block-button is-style-square\"><a class=\"wp-block-button__link has-color-3-color has-text-color\" href=\"\/es\/quienes-somos\/nuestro-equipo\/\">LEER M\u00c1S<\/a><\/div>\r\n<\/div>\r\n<\/div>\r\n<\/div>\r\n<\/div><\/div>\r\n\r\n\r\n\r\n<p><\/p>\r\n","protected":false},"excerpt":{"rendered":"<p>Estrella Aesthetics &amp; Surgical Arts no solo es el centro de est\u00e9tica m\u00e9dica m\u00e1s avanzado, sino que tambi\u00e9n sirve como centro de capacitaci\u00f3n para colegas m\u00e9dicos y enfermeras que buscan avanzar en su conocimiento. Inyectables Procedimientospara la piel Procedimientoscon L\u00e1ser Procedimientosfaciales Procedimientoscorporales Productos para elCuidado de la Piel Inyectables Destacados Nuevos Tratamientos No Quirurgicos Procedimientos&#8230; <a class=\"more-link\" href=\"https:\/\/estrellaaesthetics.com\/es\/\">[Read More]<\/a><\/p>\n","protected":false},"author":4,"featured_media":0,"parent":0,"menu_order":0,"comment_status":"closed","ping_status":"open","template":"","meta":{"_acf_changed":false,"inline_featured_image":false,"_genesis_hide_title":false,"_genesis_hide_breadcrumbs":false,"_genesis_hide_singular_image":false,"_genesis_hide_footer_widgets":false,"_genesis_custom_body_class":"","_genesis_custom_post_class":"","_genesis_layout":"","footnotes":""},"class_list":{"0":"post-10","1":"page","2":"type-page","3":"status-publish","5":"entry"},"acf":[],"yoast_head":"\n<title>Estrella Aesthetics - Face, Body, Skin, Injectables Procedures \/ Treatments<\/title>\n<meta name=\"description\" content=\"Estrella Aesthetic y Surgical Arts es un completo Centro M\u00e9dico Est\u00e9tico con la tecnolog\u00eda m\u00e1s avanzada, un equipo capacitado y especializado\" \/>\n<meta name=\"robots\" content=\"index, follow, max-snippet:-1, max-image-preview:large, max-video-preview:-1\" \/>\n<link rel=\"canonical\" href=\"https:\/\/estrellaaesthetics.com\/es\/\" \/>\n<meta property=\"og:locale\" content=\"es_ES\" \/>\n<meta property=\"og:type\" content=\"article\" \/>\n<meta property=\"og:title\" content=\"Estrella Aesthetics - Face, Body, Skin, Injectables Procedures \/ Treatments\" \/>\n<meta property=\"og:description\" content=\"Estrella Aesthetic y Surgical Arts es un completo Centro M\u00e9dico Est\u00e9tico con la tecnolog\u00eda m\u00e1s avanzada, un equipo capacitado y especializado\" \/>\n<meta property=\"og:url\" content=\"https:\/\/estrellaaesthetics.com\/es\/\" \/>\n<meta property=\"og:site_name\" content=\"Estrella Aesthetics &amp; Surgical Arts - Spanish\" \/>\n<meta property=\"article:modified_time\" content=\"2022-10-21T21:59:35+00:00\" \/>\n<meta property=\"og:image\" content=\"https:\/\/estrellaaesthetics.com\/wp-content\/uploads\/2021\/06\/procedure-2.png\" \/>\n<meta name=\"twitter:card\" content=\"summary_large_image\" \/>\n<meta name=\"twitter:label1\" content=\"Tiempo de lectura\" \/>\n\t<meta name=\"twitter:data1\" content=\"6 minutos\" \/>\n<script type=\"application\/ld+json\" class=\"yoast-schema-graph\">{\"@context\":\"https:\\\/\\\/schema.org\",\"@graph\":[{\"@type\":\"WebPage\",\"@id\":\"https:\\\/\\\/estrellaaesthetics.com\\\/es\\\/\",\"url\":\"https:\\\/\\\/estrellaaesthetics.com\\\/es\\\/\",\"name\":\"Estrella Aesthetics - Face, Body, Skin, Injectables Procedures \\\/ Treatments\",\"isPartOf\":{\"@id\":\"https:\\\/\\\/estrellaaesthetics.com\\\/es\\\/#website\"},\"datePublished\":\"2021-06-17T23:46:00+00:00\",\"dateModified\":\"2022-10-21T21:59:35+00:00\",\"description\":\"Estrella Aesthetic y Surgical Arts es un completo Centro M\u00e9dico Est\u00e9tico con la tecnolog\u00eda m\u00e1s avanzada, un equipo capacitado y especializado\",\"inLanguage\":\"es\",\"potentialAction\":[{\"@type\":\"ReadAction\",\"target\":[\"https:\\\/\\\/estrellaaesthetics.com\\\/es\\\/\"]}]},{\"@type\":\"WebSite\",\"@id\":\"https:\\\/\\\/estrellaaesthetics.com\\\/es\\\/#website\",\"url\":\"https:\\\/\\\/estrellaaesthetics.com\\\/es\\\/\",\"name\":\"Estrella Aesthetics &amp; Surgical Arts - Spanish\",\"description\":\"Estrella Aesthetics &amp; Surgical Arts - Non-Surgical Laser Skin Care Clinic, Botox, Restylane &amp; Dermal Fillers, Corona, California\",\"potentialAction\":[{\"@type\":\"SearchAction\",\"target\":{\"@type\":\"EntryPoint\",\"urlTemplate\":\"https:\\\/\\\/estrellaaesthetics.com\\\/es\\\/?s={search_term_string}\"},\"query-input\":{\"@type\":\"PropertyValueSpecification\",\"valueRequired\":true,\"valueName\":\"search_term_string\"}}],\"inLanguage\":\"es\"}]}<\/script>\n","yoast_head_json":{"title":"Estrella Aesthetics - Face, Body, Skin, Injectables Procedures \/ Treatments","description":"Estrella Aesthetic y Surgical Arts es un completo Centro M\u00e9dico Est\u00e9tico con la tecnolog\u00eda m\u00e1s avanzada, un equipo capacitado y especializado","robots":{"index":"index","follow":"follow","max-snippet":"max-snippet:-1","max-image-preview":"max-image-preview:large","max-video-preview":"max-video-preview:-1"},"canonical":"https:\/\/estrellaaesthetics.com\/es\/","og_locale":"es_ES","og_type":"article","og_title":"Estrella Aesthetics - Face, Body, Skin, Injectables Procedures \/ Treatments","og_description":"Estrella Aesthetic y Surgical Arts es un completo Centro M\u00e9dico Est\u00e9tico con la tecnolog\u00eda m\u00e1s avanzada, un equipo capacitado y especializado","og_url":"https:\/\/estrellaaesthetics.com\/es\/","og_site_name":"Estrella Aesthetics &amp; Surgical Arts - Spanish","article_modified_time":"2022-10-21T21:59:35+00:00","og_image":[{"url":"https:\/\/estrellaaesthetics.com\/wp-content\/uploads\/2021\/06\/procedure-2.png","type":"","width":"","height":""}],"twitter_card":"summary_large_image","twitter_misc":{"Tiempo de lectura":"6 minutos"},"schema":{"@context":"https:\/\/schema.org","@graph":[{"@type":"WebPage","@id":"https:\/\/estrellaaesthetics.com\/es\/","url":"https:\/\/estrellaaesthetics.com\/es\/","name":"Estrella Aesthetics - Face, Body, Skin, Injectables Procedures \/ Treatments","isPartOf":{"@id":"https:\/\/estrellaaesthetics.com\/es\/#website"},"datePublished":"2021-06-17T23:46:00+00:00","dateModified":"2022-10-21T21:59:35+00:00","description":"Estrella Aesthetic y Surgical Arts es un completo Centro M\u00e9dico Est\u00e9tico con la tecnolog\u00eda m\u00e1s avanzada, un equipo capacitado y especializado","inLanguage":"es","potentialAction":[{"@type":"ReadAction","target":["https:\/\/estrellaaesthetics.com\/es\/"]}]},{"@type":"WebSite","@id":"https:\/\/estrellaaesthetics.com\/es\/#website","url":"https:\/\/estrellaaesthetics.com\/es\/","name":"Estrella Aesthetics &amp; Surgical Arts - Spanish","description":"Estrella Aesthetics &amp; Surgical Arts - Non-Surgical Laser Skin Care Clinic, Botox, Restylane &amp; Dermal Fillers, Corona, California","potentialAction":[{"@type":"SearchAction","target":{"@type":"EntryPoint","urlTemplate":"https:\/\/estrellaaesthetics.com\/es\/?s={search_term_string}"},"query-input":{"@type":"PropertyValueSpecification","valueRequired":true,"valueName":"search_term_string"}}],"inLanguage":"es"}]}},"_links":{"self":[{"href":"https:\/\/estrellaaesthetics.com\/es\/wp-json\/wp\/v2\/pages\/10","targetHints":{"allow":["GET"]}}],"collection":[{"href":"https:\/\/estrellaaesthetics.com\/es\/wp-json\/wp\/v2\/pages"}],"about":[{"href":"https:\/\/estrellaaesthetics.com\/es\/wp-json\/wp\/v2\/types\/page"}],"author":[{"embeddable":true,"href":"https:\/\/estrellaaesthetics.com\/es\/wp-json\/wp\/v2\/users\/4"}],"replies":[{"embeddable":true,"href":"https:\/\/estrellaaesthetics.com\/es\/wp-json\/wp\/v2\/comments?post=10"}],"version-history":[{"count":0,"href":"https:\/\/estrellaaesthetics.com\/es\/wp-json\/wp\/v2\/pages\/10\/revisions"}],"wp:attachment":[{"href":"https:\/\/estrellaaesthetics.com\/es\/wp-json\/wp\/v2\/media?parent=10"}],"curies":[{"name":"wp","href":"https:\/\/api.w.org\/{rel}","templated":true}]}}